{"id":29218,"date":"2024-02-13T20:03:45","date_gmt":"2024-02-13T19:03:45","guid":{"rendered":"https:\/\/truusk.store\/product\/2-i-1-cykelvagn-for-2-barn-glidfunktion-regnskydd-broms-gron\/"},"modified":"2026-03-12T09:08:19","modified_gmt":"2026-03-12T08:08:19","slug":"truusk-2-i-1-hundvagn-och-kattvagn-hopfallbar-med-regnskydd-natventiler-kudde-for-hundar-och-katter-upp-till-10-kg-khaki-8","status":"publish","type":"product","link":"https:\/\/truusk.store\/sv\/produkt\/truusk-2-i-1-hundvagn-och-kattvagn-hopfallbar-med-regnskydd-natventiler-kudde-for-hundar-och-katter-upp-till-10-kg-khaki-8\/","title":{"rendered":"TRUUSK 2-i-1 Hundvagn och Kattvagn &#8211; Hopf\u00e4llbar med Regnskydd &#8211; N\u00e4tventiler &#8211; Kudde &#8211; F\u00f6r Hundar och Katter upp till 10 kg &#8211; Khaki"},"content":{"rendered":"<p>Oavsett om det \u00e4r p\u00e5 cykel eller lugnt till fots &#8211; med denna fantastiska 2-i-1 barnvagn kan du alltid ta dina barn till sin destination s\u00e4kert och bekv\u00e4mt! De stora, luftfyllda d\u00e4cken s\u00e4kerst\u00e4ller en mjuk k\u00f6rning, \u00e4ven i oj\u00e4mn terr\u00e4ng. Stabil och orubblig, st\u00e5lramen erbjuder de sm\u00e5 passagerarna ett s\u00e4rskilt h\u00f6gt skydd, samtidigt som det robusta, upprullade skyddet h\u00e5ller vind och regn ute. De praktiska fickorna ger \u00e4ven plats f\u00f6r snacks, drycker och leksaker.<\/p>\n<h3>Beskrivning:<\/h3>\n<ul>\n<li>2-i-1-design: barnvagn och sl\u00e4pvagn i ett<\/li>\n<li>L\u00e4mplig f\u00f6r max tv\u00e5 barn fr\u00e5n 18 m\u00e5nader och upp\u00e5t (h\u00f6jden b\u00f6r inte \u00f6verstiga 110 cm)<\/li>\n<li>Justerbara fempunktsb\u00e4lten f\u00f6r att h\u00e5lla dina barn s\u00e4kra i s\u00e4tet<\/li>\n<li>Flera n\u00e4tf\u00f6nster och en stor entr\u00e9\u00f6ppning med dragkedja s\u00e4kerst\u00e4ller god ventilation<\/li>\n<li>Integrerad parkeringsbroms f\u00f6r s\u00e4ker parkering<\/li>\n<li>Flagga och reflexer f\u00f6r mer s\u00e4kerhet<\/li>\n<li>Fritt roterande framhjul och tv\u00e5 20-tumshjul med luftfyllda d\u00e4ck s\u00e4kerst\u00e4ller en mjuk k\u00f6rning<\/li>\n<li>F\u00f6rvaringsficka p\u00e5 baksidan f\u00f6r f\u00f6rvaring av tillbeh\u00f6r<\/li>\n<li>Montering kr\u00e4vs<\/li>\n<\/ul>\n<h3>Teknisk data:<\/h3>\n<ul>\n<li>F\u00e4rg: Gr\u00f6n+svart<\/li>\n<li>Material: st\u00e5l, Oxford-tyg (100 % polyester)<\/li>\n<li>Totala m\u00e5tt: 142L x 75W x 101H cm (sl\u00e4pvagn), 116L x 75W x 101H cm (vagn)<\/li>\n<li>Innerm\u00e5tt: 76L x 59W x 56H cm<\/li>\n<li>F\u00f6rvaringsutrymme: 34L x 12W cm (p\u00e5se), 58L x 16W x 50H cm (baksidan av vagnen)<\/li>\n<li>Storlek framhjul: 9,5&#8243;<\/li>\n<li>Storlek bakhjul: 20&#8243;<\/li>\n<li>Lastkapacitet: 26,4 kg<\/li>\n<li>Sl\u00e4pvagnen \u00e4r l\u00e4mplig f\u00f6r 24&#8243; till 28&#8243; cyklar<\/li>\n<li>L\u00e4mplig f\u00f6r h\u00f6gst tv\u00e5 barn fr\u00e5n 18 m\u00e5nader och upp\u00e5t och vardera som v\u00e4ger upp till 18 kg (kroppsh\u00f6jden b\u00f6r inte \u00f6verstiga 110 cm)<\/li>\n<\/ul>\n<h3>Leveransens omfattning:<\/h3>\n<ul>\n<li>1 x barncykelvagn<\/li>\n<li>1 x manuell<\/li>\n<\/ul>\n","protected":false},"excerpt":{"rendered":"<p>Oavsett om det \u00e4r p\u00e5 cykel eller lugnt till fots &#8211; med denna fantastiska 2-i-1 barnvagn kan du alltid ta&#8230;<\/p>\n","protected":false},"featured_media":29219,"template":"","meta":[],"product_brand":[],"product_cat":[609,639,641],"product_tag":[],"class_list":{"0":"post-29218","1":"product","2":"type-product","3":"status-publish","4":"has-post-thumbnail","6":"product_cat-baby-barn","7":"product_cat-babyvarld","8":"product_cat-barncykelvagn","10":"first","11":"instock","12":"sale","13":"taxable","14":"shipping-taxable","15":"purchasable","16":"product-type-simple"},"yoast_head":"<!-- This site is optimized with the Yoast SEO plugin v25.4 - https:\/\/yoast.com\/wordpress\/plugins\/seo\/ -->\n<title>TRUUSK 2-i-1 Hundvagn och Kattvagn - Hopf\u00e4llbar med Regnskydd - N\u00e4tventiler - Kudde - F\u00f6r Hundar och Katter upp till 10 kg - Khaki - TRUUSK - Hem, Tr\u00e4dg\u00e5rd &amp; Fritid<\/title>\n<meta name=\"robots\" content=\"index, follow, max-snippet:-1, max-image-preview:large, max-video-preview:-1\" \/>\n<link rel=\"canonical\" href=\"https:\/\/truusk.store\/sv\/produkt\/truusk-2-i-1-hundvagn-och-kattvagn-hopfallbar-med-regnskydd-natventiler-kudde-for-hundar-och-katter-upp-till-10-kg-khaki-8\/\" \/>\n<meta property=\"og:locale\" content=\"sv_SE\" \/>\n<meta property=\"og:type\" content=\"article\" \/>\n<meta property=\"og:title\" content=\"TRUUSK 2-i-1 Hundvagn och Kattvagn - Hopf\u00e4llbar med Regnskydd - N\u00e4tventiler - Kudde - F\u00f6r Hundar och Katter upp till 10 kg - Khaki - TRUUSK - Hem, Tr\u00e4dg\u00e5rd &amp; Fritid\" \/>\n<meta property=\"og:description\" content=\"Oavsett om det \u00e4r p\u00e5 cykel eller lugnt till fots &#8211; med denna fantastiska 2-i-1 barnvagn kan du alltid ta...\" \/>\n<meta property=\"og:url\" content=\"https:\/\/truusk.store\/sv\/produkt\/truusk-2-i-1-hundvagn-och-kattvagn-hopfallbar-med-regnskydd-natventiler-kudde-for-hundar-och-katter-upp-till-10-kg-khaki-8\/\" \/>\n<meta property=\"og:site_name\" content=\"TRUUSK - Hem, Tr\u00e4dg\u00e5rd &amp; Fritid\" \/>\n<meta property=\"article:modified_time\" content=\"2026-03-12T08:08:19+00:00\" \/>\n<meta property=\"og:image\" content=\"https:\/\/i0.wp.com\/truusk.se\/wp-content\/uploads\/2024\/02\/2-i-1-cykelvagn-for-2-barn-glidfunktion-regnskydd-broms-gron.webp?fit=800%2C800&ssl=1\" \/>\n\t<meta property=\"og:image:width\" content=\"800\" \/>\n\t<meta property=\"og:image:height\" content=\"800\" \/>\n\t<meta property=\"og:image:type\" content=\"image\/webp\" \/>\n<meta name=\"twitter:card\" content=\"summary_large_image\" \/>\n<meta name=\"twitter:label1\" content=\"Ber\u00e4knad l\u00e4stid\" \/>\n\t<meta name=\"twitter:data1\" content=\"1 minut\" \/>\n<!-- \/ Yoast SEO plugin. -->","yoast_head_json":{"title":"TRUUSK 2-i-1 Hundvagn och Kattvagn - Hopf\u00e4llbar med Regnskydd - N\u00e4tventiler - Kudde - F\u00f6r Hundar och Katter upp till 10 kg - Khaki - TRUUSK - Hem, Tr\u00e4dg\u00e5rd &amp; Fritid","robots":{"index":"index","follow":"follow","max-snippet":"max-snippet:-1","max-image-preview":"max-image-preview:large","max-video-preview":"max-video-preview:-1"},"canonical":"https:\/\/truusk.store\/sv\/produkt\/truusk-2-i-1-hundvagn-och-kattvagn-hopfallbar-med-regnskydd-natventiler-kudde-for-hundar-och-katter-upp-till-10-kg-khaki-8\/","og_locale":"sv_SE","og_type":"article","og_title":"TRUUSK 2-i-1 Hundvagn och Kattvagn - Hopf\u00e4llbar med Regnskydd - N\u00e4tventiler - Kudde - F\u00f6r Hundar och Katter upp till 10 kg - Khaki - TRUUSK - Hem, Tr\u00e4dg\u00e5rd &amp; Fritid","og_description":"Oavsett om det \u00e4r p\u00e5 cykel eller lugnt till fots &#8211; med denna fantastiska 2-i-1 barnvagn kan du alltid ta...","og_url":"https:\/\/truusk.store\/sv\/produkt\/truusk-2-i-1-hundvagn-och-kattvagn-hopfallbar-med-regnskydd-natventiler-kudde-for-hundar-och-katter-upp-till-10-kg-khaki-8\/","og_site_name":"TRUUSK - Hem, Tr\u00e4dg\u00e5rd &amp; Fritid","article_modified_time":"2026-03-12T08:08:19+00:00","og_image":[{"width":800,"height":800,"url":"https:\/\/i0.wp.com\/truusk.se\/wp-content\/uploads\/2024\/02\/2-i-1-cykelvagn-for-2-barn-glidfunktion-regnskydd-broms-gron.webp?fit=800%2C800&ssl=1","type":"image\/webp"}],"twitter_card":"summary_large_image","twitter_misc":{"Ber\u00e4knad l\u00e4stid":"1 minut"},"schema":{"@context":"https:\/\/schema.org","@graph":[{"@type":"WebPage","@id":"https:\/\/truusk.store\/sv\/produkt\/truusk-2-i-1-hundvagn-och-kattvagn-hopfallbar-med-regnskydd-natventiler-kudde-for-hundar-och-katter-upp-till-10-kg-khaki-8\/","url":"https:\/\/truusk.store\/sv\/produkt\/truusk-2-i-1-hundvagn-och-kattvagn-hopfallbar-med-regnskydd-natventiler-kudde-for-hundar-och-katter-upp-till-10-kg-khaki-8\/","name":"TRUUSK 2-i-1 Hundvagn och Kattvagn - Hopf\u00e4llbar med Regnskydd - N\u00e4tventiler - Kudde - F\u00f6r Hundar och Katter upp till 10 kg - Khaki - TRUUSK - Hem, Tr\u00e4dg\u00e5rd &amp; Fritid","isPartOf":{"@id":"https:\/\/truusk.store\/sv\/#website"},"primaryImageOfPage":{"@id":"https:\/\/truusk.store\/sv\/produkt\/truusk-2-i-1-hundvagn-och-kattvagn-hopfallbar-med-regnskydd-natventiler-kudde-for-hundar-och-katter-upp-till-10-kg-khaki-8\/#primaryimage"},"image":{"@id":"https:\/\/truusk.store\/sv\/produkt\/truusk-2-i-1-hundvagn-och-kattvagn-hopfallbar-med-regnskydd-natventiler-kudde-for-hundar-och-katter-upp-till-10-kg-khaki-8\/#primaryimage"},"thumbnailUrl":"https:\/\/i0.wp.com\/truusk.store\/wp-content\/uploads\/2024\/02\/2-i-1-cykelvagn-for-2-barn-glidfunktion-regnskydd-broms-gron.webp?fit=800%2C800&ssl=1","datePublished":"2024-02-13T19:03:45+00:00","dateModified":"2026-03-12T08:08:19+00:00","breadcrumb":{"@id":"https:\/\/truusk.store\/sv\/produkt\/truusk-2-i-1-hundvagn-och-kattvagn-hopfallbar-med-regnskydd-natventiler-kudde-for-hundar-och-katter-upp-till-10-kg-khaki-8\/#breadcrumb"},"inLanguage":"sv-SE","potentialAction":[{"@type":"ReadAction","target":["https:\/\/truusk.store\/sv\/produkt\/truusk-2-i-1-hundvagn-och-kattvagn-hopfallbar-med-regnskydd-natventiler-kudde-for-hundar-och-katter-upp-till-10-kg-khaki-8\/"]}]},{"@type":"ImageObject","inLanguage":"sv-SE","@id":"https:\/\/truusk.store\/sv\/produkt\/truusk-2-i-1-hundvagn-och-kattvagn-hopfallbar-med-regnskydd-natventiler-kudde-for-hundar-och-katter-upp-till-10-kg-khaki-8\/#primaryimage","url":"https:\/\/i0.wp.com\/truusk.store\/wp-content\/uploads\/2024\/02\/2-i-1-cykelvagn-for-2-barn-glidfunktion-regnskydd-broms-gron.webp?fit=800%2C800&ssl=1","contentUrl":"https:\/\/i0.wp.com\/truusk.store\/wp-content\/uploads\/2024\/02\/2-i-1-cykelvagn-for-2-barn-glidfunktion-regnskydd-broms-gron.webp?fit=800%2C800&ssl=1","width":800,"height":800,"caption":"2-i-1 Cykelvagn F\u00f6r 2 Barn, Glidfunktion, Regnskydd, Broms, Gr\u00f6n 1"},{"@type":"BreadcrumbList","@id":"https:\/\/truusk.store\/sv\/produkt\/truusk-2-i-1-hundvagn-och-kattvagn-hopfallbar-med-regnskydd-natventiler-kudde-for-hundar-och-katter-upp-till-10-kg-khaki-8\/#breadcrumb","itemListElement":[{"@type":"ListItem","position":1,"name":"Home","item":"https:\/\/truusk.store\/sv\/"},{"@type":"ListItem","position":2,"name":"Shop","item":"https:\/\/truusk.store\/shop\/"},{"@type":"ListItem","position":3,"name":"TRUUSK 2-i-1 Hundvagn och Kattvagn &#8211; Hopf\u00e4llbar med Regnskydd &#8211; N\u00e4tventiler &#8211; Kudde &#8211; F\u00f6r Hundar och Katter upp till 10 kg &#8211; Khaki"}]},{"@type":"WebSite","@id":"https:\/\/truusk.store\/sv\/#website","url":"https:\/\/truusk.store\/sv\/","name":"TRUUSK - Hem, Tr\u00e4dg\u00e5rd & Fritid","description":"","publisher":{"@id":"https:\/\/truusk.store\/sv\/#organization"},"potentialAction":[{"@type":"SearchAction","target":{"@type":"EntryPoint","urlTemplate":"https:\/\/truusk.store\/sv\/?s={search_term_string}"},"query-input":{"@type":"PropertyValueSpecification","valueRequired":true,"valueName":"search_term_string"}}],"inLanguage":"sv-SE"},{"@type":"Organization","@id":"https:\/\/truusk.store\/sv\/#organization","name":"TRUUSK - Hem, Tr\u00e4dg\u00e5rd & Fritid","url":"https:\/\/truusk.store\/sv\/","logo":{"@type":"ImageObject","inLanguage":"sv-SE","@id":"https:\/\/truusk.store\/sv\/#\/schema\/logo\/image\/","url":"https:\/\/i0.wp.com\/truusk.store\/wp-content\/uploads\/2026\/03\/cropped-TRUUSK.png?fit=2032%2C917&ssl=1","contentUrl":"https:\/\/i0.wp.com\/truusk.store\/wp-content\/uploads\/2026\/03\/cropped-TRUUSK.png?fit=2032%2C917&ssl=1","width":2032,"height":917,"caption":"TRUUSK - Hem, Tr\u00e4dg\u00e5rd & Fritid"},"image":{"@id":"https:\/\/truusk.store\/sv\/#\/schema\/logo\/image\/"}}]}},"jetpack_sharing_enabled":true,"_links":{"self":[{"href":"https:\/\/truusk.store\/sv\/wp-json\/wp\/v2\/product\/29218","targetHints":{"allow":["GET"]}}],"collection":[{"href":"https:\/\/truusk.store\/sv\/wp-json\/wp\/v2\/product"}],"about":[{"href":"https:\/\/truusk.store\/sv\/wp-json\/wp\/v2\/types\/product"}],"wp:featuredmedia":[{"embeddable":true,"href":"https:\/\/truusk.store\/sv\/wp-json\/wp\/v2\/media\/29219"}],"wp:attachment":[{"href":"https:\/\/truusk.store\/sv\/wp-json\/wp\/v2\/media?parent=29218"}],"wp:term":[{"taxonomy":"product_brand","embeddable":true,"href":"https:\/\/truusk.store\/sv\/wp-json\/wp\/v2\/product_brand?post=29218"},{"taxonomy":"product_cat","embeddable":true,"href":"https:\/\/truusk.store\/sv\/wp-json\/wp\/v2\/product_cat?post=29218"},{"taxonomy":"product_tag","embeddable":true,"href":"https:\/\/truusk.store\/sv\/wp-json\/wp\/v2\/product_tag?post=29218"}],"curies":[{"name":"wp","href":"https:\/\/api.w.org\/{rel}","templated":true}]}}