{"id":29362,"date":"2024-02-13T20:09:06","date_gmt":"2024-02-13T19:09:06","guid":{"rendered":"https:\/\/truusk.store\/product\/cykeltranare-hoj-och-sankbar-motionscykel-fitnesscykel-rulltranare-med-remdrift-lcd-display-stal-abs-gul-svart-455-x-100-x-101-113-cm\/"},"modified":"2026-03-12T09:08:24","modified_gmt":"2026-03-12T08:08:24","slug":"truusk-cykeltranare-hoj-och-sankbar-motionscykel-fitnesscykel-rulltranare-lcd-display-stal-abs-gul-svart","status":"publish","type":"product","link":"https:\/\/truusk.store\/sv\/produkt\/truusk-cykeltranare-hoj-och-sankbar-motionscykel-fitnesscykel-rulltranare-lcd-display-stal-abs-gul-svart\/","title":{"rendered":"TRUUSK Cykeltr\u00e4nare &#8211; H\u00f6j- Och S\u00e4nkbar &#8211; Motionscykel &#8211; Fitnesscykel &#8211; Rulltr\u00e4nare &#8211; LCD Display &#8211; St\u00e5l &#8211; ABS &#8211; Gul + Svart &#8211;"},"content":{"rendered":"<p>Denna motionscykel h\u00e5ller dig i form och frisk! Med denna tr\u00e4ningsenhet kan du tr\u00e4na n\u00e4r du vill. En b\u00e4ltesmekanism ser till att cyklarna g\u00e5r smidigt och tyst s\u00e5 att ingen granne st\u00f6rs av sin tr\u00e4ning. Sittpositionen kan anpassas individuellt efter din kroppsstorlek och den vadderade sitsen s\u00e4kerst\u00e4ller en bekv\u00e4m tr\u00e4ning. Denna motionscykel \u00e4r den idealiska sportutrustningen f\u00f6r att bygga muskler och st\u00e4rka din uth\u00e5llighet.<\/p>\n<h3>Beskrivning:<\/h3>\n<ul>\n<li>Motionscykel med uppr\u00e4tt design<\/li>\n<li>Remmekanismen s\u00e4kerst\u00e4ller en tyst tr\u00e4ning<\/li>\n<li>Ett 6 kg sv\u00e4nghjul s\u00e4kerst\u00e4ller mycket stabilitet<\/li>\n<li>En stegl\u00f6s motst\u00e5ndskontroll f\u00f6r olika tr\u00e4ningsintensiteter<\/li>\n<li>En LCD-display visar tid, hastighet, distans och kalorif\u00f6rbrukning.Sitsen kan justeras b\u00e5de vertikalt och horisontellt<\/li>\n<li>H\u00f6jden p\u00e5 styret \u00e4r justerbar<\/li>\n<li>Golvavj\u00e4mnare ing\u00e5r f\u00f6r att anpassa sig till oj\u00e4mna golvytor<\/li>\n<li>L\u00e4mplig f\u00f6r personer med en h\u00f6jd p\u00e5 120 till 185 cm<\/li>\n<li>Obs: 2 AAA-batterier kr\u00e4vs men ing\u00e5r inte, f\u00f6rbered dem sj\u00e4lv.<\/li>\n<\/ul>\n<h3>Teknisk data:<\/h3>\n<ul>\n<li>F\u00e4rg: Gul+svart<\/li>\n<li>Material: st\u00e5l, ABS<\/li>\n<li>\u00d6vergripande m\u00e5tt: 45,5W x 100D x 101-113H cm<\/li>\n<li>Sitth\u00f6jd: 76-88 cm<\/li>\n<li>Sitsstorlek: 20W x 23D cm<\/li>\n<li>Max lastkapacitet: 150 kg<\/li>\n<\/ul>\n<h3>Leveransens omfattning:<\/h3>\n<ul>\n<li>1 x Cykeltr\u00e4nare<\/li>\n<li>1 x Instruktioner<\/li>\n<\/ul>\n","protected":false},"excerpt":{"rendered":"<p>Denna motionscykel h\u00e5ller dig i form och frisk! Med denna tr\u00e4ningsenhet kan du tr\u00e4na n\u00e4r du vill. En b\u00e4ltesmekanism ser&#8230;<\/p>\n","protected":false},"featured_media":29363,"template":"","meta":[],"product_brand":[],"product_cat":[664,661,647],"product_tag":[],"class_list":{"0":"post-29362","1":"product","2":"type-product","3":"status-publish","4":"has-post-thumbnail","6":"product_cat-ergometrar-motionscyklar","7":"product_cat-kondition-styrketraning","8":"product_cat-sport-fritid","10":"first","11":"instock","12":"sale","13":"taxable","14":"shipping-taxable","15":"purchasable","16":"product-type-simple"},"yoast_head":"<!-- This site is optimized with the Yoast SEO plugin v25.4 - https:\/\/yoast.com\/wordpress\/plugins\/seo\/ -->\n<title>TRUUSK Cykeltr\u00e4nare - H\u00f6j- Och S\u00e4nkbar - Motionscykel - Fitnesscykel - Rulltr\u00e4nare - LCD Display - St\u00e5l - ABS - Gul + Svart - TRUUSK - Hem, Tr\u00e4dg\u00e5rd &amp; Fritid<\/title>\n<meta name=\"robots\" content=\"index, follow, max-snippet:-1, max-image-preview:large, max-video-preview:-1\" \/>\n<link rel=\"canonical\" href=\"https:\/\/truusk.store\/sv\/produkt\/truusk-cykeltranare-hoj-och-sankbar-motionscykel-fitnesscykel-rulltranare-lcd-display-stal-abs-gul-svart\/\" \/>\n<meta property=\"og:locale\" content=\"sv_SE\" \/>\n<meta property=\"og:type\" content=\"article\" \/>\n<meta property=\"og:title\" content=\"TRUUSK Cykeltr\u00e4nare - H\u00f6j- Och S\u00e4nkbar - Motionscykel - Fitnesscykel - Rulltr\u00e4nare - LCD Display - St\u00e5l - ABS - Gul + Svart - TRUUSK - Hem, Tr\u00e4dg\u00e5rd &amp; Fritid\" \/>\n<meta property=\"og:description\" content=\"Denna motionscykel h\u00e5ller dig i form och frisk! Med denna tr\u00e4ningsenhet kan du tr\u00e4na n\u00e4r du vill. En b\u00e4ltesmekanism ser...\" \/>\n<meta property=\"og:url\" content=\"https:\/\/truusk.store\/sv\/produkt\/truusk-cykeltranare-hoj-och-sankbar-motionscykel-fitnesscykel-rulltranare-lcd-display-stal-abs-gul-svart\/\" \/>\n<meta property=\"og:site_name\" content=\"TRUUSK - Hem, Tr\u00e4dg\u00e5rd &amp; Fritid\" \/>\n<meta property=\"article:modified_time\" content=\"2026-03-12T08:08:24+00:00\" \/>\n<meta property=\"og:image\" content=\"https:\/\/i0.wp.com\/truusk.se\/wp-content\/uploads\/2024\/02\/cykeltranare-hoj-och-sankbar-motionscykel-fitnesscykel-rulltranare-med-remdrift-lcd-display-stal-abs-gul-svart-455-x-100-x-101-113-cm.webp?fit=800%2C800&ssl=1\" \/>\n\t<meta property=\"og:image:width\" content=\"800\" \/>\n\t<meta property=\"og:image:height\" content=\"800\" \/>\n\t<meta property=\"og:image:type\" content=\"image\/webp\" \/>\n<meta name=\"twitter:card\" content=\"summary_large_image\" \/>\n<meta name=\"twitter:label1\" content=\"Ber\u00e4knad l\u00e4stid\" \/>\n\t<meta name=\"twitter:data1\" content=\"1 minut\" \/>\n<!-- \/ Yoast SEO plugin. -->","yoast_head_json":{"title":"TRUUSK Cykeltr\u00e4nare - H\u00f6j- Och S\u00e4nkbar - Motionscykel - Fitnesscykel - Rulltr\u00e4nare - LCD Display - St\u00e5l - ABS - Gul + Svart - TRUUSK - Hem, Tr\u00e4dg\u00e5rd &amp; Fritid","robots":{"index":"index","follow":"follow","max-snippet":"max-snippet:-1","max-image-preview":"max-image-preview:large","max-video-preview":"max-video-preview:-1"},"canonical":"https:\/\/truusk.store\/sv\/produkt\/truusk-cykeltranare-hoj-och-sankbar-motionscykel-fitnesscykel-rulltranare-lcd-display-stal-abs-gul-svart\/","og_locale":"sv_SE","og_type":"article","og_title":"TRUUSK Cykeltr\u00e4nare - H\u00f6j- Och S\u00e4nkbar - Motionscykel - Fitnesscykel - Rulltr\u00e4nare - LCD Display - St\u00e5l - ABS - Gul + Svart - TRUUSK - Hem, Tr\u00e4dg\u00e5rd &amp; Fritid","og_description":"Denna motionscykel h\u00e5ller dig i form och frisk! Med denna tr\u00e4ningsenhet kan du tr\u00e4na n\u00e4r du vill. En b\u00e4ltesmekanism ser...","og_url":"https:\/\/truusk.store\/sv\/produkt\/truusk-cykeltranare-hoj-och-sankbar-motionscykel-fitnesscykel-rulltranare-lcd-display-stal-abs-gul-svart\/","og_site_name":"TRUUSK - Hem, Tr\u00e4dg\u00e5rd &amp; Fritid","article_modified_time":"2026-03-12T08:08:24+00:00","og_image":[{"width":800,"height":800,"url":"https:\/\/i0.wp.com\/truusk.se\/wp-content\/uploads\/2024\/02\/cykeltranare-hoj-och-sankbar-motionscykel-fitnesscykel-rulltranare-med-remdrift-lcd-display-stal-abs-gul-svart-455-x-100-x-101-113-cm.webp?fit=800%2C800&ssl=1","type":"image\/webp"}],"twitter_card":"summary_large_image","twitter_misc":{"Ber\u00e4knad l\u00e4stid":"1 minut"},"schema":{"@context":"https:\/\/schema.org","@graph":[{"@type":"WebPage","@id":"https:\/\/truusk.store\/sv\/produkt\/truusk-cykeltranare-hoj-och-sankbar-motionscykel-fitnesscykel-rulltranare-lcd-display-stal-abs-gul-svart\/","url":"https:\/\/truusk.store\/sv\/produkt\/truusk-cykeltranare-hoj-och-sankbar-motionscykel-fitnesscykel-rulltranare-lcd-display-stal-abs-gul-svart\/","name":"TRUUSK Cykeltr\u00e4nare - H\u00f6j- Och S\u00e4nkbar - Motionscykel - Fitnesscykel - Rulltr\u00e4nare - LCD Display - St\u00e5l - ABS - Gul + Svart - TRUUSK - Hem, Tr\u00e4dg\u00e5rd &amp; Fritid","isPartOf":{"@id":"https:\/\/truusk.store\/sv\/#website"},"primaryImageOfPage":{"@id":"https:\/\/truusk.store\/sv\/produkt\/truusk-cykeltranare-hoj-och-sankbar-motionscykel-fitnesscykel-rulltranare-lcd-display-stal-abs-gul-svart\/#primaryimage"},"image":{"@id":"https:\/\/truusk.store\/sv\/produkt\/truusk-cykeltranare-hoj-och-sankbar-motionscykel-fitnesscykel-rulltranare-lcd-display-stal-abs-gul-svart\/#primaryimage"},"thumbnailUrl":"https:\/\/i0.wp.com\/truusk.store\/wp-content\/uploads\/2024\/02\/cykeltranare-hoj-och-sankbar-motionscykel-fitnesscykel-rulltranare-med-remdrift-lcd-display-stal-abs-gul-svart-455-x-100-x-101-113-cm.webp?fit=800%2C800&ssl=1","datePublished":"2024-02-13T19:09:06+00:00","dateModified":"2026-03-12T08:08:24+00:00","breadcrumb":{"@id":"https:\/\/truusk.store\/sv\/produkt\/truusk-cykeltranare-hoj-och-sankbar-motionscykel-fitnesscykel-rulltranare-lcd-display-stal-abs-gul-svart\/#breadcrumb"},"inLanguage":"sv-SE","potentialAction":[{"@type":"ReadAction","target":["https:\/\/truusk.store\/sv\/produkt\/truusk-cykeltranare-hoj-och-sankbar-motionscykel-fitnesscykel-rulltranare-lcd-display-stal-abs-gul-svart\/"]}]},{"@type":"ImageObject","inLanguage":"sv-SE","@id":"https:\/\/truusk.store\/sv\/produkt\/truusk-cykeltranare-hoj-och-sankbar-motionscykel-fitnesscykel-rulltranare-lcd-display-stal-abs-gul-svart\/#primaryimage","url":"https:\/\/i0.wp.com\/truusk.store\/wp-content\/uploads\/2024\/02\/cykeltranare-hoj-och-sankbar-motionscykel-fitnesscykel-rulltranare-med-remdrift-lcd-display-stal-abs-gul-svart-455-x-100-x-101-113-cm.webp?fit=800%2C800&ssl=1","contentUrl":"https:\/\/i0.wp.com\/truusk.store\/wp-content\/uploads\/2024\/02\/cykeltranare-hoj-och-sankbar-motionscykel-fitnesscykel-rulltranare-med-remdrift-lcd-display-stal-abs-gul-svart-455-x-100-x-101-113-cm.webp?fit=800%2C800&ssl=1","width":800,"height":800,"caption":"Cykeltr\u00e4nare, H\u00f6j- Och S\u00e4nkbar Motionscykel, Fitnesscykel, Rulltr\u00e4nare Med Remdrift, LCD Display, St\u00e5l, ABS, Gul + Svart, 45,5 X 100 X 101-113 Cm 1"},{"@type":"BreadcrumbList","@id":"https:\/\/truusk.store\/sv\/produkt\/truusk-cykeltranare-hoj-och-sankbar-motionscykel-fitnesscykel-rulltranare-lcd-display-stal-abs-gul-svart\/#breadcrumb","itemListElement":[{"@type":"ListItem","position":1,"name":"Home","item":"https:\/\/truusk.store\/sv\/"},{"@type":"ListItem","position":2,"name":"Shop","item":"https:\/\/truusk.store\/shop\/"},{"@type":"ListItem","position":3,"name":"TRUUSK Cykeltr\u00e4nare &#8211; H\u00f6j- Och S\u00e4nkbar &#8211; Motionscykel &#8211; Fitnesscykel &#8211; Rulltr\u00e4nare &#8211; LCD Display &#8211; St\u00e5l &#8211; ABS &#8211; Gul + Svart &#8211;"}]},{"@type":"WebSite","@id":"https:\/\/truusk.store\/sv\/#website","url":"https:\/\/truusk.store\/sv\/","name":"TRUUSK - Hem, Tr\u00e4dg\u00e5rd & Fritid","description":"","publisher":{"@id":"https:\/\/truusk.store\/sv\/#organization"},"potentialAction":[{"@type":"SearchAction","target":{"@type":"EntryPoint","urlTemplate":"https:\/\/truusk.store\/sv\/?s={search_term_string}"},"query-input":{"@type":"PropertyValueSpecification","valueRequired":true,"valueName":"search_term_string"}}],"inLanguage":"sv-SE"},{"@type":"Organization","@id":"https:\/\/truusk.store\/sv\/#organization","name":"TRUUSK - Hem, Tr\u00e4dg\u00e5rd & Fritid","url":"https:\/\/truusk.store\/sv\/","logo":{"@type":"ImageObject","inLanguage":"sv-SE","@id":"https:\/\/truusk.store\/sv\/#\/schema\/logo\/image\/","url":"https:\/\/i0.wp.com\/truusk.store\/wp-content\/uploads\/2026\/03\/cropped-TRUUSK.png?fit=2032%2C917&ssl=1","contentUrl":"https:\/\/i0.wp.com\/truusk.store\/wp-content\/uploads\/2026\/03\/cropped-TRUUSK.png?fit=2032%2C917&ssl=1","width":2032,"height":917,"caption":"TRUUSK - Hem, Tr\u00e4dg\u00e5rd & Fritid"},"image":{"@id":"https:\/\/truusk.store\/sv\/#\/schema\/logo\/image\/"}}]}},"jetpack_sharing_enabled":true,"_links":{"self":[{"href":"https:\/\/truusk.store\/sv\/wp-json\/wp\/v2\/product\/29362","targetHints":{"allow":["GET"]}}],"collection":[{"href":"https:\/\/truusk.store\/sv\/wp-json\/wp\/v2\/product"}],"about":[{"href":"https:\/\/truusk.store\/sv\/wp-json\/wp\/v2\/types\/product"}],"wp:featuredmedia":[{"embeddable":true,"href":"https:\/\/truusk.store\/sv\/wp-json\/wp\/v2\/media\/29363"}],"wp:attachment":[{"href":"https:\/\/truusk.store\/sv\/wp-json\/wp\/v2\/media?parent=29362"}],"wp:term":[{"taxonomy":"product_brand","embeddable":true,"href":"https:\/\/truusk.store\/sv\/wp-json\/wp\/v2\/product_brand?post=29362"},{"taxonomy":"product_cat","embeddable":true,"href":"https:\/\/truusk.store\/sv\/wp-json\/wp\/v2\/product_cat?post=29362"},{"taxonomy":"product_tag","embeddable":true,"href":"https:\/\/truusk.store\/sv\/wp-json\/wp\/v2\/product_tag?post=29362"}],"curies":[{"name":"wp","href":"https:\/\/api.w.org\/{rel}","templated":true}]}}