{"id":29406,"date":"2024-02-13T20:10:25","date_gmt":"2024-02-13T19:10:25","guid":{"rendered":"https:\/\/truusk.store\/product\/skjutdorrsystem-lopskena-enkel-skjutdorr-skjutdorrsbeslag-for-skjutdorrstillbehor-i-tra-kolstal-svart-183-x-06-x-18-cm\/"},"modified":"2026-03-12T09:08:25","modified_gmt":"2026-03-12T08:08:25","slug":"truusk-skjutdorrsystem-enkel-lopskena-skjutdorrsbeslag-for-skjutdorrstillbehor-183-cm-svart","status":"publish","type":"product","link":"https:\/\/truusk.store\/sv\/produkt\/truusk-skjutdorrsystem-enkel-lopskena-skjutdorrsbeslag-for-skjutdorrstillbehor-183-cm-svart\/","title":{"rendered":"TRUUSK Skjutd\u00f6rrsystem &#8211; Enkel L\u00f6pskena &#8211; Skjutd\u00f6rrsbeslag &#8211; F\u00f6r Skjutd\u00f6rrstillbeh\u00f6r &#8211; 183 cm &#8211; Svart"},"content":{"rendered":"<p>Detta kit \u00e4r den idealiska l\u00f6sningen f\u00f6r att f\u00f6rvandla din slagd\u00f6rr till en praktisk, tidl\u00f6s skjutd\u00f6rr. Det \u00e4r ett utm\u00e4rkt s\u00e4tt att ge ditt hem en sofistikerad vintage-look och f\u00e5 mer utrymme d\u00e4r den gamla d\u00f6rrens sv\u00e4ngyta brukade vara. \u00c4ven mycket l\u00e4mplig f\u00f6r TV-b\u00e4nkar, hyllor, sk\u00e5p, byr\u00e5er med mera. En bra l\u00f6sning som passar alla rumsinredningar.<\/p>\n<h3>Beskrivning:<\/h3>\n<ul>\n<li>L\u00e4mplig f\u00f6r sk\u00e5p, TV-b\u00e4nkar, grovk\u00f6k och mycket mer. m.<\/li>\n<li>Satsen passar en rumsd\u00f6rr i tr\u00e4<\/li>\n<li>L\u00e4mplig f\u00f6r d\u00f6rrpaneler med 35-45 mm och 40-45 mm tjocklek<\/li>\n<li>Maximal bredd p\u00e5 till\u00e4mplig tr\u00e4d\u00f6rr \u00e4r 100 cm<\/li>\n<li>2 st h\u00e4ngskenor och alla n\u00f6dv\u00e4ndiga monteringsdelar samt monteringsanvisning ing\u00e5r i leveransen<\/li>\n<li>Tillverkad av h\u00f6gkvalitativt kolst\u00e5l som utan anstr\u00e4ngning b\u00e4r upp till 20 kg<\/li>\n<li>Endast kit, d\u00f6rr ing\u00e5r ej<\/li>\n<\/ul>\n<h3>Teknisk data:<\/h3>\n<ul>\n<li>Svart f\u00e4rg<\/li>\n<li>Material: kolst\u00e5l<\/li>\n<li>\u00d6vergripande m\u00e5tt: 183W x 0,6D x 18H cm<\/li>\n<li>L\u00e4ngd per skena: 100 cm<\/li>\n<li>Totala m\u00e5tt per rulle: 7W x 4D x 18H cm<\/li>\n<li>L\u00e4mplig d\u00f6rrtjocklek: 35-45mm, 40-45mm<\/li>\n<li>Totalm\u00e5tt: 35-45 mm, 35-40 mm<\/li>\n<li>Max d\u00f6rrbredd: 100 cm<\/li>\n<li>Lastkapacitet: 20 kg (enkel skena)<\/li>\n<\/ul>\n<h3>Leveransens omfattning:<\/h3>\n<ul>\n<li>2 x skjutst\u00e5ng<\/li>\n<li>2 x rullar<\/li>\n<li>Skruvsats<\/li>\n<li>1 x Instruktioner<\/li>\n<\/ul>\n","protected":false},"excerpt":{"rendered":"<p>Detta kit \u00e4r den idealiska l\u00f6sningen f\u00f6r att f\u00f6rvandla din slagd\u00f6rr till en praktisk, tidl\u00f6s skjutd\u00f6rr. Det \u00e4r ett utm\u00e4rkt&#8230;<\/p>\n","protected":false},"featured_media":29407,"template":"","meta":[],"product_brand":[],"product_cat":[671,672,677],"product_tag":[],"class_list":{"0":"post-29406","1":"product","2":"type-product","3":"status-publish","4":"has-post-thumbnail","6":"product_cat-jarnaffar","7":"product_cat-runt-huset","8":"product_cat-skjutdorrsbeslag","10":"first","11":"instock","12":"sale","13":"taxable","14":"shipping-taxable","15":"purchasable","16":"product-type-simple"},"yoast_head":"<!-- This site is optimized with the Yoast SEO plugin v25.4 - https:\/\/yoast.com\/wordpress\/plugins\/seo\/ -->\n<title>TRUUSK Skjutd\u00f6rrsystem - Enkel L\u00f6pskena - Skjutd\u00f6rrsbeslag - F\u00f6r Skjutd\u00f6rrstillbeh\u00f6r - 183 cm - Svart - TRUUSK - Hem, Tr\u00e4dg\u00e5rd &amp; Fritid<\/title>\n<meta name=\"robots\" content=\"index, follow, max-snippet:-1, max-image-preview:large, max-video-preview:-1\" \/>\n<link rel=\"canonical\" href=\"https:\/\/truusk.store\/sv\/produkt\/truusk-skjutdorrsystem-enkel-lopskena-skjutdorrsbeslag-for-skjutdorrstillbehor-183-cm-svart\/\" \/>\n<meta property=\"og:locale\" content=\"sv_SE\" \/>\n<meta property=\"og:type\" content=\"article\" \/>\n<meta property=\"og:title\" content=\"TRUUSK Skjutd\u00f6rrsystem - Enkel L\u00f6pskena - Skjutd\u00f6rrsbeslag - F\u00f6r Skjutd\u00f6rrstillbeh\u00f6r - 183 cm - Svart - TRUUSK - Hem, Tr\u00e4dg\u00e5rd &amp; Fritid\" \/>\n<meta property=\"og:description\" content=\"Detta kit \u00e4r den idealiska l\u00f6sningen f\u00f6r att f\u00f6rvandla din slagd\u00f6rr till en praktisk, tidl\u00f6s skjutd\u00f6rr. Det \u00e4r ett utm\u00e4rkt...\" \/>\n<meta property=\"og:url\" content=\"https:\/\/truusk.store\/sv\/produkt\/truusk-skjutdorrsystem-enkel-lopskena-skjutdorrsbeslag-for-skjutdorrstillbehor-183-cm-svart\/\" \/>\n<meta property=\"og:site_name\" content=\"TRUUSK - Hem, Tr\u00e4dg\u00e5rd &amp; Fritid\" \/>\n<meta property=\"article:modified_time\" content=\"2026-03-12T08:08:25+00:00\" \/>\n<meta property=\"og:image\" content=\"https:\/\/i0.wp.com\/truusk.se\/wp-content\/uploads\/2024\/02\/skjutdorrsystem-lopskena-enkel-skjutdorr-skjutdorrsbeslag-for-skjutdorrstillbehor-i-tra-kolstal-svart-183-x-06-x-18-cm.webp?fit=800%2C800&ssl=1\" \/>\n\t<meta property=\"og:image:width\" content=\"800\" \/>\n\t<meta property=\"og:image:height\" content=\"800\" \/>\n\t<meta property=\"og:image:type\" content=\"image\/webp\" \/>\n<meta name=\"twitter:card\" content=\"summary_large_image\" \/>\n<meta name=\"twitter:label1\" content=\"Ber\u00e4knad l\u00e4stid\" \/>\n\t<meta name=\"twitter:data1\" content=\"1 minut\" \/>\n<!-- \/ Yoast SEO plugin. -->","yoast_head_json":{"title":"TRUUSK Skjutd\u00f6rrsystem - Enkel L\u00f6pskena - Skjutd\u00f6rrsbeslag - F\u00f6r Skjutd\u00f6rrstillbeh\u00f6r - 183 cm - Svart - TRUUSK - Hem, Tr\u00e4dg\u00e5rd &amp; Fritid","robots":{"index":"index","follow":"follow","max-snippet":"max-snippet:-1","max-image-preview":"max-image-preview:large","max-video-preview":"max-video-preview:-1"},"canonical":"https:\/\/truusk.store\/sv\/produkt\/truusk-skjutdorrsystem-enkel-lopskena-skjutdorrsbeslag-for-skjutdorrstillbehor-183-cm-svart\/","og_locale":"sv_SE","og_type":"article","og_title":"TRUUSK Skjutd\u00f6rrsystem - Enkel L\u00f6pskena - Skjutd\u00f6rrsbeslag - F\u00f6r Skjutd\u00f6rrstillbeh\u00f6r - 183 cm - Svart - TRUUSK - Hem, Tr\u00e4dg\u00e5rd &amp; Fritid","og_description":"Detta kit \u00e4r den idealiska l\u00f6sningen f\u00f6r att f\u00f6rvandla din slagd\u00f6rr till en praktisk, tidl\u00f6s skjutd\u00f6rr. Det \u00e4r ett utm\u00e4rkt...","og_url":"https:\/\/truusk.store\/sv\/produkt\/truusk-skjutdorrsystem-enkel-lopskena-skjutdorrsbeslag-for-skjutdorrstillbehor-183-cm-svart\/","og_site_name":"TRUUSK - Hem, Tr\u00e4dg\u00e5rd &amp; Fritid","article_modified_time":"2026-03-12T08:08:25+00:00","og_image":[{"width":800,"height":800,"url":"https:\/\/i0.wp.com\/truusk.se\/wp-content\/uploads\/2024\/02\/skjutdorrsystem-lopskena-enkel-skjutdorr-skjutdorrsbeslag-for-skjutdorrstillbehor-i-tra-kolstal-svart-183-x-06-x-18-cm.webp?fit=800%2C800&ssl=1","type":"image\/webp"}],"twitter_card":"summary_large_image","twitter_misc":{"Ber\u00e4knad l\u00e4stid":"1 minut"},"schema":{"@context":"https:\/\/schema.org","@graph":[{"@type":"WebPage","@id":"https:\/\/truusk.store\/sv\/produkt\/truusk-skjutdorrsystem-enkel-lopskena-skjutdorrsbeslag-for-skjutdorrstillbehor-183-cm-svart\/","url":"https:\/\/truusk.store\/sv\/produkt\/truusk-skjutdorrsystem-enkel-lopskena-skjutdorrsbeslag-for-skjutdorrstillbehor-183-cm-svart\/","name":"TRUUSK Skjutd\u00f6rrsystem - Enkel L\u00f6pskena - Skjutd\u00f6rrsbeslag - F\u00f6r Skjutd\u00f6rrstillbeh\u00f6r - 183 cm - Svart - TRUUSK - Hem, Tr\u00e4dg\u00e5rd &amp; Fritid","isPartOf":{"@id":"https:\/\/truusk.store\/sv\/#website"},"primaryImageOfPage":{"@id":"https:\/\/truusk.store\/sv\/produkt\/truusk-skjutdorrsystem-enkel-lopskena-skjutdorrsbeslag-for-skjutdorrstillbehor-183-cm-svart\/#primaryimage"},"image":{"@id":"https:\/\/truusk.store\/sv\/produkt\/truusk-skjutdorrsystem-enkel-lopskena-skjutdorrsbeslag-for-skjutdorrstillbehor-183-cm-svart\/#primaryimage"},"thumbnailUrl":"https:\/\/i0.wp.com\/truusk.store\/wp-content\/uploads\/2024\/02\/skjutdorrsystem-lopskena-enkel-skjutdorr-skjutdorrsbeslag-for-skjutdorrstillbehor-i-tra-kolstal-svart-183-x-06-x-18-cm.webp?fit=800%2C800&ssl=1","datePublished":"2024-02-13T19:10:25+00:00","dateModified":"2026-03-12T08:08:25+00:00","breadcrumb":{"@id":"https:\/\/truusk.store\/sv\/produkt\/truusk-skjutdorrsystem-enkel-lopskena-skjutdorrsbeslag-for-skjutdorrstillbehor-183-cm-svart\/#breadcrumb"},"inLanguage":"sv-SE","potentialAction":[{"@type":"ReadAction","target":["https:\/\/truusk.store\/sv\/produkt\/truusk-skjutdorrsystem-enkel-lopskena-skjutdorrsbeslag-for-skjutdorrstillbehor-183-cm-svart\/"]}]},{"@type":"ImageObject","inLanguage":"sv-SE","@id":"https:\/\/truusk.store\/sv\/produkt\/truusk-skjutdorrsystem-enkel-lopskena-skjutdorrsbeslag-for-skjutdorrstillbehor-183-cm-svart\/#primaryimage","url":"https:\/\/i0.wp.com\/truusk.store\/wp-content\/uploads\/2024\/02\/skjutdorrsystem-lopskena-enkel-skjutdorr-skjutdorrsbeslag-for-skjutdorrstillbehor-i-tra-kolstal-svart-183-x-06-x-18-cm.webp?fit=800%2C800&ssl=1","contentUrl":"https:\/\/i0.wp.com\/truusk.store\/wp-content\/uploads\/2024\/02\/skjutdorrsystem-lopskena-enkel-skjutdorr-skjutdorrsbeslag-for-skjutdorrstillbehor-i-tra-kolstal-svart-183-x-06-x-18-cm.webp?fit=800%2C800&ssl=1","width":800,"height":800,"caption":"Skjutd\u00f6rrsystem L\u00f6pskena Enkel Skjutd\u00f6rr Skjutd\u00f6rrsbeslag F\u00f6r Skjutd\u00f6rrstillbeh\u00f6r I Tr\u00e4 Kolst\u00e5l Svart 183 X 0,6 X 18 Cm 1"},{"@type":"BreadcrumbList","@id":"https:\/\/truusk.store\/sv\/produkt\/truusk-skjutdorrsystem-enkel-lopskena-skjutdorrsbeslag-for-skjutdorrstillbehor-183-cm-svart\/#breadcrumb","itemListElement":[{"@type":"ListItem","position":1,"name":"Home","item":"https:\/\/truusk.store\/sv\/"},{"@type":"ListItem","position":2,"name":"Shop","item":"https:\/\/truusk.store\/shop\/"},{"@type":"ListItem","position":3,"name":"TRUUSK Skjutd\u00f6rrsystem &#8211; Enkel L\u00f6pskena &#8211; Skjutd\u00f6rrsbeslag &#8211; F\u00f6r Skjutd\u00f6rrstillbeh\u00f6r &#8211; 183 cm &#8211; Svart"}]},{"@type":"WebSite","@id":"https:\/\/truusk.store\/sv\/#website","url":"https:\/\/truusk.store\/sv\/","name":"TRUUSK - Hem, Tr\u00e4dg\u00e5rd & Fritid","description":"","publisher":{"@id":"https:\/\/truusk.store\/sv\/#organization"},"potentialAction":[{"@type":"SearchAction","target":{"@type":"EntryPoint","urlTemplate":"https:\/\/truusk.store\/sv\/?s={search_term_string}"},"query-input":{"@type":"PropertyValueSpecification","valueRequired":true,"valueName":"search_term_string"}}],"inLanguage":"sv-SE"},{"@type":"Organization","@id":"https:\/\/truusk.store\/sv\/#organization","name":"TRUUSK - Hem, Tr\u00e4dg\u00e5rd & Fritid","url":"https:\/\/truusk.store\/sv\/","logo":{"@type":"ImageObject","inLanguage":"sv-SE","@id":"https:\/\/truusk.store\/sv\/#\/schema\/logo\/image\/","url":"https:\/\/i0.wp.com\/truusk.store\/wp-content\/uploads\/2026\/03\/cropped-TRUUSK.png?fit=2032%2C917&ssl=1","contentUrl":"https:\/\/i0.wp.com\/truusk.store\/wp-content\/uploads\/2026\/03\/cropped-TRUUSK.png?fit=2032%2C917&ssl=1","width":2032,"height":917,"caption":"TRUUSK - Hem, Tr\u00e4dg\u00e5rd & Fritid"},"image":{"@id":"https:\/\/truusk.store\/sv\/#\/schema\/logo\/image\/"}}]}},"jetpack_sharing_enabled":true,"_links":{"self":[{"href":"https:\/\/truusk.store\/sv\/wp-json\/wp\/v2\/product\/29406","targetHints":{"allow":["GET"]}}],"collection":[{"href":"https:\/\/truusk.store\/sv\/wp-json\/wp\/v2\/product"}],"about":[{"href":"https:\/\/truusk.store\/sv\/wp-json\/wp\/v2\/types\/product"}],"wp:featuredmedia":[{"embeddable":true,"href":"https:\/\/truusk.store\/sv\/wp-json\/wp\/v2\/media\/29407"}],"wp:attachment":[{"href":"https:\/\/truusk.store\/sv\/wp-json\/wp\/v2\/media?parent=29406"}],"wp:term":[{"taxonomy":"product_brand","embeddable":true,"href":"https:\/\/truusk.store\/sv\/wp-json\/wp\/v2\/product_brand?post=29406"},{"taxonomy":"product_cat","embeddable":true,"href":"https:\/\/truusk.store\/sv\/wp-json\/wp\/v2\/product_cat?post=29406"},{"taxonomy":"product_tag","embeddable":true,"href":"https:\/\/truusk.store\/sv\/wp-json\/wp\/v2\/product_tag?post=29406"}],"curies":[{"name":"wp","href":"https:\/\/api.w.org\/{rel}","templated":true}]}}