{"id":29533,"date":"2024-02-13T20:14:38","date_gmt":"2024-02-13T19:14:38","guid":{"rendered":"https:\/\/truusk.store\/product\/byggklossar-med-4-byggklossar-av-skum-latt-att-rengora-mjuka-fyllda-skumblock-for-1-3-ar-barn-epe-ljusgra-bla-gron-150-x-50-x-39-cm\/"},"modified":"2026-03-12T09:08:27","modified_gmt":"2026-03-12T08:08:27","slug":"truusk-byggklossar-av-skum-latt-att-rengora-mjuka-fyllda-skumblock-for-1-3-ar-barn-epe-ljusgra-bla-gron-150-x-50","status":"publish","type":"product","link":"https:\/\/truusk.store\/sv\/produkt\/truusk-byggklossar-av-skum-latt-att-rengora-mjuka-fyllda-skumblock-for-1-3-ar-barn-epe-ljusgra-bla-gron-150-x-50\/","title":{"rendered":"TRUUSK Byggklossar Av Skum &#8211; L\u00e4tt Att Reng\u00f6ra &#8211; Mjuka Fyllda Skumblock &#8211; F\u00f6r 1-3 \u00e5r Barn &#8211; EPE &#8211; Ljusgr\u00e5 + Bl\u00e5 + Gr\u00f6n &#8211; 150 x 50"},"content":{"rendered":"<p>Dessa mjuka byggstenar \u00e4r en perfekt present till ett barn som precis b\u00f6rjar kl\u00e4ttra p\u00e5 saker. Dessa block kan l\u00e4ra sm\u00e5barn att kl\u00e4ttra, krypa och glida, vilket fr\u00e4mjar grovmotorisk utveckling. Kl\u00e4dda med mjukt syntetiskt l\u00e4der \u00e4r byggstenarna l\u00e4tta att reng\u00f6ra. Byggklosssetet av skum ger trygg lek f\u00f6r bebisar hemma, p\u00e5 dagis och i skolan. Barnet kan ordna om och kombinera de 4 delarna efter \u00f6nskem\u00e5l.<\/p>\n<h3>Beskrivning:<\/h3>\n<ul>\n<li>Leksaken kan hj\u00e4lpa till med kl\u00e4ttring, krypning och glidning, vilket fr\u00e4mjar grovmotorisk utveckling<\/li>\n<li>Mjukt konstl\u00e4der f\u00f6r bekv\u00e4m reng\u00f6ring<\/li>\n<li>EPE-skumstoppning f\u00f6r sinnesfrid<\/li>\n<li>Omkonfigurerbar design f\u00f6r mer intresse fr\u00e5n ditt barn<\/li>\n<li>L\u00e4mplig f\u00f6r 1-3 \u00e5r<\/li>\n<li>Ingen montering kr\u00e4vs<\/li>\n<\/ul>\n<h3>Teknisk data:<\/h3>\n<ul>\n<li>F\u00e4rg: ljusgr\u00e5+bl\u00e5+gr\u00f6n<\/li>\n<li>Material: konstl\u00e4der, EPE-skum<\/li>\n<li>\u00d6vergripande m\u00e5tt: 150L x 50W x 39H cm<\/li>\n<li>Brygga: 50L x 50W x 25H cm<\/li>\n<li>Varje trapph\u00f6jd: 12 cm<\/li>\n<li>Kuboid: 50L x 50W x 39H cm<\/li>\n<li>Tunnel: 50L x 30W x 28H cm<\/li>\n<li>Ramp: 50L x 50W x 25H cm<\/li>\n<li>L\u00e4mplig \u00e5lder: 1-3 \u00e5r<\/li>\n<li>Lastkapacitet: 60 kg<\/li>\n<\/ul>\n<h3>Leveransens omfattning:<\/h3>\n<ul>\n<li>1 x 4 delar mjuk lek f\u00f6r barn<\/li>\n<li>1 x Instruktioner<\/li>\n<\/ul>\n","protected":false},"excerpt":{"rendered":"<p>Dessa mjuka byggstenar \u00e4r en perfekt present till ett barn som precis b\u00f6rjar kl\u00e4ttra p\u00e5 saker. Dessa block kan l\u00e4ra&#8230;<\/p>\n","protected":false},"featured_media":29534,"template":"","meta":[],"product_brand":[],"product_cat":[609,624,630],"product_tag":[],"class_list":{"0":"post-29533","1":"product","2":"type-product","3":"status-publish","4":"has-post-thumbnail","6":"product_cat-baby-barn","7":"product_cat-leksak","8":"product_cat-spela-byggklossar","10":"first","11":"instock","12":"sale","13":"taxable","14":"shipping-taxable","15":"purchasable","16":"product-type-simple"},"yoast_head":"<!-- This site is optimized with the Yoast SEO plugin v25.4 - https:\/\/yoast.com\/wordpress\/plugins\/seo\/ -->\n<title>TRUUSK Byggklossar Av Skum - L\u00e4tt Att Reng\u00f6ra - Mjuka Fyllda Skumblock - F\u00f6r 1-3 \u00e5r Barn - EPE - Ljusgr\u00e5 + Bl\u00e5 + Gr\u00f6n - 150 x 50 - TRUUSK - Hem, Tr\u00e4dg\u00e5rd &amp; Fritid<\/title>\n<meta name=\"robots\" content=\"index, follow, max-snippet:-1, max-image-preview:large, max-video-preview:-1\" \/>\n<link rel=\"canonical\" href=\"https:\/\/truusk.store\/sv\/produkt\/truusk-byggklossar-av-skum-latt-att-rengora-mjuka-fyllda-skumblock-for-1-3-ar-barn-epe-ljusgra-bla-gron-150-x-50\/\" \/>\n<meta property=\"og:locale\" content=\"sv_SE\" \/>\n<meta property=\"og:type\" content=\"article\" \/>\n<meta property=\"og:title\" content=\"TRUUSK Byggklossar Av Skum - L\u00e4tt Att Reng\u00f6ra - Mjuka Fyllda Skumblock - F\u00f6r 1-3 \u00e5r Barn - EPE - Ljusgr\u00e5 + Bl\u00e5 + Gr\u00f6n - 150 x 50 - TRUUSK - Hem, Tr\u00e4dg\u00e5rd &amp; Fritid\" \/>\n<meta property=\"og:description\" content=\"Dessa mjuka byggstenar \u00e4r en perfekt present till ett barn som precis b\u00f6rjar kl\u00e4ttra p\u00e5 saker. Dessa block kan l\u00e4ra...\" \/>\n<meta property=\"og:url\" content=\"https:\/\/truusk.store\/sv\/produkt\/truusk-byggklossar-av-skum-latt-att-rengora-mjuka-fyllda-skumblock-for-1-3-ar-barn-epe-ljusgra-bla-gron-150-x-50\/\" \/>\n<meta property=\"og:site_name\" content=\"TRUUSK - Hem, Tr\u00e4dg\u00e5rd &amp; Fritid\" \/>\n<meta property=\"article:modified_time\" content=\"2026-03-12T08:08:27+00:00\" \/>\n<meta property=\"og:image\" content=\"https:\/\/i0.wp.com\/truusk.se\/wp-content\/uploads\/2024\/02\/byggklossar-med-4-byggklossar-av-skum-latt-att-rengora-mjuka-fyllda-skumblock-for-1-3-ar-barn-epe-ljusgra-bla-gron-150-x-50-x-39-cm.webp?fit=800%2C800&ssl=1\" \/>\n\t<meta property=\"og:image:width\" content=\"800\" \/>\n\t<meta property=\"og:image:height\" content=\"800\" \/>\n\t<meta property=\"og:image:type\" content=\"image\/webp\" \/>\n<meta name=\"twitter:card\" content=\"summary_large_image\" \/>\n<meta name=\"twitter:label1\" content=\"Ber\u00e4knad l\u00e4stid\" \/>\n\t<meta name=\"twitter:data1\" content=\"1 minut\" \/>\n<!-- \/ Yoast SEO plugin. -->","yoast_head_json":{"title":"TRUUSK Byggklossar Av Skum - L\u00e4tt Att Reng\u00f6ra - Mjuka Fyllda Skumblock - F\u00f6r 1-3 \u00e5r Barn - EPE - Ljusgr\u00e5 + Bl\u00e5 + Gr\u00f6n - 150 x 50 - TRUUSK - Hem, Tr\u00e4dg\u00e5rd &amp; Fritid","robots":{"index":"index","follow":"follow","max-snippet":"max-snippet:-1","max-image-preview":"max-image-preview:large","max-video-preview":"max-video-preview:-1"},"canonical":"https:\/\/truusk.store\/sv\/produkt\/truusk-byggklossar-av-skum-latt-att-rengora-mjuka-fyllda-skumblock-for-1-3-ar-barn-epe-ljusgra-bla-gron-150-x-50\/","og_locale":"sv_SE","og_type":"article","og_title":"TRUUSK Byggklossar Av Skum - L\u00e4tt Att Reng\u00f6ra - Mjuka Fyllda Skumblock - F\u00f6r 1-3 \u00e5r Barn - EPE - Ljusgr\u00e5 + Bl\u00e5 + Gr\u00f6n - 150 x 50 - TRUUSK - Hem, Tr\u00e4dg\u00e5rd &amp; Fritid","og_description":"Dessa mjuka byggstenar \u00e4r en perfekt present till ett barn som precis b\u00f6rjar kl\u00e4ttra p\u00e5 saker. Dessa block kan l\u00e4ra...","og_url":"https:\/\/truusk.store\/sv\/produkt\/truusk-byggklossar-av-skum-latt-att-rengora-mjuka-fyllda-skumblock-for-1-3-ar-barn-epe-ljusgra-bla-gron-150-x-50\/","og_site_name":"TRUUSK - Hem, Tr\u00e4dg\u00e5rd &amp; Fritid","article_modified_time":"2026-03-12T08:08:27+00:00","og_image":[{"width":800,"height":800,"url":"https:\/\/i0.wp.com\/truusk.se\/wp-content\/uploads\/2024\/02\/byggklossar-med-4-byggklossar-av-skum-latt-att-rengora-mjuka-fyllda-skumblock-for-1-3-ar-barn-epe-ljusgra-bla-gron-150-x-50-x-39-cm.webp?fit=800%2C800&ssl=1","type":"image\/webp"}],"twitter_card":"summary_large_image","twitter_misc":{"Ber\u00e4knad l\u00e4stid":"1 minut"},"schema":{"@context":"https:\/\/schema.org","@graph":[{"@type":"WebPage","@id":"https:\/\/truusk.store\/sv\/produkt\/truusk-byggklossar-av-skum-latt-att-rengora-mjuka-fyllda-skumblock-for-1-3-ar-barn-epe-ljusgra-bla-gron-150-x-50\/","url":"https:\/\/truusk.store\/sv\/produkt\/truusk-byggklossar-av-skum-latt-att-rengora-mjuka-fyllda-skumblock-for-1-3-ar-barn-epe-ljusgra-bla-gron-150-x-50\/","name":"TRUUSK Byggklossar Av Skum - L\u00e4tt Att Reng\u00f6ra - Mjuka Fyllda Skumblock - F\u00f6r 1-3 \u00e5r Barn - EPE - Ljusgr\u00e5 + Bl\u00e5 + Gr\u00f6n - 150 x 50 - TRUUSK - Hem, Tr\u00e4dg\u00e5rd &amp; Fritid","isPartOf":{"@id":"https:\/\/truusk.store\/sv\/#website"},"primaryImageOfPage":{"@id":"https:\/\/truusk.store\/sv\/produkt\/truusk-byggklossar-av-skum-latt-att-rengora-mjuka-fyllda-skumblock-for-1-3-ar-barn-epe-ljusgra-bla-gron-150-x-50\/#primaryimage"},"image":{"@id":"https:\/\/truusk.store\/sv\/produkt\/truusk-byggklossar-av-skum-latt-att-rengora-mjuka-fyllda-skumblock-for-1-3-ar-barn-epe-ljusgra-bla-gron-150-x-50\/#primaryimage"},"thumbnailUrl":"https:\/\/i0.wp.com\/truusk.store\/wp-content\/uploads\/2024\/02\/byggklossar-med-4-byggklossar-av-skum-latt-att-rengora-mjuka-fyllda-skumblock-for-1-3-ar-barn-epe-ljusgra-bla-gron-150-x-50-x-39-cm.webp?fit=800%2C800&ssl=1","datePublished":"2024-02-13T19:14:38+00:00","dateModified":"2026-03-12T08:08:27+00:00","breadcrumb":{"@id":"https:\/\/truusk.store\/sv\/produkt\/truusk-byggklossar-av-skum-latt-att-rengora-mjuka-fyllda-skumblock-for-1-3-ar-barn-epe-ljusgra-bla-gron-150-x-50\/#breadcrumb"},"inLanguage":"sv-SE","potentialAction":[{"@type":"ReadAction","target":["https:\/\/truusk.store\/sv\/produkt\/truusk-byggklossar-av-skum-latt-att-rengora-mjuka-fyllda-skumblock-for-1-3-ar-barn-epe-ljusgra-bla-gron-150-x-50\/"]}]},{"@type":"ImageObject","inLanguage":"sv-SE","@id":"https:\/\/truusk.store\/sv\/produkt\/truusk-byggklossar-av-skum-latt-att-rengora-mjuka-fyllda-skumblock-for-1-3-ar-barn-epe-ljusgra-bla-gron-150-x-50\/#primaryimage","url":"https:\/\/i0.wp.com\/truusk.store\/wp-content\/uploads\/2024\/02\/byggklossar-med-4-byggklossar-av-skum-latt-att-rengora-mjuka-fyllda-skumblock-for-1-3-ar-barn-epe-ljusgra-bla-gron-150-x-50-x-39-cm.webp?fit=800%2C800&ssl=1","contentUrl":"https:\/\/i0.wp.com\/truusk.store\/wp-content\/uploads\/2024\/02\/byggklossar-med-4-byggklossar-av-skum-latt-att-rengora-mjuka-fyllda-skumblock-for-1-3-ar-barn-epe-ljusgra-bla-gron-150-x-50-x-39-cm.webp?fit=800%2C800&ssl=1","width":800,"height":800,"caption":"Byggklossar Med 4 Byggklossar Av Skum L\u00e4tt Att Reng\u00f6ra Mjuka Fyllda Skumblock F\u00f6r 1-3 \u00e5r Barn EPE Ljusgr\u00e5 + Bl\u00e5 + Gr\u00f6n 150 X 50 X 39 Cm 1"},{"@type":"BreadcrumbList","@id":"https:\/\/truusk.store\/sv\/produkt\/truusk-byggklossar-av-skum-latt-att-rengora-mjuka-fyllda-skumblock-for-1-3-ar-barn-epe-ljusgra-bla-gron-150-x-50\/#breadcrumb","itemListElement":[{"@type":"ListItem","position":1,"name":"Home","item":"https:\/\/truusk.store\/sv\/"},{"@type":"ListItem","position":2,"name":"Shop","item":"https:\/\/truusk.store\/shop\/"},{"@type":"ListItem","position":3,"name":"TRUUSK Byggklossar Av Skum &#8211; L\u00e4tt Att Reng\u00f6ra &#8211; Mjuka Fyllda Skumblock &#8211; F\u00f6r 1-3 \u00e5r Barn &#8211; EPE &#8211; Ljusgr\u00e5 + Bl\u00e5 + Gr\u00f6n &#8211; 150 x 50"}]},{"@type":"WebSite","@id":"https:\/\/truusk.store\/sv\/#website","url":"https:\/\/truusk.store\/sv\/","name":"TRUUSK - Hem, Tr\u00e4dg\u00e5rd & Fritid","description":"","publisher":{"@id":"https:\/\/truusk.store\/sv\/#organization"},"potentialAction":[{"@type":"SearchAction","target":{"@type":"EntryPoint","urlTemplate":"https:\/\/truusk.store\/sv\/?s={search_term_string}"},"query-input":{"@type":"PropertyValueSpecification","valueRequired":true,"valueName":"search_term_string"}}],"inLanguage":"sv-SE"},{"@type":"Organization","@id":"https:\/\/truusk.store\/sv\/#organization","name":"TRUUSK - Hem, Tr\u00e4dg\u00e5rd & Fritid","url":"https:\/\/truusk.store\/sv\/","logo":{"@type":"ImageObject","inLanguage":"sv-SE","@id":"https:\/\/truusk.store\/sv\/#\/schema\/logo\/image\/","url":"https:\/\/i0.wp.com\/truusk.store\/wp-content\/uploads\/2026\/03\/cropped-TRUUSK.png?fit=2032%2C917&ssl=1","contentUrl":"https:\/\/i0.wp.com\/truusk.store\/wp-content\/uploads\/2026\/03\/cropped-TRUUSK.png?fit=2032%2C917&ssl=1","width":2032,"height":917,"caption":"TRUUSK - Hem, Tr\u00e4dg\u00e5rd & Fritid"},"image":{"@id":"https:\/\/truusk.store\/sv\/#\/schema\/logo\/image\/"}}]}},"jetpack_sharing_enabled":true,"_links":{"self":[{"href":"https:\/\/truusk.store\/sv\/wp-json\/wp\/v2\/product\/29533","targetHints":{"allow":["GET"]}}],"collection":[{"href":"https:\/\/truusk.store\/sv\/wp-json\/wp\/v2\/product"}],"about":[{"href":"https:\/\/truusk.store\/sv\/wp-json\/wp\/v2\/types\/product"}],"wp:featuredmedia":[{"embeddable":true,"href":"https:\/\/truusk.store\/sv\/wp-json\/wp\/v2\/media\/29534"}],"wp:attachment":[{"href":"https:\/\/truusk.store\/sv\/wp-json\/wp\/v2\/media?parent=29533"}],"wp:term":[{"taxonomy":"product_brand","embeddable":true,"href":"https:\/\/truusk.store\/sv\/wp-json\/wp\/v2\/product_brand?post=29533"},{"taxonomy":"product_cat","embeddable":true,"href":"https:\/\/truusk.store\/sv\/wp-json\/wp\/v2\/product_cat?post=29533"},{"taxonomy":"product_tag","embeddable":true,"href":"https:\/\/truusk.store\/sv\/wp-json\/wp\/v2\/product_tag?post=29533"}],"curies":[{"name":"wp","href":"https:\/\/api.w.org\/{rel}","templated":true}]}}