{"id":29565,"date":"2024-02-13T20:15:41","date_gmt":"2024-02-13T19:15:41","guid":{"rendered":"https:\/\/truusk.store\/product\/mjuka-byggklossar-4-delar-skumbyggstenar-jattebyggstenar-byggleksaker-for-12-till-36-manader-barn-konstlader-flerfargat\/"},"modified":"2026-03-12T09:08:28","modified_gmt":"2026-03-12T08:08:28","slug":"truusk-mjuka-byggklossar-4-delar-skumbyggstenar-byggleksaker-for-barn-konstlader-flerfargat-fran-12-till-36-manader","status":"publish","type":"product","link":"https:\/\/truusk.store\/sv\/produkt\/truusk-mjuka-byggklossar-4-delar-skumbyggstenar-byggleksaker-for-barn-konstlader-flerfargat-fran-12-till-36-manader\/","title":{"rendered":"TRUUSK Mjuka Byggklossar &#8211; 4 Delar &#8211; Skumbyggstenar &#8211; Byggleksaker f\u00f6r Barn &#8211; Konstl\u00e4der &#8211; Flerf\u00e4rgat &#8211; Fr\u00e5n 12 till 36 m\u00e5nader"},"content":{"rendered":"<p>Med dessa byggstenar kan sm\u00e5barn l\u00e4ra sig att kl\u00e4ttra, krypa och glida, vilket fr\u00e4mjar barns grovmotoriska utveckling. Kl\u00e4dd med mjukt konstl\u00e4der \u00e4r den l\u00e4tt att reng\u00f6ra. Det skum vadderade setet erbjuder babys\u00e4kerhet hemma, p\u00e5 dagis och i skolan. Du kan omvandla de 4 enskilda delarna till ett bord och stolset eller en rutschkana.<\/p>\n<h3>Beskrivning:<\/h3>\n<ul>\n<li>Leksaken kan hj\u00e4lpa till med kl\u00e4ttring, krypning och glidning, vilket fr\u00e4mjar barns grovmotoriska utveckling<\/li>\n<li>Mjukt konstl\u00e4der f\u00f6r bekv\u00e4m reng\u00f6ring<\/li>\n<li>EPE skum vaddering f\u00f6r mer s\u00e4kerhet<\/li>\n<li>M\u00e5ngsidig design f\u00f6r mer intresse fr\u00e5n ditt barn<\/li>\n<li>L\u00e4mplig f\u00f6r 12 till 36 m\u00e5nader<\/li>\n<li>Ingen montering kr\u00e4vs<\/li>\n<\/ul>\n<h3>Teknisk data:<\/h3>\n<ul>\n<li>F\u00e4rg: M\u00f6rkbl\u00e5+Gul+R\u00f6d+Himmelbl\u00e5<\/li>\n<li>Material: konstl\u00e4der, EPE-skum<\/li>\n<li>Gult block \u00f6vergripande m\u00e5tt: 45L x 45W x 25H cm.<\/li>\n<li>Ljusbl\u00e5 block \u00f6vergripande m\u00e5tt: 45L x 45W x 5H cm.<\/li>\n<li>Bl\u00e5 block \u00f6vergripande m\u00e5tt: 45,5L x 45,5W x 25H cm.<\/li>\n<li>R\u00f6tt block \u00f6vergripande m\u00e5tt: 45,5L x 45,5W x 25H cm.<\/li>\n<li>L\u00e4mplig \u00e5lder: 12 till 36 m\u00e5nader<\/li>\n<\/ul>\n<h3>Leveransens omfattning:<\/h3>\n<ul>\n<li>4 x skumblock<\/li>\n<li>1 x Instruktioner<\/li>\n<\/ul>\n","protected":false},"excerpt":{"rendered":"<p>Med dessa byggstenar kan sm\u00e5barn l\u00e4ra sig att kl\u00e4ttra, krypa och glida, vilket fr\u00e4mjar barns grovmotoriska utveckling. Kl\u00e4dd med mjukt&#8230;<\/p>\n","protected":false},"featured_media":29566,"template":"","meta":[],"product_brand":[],"product_cat":[609,624,630],"product_tag":[],"class_list":{"0":"post-29565","1":"product","2":"type-product","3":"status-publish","4":"has-post-thumbnail","6":"product_cat-baby-barn","7":"product_cat-leksak","8":"product_cat-spela-byggklossar","10":"first","11":"instock","12":"sale","13":"taxable","14":"shipping-taxable","15":"purchasable","16":"product-type-simple"},"yoast_head":"<!-- This site is optimized with the Yoast SEO plugin v25.4 - https:\/\/yoast.com\/wordpress\/plugins\/seo\/ -->\n<title>TRUUSK Mjuka Byggklossar - 4 Delar - Skumbyggstenar - Byggleksaker f\u00f6r Barn - Konstl\u00e4der - Flerf\u00e4rgat - Fr\u00e5n 12 till 36 m\u00e5nader - TRUUSK - Hem, Tr\u00e4dg\u00e5rd &amp; Fritid<\/title>\n<meta name=\"robots\" content=\"index, follow, max-snippet:-1, max-image-preview:large, max-video-preview:-1\" \/>\n<link rel=\"canonical\" href=\"https:\/\/truusk.store\/sv\/produkt\/truusk-mjuka-byggklossar-4-delar-skumbyggstenar-byggleksaker-for-barn-konstlader-flerfargat-fran-12-till-36-manader\/\" \/>\n<meta property=\"og:locale\" content=\"sv_SE\" \/>\n<meta property=\"og:type\" content=\"article\" \/>\n<meta property=\"og:title\" content=\"TRUUSK Mjuka Byggklossar - 4 Delar - Skumbyggstenar - Byggleksaker f\u00f6r Barn - Konstl\u00e4der - Flerf\u00e4rgat - Fr\u00e5n 12 till 36 m\u00e5nader - TRUUSK - Hem, Tr\u00e4dg\u00e5rd &amp; Fritid\" \/>\n<meta property=\"og:description\" content=\"Med dessa byggstenar kan sm\u00e5barn l\u00e4ra sig att kl\u00e4ttra, krypa och glida, vilket fr\u00e4mjar barns grovmotoriska utveckling. Kl\u00e4dd med mjukt...\" \/>\n<meta property=\"og:url\" content=\"https:\/\/truusk.store\/sv\/produkt\/truusk-mjuka-byggklossar-4-delar-skumbyggstenar-byggleksaker-for-barn-konstlader-flerfargat-fran-12-till-36-manader\/\" \/>\n<meta property=\"og:site_name\" content=\"TRUUSK - Hem, Tr\u00e4dg\u00e5rd &amp; Fritid\" \/>\n<meta property=\"article:modified_time\" content=\"2026-03-12T08:08:28+00:00\" \/>\n<meta property=\"og:image\" content=\"https:\/\/i0.wp.com\/truusk.se\/wp-content\/uploads\/2024\/02\/mjuka-byggklossar-4-delar-skumbyggstenar-jattebyggstenar-byggleksaker-for-12-till-36-manader-barn-konstlader-flerfargat.webp?fit=800%2C800&ssl=1\" \/>\n\t<meta property=\"og:image:width\" content=\"800\" \/>\n\t<meta property=\"og:image:height\" content=\"800\" \/>\n\t<meta property=\"og:image:type\" content=\"image\/webp\" \/>\n<meta name=\"twitter:card\" content=\"summary_large_image\" \/>\n<meta name=\"twitter:label1\" content=\"Ber\u00e4knad l\u00e4stid\" \/>\n\t<meta name=\"twitter:data1\" content=\"1 minut\" \/>\n<!-- \/ Yoast SEO plugin. -->","yoast_head_json":{"title":"TRUUSK Mjuka Byggklossar - 4 Delar - Skumbyggstenar - Byggleksaker f\u00f6r Barn - Konstl\u00e4der - Flerf\u00e4rgat - Fr\u00e5n 12 till 36 m\u00e5nader - TRUUSK - Hem, Tr\u00e4dg\u00e5rd &amp; Fritid","robots":{"index":"index","follow":"follow","max-snippet":"max-snippet:-1","max-image-preview":"max-image-preview:large","max-video-preview":"max-video-preview:-1"},"canonical":"https:\/\/truusk.store\/sv\/produkt\/truusk-mjuka-byggklossar-4-delar-skumbyggstenar-byggleksaker-for-barn-konstlader-flerfargat-fran-12-till-36-manader\/","og_locale":"sv_SE","og_type":"article","og_title":"TRUUSK Mjuka Byggklossar - 4 Delar - Skumbyggstenar - Byggleksaker f\u00f6r Barn - Konstl\u00e4der - Flerf\u00e4rgat - Fr\u00e5n 12 till 36 m\u00e5nader - TRUUSK - Hem, Tr\u00e4dg\u00e5rd &amp; Fritid","og_description":"Med dessa byggstenar kan sm\u00e5barn l\u00e4ra sig att kl\u00e4ttra, krypa och glida, vilket fr\u00e4mjar barns grovmotoriska utveckling. Kl\u00e4dd med mjukt...","og_url":"https:\/\/truusk.store\/sv\/produkt\/truusk-mjuka-byggklossar-4-delar-skumbyggstenar-byggleksaker-for-barn-konstlader-flerfargat-fran-12-till-36-manader\/","og_site_name":"TRUUSK - Hem, Tr\u00e4dg\u00e5rd &amp; Fritid","article_modified_time":"2026-03-12T08:08:28+00:00","og_image":[{"width":800,"height":800,"url":"https:\/\/i0.wp.com\/truusk.se\/wp-content\/uploads\/2024\/02\/mjuka-byggklossar-4-delar-skumbyggstenar-jattebyggstenar-byggleksaker-for-12-till-36-manader-barn-konstlader-flerfargat.webp?fit=800%2C800&ssl=1","type":"image\/webp"}],"twitter_card":"summary_large_image","twitter_misc":{"Ber\u00e4knad l\u00e4stid":"1 minut"},"schema":{"@context":"https:\/\/schema.org","@graph":[{"@type":"WebPage","@id":"https:\/\/truusk.store\/sv\/produkt\/truusk-mjuka-byggklossar-4-delar-skumbyggstenar-byggleksaker-for-barn-konstlader-flerfargat-fran-12-till-36-manader\/","url":"https:\/\/truusk.store\/sv\/produkt\/truusk-mjuka-byggklossar-4-delar-skumbyggstenar-byggleksaker-for-barn-konstlader-flerfargat-fran-12-till-36-manader\/","name":"TRUUSK Mjuka Byggklossar - 4 Delar - Skumbyggstenar - Byggleksaker f\u00f6r Barn - Konstl\u00e4der - Flerf\u00e4rgat - Fr\u00e5n 12 till 36 m\u00e5nader - TRUUSK - Hem, Tr\u00e4dg\u00e5rd &amp; Fritid","isPartOf":{"@id":"https:\/\/truusk.store\/sv\/#website"},"primaryImageOfPage":{"@id":"https:\/\/truusk.store\/sv\/produkt\/truusk-mjuka-byggklossar-4-delar-skumbyggstenar-byggleksaker-for-barn-konstlader-flerfargat-fran-12-till-36-manader\/#primaryimage"},"image":{"@id":"https:\/\/truusk.store\/sv\/produkt\/truusk-mjuka-byggklossar-4-delar-skumbyggstenar-byggleksaker-for-barn-konstlader-flerfargat-fran-12-till-36-manader\/#primaryimage"},"thumbnailUrl":"https:\/\/i0.wp.com\/truusk.store\/wp-content\/uploads\/2024\/02\/mjuka-byggklossar-4-delar-skumbyggstenar-jattebyggstenar-byggleksaker-for-12-till-36-manader-barn-konstlader-flerfargat.webp?fit=800%2C800&ssl=1","datePublished":"2024-02-13T19:15:41+00:00","dateModified":"2026-03-12T08:08:28+00:00","breadcrumb":{"@id":"https:\/\/truusk.store\/sv\/produkt\/truusk-mjuka-byggklossar-4-delar-skumbyggstenar-byggleksaker-for-barn-konstlader-flerfargat-fran-12-till-36-manader\/#breadcrumb"},"inLanguage":"sv-SE","potentialAction":[{"@type":"ReadAction","target":["https:\/\/truusk.store\/sv\/produkt\/truusk-mjuka-byggklossar-4-delar-skumbyggstenar-byggleksaker-for-barn-konstlader-flerfargat-fran-12-till-36-manader\/"]}]},{"@type":"ImageObject","inLanguage":"sv-SE","@id":"https:\/\/truusk.store\/sv\/produkt\/truusk-mjuka-byggklossar-4-delar-skumbyggstenar-byggleksaker-for-barn-konstlader-flerfargat-fran-12-till-36-manader\/#primaryimage","url":"https:\/\/i0.wp.com\/truusk.store\/wp-content\/uploads\/2024\/02\/mjuka-byggklossar-4-delar-skumbyggstenar-jattebyggstenar-byggleksaker-for-12-till-36-manader-barn-konstlader-flerfargat.webp?fit=800%2C800&ssl=1","contentUrl":"https:\/\/i0.wp.com\/truusk.store\/wp-content\/uploads\/2024\/02\/mjuka-byggklossar-4-delar-skumbyggstenar-jattebyggstenar-byggleksaker-for-12-till-36-manader-barn-konstlader-flerfargat.webp?fit=800%2C800&ssl=1","width":800,"height":800,"caption":"Mjuka Byggklossar 4 Delar Skumbyggstenar J\u00e4ttebyggstenar Byggleksaker F\u00f6r 12 Till 36 M\u00e5nader Barn Konstl\u00e4der Flerf\u00e4rgat 1"},{"@type":"BreadcrumbList","@id":"https:\/\/truusk.store\/sv\/produkt\/truusk-mjuka-byggklossar-4-delar-skumbyggstenar-byggleksaker-for-barn-konstlader-flerfargat-fran-12-till-36-manader\/#breadcrumb","itemListElement":[{"@type":"ListItem","position":1,"name":"Home","item":"https:\/\/truusk.store\/sv\/"},{"@type":"ListItem","position":2,"name":"Shop","item":"https:\/\/truusk.store\/shop\/"},{"@type":"ListItem","position":3,"name":"TRUUSK Mjuka Byggklossar &#8211; 4 Delar &#8211; Skumbyggstenar &#8211; Byggleksaker f\u00f6r Barn &#8211; Konstl\u00e4der &#8211; Flerf\u00e4rgat &#8211; Fr\u00e5n 12 till 36 m\u00e5nader"}]},{"@type":"WebSite","@id":"https:\/\/truusk.store\/sv\/#website","url":"https:\/\/truusk.store\/sv\/","name":"TRUUSK - Hem, Tr\u00e4dg\u00e5rd & Fritid","description":"","publisher":{"@id":"https:\/\/truusk.store\/sv\/#organization"},"potentialAction":[{"@type":"SearchAction","target":{"@type":"EntryPoint","urlTemplate":"https:\/\/truusk.store\/sv\/?s={search_term_string}"},"query-input":{"@type":"PropertyValueSpecification","valueRequired":true,"valueName":"search_term_string"}}],"inLanguage":"sv-SE"},{"@type":"Organization","@id":"https:\/\/truusk.store\/sv\/#organization","name":"TRUUSK - Hem, Tr\u00e4dg\u00e5rd & Fritid","url":"https:\/\/truusk.store\/sv\/","logo":{"@type":"ImageObject","inLanguage":"sv-SE","@id":"https:\/\/truusk.store\/sv\/#\/schema\/logo\/image\/","url":"https:\/\/i0.wp.com\/truusk.store\/wp-content\/uploads\/2026\/03\/cropped-TRUUSK.png?fit=2032%2C917&ssl=1","contentUrl":"https:\/\/i0.wp.com\/truusk.store\/wp-content\/uploads\/2026\/03\/cropped-TRUUSK.png?fit=2032%2C917&ssl=1","width":2032,"height":917,"caption":"TRUUSK - Hem, Tr\u00e4dg\u00e5rd & Fritid"},"image":{"@id":"https:\/\/truusk.store\/sv\/#\/schema\/logo\/image\/"}}]}},"jetpack_sharing_enabled":true,"_links":{"self":[{"href":"https:\/\/truusk.store\/sv\/wp-json\/wp\/v2\/product\/29565","targetHints":{"allow":["GET"]}}],"collection":[{"href":"https:\/\/truusk.store\/sv\/wp-json\/wp\/v2\/product"}],"about":[{"href":"https:\/\/truusk.store\/sv\/wp-json\/wp\/v2\/types\/product"}],"wp:featuredmedia":[{"embeddable":true,"href":"https:\/\/truusk.store\/sv\/wp-json\/wp\/v2\/media\/29566"}],"wp:attachment":[{"href":"https:\/\/truusk.store\/sv\/wp-json\/wp\/v2\/media?parent=29565"}],"wp:term":[{"taxonomy":"product_brand","embeddable":true,"href":"https:\/\/truusk.store\/sv\/wp-json\/wp\/v2\/product_brand?post=29565"},{"taxonomy":"product_cat","embeddable":true,"href":"https:\/\/truusk.store\/sv\/wp-json\/wp\/v2\/product_cat?post=29565"},{"taxonomy":"product_tag","embeddable":true,"href":"https:\/\/truusk.store\/sv\/wp-json\/wp\/v2\/product_tag?post=29565"}],"curies":[{"name":"wp","href":"https:\/\/api.w.org\/{rel}","templated":true}]}}