{"id":29585,"date":"2024-02-13T20:16:22","date_gmt":"2024-02-13T19:16:22","guid":{"rendered":"https:\/\/truusk.store\/product\/industriell-design-golvlampa-hojdjusterbar-golvbrytare-30m-x-30cm-x-131cm-svart\/"},"modified":"2026-03-12T09:08:28","modified_gmt":"2026-03-12T08:08:28","slug":"truusk-industriell-design-golvlampa-hojdjusterbar-golvbrytare-svart-30m-x-30cm-x-131cm","status":"publish","type":"product","link":"https:\/\/truusk.store\/sv\/produkt\/truusk-industriell-design-golvlampa-hojdjusterbar-golvbrytare-svart-30m-x-30cm-x-131cm\/","title":{"rendered":"TRUUSK Industriell Design Golvlampa &#8211; H\u00f6jdjusterbar &#8211; Golvbrytare &#8211; Svart &#8211; 30m x 30cm x 131cm"},"content":{"rendered":"<p>Bra belysning \u00e4r viktigt n\u00e4r det kommer till att lysa upp ditt hem. Golvlampan bidrar till att skapa en helt ny och sp\u00e4nnande atmosf\u00e4r. Leta inte l\u00e4ngre efter andra lampor. L\u00e4mplig f\u00f6r att belysa arbetsrummet, denna golvlampa hj\u00e4lper dig att skapa st\u00e4mningen i ditt hem samtidigt som ljuset \u00e4r mjukt och inbjudande. Den h\u00f6ga och smala metallramen s\u00e4kerst\u00e4ller ett stabilt stativ. Ta med golvlampan hem och ge dig sj\u00e4lv en lugn och vacker kv\u00e4ll.<\/p>\n<h3>Beskrivning:<\/h3>\n<ul>\n<li>En balansarm och en lampsk\u00e4rm i metall ger ditt vardagsrum ett industriellt utseende<\/li>\n<li>V\u00e4lj den b\u00e4sta belysningen genom att vrida lamphuvudet (90), lampstolpen (45) och lamph\u00f6jden.<\/li>\n<li>Denna lampa \u00e4r l\u00e4mplig f\u00f6r samtalsrum, som arbetsbelysning eller f\u00f6r l\u00e4sning<\/li>\n<li>Fotkontakt f\u00f6r bekv\u00e4m att sl\u00e5 p\u00e5 och av n\u00e4r h\u00e4nderna \u00e4r fulla<\/li>\n<\/ul>\n<h3>Teknisk data:<\/h3>\n<ul>\n<li>Svart f\u00e4rg<\/li>\n<li>Material: st\u00e5l<\/li>\n<li>Totalm\u00e5tt: 30 x 131-155H cm<\/li>\n<li>Balanseringsarmens l\u00e4ngd: 70 cm<\/li>\n<li>Lampsk\u00e4rmens storlek: 20,5 x 19,5H cm<\/li>\n<li>Basstorlek: 30 x 3H cm<\/li>\n<li>N\u00e4tsladds l\u00e4ngd: 1,8 m<\/li>\n<li>E27 bas (gl\u00f6dlampa ing\u00e5r ej)<\/li>\n<li>Gl\u00f6dlampseffekt: 40W<\/li>\n<li>Sp\u00e4nning: 220-240V\/50Hz<\/li>\n<\/ul>\n<h3>Leveransens omfattning:<\/h3>\n<ul>\n<li>1 x golvlampa<\/li>\n<li>1 x Instruktioner<\/li>\n<\/ul>\n","protected":false},"excerpt":{"rendered":"<p>Bra belysning \u00e4r viktigt n\u00e4r det kommer till att lysa upp ditt hem. Golvlampan bidrar till att skapa en helt&#8230;<\/p>\n","protected":false},"featured_media":29586,"template":"","meta":[],"product_brand":[],"product_cat":[486,488,485],"product_tag":[],"class_list":{"0":"post-29585","1":"product","2":"type-product","3":"status-publish","4":"has-post-thumbnail","6":"product_cat-belysning","7":"product_cat-golv-och-bordslampor","8":"product_cat-hus-bo","10":"first","11":"instock","12":"sale","13":"taxable","14":"shipping-taxable","15":"purchasable","16":"product-type-simple"},"yoast_head":"<!-- This site is optimized with the Yoast SEO plugin v25.4 - https:\/\/yoast.com\/wordpress\/plugins\/seo\/ -->\n<title>TRUUSK Industriell Design Golvlampa - H\u00f6jdjusterbar - Golvbrytare - Svart - 30m x 30cm x 131cm - TRUUSK - Hem, Tr\u00e4dg\u00e5rd &amp; Fritid<\/title>\n<meta name=\"robots\" content=\"index, follow, max-snippet:-1, max-image-preview:large, max-video-preview:-1\" \/>\n<link rel=\"canonical\" href=\"https:\/\/truusk.store\/sv\/produkt\/truusk-industriell-design-golvlampa-hojdjusterbar-golvbrytare-svart-30m-x-30cm-x-131cm\/\" \/>\n<meta property=\"og:locale\" content=\"sv_SE\" \/>\n<meta property=\"og:type\" content=\"article\" \/>\n<meta property=\"og:title\" content=\"TRUUSK Industriell Design Golvlampa - H\u00f6jdjusterbar - Golvbrytare - Svart - 30m x 30cm x 131cm - TRUUSK - Hem, Tr\u00e4dg\u00e5rd &amp; Fritid\" \/>\n<meta property=\"og:description\" content=\"Bra belysning \u00e4r viktigt n\u00e4r det kommer till att lysa upp ditt hem. Golvlampan bidrar till att skapa en helt...\" \/>\n<meta property=\"og:url\" content=\"https:\/\/truusk.store\/sv\/produkt\/truusk-industriell-design-golvlampa-hojdjusterbar-golvbrytare-svart-30m-x-30cm-x-131cm\/\" \/>\n<meta property=\"og:site_name\" content=\"TRUUSK - Hem, Tr\u00e4dg\u00e5rd &amp; Fritid\" \/>\n<meta property=\"article:modified_time\" content=\"2026-03-12T08:08:28+00:00\" \/>\n<meta property=\"og:image\" content=\"https:\/\/i0.wp.com\/truusk.se\/wp-content\/uploads\/2024\/02\/industriell-design-golvlampa-hojdjusterbar-golvbrytare-30m-x-30cm-x-131cm-svart.webp?fit=800%2C800&ssl=1\" \/>\n\t<meta property=\"og:image:width\" content=\"800\" \/>\n\t<meta property=\"og:image:height\" content=\"800\" \/>\n\t<meta property=\"og:image:type\" content=\"image\/webp\" \/>\n<meta name=\"twitter:card\" content=\"summary_large_image\" \/>\n<meta name=\"twitter:label1\" content=\"Ber\u00e4knad l\u00e4stid\" \/>\n\t<meta name=\"twitter:data1\" content=\"1 minut\" \/>\n<!-- \/ Yoast SEO plugin. -->","yoast_head_json":{"title":"TRUUSK Industriell Design Golvlampa - H\u00f6jdjusterbar - Golvbrytare - Svart - 30m x 30cm x 131cm - TRUUSK - Hem, Tr\u00e4dg\u00e5rd &amp; Fritid","robots":{"index":"index","follow":"follow","max-snippet":"max-snippet:-1","max-image-preview":"max-image-preview:large","max-video-preview":"max-video-preview:-1"},"canonical":"https:\/\/truusk.store\/sv\/produkt\/truusk-industriell-design-golvlampa-hojdjusterbar-golvbrytare-svart-30m-x-30cm-x-131cm\/","og_locale":"sv_SE","og_type":"article","og_title":"TRUUSK Industriell Design Golvlampa - H\u00f6jdjusterbar - Golvbrytare - Svart - 30m x 30cm x 131cm - TRUUSK - Hem, Tr\u00e4dg\u00e5rd &amp; Fritid","og_description":"Bra belysning \u00e4r viktigt n\u00e4r det kommer till att lysa upp ditt hem. Golvlampan bidrar till att skapa en helt...","og_url":"https:\/\/truusk.store\/sv\/produkt\/truusk-industriell-design-golvlampa-hojdjusterbar-golvbrytare-svart-30m-x-30cm-x-131cm\/","og_site_name":"TRUUSK - Hem, Tr\u00e4dg\u00e5rd &amp; Fritid","article_modified_time":"2026-03-12T08:08:28+00:00","og_image":[{"width":800,"height":800,"url":"https:\/\/i0.wp.com\/truusk.se\/wp-content\/uploads\/2024\/02\/industriell-design-golvlampa-hojdjusterbar-golvbrytare-30m-x-30cm-x-131cm-svart.webp?fit=800%2C800&ssl=1","type":"image\/webp"}],"twitter_card":"summary_large_image","twitter_misc":{"Ber\u00e4knad l\u00e4stid":"1 minut"},"schema":{"@context":"https:\/\/schema.org","@graph":[{"@type":"WebPage","@id":"https:\/\/truusk.store\/sv\/produkt\/truusk-industriell-design-golvlampa-hojdjusterbar-golvbrytare-svart-30m-x-30cm-x-131cm\/","url":"https:\/\/truusk.store\/sv\/produkt\/truusk-industriell-design-golvlampa-hojdjusterbar-golvbrytare-svart-30m-x-30cm-x-131cm\/","name":"TRUUSK Industriell Design Golvlampa - H\u00f6jdjusterbar - Golvbrytare - Svart - 30m x 30cm x 131cm - TRUUSK - Hem, Tr\u00e4dg\u00e5rd &amp; Fritid","isPartOf":{"@id":"https:\/\/truusk.store\/sv\/#website"},"primaryImageOfPage":{"@id":"https:\/\/truusk.store\/sv\/produkt\/truusk-industriell-design-golvlampa-hojdjusterbar-golvbrytare-svart-30m-x-30cm-x-131cm\/#primaryimage"},"image":{"@id":"https:\/\/truusk.store\/sv\/produkt\/truusk-industriell-design-golvlampa-hojdjusterbar-golvbrytare-svart-30m-x-30cm-x-131cm\/#primaryimage"},"thumbnailUrl":"https:\/\/i0.wp.com\/truusk.store\/wp-content\/uploads\/2024\/02\/industriell-design-golvlampa-hojdjusterbar-golvbrytare-30m-x-30cm-x-131cm-svart.webp?fit=800%2C800&ssl=1","datePublished":"2024-02-13T19:16:22+00:00","dateModified":"2026-03-12T08:08:28+00:00","breadcrumb":{"@id":"https:\/\/truusk.store\/sv\/produkt\/truusk-industriell-design-golvlampa-hojdjusterbar-golvbrytare-svart-30m-x-30cm-x-131cm\/#breadcrumb"},"inLanguage":"sv-SE","potentialAction":[{"@type":"ReadAction","target":["https:\/\/truusk.store\/sv\/produkt\/truusk-industriell-design-golvlampa-hojdjusterbar-golvbrytare-svart-30m-x-30cm-x-131cm\/"]}]},{"@type":"ImageObject","inLanguage":"sv-SE","@id":"https:\/\/truusk.store\/sv\/produkt\/truusk-industriell-design-golvlampa-hojdjusterbar-golvbrytare-svart-30m-x-30cm-x-131cm\/#primaryimage","url":"https:\/\/i0.wp.com\/truusk.store\/wp-content\/uploads\/2024\/02\/industriell-design-golvlampa-hojdjusterbar-golvbrytare-30m-x-30cm-x-131cm-svart.webp?fit=800%2C800&ssl=1","contentUrl":"https:\/\/i0.wp.com\/truusk.store\/wp-content\/uploads\/2024\/02\/industriell-design-golvlampa-hojdjusterbar-golvbrytare-30m-x-30cm-x-131cm-svart.webp?fit=800%2C800&ssl=1","width":800,"height":800,"caption":"Industriell Design Golvlampa, H\u00f6jdjusterbar, Golvbrytare; 30m X 30cm X 131cm Svart 1"},{"@type":"BreadcrumbList","@id":"https:\/\/truusk.store\/sv\/produkt\/truusk-industriell-design-golvlampa-hojdjusterbar-golvbrytare-svart-30m-x-30cm-x-131cm\/#breadcrumb","itemListElement":[{"@type":"ListItem","position":1,"name":"Home","item":"https:\/\/truusk.store\/sv\/"},{"@type":"ListItem","position":2,"name":"Shop","item":"https:\/\/truusk.store\/shop\/"},{"@type":"ListItem","position":3,"name":"TRUUSK Industriell Design Golvlampa &#8211; H\u00f6jdjusterbar &#8211; Golvbrytare &#8211; Svart &#8211; 30m x 30cm x 131cm"}]},{"@type":"WebSite","@id":"https:\/\/truusk.store\/sv\/#website","url":"https:\/\/truusk.store\/sv\/","name":"TRUUSK - Hem, Tr\u00e4dg\u00e5rd & Fritid","description":"","publisher":{"@id":"https:\/\/truusk.store\/sv\/#organization"},"potentialAction":[{"@type":"SearchAction","target":{"@type":"EntryPoint","urlTemplate":"https:\/\/truusk.store\/sv\/?s={search_term_string}"},"query-input":{"@type":"PropertyValueSpecification","valueRequired":true,"valueName":"search_term_string"}}],"inLanguage":"sv-SE"},{"@type":"Organization","@id":"https:\/\/truusk.store\/sv\/#organization","name":"TRUUSK - Hem, Tr\u00e4dg\u00e5rd & Fritid","url":"https:\/\/truusk.store\/sv\/","logo":{"@type":"ImageObject","inLanguage":"sv-SE","@id":"https:\/\/truusk.store\/sv\/#\/schema\/logo\/image\/","url":"https:\/\/i0.wp.com\/truusk.store\/wp-content\/uploads\/2026\/03\/cropped-TRUUSK.png?fit=2032%2C917&ssl=1","contentUrl":"https:\/\/i0.wp.com\/truusk.store\/wp-content\/uploads\/2026\/03\/cropped-TRUUSK.png?fit=2032%2C917&ssl=1","width":2032,"height":917,"caption":"TRUUSK - Hem, Tr\u00e4dg\u00e5rd & Fritid"},"image":{"@id":"https:\/\/truusk.store\/sv\/#\/schema\/logo\/image\/"}}]}},"jetpack_sharing_enabled":true,"_links":{"self":[{"href":"https:\/\/truusk.store\/sv\/wp-json\/wp\/v2\/product\/29585","targetHints":{"allow":["GET"]}}],"collection":[{"href":"https:\/\/truusk.store\/sv\/wp-json\/wp\/v2\/product"}],"about":[{"href":"https:\/\/truusk.store\/sv\/wp-json\/wp\/v2\/types\/product"}],"wp:featuredmedia":[{"embeddable":true,"href":"https:\/\/truusk.store\/sv\/wp-json\/wp\/v2\/media\/29586"}],"wp:attachment":[{"href":"https:\/\/truusk.store\/sv\/wp-json\/wp\/v2\/media?parent=29585"}],"wp:term":[{"taxonomy":"product_brand","embeddable":true,"href":"https:\/\/truusk.store\/sv\/wp-json\/wp\/v2\/product_brand?post=29585"},{"taxonomy":"product_cat","embeddable":true,"href":"https:\/\/truusk.store\/sv\/wp-json\/wp\/v2\/product_cat?post=29585"},{"taxonomy":"product_tag","embeddable":true,"href":"https:\/\/truusk.store\/sv\/wp-json\/wp\/v2\/product_tag?post=29585"}],"curies":[{"name":"wp","href":"https:\/\/api.w.org\/{rel}","templated":true}]}}