{"id":29595,"date":"2024-02-13T20:16:43","date_gmt":"2024-02-13T19:16:43","guid":{"rendered":"https:\/\/truusk.store\/product\/3-delat-ljusset-1-golvlampa-2-bordslampor-linnelook-38-cm-x-38-cm-x-158-cm-silver-vit\/"},"modified":"2026-03-12T09:08:29","modified_gmt":"2026-03-12T08:08:29","slug":"truusk-3-delat-ljusset-1-golvlampa-2-bordslampor-linnelook-38-cm-x-38-cm-x-158-cm-silver-vit","status":"publish","type":"product","link":"https:\/\/truusk.store\/sv\/produkt\/truusk-3-delat-ljusset-1-golvlampa-2-bordslampor-linnelook-38-cm-x-38-cm-x-158-cm-silver-vit\/","title":{"rendered":"TRUUSK 3-delat Ljusset &#8211; 1 Golvlampa, 2 Bordslampor &#8211; Linnelook &#8211; 38 cm x 38 cm x 158 cm &#8211; Silver + Vit"},"content":{"rendered":"<p>Bra belysning \u00e4r nyckeln till att skapa trivsel i ditt hem. Den 3-delade skrivbordslampan hj\u00e4lper dig att st\u00e4lla in ny och mysig belysning. Lampsetet hj\u00e4lper dig att skapa en ny sp\u00e4nnande st\u00e4mning i ditt hem genom att g\u00f6ra ljuset mjukt och inbjudande. Med den matchande golvlampan med sk\u00e4rm sparar du tid n\u00e4r du v\u00e4ljer lampor. Ta med dig detta 3-delade bords- och golvlampsset hem och ge dig sj\u00e4lv en lugn och vacker kv\u00e4ll!<\/p>\n<h3>Beskrivning:<\/h3>\n<ul>\n<li>3-delat set, best\u00e5ende av en golvlampa och 2 bordslampor<\/li>\n<li>Lampsk\u00e4rmarna i tyglook och den eleganta silverlampramen ger denna lampa ett modernt utseende<\/li>\n<li>Lampsk\u00e4rmen i en skrynklig tyglook ger dig en mjuk, varm belysning<\/li>\n<li>Ger omgivande ljus f\u00f6r dekorativa \u00e4ndam\u00e5l<\/li>\n<li>Den l\u00e5nga str\u00f6mkabeln ut\u00f6kar anv\u00e4ndningsomr\u00e5det<\/li>\n<li>Fotkontakt f\u00f6r bekv\u00e4m att sl\u00e5 p\u00e5 och av n\u00e4r h\u00e4nderna \u00e4r fulla<\/li>\n<li>Vippstr\u00f6mbrytare p\u00e5 bordslampor f\u00f6r enkel anv\u00e4ndning<\/li>\n<li>Rund st\u00e5lbas f\u00f6r stabilitet s\u00e5 att dina hundar eller barn inte kan v\u00e4lta den<\/li>\n<li>L\u00e4mplig f\u00f6r gl\u00f6dlampor: LED-lampor, halogenlampor, gl\u00f6dlampor etc. (Gl\u00f6dlampa ing\u00e5r ej)<\/li>\n<li>Enkel montering kr\u00e4vs<\/li>\n<\/ul>\n<h3>Teknisk data:<\/h3>\n<ul>\n<li>F\u00e4rg: Silver+Vit<\/li>\n<li>Material: st\u00e5l, linne (polyester)<\/li>\n<li>Produktdata f\u00f6r golvlampan: 38 x 162H cm<\/li>\n<li>Produktdata f\u00f6r bordslampan: 30 x 70H cm<\/li>\n<li>Golvlampssk\u00e4rm storlek: 38 x 25,5H cm<\/li>\n<li>Bordslampssk\u00e4rm storlek: 30 x 23H cm<\/li>\n<li>Golvlampsfotstorlek: 26 x 9,5H cm<\/li>\n<li>Bordslampans fotstorlek: 15 x 11H cm<\/li>\n<li>Kabell\u00e4ngd: 1,8 m<\/li>\n<li>E27 bas (gl\u00f6dlampa ing\u00e5r ej)<\/li>\n<li>Lampeffekt: 40W<\/li>\n<li>Sp\u00e4nning: 220-240V\/50Hz<\/li>\n<\/ul>\n<h3>Leveransens omfattning:<\/h3>\n<ul>\n<li>1 x golvlampa<\/li>\n<li>2 x bordslampor<\/li>\n<li>1 x Instruktioner<\/li>\n<\/ul>\n","protected":false},"excerpt":{"rendered":"<p>Bra belysning \u00e4r nyckeln till att skapa trivsel i ditt hem. Den 3-delade skrivbordslampan hj\u00e4lper dig att st\u00e4lla in ny&#8230;<\/p>\n","protected":false},"featured_media":29596,"template":"","meta":[],"product_brand":[],"product_cat":[486,488,485],"product_tag":[],"class_list":{"0":"post-29595","1":"product","2":"type-product","3":"status-publish","4":"has-post-thumbnail","6":"product_cat-belysning","7":"product_cat-golv-och-bordslampor","8":"product_cat-hus-bo","10":"first","11":"instock","12":"sale","13":"taxable","14":"shipping-taxable","15":"purchasable","16":"product-type-simple"},"yoast_head":"<!-- This site is optimized with the Yoast SEO plugin v25.4 - https:\/\/yoast.com\/wordpress\/plugins\/seo\/ -->\n<title>TRUUSK 3-delat Ljusset - 1 Golvlampa, 2 Bordslampor - Linnelook - 38 cm x 38 cm x 158 cm - Silver + Vit - TRUUSK - Hem, Tr\u00e4dg\u00e5rd &amp; Fritid<\/title>\n<meta name=\"robots\" content=\"index, follow, max-snippet:-1, max-image-preview:large, max-video-preview:-1\" \/>\n<link rel=\"canonical\" href=\"https:\/\/truusk.store\/sv\/produkt\/truusk-3-delat-ljusset-1-golvlampa-2-bordslampor-linnelook-38-cm-x-38-cm-x-158-cm-silver-vit\/\" \/>\n<meta property=\"og:locale\" content=\"sv_SE\" \/>\n<meta property=\"og:type\" content=\"article\" \/>\n<meta property=\"og:title\" content=\"TRUUSK 3-delat Ljusset - 1 Golvlampa, 2 Bordslampor - Linnelook - 38 cm x 38 cm x 158 cm - Silver + Vit - TRUUSK - Hem, Tr\u00e4dg\u00e5rd &amp; Fritid\" \/>\n<meta property=\"og:description\" content=\"Bra belysning \u00e4r nyckeln till att skapa trivsel i ditt hem. Den 3-delade skrivbordslampan hj\u00e4lper dig att st\u00e4lla in ny...\" \/>\n<meta property=\"og:url\" content=\"https:\/\/truusk.store\/sv\/produkt\/truusk-3-delat-ljusset-1-golvlampa-2-bordslampor-linnelook-38-cm-x-38-cm-x-158-cm-silver-vit\/\" \/>\n<meta property=\"og:site_name\" content=\"TRUUSK - Hem, Tr\u00e4dg\u00e5rd &amp; Fritid\" \/>\n<meta property=\"article:modified_time\" content=\"2026-03-12T08:08:29+00:00\" \/>\n<meta property=\"og:image\" content=\"https:\/\/i0.wp.com\/truusk.se\/wp-content\/uploads\/2024\/02\/3-delat-ljusset-1-golvlampa-2-bordslampor-linnelook-38-cm-x-38-cm-x-158-cm-silver-vit.webp?fit=800%2C800&ssl=1\" \/>\n\t<meta property=\"og:image:width\" content=\"800\" \/>\n\t<meta property=\"og:image:height\" content=\"800\" \/>\n\t<meta property=\"og:image:type\" content=\"image\/webp\" \/>\n<meta name=\"twitter:card\" content=\"summary_large_image\" \/>\n<meta name=\"twitter:label1\" content=\"Ber\u00e4knad l\u00e4stid\" \/>\n\t<meta name=\"twitter:data1\" content=\"1 minut\" \/>\n<!-- \/ Yoast SEO plugin. -->","yoast_head_json":{"title":"TRUUSK 3-delat Ljusset - 1 Golvlampa, 2 Bordslampor - Linnelook - 38 cm x 38 cm x 158 cm - Silver + Vit - TRUUSK - Hem, Tr\u00e4dg\u00e5rd &amp; Fritid","robots":{"index":"index","follow":"follow","max-snippet":"max-snippet:-1","max-image-preview":"max-image-preview:large","max-video-preview":"max-video-preview:-1"},"canonical":"https:\/\/truusk.store\/sv\/produkt\/truusk-3-delat-ljusset-1-golvlampa-2-bordslampor-linnelook-38-cm-x-38-cm-x-158-cm-silver-vit\/","og_locale":"sv_SE","og_type":"article","og_title":"TRUUSK 3-delat Ljusset - 1 Golvlampa, 2 Bordslampor - Linnelook - 38 cm x 38 cm x 158 cm - Silver + Vit - TRUUSK - Hem, Tr\u00e4dg\u00e5rd &amp; Fritid","og_description":"Bra belysning \u00e4r nyckeln till att skapa trivsel i ditt hem. Den 3-delade skrivbordslampan hj\u00e4lper dig att st\u00e4lla in ny...","og_url":"https:\/\/truusk.store\/sv\/produkt\/truusk-3-delat-ljusset-1-golvlampa-2-bordslampor-linnelook-38-cm-x-38-cm-x-158-cm-silver-vit\/","og_site_name":"TRUUSK - Hem, Tr\u00e4dg\u00e5rd &amp; Fritid","article_modified_time":"2026-03-12T08:08:29+00:00","og_image":[{"width":800,"height":800,"url":"https:\/\/i0.wp.com\/truusk.se\/wp-content\/uploads\/2024\/02\/3-delat-ljusset-1-golvlampa-2-bordslampor-linnelook-38-cm-x-38-cm-x-158-cm-silver-vit.webp?fit=800%2C800&ssl=1","type":"image\/webp"}],"twitter_card":"summary_large_image","twitter_misc":{"Ber\u00e4knad l\u00e4stid":"1 minut"},"schema":{"@context":"https:\/\/schema.org","@graph":[{"@type":"WebPage","@id":"https:\/\/truusk.store\/sv\/produkt\/truusk-3-delat-ljusset-1-golvlampa-2-bordslampor-linnelook-38-cm-x-38-cm-x-158-cm-silver-vit\/","url":"https:\/\/truusk.store\/sv\/produkt\/truusk-3-delat-ljusset-1-golvlampa-2-bordslampor-linnelook-38-cm-x-38-cm-x-158-cm-silver-vit\/","name":"TRUUSK 3-delat Ljusset - 1 Golvlampa, 2 Bordslampor - Linnelook - 38 cm x 38 cm x 158 cm - Silver + Vit - TRUUSK - Hem, Tr\u00e4dg\u00e5rd &amp; Fritid","isPartOf":{"@id":"https:\/\/truusk.store\/sv\/#website"},"primaryImageOfPage":{"@id":"https:\/\/truusk.store\/sv\/produkt\/truusk-3-delat-ljusset-1-golvlampa-2-bordslampor-linnelook-38-cm-x-38-cm-x-158-cm-silver-vit\/#primaryimage"},"image":{"@id":"https:\/\/truusk.store\/sv\/produkt\/truusk-3-delat-ljusset-1-golvlampa-2-bordslampor-linnelook-38-cm-x-38-cm-x-158-cm-silver-vit\/#primaryimage"},"thumbnailUrl":"https:\/\/i0.wp.com\/truusk.store\/wp-content\/uploads\/2024\/02\/3-delat-ljusset-1-golvlampa-2-bordslampor-linnelook-38-cm-x-38-cm-x-158-cm-silver-vit.webp?fit=800%2C800&ssl=1","datePublished":"2024-02-13T19:16:43+00:00","dateModified":"2026-03-12T08:08:29+00:00","breadcrumb":{"@id":"https:\/\/truusk.store\/sv\/produkt\/truusk-3-delat-ljusset-1-golvlampa-2-bordslampor-linnelook-38-cm-x-38-cm-x-158-cm-silver-vit\/#breadcrumb"},"inLanguage":"sv-SE","potentialAction":[{"@type":"ReadAction","target":["https:\/\/truusk.store\/sv\/produkt\/truusk-3-delat-ljusset-1-golvlampa-2-bordslampor-linnelook-38-cm-x-38-cm-x-158-cm-silver-vit\/"]}]},{"@type":"ImageObject","inLanguage":"sv-SE","@id":"https:\/\/truusk.store\/sv\/produkt\/truusk-3-delat-ljusset-1-golvlampa-2-bordslampor-linnelook-38-cm-x-38-cm-x-158-cm-silver-vit\/#primaryimage","url":"https:\/\/i0.wp.com\/truusk.store\/wp-content\/uploads\/2024\/02\/3-delat-ljusset-1-golvlampa-2-bordslampor-linnelook-38-cm-x-38-cm-x-158-cm-silver-vit.webp?fit=800%2C800&ssl=1","contentUrl":"https:\/\/i0.wp.com\/truusk.store\/wp-content\/uploads\/2024\/02\/3-delat-ljusset-1-golvlampa-2-bordslampor-linnelook-38-cm-x-38-cm-x-158-cm-silver-vit.webp?fit=800%2C800&ssl=1","width":800,"height":800,"caption":"3-delat Ljusset. 1 Golvlampa, 2 Bordslampor, Linnelook; 38 Cm X 38 Cm X 158 Cm, Silver + Vit 1"},{"@type":"BreadcrumbList","@id":"https:\/\/truusk.store\/sv\/produkt\/truusk-3-delat-ljusset-1-golvlampa-2-bordslampor-linnelook-38-cm-x-38-cm-x-158-cm-silver-vit\/#breadcrumb","itemListElement":[{"@type":"ListItem","position":1,"name":"Home","item":"https:\/\/truusk.store\/sv\/"},{"@type":"ListItem","position":2,"name":"Shop","item":"https:\/\/truusk.store\/shop\/"},{"@type":"ListItem","position":3,"name":"TRUUSK 3-delat Ljusset &#8211; 1 Golvlampa, 2 Bordslampor &#8211; Linnelook &#8211; 38 cm x 38 cm x 158 cm &#8211; Silver + Vit"}]},{"@type":"WebSite","@id":"https:\/\/truusk.store\/sv\/#website","url":"https:\/\/truusk.store\/sv\/","name":"TRUUSK - Hem, Tr\u00e4dg\u00e5rd & Fritid","description":"","publisher":{"@id":"https:\/\/truusk.store\/sv\/#organization"},"potentialAction":[{"@type":"SearchAction","target":{"@type":"EntryPoint","urlTemplate":"https:\/\/truusk.store\/sv\/?s={search_term_string}"},"query-input":{"@type":"PropertyValueSpecification","valueRequired":true,"valueName":"search_term_string"}}],"inLanguage":"sv-SE"},{"@type":"Organization","@id":"https:\/\/truusk.store\/sv\/#organization","name":"TRUUSK - Hem, Tr\u00e4dg\u00e5rd & Fritid","url":"https:\/\/truusk.store\/sv\/","logo":{"@type":"ImageObject","inLanguage":"sv-SE","@id":"https:\/\/truusk.store\/sv\/#\/schema\/logo\/image\/","url":"https:\/\/i0.wp.com\/truusk.store\/wp-content\/uploads\/2026\/03\/cropped-TRUUSK.png?fit=2032%2C917&ssl=1","contentUrl":"https:\/\/i0.wp.com\/truusk.store\/wp-content\/uploads\/2026\/03\/cropped-TRUUSK.png?fit=2032%2C917&ssl=1","width":2032,"height":917,"caption":"TRUUSK - Hem, Tr\u00e4dg\u00e5rd & Fritid"},"image":{"@id":"https:\/\/truusk.store\/sv\/#\/schema\/logo\/image\/"}}]}},"jetpack_sharing_enabled":true,"_links":{"self":[{"href":"https:\/\/truusk.store\/sv\/wp-json\/wp\/v2\/product\/29595","targetHints":{"allow":["GET"]}}],"collection":[{"href":"https:\/\/truusk.store\/sv\/wp-json\/wp\/v2\/product"}],"about":[{"href":"https:\/\/truusk.store\/sv\/wp-json\/wp\/v2\/types\/product"}],"wp:featuredmedia":[{"embeddable":true,"href":"https:\/\/truusk.store\/sv\/wp-json\/wp\/v2\/media\/29596"}],"wp:attachment":[{"href":"https:\/\/truusk.store\/sv\/wp-json\/wp\/v2\/media?parent=29595"}],"wp:term":[{"taxonomy":"product_brand","embeddable":true,"href":"https:\/\/truusk.store\/sv\/wp-json\/wp\/v2\/product_brand?post=29595"},{"taxonomy":"product_cat","embeddable":true,"href":"https:\/\/truusk.store\/sv\/wp-json\/wp\/v2\/product_cat?post=29595"},{"taxonomy":"product_tag","embeddable":true,"href":"https:\/\/truusk.store\/sv\/wp-json\/wp\/v2\/product_tag?post=29595"}],"curies":[{"name":"wp","href":"https:\/\/api.w.org\/{rel}","templated":true}]}}