{"id":29605,"date":"2024-02-13T20:17:01","date_gmt":"2024-02-13T19:17:01","guid":{"rendered":"https:\/\/truusk.store\/product\/golvlampa-med-2-hyllplan-golvlampa-fotkontakt-40-w-e-27-natur-vit\/"},"modified":"2026-03-12T09:08:30","modified_gmt":"2026-03-12T08:08:30","slug":"truusk-golvlampa-med-2-hyllplan-fotkontakt-40-w-e27-natur-vit","status":"publish","type":"product","link":"https:\/\/truusk.store\/sv\/produkt\/truusk-golvlampa-med-2-hyllplan-fotkontakt-40-w-e27-natur-vit\/","title":{"rendered":"TRUUSK Golvlampa Med 2 Hyllplan &#8211; Fotkontakt &#8211; 40 W E27 &#8211; Natur + Vit"},"content":{"rendered":"<p>F\u00e5 ditt hem att lysa med denna golvlampa. Den moderna designen g\u00e5r bra med olika inredningsstilar och \u00e4r en vacker dekoration f\u00f6r alla hem. Den svarta ramen och den ovanliga designen ger en touch av elegans till alla rum. En integrerad hylla ger f\u00f6rvaringsutrymme f\u00f6r fj\u00e4rrkontroller, mobiltelefoner och mycket mer. S\u00e4tt bara i kontakten i ett uttag och du har en elegant belysning som skapar dekorativa accenter.<\/p>\n<h3>Beskrivning:<\/h3>\n<ul>\n<li>Det naturf\u00e4rgade bambubordet, lampsk\u00e4rmen i tyg och metallramen ger ditt vardagsrum ett modernt utseende<\/li>\n<li>Tv\u00e5 f\u00f6rvaringsbord ger plats f\u00f6r fj\u00e4rrkontroll, v\u00e4xter m.m.<\/li>\n<li>Skapar vacker och st\u00e4mningsfull belysning<\/li>\n<li>Fotkontakt p\u00e5 lampan f\u00f6r enkel t\u00e4ndning<\/li>\n<li>Str\u00f6mkabeln ut\u00f6kar anv\u00e4ndningsomr\u00e5det<\/li>\n<li>Stabil bas s\u00e5 att din djurfamilj eller ditt barn inte kan v\u00e4lta ljuset<\/li>\n<li>L\u00e4mplig f\u00f6r E 27 ljusk\u00e4llor: LED-lampor, halogenlampor, gl\u00f6dlampor etc. Ljusk\u00e4llan ing\u00e5r ej<\/li>\n<li>Enkel montering kr\u00e4vs<\/li>\n<\/ul>\n<h3>Teknisk data:<\/h3>\n<ul>\n<li>F\u00e4rg: Natur+Vit<\/li>\n<li>Material: st\u00e5l, bambu, linne (polyester)<\/li>\n<li>\u00d6vergripande m\u00e5tt: 43L x 39,5W x 162H cm<\/li>\n<li>Lampsk\u00e4rm storlek: 25\/34 x 24H cm<\/li>\n<li>\u00d6vre hyllstorlek: 39,5 x 1,5H cm<\/li>\n<li>Nedre hyllstorlek: 36,5 x 0,8 H cm<\/li>\n<li>H\u00f6jd p\u00e5 v\u00e5ningarna: 47 cm<\/li>\n<li>Kabell\u00e4ngd: 1,8 m<\/li>\n<li>E27 bas (gl\u00f6dlampa ing\u00e5r ej)<\/li>\n<li>Lampeffekt: 40W<\/li>\n<li>Sp\u00e4nning: 220-240V\/50Hz<\/li>\n<\/ul>\n<h3>Leveransens omfattning:<\/h3>\n<ul>\n<li>1 x golvlampa<\/li>\n<li>1 x manuell<\/li>\n<\/ul>\n","protected":false},"excerpt":{"rendered":"<p>F\u00e5 ditt hem att lysa med denna golvlampa. Den moderna designen g\u00e5r bra med olika inredningsstilar och \u00e4r en vacker&#8230;<\/p>\n","protected":false},"featured_media":29606,"template":"","meta":[],"product_brand":[],"product_cat":[486,488,485],"product_tag":[],"class_list":{"0":"post-29605","1":"product","2":"type-product","3":"status-publish","4":"has-post-thumbnail","6":"product_cat-belysning","7":"product_cat-golv-och-bordslampor","8":"product_cat-hus-bo","10":"first","11":"instock","12":"sale","13":"taxable","14":"shipping-taxable","15":"purchasable","16":"product-type-simple"},"yoast_head":"<!-- This site is optimized with the Yoast SEO plugin v25.4 - https:\/\/yoast.com\/wordpress\/plugins\/seo\/ -->\n<title>TRUUSK Golvlampa Med 2 Hyllplan - Fotkontakt - 40 W E27 - Natur + Vit - TRUUSK - Hem, Tr\u00e4dg\u00e5rd &amp; Fritid<\/title>\n<meta name=\"robots\" content=\"index, follow, max-snippet:-1, max-image-preview:large, max-video-preview:-1\" \/>\n<link rel=\"canonical\" href=\"https:\/\/truusk.store\/sv\/produkt\/truusk-golvlampa-med-2-hyllplan-fotkontakt-40-w-e27-natur-vit\/\" \/>\n<meta property=\"og:locale\" content=\"sv_SE\" \/>\n<meta property=\"og:type\" content=\"article\" \/>\n<meta property=\"og:title\" content=\"TRUUSK Golvlampa Med 2 Hyllplan - Fotkontakt - 40 W E27 - Natur + Vit - TRUUSK - Hem, Tr\u00e4dg\u00e5rd &amp; Fritid\" \/>\n<meta property=\"og:description\" content=\"F\u00e5 ditt hem att lysa med denna golvlampa. Den moderna designen g\u00e5r bra med olika inredningsstilar och \u00e4r en vacker...\" \/>\n<meta property=\"og:url\" content=\"https:\/\/truusk.store\/sv\/produkt\/truusk-golvlampa-med-2-hyllplan-fotkontakt-40-w-e27-natur-vit\/\" \/>\n<meta property=\"og:site_name\" content=\"TRUUSK - Hem, Tr\u00e4dg\u00e5rd &amp; Fritid\" \/>\n<meta property=\"article:modified_time\" content=\"2026-03-12T08:08:30+00:00\" \/>\n<meta property=\"og:image\" content=\"https:\/\/i0.wp.com\/truusk.se\/wp-content\/uploads\/2024\/02\/golvlampa-med-2-hyllplan-golvlampa-fotkontakt-40-w-e-27-natur-vit.webp?fit=800%2C800&ssl=1\" \/>\n\t<meta property=\"og:image:width\" content=\"800\" \/>\n\t<meta property=\"og:image:height\" content=\"800\" \/>\n\t<meta property=\"og:image:type\" content=\"image\/webp\" \/>\n<meta name=\"twitter:card\" content=\"summary_large_image\" \/>\n<meta name=\"twitter:label1\" content=\"Ber\u00e4knad l\u00e4stid\" \/>\n\t<meta name=\"twitter:data1\" content=\"1 minut\" \/>\n<!-- \/ Yoast SEO plugin. -->","yoast_head_json":{"title":"TRUUSK Golvlampa Med 2 Hyllplan - Fotkontakt - 40 W E27 - Natur + Vit - TRUUSK - Hem, Tr\u00e4dg\u00e5rd &amp; Fritid","robots":{"index":"index","follow":"follow","max-snippet":"max-snippet:-1","max-image-preview":"max-image-preview:large","max-video-preview":"max-video-preview:-1"},"canonical":"https:\/\/truusk.store\/sv\/produkt\/truusk-golvlampa-med-2-hyllplan-fotkontakt-40-w-e27-natur-vit\/","og_locale":"sv_SE","og_type":"article","og_title":"TRUUSK Golvlampa Med 2 Hyllplan - Fotkontakt - 40 W E27 - Natur + Vit - TRUUSK - Hem, Tr\u00e4dg\u00e5rd &amp; Fritid","og_description":"F\u00e5 ditt hem att lysa med denna golvlampa. Den moderna designen g\u00e5r bra med olika inredningsstilar och \u00e4r en vacker...","og_url":"https:\/\/truusk.store\/sv\/produkt\/truusk-golvlampa-med-2-hyllplan-fotkontakt-40-w-e27-natur-vit\/","og_site_name":"TRUUSK - Hem, Tr\u00e4dg\u00e5rd &amp; Fritid","article_modified_time":"2026-03-12T08:08:30+00:00","og_image":[{"width":800,"height":800,"url":"https:\/\/i0.wp.com\/truusk.se\/wp-content\/uploads\/2024\/02\/golvlampa-med-2-hyllplan-golvlampa-fotkontakt-40-w-e-27-natur-vit.webp?fit=800%2C800&ssl=1","type":"image\/webp"}],"twitter_card":"summary_large_image","twitter_misc":{"Ber\u00e4knad l\u00e4stid":"1 minut"},"schema":{"@context":"https:\/\/schema.org","@graph":[{"@type":"WebPage","@id":"https:\/\/truusk.store\/sv\/produkt\/truusk-golvlampa-med-2-hyllplan-fotkontakt-40-w-e27-natur-vit\/","url":"https:\/\/truusk.store\/sv\/produkt\/truusk-golvlampa-med-2-hyllplan-fotkontakt-40-w-e27-natur-vit\/","name":"TRUUSK Golvlampa Med 2 Hyllplan - Fotkontakt - 40 W E27 - Natur + Vit - TRUUSK - Hem, Tr\u00e4dg\u00e5rd &amp; Fritid","isPartOf":{"@id":"https:\/\/truusk.store\/sv\/#website"},"primaryImageOfPage":{"@id":"https:\/\/truusk.store\/sv\/produkt\/truusk-golvlampa-med-2-hyllplan-fotkontakt-40-w-e27-natur-vit\/#primaryimage"},"image":{"@id":"https:\/\/truusk.store\/sv\/produkt\/truusk-golvlampa-med-2-hyllplan-fotkontakt-40-w-e27-natur-vit\/#primaryimage"},"thumbnailUrl":"https:\/\/i0.wp.com\/truusk.store\/wp-content\/uploads\/2024\/02\/golvlampa-med-2-hyllplan-golvlampa-fotkontakt-40-w-e-27-natur-vit.webp?fit=800%2C800&ssl=1","datePublished":"2024-02-13T19:17:01+00:00","dateModified":"2026-03-12T08:08:30+00:00","breadcrumb":{"@id":"https:\/\/truusk.store\/sv\/produkt\/truusk-golvlampa-med-2-hyllplan-fotkontakt-40-w-e27-natur-vit\/#breadcrumb"},"inLanguage":"sv-SE","potentialAction":[{"@type":"ReadAction","target":["https:\/\/truusk.store\/sv\/produkt\/truusk-golvlampa-med-2-hyllplan-fotkontakt-40-w-e27-natur-vit\/"]}]},{"@type":"ImageObject","inLanguage":"sv-SE","@id":"https:\/\/truusk.store\/sv\/produkt\/truusk-golvlampa-med-2-hyllplan-fotkontakt-40-w-e27-natur-vit\/#primaryimage","url":"https:\/\/i0.wp.com\/truusk.store\/wp-content\/uploads\/2024\/02\/golvlampa-med-2-hyllplan-golvlampa-fotkontakt-40-w-e-27-natur-vit.webp?fit=800%2C800&ssl=1","contentUrl":"https:\/\/i0.wp.com\/truusk.store\/wp-content\/uploads\/2024\/02\/golvlampa-med-2-hyllplan-golvlampa-fotkontakt-40-w-e-27-natur-vit.webp?fit=800%2C800&ssl=1","width":800,"height":800,"caption":"Golvlampa Med 2 Hyllplan, Golvlampa, Fotkontakt, 40 W. E 27, Natur + Vit 1"},{"@type":"BreadcrumbList","@id":"https:\/\/truusk.store\/sv\/produkt\/truusk-golvlampa-med-2-hyllplan-fotkontakt-40-w-e27-natur-vit\/#breadcrumb","itemListElement":[{"@type":"ListItem","position":1,"name":"Home","item":"https:\/\/truusk.store\/sv\/"},{"@type":"ListItem","position":2,"name":"Shop","item":"https:\/\/truusk.store\/shop\/"},{"@type":"ListItem","position":3,"name":"TRUUSK Golvlampa Med 2 Hyllplan &#8211; Fotkontakt &#8211; 40 W E27 &#8211; Natur + Vit"}]},{"@type":"WebSite","@id":"https:\/\/truusk.store\/sv\/#website","url":"https:\/\/truusk.store\/sv\/","name":"TRUUSK - Hem, Tr\u00e4dg\u00e5rd & Fritid","description":"","publisher":{"@id":"https:\/\/truusk.store\/sv\/#organization"},"potentialAction":[{"@type":"SearchAction","target":{"@type":"EntryPoint","urlTemplate":"https:\/\/truusk.store\/sv\/?s={search_term_string}"},"query-input":{"@type":"PropertyValueSpecification","valueRequired":true,"valueName":"search_term_string"}}],"inLanguage":"sv-SE"},{"@type":"Organization","@id":"https:\/\/truusk.store\/sv\/#organization","name":"TRUUSK - Hem, Tr\u00e4dg\u00e5rd & Fritid","url":"https:\/\/truusk.store\/sv\/","logo":{"@type":"ImageObject","inLanguage":"sv-SE","@id":"https:\/\/truusk.store\/sv\/#\/schema\/logo\/image\/","url":"https:\/\/i0.wp.com\/truusk.store\/wp-content\/uploads\/2026\/03\/cropped-TRUUSK.png?fit=2032%2C917&ssl=1","contentUrl":"https:\/\/i0.wp.com\/truusk.store\/wp-content\/uploads\/2026\/03\/cropped-TRUUSK.png?fit=2032%2C917&ssl=1","width":2032,"height":917,"caption":"TRUUSK - Hem, Tr\u00e4dg\u00e5rd & Fritid"},"image":{"@id":"https:\/\/truusk.store\/sv\/#\/schema\/logo\/image\/"}}]}},"jetpack_sharing_enabled":true,"_links":{"self":[{"href":"https:\/\/truusk.store\/sv\/wp-json\/wp\/v2\/product\/29605","targetHints":{"allow":["GET"]}}],"collection":[{"href":"https:\/\/truusk.store\/sv\/wp-json\/wp\/v2\/product"}],"about":[{"href":"https:\/\/truusk.store\/sv\/wp-json\/wp\/v2\/types\/product"}],"wp:featuredmedia":[{"embeddable":true,"href":"https:\/\/truusk.store\/sv\/wp-json\/wp\/v2\/media\/29606"}],"wp:attachment":[{"href":"https:\/\/truusk.store\/sv\/wp-json\/wp\/v2\/media?parent=29605"}],"wp:term":[{"taxonomy":"product_brand","embeddable":true,"href":"https:\/\/truusk.store\/sv\/wp-json\/wp\/v2\/product_brand?post=29605"},{"taxonomy":"product_cat","embeddable":true,"href":"https:\/\/truusk.store\/sv\/wp-json\/wp\/v2\/product_cat?post=29605"},{"taxonomy":"product_tag","embeddable":true,"href":"https:\/\/truusk.store\/sv\/wp-json\/wp\/v2\/product_tag?post=29605"}],"curies":[{"name":"wp","href":"https:\/\/api.w.org\/{rel}","templated":true}]}}