{"id":29624,"date":"2024-02-13T20:17:45","date_gmt":"2024-02-13T19:17:45","guid":{"rendered":"https:\/\/truusk.store\/product\/golvlampa-inklusive-hylla-golvlampa-kattingtelfer-e-27-40-w-bambu-natur-svart\/"},"modified":"2026-03-12T09:08:30","modified_gmt":"2026-03-12T08:08:30","slug":"truusk-golvlampa-med-hylla-e27-40w-bambu-natur-svart","status":"publish","type":"product","link":"https:\/\/truusk.store\/sv\/produkt\/truusk-golvlampa-med-hylla-e27-40w-bambu-natur-svart\/","title":{"rendered":"TRUUSK Golvlampa med Hylla &#8211; E27 &#8211; 40W &#8211; Bambu &#8211; Natur + Svart"},"content":{"rendered":"<p>F\u00e5 ditt hem att lysa med denna golvlampa. Den moderna designen g\u00e5r bra med olika inredningsstilar och \u00e4r en vacker dekoration f\u00f6r alla hem. Den svarta ramen och den ovanliga designen ger en touch av elegans till alla rum. En integrerad hylla ger f\u00f6rvaringsutrymme f\u00f6r fj\u00e4rrkontroller, mobiltelefoner och mycket mer. Denna golvlampa kommer med kabel, stickpropp och monteringsmaterial. S\u00e4tt bara i kontakten i ett uttag och du har en elegant belysning som skapar dekorativa accenter.<\/p>\n<h3>Beskrivning:<\/h3>\n<ul>\n<li>Det naturf\u00e4rgade bambubordet, lampsk\u00e4rmen i tyg och metallramen ger ditt vardagsrum ett modernt utseende<\/li>\n<li>F\u00f6rvaringsbordet kan rymma fj\u00e4rrkontroll, v\u00e4xter, aromaterapi, etc.<\/li>\n<li>USB-gr\u00e4nssnitt f\u00f6r laddning av elektroniska enheter<\/li>\n<li>Skapar vacker och st\u00e4mningsfull belysning<\/li>\n<li>Dra i kedjan p\u00e5 den \u00f6versta lampan f\u00f6r enkel t\u00e4ndning<\/li>\n<li>Str\u00f6mkabeln ut\u00f6kar anv\u00e4ndningsomr\u00e5det<\/li>\n<li>Stabil bas s\u00e5 att din husdjursfamilj eller ditt barn inte kan v\u00e4lta den<\/li>\n<li>L\u00e4mplig f\u00f6r E 27 ljusk\u00e4llor: LED-lampor, halogenlampor, gl\u00f6dlampor etc. Ljusk\u00e4llan ing\u00e5r ej<\/li>\n<li>Enkel montering kr\u00e4vs, inklusive lampsk\u00e4rmen<\/li>\n<\/ul>\n<h3>Teknisk data:<\/h3>\n<ul>\n<li>F\u00e4rg: Natural+Svart+Beige<\/li>\n<li>Material: st\u00e5l, bambu, linne (polyester)<\/li>\n<li>\u00d6vergripande m\u00e5tt: 40 x 168H cm<\/li>\n<li>Lampsk\u00e4rmens storlek: 40 x 25H cm<\/li>\n<li>Hyllstorlek: 29,5 x 1,5H cm<\/li>\n<li>Basstorlek: 29,5 x 2,5 H cm<\/li>\n<li>Kabell\u00e4ngd: 1,8 m<\/li>\n<li>Viktkapacitet: (hylla) 2kg<\/li>\n<li>E27 bas (gl\u00f6dlampa ing\u00e5r ej)<\/li>\n<li>Lampeffekt: 40W<\/li>\n<li>Sp\u00e4nning: 220-240V\/50Hz<\/li>\n<\/ul>\n<h3>Leveransens omfattning:<\/h3>\n<ul>\n<li>1 x golvlampa<\/li>\n<li>1 x manuell<\/li>\n<\/ul>\n","protected":false},"excerpt":{"rendered":"<p>F\u00e5 ditt hem att lysa med denna golvlampa. Den moderna designen g\u00e5r bra med olika inredningsstilar och \u00e4r en vacker&#8230;<\/p>\n","protected":false},"featured_media":29625,"template":"","meta":[],"product_brand":[],"product_cat":[486,488,485],"product_tag":[],"class_list":{"0":"post-29624","1":"product","2":"type-product","3":"status-publish","4":"has-post-thumbnail","6":"product_cat-belysning","7":"product_cat-golv-och-bordslampor","8":"product_cat-hus-bo","10":"first","11":"instock","12":"sale","13":"taxable","14":"shipping-taxable","15":"purchasable","16":"product-type-simple"},"yoast_head":"<!-- This site is optimized with the Yoast SEO plugin v25.4 - https:\/\/yoast.com\/wordpress\/plugins\/seo\/ -->\n<title>TRUUSK Golvlampa med Hylla - E27 - 40W - Bambu - Natur + Svart - TRUUSK - Hem, Tr\u00e4dg\u00e5rd &amp; Fritid<\/title>\n<meta name=\"robots\" content=\"index, follow, max-snippet:-1, max-image-preview:large, max-video-preview:-1\" \/>\n<link rel=\"canonical\" href=\"https:\/\/truusk.store\/sv\/produkt\/truusk-golvlampa-med-hylla-e27-40w-bambu-natur-svart\/\" \/>\n<meta property=\"og:locale\" content=\"sv_SE\" \/>\n<meta property=\"og:type\" content=\"article\" \/>\n<meta property=\"og:title\" content=\"TRUUSK Golvlampa med Hylla - E27 - 40W - Bambu - Natur + Svart - TRUUSK - Hem, Tr\u00e4dg\u00e5rd &amp; Fritid\" \/>\n<meta property=\"og:description\" content=\"F\u00e5 ditt hem att lysa med denna golvlampa. Den moderna designen g\u00e5r bra med olika inredningsstilar och \u00e4r en vacker...\" \/>\n<meta property=\"og:url\" content=\"https:\/\/truusk.store\/sv\/produkt\/truusk-golvlampa-med-hylla-e27-40w-bambu-natur-svart\/\" \/>\n<meta property=\"og:site_name\" content=\"TRUUSK - Hem, Tr\u00e4dg\u00e5rd &amp; Fritid\" \/>\n<meta property=\"article:modified_time\" content=\"2026-03-12T08:08:30+00:00\" \/>\n<meta property=\"og:image\" content=\"https:\/\/i0.wp.com\/truusk.se\/wp-content\/uploads\/2024\/02\/golvlampa-inklusive-hylla-golvlampa-kattingtelfer-e-27-40-w-bambu-natur-svart.webp?fit=800%2C800&ssl=1\" \/>\n\t<meta property=\"og:image:width\" content=\"800\" \/>\n\t<meta property=\"og:image:height\" content=\"800\" \/>\n\t<meta property=\"og:image:type\" content=\"image\/webp\" \/>\n<meta name=\"twitter:card\" content=\"summary_large_image\" \/>\n<meta name=\"twitter:label1\" content=\"Ber\u00e4knad l\u00e4stid\" \/>\n\t<meta name=\"twitter:data1\" content=\"1 minut\" \/>\n<!-- \/ Yoast SEO plugin. -->","yoast_head_json":{"title":"TRUUSK Golvlampa med Hylla - E27 - 40W - Bambu - Natur + Svart - TRUUSK - Hem, Tr\u00e4dg\u00e5rd &amp; Fritid","robots":{"index":"index","follow":"follow","max-snippet":"max-snippet:-1","max-image-preview":"max-image-preview:large","max-video-preview":"max-video-preview:-1"},"canonical":"https:\/\/truusk.store\/sv\/produkt\/truusk-golvlampa-med-hylla-e27-40w-bambu-natur-svart\/","og_locale":"sv_SE","og_type":"article","og_title":"TRUUSK Golvlampa med Hylla - E27 - 40W - Bambu - Natur + Svart - TRUUSK - Hem, Tr\u00e4dg\u00e5rd &amp; Fritid","og_description":"F\u00e5 ditt hem att lysa med denna golvlampa. Den moderna designen g\u00e5r bra med olika inredningsstilar och \u00e4r en vacker...","og_url":"https:\/\/truusk.store\/sv\/produkt\/truusk-golvlampa-med-hylla-e27-40w-bambu-natur-svart\/","og_site_name":"TRUUSK - Hem, Tr\u00e4dg\u00e5rd &amp; Fritid","article_modified_time":"2026-03-12T08:08:30+00:00","og_image":[{"width":800,"height":800,"url":"https:\/\/i0.wp.com\/truusk.se\/wp-content\/uploads\/2024\/02\/golvlampa-inklusive-hylla-golvlampa-kattingtelfer-e-27-40-w-bambu-natur-svart.webp?fit=800%2C800&ssl=1","type":"image\/webp"}],"twitter_card":"summary_large_image","twitter_misc":{"Ber\u00e4knad l\u00e4stid":"1 minut"},"schema":{"@context":"https:\/\/schema.org","@graph":[{"@type":"WebPage","@id":"https:\/\/truusk.store\/sv\/produkt\/truusk-golvlampa-med-hylla-e27-40w-bambu-natur-svart\/","url":"https:\/\/truusk.store\/sv\/produkt\/truusk-golvlampa-med-hylla-e27-40w-bambu-natur-svart\/","name":"TRUUSK Golvlampa med Hylla - E27 - 40W - Bambu - Natur + Svart - TRUUSK - Hem, Tr\u00e4dg\u00e5rd &amp; Fritid","isPartOf":{"@id":"https:\/\/truusk.store\/sv\/#website"},"primaryImageOfPage":{"@id":"https:\/\/truusk.store\/sv\/produkt\/truusk-golvlampa-med-hylla-e27-40w-bambu-natur-svart\/#primaryimage"},"image":{"@id":"https:\/\/truusk.store\/sv\/produkt\/truusk-golvlampa-med-hylla-e27-40w-bambu-natur-svart\/#primaryimage"},"thumbnailUrl":"https:\/\/i0.wp.com\/truusk.store\/wp-content\/uploads\/2024\/02\/golvlampa-inklusive-hylla-golvlampa-kattingtelfer-e-27-40-w-bambu-natur-svart.webp?fit=800%2C800&ssl=1","datePublished":"2024-02-13T19:17:45+00:00","dateModified":"2026-03-12T08:08:30+00:00","breadcrumb":{"@id":"https:\/\/truusk.store\/sv\/produkt\/truusk-golvlampa-med-hylla-e27-40w-bambu-natur-svart\/#breadcrumb"},"inLanguage":"sv-SE","potentialAction":[{"@type":"ReadAction","target":["https:\/\/truusk.store\/sv\/produkt\/truusk-golvlampa-med-hylla-e27-40w-bambu-natur-svart\/"]}]},{"@type":"ImageObject","inLanguage":"sv-SE","@id":"https:\/\/truusk.store\/sv\/produkt\/truusk-golvlampa-med-hylla-e27-40w-bambu-natur-svart\/#primaryimage","url":"https:\/\/i0.wp.com\/truusk.store\/wp-content\/uploads\/2024\/02\/golvlampa-inklusive-hylla-golvlampa-kattingtelfer-e-27-40-w-bambu-natur-svart.webp?fit=800%2C800&ssl=1","contentUrl":"https:\/\/i0.wp.com\/truusk.store\/wp-content\/uploads\/2024\/02\/golvlampa-inklusive-hylla-golvlampa-kattingtelfer-e-27-40-w-bambu-natur-svart.webp?fit=800%2C800&ssl=1","width":800,"height":800,"caption":"Golvlampa Inklusive Hylla, Golvlampa, K\u00e4ttingtelfer, E 27, 40 W, Bambu, Natur + Svart 1"},{"@type":"BreadcrumbList","@id":"https:\/\/truusk.store\/sv\/produkt\/truusk-golvlampa-med-hylla-e27-40w-bambu-natur-svart\/#breadcrumb","itemListElement":[{"@type":"ListItem","position":1,"name":"Home","item":"https:\/\/truusk.store\/sv\/"},{"@type":"ListItem","position":2,"name":"Shop","item":"https:\/\/truusk.store\/shop\/"},{"@type":"ListItem","position":3,"name":"TRUUSK Golvlampa med Hylla &#8211; E27 &#8211; 40W &#8211; Bambu &#8211; Natur + Svart"}]},{"@type":"WebSite","@id":"https:\/\/truusk.store\/sv\/#website","url":"https:\/\/truusk.store\/sv\/","name":"TRUUSK - Hem, Tr\u00e4dg\u00e5rd & Fritid","description":"","publisher":{"@id":"https:\/\/truusk.store\/sv\/#organization"},"potentialAction":[{"@type":"SearchAction","target":{"@type":"EntryPoint","urlTemplate":"https:\/\/truusk.store\/sv\/?s={search_term_string}"},"query-input":{"@type":"PropertyValueSpecification","valueRequired":true,"valueName":"search_term_string"}}],"inLanguage":"sv-SE"},{"@type":"Organization","@id":"https:\/\/truusk.store\/sv\/#organization","name":"TRUUSK - Hem, Tr\u00e4dg\u00e5rd & Fritid","url":"https:\/\/truusk.store\/sv\/","logo":{"@type":"ImageObject","inLanguage":"sv-SE","@id":"https:\/\/truusk.store\/sv\/#\/schema\/logo\/image\/","url":"https:\/\/i0.wp.com\/truusk.store\/wp-content\/uploads\/2026\/03\/cropped-TRUUSK.png?fit=2032%2C917&ssl=1","contentUrl":"https:\/\/i0.wp.com\/truusk.store\/wp-content\/uploads\/2026\/03\/cropped-TRUUSK.png?fit=2032%2C917&ssl=1","width":2032,"height":917,"caption":"TRUUSK - Hem, Tr\u00e4dg\u00e5rd & Fritid"},"image":{"@id":"https:\/\/truusk.store\/sv\/#\/schema\/logo\/image\/"}}]}},"jetpack_sharing_enabled":true,"_links":{"self":[{"href":"https:\/\/truusk.store\/sv\/wp-json\/wp\/v2\/product\/29624","targetHints":{"allow":["GET"]}}],"collection":[{"href":"https:\/\/truusk.store\/sv\/wp-json\/wp\/v2\/product"}],"about":[{"href":"https:\/\/truusk.store\/sv\/wp-json\/wp\/v2\/types\/product"}],"wp:featuredmedia":[{"embeddable":true,"href":"https:\/\/truusk.store\/sv\/wp-json\/wp\/v2\/media\/29625"}],"wp:attachment":[{"href":"https:\/\/truusk.store\/sv\/wp-json\/wp\/v2\/media?parent=29624"}],"wp:term":[{"taxonomy":"product_brand","embeddable":true,"href":"https:\/\/truusk.store\/sv\/wp-json\/wp\/v2\/product_brand?post=29624"},{"taxonomy":"product_cat","embeddable":true,"href":"https:\/\/truusk.store\/sv\/wp-json\/wp\/v2\/product_cat?post=29624"},{"taxonomy":"product_tag","embeddable":true,"href":"https:\/\/truusk.store\/sv\/wp-json\/wp\/v2\/product_tag?post=29624"}],"curies":[{"name":"wp","href":"https:\/\/api.w.org\/{rel}","templated":true}]}}