{"id":29634,"date":"2024-02-13T20:18:07","date_gmt":"2024-02-13T19:18:07","guid":{"rendered":"https:\/\/truusk.store\/product\/monitorstativ-langd-vinkel-justerbart-dubbelskarmstativ-trahylla-monitorhallare-for-datorskarm-laptop-80-117-x-235-x-10-cm\/"},"modified":"2026-03-12T09:08:31","modified_gmt":"2026-03-12T08:08:31","slug":"truusk-justerbart-dubbelskarmstativ-med-trahylla-for-datorskarm-och-laptop-80-117-x-235-x-10-cm","status":"publish","type":"product","link":"https:\/\/truusk.store\/sv\/produkt\/truusk-justerbart-dubbelskarmstativ-med-trahylla-for-datorskarm-och-laptop-80-117-x-235-x-10-cm\/","title":{"rendered":"TRUUSK Justerbart Dubbelsk\u00e4rmstativ med Tr\u00e4hylla &#8211; F\u00f6r Datorsk\u00e4rm och Laptop &#8211; 80-117 x 23,5 x 10 cm"},"content":{"rendered":"<p>Vill du slippa p\u00e5frestningar n\u00e4r du arbetar vid datorn under l\u00e5nga perioder? Detta monitorstativ kan hj\u00e4lpa dig med detta problem. L\u00e4ngden kan variera mellan 80cm och 117cm, och vinkeln kan justeras efter \u00f6nskem\u00e5l. Tre f\u00f6rvaringsutrymmen under hyllan kan anv\u00e4ndas f\u00f6r att lagra kontorsmaterial f\u00f6r att optimalt utnyttja arbetsytan. Stativet rymmer bekv\u00e4mt tv\u00e5 bildsk\u00e4rmar.<\/p>\n<h3>Beskrivning:<\/h3>\n<ul>\n<li>Justerbar l\u00e4ngd och vinkel f\u00f6r att m\u00f6ta dina behov<\/li>\n<li>3 hyllplan under hyllorna f\u00f6r platsbesparande f\u00f6rvaring<\/li>\n<li>H\u00f6jer monitorer och lindrar nackbelastning<\/li>\n<li>Det justerbara monitorstativet kan st\u00f6dja upp till 2 monitorer<\/li>\n<li>Perfekt f\u00f6r b\u00e4rbar dator, h\u00f6gtalare, l\u00e4tt TV eller skrivare<\/li>\n<li>Tillverkad av MDF-skiva med en maximal belastningsgr\u00e4ns p\u00e5 15 kg<\/li>\n<li>Montering kr\u00e4vs<\/li>\n<\/ul>\n<h3>Teknisk data:<\/h3>\n<ul>\n<li>Svart f\u00e4rg<\/li>\n<li>Material: MDF<\/li>\n<li>\u00d6vergripande m\u00e5tt: 80-117L x 23,5W x 10H cm<\/li>\n<li>M\u00e5tt p\u00e5 hyllan: 40L x 23,5W x 8,8H cm (mitten)<\/li>\n<li>40L x 23,5W x 10H cm (v\u00e4nster och h\u00f6ger)<\/li>\n<li>Total lastkapacitet: 15 kg<\/li>\n<\/ul>\n<h3>Leveransens omfattning:<\/h3>\n<ul>\n<li>1 x Monitorstativ<\/li>\n<li>1 x Instruktioner<\/li>\n<\/ul>\n","protected":false},"excerpt":{"rendered":"<p>Vill du slippa p\u00e5frestningar n\u00e4r du arbetar vid datorn under l\u00e5nga perioder? Detta monitorstativ kan hj\u00e4lpa dig med detta problem&#8230;.<\/p>\n","protected":false},"featured_media":29635,"template":"","meta":[],"product_brand":[],"product_cat":[485,497],"product_tag":[],"class_list":{"0":"post-29634","1":"product","2":"type-product","3":"status-publish","4":"has-post-thumbnail","6":"product_cat-hus-bo","7":"product_cat-kontorsmaterial","9":"first","10":"instock","11":"sale","12":"taxable","13":"shipping-taxable","14":"purchasable","15":"product-type-simple"},"yoast_head":"<!-- This site is optimized with the Yoast SEO plugin v25.4 - https:\/\/yoast.com\/wordpress\/plugins\/seo\/ -->\n<title>TRUUSK Justerbart Dubbelsk\u00e4rmstativ med Tr\u00e4hylla - F\u00f6r Datorsk\u00e4rm och Laptop - 80-117 x 23,5 x 10 cm - TRUUSK - Hem, Tr\u00e4dg\u00e5rd &amp; Fritid<\/title>\n<meta name=\"robots\" content=\"index, follow, max-snippet:-1, max-image-preview:large, max-video-preview:-1\" \/>\n<link rel=\"canonical\" href=\"https:\/\/truusk.store\/sv\/produkt\/truusk-justerbart-dubbelskarmstativ-med-trahylla-for-datorskarm-och-laptop-80-117-x-235-x-10-cm\/\" \/>\n<meta property=\"og:locale\" content=\"sv_SE\" \/>\n<meta property=\"og:type\" content=\"article\" \/>\n<meta property=\"og:title\" content=\"TRUUSK Justerbart Dubbelsk\u00e4rmstativ med Tr\u00e4hylla - F\u00f6r Datorsk\u00e4rm och Laptop - 80-117 x 23,5 x 10 cm - TRUUSK - Hem, Tr\u00e4dg\u00e5rd &amp; Fritid\" \/>\n<meta property=\"og:description\" content=\"Vill du slippa p\u00e5frestningar n\u00e4r du arbetar vid datorn under l\u00e5nga perioder? Detta monitorstativ kan hj\u00e4lpa dig med detta problem....\" \/>\n<meta property=\"og:url\" content=\"https:\/\/truusk.store\/sv\/produkt\/truusk-justerbart-dubbelskarmstativ-med-trahylla-for-datorskarm-och-laptop-80-117-x-235-x-10-cm\/\" \/>\n<meta property=\"og:site_name\" content=\"TRUUSK - Hem, Tr\u00e4dg\u00e5rd &amp; Fritid\" \/>\n<meta property=\"article:modified_time\" content=\"2026-03-12T08:08:31+00:00\" \/>\n<meta property=\"og:image\" content=\"https:\/\/i0.wp.com\/truusk.se\/wp-content\/uploads\/2024\/02\/monitorstativ-langd-vinkel-justerbart-dubbelskarmstativ-trahylla-monitorhallare-for-datorskarm-laptop-80-117-x-235-x-10-cm.webp?fit=800%2C800&ssl=1\" \/>\n\t<meta property=\"og:image:width\" content=\"800\" \/>\n\t<meta property=\"og:image:height\" content=\"800\" \/>\n\t<meta property=\"og:image:type\" content=\"image\/webp\" \/>\n<meta name=\"twitter:card\" content=\"summary_large_image\" \/>\n<meta name=\"twitter:label1\" content=\"Ber\u00e4knad l\u00e4stid\" \/>\n\t<meta name=\"twitter:data1\" content=\"1 minut\" \/>\n<!-- \/ Yoast SEO plugin. -->","yoast_head_json":{"title":"TRUUSK Justerbart Dubbelsk\u00e4rmstativ med Tr\u00e4hylla - F\u00f6r Datorsk\u00e4rm och Laptop - 80-117 x 23,5 x 10 cm - TRUUSK - Hem, Tr\u00e4dg\u00e5rd &amp; Fritid","robots":{"index":"index","follow":"follow","max-snippet":"max-snippet:-1","max-image-preview":"max-image-preview:large","max-video-preview":"max-video-preview:-1"},"canonical":"https:\/\/truusk.store\/sv\/produkt\/truusk-justerbart-dubbelskarmstativ-med-trahylla-for-datorskarm-och-laptop-80-117-x-235-x-10-cm\/","og_locale":"sv_SE","og_type":"article","og_title":"TRUUSK Justerbart Dubbelsk\u00e4rmstativ med Tr\u00e4hylla - F\u00f6r Datorsk\u00e4rm och Laptop - 80-117 x 23,5 x 10 cm - TRUUSK - Hem, Tr\u00e4dg\u00e5rd &amp; Fritid","og_description":"Vill du slippa p\u00e5frestningar n\u00e4r du arbetar vid datorn under l\u00e5nga perioder? Detta monitorstativ kan hj\u00e4lpa dig med detta problem....","og_url":"https:\/\/truusk.store\/sv\/produkt\/truusk-justerbart-dubbelskarmstativ-med-trahylla-for-datorskarm-och-laptop-80-117-x-235-x-10-cm\/","og_site_name":"TRUUSK - Hem, Tr\u00e4dg\u00e5rd &amp; Fritid","article_modified_time":"2026-03-12T08:08:31+00:00","og_image":[{"width":800,"height":800,"url":"https:\/\/i0.wp.com\/truusk.se\/wp-content\/uploads\/2024\/02\/monitorstativ-langd-vinkel-justerbart-dubbelskarmstativ-trahylla-monitorhallare-for-datorskarm-laptop-80-117-x-235-x-10-cm.webp?fit=800%2C800&ssl=1","type":"image\/webp"}],"twitter_card":"summary_large_image","twitter_misc":{"Ber\u00e4knad l\u00e4stid":"1 minut"},"schema":{"@context":"https:\/\/schema.org","@graph":[{"@type":"WebPage","@id":"https:\/\/truusk.store\/sv\/produkt\/truusk-justerbart-dubbelskarmstativ-med-trahylla-for-datorskarm-och-laptop-80-117-x-235-x-10-cm\/","url":"https:\/\/truusk.store\/sv\/produkt\/truusk-justerbart-dubbelskarmstativ-med-trahylla-for-datorskarm-och-laptop-80-117-x-235-x-10-cm\/","name":"TRUUSK Justerbart Dubbelsk\u00e4rmstativ med Tr\u00e4hylla - F\u00f6r Datorsk\u00e4rm och Laptop - 80-117 x 23,5 x 10 cm - TRUUSK - Hem, Tr\u00e4dg\u00e5rd &amp; Fritid","isPartOf":{"@id":"https:\/\/truusk.store\/sv\/#website"},"primaryImageOfPage":{"@id":"https:\/\/truusk.store\/sv\/produkt\/truusk-justerbart-dubbelskarmstativ-med-trahylla-for-datorskarm-och-laptop-80-117-x-235-x-10-cm\/#primaryimage"},"image":{"@id":"https:\/\/truusk.store\/sv\/produkt\/truusk-justerbart-dubbelskarmstativ-med-trahylla-for-datorskarm-och-laptop-80-117-x-235-x-10-cm\/#primaryimage"},"thumbnailUrl":"https:\/\/i0.wp.com\/truusk.store\/wp-content\/uploads\/2024\/02\/monitorstativ-langd-vinkel-justerbart-dubbelskarmstativ-trahylla-monitorhallare-for-datorskarm-laptop-80-117-x-235-x-10-cm.webp?fit=800%2C800&ssl=1","datePublished":"2024-02-13T19:18:07+00:00","dateModified":"2026-03-12T08:08:31+00:00","breadcrumb":{"@id":"https:\/\/truusk.store\/sv\/produkt\/truusk-justerbart-dubbelskarmstativ-med-trahylla-for-datorskarm-och-laptop-80-117-x-235-x-10-cm\/#breadcrumb"},"inLanguage":"sv-SE","potentialAction":[{"@type":"ReadAction","target":["https:\/\/truusk.store\/sv\/produkt\/truusk-justerbart-dubbelskarmstativ-med-trahylla-for-datorskarm-och-laptop-80-117-x-235-x-10-cm\/"]}]},{"@type":"ImageObject","inLanguage":"sv-SE","@id":"https:\/\/truusk.store\/sv\/produkt\/truusk-justerbart-dubbelskarmstativ-med-trahylla-for-datorskarm-och-laptop-80-117-x-235-x-10-cm\/#primaryimage","url":"https:\/\/i0.wp.com\/truusk.store\/wp-content\/uploads\/2024\/02\/monitorstativ-langd-vinkel-justerbart-dubbelskarmstativ-trahylla-monitorhallare-for-datorskarm-laptop-80-117-x-235-x-10-cm.webp?fit=800%2C800&ssl=1","contentUrl":"https:\/\/i0.wp.com\/truusk.store\/wp-content\/uploads\/2024\/02\/monitorstativ-langd-vinkel-justerbart-dubbelskarmstativ-trahylla-monitorhallare-for-datorskarm-laptop-80-117-x-235-x-10-cm.webp?fit=800%2C800&ssl=1","width":800,"height":800,"caption":"Monitorstativ L\u00e4ngd Vinkel Justerbart Dubbelsk\u00e4rmstativ Tr\u00e4hylla Monitorh\u00e5llare F\u00f6r Datorsk\u00e4rm Laptop 80-117 X 23,5 X 10 Cm 1"},{"@type":"BreadcrumbList","@id":"https:\/\/truusk.store\/sv\/produkt\/truusk-justerbart-dubbelskarmstativ-med-trahylla-for-datorskarm-och-laptop-80-117-x-235-x-10-cm\/#breadcrumb","itemListElement":[{"@type":"ListItem","position":1,"name":"Home","item":"https:\/\/truusk.store\/sv\/"},{"@type":"ListItem","position":2,"name":"Shop","item":"https:\/\/truusk.store\/shop\/"},{"@type":"ListItem","position":3,"name":"TRUUSK Justerbart Dubbelsk\u00e4rmstativ med Tr\u00e4hylla &#8211; F\u00f6r Datorsk\u00e4rm och Laptop &#8211; 80-117 x 23,5 x 10 cm"}]},{"@type":"WebSite","@id":"https:\/\/truusk.store\/sv\/#website","url":"https:\/\/truusk.store\/sv\/","name":"TRUUSK - Hem, Tr\u00e4dg\u00e5rd & Fritid","description":"","publisher":{"@id":"https:\/\/truusk.store\/sv\/#organization"},"potentialAction":[{"@type":"SearchAction","target":{"@type":"EntryPoint","urlTemplate":"https:\/\/truusk.store\/sv\/?s={search_term_string}"},"query-input":{"@type":"PropertyValueSpecification","valueRequired":true,"valueName":"search_term_string"}}],"inLanguage":"sv-SE"},{"@type":"Organization","@id":"https:\/\/truusk.store\/sv\/#organization","name":"TRUUSK - Hem, Tr\u00e4dg\u00e5rd & Fritid","url":"https:\/\/truusk.store\/sv\/","logo":{"@type":"ImageObject","inLanguage":"sv-SE","@id":"https:\/\/truusk.store\/sv\/#\/schema\/logo\/image\/","url":"https:\/\/i0.wp.com\/truusk.store\/wp-content\/uploads\/2026\/03\/cropped-TRUUSK.png?fit=2032%2C917&ssl=1","contentUrl":"https:\/\/i0.wp.com\/truusk.store\/wp-content\/uploads\/2026\/03\/cropped-TRUUSK.png?fit=2032%2C917&ssl=1","width":2032,"height":917,"caption":"TRUUSK - Hem, Tr\u00e4dg\u00e5rd & Fritid"},"image":{"@id":"https:\/\/truusk.store\/sv\/#\/schema\/logo\/image\/"}}]}},"jetpack_sharing_enabled":true,"_links":{"self":[{"href":"https:\/\/truusk.store\/sv\/wp-json\/wp\/v2\/product\/29634","targetHints":{"allow":["GET"]}}],"collection":[{"href":"https:\/\/truusk.store\/sv\/wp-json\/wp\/v2\/product"}],"about":[{"href":"https:\/\/truusk.store\/sv\/wp-json\/wp\/v2\/types\/product"}],"wp:featuredmedia":[{"embeddable":true,"href":"https:\/\/truusk.store\/sv\/wp-json\/wp\/v2\/media\/29635"}],"wp:attachment":[{"href":"https:\/\/truusk.store\/sv\/wp-json\/wp\/v2\/media?parent=29634"}],"wp:term":[{"taxonomy":"product_brand","embeddable":true,"href":"https:\/\/truusk.store\/sv\/wp-json\/wp\/v2\/product_brand?post=29634"},{"taxonomy":"product_cat","embeddable":true,"href":"https:\/\/truusk.store\/sv\/wp-json\/wp\/v2\/product_cat?post=29634"},{"taxonomy":"product_tag","embeddable":true,"href":"https:\/\/truusk.store\/sv\/wp-json\/wp\/v2\/product_tag?post=29634"}],"curies":[{"name":"wp","href":"https:\/\/api.w.org\/{rel}","templated":true}]}}