{"id":29706,"date":"2024-02-13T20:20:36","date_gmt":"2024-02-13T19:20:36","guid":{"rendered":"https:\/\/truusk.store\/product\/matbord-koksbord-for-2-personer-hogblank-yta-med-bordsben-vit-72-x-72-x-75cm\/"},"modified":"2026-03-12T09:08:32","modified_gmt":"2026-03-12T08:08:32","slug":"truusk-matbord-for-kok-hogblank-vit-yta-med-bordsben-72-x-72-x-75cm","status":"publish","type":"product","link":"https:\/\/truusk.store\/sv\/produkt\/truusk-matbord-for-kok-hogblank-vit-yta-med-bordsben-72-x-72-x-75cm\/","title":{"rendered":"TRUUSK Matbord f\u00f6r K\u00f6k &#8211; H\u00f6gblank Vit Yta &#8211; Med Bordsben &#8211; 72 x 72 x 75cm"},"content":{"rendered":"<p>Det h\u00e4r praktiska matbordet \u00e4r kompakt och elegant i designen och ger ditt k\u00f6k en s\u00e4rskilt smakfull touch. Detta sofistikerade bord rymmer tv\u00e5 personer bekv\u00e4mt f\u00f6r att njuta av en uts\u00f6kt middag, en klunk vin eller l\u00e4ttare samtal. De vita metallbenen och den robusta konstruktionen s\u00e4kerst\u00e4ller ett s\u00e4kert stativ.De bifogade bordsf\u00f6tterna skyddar \u00e4ven ditt golv fr\u00e5n repor.<\/p>\n<h3>Beskrivning:<\/h3>\n<ul>\n<li>Tv\u00e5sits &#8211; l\u00e4mplig f\u00f6r mindre k\u00f6k och matplatser<\/li>\n<li>Vit, gl\u00e4nsande bordsskiva f\u00f6r en modern, tidl\u00f6st elegant look<\/li>\n<li>4 fasade metallben ger h\u00f6g stabilitet<\/li>\n<li>Fotskydd skyddar golvet fr\u00e5n repor<\/li>\n<li>L\u00e4mplig f\u00f6r k\u00f6k, matsal, vardagsrum<\/li>\n<li>Max belastning: 80 kg, montering kr\u00e4vs<\/li>\n<\/ul>\n<h3>Teknisk data:<\/h3>\n<ul>\n<li>F\u00e4rg vit<\/li>\n<li>Material: MDF, metall<\/li>\n<li>Totalm\u00e5tt: 72 x 75H cm<\/li>\n<li>Lastkapacitet: 80 kg<\/li>\n<\/ul>\n<h3>Leveransens omfattning:<\/h3>\n<ul>\n<li>1 x matbord<\/li>\n<li>1 x manuell<\/li>\n<\/ul>\n","protected":false},"excerpt":{"rendered":"<p>Det h\u00e4r praktiska matbordet \u00e4r kompakt och elegant i designen och ger ditt k\u00f6k en s\u00e4rskilt smakfull touch. Detta sofistikerade&#8230;<\/p>\n","protected":false},"featured_media":29707,"template":"","meta":[],"product_brand":[],"product_cat":[485,509,501],"product_tag":[],"class_list":{"0":"post-29706","1":"product","2":"type-product","3":"status-publish","4":"has-post-thumbnail","6":"product_cat-hus-bo","7":"product_cat-matbord","8":"product_cat-tabeller","10":"first","11":"instock","12":"sale","13":"taxable","14":"shipping-taxable","15":"purchasable","16":"product-type-simple"},"yoast_head":"<!-- This site is optimized with the Yoast SEO plugin v25.4 - https:\/\/yoast.com\/wordpress\/plugins\/seo\/ -->\n<title>TRUUSK Matbord f\u00f6r K\u00f6k - H\u00f6gblank Vit Yta - Med Bordsben - 72 x 72 x 75cm - TRUUSK - Hem, Tr\u00e4dg\u00e5rd &amp; Fritid<\/title>\n<meta name=\"robots\" content=\"index, follow, max-snippet:-1, max-image-preview:large, max-video-preview:-1\" \/>\n<link rel=\"canonical\" href=\"https:\/\/truusk.store\/sv\/produkt\/truusk-matbord-for-kok-hogblank-vit-yta-med-bordsben-72-x-72-x-75cm\/\" \/>\n<meta property=\"og:locale\" content=\"sv_SE\" \/>\n<meta property=\"og:type\" content=\"article\" \/>\n<meta property=\"og:title\" content=\"TRUUSK Matbord f\u00f6r K\u00f6k - H\u00f6gblank Vit Yta - Med Bordsben - 72 x 72 x 75cm - TRUUSK - Hem, Tr\u00e4dg\u00e5rd &amp; Fritid\" \/>\n<meta property=\"og:description\" content=\"Det h\u00e4r praktiska matbordet \u00e4r kompakt och elegant i designen och ger ditt k\u00f6k en s\u00e4rskilt smakfull touch. Detta sofistikerade...\" \/>\n<meta property=\"og:url\" content=\"https:\/\/truusk.store\/sv\/produkt\/truusk-matbord-for-kok-hogblank-vit-yta-med-bordsben-72-x-72-x-75cm\/\" \/>\n<meta property=\"og:site_name\" content=\"TRUUSK - Hem, Tr\u00e4dg\u00e5rd &amp; Fritid\" \/>\n<meta property=\"article:modified_time\" content=\"2026-03-12T08:08:32+00:00\" \/>\n<meta property=\"og:image\" content=\"https:\/\/i0.wp.com\/truusk.se\/wp-content\/uploads\/2024\/02\/matbord-koksbord-for-2-personer-hogblank-yta-med-bordsben-vit-72-x-72-x-75cm.webp?fit=800%2C800&ssl=1\" \/>\n\t<meta property=\"og:image:width\" content=\"800\" \/>\n\t<meta property=\"og:image:height\" content=\"800\" \/>\n\t<meta property=\"og:image:type\" content=\"image\/webp\" \/>\n<meta name=\"twitter:card\" content=\"summary_large_image\" \/>\n<meta name=\"twitter:label1\" content=\"Ber\u00e4knad l\u00e4stid\" \/>\n\t<meta name=\"twitter:data1\" content=\"1 minut\" \/>\n<!-- \/ Yoast SEO plugin. -->","yoast_head_json":{"title":"TRUUSK Matbord f\u00f6r K\u00f6k - H\u00f6gblank Vit Yta - Med Bordsben - 72 x 72 x 75cm - TRUUSK - Hem, Tr\u00e4dg\u00e5rd &amp; Fritid","robots":{"index":"index","follow":"follow","max-snippet":"max-snippet:-1","max-image-preview":"max-image-preview:large","max-video-preview":"max-video-preview:-1"},"canonical":"https:\/\/truusk.store\/sv\/produkt\/truusk-matbord-for-kok-hogblank-vit-yta-med-bordsben-72-x-72-x-75cm\/","og_locale":"sv_SE","og_type":"article","og_title":"TRUUSK Matbord f\u00f6r K\u00f6k - H\u00f6gblank Vit Yta - Med Bordsben - 72 x 72 x 75cm - TRUUSK - Hem, Tr\u00e4dg\u00e5rd &amp; Fritid","og_description":"Det h\u00e4r praktiska matbordet \u00e4r kompakt och elegant i designen och ger ditt k\u00f6k en s\u00e4rskilt smakfull touch. Detta sofistikerade...","og_url":"https:\/\/truusk.store\/sv\/produkt\/truusk-matbord-for-kok-hogblank-vit-yta-med-bordsben-72-x-72-x-75cm\/","og_site_name":"TRUUSK - Hem, Tr\u00e4dg\u00e5rd &amp; Fritid","article_modified_time":"2026-03-12T08:08:32+00:00","og_image":[{"width":800,"height":800,"url":"https:\/\/i0.wp.com\/truusk.se\/wp-content\/uploads\/2024\/02\/matbord-koksbord-for-2-personer-hogblank-yta-med-bordsben-vit-72-x-72-x-75cm.webp?fit=800%2C800&ssl=1","type":"image\/webp"}],"twitter_card":"summary_large_image","twitter_misc":{"Ber\u00e4knad l\u00e4stid":"1 minut"},"schema":{"@context":"https:\/\/schema.org","@graph":[{"@type":"WebPage","@id":"https:\/\/truusk.store\/sv\/produkt\/truusk-matbord-for-kok-hogblank-vit-yta-med-bordsben-72-x-72-x-75cm\/","url":"https:\/\/truusk.store\/sv\/produkt\/truusk-matbord-for-kok-hogblank-vit-yta-med-bordsben-72-x-72-x-75cm\/","name":"TRUUSK Matbord f\u00f6r K\u00f6k - H\u00f6gblank Vit Yta - Med Bordsben - 72 x 72 x 75cm - TRUUSK - Hem, Tr\u00e4dg\u00e5rd &amp; Fritid","isPartOf":{"@id":"https:\/\/truusk.store\/sv\/#website"},"primaryImageOfPage":{"@id":"https:\/\/truusk.store\/sv\/produkt\/truusk-matbord-for-kok-hogblank-vit-yta-med-bordsben-72-x-72-x-75cm\/#primaryimage"},"image":{"@id":"https:\/\/truusk.store\/sv\/produkt\/truusk-matbord-for-kok-hogblank-vit-yta-med-bordsben-72-x-72-x-75cm\/#primaryimage"},"thumbnailUrl":"https:\/\/i0.wp.com\/truusk.store\/wp-content\/uploads\/2024\/02\/matbord-koksbord-for-2-personer-hogblank-yta-med-bordsben-vit-72-x-72-x-75cm.webp?fit=800%2C800&ssl=1","datePublished":"2024-02-13T19:20:36+00:00","dateModified":"2026-03-12T08:08:32+00:00","breadcrumb":{"@id":"https:\/\/truusk.store\/sv\/produkt\/truusk-matbord-for-kok-hogblank-vit-yta-med-bordsben-72-x-72-x-75cm\/#breadcrumb"},"inLanguage":"sv-SE","potentialAction":[{"@type":"ReadAction","target":["https:\/\/truusk.store\/sv\/produkt\/truusk-matbord-for-kok-hogblank-vit-yta-med-bordsben-72-x-72-x-75cm\/"]}]},{"@type":"ImageObject","inLanguage":"sv-SE","@id":"https:\/\/truusk.store\/sv\/produkt\/truusk-matbord-for-kok-hogblank-vit-yta-med-bordsben-72-x-72-x-75cm\/#primaryimage","url":"https:\/\/i0.wp.com\/truusk.store\/wp-content\/uploads\/2024\/02\/matbord-koksbord-for-2-personer-hogblank-yta-med-bordsben-vit-72-x-72-x-75cm.webp?fit=800%2C800&ssl=1","contentUrl":"https:\/\/i0.wp.com\/truusk.store\/wp-content\/uploads\/2024\/02\/matbord-koksbord-for-2-personer-hogblank-yta-med-bordsben-vit-72-x-72-x-75cm.webp?fit=800%2C800&ssl=1","width":800,"height":800,"caption":"Matbord, K\u00f6ksbord, F\u00f6r 2 Personer, H\u00f6gblank Yta, Med Bordsben, Vit, 72 X 72 X 75cm 1"},{"@type":"BreadcrumbList","@id":"https:\/\/truusk.store\/sv\/produkt\/truusk-matbord-for-kok-hogblank-vit-yta-med-bordsben-72-x-72-x-75cm\/#breadcrumb","itemListElement":[{"@type":"ListItem","position":1,"name":"Home","item":"https:\/\/truusk.store\/sv\/"},{"@type":"ListItem","position":2,"name":"Shop","item":"https:\/\/truusk.store\/shop\/"},{"@type":"ListItem","position":3,"name":"TRUUSK Matbord f\u00f6r K\u00f6k &#8211; H\u00f6gblank Vit Yta &#8211; Med Bordsben &#8211; 72 x 72 x 75cm"}]},{"@type":"WebSite","@id":"https:\/\/truusk.store\/sv\/#website","url":"https:\/\/truusk.store\/sv\/","name":"TRUUSK - Hem, Tr\u00e4dg\u00e5rd & Fritid","description":"","publisher":{"@id":"https:\/\/truusk.store\/sv\/#organization"},"potentialAction":[{"@type":"SearchAction","target":{"@type":"EntryPoint","urlTemplate":"https:\/\/truusk.store\/sv\/?s={search_term_string}"},"query-input":{"@type":"PropertyValueSpecification","valueRequired":true,"valueName":"search_term_string"}}],"inLanguage":"sv-SE"},{"@type":"Organization","@id":"https:\/\/truusk.store\/sv\/#organization","name":"TRUUSK - Hem, Tr\u00e4dg\u00e5rd & Fritid","url":"https:\/\/truusk.store\/sv\/","logo":{"@type":"ImageObject","inLanguage":"sv-SE","@id":"https:\/\/truusk.store\/sv\/#\/schema\/logo\/image\/","url":"https:\/\/i0.wp.com\/truusk.store\/wp-content\/uploads\/2026\/03\/cropped-TRUUSK.png?fit=2032%2C917&ssl=1","contentUrl":"https:\/\/i0.wp.com\/truusk.store\/wp-content\/uploads\/2026\/03\/cropped-TRUUSK.png?fit=2032%2C917&ssl=1","width":2032,"height":917,"caption":"TRUUSK - Hem, Tr\u00e4dg\u00e5rd & Fritid"},"image":{"@id":"https:\/\/truusk.store\/sv\/#\/schema\/logo\/image\/"}}]}},"jetpack_sharing_enabled":true,"_links":{"self":[{"href":"https:\/\/truusk.store\/sv\/wp-json\/wp\/v2\/product\/29706","targetHints":{"allow":["GET"]}}],"collection":[{"href":"https:\/\/truusk.store\/sv\/wp-json\/wp\/v2\/product"}],"about":[{"href":"https:\/\/truusk.store\/sv\/wp-json\/wp\/v2\/types\/product"}],"wp:featuredmedia":[{"embeddable":true,"href":"https:\/\/truusk.store\/sv\/wp-json\/wp\/v2\/media\/29707"}],"wp:attachment":[{"href":"https:\/\/truusk.store\/sv\/wp-json\/wp\/v2\/media?parent=29706"}],"wp:term":[{"taxonomy":"product_brand","embeddable":true,"href":"https:\/\/truusk.store\/sv\/wp-json\/wp\/v2\/product_brand?post=29706"},{"taxonomy":"product_cat","embeddable":true,"href":"https:\/\/truusk.store\/sv\/wp-json\/wp\/v2\/product_cat?post=29706"},{"taxonomy":"product_tag","embeddable":true,"href":"https:\/\/truusk.store\/sv\/wp-json\/wp\/v2\/product_tag?post=29706"}],"curies":[{"name":"wp","href":"https:\/\/api.w.org\/{rel}","templated":true}]}}