{"id":29846,"date":"2024-02-13T20:25:36","date_gmt":"2024-02-13T19:25:36","guid":{"rendered":"https:\/\/truusk.store\/product\/bank-kladd-bank-med-forvaringsutrymme-brostbank-hall-sovrum-vardagsrum-linneliknande-polyestergummitra-morkgra-100-x-40-x-44-cm\/"},"modified":"2026-03-12T09:08:33","modified_gmt":"2026-03-12T08:08:33","slug":"truusk-kladd-bank-med-forvaringsutrymme-linneliknande-material-morkgra-100-x-40-x-44-cm","status":"publish","type":"product","link":"https:\/\/truusk.store\/sv\/produkt\/truusk-kladd-bank-med-forvaringsutrymme-linneliknande-material-morkgra-100-x-40-x-44-cm\/","title":{"rendered":"TRUUSK Kl\u00e4dd B\u00e4nk Med F\u00f6rvaringsutrymme &#8211; Linneliknande Material &#8211; M\u00f6rkgr\u00e5 &#8211; 100 x 40 x 44 cm"},"content":{"rendered":"<p>Med denna b\u00e4nk skapar du ett omedelbart blickf\u00e5ng i ditt hem. Andningsbart linnetyg och kn\u00e4ppade detaljer ger en touch av vintageglamour till ditt hem. Med gott om f\u00f6rvaringsutrymme \u00e4r denna ottoman ett praktiskt och klassiskt val f\u00f6r ytterligare sittplatser i entr\u00e9n, under f\u00f6nstret eller i vardagsrummet.<\/p>\n<h3>Beskrivning:<\/h3>\n<ul>\n<li>Den tuftade knappdesignen l\u00e4gger till en touch av glamour till ditt hem<\/li>\n<li>Med en f\u00e4llbar sits med f\u00f6rvaringsutrymme f\u00f6r b\u00f6cker, leksaker eller filtar<\/li>\n<li>Andningsbart linne-polyestertyg s\u00e4kerst\u00e4ller exceptionell komfort och avkoppling<\/li>\n<li>Gummitr\u00e4benen s\u00e4kerst\u00e4ller stabilitet och h\u00e5llbarhet<\/li>\n<li>L\u00e4mplig f\u00f6r entr\u00e9n, f\u00f6nstersidan och vardagsrummet<\/li>\n<li>Kr\u00e4vs montering<\/li>\n<\/ul>\n<h3>Teknisk data:<\/h3>\n<ul>\n<li>F\u00e4rg: M\u00f6rkgr\u00e5<\/li>\n<li>Material: Linneliknande polyester, gummitr\u00e4<\/li>\n<li>\u00d6vergripande m\u00e5tt: 100W x 40D x 44H cm<\/li>\n<li>Sk\u00e5pets innerm\u00e5tt: 92W x 32D x 23,5H cm<\/li>\n<li>Lastkapacitet: 120 kg<\/li>\n<\/ul>\n<h3>Leveransens omfattning:<\/h3>\n<ul>\n<li>1 x b\u00e4nk<\/li>\n<li>1 x Instruktioner<\/li>\n<\/ul>\n","protected":false},"excerpt":{"rendered":"<p>Med denna b\u00e4nk skapar du ett omedelbart blickf\u00e5ng i ditt hem. Andningsbart linnetyg och kn\u00e4ppade detaljer ger en touch av&#8230;<\/p>\n","protected":false},"featured_media":29847,"template":"","meta":[],"product_brand":[],"product_cat":[485,537,540],"product_tag":[],"class_list":{"0":"post-29846","1":"product","2":"type-product","3":"status-publish","4":"has-post-thumbnail","6":"product_cat-hus-bo","7":"product_cat-sittplatser-bankar","8":"product_cat-stoppade-bankar","10":"first","11":"instock","12":"sale","13":"taxable","14":"shipping-taxable","15":"purchasable","16":"product-type-simple"},"yoast_head":"<!-- This site is optimized with the Yoast SEO plugin v25.4 - https:\/\/yoast.com\/wordpress\/plugins\/seo\/ -->\n<title>TRUUSK Kl\u00e4dd B\u00e4nk Med F\u00f6rvaringsutrymme - Linneliknande Material - M\u00f6rkgr\u00e5 - 100 x 40 x 44 cm - TRUUSK - Hem, Tr\u00e4dg\u00e5rd &amp; Fritid<\/title>\n<meta name=\"robots\" content=\"index, follow, max-snippet:-1, max-image-preview:large, max-video-preview:-1\" \/>\n<link rel=\"canonical\" href=\"https:\/\/truusk.store\/sv\/produkt\/truusk-kladd-bank-med-forvaringsutrymme-linneliknande-material-morkgra-100-x-40-x-44-cm\/\" \/>\n<meta property=\"og:locale\" content=\"sv_SE\" \/>\n<meta property=\"og:type\" content=\"article\" \/>\n<meta property=\"og:title\" content=\"TRUUSK Kl\u00e4dd B\u00e4nk Med F\u00f6rvaringsutrymme - Linneliknande Material - M\u00f6rkgr\u00e5 - 100 x 40 x 44 cm - TRUUSK - Hem, Tr\u00e4dg\u00e5rd &amp; Fritid\" \/>\n<meta property=\"og:description\" content=\"Med denna b\u00e4nk skapar du ett omedelbart blickf\u00e5ng i ditt hem. Andningsbart linnetyg och kn\u00e4ppade detaljer ger en touch av...\" \/>\n<meta property=\"og:url\" content=\"https:\/\/truusk.store\/sv\/produkt\/truusk-kladd-bank-med-forvaringsutrymme-linneliknande-material-morkgra-100-x-40-x-44-cm\/\" \/>\n<meta property=\"og:site_name\" content=\"TRUUSK - Hem, Tr\u00e4dg\u00e5rd &amp; Fritid\" \/>\n<meta property=\"article:modified_time\" content=\"2026-03-12T08:08:33+00:00\" \/>\n<meta property=\"og:image\" content=\"https:\/\/i0.wp.com\/truusk.se\/wp-content\/uploads\/2024\/02\/bank-kladd-bank-med-forvaringsutrymme-brostbank-hall-sovrum-vardagsrum-linneliknande-polyestergummitra-morkgra-100-x-40-x-44-cm.webp?fit=800%2C800&ssl=1\" \/>\n\t<meta property=\"og:image:width\" content=\"800\" \/>\n\t<meta property=\"og:image:height\" content=\"800\" \/>\n\t<meta property=\"og:image:type\" content=\"image\/webp\" \/>\n<meta name=\"twitter:card\" content=\"summary_large_image\" \/>\n<meta name=\"twitter:label1\" content=\"Ber\u00e4knad l\u00e4stid\" \/>\n\t<meta name=\"twitter:data1\" content=\"1 minut\" \/>\n<!-- \/ Yoast SEO plugin. -->","yoast_head_json":{"title":"TRUUSK Kl\u00e4dd B\u00e4nk Med F\u00f6rvaringsutrymme - Linneliknande Material - M\u00f6rkgr\u00e5 - 100 x 40 x 44 cm - TRUUSK - Hem, Tr\u00e4dg\u00e5rd &amp; Fritid","robots":{"index":"index","follow":"follow","max-snippet":"max-snippet:-1","max-image-preview":"max-image-preview:large","max-video-preview":"max-video-preview:-1"},"canonical":"https:\/\/truusk.store\/sv\/produkt\/truusk-kladd-bank-med-forvaringsutrymme-linneliknande-material-morkgra-100-x-40-x-44-cm\/","og_locale":"sv_SE","og_type":"article","og_title":"TRUUSK Kl\u00e4dd B\u00e4nk Med F\u00f6rvaringsutrymme - Linneliknande Material - M\u00f6rkgr\u00e5 - 100 x 40 x 44 cm - TRUUSK - Hem, Tr\u00e4dg\u00e5rd &amp; Fritid","og_description":"Med denna b\u00e4nk skapar du ett omedelbart blickf\u00e5ng i ditt hem. Andningsbart linnetyg och kn\u00e4ppade detaljer ger en touch av...","og_url":"https:\/\/truusk.store\/sv\/produkt\/truusk-kladd-bank-med-forvaringsutrymme-linneliknande-material-morkgra-100-x-40-x-44-cm\/","og_site_name":"TRUUSK - Hem, Tr\u00e4dg\u00e5rd &amp; Fritid","article_modified_time":"2026-03-12T08:08:33+00:00","og_image":[{"width":800,"height":800,"url":"https:\/\/i0.wp.com\/truusk.se\/wp-content\/uploads\/2024\/02\/bank-kladd-bank-med-forvaringsutrymme-brostbank-hall-sovrum-vardagsrum-linneliknande-polyestergummitra-morkgra-100-x-40-x-44-cm.webp?fit=800%2C800&ssl=1","type":"image\/webp"}],"twitter_card":"summary_large_image","twitter_misc":{"Ber\u00e4knad l\u00e4stid":"1 minut"},"schema":{"@context":"https:\/\/schema.org","@graph":[{"@type":"WebPage","@id":"https:\/\/truusk.store\/sv\/produkt\/truusk-kladd-bank-med-forvaringsutrymme-linneliknande-material-morkgra-100-x-40-x-44-cm\/","url":"https:\/\/truusk.store\/sv\/produkt\/truusk-kladd-bank-med-forvaringsutrymme-linneliknande-material-morkgra-100-x-40-x-44-cm\/","name":"TRUUSK Kl\u00e4dd B\u00e4nk Med F\u00f6rvaringsutrymme - Linneliknande Material - M\u00f6rkgr\u00e5 - 100 x 40 x 44 cm - TRUUSK - Hem, Tr\u00e4dg\u00e5rd &amp; Fritid","isPartOf":{"@id":"https:\/\/truusk.store\/sv\/#website"},"primaryImageOfPage":{"@id":"https:\/\/truusk.store\/sv\/produkt\/truusk-kladd-bank-med-forvaringsutrymme-linneliknande-material-morkgra-100-x-40-x-44-cm\/#primaryimage"},"image":{"@id":"https:\/\/truusk.store\/sv\/produkt\/truusk-kladd-bank-med-forvaringsutrymme-linneliknande-material-morkgra-100-x-40-x-44-cm\/#primaryimage"},"thumbnailUrl":"https:\/\/i0.wp.com\/truusk.store\/wp-content\/uploads\/2024\/02\/bank-kladd-bank-med-forvaringsutrymme-brostbank-hall-sovrum-vardagsrum-linneliknande-polyestergummitra-morkgra-100-x-40-x-44-cm.webp?fit=800%2C800&ssl=1","datePublished":"2024-02-13T19:25:36+00:00","dateModified":"2026-03-12T08:08:33+00:00","breadcrumb":{"@id":"https:\/\/truusk.store\/sv\/produkt\/truusk-kladd-bank-med-forvaringsutrymme-linneliknande-material-morkgra-100-x-40-x-44-cm\/#breadcrumb"},"inLanguage":"sv-SE","potentialAction":[{"@type":"ReadAction","target":["https:\/\/truusk.store\/sv\/produkt\/truusk-kladd-bank-med-forvaringsutrymme-linneliknande-material-morkgra-100-x-40-x-44-cm\/"]}]},{"@type":"ImageObject","inLanguage":"sv-SE","@id":"https:\/\/truusk.store\/sv\/produkt\/truusk-kladd-bank-med-forvaringsutrymme-linneliknande-material-morkgra-100-x-40-x-44-cm\/#primaryimage","url":"https:\/\/i0.wp.com\/truusk.store\/wp-content\/uploads\/2024\/02\/bank-kladd-bank-med-forvaringsutrymme-brostbank-hall-sovrum-vardagsrum-linneliknande-polyestergummitra-morkgra-100-x-40-x-44-cm.webp?fit=800%2C800&ssl=1","contentUrl":"https:\/\/i0.wp.com\/truusk.store\/wp-content\/uploads\/2024\/02\/bank-kladd-bank-med-forvaringsutrymme-brostbank-hall-sovrum-vardagsrum-linneliknande-polyestergummitra-morkgra-100-x-40-x-44-cm.webp?fit=800%2C800&ssl=1","width":800,"height":800,"caption":"B\u00e4nk Kl\u00e4dd B\u00e4nk Med F\u00f6rvaringsutrymme Br\u00f6stb\u00e4nk Hall Sovrum Vardagsrum Linneliknande Polyestergummitr\u00e4 M\u00f6rkgr\u00e5 100 X 40 X 44 Cm 1"},{"@type":"BreadcrumbList","@id":"https:\/\/truusk.store\/sv\/produkt\/truusk-kladd-bank-med-forvaringsutrymme-linneliknande-material-morkgra-100-x-40-x-44-cm\/#breadcrumb","itemListElement":[{"@type":"ListItem","position":1,"name":"Home","item":"https:\/\/truusk.store\/sv\/"},{"@type":"ListItem","position":2,"name":"Shop","item":"https:\/\/truusk.store\/shop\/"},{"@type":"ListItem","position":3,"name":"TRUUSK Kl\u00e4dd B\u00e4nk Med F\u00f6rvaringsutrymme &#8211; Linneliknande Material &#8211; M\u00f6rkgr\u00e5 &#8211; 100 x 40 x 44 cm"}]},{"@type":"WebSite","@id":"https:\/\/truusk.store\/sv\/#website","url":"https:\/\/truusk.store\/sv\/","name":"TRUUSK - Hem, Tr\u00e4dg\u00e5rd & Fritid","description":"","publisher":{"@id":"https:\/\/truusk.store\/sv\/#organization"},"potentialAction":[{"@type":"SearchAction","target":{"@type":"EntryPoint","urlTemplate":"https:\/\/truusk.store\/sv\/?s={search_term_string}"},"query-input":{"@type":"PropertyValueSpecification","valueRequired":true,"valueName":"search_term_string"}}],"inLanguage":"sv-SE"},{"@type":"Organization","@id":"https:\/\/truusk.store\/sv\/#organization","name":"TRUUSK - Hem, Tr\u00e4dg\u00e5rd & Fritid","url":"https:\/\/truusk.store\/sv\/","logo":{"@type":"ImageObject","inLanguage":"sv-SE","@id":"https:\/\/truusk.store\/sv\/#\/schema\/logo\/image\/","url":"https:\/\/i0.wp.com\/truusk.store\/wp-content\/uploads\/2026\/03\/cropped-TRUUSK.png?fit=2032%2C917&ssl=1","contentUrl":"https:\/\/i0.wp.com\/truusk.store\/wp-content\/uploads\/2026\/03\/cropped-TRUUSK.png?fit=2032%2C917&ssl=1","width":2032,"height":917,"caption":"TRUUSK - Hem, Tr\u00e4dg\u00e5rd & Fritid"},"image":{"@id":"https:\/\/truusk.store\/sv\/#\/schema\/logo\/image\/"}}]}},"jetpack_sharing_enabled":true,"_links":{"self":[{"href":"https:\/\/truusk.store\/sv\/wp-json\/wp\/v2\/product\/29846","targetHints":{"allow":["GET"]}}],"collection":[{"href":"https:\/\/truusk.store\/sv\/wp-json\/wp\/v2\/product"}],"about":[{"href":"https:\/\/truusk.store\/sv\/wp-json\/wp\/v2\/types\/product"}],"wp:featuredmedia":[{"embeddable":true,"href":"https:\/\/truusk.store\/sv\/wp-json\/wp\/v2\/media\/29847"}],"wp:attachment":[{"href":"https:\/\/truusk.store\/sv\/wp-json\/wp\/v2\/media?parent=29846"}],"wp:term":[{"taxonomy":"product_brand","embeddable":true,"href":"https:\/\/truusk.store\/sv\/wp-json\/wp\/v2\/product_brand?post=29846"},{"taxonomy":"product_cat","embeddable":true,"href":"https:\/\/truusk.store\/sv\/wp-json\/wp\/v2\/product_cat?post=29846"},{"taxonomy":"product_tag","embeddable":true,"href":"https:\/\/truusk.store\/sv\/wp-json\/wp\/v2\/product_tag?post=29846"}],"curies":[{"name":"wp","href":"https:\/\/api.w.org\/{rel}","templated":true}]}}