{"id":29858,"date":"2024-02-13T20:26:01","date_gmt":"2024-02-13T19:26:01","guid":{"rendered":"https:\/\/truusk.store\/product\/skraptunna-for-katter-kattskrapstolpe-3-nivaer-katttrad-klattertrad-for-katter-kattmobler-spanskiva-sammetslen-polyester-sisal-gravit-40-x-40-x-74-cm\/"},"modified":"2026-03-12T09:08:34","modified_gmt":"2026-03-12T08:08:34","slug":"truusk-kattskrapstolpe-3-nivaer-klattertrad-for-katter-gravit-40-x-40-x-74-cm-sisal-polyester-hogkvalitativa","status":"publish","type":"product","link":"https:\/\/truusk.store\/sv\/produkt\/truusk-kattskrapstolpe-3-nivaer-klattertrad-for-katter-gravit-40-x-40-x-74-cm-sisal-polyester-hogkvalitativa\/","title":{"rendered":"TRUUSK Kattskrapstolpe, 3 Niv\u00e5er &#8211; Kl\u00e4ttertr\u00e4d F\u00f6r Katter &#8211; Gr\u00e5+Vit &#8211; 40 x 40 x 74 cm &#8211; Sisal &amp; Polyester &#8211; H\u00f6gkvalitativa"},"content":{"rendered":"<p>Den h\u00e4r sisalt\u00e4ckta kattskrapstolpen kommer s\u00e4kerligen att bli din katts favoritst\u00e4lle. Det erbjuder en fantastisk plats att leka, sova och g\u00f6mma sig. Tre grottomr\u00e5den \u00e4r sammankopplade via 2 stora h\u00e5l inuti, vilket ger dem dubbelt s\u00e5 mycket utrymme att r\u00f6ra sig och g\u00f6mma sig. Skrapstolpen \u00e4r t\u00e4ckt med mjukt och mysigt material s\u00e5 att dina katter trivs medan de nusar.<\/p>\n<h3>Beskrivning:<\/h3>\n<ul>\n<li>T\u00e4ckt med mjuk plysch f\u00f6r mysig komfort<\/li>\n<li>Tre niv\u00e5er, var och en ansluten via ett centralt \u00f6ppet h\u00e5l<\/li>\n<li>Sisal skrapband f\u00f6r att h\u00e5lla klorna i form<\/li>\n<li>Dubbelt material med tv\u00e5f\u00e4rgad design p\u00e5 ytan<\/li>\n<li>Den robusta sp\u00e4nnlamellen \u00e4r s\u00e4ker f\u00f6r din katt<\/li>\n<li>L\u00e4mplig f\u00f6r katter som v\u00e4ger mindre \u00e4n 4,5 kg<\/li>\n<li>Ingen montering kr\u00e4vs<\/li>\n<\/ul>\n<h3>Teknisk data:<\/h3>\n<ul>\n<li>F\u00e4rg: Gr\u00e5+vit<\/li>\n<li>Material: sp\u00e5nskiva, sammetslen polyester, sisal<\/li>\n<li>\u00d6vergripande m\u00e5tt: 40L x 40W x 74H cm<\/li>\n<li>Tr h\u00e5lstorlek: 18cm<\/li>\n<li>Innerh\u00e5lsstorlek: 18 cm<\/li>\n<li>L\u00e4mplig f\u00f6r katter: under 4,5 kg<\/li>\n<\/ul>\n<h3>Leveransens omfattning:<\/h3>\n<ul>\n<li>1 x kattl\u00e5da<\/li>\n<li>1 x Instruktioner<\/li>\n<\/ul>\n","protected":false},"excerpt":{"rendered":"<p>Den h\u00e4r sisalt\u00e4ckta kattskrapstolpen kommer s\u00e4kerligen att bli din katts favoritst\u00e4lle. Det erbjuder en fantastisk plats att leka, sova och&#8230;<\/p>\n","protected":false},"featured_media":29859,"template":"","meta":[],"product_brand":[],"product_cat":[573,588,589],"product_tag":[],"class_list":{"0":"post-29858","1":"product","2":"type-product","3":"status-publish","4":"has-post-thumbnail","6":"product_cat-husdjursmaterial","7":"product_cat-katttillbehor","8":"product_cat-skrapande-inlagg","10":"first","11":"instock","12":"sale","13":"taxable","14":"shipping-taxable","15":"purchasable","16":"product-type-simple"},"yoast_head":"<!-- This site is optimized with the Yoast SEO plugin v25.4 - https:\/\/yoast.com\/wordpress\/plugins\/seo\/ -->\n<title>TRUUSK Kattskrapstolpe, 3 Niv\u00e5er - Kl\u00e4ttertr\u00e4d F\u00f6r Katter - Gr\u00e5+Vit - 40 x 40 x 74 cm - Sisal &amp; Polyester - H\u00f6gkvalitativa - TRUUSK - Hem, Tr\u00e4dg\u00e5rd &amp; Fritid<\/title>\n<meta name=\"robots\" content=\"index, follow, max-snippet:-1, max-image-preview:large, max-video-preview:-1\" \/>\n<link rel=\"canonical\" href=\"https:\/\/truusk.store\/sv\/produkt\/truusk-kattskrapstolpe-3-nivaer-klattertrad-for-katter-gravit-40-x-40-x-74-cm-sisal-polyester-hogkvalitativa\/\" \/>\n<meta property=\"og:locale\" content=\"sv_SE\" \/>\n<meta property=\"og:type\" content=\"article\" \/>\n<meta property=\"og:title\" content=\"TRUUSK Kattskrapstolpe, 3 Niv\u00e5er - Kl\u00e4ttertr\u00e4d F\u00f6r Katter - Gr\u00e5+Vit - 40 x 40 x 74 cm - Sisal &amp; Polyester - H\u00f6gkvalitativa - TRUUSK - Hem, Tr\u00e4dg\u00e5rd &amp; Fritid\" \/>\n<meta property=\"og:description\" content=\"Den h\u00e4r sisalt\u00e4ckta kattskrapstolpen kommer s\u00e4kerligen att bli din katts favoritst\u00e4lle. Det erbjuder en fantastisk plats att leka, sova och...\" \/>\n<meta property=\"og:url\" content=\"https:\/\/truusk.store\/sv\/produkt\/truusk-kattskrapstolpe-3-nivaer-klattertrad-for-katter-gravit-40-x-40-x-74-cm-sisal-polyester-hogkvalitativa\/\" \/>\n<meta property=\"og:site_name\" content=\"TRUUSK - Hem, Tr\u00e4dg\u00e5rd &amp; Fritid\" \/>\n<meta property=\"article:modified_time\" content=\"2026-03-12T08:08:34+00:00\" \/>\n<meta property=\"og:image\" content=\"https:\/\/i0.wp.com\/truusk.se\/wp-content\/uploads\/2024\/02\/skraptunna-for-katter-kattskrapstolpe-3-nivaer-katttrad-klattertrad-for-katter-kattmobler-spanskiva-sammetslen-polyester-sisal-gravit-40-x-40-x-74-cm.webp?fit=800%2C800&ssl=1\" \/>\n\t<meta property=\"og:image:width\" content=\"800\" \/>\n\t<meta property=\"og:image:height\" content=\"800\" \/>\n\t<meta property=\"og:image:type\" content=\"image\/webp\" \/>\n<meta name=\"twitter:card\" content=\"summary_large_image\" \/>\n<meta name=\"twitter:label1\" content=\"Ber\u00e4knad l\u00e4stid\" \/>\n\t<meta name=\"twitter:data1\" content=\"1 minut\" \/>\n<!-- \/ Yoast SEO plugin. -->","yoast_head_json":{"title":"TRUUSK Kattskrapstolpe, 3 Niv\u00e5er - Kl\u00e4ttertr\u00e4d F\u00f6r Katter - Gr\u00e5+Vit - 40 x 40 x 74 cm - Sisal &amp; Polyester - H\u00f6gkvalitativa - TRUUSK - Hem, Tr\u00e4dg\u00e5rd &amp; Fritid","robots":{"index":"index","follow":"follow","max-snippet":"max-snippet:-1","max-image-preview":"max-image-preview:large","max-video-preview":"max-video-preview:-1"},"canonical":"https:\/\/truusk.store\/sv\/produkt\/truusk-kattskrapstolpe-3-nivaer-klattertrad-for-katter-gravit-40-x-40-x-74-cm-sisal-polyester-hogkvalitativa\/","og_locale":"sv_SE","og_type":"article","og_title":"TRUUSK Kattskrapstolpe, 3 Niv\u00e5er - Kl\u00e4ttertr\u00e4d F\u00f6r Katter - Gr\u00e5+Vit - 40 x 40 x 74 cm - Sisal &amp; Polyester - H\u00f6gkvalitativa - TRUUSK - Hem, Tr\u00e4dg\u00e5rd &amp; Fritid","og_description":"Den h\u00e4r sisalt\u00e4ckta kattskrapstolpen kommer s\u00e4kerligen att bli din katts favoritst\u00e4lle. Det erbjuder en fantastisk plats att leka, sova och...","og_url":"https:\/\/truusk.store\/sv\/produkt\/truusk-kattskrapstolpe-3-nivaer-klattertrad-for-katter-gravit-40-x-40-x-74-cm-sisal-polyester-hogkvalitativa\/","og_site_name":"TRUUSK - Hem, Tr\u00e4dg\u00e5rd &amp; Fritid","article_modified_time":"2026-03-12T08:08:34+00:00","og_image":[{"width":800,"height":800,"url":"https:\/\/i0.wp.com\/truusk.se\/wp-content\/uploads\/2024\/02\/skraptunna-for-katter-kattskrapstolpe-3-nivaer-katttrad-klattertrad-for-katter-kattmobler-spanskiva-sammetslen-polyester-sisal-gravit-40-x-40-x-74-cm.webp?fit=800%2C800&ssl=1","type":"image\/webp"}],"twitter_card":"summary_large_image","twitter_misc":{"Ber\u00e4knad l\u00e4stid":"1 minut"},"schema":{"@context":"https:\/\/schema.org","@graph":[{"@type":"WebPage","@id":"https:\/\/truusk.store\/sv\/produkt\/truusk-kattskrapstolpe-3-nivaer-klattertrad-for-katter-gravit-40-x-40-x-74-cm-sisal-polyester-hogkvalitativa\/","url":"https:\/\/truusk.store\/sv\/produkt\/truusk-kattskrapstolpe-3-nivaer-klattertrad-for-katter-gravit-40-x-40-x-74-cm-sisal-polyester-hogkvalitativa\/","name":"TRUUSK Kattskrapstolpe, 3 Niv\u00e5er - Kl\u00e4ttertr\u00e4d F\u00f6r Katter - Gr\u00e5+Vit - 40 x 40 x 74 cm - Sisal &amp; Polyester - H\u00f6gkvalitativa - TRUUSK - Hem, Tr\u00e4dg\u00e5rd &amp; Fritid","isPartOf":{"@id":"https:\/\/truusk.store\/sv\/#website"},"primaryImageOfPage":{"@id":"https:\/\/truusk.store\/sv\/produkt\/truusk-kattskrapstolpe-3-nivaer-klattertrad-for-katter-gravit-40-x-40-x-74-cm-sisal-polyester-hogkvalitativa\/#primaryimage"},"image":{"@id":"https:\/\/truusk.store\/sv\/produkt\/truusk-kattskrapstolpe-3-nivaer-klattertrad-for-katter-gravit-40-x-40-x-74-cm-sisal-polyester-hogkvalitativa\/#primaryimage"},"thumbnailUrl":"https:\/\/i0.wp.com\/truusk.store\/wp-content\/uploads\/2024\/02\/skraptunna-for-katter-kattskrapstolpe-3-nivaer-katttrad-klattertrad-for-katter-kattmobler-spanskiva-sammetslen-polyester-sisal-gravit-40-x-40-x-74-cm.webp?fit=800%2C800&ssl=1","datePublished":"2024-02-13T19:26:01+00:00","dateModified":"2026-03-12T08:08:34+00:00","breadcrumb":{"@id":"https:\/\/truusk.store\/sv\/produkt\/truusk-kattskrapstolpe-3-nivaer-klattertrad-for-katter-gravit-40-x-40-x-74-cm-sisal-polyester-hogkvalitativa\/#breadcrumb"},"inLanguage":"sv-SE","potentialAction":[{"@type":"ReadAction","target":["https:\/\/truusk.store\/sv\/produkt\/truusk-kattskrapstolpe-3-nivaer-klattertrad-for-katter-gravit-40-x-40-x-74-cm-sisal-polyester-hogkvalitativa\/"]}]},{"@type":"ImageObject","inLanguage":"sv-SE","@id":"https:\/\/truusk.store\/sv\/produkt\/truusk-kattskrapstolpe-3-nivaer-klattertrad-for-katter-gravit-40-x-40-x-74-cm-sisal-polyester-hogkvalitativa\/#primaryimage","url":"https:\/\/i0.wp.com\/truusk.store\/wp-content\/uploads\/2024\/02\/skraptunna-for-katter-kattskrapstolpe-3-nivaer-katttrad-klattertrad-for-katter-kattmobler-spanskiva-sammetslen-polyester-sisal-gravit-40-x-40-x-74-cm.webp?fit=800%2C800&ssl=1","contentUrl":"https:\/\/i0.wp.com\/truusk.store\/wp-content\/uploads\/2024\/02\/skraptunna-for-katter-kattskrapstolpe-3-nivaer-katttrad-klattertrad-for-katter-kattmobler-spanskiva-sammetslen-polyester-sisal-gravit-40-x-40-x-74-cm.webp?fit=800%2C800&ssl=1","width":800,"height":800,"caption":"Skraptunna F\u00f6r Katter, Kattskrapstolpe, 3 Niv\u00e5er, Katttr\u00e4d, Kl\u00e4ttertr\u00e4d F\u00f6r Katter, Kattm\u00f6bler, Sp\u00e5nskiva, Sammetslen Polyester, Sisal, Gr\u00e5+vit, 40 X 40 X 74 Cm 1"},{"@type":"BreadcrumbList","@id":"https:\/\/truusk.store\/sv\/produkt\/truusk-kattskrapstolpe-3-nivaer-klattertrad-for-katter-gravit-40-x-40-x-74-cm-sisal-polyester-hogkvalitativa\/#breadcrumb","itemListElement":[{"@type":"ListItem","position":1,"name":"Home","item":"https:\/\/truusk.store\/sv\/"},{"@type":"ListItem","position":2,"name":"Shop","item":"https:\/\/truusk.store\/shop\/"},{"@type":"ListItem","position":3,"name":"TRUUSK Kattskrapstolpe, 3 Niv\u00e5er &#8211; Kl\u00e4ttertr\u00e4d F\u00f6r Katter &#8211; Gr\u00e5+Vit &#8211; 40 x 40 x 74 cm &#8211; Sisal &amp; Polyester &#8211; H\u00f6gkvalitativa"}]},{"@type":"WebSite","@id":"https:\/\/truusk.store\/sv\/#website","url":"https:\/\/truusk.store\/sv\/","name":"TRUUSK - Hem, Tr\u00e4dg\u00e5rd & Fritid","description":"","publisher":{"@id":"https:\/\/truusk.store\/sv\/#organization"},"potentialAction":[{"@type":"SearchAction","target":{"@type":"EntryPoint","urlTemplate":"https:\/\/truusk.store\/sv\/?s={search_term_string}"},"query-input":{"@type":"PropertyValueSpecification","valueRequired":true,"valueName":"search_term_string"}}],"inLanguage":"sv-SE"},{"@type":"Organization","@id":"https:\/\/truusk.store\/sv\/#organization","name":"TRUUSK - Hem, Tr\u00e4dg\u00e5rd & Fritid","url":"https:\/\/truusk.store\/sv\/","logo":{"@type":"ImageObject","inLanguage":"sv-SE","@id":"https:\/\/truusk.store\/sv\/#\/schema\/logo\/image\/","url":"https:\/\/i0.wp.com\/truusk.store\/wp-content\/uploads\/2026\/03\/cropped-TRUUSK.png?fit=2032%2C917&ssl=1","contentUrl":"https:\/\/i0.wp.com\/truusk.store\/wp-content\/uploads\/2026\/03\/cropped-TRUUSK.png?fit=2032%2C917&ssl=1","width":2032,"height":917,"caption":"TRUUSK - Hem, Tr\u00e4dg\u00e5rd & Fritid"},"image":{"@id":"https:\/\/truusk.store\/sv\/#\/schema\/logo\/image\/"}}]}},"jetpack_sharing_enabled":true,"_links":{"self":[{"href":"https:\/\/truusk.store\/sv\/wp-json\/wp\/v2\/product\/29858","targetHints":{"allow":["GET"]}}],"collection":[{"href":"https:\/\/truusk.store\/sv\/wp-json\/wp\/v2\/product"}],"about":[{"href":"https:\/\/truusk.store\/sv\/wp-json\/wp\/v2\/types\/product"}],"wp:featuredmedia":[{"embeddable":true,"href":"https:\/\/truusk.store\/sv\/wp-json\/wp\/v2\/media\/29859"}],"wp:attachment":[{"href":"https:\/\/truusk.store\/sv\/wp-json\/wp\/v2\/media?parent=29858"}],"wp:term":[{"taxonomy":"product_brand","embeddable":true,"href":"https:\/\/truusk.store\/sv\/wp-json\/wp\/v2\/product_brand?post=29858"},{"taxonomy":"product_cat","embeddable":true,"href":"https:\/\/truusk.store\/sv\/wp-json\/wp\/v2\/product_cat?post=29858"},{"taxonomy":"product_tag","embeddable":true,"href":"https:\/\/truusk.store\/sv\/wp-json\/wp\/v2\/product_tag?post=29858"}],"curies":[{"name":"wp","href":"https:\/\/api.w.org\/{rel}","templated":true}]}}