{"id":29879,"date":"2024-02-13T20:26:38","date_gmt":"2024-02-13T19:26:38","guid":{"rendered":"https:\/\/truusk.store\/product\/bank-stoppad-bank-med-forvaringsutrymme-brostbank-oval-hall-sovrum-vardagsrum-sammetslen-polyester-svart-71-x-52-x-42-cm\/"},"modified":"2026-03-12T09:08:34","modified_gmt":"2026-03-12T08:08:34","slug":"truusk-svart-sammetslen-bank-forvaringsutrymme-oval-design-71-x-52-x-42-cm","status":"publish","type":"product","link":"https:\/\/truusk.store\/sv\/produkt\/truusk-svart-sammetslen-bank-forvaringsutrymme-oval-design-71-x-52-x-42-cm\/","title":{"rendered":"TRUUSK Svart Sammetslen B\u00e4nk &#8211; F\u00f6rvaringsutrymme &#8211; Oval Design &#8211; 71 x 52 x 42 cm"},"content":{"rendered":"<p>Denna eleganta ovala b\u00e4nk har ett avtagbart frontlock med knappar och en klassisk design. Tyg\u00f6verdraget \u00e4r mjukt och hudv\u00e4nligt. Sitsen \u00e4r vadderad med mjukt skum och s\u00e4kerst\u00e4ller en bekv\u00e4m sittupplevelse. Ett dolt f\u00f6rvaringsutrymme \u00e4r l\u00e4mpligt f\u00f6r f\u00f6rvaring av b\u00f6cker eller bohag. Denna lilla ottoman erbjuder elegans och karakt\u00e4r och blir omedelbart en dekorativ h\u00f6jdpunkt i alla rum.<\/p>\n<h3>Beskrivning:<\/h3>\n<ul>\n<li>Den ovala formen och de kn\u00e4ppta detaljerna g\u00f6r den till ett elegant komplement till vardagsrummet, sovrummet, entr\u00e9n och andra platser<\/li>\n<li>Kan anv\u00e4ndas som extrasits, som fotst\u00f6d f\u00f6r avkoppling eller som hylla<\/li>\n<li>Den vadderade toppen och sammetsber\u00f6rande tyg\u00f6verdrag garanterar mjukhet och komfort<\/li>\n<li>Med ett avtagbart lock ger den extra f\u00f6rvaringsutrymme<\/li>\n<li>Ingen montering kr\u00e4vs.<\/li>\n<\/ul>\n<h3>Teknisk data:<\/h3>\n<ul>\n<li>Svart f\u00e4rg<\/li>\n<li>Material: sammetslen polyester, skum<\/li>\n<li>\u00d6vergripande m\u00e5tt: 71W x 52D x 42H cm<\/li>\n<li>Internt f\u00f6rvaringsutrymme: 60W x 41,5D x 36H cm<\/li>\n<li>Lastkapacitet: 100 kg<\/li>\n<\/ul>\n<h3>Leveransens omfattning:<\/h3>\n<ul>\n<li>1 x b\u00e4nk<\/li>\n<li>1 x Instruktioner<\/li>\n<\/ul>\n","protected":false},"excerpt":{"rendered":"<p>Denna eleganta ovala b\u00e4nk har ett avtagbart frontlock med knappar och en klassisk design. Tyg\u00f6verdraget \u00e4r mjukt och hudv\u00e4nligt. Sitsen&#8230;<\/p>\n","protected":false},"featured_media":29880,"template":"","meta":[],"product_brand":[],"product_cat":[485,541,537],"product_tag":[],"class_list":{"0":"post-29879","1":"product","2":"type-product","3":"status-publish","4":"has-post-thumbnail","6":"product_cat-hus-bo","7":"product_cat-sits-kistor","8":"product_cat-sittplatser-bankar","10":"first","11":"instock","12":"sale","13":"taxable","14":"shipping-taxable","15":"purchasable","16":"product-type-simple"},"yoast_head":"<!-- This site is optimized with the Yoast SEO plugin v25.4 - https:\/\/yoast.com\/wordpress\/plugins\/seo\/ -->\n<title>TRUUSK Svart Sammetslen B\u00e4nk - F\u00f6rvaringsutrymme - Oval Design - 71 x 52 x 42 cm - TRUUSK - Hem, Tr\u00e4dg\u00e5rd &amp; Fritid<\/title>\n<meta name=\"robots\" content=\"index, follow, max-snippet:-1, max-image-preview:large, max-video-preview:-1\" \/>\n<link rel=\"canonical\" href=\"https:\/\/truusk.store\/sv\/produkt\/truusk-svart-sammetslen-bank-forvaringsutrymme-oval-design-71-x-52-x-42-cm\/\" \/>\n<meta property=\"og:locale\" content=\"sv_SE\" \/>\n<meta property=\"og:type\" content=\"article\" \/>\n<meta property=\"og:title\" content=\"TRUUSK Svart Sammetslen B\u00e4nk - F\u00f6rvaringsutrymme - Oval Design - 71 x 52 x 42 cm - TRUUSK - Hem, Tr\u00e4dg\u00e5rd &amp; Fritid\" \/>\n<meta property=\"og:description\" content=\"Denna eleganta ovala b\u00e4nk har ett avtagbart frontlock med knappar och en klassisk design. Tyg\u00f6verdraget \u00e4r mjukt och hudv\u00e4nligt. Sitsen...\" \/>\n<meta property=\"og:url\" content=\"https:\/\/truusk.store\/sv\/produkt\/truusk-svart-sammetslen-bank-forvaringsutrymme-oval-design-71-x-52-x-42-cm\/\" \/>\n<meta property=\"og:site_name\" content=\"TRUUSK - Hem, Tr\u00e4dg\u00e5rd &amp; Fritid\" \/>\n<meta property=\"article:modified_time\" content=\"2026-03-12T08:08:34+00:00\" \/>\n<meta property=\"og:image\" content=\"https:\/\/i0.wp.com\/truusk.se\/wp-content\/uploads\/2024\/02\/bank-stoppad-bank-med-forvaringsutrymme-brostbank-oval-hall-sovrum-vardagsrum-sammetslen-polyester-svart-71-x-52-x-42-cm.webp?fit=800%2C800&ssl=1\" \/>\n\t<meta property=\"og:image:width\" content=\"800\" \/>\n\t<meta property=\"og:image:height\" content=\"800\" \/>\n\t<meta property=\"og:image:type\" content=\"image\/webp\" \/>\n<meta name=\"twitter:card\" content=\"summary_large_image\" \/>\n<meta name=\"twitter:label1\" content=\"Ber\u00e4knad l\u00e4stid\" \/>\n\t<meta name=\"twitter:data1\" content=\"1 minut\" \/>\n<!-- \/ Yoast SEO plugin. -->","yoast_head_json":{"title":"TRUUSK Svart Sammetslen B\u00e4nk - F\u00f6rvaringsutrymme - Oval Design - 71 x 52 x 42 cm - TRUUSK - Hem, Tr\u00e4dg\u00e5rd &amp; Fritid","robots":{"index":"index","follow":"follow","max-snippet":"max-snippet:-1","max-image-preview":"max-image-preview:large","max-video-preview":"max-video-preview:-1"},"canonical":"https:\/\/truusk.store\/sv\/produkt\/truusk-svart-sammetslen-bank-forvaringsutrymme-oval-design-71-x-52-x-42-cm\/","og_locale":"sv_SE","og_type":"article","og_title":"TRUUSK Svart Sammetslen B\u00e4nk - F\u00f6rvaringsutrymme - Oval Design - 71 x 52 x 42 cm - TRUUSK - Hem, Tr\u00e4dg\u00e5rd &amp; Fritid","og_description":"Denna eleganta ovala b\u00e4nk har ett avtagbart frontlock med knappar och en klassisk design. Tyg\u00f6verdraget \u00e4r mjukt och hudv\u00e4nligt. Sitsen...","og_url":"https:\/\/truusk.store\/sv\/produkt\/truusk-svart-sammetslen-bank-forvaringsutrymme-oval-design-71-x-52-x-42-cm\/","og_site_name":"TRUUSK - Hem, Tr\u00e4dg\u00e5rd &amp; Fritid","article_modified_time":"2026-03-12T08:08:34+00:00","og_image":[{"width":800,"height":800,"url":"https:\/\/i0.wp.com\/truusk.se\/wp-content\/uploads\/2024\/02\/bank-stoppad-bank-med-forvaringsutrymme-brostbank-oval-hall-sovrum-vardagsrum-sammetslen-polyester-svart-71-x-52-x-42-cm.webp?fit=800%2C800&ssl=1","type":"image\/webp"}],"twitter_card":"summary_large_image","twitter_misc":{"Ber\u00e4knad l\u00e4stid":"1 minut"},"schema":{"@context":"https:\/\/schema.org","@graph":[{"@type":"WebPage","@id":"https:\/\/truusk.store\/sv\/produkt\/truusk-svart-sammetslen-bank-forvaringsutrymme-oval-design-71-x-52-x-42-cm\/","url":"https:\/\/truusk.store\/sv\/produkt\/truusk-svart-sammetslen-bank-forvaringsutrymme-oval-design-71-x-52-x-42-cm\/","name":"TRUUSK Svart Sammetslen B\u00e4nk - F\u00f6rvaringsutrymme - Oval Design - 71 x 52 x 42 cm - TRUUSK - Hem, Tr\u00e4dg\u00e5rd &amp; Fritid","isPartOf":{"@id":"https:\/\/truusk.store\/sv\/#website"},"primaryImageOfPage":{"@id":"https:\/\/truusk.store\/sv\/produkt\/truusk-svart-sammetslen-bank-forvaringsutrymme-oval-design-71-x-52-x-42-cm\/#primaryimage"},"image":{"@id":"https:\/\/truusk.store\/sv\/produkt\/truusk-svart-sammetslen-bank-forvaringsutrymme-oval-design-71-x-52-x-42-cm\/#primaryimage"},"thumbnailUrl":"https:\/\/i0.wp.com\/truusk.store\/wp-content\/uploads\/2024\/02\/bank-stoppad-bank-med-forvaringsutrymme-brostbank-oval-hall-sovrum-vardagsrum-sammetslen-polyester-svart-71-x-52-x-42-cm.webp?fit=800%2C800&ssl=1","datePublished":"2024-02-13T19:26:38+00:00","dateModified":"2026-03-12T08:08:34+00:00","breadcrumb":{"@id":"https:\/\/truusk.store\/sv\/produkt\/truusk-svart-sammetslen-bank-forvaringsutrymme-oval-design-71-x-52-x-42-cm\/#breadcrumb"},"inLanguage":"sv-SE","potentialAction":[{"@type":"ReadAction","target":["https:\/\/truusk.store\/sv\/produkt\/truusk-svart-sammetslen-bank-forvaringsutrymme-oval-design-71-x-52-x-42-cm\/"]}]},{"@type":"ImageObject","inLanguage":"sv-SE","@id":"https:\/\/truusk.store\/sv\/produkt\/truusk-svart-sammetslen-bank-forvaringsutrymme-oval-design-71-x-52-x-42-cm\/#primaryimage","url":"https:\/\/i0.wp.com\/truusk.store\/wp-content\/uploads\/2024\/02\/bank-stoppad-bank-med-forvaringsutrymme-brostbank-oval-hall-sovrum-vardagsrum-sammetslen-polyester-svart-71-x-52-x-42-cm.webp?fit=800%2C800&ssl=1","contentUrl":"https:\/\/i0.wp.com\/truusk.store\/wp-content\/uploads\/2024\/02\/bank-stoppad-bank-med-forvaringsutrymme-brostbank-oval-hall-sovrum-vardagsrum-sammetslen-polyester-svart-71-x-52-x-42-cm.webp?fit=800%2C800&ssl=1","width":800,"height":800,"caption":"B\u00e4nk Stoppad B\u00e4nk Med F\u00f6rvaringsutrymme Br\u00f6stb\u00e4nk Oval Hall Sovrum Vardagsrum Sammetslen Polyester Svart 71 X 52 X 42 Cm 1"},{"@type":"BreadcrumbList","@id":"https:\/\/truusk.store\/sv\/produkt\/truusk-svart-sammetslen-bank-forvaringsutrymme-oval-design-71-x-52-x-42-cm\/#breadcrumb","itemListElement":[{"@type":"ListItem","position":1,"name":"Home","item":"https:\/\/truusk.store\/sv\/"},{"@type":"ListItem","position":2,"name":"Shop","item":"https:\/\/truusk.store\/shop\/"},{"@type":"ListItem","position":3,"name":"TRUUSK Svart Sammetslen B\u00e4nk &#8211; F\u00f6rvaringsutrymme &#8211; Oval Design &#8211; 71 x 52 x 42 cm"}]},{"@type":"WebSite","@id":"https:\/\/truusk.store\/sv\/#website","url":"https:\/\/truusk.store\/sv\/","name":"TRUUSK - Hem, Tr\u00e4dg\u00e5rd & Fritid","description":"","publisher":{"@id":"https:\/\/truusk.store\/sv\/#organization"},"potentialAction":[{"@type":"SearchAction","target":{"@type":"EntryPoint","urlTemplate":"https:\/\/truusk.store\/sv\/?s={search_term_string}"},"query-input":{"@type":"PropertyValueSpecification","valueRequired":true,"valueName":"search_term_string"}}],"inLanguage":"sv-SE"},{"@type":"Organization","@id":"https:\/\/truusk.store\/sv\/#organization","name":"TRUUSK - Hem, Tr\u00e4dg\u00e5rd & Fritid","url":"https:\/\/truusk.store\/sv\/","logo":{"@type":"ImageObject","inLanguage":"sv-SE","@id":"https:\/\/truusk.store\/sv\/#\/schema\/logo\/image\/","url":"https:\/\/i0.wp.com\/truusk.store\/wp-content\/uploads\/2026\/03\/cropped-TRUUSK.png?fit=2032%2C917&ssl=1","contentUrl":"https:\/\/i0.wp.com\/truusk.store\/wp-content\/uploads\/2026\/03\/cropped-TRUUSK.png?fit=2032%2C917&ssl=1","width":2032,"height":917,"caption":"TRUUSK - Hem, Tr\u00e4dg\u00e5rd & Fritid"},"image":{"@id":"https:\/\/truusk.store\/sv\/#\/schema\/logo\/image\/"}}]}},"jetpack_sharing_enabled":true,"_links":{"self":[{"href":"https:\/\/truusk.store\/sv\/wp-json\/wp\/v2\/product\/29879","targetHints":{"allow":["GET"]}}],"collection":[{"href":"https:\/\/truusk.store\/sv\/wp-json\/wp\/v2\/product"}],"about":[{"href":"https:\/\/truusk.store\/sv\/wp-json\/wp\/v2\/types\/product"}],"wp:featuredmedia":[{"embeddable":true,"href":"https:\/\/truusk.store\/sv\/wp-json\/wp\/v2\/media\/29880"}],"wp:attachment":[{"href":"https:\/\/truusk.store\/sv\/wp-json\/wp\/v2\/media?parent=29879"}],"wp:term":[{"taxonomy":"product_brand","embeddable":true,"href":"https:\/\/truusk.store\/sv\/wp-json\/wp\/v2\/product_brand?post=29879"},{"taxonomy":"product_cat","embeddable":true,"href":"https:\/\/truusk.store\/sv\/wp-json\/wp\/v2\/product_cat?post=29879"},{"taxonomy":"product_tag","embeddable":true,"href":"https:\/\/truusk.store\/sv\/wp-json\/wp\/v2\/product_tag?post=29879"}],"curies":[{"name":"wp","href":"https:\/\/api.w.org\/{rel}","templated":true}]}}