{"id":29890,"date":"2024-02-13T20:26:57","date_gmt":"2024-02-13T19:26:57","guid":{"rendered":"https:\/\/truusk.store\/product\/bank-stoppad-bank-med-forvaringsutrymme-brostbank-skandinavien-hall-sovrum-vardagsrum-linneliknande-polyestergummitra-ljusgron-110-x-39-x-45-cm\/"},"modified":"2026-03-12T09:08:34","modified_gmt":"2026-03-12T08:08:34","slug":"truusk-skandinavisk-bank-stoppad-forvaringsutrymme-linneliknande-polyestergummitra-ljusgron-110-x-39-x-45-cm","status":"publish","type":"product","link":"https:\/\/truusk.store\/sv\/produkt\/truusk-skandinavisk-bank-stoppad-forvaringsutrymme-linneliknande-polyestergummitra-ljusgron-110-x-39-x-45-cm\/","title":{"rendered":"TRUUSK Skandinavisk B\u00e4nk &#8211; Stoppad F\u00f6rvaringsutrymme &#8211; Linneliknande &#8211; Polyestergummitr\u00e4 &#8211; Ljusgr\u00f6n &#8211; 110 x 39 x 45 cm"},"content":{"rendered":"<p>Alla \u00e4lskar multifunktionsm\u00f6bler! V\u00e5ra b\u00e4nkar \u00e4r anv\u00e4ndbara f\u00f6r alla delar av huset. Andningsbar linneliknande polyester tillf\u00f6r klassisk glamour till ditt hem. Med gott om f\u00f6rvaringsutrymme \u00e4r denna b\u00e4nk ett praktiskt och klassiskt val f\u00f6r extra sittplatser i entr\u00e9n, under f\u00f6nstret eller i vardagsrummet.<\/p>\n<h3>Beskrivning:<\/h3>\n<ul>\n<li>Den klassiska och enkla looken sm\u00e4lter v\u00e4l ihop med en m\u00e4ngd olika inredningar<\/li>\n<li>Med gott om f\u00f6rvaringsutrymme f\u00f6r kuddar, filtar eller leksaker<\/li>\n<li>Den mjukt vadderade sitsen och andningsbara linne-polyestertyg ger exceptionell komfort<\/li>\n<li>Tr\u00e4ben och ram bidrar till dess stabilitet och h\u00e5llbarhet<\/li>\n<li>L\u00e4mplig f\u00f6r hallen, f\u00f6nstersidan eller s\u00e4nggaveln<\/li>\n<li>Montering kr\u00e4vs<\/li>\n<\/ul>\n<h3>Teknisk data:<\/h3>\n<ul>\n<li>F\u00e4rg: ljusgr\u00f6n<\/li>\n<li>Material: Linneliknande polyester, gummitr\u00e4<\/li>\n<li>\u00d6vergripande m\u00e5tt: 110W x 39D x 45H cm<\/li>\n<li>Sk\u00e5pets innerm\u00e5tt: 104W x 33D x 21H cm<\/li>\n<li>H\u00f6jd p\u00e5 ben: 17,5 cm<\/li>\n<li>Lastkapacitet: 120 kg (totalt)<\/li>\n<\/ul>\n<h3>Leveransens omfattning:<\/h3>\n<ul>\n<li>1 x b\u00e4nk<\/li>\n<li>1 x Instruktioner<\/li>\n<\/ul>\n","protected":false},"excerpt":{"rendered":"<p>Alla \u00e4lskar multifunktionsm\u00f6bler! V\u00e5ra b\u00e4nkar \u00e4r anv\u00e4ndbara f\u00f6r alla delar av huset. Andningsbar linneliknande polyester tillf\u00f6r klassisk glamour till ditt&#8230;<\/p>\n","protected":false},"featured_media":29891,"template":"","meta":[],"product_brand":[],"product_cat":[485,537,540],"product_tag":[],"class_list":{"0":"post-29890","1":"product","2":"type-product","3":"status-publish","4":"has-post-thumbnail","6":"product_cat-hus-bo","7":"product_cat-sittplatser-bankar","8":"product_cat-stoppade-bankar","10":"first","11":"instock","12":"sale","13":"taxable","14":"shipping-taxable","15":"purchasable","16":"product-type-simple"},"yoast_head":"<!-- This site is optimized with the Yoast SEO plugin v25.4 - https:\/\/yoast.com\/wordpress\/plugins\/seo\/ -->\n<title>TRUUSK Skandinavisk B\u00e4nk - Stoppad F\u00f6rvaringsutrymme - Linneliknande - Polyestergummitr\u00e4 - Ljusgr\u00f6n - 110 x 39 x 45 cm - TRUUSK - Hem, Tr\u00e4dg\u00e5rd &amp; Fritid<\/title>\n<meta name=\"robots\" content=\"index, follow, max-snippet:-1, max-image-preview:large, max-video-preview:-1\" \/>\n<link rel=\"canonical\" href=\"https:\/\/truusk.store\/sv\/produkt\/truusk-skandinavisk-bank-stoppad-forvaringsutrymme-linneliknande-polyestergummitra-ljusgron-110-x-39-x-45-cm\/\" \/>\n<meta property=\"og:locale\" content=\"sv_SE\" \/>\n<meta property=\"og:type\" content=\"article\" \/>\n<meta property=\"og:title\" content=\"TRUUSK Skandinavisk B\u00e4nk - Stoppad F\u00f6rvaringsutrymme - Linneliknande - Polyestergummitr\u00e4 - Ljusgr\u00f6n - 110 x 39 x 45 cm - TRUUSK - Hem, Tr\u00e4dg\u00e5rd &amp; Fritid\" \/>\n<meta property=\"og:description\" content=\"Alla \u00e4lskar multifunktionsm\u00f6bler! V\u00e5ra b\u00e4nkar \u00e4r anv\u00e4ndbara f\u00f6r alla delar av huset. Andningsbar linneliknande polyester tillf\u00f6r klassisk glamour till ditt...\" \/>\n<meta property=\"og:url\" content=\"https:\/\/truusk.store\/sv\/produkt\/truusk-skandinavisk-bank-stoppad-forvaringsutrymme-linneliknande-polyestergummitra-ljusgron-110-x-39-x-45-cm\/\" \/>\n<meta property=\"og:site_name\" content=\"TRUUSK - Hem, Tr\u00e4dg\u00e5rd &amp; Fritid\" \/>\n<meta property=\"article:modified_time\" content=\"2026-03-12T08:08:34+00:00\" \/>\n<meta property=\"og:image\" content=\"https:\/\/i0.wp.com\/truusk.se\/wp-content\/uploads\/2024\/02\/bank-stoppad-bank-med-forvaringsutrymme-brostbank-skandinavien-hall-sovrum-vardagsrum-linneliknande-polyestergummitra-ljusgron-110-x-39-x-45-cm.webp?fit=800%2C800&ssl=1\" \/>\n\t<meta property=\"og:image:width\" content=\"800\" \/>\n\t<meta property=\"og:image:height\" content=\"800\" \/>\n\t<meta property=\"og:image:type\" content=\"image\/webp\" \/>\n<meta name=\"twitter:card\" content=\"summary_large_image\" \/>\n<meta name=\"twitter:label1\" content=\"Ber\u00e4knad l\u00e4stid\" \/>\n\t<meta name=\"twitter:data1\" content=\"1 minut\" \/>\n<!-- \/ Yoast SEO plugin. -->","yoast_head_json":{"title":"TRUUSK Skandinavisk B\u00e4nk - Stoppad F\u00f6rvaringsutrymme - Linneliknande - Polyestergummitr\u00e4 - Ljusgr\u00f6n - 110 x 39 x 45 cm - TRUUSK - Hem, Tr\u00e4dg\u00e5rd &amp; Fritid","robots":{"index":"index","follow":"follow","max-snippet":"max-snippet:-1","max-image-preview":"max-image-preview:large","max-video-preview":"max-video-preview:-1"},"canonical":"https:\/\/truusk.store\/sv\/produkt\/truusk-skandinavisk-bank-stoppad-forvaringsutrymme-linneliknande-polyestergummitra-ljusgron-110-x-39-x-45-cm\/","og_locale":"sv_SE","og_type":"article","og_title":"TRUUSK Skandinavisk B\u00e4nk - Stoppad F\u00f6rvaringsutrymme - Linneliknande - Polyestergummitr\u00e4 - Ljusgr\u00f6n - 110 x 39 x 45 cm - TRUUSK - Hem, Tr\u00e4dg\u00e5rd &amp; Fritid","og_description":"Alla \u00e4lskar multifunktionsm\u00f6bler! V\u00e5ra b\u00e4nkar \u00e4r anv\u00e4ndbara f\u00f6r alla delar av huset. Andningsbar linneliknande polyester tillf\u00f6r klassisk glamour till ditt...","og_url":"https:\/\/truusk.store\/sv\/produkt\/truusk-skandinavisk-bank-stoppad-forvaringsutrymme-linneliknande-polyestergummitra-ljusgron-110-x-39-x-45-cm\/","og_site_name":"TRUUSK - Hem, Tr\u00e4dg\u00e5rd &amp; Fritid","article_modified_time":"2026-03-12T08:08:34+00:00","og_image":[{"width":800,"height":800,"url":"https:\/\/i0.wp.com\/truusk.se\/wp-content\/uploads\/2024\/02\/bank-stoppad-bank-med-forvaringsutrymme-brostbank-skandinavien-hall-sovrum-vardagsrum-linneliknande-polyestergummitra-ljusgron-110-x-39-x-45-cm.webp?fit=800%2C800&ssl=1","type":"image\/webp"}],"twitter_card":"summary_large_image","twitter_misc":{"Ber\u00e4knad l\u00e4stid":"1 minut"},"schema":{"@context":"https:\/\/schema.org","@graph":[{"@type":"WebPage","@id":"https:\/\/truusk.store\/sv\/produkt\/truusk-skandinavisk-bank-stoppad-forvaringsutrymme-linneliknande-polyestergummitra-ljusgron-110-x-39-x-45-cm\/","url":"https:\/\/truusk.store\/sv\/produkt\/truusk-skandinavisk-bank-stoppad-forvaringsutrymme-linneliknande-polyestergummitra-ljusgron-110-x-39-x-45-cm\/","name":"TRUUSK Skandinavisk B\u00e4nk - Stoppad F\u00f6rvaringsutrymme - Linneliknande - Polyestergummitr\u00e4 - Ljusgr\u00f6n - 110 x 39 x 45 cm - TRUUSK - Hem, Tr\u00e4dg\u00e5rd &amp; Fritid","isPartOf":{"@id":"https:\/\/truusk.store\/sv\/#website"},"primaryImageOfPage":{"@id":"https:\/\/truusk.store\/sv\/produkt\/truusk-skandinavisk-bank-stoppad-forvaringsutrymme-linneliknande-polyestergummitra-ljusgron-110-x-39-x-45-cm\/#primaryimage"},"image":{"@id":"https:\/\/truusk.store\/sv\/produkt\/truusk-skandinavisk-bank-stoppad-forvaringsutrymme-linneliknande-polyestergummitra-ljusgron-110-x-39-x-45-cm\/#primaryimage"},"thumbnailUrl":"https:\/\/i0.wp.com\/truusk.store\/wp-content\/uploads\/2024\/02\/bank-stoppad-bank-med-forvaringsutrymme-brostbank-skandinavien-hall-sovrum-vardagsrum-linneliknande-polyestergummitra-ljusgron-110-x-39-x-45-cm.webp?fit=800%2C800&ssl=1","datePublished":"2024-02-13T19:26:57+00:00","dateModified":"2026-03-12T08:08:34+00:00","breadcrumb":{"@id":"https:\/\/truusk.store\/sv\/produkt\/truusk-skandinavisk-bank-stoppad-forvaringsutrymme-linneliknande-polyestergummitra-ljusgron-110-x-39-x-45-cm\/#breadcrumb"},"inLanguage":"sv-SE","potentialAction":[{"@type":"ReadAction","target":["https:\/\/truusk.store\/sv\/produkt\/truusk-skandinavisk-bank-stoppad-forvaringsutrymme-linneliknande-polyestergummitra-ljusgron-110-x-39-x-45-cm\/"]}]},{"@type":"ImageObject","inLanguage":"sv-SE","@id":"https:\/\/truusk.store\/sv\/produkt\/truusk-skandinavisk-bank-stoppad-forvaringsutrymme-linneliknande-polyestergummitra-ljusgron-110-x-39-x-45-cm\/#primaryimage","url":"https:\/\/i0.wp.com\/truusk.store\/wp-content\/uploads\/2024\/02\/bank-stoppad-bank-med-forvaringsutrymme-brostbank-skandinavien-hall-sovrum-vardagsrum-linneliknande-polyestergummitra-ljusgron-110-x-39-x-45-cm.webp?fit=800%2C800&ssl=1","contentUrl":"https:\/\/i0.wp.com\/truusk.store\/wp-content\/uploads\/2024\/02\/bank-stoppad-bank-med-forvaringsutrymme-brostbank-skandinavien-hall-sovrum-vardagsrum-linneliknande-polyestergummitra-ljusgron-110-x-39-x-45-cm.webp?fit=800%2C800&ssl=1","width":800,"height":800,"caption":"B\u00e4nk Stoppad B\u00e4nk Med F\u00f6rvaringsutrymme Br\u00f6stb\u00e4nk Skandinavien Hall Sovrum Vardagsrum Linneliknande Polyestergummitr\u00e4 Ljusgr\u00f6n 110 X 39 X 45 Cm 1"},{"@type":"BreadcrumbList","@id":"https:\/\/truusk.store\/sv\/produkt\/truusk-skandinavisk-bank-stoppad-forvaringsutrymme-linneliknande-polyestergummitra-ljusgron-110-x-39-x-45-cm\/#breadcrumb","itemListElement":[{"@type":"ListItem","position":1,"name":"Home","item":"https:\/\/truusk.store\/sv\/"},{"@type":"ListItem","position":2,"name":"Shop","item":"https:\/\/truusk.store\/shop\/"},{"@type":"ListItem","position":3,"name":"TRUUSK Skandinavisk B\u00e4nk &#8211; Stoppad F\u00f6rvaringsutrymme &#8211; Linneliknande &#8211; Polyestergummitr\u00e4 &#8211; Ljusgr\u00f6n &#8211; 110 x 39 x 45 cm"}]},{"@type":"WebSite","@id":"https:\/\/truusk.store\/sv\/#website","url":"https:\/\/truusk.store\/sv\/","name":"TRUUSK - Hem, Tr\u00e4dg\u00e5rd & Fritid","description":"","publisher":{"@id":"https:\/\/truusk.store\/sv\/#organization"},"potentialAction":[{"@type":"SearchAction","target":{"@type":"EntryPoint","urlTemplate":"https:\/\/truusk.store\/sv\/?s={search_term_string}"},"query-input":{"@type":"PropertyValueSpecification","valueRequired":true,"valueName":"search_term_string"}}],"inLanguage":"sv-SE"},{"@type":"Organization","@id":"https:\/\/truusk.store\/sv\/#organization","name":"TRUUSK - Hem, Tr\u00e4dg\u00e5rd & Fritid","url":"https:\/\/truusk.store\/sv\/","logo":{"@type":"ImageObject","inLanguage":"sv-SE","@id":"https:\/\/truusk.store\/sv\/#\/schema\/logo\/image\/","url":"https:\/\/i0.wp.com\/truusk.store\/wp-content\/uploads\/2026\/03\/cropped-TRUUSK.png?fit=2032%2C917&ssl=1","contentUrl":"https:\/\/i0.wp.com\/truusk.store\/wp-content\/uploads\/2026\/03\/cropped-TRUUSK.png?fit=2032%2C917&ssl=1","width":2032,"height":917,"caption":"TRUUSK - Hem, Tr\u00e4dg\u00e5rd & Fritid"},"image":{"@id":"https:\/\/truusk.store\/sv\/#\/schema\/logo\/image\/"}}]}},"jetpack_sharing_enabled":true,"_links":{"self":[{"href":"https:\/\/truusk.store\/sv\/wp-json\/wp\/v2\/product\/29890","targetHints":{"allow":["GET"]}}],"collection":[{"href":"https:\/\/truusk.store\/sv\/wp-json\/wp\/v2\/product"}],"about":[{"href":"https:\/\/truusk.store\/sv\/wp-json\/wp\/v2\/types\/product"}],"wp:featuredmedia":[{"embeddable":true,"href":"https:\/\/truusk.store\/sv\/wp-json\/wp\/v2\/media\/29891"}],"wp:attachment":[{"href":"https:\/\/truusk.store\/sv\/wp-json\/wp\/v2\/media?parent=29890"}],"wp:term":[{"taxonomy":"product_brand","embeddable":true,"href":"https:\/\/truusk.store\/sv\/wp-json\/wp\/v2\/product_brand?post=29890"},{"taxonomy":"product_cat","embeddable":true,"href":"https:\/\/truusk.store\/sv\/wp-json\/wp\/v2\/product_cat?post=29890"},{"taxonomy":"product_tag","embeddable":true,"href":"https:\/\/truusk.store\/sv\/wp-json\/wp\/v2\/product_tag?post=29890"}],"curies":[{"name":"wp","href":"https:\/\/api.w.org\/{rel}","templated":true}]}}