{"id":29907,"date":"2024-02-13T20:27:37","date_gmt":"2024-02-13T19:27:37","guid":{"rendered":"https:\/\/truusk.store\/product\/med-kattgrotta-inklusive-leksak-sisal-plysch-khaki-beige-kaffe\/"},"modified":"2026-03-12T09:08:35","modified_gmt":"2026-03-12T08:08:35","slug":"truusk-kattgrotta-med-leksak-sisal-plysch-khaki-beige-kaffe","status":"publish","type":"product","link":"https:\/\/truusk.store\/sv\/produkt\/truusk-kattgrotta-med-leksak-sisal-plysch-khaki-beige-kaffe\/","title":{"rendered":"TRUUSK Kattgrotta med Leksak &#8211; Sisal Plysch &#8211; Khaki\/Beige\/Kaffe"},"content":{"rendered":"<p>Denna skrapstolpe \u00e4r inte bara en skrapstolpe, utan ocks\u00e5 en mysig kattgrotta f\u00f6r din katt. Dina katter kan v\u00e4ssa sina klor, leka, sova och sova p\u00e5 3 niv\u00e5er. Din katt kan enkelt n\u00e5 den h\u00f6gre upp kattgrottan med hj\u00e4lp av en stege. Skrapstolparna ger din katt m\u00f6jlighet att v\u00e4ssa klorna. Oavsett om du vill vila, leka eller sova &#8211; detta skrapstolpe \u00e4r det perfekta tillflyktsort f\u00f6r dina katter.<\/p>\n<h3>Beskrivning:<\/h3>\n<ul>\n<li>Skrapstolpar med sisalrep s\u00e5 din katt kan slipa klorna<\/li>\n<li>S\u00f6t design med stege och skrapytor av sisalrep<\/li>\n<li>Den integrerade kattleksaken s\u00e4kerst\u00e4ller n\u00f6je och variation<\/li>\n<li>Rymlig kattl\u00e5da skapar ett s\u00e4kert utrymme f\u00f6r din lurviga v\u00e4n<\/li>\n<li>Flera niv\u00e5er f\u00f6r att kl\u00e4ttra, hoppa och spela<\/li>\n<li>Katten kan ta sig in i katthuset via en stege<\/li>\n<li>L\u00e4mplig f\u00f6r kattens vikt under 5 kg:<\/li>\n<li>Montering kr\u00e4vs<\/li>\n<\/ul>\n<h3>Teknisk data:<\/h3>\n<ul>\n<li>F\u00e4rg: Kaki+Beige+Kaffe<\/li>\n<li>Material: sp\u00e5nskiva, plysch (100% polyester), sisal, sj\u00f6gr\u00e4s<\/li>\n<li>\u00d6vergripande m\u00e5tt: 69L x 40W x 131H cm<\/li>\n<li>Storlek p\u00e5 kattl\u00e4genheten: 39,5L x 39,5W x 30H cm<\/li>\n<li>B\u00e5gd\u00f6rrstorlek: 18W x 18H cm<\/li>\n<li>Storlek p\u00e5 andra v\u00e5ningens plattform: 40L x 24W cm<\/li>\n<li>Storlek p\u00e5 stegen: 68L x 18,5W cm<\/li>\n<li>Basstorlek: 69L x 40W cm<\/li>\n<li>Storlek p\u00e5 skrapstolpen: 6 cm<\/li>\n<li>Rekommenderad husdjursvikt: mindre \u00e4n 20 kg<\/li>\n<\/ul>\n<h3>Leveransens omfattning:<\/h3>\n<ul>\n<li>1 x skrapstolpe<\/li>\n<li>1 x Instruktioner<\/li>\n<\/ul>\n","protected":false},"excerpt":{"rendered":"<p>Denna skrapstolpe \u00e4r inte bara en skrapstolpe, utan ocks\u00e5 en mysig kattgrotta f\u00f6r din katt. Dina katter kan v\u00e4ssa sina&#8230;<\/p>\n","protected":false},"featured_media":29908,"template":"","meta":[],"product_brand":[],"product_cat":[573,590,588],"product_tag":[],"class_list":{"0":"post-29907","1":"product","2":"type-product","3":"status-publish","4":"has-post-thumbnail","6":"product_cat-husdjursmaterial","7":"product_cat-kattgrottor-kattsangar","8":"product_cat-katttillbehor","10":"first","11":"instock","12":"sale","13":"taxable","14":"shipping-taxable","15":"purchasable","16":"product-type-simple"},"yoast_head":"<!-- This site is optimized with the Yoast SEO plugin v25.4 - https:\/\/yoast.com\/wordpress\/plugins\/seo\/ -->\n<title>TRUUSK Kattgrotta med Leksak - Sisal Plysch - Khaki\/Beige\/Kaffe - TRUUSK - Hem, Tr\u00e4dg\u00e5rd &amp; Fritid<\/title>\n<meta name=\"robots\" content=\"index, follow, max-snippet:-1, max-image-preview:large, max-video-preview:-1\" \/>\n<link rel=\"canonical\" href=\"https:\/\/truusk.store\/sv\/produkt\/truusk-kattgrotta-med-leksak-sisal-plysch-khaki-beige-kaffe\/\" \/>\n<meta property=\"og:locale\" content=\"sv_SE\" \/>\n<meta property=\"og:type\" content=\"article\" \/>\n<meta property=\"og:title\" content=\"TRUUSK Kattgrotta med Leksak - Sisal Plysch - Khaki\/Beige\/Kaffe - TRUUSK - Hem, Tr\u00e4dg\u00e5rd &amp; Fritid\" \/>\n<meta property=\"og:description\" content=\"Denna skrapstolpe \u00e4r inte bara en skrapstolpe, utan ocks\u00e5 en mysig kattgrotta f\u00f6r din katt. Dina katter kan v\u00e4ssa sina...\" \/>\n<meta property=\"og:url\" content=\"https:\/\/truusk.store\/sv\/produkt\/truusk-kattgrotta-med-leksak-sisal-plysch-khaki-beige-kaffe\/\" \/>\n<meta property=\"og:site_name\" content=\"TRUUSK - Hem, Tr\u00e4dg\u00e5rd &amp; Fritid\" \/>\n<meta property=\"article:modified_time\" content=\"2026-03-12T08:08:35+00:00\" \/>\n<meta property=\"og:image\" content=\"https:\/\/i0.wp.com\/truusk.se\/wp-content\/uploads\/2024\/02\/med-kattgrotta-inklusive-leksak-sisal-plysch-khaki-beige-kaffe.webp?fit=800%2C800&ssl=1\" \/>\n\t<meta property=\"og:image:width\" content=\"800\" \/>\n\t<meta property=\"og:image:height\" content=\"800\" \/>\n\t<meta property=\"og:image:type\" content=\"image\/webp\" \/>\n<meta name=\"twitter:card\" content=\"summary_large_image\" \/>\n<meta name=\"twitter:label1\" content=\"Ber\u00e4knad l\u00e4stid\" \/>\n\t<meta name=\"twitter:data1\" content=\"1 minut\" \/>\n<!-- \/ Yoast SEO plugin. -->","yoast_head_json":{"title":"TRUUSK Kattgrotta med Leksak - Sisal Plysch - Khaki\/Beige\/Kaffe - TRUUSK - Hem, Tr\u00e4dg\u00e5rd &amp; Fritid","robots":{"index":"index","follow":"follow","max-snippet":"max-snippet:-1","max-image-preview":"max-image-preview:large","max-video-preview":"max-video-preview:-1"},"canonical":"https:\/\/truusk.store\/sv\/produkt\/truusk-kattgrotta-med-leksak-sisal-plysch-khaki-beige-kaffe\/","og_locale":"sv_SE","og_type":"article","og_title":"TRUUSK Kattgrotta med Leksak - Sisal Plysch - Khaki\/Beige\/Kaffe - TRUUSK - Hem, Tr\u00e4dg\u00e5rd &amp; Fritid","og_description":"Denna skrapstolpe \u00e4r inte bara en skrapstolpe, utan ocks\u00e5 en mysig kattgrotta f\u00f6r din katt. Dina katter kan v\u00e4ssa sina...","og_url":"https:\/\/truusk.store\/sv\/produkt\/truusk-kattgrotta-med-leksak-sisal-plysch-khaki-beige-kaffe\/","og_site_name":"TRUUSK - Hem, Tr\u00e4dg\u00e5rd &amp; Fritid","article_modified_time":"2026-03-12T08:08:35+00:00","og_image":[{"width":800,"height":800,"url":"https:\/\/i0.wp.com\/truusk.se\/wp-content\/uploads\/2024\/02\/med-kattgrotta-inklusive-leksak-sisal-plysch-khaki-beige-kaffe.webp?fit=800%2C800&ssl=1","type":"image\/webp"}],"twitter_card":"summary_large_image","twitter_misc":{"Ber\u00e4knad l\u00e4stid":"1 minut"},"schema":{"@context":"https:\/\/schema.org","@graph":[{"@type":"WebPage","@id":"https:\/\/truusk.store\/sv\/produkt\/truusk-kattgrotta-med-leksak-sisal-plysch-khaki-beige-kaffe\/","url":"https:\/\/truusk.store\/sv\/produkt\/truusk-kattgrotta-med-leksak-sisal-plysch-khaki-beige-kaffe\/","name":"TRUUSK Kattgrotta med Leksak - Sisal Plysch - Khaki\/Beige\/Kaffe - TRUUSK - Hem, Tr\u00e4dg\u00e5rd &amp; Fritid","isPartOf":{"@id":"https:\/\/truusk.store\/sv\/#website"},"primaryImageOfPage":{"@id":"https:\/\/truusk.store\/sv\/produkt\/truusk-kattgrotta-med-leksak-sisal-plysch-khaki-beige-kaffe\/#primaryimage"},"image":{"@id":"https:\/\/truusk.store\/sv\/produkt\/truusk-kattgrotta-med-leksak-sisal-plysch-khaki-beige-kaffe\/#primaryimage"},"thumbnailUrl":"https:\/\/i0.wp.com\/truusk.store\/wp-content\/uploads\/2024\/02\/med-kattgrotta-inklusive-leksak-sisal-plysch-khaki-beige-kaffe.webp?fit=800%2C800&ssl=1","datePublished":"2024-02-13T19:27:37+00:00","dateModified":"2026-03-12T08:08:35+00:00","breadcrumb":{"@id":"https:\/\/truusk.store\/sv\/produkt\/truusk-kattgrotta-med-leksak-sisal-plysch-khaki-beige-kaffe\/#breadcrumb"},"inLanguage":"sv-SE","potentialAction":[{"@type":"ReadAction","target":["https:\/\/truusk.store\/sv\/produkt\/truusk-kattgrotta-med-leksak-sisal-plysch-khaki-beige-kaffe\/"]}]},{"@type":"ImageObject","inLanguage":"sv-SE","@id":"https:\/\/truusk.store\/sv\/produkt\/truusk-kattgrotta-med-leksak-sisal-plysch-khaki-beige-kaffe\/#primaryimage","url":"https:\/\/i0.wp.com\/truusk.store\/wp-content\/uploads\/2024\/02\/med-kattgrotta-inklusive-leksak-sisal-plysch-khaki-beige-kaffe.webp?fit=800%2C800&ssl=1","contentUrl":"https:\/\/i0.wp.com\/truusk.store\/wp-content\/uploads\/2024\/02\/med-kattgrotta-inklusive-leksak-sisal-plysch-khaki-beige-kaffe.webp?fit=800%2C800&ssl=1","width":800,"height":800,"caption":"Med Kattgrotta Inklusive Leksak Sisal Plysch Khaki + Beige + Kaffe 1"},{"@type":"BreadcrumbList","@id":"https:\/\/truusk.store\/sv\/produkt\/truusk-kattgrotta-med-leksak-sisal-plysch-khaki-beige-kaffe\/#breadcrumb","itemListElement":[{"@type":"ListItem","position":1,"name":"Home","item":"https:\/\/truusk.store\/sv\/"},{"@type":"ListItem","position":2,"name":"Shop","item":"https:\/\/truusk.store\/shop\/"},{"@type":"ListItem","position":3,"name":"TRUUSK Kattgrotta med Leksak &#8211; Sisal Plysch &#8211; Khaki\/Beige\/Kaffe"}]},{"@type":"WebSite","@id":"https:\/\/truusk.store\/sv\/#website","url":"https:\/\/truusk.store\/sv\/","name":"TRUUSK - Hem, Tr\u00e4dg\u00e5rd & Fritid","description":"","publisher":{"@id":"https:\/\/truusk.store\/sv\/#organization"},"potentialAction":[{"@type":"SearchAction","target":{"@type":"EntryPoint","urlTemplate":"https:\/\/truusk.store\/sv\/?s={search_term_string}"},"query-input":{"@type":"PropertyValueSpecification","valueRequired":true,"valueName":"search_term_string"}}],"inLanguage":"sv-SE"},{"@type":"Organization","@id":"https:\/\/truusk.store\/sv\/#organization","name":"TRUUSK - Hem, Tr\u00e4dg\u00e5rd & Fritid","url":"https:\/\/truusk.store\/sv\/","logo":{"@type":"ImageObject","inLanguage":"sv-SE","@id":"https:\/\/truusk.store\/sv\/#\/schema\/logo\/image\/","url":"https:\/\/i0.wp.com\/truusk.store\/wp-content\/uploads\/2026\/03\/cropped-TRUUSK.png?fit=2032%2C917&ssl=1","contentUrl":"https:\/\/i0.wp.com\/truusk.store\/wp-content\/uploads\/2026\/03\/cropped-TRUUSK.png?fit=2032%2C917&ssl=1","width":2032,"height":917,"caption":"TRUUSK - Hem, Tr\u00e4dg\u00e5rd & Fritid"},"image":{"@id":"https:\/\/truusk.store\/sv\/#\/schema\/logo\/image\/"}}]}},"jetpack_sharing_enabled":true,"_links":{"self":[{"href":"https:\/\/truusk.store\/sv\/wp-json\/wp\/v2\/product\/29907","targetHints":{"allow":["GET"]}}],"collection":[{"href":"https:\/\/truusk.store\/sv\/wp-json\/wp\/v2\/product"}],"about":[{"href":"https:\/\/truusk.store\/sv\/wp-json\/wp\/v2\/types\/product"}],"wp:featuredmedia":[{"embeddable":true,"href":"https:\/\/truusk.store\/sv\/wp-json\/wp\/v2\/media\/29908"}],"wp:attachment":[{"href":"https:\/\/truusk.store\/sv\/wp-json\/wp\/v2\/media?parent=29907"}],"wp:term":[{"taxonomy":"product_brand","embeddable":true,"href":"https:\/\/truusk.store\/sv\/wp-json\/wp\/v2\/product_brand?post=29907"},{"taxonomy":"product_cat","embeddable":true,"href":"https:\/\/truusk.store\/sv\/wp-json\/wp\/v2\/product_cat?post=29907"},{"taxonomy":"product_tag","embeddable":true,"href":"https:\/\/truusk.store\/sv\/wp-json\/wp\/v2\/product_tag?post=29907"}],"curies":[{"name":"wp","href":"https:\/\/api.w.org\/{rel}","templated":true}]}}