{"id":30040,"date":"2024-02-13T20:31:44","date_gmt":"2024-02-13T19:31:44","guid":{"rendered":"https:\/\/truusk.store\/product\/2-sits-soffa-soffa-med-2-slangkuddar-stoppad-dubbelsoffa-stoppad-soffa-med-sammetslook-armstod-loveseat-for-vardagsrum-sovrum-130-x-70-x-80-cm-gul\/"},"modified":"2026-03-12T09:08:37","modified_gmt":"2026-03-12T08:08:37","slug":"truusk-2-sits-soffa-med-2-slangkuddar-stoppad-loveseat-med-sammetslook-armstod-130-x-70-x-80-cm-gul","status":"publish","type":"product","link":"https:\/\/truusk.store\/sv\/produkt\/truusk-2-sits-soffa-med-2-slangkuddar-stoppad-loveseat-med-sammetslook-armstod-130-x-70-x-80-cm-gul\/","title":{"rendered":"TRUUSK 2-sits Soffa med 2 Sl\u00e4ngkuddar &#8211; Stoppad Loveseat med Sammetslook &#8211; Armst\u00f6d &#8211; 130 x 70 x 80 cm &#8211; Gul"},"content":{"rendered":"<p>Denna k\u00e4rleksstol \u00e4r den perfekta platsen f\u00f6r en mysig filmkv\u00e4ll, spelkv\u00e4ll eller krypa ihop med en god bok. Den neutrala f\u00e4rgen och moderna designen passar alla inredningsstilar. \u00d6verdraget \u00e4r l\u00e4ttsk\u00f6tt och l\u00e4tt att reng\u00f6ra. Njut av stilen med denna 2-sits soffa.<\/p>\n<h3>Beskrivning:<\/h3>\n<ul>\n<li>Tv\u00e5 kuddar ing\u00e5r, kuddfodralen \u00e4r avtagbara och tv\u00e4ttbara<\/li>\n<li>Designen med tv\u00e5 s\u00e4ten \u00e4r idealisk f\u00f6r sm\u00e5 utrymmen<\/li>\n<li>Den enkla och minimalistiska designen hos 2-sitssoffan ger en touch av modern till ditt hem<\/li>\n<li>Mjuk ovandel p\u00e5 dubbelsoffan med en mycket mjuk textur och en skimrande glans<\/li>\n<li>Ben av gummitr\u00e4 f\u00f6r stabilitet och h\u00e5llbarhet<\/li>\n<li>Fasta, justerbara och halkfria plastf\u00f6tter<\/li>\n<li>Montering kr\u00e4vs<\/li>\n<\/ul>\n<h3>Teknisk data:<\/h3>\n<ul>\n<li>F\u00e4rg: Gul+Naturlig<\/li>\n<li>Material: sammet (100 % polyester), gummitr\u00e4, skum<\/li>\n<li>Totala m\u00e5tt: 130L x 70W x 80H cm<\/li>\n<li>Sittm\u00e5tt: 111W x 56D x 45H cm<\/li>\n<li>Ryggst\u00f6dets m\u00e5tt: 111W x 37H cm<\/li>\n<li>Dynans djup: 25,5 cm<\/li>\n<li>Lastkapacitet: 220 kg<\/li>\n<\/ul>\n<h3>Leveransens omfattning:<\/h3>\n<ul>\n<li>1 x soffa<\/li>\n<li>1 x Instruktioner<\/li>\n<\/ul>\n","protected":false},"excerpt":{"rendered":"<p>Denna k\u00e4rleksstol \u00e4r den perfekta platsen f\u00f6r en mysig filmkv\u00e4ll, spelkv\u00e4ll eller krypa ihop med en god bok. Den neutrala&#8230;<\/p>\n","protected":false},"featured_media":30041,"template":"","meta":[],"product_brand":[],"product_cat":[556,485,554],"product_tag":[],"class_list":{"0":"post-30040","1":"product","2":"type-product","3":"status-publish","4":"has-post-thumbnail","6":"product_cat-enkelsoffor","7":"product_cat-hus-bo","8":"product_cat-soffor-soffor","10":"first","11":"instock","12":"sale","13":"taxable","14":"shipping-taxable","15":"purchasable","16":"product-type-simple"},"yoast_head":"<!-- This site is optimized with the Yoast SEO plugin v25.4 - https:\/\/yoast.com\/wordpress\/plugins\/seo\/ -->\n<title>TRUUSK 2-sits Soffa med 2 Sl\u00e4ngkuddar - Stoppad Loveseat med Sammetslook - Armst\u00f6d - 130 x 70 x 80 cm - Gul - TRUUSK - Hem, Tr\u00e4dg\u00e5rd &amp; Fritid<\/title>\n<meta name=\"robots\" content=\"index, follow, max-snippet:-1, max-image-preview:large, max-video-preview:-1\" \/>\n<link rel=\"canonical\" href=\"https:\/\/truusk.store\/sv\/produkt\/truusk-2-sits-soffa-med-2-slangkuddar-stoppad-loveseat-med-sammetslook-armstod-130-x-70-x-80-cm-gul\/\" \/>\n<meta property=\"og:locale\" content=\"sv_SE\" \/>\n<meta property=\"og:type\" content=\"article\" \/>\n<meta property=\"og:title\" content=\"TRUUSK 2-sits Soffa med 2 Sl\u00e4ngkuddar - Stoppad Loveseat med Sammetslook - Armst\u00f6d - 130 x 70 x 80 cm - Gul - TRUUSK - Hem, Tr\u00e4dg\u00e5rd &amp; Fritid\" \/>\n<meta property=\"og:description\" content=\"Denna k\u00e4rleksstol \u00e4r den perfekta platsen f\u00f6r en mysig filmkv\u00e4ll, spelkv\u00e4ll eller krypa ihop med en god bok. Den neutrala...\" \/>\n<meta property=\"og:url\" content=\"https:\/\/truusk.store\/sv\/produkt\/truusk-2-sits-soffa-med-2-slangkuddar-stoppad-loveseat-med-sammetslook-armstod-130-x-70-x-80-cm-gul\/\" \/>\n<meta property=\"og:site_name\" content=\"TRUUSK - Hem, Tr\u00e4dg\u00e5rd &amp; Fritid\" \/>\n<meta property=\"article:modified_time\" content=\"2026-03-12T08:08:37+00:00\" \/>\n<meta property=\"og:image\" content=\"https:\/\/i0.wp.com\/truusk.se\/wp-content\/uploads\/2024\/02\/2-sits-soffa-soffa-med-2-slangkuddar-stoppad-dubbelsoffa-stoppad-soffa-med-sammetslook-armstod-loveseat-for-vardagsrum-sovrum-130-x-70-x-80-cm-gul.webp?fit=800%2C800&ssl=1\" \/>\n\t<meta property=\"og:image:width\" content=\"800\" \/>\n\t<meta property=\"og:image:height\" content=\"800\" \/>\n\t<meta property=\"og:image:type\" content=\"image\/webp\" \/>\n<meta name=\"twitter:card\" content=\"summary_large_image\" \/>\n<meta name=\"twitter:label1\" content=\"Ber\u00e4knad l\u00e4stid\" \/>\n\t<meta name=\"twitter:data1\" content=\"1 minut\" \/>\n<!-- \/ Yoast SEO plugin. -->","yoast_head_json":{"title":"TRUUSK 2-sits Soffa med 2 Sl\u00e4ngkuddar - Stoppad Loveseat med Sammetslook - Armst\u00f6d - 130 x 70 x 80 cm - Gul - TRUUSK - Hem, Tr\u00e4dg\u00e5rd &amp; Fritid","robots":{"index":"index","follow":"follow","max-snippet":"max-snippet:-1","max-image-preview":"max-image-preview:large","max-video-preview":"max-video-preview:-1"},"canonical":"https:\/\/truusk.store\/sv\/produkt\/truusk-2-sits-soffa-med-2-slangkuddar-stoppad-loveseat-med-sammetslook-armstod-130-x-70-x-80-cm-gul\/","og_locale":"sv_SE","og_type":"article","og_title":"TRUUSK 2-sits Soffa med 2 Sl\u00e4ngkuddar - Stoppad Loveseat med Sammetslook - Armst\u00f6d - 130 x 70 x 80 cm - Gul - TRUUSK - Hem, Tr\u00e4dg\u00e5rd &amp; Fritid","og_description":"Denna k\u00e4rleksstol \u00e4r den perfekta platsen f\u00f6r en mysig filmkv\u00e4ll, spelkv\u00e4ll eller krypa ihop med en god bok. Den neutrala...","og_url":"https:\/\/truusk.store\/sv\/produkt\/truusk-2-sits-soffa-med-2-slangkuddar-stoppad-loveseat-med-sammetslook-armstod-130-x-70-x-80-cm-gul\/","og_site_name":"TRUUSK - Hem, Tr\u00e4dg\u00e5rd &amp; Fritid","article_modified_time":"2026-03-12T08:08:37+00:00","og_image":[{"width":800,"height":800,"url":"https:\/\/i0.wp.com\/truusk.se\/wp-content\/uploads\/2024\/02\/2-sits-soffa-soffa-med-2-slangkuddar-stoppad-dubbelsoffa-stoppad-soffa-med-sammetslook-armstod-loveseat-for-vardagsrum-sovrum-130-x-70-x-80-cm-gul.webp?fit=800%2C800&ssl=1","type":"image\/webp"}],"twitter_card":"summary_large_image","twitter_misc":{"Ber\u00e4knad l\u00e4stid":"1 minut"},"schema":{"@context":"https:\/\/schema.org","@graph":[{"@type":"WebPage","@id":"https:\/\/truusk.store\/sv\/produkt\/truusk-2-sits-soffa-med-2-slangkuddar-stoppad-loveseat-med-sammetslook-armstod-130-x-70-x-80-cm-gul\/","url":"https:\/\/truusk.store\/sv\/produkt\/truusk-2-sits-soffa-med-2-slangkuddar-stoppad-loveseat-med-sammetslook-armstod-130-x-70-x-80-cm-gul\/","name":"TRUUSK 2-sits Soffa med 2 Sl\u00e4ngkuddar - Stoppad Loveseat med Sammetslook - Armst\u00f6d - 130 x 70 x 80 cm - Gul - TRUUSK - Hem, Tr\u00e4dg\u00e5rd &amp; Fritid","isPartOf":{"@id":"https:\/\/truusk.store\/sv\/#website"},"primaryImageOfPage":{"@id":"https:\/\/truusk.store\/sv\/produkt\/truusk-2-sits-soffa-med-2-slangkuddar-stoppad-loveseat-med-sammetslook-armstod-130-x-70-x-80-cm-gul\/#primaryimage"},"image":{"@id":"https:\/\/truusk.store\/sv\/produkt\/truusk-2-sits-soffa-med-2-slangkuddar-stoppad-loveseat-med-sammetslook-armstod-130-x-70-x-80-cm-gul\/#primaryimage"},"thumbnailUrl":"https:\/\/i0.wp.com\/truusk.store\/wp-content\/uploads\/2024\/02\/2-sits-soffa-soffa-med-2-slangkuddar-stoppad-dubbelsoffa-stoppad-soffa-med-sammetslook-armstod-loveseat-for-vardagsrum-sovrum-130-x-70-x-80-cm-gul.webp?fit=800%2C800&ssl=1","datePublished":"2024-02-13T19:31:44+00:00","dateModified":"2026-03-12T08:08:37+00:00","breadcrumb":{"@id":"https:\/\/truusk.store\/sv\/produkt\/truusk-2-sits-soffa-med-2-slangkuddar-stoppad-loveseat-med-sammetslook-armstod-130-x-70-x-80-cm-gul\/#breadcrumb"},"inLanguage":"sv-SE","potentialAction":[{"@type":"ReadAction","target":["https:\/\/truusk.store\/sv\/produkt\/truusk-2-sits-soffa-med-2-slangkuddar-stoppad-loveseat-med-sammetslook-armstod-130-x-70-x-80-cm-gul\/"]}]},{"@type":"ImageObject","inLanguage":"sv-SE","@id":"https:\/\/truusk.store\/sv\/produkt\/truusk-2-sits-soffa-med-2-slangkuddar-stoppad-loveseat-med-sammetslook-armstod-130-x-70-x-80-cm-gul\/#primaryimage","url":"https:\/\/i0.wp.com\/truusk.store\/wp-content\/uploads\/2024\/02\/2-sits-soffa-soffa-med-2-slangkuddar-stoppad-dubbelsoffa-stoppad-soffa-med-sammetslook-armstod-loveseat-for-vardagsrum-sovrum-130-x-70-x-80-cm-gul.webp?fit=800%2C800&ssl=1","contentUrl":"https:\/\/i0.wp.com\/truusk.store\/wp-content\/uploads\/2024\/02\/2-sits-soffa-soffa-med-2-slangkuddar-stoppad-dubbelsoffa-stoppad-soffa-med-sammetslook-armstod-loveseat-for-vardagsrum-sovrum-130-x-70-x-80-cm-gul.webp?fit=800%2C800&ssl=1","width":800,"height":800,"caption":"2-sits Soffa, Soffa Med 2 Sl\u00e4ngkuddar, Stoppad Dubbelsoffa, Stoppad Soffa Med Sammetslook, Armst\u00f6d, Loveseat F\u00f6r Vardagsrum, Sovrum, 130 X 70 X 80 Cm, Gul 1"},{"@type":"BreadcrumbList","@id":"https:\/\/truusk.store\/sv\/produkt\/truusk-2-sits-soffa-med-2-slangkuddar-stoppad-loveseat-med-sammetslook-armstod-130-x-70-x-80-cm-gul\/#breadcrumb","itemListElement":[{"@type":"ListItem","position":1,"name":"Home","item":"https:\/\/truusk.store\/sv\/"},{"@type":"ListItem","position":2,"name":"Shop","item":"https:\/\/truusk.store\/shop\/"},{"@type":"ListItem","position":3,"name":"TRUUSK 2-sits Soffa med 2 Sl\u00e4ngkuddar &#8211; Stoppad Loveseat med Sammetslook &#8211; Armst\u00f6d &#8211; 130 x 70 x 80 cm &#8211; Gul"}]},{"@type":"WebSite","@id":"https:\/\/truusk.store\/sv\/#website","url":"https:\/\/truusk.store\/sv\/","name":"TRUUSK - Hem, Tr\u00e4dg\u00e5rd & Fritid","description":"","publisher":{"@id":"https:\/\/truusk.store\/sv\/#organization"},"potentialAction":[{"@type":"SearchAction","target":{"@type":"EntryPoint","urlTemplate":"https:\/\/truusk.store\/sv\/?s={search_term_string}"},"query-input":{"@type":"PropertyValueSpecification","valueRequired":true,"valueName":"search_term_string"}}],"inLanguage":"sv-SE"},{"@type":"Organization","@id":"https:\/\/truusk.store\/sv\/#organization","name":"TRUUSK - Hem, Tr\u00e4dg\u00e5rd & Fritid","url":"https:\/\/truusk.store\/sv\/","logo":{"@type":"ImageObject","inLanguage":"sv-SE","@id":"https:\/\/truusk.store\/sv\/#\/schema\/logo\/image\/","url":"https:\/\/i0.wp.com\/truusk.store\/wp-content\/uploads\/2026\/03\/cropped-TRUUSK.png?fit=2032%2C917&ssl=1","contentUrl":"https:\/\/i0.wp.com\/truusk.store\/wp-content\/uploads\/2026\/03\/cropped-TRUUSK.png?fit=2032%2C917&ssl=1","width":2032,"height":917,"caption":"TRUUSK - Hem, Tr\u00e4dg\u00e5rd & Fritid"},"image":{"@id":"https:\/\/truusk.store\/sv\/#\/schema\/logo\/image\/"}}]}},"jetpack_sharing_enabled":true,"_links":{"self":[{"href":"https:\/\/truusk.store\/sv\/wp-json\/wp\/v2\/product\/30040","targetHints":{"allow":["GET"]}}],"collection":[{"href":"https:\/\/truusk.store\/sv\/wp-json\/wp\/v2\/product"}],"about":[{"href":"https:\/\/truusk.store\/sv\/wp-json\/wp\/v2\/types\/product"}],"wp:featuredmedia":[{"embeddable":true,"href":"https:\/\/truusk.store\/sv\/wp-json\/wp\/v2\/media\/30041"}],"wp:attachment":[{"href":"https:\/\/truusk.store\/sv\/wp-json\/wp\/v2\/media?parent=30040"}],"wp:term":[{"taxonomy":"product_brand","embeddable":true,"href":"https:\/\/truusk.store\/sv\/wp-json\/wp\/v2\/product_brand?post=30040"},{"taxonomy":"product_cat","embeddable":true,"href":"https:\/\/truusk.store\/sv\/wp-json\/wp\/v2\/product_cat?post=30040"},{"taxonomy":"product_tag","embeddable":true,"href":"https:\/\/truusk.store\/sv\/wp-json\/wp\/v2\/product_tag?post=30040"}],"curies":[{"name":"wp","href":"https:\/\/api.w.org\/{rel}","templated":true}]}}