{"id":30126,"date":"2024-02-13T20:34:54","date_gmt":"2024-02-13T19:34:54","guid":{"rendered":"https:\/\/truusk.store\/product\/baddsoffa-hopfallbar-soffa-2-sits-baddsoffa-i-tyg-med-sovfunktion-soffset-linneliknande-polyestergummitra-gra-173-x-75-x-73-cm\/"},"modified":"2026-03-12T09:08:39","modified_gmt":"2026-03-12T08:08:39","slug":"truusk-hopfallbar-2-sits-baddsoffa-sovfunktion-linneliknande-tyg-gra-173-x-75-x-73-cm","status":"publish","type":"product","link":"https:\/\/truusk.store\/sv\/produkt\/truusk-hopfallbar-2-sits-baddsoffa-sovfunktion-linneliknande-tyg-gra-173-x-75-x-73-cm\/","title":{"rendered":"TRUUSK Hopf\u00e4llbar 2-sits B\u00e4ddsoffa &#8211; Sovfunktion &#8211; Linneliknande Tyg &#8211; Gr\u00e5 &#8211; 173 x 75 x 73 cm"},"content":{"rendered":"<p>Njut av h\u00f6g sittkomfort utan att offra ditt v\u00e4rdefulla utrymme med denna b\u00e4ddsoffa. Ryggst\u00f6den kan justeras separat i 3 olika l\u00e4gen f\u00f6r att m\u00f6ta olika behov. L\u00e4mplig f\u00f6r vardagsrummet, sovrummet, ton\u00e5rsrummet eller arbetsrummet. P\u00e5 denna b\u00e4ddsoffa kan du koppla av n\u00e4r som helst och njuta av mysiga timmar.<\/p>\n<h3>Beskrivning:<\/h3>\n<ul>\n<li>3 ryggst\u00f6dsinst\u00e4llningar<\/li>\n<li>Separat justering av ryggst\u00f6den<\/li>\n<li>Denna soffa kan snabbt g\u00f6ras om till en s\u00e4ng<\/li>\n<li>Yttermaterialet \u00e4r tillverkat av polyester med linnelook<\/li>\n<li>Materialet \u00e4r l\u00e4ttsk\u00f6tt och h\u00e5llbart<\/li>\n<li>Randigt m\u00f6nster p\u00e5 ryggst\u00f6det<\/li>\n<\/ul>\n<h3>Teknisk data:<\/h3>\n<ul>\n<li>F\u00e4rg gr\u00e5<\/li>\n<li>Material: Linneliknande polyester, skum, gummitr\u00e4<\/li>\n<li>\u00d6vergripande m\u00e5tt: 173W x 75D x 73H cm (soffa), 173W x 93D x 57H cm (s\u00e4ng)<\/li>\n<li>S\u00e4ngytas storlek: 159W x 93D x 40H cm<\/li>\n<li>Soffsitsstorlek: 159W x 51,5D x 40H cm<\/li>\n<li>Ryggst\u00f6dsh\u00f6jd: 35 cm<\/li>\n<li>Ryggst\u00f6dsstorlek: 155,5W x 15D cm<\/li>\n<li>Armst\u00f6dsstorlek: 60W x 20D x 7,5H cm<\/li>\n<li>Lastkapacitet: 220 kg<\/li>\n<\/ul>\n<h3>Leveransens omfattning:<\/h3>\n<ul>\n<li>1 x b\u00e4ddsoffa<\/li>\n<li>1 x Instruktioner<\/li>\n<\/ul>\n","protected":false},"excerpt":{"rendered":"<p>Njut av h\u00f6g sittkomfort utan att offra ditt v\u00e4rdefulla utrymme med denna b\u00e4ddsoffa. Ryggst\u00f6den kan justeras separat i 3 olika&#8230;<\/p>\n","protected":false},"featured_media":30127,"template":"","meta":[],"product_brand":[],"product_cat":[557,485,554],"product_tag":[],"class_list":{"0":"post-30126","1":"product","2":"type-product","3":"status-publish","4":"has-post-thumbnail","6":"product_cat-baddsoffor","7":"product_cat-hus-bo","8":"product_cat-soffor-soffor","10":"first","11":"instock","12":"sale","13":"taxable","14":"shipping-taxable","15":"purchasable","16":"product-type-simple"},"yoast_head":"<!-- This site is optimized with the Yoast SEO plugin v25.4 - https:\/\/yoast.com\/wordpress\/plugins\/seo\/ -->\n<title>TRUUSK Hopf\u00e4llbar 2-sits B\u00e4ddsoffa - Sovfunktion - Linneliknande Tyg - Gr\u00e5 - 173 x 75 x 73 cm - TRUUSK - Hem, Tr\u00e4dg\u00e5rd &amp; Fritid<\/title>\n<meta name=\"robots\" content=\"index, follow, max-snippet:-1, max-image-preview:large, max-video-preview:-1\" \/>\n<link rel=\"canonical\" href=\"https:\/\/truusk.store\/sv\/produkt\/truusk-hopfallbar-2-sits-baddsoffa-sovfunktion-linneliknande-tyg-gra-173-x-75-x-73-cm\/\" \/>\n<meta property=\"og:locale\" content=\"sv_SE\" \/>\n<meta property=\"og:type\" content=\"article\" \/>\n<meta property=\"og:title\" content=\"TRUUSK Hopf\u00e4llbar 2-sits B\u00e4ddsoffa - Sovfunktion - Linneliknande Tyg - Gr\u00e5 - 173 x 75 x 73 cm - TRUUSK - Hem, Tr\u00e4dg\u00e5rd &amp; Fritid\" \/>\n<meta property=\"og:description\" content=\"Njut av h\u00f6g sittkomfort utan att offra ditt v\u00e4rdefulla utrymme med denna b\u00e4ddsoffa. Ryggst\u00f6den kan justeras separat i 3 olika...\" \/>\n<meta property=\"og:url\" content=\"https:\/\/truusk.store\/sv\/produkt\/truusk-hopfallbar-2-sits-baddsoffa-sovfunktion-linneliknande-tyg-gra-173-x-75-x-73-cm\/\" \/>\n<meta property=\"og:site_name\" content=\"TRUUSK - Hem, Tr\u00e4dg\u00e5rd &amp; Fritid\" \/>\n<meta property=\"article:modified_time\" content=\"2026-03-12T08:08:39+00:00\" \/>\n<meta property=\"og:image\" content=\"https:\/\/i0.wp.com\/truusk.se\/wp-content\/uploads\/2024\/02\/baddsoffa-hopfallbar-soffa-2-sits-baddsoffa-i-tyg-med-sovfunktion-soffset-linneliknande-polyestergummitra-gra-173-x-75-x-73-cm.webp?fit=800%2C800&ssl=1\" \/>\n\t<meta property=\"og:image:width\" content=\"800\" \/>\n\t<meta property=\"og:image:height\" content=\"800\" \/>\n\t<meta property=\"og:image:type\" content=\"image\/webp\" \/>\n<meta name=\"twitter:card\" content=\"summary_large_image\" \/>\n<meta name=\"twitter:label1\" content=\"Ber\u00e4knad l\u00e4stid\" \/>\n\t<meta name=\"twitter:data1\" content=\"1 minut\" \/>\n<!-- \/ Yoast SEO plugin. -->","yoast_head_json":{"title":"TRUUSK Hopf\u00e4llbar 2-sits B\u00e4ddsoffa - Sovfunktion - Linneliknande Tyg - Gr\u00e5 - 173 x 75 x 73 cm - TRUUSK - Hem, Tr\u00e4dg\u00e5rd &amp; Fritid","robots":{"index":"index","follow":"follow","max-snippet":"max-snippet:-1","max-image-preview":"max-image-preview:large","max-video-preview":"max-video-preview:-1"},"canonical":"https:\/\/truusk.store\/sv\/produkt\/truusk-hopfallbar-2-sits-baddsoffa-sovfunktion-linneliknande-tyg-gra-173-x-75-x-73-cm\/","og_locale":"sv_SE","og_type":"article","og_title":"TRUUSK Hopf\u00e4llbar 2-sits B\u00e4ddsoffa - Sovfunktion - Linneliknande Tyg - Gr\u00e5 - 173 x 75 x 73 cm - TRUUSK - Hem, Tr\u00e4dg\u00e5rd &amp; Fritid","og_description":"Njut av h\u00f6g sittkomfort utan att offra ditt v\u00e4rdefulla utrymme med denna b\u00e4ddsoffa. Ryggst\u00f6den kan justeras separat i 3 olika...","og_url":"https:\/\/truusk.store\/sv\/produkt\/truusk-hopfallbar-2-sits-baddsoffa-sovfunktion-linneliknande-tyg-gra-173-x-75-x-73-cm\/","og_site_name":"TRUUSK - Hem, Tr\u00e4dg\u00e5rd &amp; Fritid","article_modified_time":"2026-03-12T08:08:39+00:00","og_image":[{"width":800,"height":800,"url":"https:\/\/i0.wp.com\/truusk.se\/wp-content\/uploads\/2024\/02\/baddsoffa-hopfallbar-soffa-2-sits-baddsoffa-i-tyg-med-sovfunktion-soffset-linneliknande-polyestergummitra-gra-173-x-75-x-73-cm.webp?fit=800%2C800&ssl=1","type":"image\/webp"}],"twitter_card":"summary_large_image","twitter_misc":{"Ber\u00e4knad l\u00e4stid":"1 minut"},"schema":{"@context":"https:\/\/schema.org","@graph":[{"@type":"WebPage","@id":"https:\/\/truusk.store\/sv\/produkt\/truusk-hopfallbar-2-sits-baddsoffa-sovfunktion-linneliknande-tyg-gra-173-x-75-x-73-cm\/","url":"https:\/\/truusk.store\/sv\/produkt\/truusk-hopfallbar-2-sits-baddsoffa-sovfunktion-linneliknande-tyg-gra-173-x-75-x-73-cm\/","name":"TRUUSK Hopf\u00e4llbar 2-sits B\u00e4ddsoffa - Sovfunktion - Linneliknande Tyg - Gr\u00e5 - 173 x 75 x 73 cm - TRUUSK - Hem, Tr\u00e4dg\u00e5rd &amp; Fritid","isPartOf":{"@id":"https:\/\/truusk.store\/sv\/#website"},"primaryImageOfPage":{"@id":"https:\/\/truusk.store\/sv\/produkt\/truusk-hopfallbar-2-sits-baddsoffa-sovfunktion-linneliknande-tyg-gra-173-x-75-x-73-cm\/#primaryimage"},"image":{"@id":"https:\/\/truusk.store\/sv\/produkt\/truusk-hopfallbar-2-sits-baddsoffa-sovfunktion-linneliknande-tyg-gra-173-x-75-x-73-cm\/#primaryimage"},"thumbnailUrl":"https:\/\/i0.wp.com\/truusk.store\/wp-content\/uploads\/2024\/02\/baddsoffa-hopfallbar-soffa-2-sits-baddsoffa-i-tyg-med-sovfunktion-soffset-linneliknande-polyestergummitra-gra-173-x-75-x-73-cm.webp?fit=800%2C800&ssl=1","datePublished":"2024-02-13T19:34:54+00:00","dateModified":"2026-03-12T08:08:39+00:00","breadcrumb":{"@id":"https:\/\/truusk.store\/sv\/produkt\/truusk-hopfallbar-2-sits-baddsoffa-sovfunktion-linneliknande-tyg-gra-173-x-75-x-73-cm\/#breadcrumb"},"inLanguage":"sv-SE","potentialAction":[{"@type":"ReadAction","target":["https:\/\/truusk.store\/sv\/produkt\/truusk-hopfallbar-2-sits-baddsoffa-sovfunktion-linneliknande-tyg-gra-173-x-75-x-73-cm\/"]}]},{"@type":"ImageObject","inLanguage":"sv-SE","@id":"https:\/\/truusk.store\/sv\/produkt\/truusk-hopfallbar-2-sits-baddsoffa-sovfunktion-linneliknande-tyg-gra-173-x-75-x-73-cm\/#primaryimage","url":"https:\/\/i0.wp.com\/truusk.store\/wp-content\/uploads\/2024\/02\/baddsoffa-hopfallbar-soffa-2-sits-baddsoffa-i-tyg-med-sovfunktion-soffset-linneliknande-polyestergummitra-gra-173-x-75-x-73-cm.webp?fit=800%2C800&ssl=1","contentUrl":"https:\/\/i0.wp.com\/truusk.store\/wp-content\/uploads\/2024\/02\/baddsoffa-hopfallbar-soffa-2-sits-baddsoffa-i-tyg-med-sovfunktion-soffset-linneliknande-polyestergummitra-gra-173-x-75-x-73-cm.webp?fit=800%2C800&ssl=1","width":800,"height":800,"caption":"B\u00e4ddsoffa Hopf\u00e4llbar Soffa 2-sits B\u00e4ddsoffa I Tyg Med Sovfunktion Soffset Linneliknande Polyestergummitr\u00e4 Gr\u00e5 173 X 75 X 73 Cm 1"},{"@type":"BreadcrumbList","@id":"https:\/\/truusk.store\/sv\/produkt\/truusk-hopfallbar-2-sits-baddsoffa-sovfunktion-linneliknande-tyg-gra-173-x-75-x-73-cm\/#breadcrumb","itemListElement":[{"@type":"ListItem","position":1,"name":"Home","item":"https:\/\/truusk.store\/sv\/"},{"@type":"ListItem","position":2,"name":"Shop","item":"https:\/\/truusk.store\/shop\/"},{"@type":"ListItem","position":3,"name":"TRUUSK Hopf\u00e4llbar 2-sits B\u00e4ddsoffa &#8211; Sovfunktion &#8211; Linneliknande Tyg &#8211; Gr\u00e5 &#8211; 173 x 75 x 73 cm"}]},{"@type":"WebSite","@id":"https:\/\/truusk.store\/sv\/#website","url":"https:\/\/truusk.store\/sv\/","name":"TRUUSK - Hem, Tr\u00e4dg\u00e5rd & Fritid","description":"","publisher":{"@id":"https:\/\/truusk.store\/sv\/#organization"},"potentialAction":[{"@type":"SearchAction","target":{"@type":"EntryPoint","urlTemplate":"https:\/\/truusk.store\/sv\/?s={search_term_string}"},"query-input":{"@type":"PropertyValueSpecification","valueRequired":true,"valueName":"search_term_string"}}],"inLanguage":"sv-SE"},{"@type":"Organization","@id":"https:\/\/truusk.store\/sv\/#organization","name":"TRUUSK - Hem, Tr\u00e4dg\u00e5rd & Fritid","url":"https:\/\/truusk.store\/sv\/","logo":{"@type":"ImageObject","inLanguage":"sv-SE","@id":"https:\/\/truusk.store\/sv\/#\/schema\/logo\/image\/","url":"https:\/\/i0.wp.com\/truusk.store\/wp-content\/uploads\/2026\/03\/cropped-TRUUSK.png?fit=2032%2C917&ssl=1","contentUrl":"https:\/\/i0.wp.com\/truusk.store\/wp-content\/uploads\/2026\/03\/cropped-TRUUSK.png?fit=2032%2C917&ssl=1","width":2032,"height":917,"caption":"TRUUSK - Hem, Tr\u00e4dg\u00e5rd & Fritid"},"image":{"@id":"https:\/\/truusk.store\/sv\/#\/schema\/logo\/image\/"}}]}},"jetpack_sharing_enabled":true,"_links":{"self":[{"href":"https:\/\/truusk.store\/sv\/wp-json\/wp\/v2\/product\/30126","targetHints":{"allow":["GET"]}}],"collection":[{"href":"https:\/\/truusk.store\/sv\/wp-json\/wp\/v2\/product"}],"about":[{"href":"https:\/\/truusk.store\/sv\/wp-json\/wp\/v2\/types\/product"}],"wp:featuredmedia":[{"embeddable":true,"href":"https:\/\/truusk.store\/sv\/wp-json\/wp\/v2\/media\/30127"}],"wp:attachment":[{"href":"https:\/\/truusk.store\/sv\/wp-json\/wp\/v2\/media?parent=30126"}],"wp:term":[{"taxonomy":"product_brand","embeddable":true,"href":"https:\/\/truusk.store\/sv\/wp-json\/wp\/v2\/product_brand?post=30126"},{"taxonomy":"product_cat","embeddable":true,"href":"https:\/\/truusk.store\/sv\/wp-json\/wp\/v2\/product_cat?post=30126"},{"taxonomy":"product_tag","embeddable":true,"href":"https:\/\/truusk.store\/sv\/wp-json\/wp\/v2\/product_tag?post=30126"}],"curies":[{"name":"wp","href":"https:\/\/api.w.org\/{rel}","templated":true}]}}