{"id":30135,"date":"2024-02-13T20:35:11","date_gmt":"2024-02-13T19:35:11","guid":{"rendered":"https:\/\/truusk.store\/product\/stepper-motionscykel-for-hemmet-med-lcd-skarm-justerbar-hastighet-metall-abs-55-x-53-x-118-128-cm\/"},"modified":"2026-03-12T09:08:39","modified_gmt":"2026-03-12T08:08:39","slug":"truusk-steppermaskin-for-hemmabruk-lcd-skarm-justerbar-hastighet-metall-abs-55-x-53-x-118-128-cm","status":"publish","type":"product","link":"https:\/\/truusk.store\/sv\/produkt\/truusk-steppermaskin-for-hemmabruk-lcd-skarm-justerbar-hastighet-metall-abs-55-x-53-x-118-128-cm\/","title":{"rendered":"TRUUSK Steppermaskin f\u00f6r Hemmabruk &#8211; LCD-sk\u00e4rm &#8211; Justerbar Hastighet &#8211; Metall ABS &#8211; 55 x 53 x 118-128 cm"},"content":{"rendered":"<p>Tr\u00e4na dina s\u00e4tesmuskler och l\u00e5r med denna stepper. Med steppern kan du tr\u00e4na dina vader, rumpa, l\u00e5r och h\u00f6fter. De halkfria pedalerna och skumhandtagen ger mycket extra stabilitet och komfort. LCD-sk\u00e4rmen visar tiden, f\u00f6rbr\u00e4nda kalorier och antal steg.<\/p>\n<h3>Beskrivning:<\/h3>\n<ul>\n<li>Robust st\u00e5lkonstruktion i svart finish, stabil och h\u00e5llbar<\/li>\n<li>Tv\u00e5 justerbara hydrauliska motst\u00e5ndscylindrar ger en mjuk stegr\u00f6relse (dra \u00e5t eller sl\u00e4pp motst\u00e5ndsregulatorn)<\/li>\n<li>Tr\u00e4nar och st\u00e4rker rumpa och benmuskler<\/li>\n<li>L\u00e4mplig f\u00f6r hem, kontor eller gym<\/li>\n<li>Montering kr\u00e4vs<\/li>\n<\/ul>\n<h3>Teknisk data:<\/h3>\n<ul>\n<li>F\u00e4rg: Svart+Silver<\/li>\n<li>Material: metall, ABS<\/li>\n<li>\u00d6vergripande m\u00e5tt: 55L x 53W x 118-128H cm<\/li>\n<li>Fotplattans storlek: 33L x 13W cm<\/li>\n<li>\u00d6kning: 12-30 cm<\/li>\n<li>Lastkapacitet: 100KG<\/li>\n<\/ul>\n<h3>Leveransens omfattning:<\/h3>\n<ul>\n<li>1 x sidosteg<\/li>\n<li>1 x Instruktioner<\/li>\n<\/ul>\n","protected":false},"excerpt":{"rendered":"<p>Tr\u00e4na dina s\u00e4tesmuskler och l\u00e5r med denna stepper. Med steppern kan du tr\u00e4na dina vader, rumpa, l\u00e5r och h\u00f6fter. De&#8230;<\/p>\n","protected":false},"featured_media":30136,"template":"","meta":[],"product_brand":[],"product_cat":[661,647,666],"product_tag":[],"class_list":{"0":"post-30135","1":"product","2":"type-product","3":"status-publish","4":"has-post-thumbnail","6":"product_cat-kondition-styrketraning","7":"product_cat-sport-fritid","8":"product_cat-stegbrador-och-ministeg","10":"first","11":"instock","12":"sale","13":"taxable","14":"shipping-taxable","15":"purchasable","16":"product-type-simple"},"yoast_head":"<!-- This site is optimized with the Yoast SEO plugin v25.4 - https:\/\/yoast.com\/wordpress\/plugins\/seo\/ -->\n<title>TRUUSK Steppermaskin f\u00f6r Hemmabruk - LCD-sk\u00e4rm - Justerbar Hastighet - Metall ABS - 55 x 53 x 118-128 cm - TRUUSK - Hem, Tr\u00e4dg\u00e5rd &amp; Fritid<\/title>\n<meta name=\"robots\" content=\"index, follow, max-snippet:-1, max-image-preview:large, max-video-preview:-1\" \/>\n<link rel=\"canonical\" href=\"https:\/\/truusk.store\/sv\/produkt\/truusk-steppermaskin-for-hemmabruk-lcd-skarm-justerbar-hastighet-metall-abs-55-x-53-x-118-128-cm\/\" \/>\n<meta property=\"og:locale\" content=\"sv_SE\" \/>\n<meta property=\"og:type\" content=\"article\" \/>\n<meta property=\"og:title\" content=\"TRUUSK Steppermaskin f\u00f6r Hemmabruk - LCD-sk\u00e4rm - Justerbar Hastighet - Metall ABS - 55 x 53 x 118-128 cm - TRUUSK - Hem, Tr\u00e4dg\u00e5rd &amp; Fritid\" \/>\n<meta property=\"og:description\" content=\"Tr\u00e4na dina s\u00e4tesmuskler och l\u00e5r med denna stepper. Med steppern kan du tr\u00e4na dina vader, rumpa, l\u00e5r och h\u00f6fter. De...\" \/>\n<meta property=\"og:url\" content=\"https:\/\/truusk.store\/sv\/produkt\/truusk-steppermaskin-for-hemmabruk-lcd-skarm-justerbar-hastighet-metall-abs-55-x-53-x-118-128-cm\/\" \/>\n<meta property=\"og:site_name\" content=\"TRUUSK - Hem, Tr\u00e4dg\u00e5rd &amp; Fritid\" \/>\n<meta property=\"article:modified_time\" content=\"2026-03-12T08:08:39+00:00\" \/>\n<meta property=\"og:image\" content=\"https:\/\/i0.wp.com\/truusk.se\/wp-content\/uploads\/2024\/02\/stepper-motionscykel-for-hemmet-med-lcd-skarm-justerbar-hastighet-metall-abs-55-x-53-x-118-128-cm.webp?fit=800%2C800&ssl=1\" \/>\n\t<meta property=\"og:image:width\" content=\"800\" \/>\n\t<meta property=\"og:image:height\" content=\"800\" \/>\n\t<meta property=\"og:image:type\" content=\"image\/webp\" \/>\n<meta name=\"twitter:card\" content=\"summary_large_image\" \/>\n<meta name=\"twitter:label1\" content=\"Ber\u00e4knad l\u00e4stid\" \/>\n\t<meta name=\"twitter:data1\" content=\"1 minut\" \/>\n<!-- \/ Yoast SEO plugin. -->","yoast_head_json":{"title":"TRUUSK Steppermaskin f\u00f6r Hemmabruk - LCD-sk\u00e4rm - Justerbar Hastighet - Metall ABS - 55 x 53 x 118-128 cm - TRUUSK - Hem, Tr\u00e4dg\u00e5rd &amp; Fritid","robots":{"index":"index","follow":"follow","max-snippet":"max-snippet:-1","max-image-preview":"max-image-preview:large","max-video-preview":"max-video-preview:-1"},"canonical":"https:\/\/truusk.store\/sv\/produkt\/truusk-steppermaskin-for-hemmabruk-lcd-skarm-justerbar-hastighet-metall-abs-55-x-53-x-118-128-cm\/","og_locale":"sv_SE","og_type":"article","og_title":"TRUUSK Steppermaskin f\u00f6r Hemmabruk - LCD-sk\u00e4rm - Justerbar Hastighet - Metall ABS - 55 x 53 x 118-128 cm - TRUUSK - Hem, Tr\u00e4dg\u00e5rd &amp; Fritid","og_description":"Tr\u00e4na dina s\u00e4tesmuskler och l\u00e5r med denna stepper. Med steppern kan du tr\u00e4na dina vader, rumpa, l\u00e5r och h\u00f6fter. De...","og_url":"https:\/\/truusk.store\/sv\/produkt\/truusk-steppermaskin-for-hemmabruk-lcd-skarm-justerbar-hastighet-metall-abs-55-x-53-x-118-128-cm\/","og_site_name":"TRUUSK - Hem, Tr\u00e4dg\u00e5rd &amp; Fritid","article_modified_time":"2026-03-12T08:08:39+00:00","og_image":[{"width":800,"height":800,"url":"https:\/\/i0.wp.com\/truusk.se\/wp-content\/uploads\/2024\/02\/stepper-motionscykel-for-hemmet-med-lcd-skarm-justerbar-hastighet-metall-abs-55-x-53-x-118-128-cm.webp?fit=800%2C800&ssl=1","type":"image\/webp"}],"twitter_card":"summary_large_image","twitter_misc":{"Ber\u00e4knad l\u00e4stid":"1 minut"},"schema":{"@context":"https:\/\/schema.org","@graph":[{"@type":"WebPage","@id":"https:\/\/truusk.store\/sv\/produkt\/truusk-steppermaskin-for-hemmabruk-lcd-skarm-justerbar-hastighet-metall-abs-55-x-53-x-118-128-cm\/","url":"https:\/\/truusk.store\/sv\/produkt\/truusk-steppermaskin-for-hemmabruk-lcd-skarm-justerbar-hastighet-metall-abs-55-x-53-x-118-128-cm\/","name":"TRUUSK Steppermaskin f\u00f6r Hemmabruk - LCD-sk\u00e4rm - Justerbar Hastighet - Metall ABS - 55 x 53 x 118-128 cm - TRUUSK - Hem, Tr\u00e4dg\u00e5rd &amp; Fritid","isPartOf":{"@id":"https:\/\/truusk.store\/sv\/#website"},"primaryImageOfPage":{"@id":"https:\/\/truusk.store\/sv\/produkt\/truusk-steppermaskin-for-hemmabruk-lcd-skarm-justerbar-hastighet-metall-abs-55-x-53-x-118-128-cm\/#primaryimage"},"image":{"@id":"https:\/\/truusk.store\/sv\/produkt\/truusk-steppermaskin-for-hemmabruk-lcd-skarm-justerbar-hastighet-metall-abs-55-x-53-x-118-128-cm\/#primaryimage"},"thumbnailUrl":"https:\/\/i0.wp.com\/truusk.store\/wp-content\/uploads\/2024\/02\/stepper-motionscykel-for-hemmet-med-lcd-skarm-justerbar-hastighet-metall-abs-55-x-53-x-118-128-cm.webp?fit=800%2C800&ssl=1","datePublished":"2024-02-13T19:35:11+00:00","dateModified":"2026-03-12T08:08:39+00:00","breadcrumb":{"@id":"https:\/\/truusk.store\/sv\/produkt\/truusk-steppermaskin-for-hemmabruk-lcd-skarm-justerbar-hastighet-metall-abs-55-x-53-x-118-128-cm\/#breadcrumb"},"inLanguage":"sv-SE","potentialAction":[{"@type":"ReadAction","target":["https:\/\/truusk.store\/sv\/produkt\/truusk-steppermaskin-for-hemmabruk-lcd-skarm-justerbar-hastighet-metall-abs-55-x-53-x-118-128-cm\/"]}]},{"@type":"ImageObject","inLanguage":"sv-SE","@id":"https:\/\/truusk.store\/sv\/produkt\/truusk-steppermaskin-for-hemmabruk-lcd-skarm-justerbar-hastighet-metall-abs-55-x-53-x-118-128-cm\/#primaryimage","url":"https:\/\/i0.wp.com\/truusk.store\/wp-content\/uploads\/2024\/02\/stepper-motionscykel-for-hemmet-med-lcd-skarm-justerbar-hastighet-metall-abs-55-x-53-x-118-128-cm.webp?fit=800%2C800&ssl=1","contentUrl":"https:\/\/i0.wp.com\/truusk.store\/wp-content\/uploads\/2024\/02\/stepper-motionscykel-for-hemmet-med-lcd-skarm-justerbar-hastighet-metall-abs-55-x-53-x-118-128-cm.webp?fit=800%2C800&ssl=1","width":800,"height":800,"caption":"Stepper Motionscykel F\u00f6r Hemmet Med LCD-sk\u00e4rm Justerbar Hastighet Metall ABS 55 X 53 X 118-128 Cm 1"},{"@type":"BreadcrumbList","@id":"https:\/\/truusk.store\/sv\/produkt\/truusk-steppermaskin-for-hemmabruk-lcd-skarm-justerbar-hastighet-metall-abs-55-x-53-x-118-128-cm\/#breadcrumb","itemListElement":[{"@type":"ListItem","position":1,"name":"Home","item":"https:\/\/truusk.store\/sv\/"},{"@type":"ListItem","position":2,"name":"Shop","item":"https:\/\/truusk.store\/shop\/"},{"@type":"ListItem","position":3,"name":"TRUUSK Steppermaskin f\u00f6r Hemmabruk &#8211; LCD-sk\u00e4rm &#8211; Justerbar Hastighet &#8211; Metall ABS &#8211; 55 x 53 x 118-128 cm"}]},{"@type":"WebSite","@id":"https:\/\/truusk.store\/sv\/#website","url":"https:\/\/truusk.store\/sv\/","name":"TRUUSK - Hem, Tr\u00e4dg\u00e5rd & Fritid","description":"","publisher":{"@id":"https:\/\/truusk.store\/sv\/#organization"},"potentialAction":[{"@type":"SearchAction","target":{"@type":"EntryPoint","urlTemplate":"https:\/\/truusk.store\/sv\/?s={search_term_string}"},"query-input":{"@type":"PropertyValueSpecification","valueRequired":true,"valueName":"search_term_string"}}],"inLanguage":"sv-SE"},{"@type":"Organization","@id":"https:\/\/truusk.store\/sv\/#organization","name":"TRUUSK - Hem, Tr\u00e4dg\u00e5rd & Fritid","url":"https:\/\/truusk.store\/sv\/","logo":{"@type":"ImageObject","inLanguage":"sv-SE","@id":"https:\/\/truusk.store\/sv\/#\/schema\/logo\/image\/","url":"https:\/\/i0.wp.com\/truusk.store\/wp-content\/uploads\/2026\/03\/cropped-TRUUSK.png?fit=2032%2C917&ssl=1","contentUrl":"https:\/\/i0.wp.com\/truusk.store\/wp-content\/uploads\/2026\/03\/cropped-TRUUSK.png?fit=2032%2C917&ssl=1","width":2032,"height":917,"caption":"TRUUSK - Hem, Tr\u00e4dg\u00e5rd & Fritid"},"image":{"@id":"https:\/\/truusk.store\/sv\/#\/schema\/logo\/image\/"}}]}},"jetpack_sharing_enabled":true,"_links":{"self":[{"href":"https:\/\/truusk.store\/sv\/wp-json\/wp\/v2\/product\/30135","targetHints":{"allow":["GET"]}}],"collection":[{"href":"https:\/\/truusk.store\/sv\/wp-json\/wp\/v2\/product"}],"about":[{"href":"https:\/\/truusk.store\/sv\/wp-json\/wp\/v2\/types\/product"}],"wp:featuredmedia":[{"embeddable":true,"href":"https:\/\/truusk.store\/sv\/wp-json\/wp\/v2\/media\/30136"}],"wp:attachment":[{"href":"https:\/\/truusk.store\/sv\/wp-json\/wp\/v2\/media?parent=30135"}],"wp:term":[{"taxonomy":"product_brand","embeddable":true,"href":"https:\/\/truusk.store\/sv\/wp-json\/wp\/v2\/product_brand?post=30135"},{"taxonomy":"product_cat","embeddable":true,"href":"https:\/\/truusk.store\/sv\/wp-json\/wp\/v2\/product_cat?post=30135"},{"taxonomy":"product_tag","embeddable":true,"href":"https:\/\/truusk.store\/sv\/wp-json\/wp\/v2\/product_tag?post=30135"}],"curies":[{"name":"wp","href":"https:\/\/api.w.org\/{rel}","templated":true}]}}