{"id":30178,"date":"2024-02-13T20:36:55","date_gmt":"2024-02-13T19:36:55","guid":{"rendered":"https:\/\/truusk.store\/product\/massagestol-relaxstol-8-vibrationspunkter-liggfunktion-konstlader-svart-94x99x99cm\/"},"modified":"2026-03-12T09:08:39","modified_gmt":"2026-03-12T08:08:39","slug":"truusk-massagestol-relaxstol-med-8-vibrationspunkter-liggfunktion-konstlader-svart-94x99x99cm","status":"publish","type":"product","link":"https:\/\/truusk.store\/sv\/produkt\/truusk-massagestol-relaxstol-med-8-vibrationspunkter-liggfunktion-konstlader-svart-94x99x99cm\/","title":{"rendered":"TRUUSK Massagestol &#8211; Relaxstol med 8 Vibrationspunkter &#8211; Liggfunktion &#8211; Konstl\u00e4der &#8211; Svart &#8211; 94x99x99cm"},"content":{"rendered":"<p>F\u00f6rdjupa dig i bekv\u00e4mligheten av din alldeles egna massagestol! V\u00e5r fantastiska vilstol kommer att ge dig en of\u00f6rgl\u00f6mlig bekv\u00e4m avkopplande upplevelse. Det finns 8 vibrationspunkter f\u00f6r rygg, rumpa och ben, alla styrda via en kabelfj\u00e4rrkontroll. F\u00e5t\u00f6ljen har \u00e4ven ett mjukt ryggst\u00f6d som enkelt kan lutas upp till 165 grader. N\u00e4r du v\u00e4l har satt dig ner kommer du aldrig vilja resa dig upp igen!<\/p>\n<h3>Beskrivning:<\/h3>\n<ul>\n<li>8 vibrationsmassagepunkter<\/li>\n<li>Dra i sidohandtagen f\u00f6r att luta och f\u00f6rl\u00e4nga fotst\u00f6den<\/li>\n<li>Bekv\u00e4ma armst\u00f6d, mjukt vadderade nackst\u00f6d och vaddering p\u00e5 nedre delen av ryggen ger en speciell niv\u00e5 av komfort<\/li>\n<li>Ryggst\u00f6dets lutning kan justeras upp till 165<\/li>\n<li>Anv\u00e4nd fj\u00e4rrkontrollen f\u00f6r att styra massagefunktionen<\/li>\n<li>Tillverkad av vadderat, h\u00f6gkvalitativt konstl\u00e4der och en tr\u00e4\/st\u00e5lram f\u00f6r maximal h\u00e5llbarhet och stabilitet<\/li>\n<li>Montering kr\u00e4vs<\/li>\n<\/ul>\n<h3>Teknisk data:<\/h3>\n<ul>\n<li>Svart f\u00e4rg<\/li>\n<li>Material: konstl\u00e4der, eukalyptustr\u00e4, st\u00e5l, skum<\/li>\n<li>Totala m\u00e5tt: 94L x 99W x 99H cm (uppr\u00e4tt), 162L x 94W x 80H cm (liggl\u00e4ge)<\/li>\n<li>Sitsm\u00e5tt: 47L x 54W x 49H cm<\/li>\n<li>Max ryggst\u00f6dslutning: 165<\/li>\n<li>Lastkapacitet: 160 kg<\/li>\n<\/ul>\n<h3>Leveransens omfattning:<\/h3>\n<ul>\n<li>1 x massagestol<\/li>\n<li>1 x Instruktioner<\/li>\n<li>VIKTIGT: Vi levererar varan till trottoarkanten utan kostnad. Se till att du anger r\u00e4tt adress och telefonnummer.<\/li>\n<\/ul>\n","protected":false},"excerpt":{"rendered":"<p>F\u00f6rdjupa dig i bekv\u00e4mligheten av din alldeles egna massagestol! V\u00e5r fantastiska vilstol kommer att ge dig en of\u00f6rgl\u00f6mlig bekv\u00e4m avkopplande&#8230;<\/p>\n","protected":false},"featured_media":30179,"template":"","meta":[],"product_brand":[],"product_cat":[521,485,522],"product_tag":[],"class_list":{"0":"post-30178","1":"product","2":"type-product","3":"status-publish","4":"has-post-thumbnail","6":"product_cat-fatolj","7":"product_cat-hus-bo","8":"product_cat-massage-stol","10":"first","11":"instock","12":"sale","13":"taxable","14":"shipping-taxable","15":"purchasable","16":"product-type-simple"},"yoast_head":"<!-- This site is optimized with the Yoast SEO plugin v25.4 - https:\/\/yoast.com\/wordpress\/plugins\/seo\/ -->\n<title>TRUUSK Massagestol - Relaxstol med 8 Vibrationspunkter - Liggfunktion - Konstl\u00e4der - Svart - 94x99x99cm - TRUUSK - Hem, Tr\u00e4dg\u00e5rd &amp; Fritid<\/title>\n<meta name=\"robots\" content=\"index, follow, max-snippet:-1, max-image-preview:large, max-video-preview:-1\" \/>\n<link rel=\"canonical\" href=\"https:\/\/truusk.store\/sv\/produkt\/truusk-massagestol-relaxstol-med-8-vibrationspunkter-liggfunktion-konstlader-svart-94x99x99cm\/\" \/>\n<meta property=\"og:locale\" content=\"sv_SE\" \/>\n<meta property=\"og:type\" content=\"article\" \/>\n<meta property=\"og:title\" content=\"TRUUSK Massagestol - Relaxstol med 8 Vibrationspunkter - Liggfunktion - Konstl\u00e4der - Svart - 94x99x99cm - TRUUSK - Hem, Tr\u00e4dg\u00e5rd &amp; Fritid\" \/>\n<meta property=\"og:description\" content=\"F\u00f6rdjupa dig i bekv\u00e4mligheten av din alldeles egna massagestol! V\u00e5r fantastiska vilstol kommer att ge dig en of\u00f6rgl\u00f6mlig bekv\u00e4m avkopplande...\" \/>\n<meta property=\"og:url\" content=\"https:\/\/truusk.store\/sv\/produkt\/truusk-massagestol-relaxstol-med-8-vibrationspunkter-liggfunktion-konstlader-svart-94x99x99cm\/\" \/>\n<meta property=\"og:site_name\" content=\"TRUUSK - Hem, Tr\u00e4dg\u00e5rd &amp; Fritid\" \/>\n<meta property=\"article:modified_time\" content=\"2026-03-12T08:08:39+00:00\" \/>\n<meta property=\"og:image\" content=\"https:\/\/i0.wp.com\/truusk.se\/wp-content\/uploads\/2024\/02\/massagestol-relaxstol-8-vibrationspunkter-liggfunktion-konstlader-svart-94x99x99cm.webp?fit=800%2C800&ssl=1\" \/>\n\t<meta property=\"og:image:width\" content=\"800\" \/>\n\t<meta property=\"og:image:height\" content=\"800\" \/>\n\t<meta property=\"og:image:type\" content=\"image\/webp\" \/>\n<meta name=\"twitter:card\" content=\"summary_large_image\" \/>\n<meta name=\"twitter:label1\" content=\"Ber\u00e4knad l\u00e4stid\" \/>\n\t<meta name=\"twitter:data1\" content=\"1 minut\" \/>\n<!-- \/ Yoast SEO plugin. -->","yoast_head_json":{"title":"TRUUSK Massagestol - Relaxstol med 8 Vibrationspunkter - Liggfunktion - Konstl\u00e4der - Svart - 94x99x99cm - TRUUSK - Hem, Tr\u00e4dg\u00e5rd &amp; Fritid","robots":{"index":"index","follow":"follow","max-snippet":"max-snippet:-1","max-image-preview":"max-image-preview:large","max-video-preview":"max-video-preview:-1"},"canonical":"https:\/\/truusk.store\/sv\/produkt\/truusk-massagestol-relaxstol-med-8-vibrationspunkter-liggfunktion-konstlader-svart-94x99x99cm\/","og_locale":"sv_SE","og_type":"article","og_title":"TRUUSK Massagestol - Relaxstol med 8 Vibrationspunkter - Liggfunktion - Konstl\u00e4der - Svart - 94x99x99cm - TRUUSK - Hem, Tr\u00e4dg\u00e5rd &amp; Fritid","og_description":"F\u00f6rdjupa dig i bekv\u00e4mligheten av din alldeles egna massagestol! V\u00e5r fantastiska vilstol kommer att ge dig en of\u00f6rgl\u00f6mlig bekv\u00e4m avkopplande...","og_url":"https:\/\/truusk.store\/sv\/produkt\/truusk-massagestol-relaxstol-med-8-vibrationspunkter-liggfunktion-konstlader-svart-94x99x99cm\/","og_site_name":"TRUUSK - Hem, Tr\u00e4dg\u00e5rd &amp; Fritid","article_modified_time":"2026-03-12T08:08:39+00:00","og_image":[{"width":800,"height":800,"url":"https:\/\/i0.wp.com\/truusk.se\/wp-content\/uploads\/2024\/02\/massagestol-relaxstol-8-vibrationspunkter-liggfunktion-konstlader-svart-94x99x99cm.webp?fit=800%2C800&ssl=1","type":"image\/webp"}],"twitter_card":"summary_large_image","twitter_misc":{"Ber\u00e4knad l\u00e4stid":"1 minut"},"schema":{"@context":"https:\/\/schema.org","@graph":[{"@type":"WebPage","@id":"https:\/\/truusk.store\/sv\/produkt\/truusk-massagestol-relaxstol-med-8-vibrationspunkter-liggfunktion-konstlader-svart-94x99x99cm\/","url":"https:\/\/truusk.store\/sv\/produkt\/truusk-massagestol-relaxstol-med-8-vibrationspunkter-liggfunktion-konstlader-svart-94x99x99cm\/","name":"TRUUSK Massagestol - Relaxstol med 8 Vibrationspunkter - Liggfunktion - Konstl\u00e4der - Svart - 94x99x99cm - TRUUSK - Hem, Tr\u00e4dg\u00e5rd &amp; Fritid","isPartOf":{"@id":"https:\/\/truusk.store\/sv\/#website"},"primaryImageOfPage":{"@id":"https:\/\/truusk.store\/sv\/produkt\/truusk-massagestol-relaxstol-med-8-vibrationspunkter-liggfunktion-konstlader-svart-94x99x99cm\/#primaryimage"},"image":{"@id":"https:\/\/truusk.store\/sv\/produkt\/truusk-massagestol-relaxstol-med-8-vibrationspunkter-liggfunktion-konstlader-svart-94x99x99cm\/#primaryimage"},"thumbnailUrl":"https:\/\/i0.wp.com\/truusk.store\/wp-content\/uploads\/2024\/02\/massagestol-relaxstol-8-vibrationspunkter-liggfunktion-konstlader-svart-94x99x99cm.webp?fit=800%2C800&ssl=1","datePublished":"2024-02-13T19:36:55+00:00","dateModified":"2026-03-12T08:08:39+00:00","breadcrumb":{"@id":"https:\/\/truusk.store\/sv\/produkt\/truusk-massagestol-relaxstol-med-8-vibrationspunkter-liggfunktion-konstlader-svart-94x99x99cm\/#breadcrumb"},"inLanguage":"sv-SE","potentialAction":[{"@type":"ReadAction","target":["https:\/\/truusk.store\/sv\/produkt\/truusk-massagestol-relaxstol-med-8-vibrationspunkter-liggfunktion-konstlader-svart-94x99x99cm\/"]}]},{"@type":"ImageObject","inLanguage":"sv-SE","@id":"https:\/\/truusk.store\/sv\/produkt\/truusk-massagestol-relaxstol-med-8-vibrationspunkter-liggfunktion-konstlader-svart-94x99x99cm\/#primaryimage","url":"https:\/\/i0.wp.com\/truusk.store\/wp-content\/uploads\/2024\/02\/massagestol-relaxstol-8-vibrationspunkter-liggfunktion-konstlader-svart-94x99x99cm.webp?fit=800%2C800&ssl=1","contentUrl":"https:\/\/i0.wp.com\/truusk.store\/wp-content\/uploads\/2024\/02\/massagestol-relaxstol-8-vibrationspunkter-liggfunktion-konstlader-svart-94x99x99cm.webp?fit=800%2C800&ssl=1","width":800,"height":800,"caption":"Massagestol, Relaxstol, 8 Vibrationspunkter, Liggfunktion, Konstl\u00e4der, Svart, 94x99x99cm 1"},{"@type":"BreadcrumbList","@id":"https:\/\/truusk.store\/sv\/produkt\/truusk-massagestol-relaxstol-med-8-vibrationspunkter-liggfunktion-konstlader-svart-94x99x99cm\/#breadcrumb","itemListElement":[{"@type":"ListItem","position":1,"name":"Home","item":"https:\/\/truusk.store\/sv\/"},{"@type":"ListItem","position":2,"name":"Shop","item":"https:\/\/truusk.store\/shop\/"},{"@type":"ListItem","position":3,"name":"TRUUSK Massagestol &#8211; Relaxstol med 8 Vibrationspunkter &#8211; Liggfunktion &#8211; Konstl\u00e4der &#8211; Svart &#8211; 94x99x99cm"}]},{"@type":"WebSite","@id":"https:\/\/truusk.store\/sv\/#website","url":"https:\/\/truusk.store\/sv\/","name":"TRUUSK - Hem, Tr\u00e4dg\u00e5rd & Fritid","description":"","publisher":{"@id":"https:\/\/truusk.store\/sv\/#organization"},"potentialAction":[{"@type":"SearchAction","target":{"@type":"EntryPoint","urlTemplate":"https:\/\/truusk.store\/sv\/?s={search_term_string}"},"query-input":{"@type":"PropertyValueSpecification","valueRequired":true,"valueName":"search_term_string"}}],"inLanguage":"sv-SE"},{"@type":"Organization","@id":"https:\/\/truusk.store\/sv\/#organization","name":"TRUUSK - Hem, Tr\u00e4dg\u00e5rd & Fritid","url":"https:\/\/truusk.store\/sv\/","logo":{"@type":"ImageObject","inLanguage":"sv-SE","@id":"https:\/\/truusk.store\/sv\/#\/schema\/logo\/image\/","url":"https:\/\/i0.wp.com\/truusk.store\/wp-content\/uploads\/2026\/03\/cropped-TRUUSK.png?fit=2032%2C917&ssl=1","contentUrl":"https:\/\/i0.wp.com\/truusk.store\/wp-content\/uploads\/2026\/03\/cropped-TRUUSK.png?fit=2032%2C917&ssl=1","width":2032,"height":917,"caption":"TRUUSK - Hem, Tr\u00e4dg\u00e5rd & Fritid"},"image":{"@id":"https:\/\/truusk.store\/sv\/#\/schema\/logo\/image\/"}}]}},"jetpack_sharing_enabled":true,"_links":{"self":[{"href":"https:\/\/truusk.store\/sv\/wp-json\/wp\/v2\/product\/30178","targetHints":{"allow":["GET"]}}],"collection":[{"href":"https:\/\/truusk.store\/sv\/wp-json\/wp\/v2\/product"}],"about":[{"href":"https:\/\/truusk.store\/sv\/wp-json\/wp\/v2\/types\/product"}],"wp:featuredmedia":[{"embeddable":true,"href":"https:\/\/truusk.store\/sv\/wp-json\/wp\/v2\/media\/30179"}],"wp:attachment":[{"href":"https:\/\/truusk.store\/sv\/wp-json\/wp\/v2\/media?parent=30178"}],"wp:term":[{"taxonomy":"product_brand","embeddable":true,"href":"https:\/\/truusk.store\/sv\/wp-json\/wp\/v2\/product_brand?post=30178"},{"taxonomy":"product_cat","embeddable":true,"href":"https:\/\/truusk.store\/sv\/wp-json\/wp\/v2\/product_cat?post=30178"},{"taxonomy":"product_tag","embeddable":true,"href":"https:\/\/truusk.store\/sv\/wp-json\/wp\/v2\/product_tag?post=30178"}],"curies":[{"name":"wp","href":"https:\/\/api.w.org\/{rel}","templated":true}]}}