{"id":30207,"date":"2024-02-13T20:38:06","date_gmt":"2024-02-13T19:38:06","guid":{"rendered":"https:\/\/truusk.store\/product\/varbadd-vaxthus-vaxthus-tidig-sang-box-vaxtbadd-med-lock-av-tra-och-polykarbonat-vaderbestandig-ljusgra-90-x-80-x-58-cm\/"},"modified":"2026-03-12T09:08:40","modified_gmt":"2026-03-12T08:08:40","slug":"truusk-varbadd-vaxthus-tidig-sang-box-med-lock-av-tra-och-polykarbonat-vaderbestandig-ljusgra-90-x-80-x-58-cm","status":"publish","type":"product","link":"https:\/\/truusk.store\/sv\/produkt\/truusk-varbadd-vaxthus-tidig-sang-box-med-lock-av-tra-och-polykarbonat-vaderbestandig-ljusgra-90-x-80-x-58-cm\/","title":{"rendered":"TRUUSK V\u00e5rb\u00e4dd V\u00e4xthus &#8211; Tidig S\u00e4ng Box &#8211; Med Lock Av Tr\u00e4 Och Polykarbonat &#8211; V\u00e4derbest\u00e4ndig &#8211; Ljusgr\u00e5 &#8211; 90 x 80 x 58 cm"},"content":{"rendered":"<p>Detta vackra minitr\u00e4dg\u00e5rdsv\u00e4xthus med g\u00e5ngj\u00e4rnstak f\u00f6rser dina v\u00e4xter med luft, v\u00e4rme och h\u00f6genergiskt solljus. En konstruktion gjord av massivt, h\u00e4rdat grantr\u00e4 och polykarbonatpaneler s\u00e4kerst\u00e4ller stabilitet och skyddar dina v\u00e4xter fr\u00e5n ogynnsamma v\u00e4derf\u00f6rh\u00e5llanden.<\/p>\n<h3>Beskrivning:<\/h3>\n<ul>\n<li>Ett miniv\u00e4xthus med enkel elegans<\/li>\n<li>H\u00f6gkvalitativ konstruktion gjord av massivt grantr\u00e4 och polykarbonatpaneler f\u00f6r att skydda dina v\u00e4xter f\u00f6r en produktiv sk\u00f6rd<\/li>\n<li>G\u00e5ngj\u00e4rnigt dubbeltak med fixerbara st\u00f6dskenor f\u00f6r optimal ventilation och bekv\u00e4m sk\u00f6tsel av dina v\u00e4xter<\/li>\n<li>Lutande tak som l\u00e5ter regnvatten rinna bort<\/li>\n<li>Transparenta polykarbonatpaneler s\u00e4kerst\u00e4ller b\u00e4ttre tillv\u00e4xt av dina v\u00e4xter genom att ge optimalt solljus<\/li>\n<li>Enkel och snabb montering med hj\u00e4lp av den bifogade, illustrerade monteringsanvisningen<\/li>\n<\/ul>\n<h3>Teknisk data:<\/h3>\n<ul>\n<li>F\u00e4rg: ljusgr\u00e5<\/li>\n<li>Material: gran, polykarbonatpaneler<\/li>\n<li>Totala m\u00e5tt: 90L x 80W x 58H cm<\/li>\n<li>Sidom\u00e5tt: 90L x 37W cm<\/li>\n<li>Innerm\u00e5tt: 86L x 76W cm<\/li>\n<li>Sidoh\u00f6jd: 48 cm<\/li>\n<li>Takh\u00f6jd: 58 cm<\/li>\n<\/ul>\n<h3>Leveransens omfattning:<\/h3>\n<ul>\n<li>1 x kall ram<\/li>\n<li>1 x Monteringsanvisning<\/li>\n<\/ul>\n","protected":false},"excerpt":{"rendered":"<p>Detta vackra minitr\u00e4dg\u00e5rdsv\u00e4xthus med g\u00e5ngj\u00e4rnstak f\u00f6rser dina v\u00e4xter med luft, v\u00e4rme och h\u00f6genergiskt solljus. En konstruktion gjord av massivt, h\u00e4rdat&#8230;<\/p>\n","protected":false},"featured_media":30208,"template":"","meta":[],"product_brand":[],"product_cat":[445,435,443],"product_tag":[],"class_list":{"0":"post-30207","1":"product","2":"type-product","3":"status-publish","4":"has-post-thumbnail","6":"product_cat-kalla-ramar","7":"product_cat-tradgard-och-terrass","8":"product_cat-vaxthus-tradgardsskotsel","10":"first","11":"instock","12":"sale","13":"taxable","14":"shipping-taxable","15":"purchasable","16":"product-type-simple"},"yoast_head":"<!-- This site is optimized with the Yoast SEO plugin v25.4 - https:\/\/yoast.com\/wordpress\/plugins\/seo\/ -->\n<title>TRUUSK V\u00e5rb\u00e4dd V\u00e4xthus - Tidig S\u00e4ng Box - Med Lock Av Tr\u00e4 Och Polykarbonat - V\u00e4derbest\u00e4ndig - Ljusgr\u00e5 - 90 x 80 x 58 cm - TRUUSK - Hem, Tr\u00e4dg\u00e5rd &amp; Fritid<\/title>\n<meta name=\"robots\" content=\"index, follow, max-snippet:-1, max-image-preview:large, max-video-preview:-1\" \/>\n<link rel=\"canonical\" href=\"https:\/\/truusk.store\/sv\/produkt\/truusk-varbadd-vaxthus-tidig-sang-box-med-lock-av-tra-och-polykarbonat-vaderbestandig-ljusgra-90-x-80-x-58-cm\/\" \/>\n<meta property=\"og:locale\" content=\"sv_SE\" \/>\n<meta property=\"og:type\" content=\"article\" \/>\n<meta property=\"og:title\" content=\"TRUUSK V\u00e5rb\u00e4dd V\u00e4xthus - Tidig S\u00e4ng Box - Med Lock Av Tr\u00e4 Och Polykarbonat - V\u00e4derbest\u00e4ndig - Ljusgr\u00e5 - 90 x 80 x 58 cm - TRUUSK - Hem, Tr\u00e4dg\u00e5rd &amp; Fritid\" \/>\n<meta property=\"og:description\" content=\"Detta vackra minitr\u00e4dg\u00e5rdsv\u00e4xthus med g\u00e5ngj\u00e4rnstak f\u00f6rser dina v\u00e4xter med luft, v\u00e4rme och h\u00f6genergiskt solljus. En konstruktion gjord av massivt, h\u00e4rdat...\" \/>\n<meta property=\"og:url\" content=\"https:\/\/truusk.store\/sv\/produkt\/truusk-varbadd-vaxthus-tidig-sang-box-med-lock-av-tra-och-polykarbonat-vaderbestandig-ljusgra-90-x-80-x-58-cm\/\" \/>\n<meta property=\"og:site_name\" content=\"TRUUSK - Hem, Tr\u00e4dg\u00e5rd &amp; Fritid\" \/>\n<meta property=\"article:modified_time\" content=\"2026-03-12T08:08:40+00:00\" \/>\n<meta property=\"og:image\" content=\"https:\/\/i0.wp.com\/truusk.se\/wp-content\/uploads\/2024\/02\/varbadd-vaxthus-vaxthus-tidig-sang-box-vaxtbadd-med-lock-av-tra-och-polykarbonat-vaderbestandig-ljusgra-90-x-80-x-58-cm.webp?fit=800%2C800&ssl=1\" \/>\n\t<meta property=\"og:image:width\" content=\"800\" \/>\n\t<meta property=\"og:image:height\" content=\"800\" \/>\n\t<meta property=\"og:image:type\" content=\"image\/webp\" \/>\n<meta name=\"twitter:card\" content=\"summary_large_image\" \/>\n<meta name=\"twitter:label1\" content=\"Ber\u00e4knad l\u00e4stid\" \/>\n\t<meta name=\"twitter:data1\" content=\"1 minut\" \/>\n<!-- \/ Yoast SEO plugin. -->","yoast_head_json":{"title":"TRUUSK V\u00e5rb\u00e4dd V\u00e4xthus - Tidig S\u00e4ng Box - Med Lock Av Tr\u00e4 Och Polykarbonat - V\u00e4derbest\u00e4ndig - Ljusgr\u00e5 - 90 x 80 x 58 cm - TRUUSK - Hem, Tr\u00e4dg\u00e5rd &amp; Fritid","robots":{"index":"index","follow":"follow","max-snippet":"max-snippet:-1","max-image-preview":"max-image-preview:large","max-video-preview":"max-video-preview:-1"},"canonical":"https:\/\/truusk.store\/sv\/produkt\/truusk-varbadd-vaxthus-tidig-sang-box-med-lock-av-tra-och-polykarbonat-vaderbestandig-ljusgra-90-x-80-x-58-cm\/","og_locale":"sv_SE","og_type":"article","og_title":"TRUUSK V\u00e5rb\u00e4dd V\u00e4xthus - Tidig S\u00e4ng Box - Med Lock Av Tr\u00e4 Och Polykarbonat - V\u00e4derbest\u00e4ndig - Ljusgr\u00e5 - 90 x 80 x 58 cm - TRUUSK - Hem, Tr\u00e4dg\u00e5rd &amp; Fritid","og_description":"Detta vackra minitr\u00e4dg\u00e5rdsv\u00e4xthus med g\u00e5ngj\u00e4rnstak f\u00f6rser dina v\u00e4xter med luft, v\u00e4rme och h\u00f6genergiskt solljus. En konstruktion gjord av massivt, h\u00e4rdat...","og_url":"https:\/\/truusk.store\/sv\/produkt\/truusk-varbadd-vaxthus-tidig-sang-box-med-lock-av-tra-och-polykarbonat-vaderbestandig-ljusgra-90-x-80-x-58-cm\/","og_site_name":"TRUUSK - Hem, Tr\u00e4dg\u00e5rd &amp; Fritid","article_modified_time":"2026-03-12T08:08:40+00:00","og_image":[{"width":800,"height":800,"url":"https:\/\/i0.wp.com\/truusk.se\/wp-content\/uploads\/2024\/02\/varbadd-vaxthus-vaxthus-tidig-sang-box-vaxtbadd-med-lock-av-tra-och-polykarbonat-vaderbestandig-ljusgra-90-x-80-x-58-cm.webp?fit=800%2C800&ssl=1","type":"image\/webp"}],"twitter_card":"summary_large_image","twitter_misc":{"Ber\u00e4knad l\u00e4stid":"1 minut"},"schema":{"@context":"https:\/\/schema.org","@graph":[{"@type":"WebPage","@id":"https:\/\/truusk.store\/sv\/produkt\/truusk-varbadd-vaxthus-tidig-sang-box-med-lock-av-tra-och-polykarbonat-vaderbestandig-ljusgra-90-x-80-x-58-cm\/","url":"https:\/\/truusk.store\/sv\/produkt\/truusk-varbadd-vaxthus-tidig-sang-box-med-lock-av-tra-och-polykarbonat-vaderbestandig-ljusgra-90-x-80-x-58-cm\/","name":"TRUUSK V\u00e5rb\u00e4dd V\u00e4xthus - Tidig S\u00e4ng Box - Med Lock Av Tr\u00e4 Och Polykarbonat - V\u00e4derbest\u00e4ndig - Ljusgr\u00e5 - 90 x 80 x 58 cm - TRUUSK - Hem, Tr\u00e4dg\u00e5rd &amp; Fritid","isPartOf":{"@id":"https:\/\/truusk.store\/sv\/#website"},"primaryImageOfPage":{"@id":"https:\/\/truusk.store\/sv\/produkt\/truusk-varbadd-vaxthus-tidig-sang-box-med-lock-av-tra-och-polykarbonat-vaderbestandig-ljusgra-90-x-80-x-58-cm\/#primaryimage"},"image":{"@id":"https:\/\/truusk.store\/sv\/produkt\/truusk-varbadd-vaxthus-tidig-sang-box-med-lock-av-tra-och-polykarbonat-vaderbestandig-ljusgra-90-x-80-x-58-cm\/#primaryimage"},"thumbnailUrl":"https:\/\/i0.wp.com\/truusk.store\/wp-content\/uploads\/2024\/02\/varbadd-vaxthus-vaxthus-tidig-sang-box-vaxtbadd-med-lock-av-tra-och-polykarbonat-vaderbestandig-ljusgra-90-x-80-x-58-cm.webp?fit=800%2C800&ssl=1","datePublished":"2024-02-13T19:38:06+00:00","dateModified":"2026-03-12T08:08:40+00:00","breadcrumb":{"@id":"https:\/\/truusk.store\/sv\/produkt\/truusk-varbadd-vaxthus-tidig-sang-box-med-lock-av-tra-och-polykarbonat-vaderbestandig-ljusgra-90-x-80-x-58-cm\/#breadcrumb"},"inLanguage":"sv-SE","potentialAction":[{"@type":"ReadAction","target":["https:\/\/truusk.store\/sv\/produkt\/truusk-varbadd-vaxthus-tidig-sang-box-med-lock-av-tra-och-polykarbonat-vaderbestandig-ljusgra-90-x-80-x-58-cm\/"]}]},{"@type":"ImageObject","inLanguage":"sv-SE","@id":"https:\/\/truusk.store\/sv\/produkt\/truusk-varbadd-vaxthus-tidig-sang-box-med-lock-av-tra-och-polykarbonat-vaderbestandig-ljusgra-90-x-80-x-58-cm\/#primaryimage","url":"https:\/\/i0.wp.com\/truusk.store\/wp-content\/uploads\/2024\/02\/varbadd-vaxthus-vaxthus-tidig-sang-box-vaxtbadd-med-lock-av-tra-och-polykarbonat-vaderbestandig-ljusgra-90-x-80-x-58-cm.webp?fit=800%2C800&ssl=1","contentUrl":"https:\/\/i0.wp.com\/truusk.store\/wp-content\/uploads\/2024\/02\/varbadd-vaxthus-vaxthus-tidig-sang-box-vaxtbadd-med-lock-av-tra-och-polykarbonat-vaderbestandig-ljusgra-90-x-80-x-58-cm.webp?fit=800%2C800&ssl=1","width":800,"height":800,"caption":"V\u00e5rb\u00e4dd V\u00e4xthus V\u00e4xthus Tidig S\u00e4ng Box V\u00e4xtb\u00e4dd Med Lock Av Tr\u00e4 Och Polykarbonat V\u00e4derbest\u00e4ndig Ljusgr\u00e5 90 X 80 X 58 Cm 1"},{"@type":"BreadcrumbList","@id":"https:\/\/truusk.store\/sv\/produkt\/truusk-varbadd-vaxthus-tidig-sang-box-med-lock-av-tra-och-polykarbonat-vaderbestandig-ljusgra-90-x-80-x-58-cm\/#breadcrumb","itemListElement":[{"@type":"ListItem","position":1,"name":"Home","item":"https:\/\/truusk.store\/sv\/"},{"@type":"ListItem","position":2,"name":"Shop","item":"https:\/\/truusk.store\/shop\/"},{"@type":"ListItem","position":3,"name":"TRUUSK V\u00e5rb\u00e4dd V\u00e4xthus &#8211; Tidig S\u00e4ng Box &#8211; Med Lock Av Tr\u00e4 Och Polykarbonat &#8211; V\u00e4derbest\u00e4ndig &#8211; Ljusgr\u00e5 &#8211; 90 x 80 x 58 cm"}]},{"@type":"WebSite","@id":"https:\/\/truusk.store\/sv\/#website","url":"https:\/\/truusk.store\/sv\/","name":"TRUUSK - Hem, Tr\u00e4dg\u00e5rd & Fritid","description":"","publisher":{"@id":"https:\/\/truusk.store\/sv\/#organization"},"potentialAction":[{"@type":"SearchAction","target":{"@type":"EntryPoint","urlTemplate":"https:\/\/truusk.store\/sv\/?s={search_term_string}"},"query-input":{"@type":"PropertyValueSpecification","valueRequired":true,"valueName":"search_term_string"}}],"inLanguage":"sv-SE"},{"@type":"Organization","@id":"https:\/\/truusk.store\/sv\/#organization","name":"TRUUSK - Hem, Tr\u00e4dg\u00e5rd & Fritid","url":"https:\/\/truusk.store\/sv\/","logo":{"@type":"ImageObject","inLanguage":"sv-SE","@id":"https:\/\/truusk.store\/sv\/#\/schema\/logo\/image\/","url":"https:\/\/i0.wp.com\/truusk.store\/wp-content\/uploads\/2026\/03\/cropped-TRUUSK.png?fit=2032%2C917&ssl=1","contentUrl":"https:\/\/i0.wp.com\/truusk.store\/wp-content\/uploads\/2026\/03\/cropped-TRUUSK.png?fit=2032%2C917&ssl=1","width":2032,"height":917,"caption":"TRUUSK - Hem, Tr\u00e4dg\u00e5rd & Fritid"},"image":{"@id":"https:\/\/truusk.store\/sv\/#\/schema\/logo\/image\/"}}]}},"jetpack_sharing_enabled":true,"_links":{"self":[{"href":"https:\/\/truusk.store\/sv\/wp-json\/wp\/v2\/product\/30207","targetHints":{"allow":["GET"]}}],"collection":[{"href":"https:\/\/truusk.store\/sv\/wp-json\/wp\/v2\/product"}],"about":[{"href":"https:\/\/truusk.store\/sv\/wp-json\/wp\/v2\/types\/product"}],"wp:featuredmedia":[{"embeddable":true,"href":"https:\/\/truusk.store\/sv\/wp-json\/wp\/v2\/media\/30208"}],"wp:attachment":[{"href":"https:\/\/truusk.store\/sv\/wp-json\/wp\/v2\/media?parent=30207"}],"wp:term":[{"taxonomy":"product_brand","embeddable":true,"href":"https:\/\/truusk.store\/sv\/wp-json\/wp\/v2\/product_brand?post=30207"},{"taxonomy":"product_cat","embeddable":true,"href":"https:\/\/truusk.store\/sv\/wp-json\/wp\/v2\/product_cat?post=30207"},{"taxonomy":"product_tag","embeddable":true,"href":"https:\/\/truusk.store\/sv\/wp-json\/wp\/v2\/product_tag?post=30207"}],"curies":[{"name":"wp","href":"https:\/\/api.w.org\/{rel}","templated":true}]}}