{"id":30216,"date":"2024-02-13T20:38:22","date_gmt":"2024-02-13T19:38:22","guid":{"rendered":"https:\/\/truusk.store\/product\/gungstol-med-traram-kladd-relaxstol-fatolj-stol-vardagsrumsfatolj-lounge-med-vadderad-sits-gummi-tra-kramvit-60-x-81-x-71-cm\/"},"modified":"2026-03-12T09:08:40","modified_gmt":"2026-03-12T08:08:40","slug":"truusk-gungstol-med-traram-kladd-relaxstol-vardagsrumsfatolj-med-vadderad-sits-gummi-tra-kramvit-60-x-81-x-71-cm","status":"publish","type":"product","link":"https:\/\/truusk.store\/sv\/produkt\/truusk-gungstol-med-traram-kladd-relaxstol-vardagsrumsfatolj-med-vadderad-sits-gummi-tra-kramvit-60-x-81-x-71-cm\/","title":{"rendered":"TRUUSK Gungstol Med Tr\u00e4ram &#8211; Kl\u00e4dd Relaxstol &#8211; Vardagsrumsf\u00e5t\u00f6lj Med Vadderad Sits &#8211; Gummi Tr\u00e4 &#8211; Kr\u00e4mvit &#8211; 60 X 81 X 71 Cm"},"content":{"rendered":"<p>Efter en l\u00e5ng dag p\u00e5 jobbet, n\u00e4r det \u00e4r kallt och bl\u00f6tt ute, finns det inget mer avkopplande och mysigt \u00e4n att sv\u00e4nga en gungstol med en varm drink i handen. Denna rymliga stol har en stor sits och tjock, bekv\u00e4m stoppning p\u00e5 sits och rygg. Tack vare den karakt\u00e4rsfulla, reducerade designen med tydliga linjer och rustika accenter passar den perfekt in i n\u00e4stan alla boendemilj\u00f6er och lockar till sig nyfikna blickar.<\/p>\n<h3>Beskrivning:<\/h3>\n<ul>\n<li>Kombination av vit teddyfleece och massiv tr\u00e4ram i vintagestil<\/li>\n<li>Perfekt f\u00f6r vardagsrum, sovrum, entr\u00e9, balkong<\/li>\n<li>Mjuk gungning (90-135) s\u00e4kerst\u00e4ller djup avslappning<\/li>\n<li>Tjocka sitt- och ryggkuddar ger en utm\u00e4rkt sittupplevelse<\/li>\n<li>Teddy fleece ger h\u00f6g komfort<\/li>\n<li>Ramen av gummitr\u00e4 \u00e4r robust och s\u00e4kerst\u00e4ller p\u00e5litlig, daglig anv\u00e4ndning<\/li>\n<li>Montering kr\u00e4vs<\/li>\n<\/ul>\n<h3>Teknisk data:<\/h3>\n<ul>\n<li>F\u00e4rg: kr\u00e4mvit<\/li>\n<li>Material: gummitr\u00e4, teddyfleece (100% polyester), skum<\/li>\n<li>\u00d6vergripande m\u00e5tt: 60W x 81D x 71H cm<\/li>\n<li>M\u00e5tt sits: 53W x 50D x 46H cm<\/li>\n<li>Ryggst\u00f6dsm\u00e5tt: 48W x 9,5D x 38H cm<\/li>\n<li>Armst\u00f6dsm\u00e5tt: 67,5L x 3,3W cm<\/li>\n<li>Kuddens tjocklek: 14,5 cm<\/li>\n<li>Lastkapacitet: 150 kg<\/li>\n<\/ul>\n<h3>Leveransens omfattning:<\/h3>\n<ul>\n<li>1 x gungstol<\/li>\n<li>1 x Instruktioner<\/li>\n<\/ul>\n","protected":false},"excerpt":{"rendered":"<p>Efter en l\u00e5ng dag p\u00e5 jobbet, n\u00e4r det \u00e4r kallt och bl\u00f6tt ute, finns det inget mer avkopplande och mysigt&#8230;<\/p>\n","protected":false},"featured_media":30217,"template":"","meta":[],"product_brand":[],"product_cat":[520,485,515],"product_tag":[],"class_list":{"0":"post-30216","1":"product","2":"type-product","3":"status-publish","4":"has-post-thumbnail","6":"product_cat-gungstolar","7":"product_cat-hus-bo","8":"product_cat-stolar","10":"first","11":"instock","12":"sale","13":"taxable","14":"shipping-taxable","15":"purchasable","16":"product-type-simple"},"yoast_head":"<!-- This site is optimized with the Yoast SEO plugin v25.4 - https:\/\/yoast.com\/wordpress\/plugins\/seo\/ -->\n<title>TRUUSK Gungstol Med Tr\u00e4ram - Kl\u00e4dd Relaxstol - Vardagsrumsf\u00e5t\u00f6lj Med Vadderad Sits - Gummi Tr\u00e4 - Kr\u00e4mvit - 60 X 81 X 71 Cm - TRUUSK - Hem, Tr\u00e4dg\u00e5rd &amp; Fritid<\/title>\n<meta name=\"robots\" content=\"index, follow, max-snippet:-1, max-image-preview:large, max-video-preview:-1\" \/>\n<link rel=\"canonical\" href=\"https:\/\/truusk.store\/sv\/produkt\/truusk-gungstol-med-traram-kladd-relaxstol-vardagsrumsfatolj-med-vadderad-sits-gummi-tra-kramvit-60-x-81-x-71-cm\/\" \/>\n<meta property=\"og:locale\" content=\"sv_SE\" \/>\n<meta property=\"og:type\" content=\"article\" \/>\n<meta property=\"og:title\" content=\"TRUUSK Gungstol Med Tr\u00e4ram - Kl\u00e4dd Relaxstol - Vardagsrumsf\u00e5t\u00f6lj Med Vadderad Sits - Gummi Tr\u00e4 - Kr\u00e4mvit - 60 X 81 X 71 Cm - TRUUSK - Hem, Tr\u00e4dg\u00e5rd &amp; Fritid\" \/>\n<meta property=\"og:description\" content=\"Efter en l\u00e5ng dag p\u00e5 jobbet, n\u00e4r det \u00e4r kallt och bl\u00f6tt ute, finns det inget mer avkopplande och mysigt...\" \/>\n<meta property=\"og:url\" content=\"https:\/\/truusk.store\/sv\/produkt\/truusk-gungstol-med-traram-kladd-relaxstol-vardagsrumsfatolj-med-vadderad-sits-gummi-tra-kramvit-60-x-81-x-71-cm\/\" \/>\n<meta property=\"og:site_name\" content=\"TRUUSK - Hem, Tr\u00e4dg\u00e5rd &amp; Fritid\" \/>\n<meta property=\"article:modified_time\" content=\"2026-03-12T08:08:40+00:00\" \/>\n<meta property=\"og:image\" content=\"https:\/\/i0.wp.com\/truusk.se\/wp-content\/uploads\/2024\/02\/gungstol-med-traram-kladd-relaxstol-fatolj-stol-vardagsrumsfatolj-lounge-med-vadderad-sits-gummi-tra-kramvit-60-x-81-x-71-cm.webp?fit=800%2C800&ssl=1\" \/>\n\t<meta property=\"og:image:width\" content=\"800\" \/>\n\t<meta property=\"og:image:height\" content=\"800\" \/>\n\t<meta property=\"og:image:type\" content=\"image\/webp\" \/>\n<meta name=\"twitter:card\" content=\"summary_large_image\" \/>\n<meta name=\"twitter:label1\" content=\"Ber\u00e4knad l\u00e4stid\" \/>\n\t<meta name=\"twitter:data1\" content=\"1 minut\" \/>\n<!-- \/ Yoast SEO plugin. -->","yoast_head_json":{"title":"TRUUSK Gungstol Med Tr\u00e4ram - Kl\u00e4dd Relaxstol - Vardagsrumsf\u00e5t\u00f6lj Med Vadderad Sits - Gummi Tr\u00e4 - Kr\u00e4mvit - 60 X 81 X 71 Cm - TRUUSK - Hem, Tr\u00e4dg\u00e5rd &amp; Fritid","robots":{"index":"index","follow":"follow","max-snippet":"max-snippet:-1","max-image-preview":"max-image-preview:large","max-video-preview":"max-video-preview:-1"},"canonical":"https:\/\/truusk.store\/sv\/produkt\/truusk-gungstol-med-traram-kladd-relaxstol-vardagsrumsfatolj-med-vadderad-sits-gummi-tra-kramvit-60-x-81-x-71-cm\/","og_locale":"sv_SE","og_type":"article","og_title":"TRUUSK Gungstol Med Tr\u00e4ram - Kl\u00e4dd Relaxstol - Vardagsrumsf\u00e5t\u00f6lj Med Vadderad Sits - Gummi Tr\u00e4 - Kr\u00e4mvit - 60 X 81 X 71 Cm - TRUUSK - Hem, Tr\u00e4dg\u00e5rd &amp; Fritid","og_description":"Efter en l\u00e5ng dag p\u00e5 jobbet, n\u00e4r det \u00e4r kallt och bl\u00f6tt ute, finns det inget mer avkopplande och mysigt...","og_url":"https:\/\/truusk.store\/sv\/produkt\/truusk-gungstol-med-traram-kladd-relaxstol-vardagsrumsfatolj-med-vadderad-sits-gummi-tra-kramvit-60-x-81-x-71-cm\/","og_site_name":"TRUUSK - Hem, Tr\u00e4dg\u00e5rd &amp; Fritid","article_modified_time":"2026-03-12T08:08:40+00:00","og_image":[{"width":800,"height":800,"url":"https:\/\/i0.wp.com\/truusk.se\/wp-content\/uploads\/2024\/02\/gungstol-med-traram-kladd-relaxstol-fatolj-stol-vardagsrumsfatolj-lounge-med-vadderad-sits-gummi-tra-kramvit-60-x-81-x-71-cm.webp?fit=800%2C800&ssl=1","type":"image\/webp"}],"twitter_card":"summary_large_image","twitter_misc":{"Ber\u00e4knad l\u00e4stid":"1 minut"},"schema":{"@context":"https:\/\/schema.org","@graph":[{"@type":"WebPage","@id":"https:\/\/truusk.store\/sv\/produkt\/truusk-gungstol-med-traram-kladd-relaxstol-vardagsrumsfatolj-med-vadderad-sits-gummi-tra-kramvit-60-x-81-x-71-cm\/","url":"https:\/\/truusk.store\/sv\/produkt\/truusk-gungstol-med-traram-kladd-relaxstol-vardagsrumsfatolj-med-vadderad-sits-gummi-tra-kramvit-60-x-81-x-71-cm\/","name":"TRUUSK Gungstol Med Tr\u00e4ram - Kl\u00e4dd Relaxstol - Vardagsrumsf\u00e5t\u00f6lj Med Vadderad Sits - Gummi Tr\u00e4 - Kr\u00e4mvit - 60 X 81 X 71 Cm - TRUUSK - Hem, Tr\u00e4dg\u00e5rd &amp; Fritid","isPartOf":{"@id":"https:\/\/truusk.store\/sv\/#website"},"primaryImageOfPage":{"@id":"https:\/\/truusk.store\/sv\/produkt\/truusk-gungstol-med-traram-kladd-relaxstol-vardagsrumsfatolj-med-vadderad-sits-gummi-tra-kramvit-60-x-81-x-71-cm\/#primaryimage"},"image":{"@id":"https:\/\/truusk.store\/sv\/produkt\/truusk-gungstol-med-traram-kladd-relaxstol-vardagsrumsfatolj-med-vadderad-sits-gummi-tra-kramvit-60-x-81-x-71-cm\/#primaryimage"},"thumbnailUrl":"https:\/\/i0.wp.com\/truusk.store\/wp-content\/uploads\/2024\/02\/gungstol-med-traram-kladd-relaxstol-fatolj-stol-vardagsrumsfatolj-lounge-med-vadderad-sits-gummi-tra-kramvit-60-x-81-x-71-cm.webp?fit=800%2C800&ssl=1","datePublished":"2024-02-13T19:38:22+00:00","dateModified":"2026-03-12T08:08:40+00:00","breadcrumb":{"@id":"https:\/\/truusk.store\/sv\/produkt\/truusk-gungstol-med-traram-kladd-relaxstol-vardagsrumsfatolj-med-vadderad-sits-gummi-tra-kramvit-60-x-81-x-71-cm\/#breadcrumb"},"inLanguage":"sv-SE","potentialAction":[{"@type":"ReadAction","target":["https:\/\/truusk.store\/sv\/produkt\/truusk-gungstol-med-traram-kladd-relaxstol-vardagsrumsfatolj-med-vadderad-sits-gummi-tra-kramvit-60-x-81-x-71-cm\/"]}]},{"@type":"ImageObject","inLanguage":"sv-SE","@id":"https:\/\/truusk.store\/sv\/produkt\/truusk-gungstol-med-traram-kladd-relaxstol-vardagsrumsfatolj-med-vadderad-sits-gummi-tra-kramvit-60-x-81-x-71-cm\/#primaryimage","url":"https:\/\/i0.wp.com\/truusk.store\/wp-content\/uploads\/2024\/02\/gungstol-med-traram-kladd-relaxstol-fatolj-stol-vardagsrumsfatolj-lounge-med-vadderad-sits-gummi-tra-kramvit-60-x-81-x-71-cm.webp?fit=800%2C800&ssl=1","contentUrl":"https:\/\/i0.wp.com\/truusk.store\/wp-content\/uploads\/2024\/02\/gungstol-med-traram-kladd-relaxstol-fatolj-stol-vardagsrumsfatolj-lounge-med-vadderad-sits-gummi-tra-kramvit-60-x-81-x-71-cm.webp?fit=800%2C800&ssl=1","width":800,"height":800,"caption":"Gungstol Med Tr\u00e4ram Kl\u00e4dd Relaxstol F\u00e5t\u00f6lj Stol Vardagsrumsf\u00e5t\u00f6lj Lounge Med Vadderad Sits Gummi Tr\u00e4 Kr\u00e4mvit 60 X 81 X 71 Cm 1"},{"@type":"BreadcrumbList","@id":"https:\/\/truusk.store\/sv\/produkt\/truusk-gungstol-med-traram-kladd-relaxstol-vardagsrumsfatolj-med-vadderad-sits-gummi-tra-kramvit-60-x-81-x-71-cm\/#breadcrumb","itemListElement":[{"@type":"ListItem","position":1,"name":"Home","item":"https:\/\/truusk.store\/sv\/"},{"@type":"ListItem","position":2,"name":"Shop","item":"https:\/\/truusk.store\/shop\/"},{"@type":"ListItem","position":3,"name":"TRUUSK Gungstol Med Tr\u00e4ram &#8211; Kl\u00e4dd Relaxstol &#8211; Vardagsrumsf\u00e5t\u00f6lj Med Vadderad Sits &#8211; Gummi Tr\u00e4 &#8211; Kr\u00e4mvit &#8211; 60 X 81 X 71 Cm"}]},{"@type":"WebSite","@id":"https:\/\/truusk.store\/sv\/#website","url":"https:\/\/truusk.store\/sv\/","name":"TRUUSK - Hem, Tr\u00e4dg\u00e5rd & Fritid","description":"","publisher":{"@id":"https:\/\/truusk.store\/sv\/#organization"},"potentialAction":[{"@type":"SearchAction","target":{"@type":"EntryPoint","urlTemplate":"https:\/\/truusk.store\/sv\/?s={search_term_string}"},"query-input":{"@type":"PropertyValueSpecification","valueRequired":true,"valueName":"search_term_string"}}],"inLanguage":"sv-SE"},{"@type":"Organization","@id":"https:\/\/truusk.store\/sv\/#organization","name":"TRUUSK - Hem, Tr\u00e4dg\u00e5rd & Fritid","url":"https:\/\/truusk.store\/sv\/","logo":{"@type":"ImageObject","inLanguage":"sv-SE","@id":"https:\/\/truusk.store\/sv\/#\/schema\/logo\/image\/","url":"https:\/\/i0.wp.com\/truusk.store\/wp-content\/uploads\/2026\/03\/cropped-TRUUSK.png?fit=2032%2C917&ssl=1","contentUrl":"https:\/\/i0.wp.com\/truusk.store\/wp-content\/uploads\/2026\/03\/cropped-TRUUSK.png?fit=2032%2C917&ssl=1","width":2032,"height":917,"caption":"TRUUSK - Hem, Tr\u00e4dg\u00e5rd & Fritid"},"image":{"@id":"https:\/\/truusk.store\/sv\/#\/schema\/logo\/image\/"}}]}},"jetpack_sharing_enabled":true,"_links":{"self":[{"href":"https:\/\/truusk.store\/sv\/wp-json\/wp\/v2\/product\/30216","targetHints":{"allow":["GET"]}}],"collection":[{"href":"https:\/\/truusk.store\/sv\/wp-json\/wp\/v2\/product"}],"about":[{"href":"https:\/\/truusk.store\/sv\/wp-json\/wp\/v2\/types\/product"}],"wp:featuredmedia":[{"embeddable":true,"href":"https:\/\/truusk.store\/sv\/wp-json\/wp\/v2\/media\/30217"}],"wp:attachment":[{"href":"https:\/\/truusk.store\/sv\/wp-json\/wp\/v2\/media?parent=30216"}],"wp:term":[{"taxonomy":"product_brand","embeddable":true,"href":"https:\/\/truusk.store\/sv\/wp-json\/wp\/v2\/product_brand?post=30216"},{"taxonomy":"product_cat","embeddable":true,"href":"https:\/\/truusk.store\/sv\/wp-json\/wp\/v2\/product_cat?post=30216"},{"taxonomy":"product_tag","embeddable":true,"href":"https:\/\/truusk.store\/sv\/wp-json\/wp\/v2\/product_tag?post=30216"}],"curies":[{"name":"wp","href":"https:\/\/api.w.org\/{rel}","templated":true}]}}