{"id":30226,"date":"2024-02-13T20:38:43","date_gmt":"2024-02-13T19:38:43","guid":{"rendered":"https:\/\/truusk.store\/product\/massagestol-relaxstol-tv-stol-massagesoffa-massagefunktion-liggfunktion-ryggstod-med-ryggstod-2-punktsmassage-pu-skum-svart-68-x-88-x-98-cm\/"},"modified":"2026-03-12T09:08:40","modified_gmt":"2026-03-12T08:08:40","slug":"truusk-massagestol-relaxstol-med-tv-funktion-2-punktsmassage-liggfunktion-pu-skum-svart-68-x-88-x-98-cm","status":"publish","type":"product","link":"https:\/\/truusk.store\/sv\/produkt\/truusk-massagestol-relaxstol-med-tv-funktion-2-punktsmassage-liggfunktion-pu-skum-svart-68-x-88-x-98-cm\/","title":{"rendered":"TRUUSK Massagestol &#8211; Relaxstol med TV-funktion &#8211; 2-punktsmassage &#8211; Liggfunktion &#8211; PU-skum &#8211; Svart &#8211; 68 x 88 x 98 cm"},"content":{"rendered":"<p>Det \u00e4r dags att luta sig tillbaka och koppla av. L\u00e4mna stress och tr\u00f6tthet bakom dig med denna massagestol. Den styrs via den medf\u00f6ljande fj\u00e4rrkontrollen och \u00e4r utrustad med tv\u00e5 vibrationsmassagepunkter p\u00e5 baksidan som v\u00e4xlar mellan olika l\u00e4gen och intensiteter efter behov. Ryggst\u00f6det kan justeras upp till 135 grader. Den sl\u00e4ta konstl\u00e4derkl\u00e4dseln och tjocka stoppningen garanterar o\u00f6vertr\u00e4ffad komfort.<\/p>\n<h3>Beskrivning:<\/h3>\n<ul>\n<li>Tv\u00e5 vibrationsmassagepunkter och \u00e5tta massagel\u00e4gen f\u00f6r att slappna av i kroppen<\/li>\n<li>5 niv\u00e5er av justerbar intensitet och 2 niv\u00e5er av timingfunktion<\/li>\n<li>150 graders justerbart ryggst\u00f6d med fotst\u00f6d f\u00f6r personlig komfort<\/li>\n<li>Styrs av den tr\u00e5dbundna fj\u00e4rrkontrollen<\/li>\n<li>Den tjocka stoppningen erbjuder en mysig upplevelse<\/li>\n<li>Med sidoficka f\u00f6r enkel f\u00f6rvaring<\/li>\n<li>Montering kr\u00e4vs<\/li>\n<\/ul>\n<h3>Teknisk data:<\/h3>\n<ul>\n<li>Svart f\u00e4rg<\/li>\n<li>Material: PU, skum, PP-plast<\/li>\n<li>Totalm\u00e5tt rakt: 68W x 88D x 98H cm<\/li>\n<li>Totala liggm\u00e5tt: 68W x 158D x 77H cm<\/li>\n<li>Sitsstorlek: 48W x 50,5D cm<\/li>\n<li>Sitth\u00f6jd till golv: 45 cm<\/li>\n<li>Sittdynans tjocklek: 27,5 cm<\/li>\n<li>Totala ryggm\u00e5tt: 52W x 57H cm<\/li>\n<li>Armst\u00f6dets bredd: 9,5 cm<\/li>\n<li>Maximal lutningsvinkel: 150<\/li>\n<li>Ing\u00e5ng: AC100-240V, 50\/60Hz<\/li>\n<li>Utg\u00e5ng: DC12V\/0,5A<\/li>\n<li>Lastkapacitet: 120 kg<\/li>\n<\/ul>\n<h3>Leveransens omfattning:<\/h3>\n<ul>\n<li>1 x Massage Recliner Soffa<\/li>\n<li>1 x Fj\u00e4rrkontroll<\/li>\n<li>1 x Instruktioner<\/li>\n<li>VIKTIGT: Vi levererar varan till trottoarkanten utan kostnad. Se till att du anger r\u00e4tt adress och telefonnummer.<\/li>\n<\/ul>\n","protected":false},"excerpt":{"rendered":"<p>Det \u00e4r dags att luta sig tillbaka och koppla av. L\u00e4mna stress och tr\u00f6tthet bakom dig med denna massagestol. Den&#8230;<\/p>\n","protected":false},"featured_media":30227,"template":"","meta":[],"product_brand":[],"product_cat":[521,485,522],"product_tag":[],"class_list":{"0":"post-30226","1":"product","2":"type-product","3":"status-publish","4":"has-post-thumbnail","6":"product_cat-fatolj","7":"product_cat-hus-bo","8":"product_cat-massage-stol","10":"first","11":"instock","12":"sale","13":"taxable","14":"shipping-taxable","15":"purchasable","16":"product-type-simple"},"yoast_head":"<!-- This site is optimized with the Yoast SEO plugin v25.4 - https:\/\/yoast.com\/wordpress\/plugins\/seo\/ -->\n<title>TRUUSK Massagestol - Relaxstol med TV-funktion - 2-punktsmassage - Liggfunktion - PU-skum - Svart - 68 x 88 x 98 cm - TRUUSK - Hem, Tr\u00e4dg\u00e5rd &amp; Fritid<\/title>\n<meta name=\"robots\" content=\"index, follow, max-snippet:-1, max-image-preview:large, max-video-preview:-1\" \/>\n<link rel=\"canonical\" href=\"https:\/\/truusk.store\/sv\/produkt\/truusk-massagestol-relaxstol-med-tv-funktion-2-punktsmassage-liggfunktion-pu-skum-svart-68-x-88-x-98-cm\/\" \/>\n<meta property=\"og:locale\" content=\"sv_SE\" \/>\n<meta property=\"og:type\" content=\"article\" \/>\n<meta property=\"og:title\" content=\"TRUUSK Massagestol - Relaxstol med TV-funktion - 2-punktsmassage - Liggfunktion - PU-skum - Svart - 68 x 88 x 98 cm - TRUUSK - Hem, Tr\u00e4dg\u00e5rd &amp; Fritid\" \/>\n<meta property=\"og:description\" content=\"Det \u00e4r dags att luta sig tillbaka och koppla av. L\u00e4mna stress och tr\u00f6tthet bakom dig med denna massagestol. Den...\" \/>\n<meta property=\"og:url\" content=\"https:\/\/truusk.store\/sv\/produkt\/truusk-massagestol-relaxstol-med-tv-funktion-2-punktsmassage-liggfunktion-pu-skum-svart-68-x-88-x-98-cm\/\" \/>\n<meta property=\"og:site_name\" content=\"TRUUSK - Hem, Tr\u00e4dg\u00e5rd &amp; Fritid\" \/>\n<meta property=\"article:modified_time\" content=\"2026-03-12T08:08:40+00:00\" \/>\n<meta property=\"og:image\" content=\"https:\/\/i0.wp.com\/truusk.se\/wp-content\/uploads\/2024\/02\/massagestol-relaxstol-tv-stol-massagesoffa-massagefunktion-liggfunktion-ryggstod-med-ryggstod-2-punktsmassage-pu-skum-svart-68-x-88-x-98-cm.webp?fit=800%2C800&ssl=1\" \/>\n\t<meta property=\"og:image:width\" content=\"800\" \/>\n\t<meta property=\"og:image:height\" content=\"800\" \/>\n\t<meta property=\"og:image:type\" content=\"image\/webp\" \/>\n<meta name=\"twitter:card\" content=\"summary_large_image\" \/>\n<meta name=\"twitter:label1\" content=\"Ber\u00e4knad l\u00e4stid\" \/>\n\t<meta name=\"twitter:data1\" content=\"1 minut\" \/>\n<!-- \/ Yoast SEO plugin. -->","yoast_head_json":{"title":"TRUUSK Massagestol - Relaxstol med TV-funktion - 2-punktsmassage - Liggfunktion - PU-skum - Svart - 68 x 88 x 98 cm - TRUUSK - Hem, Tr\u00e4dg\u00e5rd &amp; Fritid","robots":{"index":"index","follow":"follow","max-snippet":"max-snippet:-1","max-image-preview":"max-image-preview:large","max-video-preview":"max-video-preview:-1"},"canonical":"https:\/\/truusk.store\/sv\/produkt\/truusk-massagestol-relaxstol-med-tv-funktion-2-punktsmassage-liggfunktion-pu-skum-svart-68-x-88-x-98-cm\/","og_locale":"sv_SE","og_type":"article","og_title":"TRUUSK Massagestol - Relaxstol med TV-funktion - 2-punktsmassage - Liggfunktion - PU-skum - Svart - 68 x 88 x 98 cm - TRUUSK - Hem, Tr\u00e4dg\u00e5rd &amp; Fritid","og_description":"Det \u00e4r dags att luta sig tillbaka och koppla av. L\u00e4mna stress och tr\u00f6tthet bakom dig med denna massagestol. Den...","og_url":"https:\/\/truusk.store\/sv\/produkt\/truusk-massagestol-relaxstol-med-tv-funktion-2-punktsmassage-liggfunktion-pu-skum-svart-68-x-88-x-98-cm\/","og_site_name":"TRUUSK - Hem, Tr\u00e4dg\u00e5rd &amp; Fritid","article_modified_time":"2026-03-12T08:08:40+00:00","og_image":[{"width":800,"height":800,"url":"https:\/\/i0.wp.com\/truusk.se\/wp-content\/uploads\/2024\/02\/massagestol-relaxstol-tv-stol-massagesoffa-massagefunktion-liggfunktion-ryggstod-med-ryggstod-2-punktsmassage-pu-skum-svart-68-x-88-x-98-cm.webp?fit=800%2C800&ssl=1","type":"image\/webp"}],"twitter_card":"summary_large_image","twitter_misc":{"Ber\u00e4knad l\u00e4stid":"1 minut"},"schema":{"@context":"https:\/\/schema.org","@graph":[{"@type":"WebPage","@id":"https:\/\/truusk.store\/sv\/produkt\/truusk-massagestol-relaxstol-med-tv-funktion-2-punktsmassage-liggfunktion-pu-skum-svart-68-x-88-x-98-cm\/","url":"https:\/\/truusk.store\/sv\/produkt\/truusk-massagestol-relaxstol-med-tv-funktion-2-punktsmassage-liggfunktion-pu-skum-svart-68-x-88-x-98-cm\/","name":"TRUUSK Massagestol - Relaxstol med TV-funktion - 2-punktsmassage - Liggfunktion - PU-skum - Svart - 68 x 88 x 98 cm - TRUUSK - Hem, Tr\u00e4dg\u00e5rd &amp; Fritid","isPartOf":{"@id":"https:\/\/truusk.store\/sv\/#website"},"primaryImageOfPage":{"@id":"https:\/\/truusk.store\/sv\/produkt\/truusk-massagestol-relaxstol-med-tv-funktion-2-punktsmassage-liggfunktion-pu-skum-svart-68-x-88-x-98-cm\/#primaryimage"},"image":{"@id":"https:\/\/truusk.store\/sv\/produkt\/truusk-massagestol-relaxstol-med-tv-funktion-2-punktsmassage-liggfunktion-pu-skum-svart-68-x-88-x-98-cm\/#primaryimage"},"thumbnailUrl":"https:\/\/i0.wp.com\/truusk.store\/wp-content\/uploads\/2024\/02\/massagestol-relaxstol-tv-stol-massagesoffa-massagefunktion-liggfunktion-ryggstod-med-ryggstod-2-punktsmassage-pu-skum-svart-68-x-88-x-98-cm.webp?fit=800%2C800&ssl=1","datePublished":"2024-02-13T19:38:43+00:00","dateModified":"2026-03-12T08:08:40+00:00","breadcrumb":{"@id":"https:\/\/truusk.store\/sv\/produkt\/truusk-massagestol-relaxstol-med-tv-funktion-2-punktsmassage-liggfunktion-pu-skum-svart-68-x-88-x-98-cm\/#breadcrumb"},"inLanguage":"sv-SE","potentialAction":[{"@type":"ReadAction","target":["https:\/\/truusk.store\/sv\/produkt\/truusk-massagestol-relaxstol-med-tv-funktion-2-punktsmassage-liggfunktion-pu-skum-svart-68-x-88-x-98-cm\/"]}]},{"@type":"ImageObject","inLanguage":"sv-SE","@id":"https:\/\/truusk.store\/sv\/produkt\/truusk-massagestol-relaxstol-med-tv-funktion-2-punktsmassage-liggfunktion-pu-skum-svart-68-x-88-x-98-cm\/#primaryimage","url":"https:\/\/i0.wp.com\/truusk.store\/wp-content\/uploads\/2024\/02\/massagestol-relaxstol-tv-stol-massagesoffa-massagefunktion-liggfunktion-ryggstod-med-ryggstod-2-punktsmassage-pu-skum-svart-68-x-88-x-98-cm.webp?fit=800%2C800&ssl=1","contentUrl":"https:\/\/i0.wp.com\/truusk.store\/wp-content\/uploads\/2024\/02\/massagestol-relaxstol-tv-stol-massagesoffa-massagefunktion-liggfunktion-ryggstod-med-ryggstod-2-punktsmassage-pu-skum-svart-68-x-88-x-98-cm.webp?fit=800%2C800&ssl=1","width":800,"height":800,"caption":"Massagestol, Relaxstol, TV-stol, Massagesoffa, Massagefunktion, Liggfunktion, Ryggst\u00f6d Med Ryggst\u00f6d, 2-punktsmassage, PU-skum, Svart, 68 X 88 X 98 Cm 1"},{"@type":"BreadcrumbList","@id":"https:\/\/truusk.store\/sv\/produkt\/truusk-massagestol-relaxstol-med-tv-funktion-2-punktsmassage-liggfunktion-pu-skum-svart-68-x-88-x-98-cm\/#breadcrumb","itemListElement":[{"@type":"ListItem","position":1,"name":"Home","item":"https:\/\/truusk.store\/sv\/"},{"@type":"ListItem","position":2,"name":"Shop","item":"https:\/\/truusk.store\/shop\/"},{"@type":"ListItem","position":3,"name":"TRUUSK Massagestol &#8211; Relaxstol med TV-funktion &#8211; 2-punktsmassage &#8211; Liggfunktion &#8211; PU-skum &#8211; Svart &#8211; 68 x 88 x 98 cm"}]},{"@type":"WebSite","@id":"https:\/\/truusk.store\/sv\/#website","url":"https:\/\/truusk.store\/sv\/","name":"TRUUSK - Hem, Tr\u00e4dg\u00e5rd & Fritid","description":"","publisher":{"@id":"https:\/\/truusk.store\/sv\/#organization"},"potentialAction":[{"@type":"SearchAction","target":{"@type":"EntryPoint","urlTemplate":"https:\/\/truusk.store\/sv\/?s={search_term_string}"},"query-input":{"@type":"PropertyValueSpecification","valueRequired":true,"valueName":"search_term_string"}}],"inLanguage":"sv-SE"},{"@type":"Organization","@id":"https:\/\/truusk.store\/sv\/#organization","name":"TRUUSK - Hem, Tr\u00e4dg\u00e5rd & Fritid","url":"https:\/\/truusk.store\/sv\/","logo":{"@type":"ImageObject","inLanguage":"sv-SE","@id":"https:\/\/truusk.store\/sv\/#\/schema\/logo\/image\/","url":"https:\/\/i0.wp.com\/truusk.store\/wp-content\/uploads\/2026\/03\/cropped-TRUUSK.png?fit=2032%2C917&ssl=1","contentUrl":"https:\/\/i0.wp.com\/truusk.store\/wp-content\/uploads\/2026\/03\/cropped-TRUUSK.png?fit=2032%2C917&ssl=1","width":2032,"height":917,"caption":"TRUUSK - Hem, Tr\u00e4dg\u00e5rd & Fritid"},"image":{"@id":"https:\/\/truusk.store\/sv\/#\/schema\/logo\/image\/"}}]}},"jetpack_sharing_enabled":true,"_links":{"self":[{"href":"https:\/\/truusk.store\/sv\/wp-json\/wp\/v2\/product\/30226","targetHints":{"allow":["GET"]}}],"collection":[{"href":"https:\/\/truusk.store\/sv\/wp-json\/wp\/v2\/product"}],"about":[{"href":"https:\/\/truusk.store\/sv\/wp-json\/wp\/v2\/types\/product"}],"wp:featuredmedia":[{"embeddable":true,"href":"https:\/\/truusk.store\/sv\/wp-json\/wp\/v2\/media\/30227"}],"wp:attachment":[{"href":"https:\/\/truusk.store\/sv\/wp-json\/wp\/v2\/media?parent=30226"}],"wp:term":[{"taxonomy":"product_brand","embeddable":true,"href":"https:\/\/truusk.store\/sv\/wp-json\/wp\/v2\/product_brand?post=30226"},{"taxonomy":"product_cat","embeddable":true,"href":"https:\/\/truusk.store\/sv\/wp-json\/wp\/v2\/product_cat?post=30226"},{"taxonomy":"product_tag","embeddable":true,"href":"https:\/\/truusk.store\/sv\/wp-json\/wp\/v2\/product_tag?post=30226"}],"curies":[{"name":"wp","href":"https:\/\/api.w.org\/{rel}","templated":true}]}}