{"id":30238,"date":"2024-02-13T20:39:05","date_gmt":"2024-02-13T19:39:05","guid":{"rendered":"https:\/\/truusk.store\/product\/tidig-badd-minivaxthus-3-vaningar-vaxthusvaxtbadd-med-gangjarnstak-dubbla-dorrar-av-tra-polykarbonat-vaderbestandig-natur-705-x-42-x-132-cm\/"},"modified":"2026-03-12T09:08:41","modified_gmt":"2026-03-12T08:08:41","slug":"truusk-tidig-badd-minivaxthus-3-vaningar-gangjarnstak-dubbla-dorrar-av-tra-vaderbestandig-natur-705-x-42-x-132-cm","status":"publish","type":"product","link":"https:\/\/truusk.store\/sv\/produkt\/truusk-tidig-badd-minivaxthus-3-vaningar-gangjarnstak-dubbla-dorrar-av-tra-vaderbestandig-natur-705-x-42-x-132-cm\/","title":{"rendered":"TRUUSK Tidig B\u00e4dd Miniv\u00e4xthus 3 V\u00e5ningar &#8211; G\u00e5ngj\u00e4rnstak &#8211; Dubbla D\u00f6rrar Av Tr\u00e4 &#8211; V\u00e4derbest\u00e4ndig &#8211; Natur &#8211; 70,5 x 42 x 132 cm"},"content":{"rendered":"<p>Med detta kompakta v\u00e4xthus kan du odla blommor, \u00f6rter och vilka v\u00e4xter som helst n\u00e4stan var som helst. Den \u00e4r gjord av en robust tr\u00e4ram och \u00e4r utrustad med ett styvt h\u00f6lje av transparenta polykarbonatpaneler, s\u00e5 att dina v\u00e4xter f\u00e5r mycket solljus och v\u00e4xer i konstant, h\u00e4lsosam v\u00e4rme. Tre praktiska hyllor ger tillr\u00e4ckligt med utrymme f\u00f6r m\u00e5nga v\u00e4xter och tv\u00e5 \u00f6ppningsbara takf\u00f6nster och en dubbeld\u00f6rr s\u00e4kerst\u00e4ller utm\u00e4rkt ventilation.<\/p>\n<h3>Beskrivning:<\/h3>\n<ul>\n<li>Robust, kompakt tr\u00e4dg\u00e5rdsv\u00e4xthus f\u00f6r utomhus- och inomhusbruk<\/li>\n<li>F\u00f6rl\u00e4ng v\u00e4xts\u00e4songen och skydda unga plantor fr\u00e5n frost<\/li>\n<li>3-v\u00e5nings hyllor erbjuder tillr\u00e4ckligt med f\u00f6rvaringsutrymme f\u00f6r m\u00e5nga v\u00e4xter<\/li>\n<li>Transparenta polykarbonatpaneler till\u00e5ter maximal ljustransmission samtidigt som v\u00e4rmen bibeh\u00e5lls<\/li>\n<li>Massiv tr\u00e4ram med skyddande bel\u00e4ggning<\/li>\n<li>Tv\u00e5 g\u00e5ngj\u00e4rnstakelement s\u00e4kerst\u00e4ller god ventilation<\/li>\n<li>Tv\u00e5 l\u00e5sbara d\u00f6rrar s\u00e4kerst\u00e4ller bekv\u00e4m och enkel \u00e5tkomst<\/li>\n<li>Montering kr\u00e4vs<\/li>\n<\/ul>\n<h3>Teknisk data:<\/h3>\n<ul>\n<li>F\u00e4rg gr\u00e5<\/li>\n<li>Material: gran, polykarbonatskiva<\/li>\n<li>\u00d6vergripande m\u00e5tt: 70,5L x 42W x 132H cm<\/li>\n<li>Enkeld\u00f6rr: 31,5W x 89H cm<\/li>\n<li>F\u00f6nsterstorlek: 50L x 40W cm<\/li>\n<li>Maximalt avst\u00e5nd mellan \u00f6ppningar: 60 cm<\/li>\n<li>Hyllh\u00f6jd: 27 cm, 24 cm, 32,5 cm (uppifr\u00e5n och ned)<\/li>\n<li>Vindt\u00e4thetsgrad: 4<\/li>\n<li>Lastkapacitet: 25 kg (varje hylla), 50 kg (golvhylla)<\/li>\n<\/ul>\n<h3>Leveransens omfattning:<\/h3>\n<ul>\n<li>1 x V\u00e4xthus<\/li>\n<li>1 x Instruktioner<\/li>\n<\/ul>\n","protected":false},"excerpt":{"rendered":"<p>Med detta kompakta v\u00e4xthus kan du odla blommor, \u00f6rter och vilka v\u00e4xter som helst n\u00e4stan var som helst. Den \u00e4r&#8230;<\/p>\n","protected":false},"featured_media":30239,"template":"","meta":[],"product_brand":[],"product_cat":[445,435,443],"product_tag":[],"class_list":{"0":"post-30238","1":"product","2":"type-product","3":"status-publish","4":"has-post-thumbnail","6":"product_cat-kalla-ramar","7":"product_cat-tradgard-och-terrass","8":"product_cat-vaxthus-tradgardsskotsel","10":"first","11":"instock","12":"sale","13":"taxable","14":"shipping-taxable","15":"purchasable","16":"product-type-simple"},"yoast_head":"<!-- This site is optimized with the Yoast SEO plugin v25.4 - https:\/\/yoast.com\/wordpress\/plugins\/seo\/ -->\n<title>TRUUSK Tidig B\u00e4dd Miniv\u00e4xthus 3 V\u00e5ningar - G\u00e5ngj\u00e4rnstak - Dubbla D\u00f6rrar Av Tr\u00e4 - V\u00e4derbest\u00e4ndig - Natur - 70,5 x 42 x 132 cm - TRUUSK - Hem, Tr\u00e4dg\u00e5rd &amp; Fritid<\/title>\n<meta name=\"robots\" content=\"index, follow, max-snippet:-1, max-image-preview:large, max-video-preview:-1\" \/>\n<link rel=\"canonical\" href=\"https:\/\/truusk.store\/sv\/produkt\/truusk-tidig-badd-minivaxthus-3-vaningar-gangjarnstak-dubbla-dorrar-av-tra-vaderbestandig-natur-705-x-42-x-132-cm\/\" \/>\n<meta property=\"og:locale\" content=\"sv_SE\" \/>\n<meta property=\"og:type\" content=\"article\" \/>\n<meta property=\"og:title\" content=\"TRUUSK Tidig B\u00e4dd Miniv\u00e4xthus 3 V\u00e5ningar - G\u00e5ngj\u00e4rnstak - Dubbla D\u00f6rrar Av Tr\u00e4 - V\u00e4derbest\u00e4ndig - Natur - 70,5 x 42 x 132 cm - TRUUSK - Hem, Tr\u00e4dg\u00e5rd &amp; Fritid\" \/>\n<meta property=\"og:description\" content=\"Med detta kompakta v\u00e4xthus kan du odla blommor, \u00f6rter och vilka v\u00e4xter som helst n\u00e4stan var som helst. Den \u00e4r...\" \/>\n<meta property=\"og:url\" content=\"https:\/\/truusk.store\/sv\/produkt\/truusk-tidig-badd-minivaxthus-3-vaningar-gangjarnstak-dubbla-dorrar-av-tra-vaderbestandig-natur-705-x-42-x-132-cm\/\" \/>\n<meta property=\"og:site_name\" content=\"TRUUSK - Hem, Tr\u00e4dg\u00e5rd &amp; Fritid\" \/>\n<meta property=\"article:modified_time\" content=\"2026-03-12T08:08:41+00:00\" \/>\n<meta property=\"og:image\" content=\"https:\/\/i0.wp.com\/truusk.se\/wp-content\/uploads\/2024\/02\/tidig-badd-minivaxthus-3-vaningar-vaxthusvaxtbadd-med-gangjarnstak-dubbla-dorrar-av-tra-polykarbonat-vaderbestandig-natur-705-x-42-x-132-cm.webp?fit=800%2C800&ssl=1\" \/>\n\t<meta property=\"og:image:width\" content=\"800\" \/>\n\t<meta property=\"og:image:height\" content=\"800\" \/>\n\t<meta property=\"og:image:type\" content=\"image\/webp\" \/>\n<meta name=\"twitter:card\" content=\"summary_large_image\" \/>\n<meta name=\"twitter:label1\" content=\"Ber\u00e4knad l\u00e4stid\" \/>\n\t<meta name=\"twitter:data1\" content=\"1 minut\" \/>\n<!-- \/ Yoast SEO plugin. -->","yoast_head_json":{"title":"TRUUSK Tidig B\u00e4dd Miniv\u00e4xthus 3 V\u00e5ningar - G\u00e5ngj\u00e4rnstak - Dubbla D\u00f6rrar Av Tr\u00e4 - V\u00e4derbest\u00e4ndig - Natur - 70,5 x 42 x 132 cm - TRUUSK - Hem, Tr\u00e4dg\u00e5rd &amp; Fritid","robots":{"index":"index","follow":"follow","max-snippet":"max-snippet:-1","max-image-preview":"max-image-preview:large","max-video-preview":"max-video-preview:-1"},"canonical":"https:\/\/truusk.store\/sv\/produkt\/truusk-tidig-badd-minivaxthus-3-vaningar-gangjarnstak-dubbla-dorrar-av-tra-vaderbestandig-natur-705-x-42-x-132-cm\/","og_locale":"sv_SE","og_type":"article","og_title":"TRUUSK Tidig B\u00e4dd Miniv\u00e4xthus 3 V\u00e5ningar - G\u00e5ngj\u00e4rnstak - Dubbla D\u00f6rrar Av Tr\u00e4 - V\u00e4derbest\u00e4ndig - Natur - 70,5 x 42 x 132 cm - TRUUSK - Hem, Tr\u00e4dg\u00e5rd &amp; Fritid","og_description":"Med detta kompakta v\u00e4xthus kan du odla blommor, \u00f6rter och vilka v\u00e4xter som helst n\u00e4stan var som helst. Den \u00e4r...","og_url":"https:\/\/truusk.store\/sv\/produkt\/truusk-tidig-badd-minivaxthus-3-vaningar-gangjarnstak-dubbla-dorrar-av-tra-vaderbestandig-natur-705-x-42-x-132-cm\/","og_site_name":"TRUUSK - Hem, Tr\u00e4dg\u00e5rd &amp; Fritid","article_modified_time":"2026-03-12T08:08:41+00:00","og_image":[{"width":800,"height":800,"url":"https:\/\/i0.wp.com\/truusk.se\/wp-content\/uploads\/2024\/02\/tidig-badd-minivaxthus-3-vaningar-vaxthusvaxtbadd-med-gangjarnstak-dubbla-dorrar-av-tra-polykarbonat-vaderbestandig-natur-705-x-42-x-132-cm.webp?fit=800%2C800&ssl=1","type":"image\/webp"}],"twitter_card":"summary_large_image","twitter_misc":{"Ber\u00e4knad l\u00e4stid":"1 minut"},"schema":{"@context":"https:\/\/schema.org","@graph":[{"@type":"WebPage","@id":"https:\/\/truusk.store\/sv\/produkt\/truusk-tidig-badd-minivaxthus-3-vaningar-gangjarnstak-dubbla-dorrar-av-tra-vaderbestandig-natur-705-x-42-x-132-cm\/","url":"https:\/\/truusk.store\/sv\/produkt\/truusk-tidig-badd-minivaxthus-3-vaningar-gangjarnstak-dubbla-dorrar-av-tra-vaderbestandig-natur-705-x-42-x-132-cm\/","name":"TRUUSK Tidig B\u00e4dd Miniv\u00e4xthus 3 V\u00e5ningar - G\u00e5ngj\u00e4rnstak - Dubbla D\u00f6rrar Av Tr\u00e4 - V\u00e4derbest\u00e4ndig - Natur - 70,5 x 42 x 132 cm - TRUUSK - Hem, Tr\u00e4dg\u00e5rd &amp; Fritid","isPartOf":{"@id":"https:\/\/truusk.store\/sv\/#website"},"primaryImageOfPage":{"@id":"https:\/\/truusk.store\/sv\/produkt\/truusk-tidig-badd-minivaxthus-3-vaningar-gangjarnstak-dubbla-dorrar-av-tra-vaderbestandig-natur-705-x-42-x-132-cm\/#primaryimage"},"image":{"@id":"https:\/\/truusk.store\/sv\/produkt\/truusk-tidig-badd-minivaxthus-3-vaningar-gangjarnstak-dubbla-dorrar-av-tra-vaderbestandig-natur-705-x-42-x-132-cm\/#primaryimage"},"thumbnailUrl":"https:\/\/i0.wp.com\/truusk.store\/wp-content\/uploads\/2024\/02\/tidig-badd-minivaxthus-3-vaningar-vaxthusvaxtbadd-med-gangjarnstak-dubbla-dorrar-av-tra-polykarbonat-vaderbestandig-natur-705-x-42-x-132-cm.webp?fit=800%2C800&ssl=1","datePublished":"2024-02-13T19:39:05+00:00","dateModified":"2026-03-12T08:08:41+00:00","breadcrumb":{"@id":"https:\/\/truusk.store\/sv\/produkt\/truusk-tidig-badd-minivaxthus-3-vaningar-gangjarnstak-dubbla-dorrar-av-tra-vaderbestandig-natur-705-x-42-x-132-cm\/#breadcrumb"},"inLanguage":"sv-SE","potentialAction":[{"@type":"ReadAction","target":["https:\/\/truusk.store\/sv\/produkt\/truusk-tidig-badd-minivaxthus-3-vaningar-gangjarnstak-dubbla-dorrar-av-tra-vaderbestandig-natur-705-x-42-x-132-cm\/"]}]},{"@type":"ImageObject","inLanguage":"sv-SE","@id":"https:\/\/truusk.store\/sv\/produkt\/truusk-tidig-badd-minivaxthus-3-vaningar-gangjarnstak-dubbla-dorrar-av-tra-vaderbestandig-natur-705-x-42-x-132-cm\/#primaryimage","url":"https:\/\/i0.wp.com\/truusk.store\/wp-content\/uploads\/2024\/02\/tidig-badd-minivaxthus-3-vaningar-vaxthusvaxtbadd-med-gangjarnstak-dubbla-dorrar-av-tra-polykarbonat-vaderbestandig-natur-705-x-42-x-132-cm.webp?fit=800%2C800&ssl=1","contentUrl":"https:\/\/i0.wp.com\/truusk.store\/wp-content\/uploads\/2024\/02\/tidig-badd-minivaxthus-3-vaningar-vaxthusvaxtbadd-med-gangjarnstak-dubbla-dorrar-av-tra-polykarbonat-vaderbestandig-natur-705-x-42-x-132-cm.webp?fit=800%2C800&ssl=1","width":800,"height":800,"caption":"Tidig B\u00e4dd Miniv\u00e4xthus 3 V\u00e5ningar V\u00e4xthusv\u00e4xtb\u00e4dd Med G\u00e5ngj\u00e4rnstak Dubbla D\u00f6rrar Av Tr\u00e4 Polykarbonat V\u00e4derbest\u00e4ndig Natur 70,5 X 42 X 132 Cm 1"},{"@type":"BreadcrumbList","@id":"https:\/\/truusk.store\/sv\/produkt\/truusk-tidig-badd-minivaxthus-3-vaningar-gangjarnstak-dubbla-dorrar-av-tra-vaderbestandig-natur-705-x-42-x-132-cm\/#breadcrumb","itemListElement":[{"@type":"ListItem","position":1,"name":"Home","item":"https:\/\/truusk.store\/sv\/"},{"@type":"ListItem","position":2,"name":"Shop","item":"https:\/\/truusk.store\/shop\/"},{"@type":"ListItem","position":3,"name":"TRUUSK Tidig B\u00e4dd Miniv\u00e4xthus 3 V\u00e5ningar &#8211; G\u00e5ngj\u00e4rnstak &#8211; Dubbla D\u00f6rrar Av Tr\u00e4 &#8211; V\u00e4derbest\u00e4ndig &#8211; Natur &#8211; 70,5 x 42 x 132 cm"}]},{"@type":"WebSite","@id":"https:\/\/truusk.store\/sv\/#website","url":"https:\/\/truusk.store\/sv\/","name":"TRUUSK - Hem, Tr\u00e4dg\u00e5rd & Fritid","description":"","publisher":{"@id":"https:\/\/truusk.store\/sv\/#organization"},"potentialAction":[{"@type":"SearchAction","target":{"@type":"EntryPoint","urlTemplate":"https:\/\/truusk.store\/sv\/?s={search_term_string}"},"query-input":{"@type":"PropertyValueSpecification","valueRequired":true,"valueName":"search_term_string"}}],"inLanguage":"sv-SE"},{"@type":"Organization","@id":"https:\/\/truusk.store\/sv\/#organization","name":"TRUUSK - Hem, Tr\u00e4dg\u00e5rd & Fritid","url":"https:\/\/truusk.store\/sv\/","logo":{"@type":"ImageObject","inLanguage":"sv-SE","@id":"https:\/\/truusk.store\/sv\/#\/schema\/logo\/image\/","url":"https:\/\/i0.wp.com\/truusk.store\/wp-content\/uploads\/2026\/03\/cropped-TRUUSK.png?fit=2032%2C917&ssl=1","contentUrl":"https:\/\/i0.wp.com\/truusk.store\/wp-content\/uploads\/2026\/03\/cropped-TRUUSK.png?fit=2032%2C917&ssl=1","width":2032,"height":917,"caption":"TRUUSK - Hem, Tr\u00e4dg\u00e5rd & Fritid"},"image":{"@id":"https:\/\/truusk.store\/sv\/#\/schema\/logo\/image\/"}}]}},"jetpack_sharing_enabled":true,"_links":{"self":[{"href":"https:\/\/truusk.store\/sv\/wp-json\/wp\/v2\/product\/30238","targetHints":{"allow":["GET"]}}],"collection":[{"href":"https:\/\/truusk.store\/sv\/wp-json\/wp\/v2\/product"}],"about":[{"href":"https:\/\/truusk.store\/sv\/wp-json\/wp\/v2\/types\/product"}],"wp:featuredmedia":[{"embeddable":true,"href":"https:\/\/truusk.store\/sv\/wp-json\/wp\/v2\/media\/30239"}],"wp:attachment":[{"href":"https:\/\/truusk.store\/sv\/wp-json\/wp\/v2\/media?parent=30238"}],"wp:term":[{"taxonomy":"product_brand","embeddable":true,"href":"https:\/\/truusk.store\/sv\/wp-json\/wp\/v2\/product_brand?post=30238"},{"taxonomy":"product_cat","embeddable":true,"href":"https:\/\/truusk.store\/sv\/wp-json\/wp\/v2\/product_cat?post=30238"},{"taxonomy":"product_tag","embeddable":true,"href":"https:\/\/truusk.store\/sv\/wp-json\/wp\/v2\/product_tag?post=30238"}],"curies":[{"name":"wp","href":"https:\/\/api.w.org\/{rel}","templated":true}]}}