{"id":30270,"date":"2024-02-13T20:40:06","date_gmt":"2024-02-13T19:40:06","guid":{"rendered":"https:\/\/truusk.store\/product\/vaxthus-vaxthus-transparent-lamplig-for-utomhusomraden-tra-polykarbonat-58-x-44-x-78cm\/"},"modified":"2026-03-12T09:08:41","modified_gmt":"2026-03-12T08:08:41","slug":"truusk-vaxthus-transparent-for-utomhusbruk-tra-polykarbonat-58-x-44-x-78cm","status":"publish","type":"product","link":"https:\/\/truusk.store\/sv\/produkt\/truusk-vaxthus-transparent-for-utomhusbruk-tra-polykarbonat-58-x-44-x-78cm\/","title":{"rendered":"TRUUSK V\u00e4xthus &#8211; Transparent &#8211; F\u00f6r Utomhusbruk &#8211; Tr\u00e4 + Polykarbonat &#8211; 58 x 44 x 78cm"},"content":{"rendered":"<p>Odla din egen lilla tr\u00e4dg\u00e5rd med l\u00e4tthet i detta praktiska och funktionella v\u00e4xthus. De genomskinliga och robusta polykarbonatv\u00e4ggarna till\u00e5ter h\u00f6genergi solljus att n\u00e5 dina v\u00e4xter obehindrat samtidigt som v\u00e4rmen f\u00e5ngas in i v\u00e4xthuset f\u00f6r att skydda dem fr\u00e5n kylan. Det vikbara taket och den rymliga dubbeld\u00f6rren g\u00f6r sk\u00f6tseln av dina v\u00e4xter extra bekv\u00e4m.<\/p>\n<h3>Beskrivning:<\/h3>\n<ul>\n<li>Kompakt och robust v\u00e4xthus<\/li>\n<li>F\u00f6rl\u00e4nger v\u00e4xts\u00e4songen och skyddar unga plantor fr\u00e5n frost<\/li>\n<li>Tv\u00e5 valfritt flyttbara hyllor<\/li>\n<li>Idealisk f\u00f6r permanent utomhusbruk<\/li>\n<li>F\u00e4llbart tak och stora pard\u00f6rrar<\/li>\n<li>Huset best\u00e5r av tr\u00e4ram och polykarbonatpaneler<\/li>\n<li>Rostskydd tack vare galvaniserade metalldelar<\/li>\n<li>Montering n\u00f6dv\u00e4ndig<\/li>\n<\/ul>\n<h3>Teknisk data:<\/h3>\n<ul>\n<li>Material: gran, polykarbonat<\/li>\n<li>F\u00e4rg: M\u00f6rkgr\u00e5<\/li>\n<li>\u00d6vergripande m\u00e5tt: 58W x 44D x 78H cm<\/li>\n<li>Lastkapacitet: 15 kg (per hylla)<\/li>\n<li>Vikt: 6,8 kg<\/li>\n<li>Levereras i platt f\u00f6rpackning<\/li>\n<li>Montering kr\u00e4vs<\/li>\n<li>Annan viktig information: M\u00e5tt p\u00e5 locket: 57,5W x 43,5D cm<\/li>\n<li>M\u00e5tt per hylla: 53,5W x 38D x 2H cm<\/li>\n<\/ul>\n<h3>Leveransens omfattning:<\/h3>\n<ul>\n<li>1 v\u00e4xthus<\/li>\n<li>1 instruktion<\/li>\n<\/ul>\n","protected":false},"excerpt":{"rendered":"<p>Odla din egen lilla tr\u00e4dg\u00e5rd med l\u00e4tthet i detta praktiska och funktionella v\u00e4xthus. De genomskinliga och robusta polykarbonatv\u00e4ggarna till\u00e5ter h\u00f6genergi&#8230;<\/p>\n","protected":false},"featured_media":30271,"template":"","meta":[],"product_brand":[],"product_cat":[445,435,443],"product_tag":[],"class_list":{"0":"post-30270","1":"product","2":"type-product","3":"status-publish","4":"has-post-thumbnail","6":"product_cat-kalla-ramar","7":"product_cat-tradgard-och-terrass","8":"product_cat-vaxthus-tradgardsskotsel","10":"first","11":"instock","12":"sale","13":"taxable","14":"shipping-taxable","15":"purchasable","16":"product-type-simple"},"yoast_head":"<!-- This site is optimized with the Yoast SEO plugin v25.4 - https:\/\/yoast.com\/wordpress\/plugins\/seo\/ -->\n<title>TRUUSK V\u00e4xthus - Transparent - F\u00f6r Utomhusbruk - Tr\u00e4 + Polykarbonat - 58 x 44 x 78cm - TRUUSK - Hem, Tr\u00e4dg\u00e5rd &amp; Fritid<\/title>\n<meta name=\"robots\" content=\"index, follow, max-snippet:-1, max-image-preview:large, max-video-preview:-1\" \/>\n<link rel=\"canonical\" href=\"https:\/\/truusk.store\/sv\/produkt\/truusk-vaxthus-transparent-for-utomhusbruk-tra-polykarbonat-58-x-44-x-78cm\/\" \/>\n<meta property=\"og:locale\" content=\"sv_SE\" \/>\n<meta property=\"og:type\" content=\"article\" \/>\n<meta property=\"og:title\" content=\"TRUUSK V\u00e4xthus - Transparent - F\u00f6r Utomhusbruk - Tr\u00e4 + Polykarbonat - 58 x 44 x 78cm - TRUUSK - Hem, Tr\u00e4dg\u00e5rd &amp; Fritid\" \/>\n<meta property=\"og:description\" content=\"Odla din egen lilla tr\u00e4dg\u00e5rd med l\u00e4tthet i detta praktiska och funktionella v\u00e4xthus. De genomskinliga och robusta polykarbonatv\u00e4ggarna till\u00e5ter h\u00f6genergi...\" \/>\n<meta property=\"og:url\" content=\"https:\/\/truusk.store\/sv\/produkt\/truusk-vaxthus-transparent-for-utomhusbruk-tra-polykarbonat-58-x-44-x-78cm\/\" \/>\n<meta property=\"og:site_name\" content=\"TRUUSK - Hem, Tr\u00e4dg\u00e5rd &amp; Fritid\" \/>\n<meta property=\"article:modified_time\" content=\"2026-03-12T08:08:41+00:00\" \/>\n<meta property=\"og:image\" content=\"https:\/\/i0.wp.com\/truusk.se\/wp-content\/uploads\/2024\/02\/vaxthus-vaxthus-transparent-lamplig-for-utomhusomraden-tra-polykarbonat-58-x-44-x-78cm.webp?fit=800%2C800&ssl=1\" \/>\n\t<meta property=\"og:image:width\" content=\"800\" \/>\n\t<meta property=\"og:image:height\" content=\"800\" \/>\n\t<meta property=\"og:image:type\" content=\"image\/webp\" \/>\n<meta name=\"twitter:card\" content=\"summary_large_image\" \/>\n<meta name=\"twitter:label1\" content=\"Ber\u00e4knad l\u00e4stid\" \/>\n\t<meta name=\"twitter:data1\" content=\"1 minut\" \/>\n<!-- \/ Yoast SEO plugin. -->","yoast_head_json":{"title":"TRUUSK V\u00e4xthus - Transparent - F\u00f6r Utomhusbruk - Tr\u00e4 + Polykarbonat - 58 x 44 x 78cm - TRUUSK - Hem, Tr\u00e4dg\u00e5rd &amp; Fritid","robots":{"index":"index","follow":"follow","max-snippet":"max-snippet:-1","max-image-preview":"max-image-preview:large","max-video-preview":"max-video-preview:-1"},"canonical":"https:\/\/truusk.store\/sv\/produkt\/truusk-vaxthus-transparent-for-utomhusbruk-tra-polykarbonat-58-x-44-x-78cm\/","og_locale":"sv_SE","og_type":"article","og_title":"TRUUSK V\u00e4xthus - Transparent - F\u00f6r Utomhusbruk - Tr\u00e4 + Polykarbonat - 58 x 44 x 78cm - TRUUSK - Hem, Tr\u00e4dg\u00e5rd &amp; Fritid","og_description":"Odla din egen lilla tr\u00e4dg\u00e5rd med l\u00e4tthet i detta praktiska och funktionella v\u00e4xthus. De genomskinliga och robusta polykarbonatv\u00e4ggarna till\u00e5ter h\u00f6genergi...","og_url":"https:\/\/truusk.store\/sv\/produkt\/truusk-vaxthus-transparent-for-utomhusbruk-tra-polykarbonat-58-x-44-x-78cm\/","og_site_name":"TRUUSK - Hem, Tr\u00e4dg\u00e5rd &amp; Fritid","article_modified_time":"2026-03-12T08:08:41+00:00","og_image":[{"width":800,"height":800,"url":"https:\/\/i0.wp.com\/truusk.se\/wp-content\/uploads\/2024\/02\/vaxthus-vaxthus-transparent-lamplig-for-utomhusomraden-tra-polykarbonat-58-x-44-x-78cm.webp?fit=800%2C800&ssl=1","type":"image\/webp"}],"twitter_card":"summary_large_image","twitter_misc":{"Ber\u00e4knad l\u00e4stid":"1 minut"},"schema":{"@context":"https:\/\/schema.org","@graph":[{"@type":"WebPage","@id":"https:\/\/truusk.store\/sv\/produkt\/truusk-vaxthus-transparent-for-utomhusbruk-tra-polykarbonat-58-x-44-x-78cm\/","url":"https:\/\/truusk.store\/sv\/produkt\/truusk-vaxthus-transparent-for-utomhusbruk-tra-polykarbonat-58-x-44-x-78cm\/","name":"TRUUSK V\u00e4xthus - Transparent - F\u00f6r Utomhusbruk - Tr\u00e4 + Polykarbonat - 58 x 44 x 78cm - TRUUSK - Hem, Tr\u00e4dg\u00e5rd &amp; Fritid","isPartOf":{"@id":"https:\/\/truusk.store\/sv\/#website"},"primaryImageOfPage":{"@id":"https:\/\/truusk.store\/sv\/produkt\/truusk-vaxthus-transparent-for-utomhusbruk-tra-polykarbonat-58-x-44-x-78cm\/#primaryimage"},"image":{"@id":"https:\/\/truusk.store\/sv\/produkt\/truusk-vaxthus-transparent-for-utomhusbruk-tra-polykarbonat-58-x-44-x-78cm\/#primaryimage"},"thumbnailUrl":"https:\/\/i0.wp.com\/truusk.store\/wp-content\/uploads\/2024\/02\/vaxthus-vaxthus-transparent-lamplig-for-utomhusomraden-tra-polykarbonat-58-x-44-x-78cm.webp?fit=800%2C800&ssl=1","datePublished":"2024-02-13T19:40:06+00:00","dateModified":"2026-03-12T08:08:41+00:00","breadcrumb":{"@id":"https:\/\/truusk.store\/sv\/produkt\/truusk-vaxthus-transparent-for-utomhusbruk-tra-polykarbonat-58-x-44-x-78cm\/#breadcrumb"},"inLanguage":"sv-SE","potentialAction":[{"@type":"ReadAction","target":["https:\/\/truusk.store\/sv\/produkt\/truusk-vaxthus-transparent-for-utomhusbruk-tra-polykarbonat-58-x-44-x-78cm\/"]}]},{"@type":"ImageObject","inLanguage":"sv-SE","@id":"https:\/\/truusk.store\/sv\/produkt\/truusk-vaxthus-transparent-for-utomhusbruk-tra-polykarbonat-58-x-44-x-78cm\/#primaryimage","url":"https:\/\/i0.wp.com\/truusk.store\/wp-content\/uploads\/2024\/02\/vaxthus-vaxthus-transparent-lamplig-for-utomhusomraden-tra-polykarbonat-58-x-44-x-78cm.webp?fit=800%2C800&ssl=1","contentUrl":"https:\/\/i0.wp.com\/truusk.store\/wp-content\/uploads\/2024\/02\/vaxthus-vaxthus-transparent-lamplig-for-utomhusomraden-tra-polykarbonat-58-x-44-x-78cm.webp?fit=800%2C800&ssl=1","width":800,"height":800,"caption":"V\u00e4xthus, V\u00e4xthus, Transparent, L\u00e4mplig F\u00f6r Utomhusomr\u00e5den, Tr\u00e4 + Polykarbonat, 58 X 44 X 78cm 1"},{"@type":"BreadcrumbList","@id":"https:\/\/truusk.store\/sv\/produkt\/truusk-vaxthus-transparent-for-utomhusbruk-tra-polykarbonat-58-x-44-x-78cm\/#breadcrumb","itemListElement":[{"@type":"ListItem","position":1,"name":"Home","item":"https:\/\/truusk.store\/sv\/"},{"@type":"ListItem","position":2,"name":"Shop","item":"https:\/\/truusk.store\/shop\/"},{"@type":"ListItem","position":3,"name":"TRUUSK V\u00e4xthus &#8211; Transparent &#8211; F\u00f6r Utomhusbruk &#8211; Tr\u00e4 + Polykarbonat &#8211; 58 x 44 x 78cm"}]},{"@type":"WebSite","@id":"https:\/\/truusk.store\/sv\/#website","url":"https:\/\/truusk.store\/sv\/","name":"TRUUSK - Hem, Tr\u00e4dg\u00e5rd & Fritid","description":"","publisher":{"@id":"https:\/\/truusk.store\/sv\/#organization"},"potentialAction":[{"@type":"SearchAction","target":{"@type":"EntryPoint","urlTemplate":"https:\/\/truusk.store\/sv\/?s={search_term_string}"},"query-input":{"@type":"PropertyValueSpecification","valueRequired":true,"valueName":"search_term_string"}}],"inLanguage":"sv-SE"},{"@type":"Organization","@id":"https:\/\/truusk.store\/sv\/#organization","name":"TRUUSK - Hem, Tr\u00e4dg\u00e5rd & Fritid","url":"https:\/\/truusk.store\/sv\/","logo":{"@type":"ImageObject","inLanguage":"sv-SE","@id":"https:\/\/truusk.store\/sv\/#\/schema\/logo\/image\/","url":"https:\/\/i0.wp.com\/truusk.store\/wp-content\/uploads\/2026\/03\/cropped-TRUUSK.png?fit=2032%2C917&ssl=1","contentUrl":"https:\/\/i0.wp.com\/truusk.store\/wp-content\/uploads\/2026\/03\/cropped-TRUUSK.png?fit=2032%2C917&ssl=1","width":2032,"height":917,"caption":"TRUUSK - Hem, Tr\u00e4dg\u00e5rd & Fritid"},"image":{"@id":"https:\/\/truusk.store\/sv\/#\/schema\/logo\/image\/"}}]}},"jetpack_sharing_enabled":true,"_links":{"self":[{"href":"https:\/\/truusk.store\/sv\/wp-json\/wp\/v2\/product\/30270","targetHints":{"allow":["GET"]}}],"collection":[{"href":"https:\/\/truusk.store\/sv\/wp-json\/wp\/v2\/product"}],"about":[{"href":"https:\/\/truusk.store\/sv\/wp-json\/wp\/v2\/types\/product"}],"wp:featuredmedia":[{"embeddable":true,"href":"https:\/\/truusk.store\/sv\/wp-json\/wp\/v2\/media\/30271"}],"wp:attachment":[{"href":"https:\/\/truusk.store\/sv\/wp-json\/wp\/v2\/media?parent=30270"}],"wp:term":[{"taxonomy":"product_brand","embeddable":true,"href":"https:\/\/truusk.store\/sv\/wp-json\/wp\/v2\/product_brand?post=30270"},{"taxonomy":"product_cat","embeddable":true,"href":"https:\/\/truusk.store\/sv\/wp-json\/wp\/v2\/product_cat?post=30270"},{"taxonomy":"product_tag","embeddable":true,"href":"https:\/\/truusk.store\/sv\/wp-json\/wp\/v2\/product_tag?post=30270"}],"curies":[{"name":"wp","href":"https:\/\/api.w.org\/{rel}","templated":true}]}}