{"id":30381,"date":"2024-02-13T20:43:59","date_gmt":"2024-02-13T19:43:59","guid":{"rendered":"https:\/\/truusk.store\/product\/vaxtbord-tradgardsmastarbord-blombord-med-arbetsyta-i-metall-tradgard-tra-gra-76-x-37-x-89-cm\/"},"modified":"2026-03-12T09:09:05","modified_gmt":"2026-03-12T08:09:05","slug":"truusk-vaxtbord-tradgardsmastarbord-blombord-med-arbetsyta-metall-tradgard-tra-gra-76-x-37-x-89-cm","status":"publish","type":"product","link":"https:\/\/truusk.store\/sv\/produkt\/truusk-vaxtbord-tradgardsmastarbord-blombord-med-arbetsyta-metall-tradgard-tra-gra-76-x-37-x-89-cm\/","title":{"rendered":"TRUUSK V\u00e4xtbord Tr\u00e4dg\u00e5rdsm\u00e4starbord &#8211; Blombord Med Arbetsyta &#8211; Metall &#8211; Tr\u00e4dg\u00e5rd Tr\u00e4 Gr\u00e5 &#8211; 76 x 37 x 89 cm"},"content":{"rendered":"<p>Med ditt nya plantbord kommer du att g\u00f6ra tr\u00e4dg\u00e5rdsarbete mycket enklare. Den robusta tr\u00e4ramen p\u00e5 v\u00e4xthyllan ger tillr\u00e4ckligt med utrymme f\u00f6r dina tr\u00e4dg\u00e5rdsredskap, blomkrukor och andra tillbeh\u00f6r. S\u00e5 du har alltid allt till hands. Du kan enkelt h\u00e4nga upp din sekat\u00f6r, murslev eller handskar p\u00e5 de tre krokarna p\u00e5 sidan. Tr\u00e4dg\u00e5rdsm\u00e4starens bord \u00e4r behagligt h\u00f6gt, s\u00e5 ryggsm\u00e4rtor och lutande \u00e4r ett minne blott.<\/p>\n<h3>Beskrivning:<\/h3>\n<ul>\n<li>Plantbord f\u00f6r tr\u00e4dg\u00e5rden, terrassen eller balkongen<\/li>\n<li>Tillverkad av glaserat grantr\u00e4, robust och vattent\u00e4t<\/li>\n<li>2 hyllor ger tillr\u00e4ckligt med utrymme<\/li>\n<li>Toppplatta med metallst\u00f6d fungerar som arbetsyta<\/li>\n<li>Med 3 metallkrokar f\u00f6r upph\u00e4ngning av verktyg<\/li>\n<li>Enkel och snabb montering<\/li>\n<\/ul>\n<h3>Teknisk data:<\/h3>\n<ul>\n<li>Material: gran<\/li>\n<li>F\u00e4rg gr\u00e5<\/li>\n<li>Totala m\u00e5tt: 76L x 37W x 89H cm<\/li>\n<li>Vikt: ca 7kg<\/li>\n<li>Max lastkapacitet: 15 kg (hyllor), 5 kg (krokar)<\/li>\n<\/ul>\n<h3>Leveransens omfattning:<\/h3>\n<ul>\n<li>1 x plantbord;<\/li>\n<\/ul>\n","protected":false},"excerpt":{"rendered":"<p>Med ditt nya plantbord kommer du att g\u00f6ra tr\u00e4dg\u00e5rdsarbete mycket enklare. Den robusta tr\u00e4ramen p\u00e5 v\u00e4xthyllan ger tillr\u00e4ckligt med utrymme&#8230;<\/p>\n","protected":false},"featured_media":30382,"template":"","meta":[],"product_brand":[],"product_cat":[446,435,443],"product_tag":[],"class_list":{"0":"post-30381","1":"product","2":"type-product","3":"status-publish","4":"has-post-thumbnail","6":"product_cat-planteringsbord","7":"product_cat-tradgard-och-terrass","8":"product_cat-vaxthus-tradgardsskotsel","10":"first","11":"instock","12":"sale","13":"taxable","14":"shipping-taxable","15":"purchasable","16":"product-type-simple"},"yoast_head":"<!-- This site is optimized with the Yoast SEO plugin v25.4 - https:\/\/yoast.com\/wordpress\/plugins\/seo\/ -->\n<title>TRUUSK V\u00e4xtbord Tr\u00e4dg\u00e5rdsm\u00e4starbord - Blombord Med Arbetsyta - Metall - Tr\u00e4dg\u00e5rd Tr\u00e4 Gr\u00e5 - 76 x 37 x 89 cm - TRUUSK - Hem, Tr\u00e4dg\u00e5rd &amp; Fritid<\/title>\n<meta name=\"robots\" content=\"index, follow, max-snippet:-1, max-image-preview:large, max-video-preview:-1\" \/>\n<link rel=\"canonical\" href=\"https:\/\/truusk.store\/sv\/produkt\/truusk-vaxtbord-tradgardsmastarbord-blombord-med-arbetsyta-metall-tradgard-tra-gra-76-x-37-x-89-cm\/\" \/>\n<meta property=\"og:locale\" content=\"sv_SE\" \/>\n<meta property=\"og:type\" content=\"article\" \/>\n<meta property=\"og:title\" content=\"TRUUSK V\u00e4xtbord Tr\u00e4dg\u00e5rdsm\u00e4starbord - Blombord Med Arbetsyta - Metall - Tr\u00e4dg\u00e5rd Tr\u00e4 Gr\u00e5 - 76 x 37 x 89 cm - TRUUSK - Hem, Tr\u00e4dg\u00e5rd &amp; Fritid\" \/>\n<meta property=\"og:description\" content=\"Med ditt nya plantbord kommer du att g\u00f6ra tr\u00e4dg\u00e5rdsarbete mycket enklare. Den robusta tr\u00e4ramen p\u00e5 v\u00e4xthyllan ger tillr\u00e4ckligt med utrymme...\" \/>\n<meta property=\"og:url\" content=\"https:\/\/truusk.store\/sv\/produkt\/truusk-vaxtbord-tradgardsmastarbord-blombord-med-arbetsyta-metall-tradgard-tra-gra-76-x-37-x-89-cm\/\" \/>\n<meta property=\"og:site_name\" content=\"TRUUSK - Hem, Tr\u00e4dg\u00e5rd &amp; Fritid\" \/>\n<meta property=\"article:modified_time\" content=\"2026-03-12T08:09:05+00:00\" \/>\n<meta property=\"og:image\" content=\"https:\/\/i0.wp.com\/truusk.se\/wp-content\/uploads\/2024\/02\/vaxtbord-tradgardsmastarbord-blombord-med-arbetsyta-i-metall-tradgard-tra-gra-76-x-37-x-89-cm.webp?fit=800%2C800&ssl=1\" \/>\n\t<meta property=\"og:image:width\" content=\"800\" \/>\n\t<meta property=\"og:image:height\" content=\"800\" \/>\n\t<meta property=\"og:image:type\" content=\"image\/webp\" \/>\n<meta name=\"twitter:card\" content=\"summary_large_image\" \/>\n<meta name=\"twitter:label1\" content=\"Ber\u00e4knad l\u00e4stid\" \/>\n\t<meta name=\"twitter:data1\" content=\"1 minut\" \/>\n<!-- \/ Yoast SEO plugin. -->","yoast_head_json":{"title":"TRUUSK V\u00e4xtbord Tr\u00e4dg\u00e5rdsm\u00e4starbord - Blombord Med Arbetsyta - Metall - Tr\u00e4dg\u00e5rd Tr\u00e4 Gr\u00e5 - 76 x 37 x 89 cm - TRUUSK - Hem, Tr\u00e4dg\u00e5rd &amp; Fritid","robots":{"index":"index","follow":"follow","max-snippet":"max-snippet:-1","max-image-preview":"max-image-preview:large","max-video-preview":"max-video-preview:-1"},"canonical":"https:\/\/truusk.store\/sv\/produkt\/truusk-vaxtbord-tradgardsmastarbord-blombord-med-arbetsyta-metall-tradgard-tra-gra-76-x-37-x-89-cm\/","og_locale":"sv_SE","og_type":"article","og_title":"TRUUSK V\u00e4xtbord Tr\u00e4dg\u00e5rdsm\u00e4starbord - Blombord Med Arbetsyta - Metall - Tr\u00e4dg\u00e5rd Tr\u00e4 Gr\u00e5 - 76 x 37 x 89 cm - TRUUSK - Hem, Tr\u00e4dg\u00e5rd &amp; Fritid","og_description":"Med ditt nya plantbord kommer du att g\u00f6ra tr\u00e4dg\u00e5rdsarbete mycket enklare. Den robusta tr\u00e4ramen p\u00e5 v\u00e4xthyllan ger tillr\u00e4ckligt med utrymme...","og_url":"https:\/\/truusk.store\/sv\/produkt\/truusk-vaxtbord-tradgardsmastarbord-blombord-med-arbetsyta-metall-tradgard-tra-gra-76-x-37-x-89-cm\/","og_site_name":"TRUUSK - Hem, Tr\u00e4dg\u00e5rd &amp; Fritid","article_modified_time":"2026-03-12T08:09:05+00:00","og_image":[{"width":800,"height":800,"url":"https:\/\/i0.wp.com\/truusk.se\/wp-content\/uploads\/2024\/02\/vaxtbord-tradgardsmastarbord-blombord-med-arbetsyta-i-metall-tradgard-tra-gra-76-x-37-x-89-cm.webp?fit=800%2C800&ssl=1","type":"image\/webp"}],"twitter_card":"summary_large_image","twitter_misc":{"Ber\u00e4knad l\u00e4stid":"1 minut"},"schema":{"@context":"https:\/\/schema.org","@graph":[{"@type":"WebPage","@id":"https:\/\/truusk.store\/sv\/produkt\/truusk-vaxtbord-tradgardsmastarbord-blombord-med-arbetsyta-metall-tradgard-tra-gra-76-x-37-x-89-cm\/","url":"https:\/\/truusk.store\/sv\/produkt\/truusk-vaxtbord-tradgardsmastarbord-blombord-med-arbetsyta-metall-tradgard-tra-gra-76-x-37-x-89-cm\/","name":"TRUUSK V\u00e4xtbord Tr\u00e4dg\u00e5rdsm\u00e4starbord - Blombord Med Arbetsyta - Metall - Tr\u00e4dg\u00e5rd Tr\u00e4 Gr\u00e5 - 76 x 37 x 89 cm - TRUUSK - Hem, Tr\u00e4dg\u00e5rd &amp; Fritid","isPartOf":{"@id":"https:\/\/truusk.store\/sv\/#website"},"primaryImageOfPage":{"@id":"https:\/\/truusk.store\/sv\/produkt\/truusk-vaxtbord-tradgardsmastarbord-blombord-med-arbetsyta-metall-tradgard-tra-gra-76-x-37-x-89-cm\/#primaryimage"},"image":{"@id":"https:\/\/truusk.store\/sv\/produkt\/truusk-vaxtbord-tradgardsmastarbord-blombord-med-arbetsyta-metall-tradgard-tra-gra-76-x-37-x-89-cm\/#primaryimage"},"thumbnailUrl":"https:\/\/i0.wp.com\/truusk.store\/wp-content\/uploads\/2024\/02\/vaxtbord-tradgardsmastarbord-blombord-med-arbetsyta-i-metall-tradgard-tra-gra-76-x-37-x-89-cm.webp?fit=800%2C800&ssl=1","datePublished":"2024-02-13T19:43:59+00:00","dateModified":"2026-03-12T08:09:05+00:00","breadcrumb":{"@id":"https:\/\/truusk.store\/sv\/produkt\/truusk-vaxtbord-tradgardsmastarbord-blombord-med-arbetsyta-metall-tradgard-tra-gra-76-x-37-x-89-cm\/#breadcrumb"},"inLanguage":"sv-SE","potentialAction":[{"@type":"ReadAction","target":["https:\/\/truusk.store\/sv\/produkt\/truusk-vaxtbord-tradgardsmastarbord-blombord-med-arbetsyta-metall-tradgard-tra-gra-76-x-37-x-89-cm\/"]}]},{"@type":"ImageObject","inLanguage":"sv-SE","@id":"https:\/\/truusk.store\/sv\/produkt\/truusk-vaxtbord-tradgardsmastarbord-blombord-med-arbetsyta-metall-tradgard-tra-gra-76-x-37-x-89-cm\/#primaryimage","url":"https:\/\/i0.wp.com\/truusk.store\/wp-content\/uploads\/2024\/02\/vaxtbord-tradgardsmastarbord-blombord-med-arbetsyta-i-metall-tradgard-tra-gra-76-x-37-x-89-cm.webp?fit=800%2C800&ssl=1","contentUrl":"https:\/\/i0.wp.com\/truusk.store\/wp-content\/uploads\/2024\/02\/vaxtbord-tradgardsmastarbord-blombord-med-arbetsyta-i-metall-tradgard-tra-gra-76-x-37-x-89-cm.webp?fit=800%2C800&ssl=1","width":800,"height":800,"caption":"V\u00e4xtbord Tr\u00e4dg\u00e5rdsm\u00e4starbord Blombord Med Arbetsyta I Metall Tr\u00e4dg\u00e5rd Tr\u00e4 Gr\u00e5 76 X 37 X 89 Cm 1"},{"@type":"BreadcrumbList","@id":"https:\/\/truusk.store\/sv\/produkt\/truusk-vaxtbord-tradgardsmastarbord-blombord-med-arbetsyta-metall-tradgard-tra-gra-76-x-37-x-89-cm\/#breadcrumb","itemListElement":[{"@type":"ListItem","position":1,"name":"Home","item":"https:\/\/truusk.store\/sv\/"},{"@type":"ListItem","position":2,"name":"Shop","item":"https:\/\/truusk.store\/shop\/"},{"@type":"ListItem","position":3,"name":"TRUUSK V\u00e4xtbord Tr\u00e4dg\u00e5rdsm\u00e4starbord &#8211; Blombord Med Arbetsyta &#8211; Metall &#8211; Tr\u00e4dg\u00e5rd Tr\u00e4 Gr\u00e5 &#8211; 76 x 37 x 89 cm"}]},{"@type":"WebSite","@id":"https:\/\/truusk.store\/sv\/#website","url":"https:\/\/truusk.store\/sv\/","name":"TRUUSK - Hem, Tr\u00e4dg\u00e5rd & Fritid","description":"","publisher":{"@id":"https:\/\/truusk.store\/sv\/#organization"},"potentialAction":[{"@type":"SearchAction","target":{"@type":"EntryPoint","urlTemplate":"https:\/\/truusk.store\/sv\/?s={search_term_string}"},"query-input":{"@type":"PropertyValueSpecification","valueRequired":true,"valueName":"search_term_string"}}],"inLanguage":"sv-SE"},{"@type":"Organization","@id":"https:\/\/truusk.store\/sv\/#organization","name":"TRUUSK - Hem, Tr\u00e4dg\u00e5rd & Fritid","url":"https:\/\/truusk.store\/sv\/","logo":{"@type":"ImageObject","inLanguage":"sv-SE","@id":"https:\/\/truusk.store\/sv\/#\/schema\/logo\/image\/","url":"https:\/\/i0.wp.com\/truusk.store\/wp-content\/uploads\/2026\/03\/cropped-TRUUSK.png?fit=2032%2C917&ssl=1","contentUrl":"https:\/\/i0.wp.com\/truusk.store\/wp-content\/uploads\/2026\/03\/cropped-TRUUSK.png?fit=2032%2C917&ssl=1","width":2032,"height":917,"caption":"TRUUSK - Hem, Tr\u00e4dg\u00e5rd & Fritid"},"image":{"@id":"https:\/\/truusk.store\/sv\/#\/schema\/logo\/image\/"}}]}},"jetpack_sharing_enabled":true,"_links":{"self":[{"href":"https:\/\/truusk.store\/sv\/wp-json\/wp\/v2\/product\/30381","targetHints":{"allow":["GET"]}}],"collection":[{"href":"https:\/\/truusk.store\/sv\/wp-json\/wp\/v2\/product"}],"about":[{"href":"https:\/\/truusk.store\/sv\/wp-json\/wp\/v2\/types\/product"}],"wp:featuredmedia":[{"embeddable":true,"href":"https:\/\/truusk.store\/sv\/wp-json\/wp\/v2\/media\/30382"}],"wp:attachment":[{"href":"https:\/\/truusk.store\/sv\/wp-json\/wp\/v2\/media?parent=30381"}],"wp:term":[{"taxonomy":"product_brand","embeddable":true,"href":"https:\/\/truusk.store\/sv\/wp-json\/wp\/v2\/product_brand?post=30381"},{"taxonomy":"product_cat","embeddable":true,"href":"https:\/\/truusk.store\/sv\/wp-json\/wp\/v2\/product_cat?post=30381"},{"taxonomy":"product_tag","embeddable":true,"href":"https:\/\/truusk.store\/sv\/wp-json\/wp\/v2\/product_tag?post=30381"}],"curies":[{"name":"wp","href":"https:\/\/api.w.org\/{rel}","templated":true}]}}