{"id":30418,"date":"2024-02-13T20:45:32","date_gmt":"2024-02-13T19:45:32","guid":{"rendered":"https:\/\/truusk.store\/product\/reptilboxterrarium-inklusive-remstermometer-matningsklaffar-50-cm-x-30-cm-x-25-cm-glas-metall-svart\/"},"modified":"2026-03-12T09:09:12","modified_gmt":"2026-03-12T08:09:12","slug":"truusk-reptilboxterrarium-inklusive-remstermometer-matningsklaffar-50x30x25-cm-glas-metall-svart","status":"publish","type":"product","link":"https:\/\/truusk.store\/sv\/produkt\/truusk-reptilboxterrarium-inklusive-remstermometer-matningsklaffar-50x30x25-cm-glas-metall-svart\/","title":{"rendered":"TRUUSK Reptilboxterrarium &#8211; Inklusive Remstermometer &#8211; Matningsklaffar &#8211; 50x30x25 cm &#8211; Glas + Metall &#8211; Svart"},"content":{"rendered":"<p>Vill du erbjuda dina husdjur ett realistiskt naturparadis? V\u00e5r reptill\u00e5da \u00e4r det b\u00e4sta valet f\u00f6r detta! Oavsett om det \u00e4r en tropisk regnskog eller ett \u00f6kenklimat \u2013 kan du sj\u00e4lv designa ditt djurs livsmilj\u00f6. Med en l\u00f6vformad vattenbass\u00e4ng och en remstermometer \u00e4r det en idealisk livsmilj\u00f6 f\u00f6r reptiler. Skapa ett art-l\u00e4mpligt mikrolandskap f\u00f6r dina reptiler. Terrariet \u00e4r hygieniskt och l\u00e4tt att reng\u00f6ra.<\/p>\n<h3>Beskrivning:<\/h3>\n<ul>\n<li>Utrustad med l\u00e5s f\u00f6r att f\u00f6rhindra att husdjur rymmer<\/li>\n<li>360 graders synlighet<\/li>\n<li>Tillverkad av tr\u00e5dn\u00e4t ger toppen tillr\u00e4cklig ventilation<\/li>\n<li>Inkluderar en bekv\u00e4m matnings\u00f6ppning f\u00f6r enkel matning<\/li>\n<li>Skapar mark och vatten, \u00f6ken eller regnskog, livsmilj\u00f6 genom sig sj\u00e4lv<\/li>\n<li>Upph\u00f6jd golvram f\u00f6r att rymma en v\u00e4rmare<\/li>\n<li>En bottenplatta f\u00f6rhindrar att vatten l\u00e4cker ut<\/li>\n<li>Levereras med en termometer med remsor (temperaturomr\u00e5de 18-34)<\/li>\n<li>L\u00e4mplig f\u00f6r \u00f6dlor, horngrodor, sk\u00f6ldpaddor, ormar, spindlar och andra djur<\/li>\n<\/ul>\n<h3>Teknisk data:<\/h3>\n<ul>\n<li>Svart f\u00e4rg<\/li>\n<li>Material: glas, metall<\/li>\n<li>\u00d6vergripande m\u00e5tt: 50L x 30W x 25H cm<\/li>\n<li>Matningsh\u00e5lsh\u00e5llare storlek: 3L x 3W cm<\/li>\n<li>Remstermometerstorlek: 1,8W x 13H cm<\/li>\n<li>Bladformad vattenbass\u00e4ng storlek: 15,4L x 12,4W x 1,8H cm<\/li>\n<li>Obs: Reptiler och andra dekorationer tillhandah\u00e5lls inte<\/li>\n<\/ul>\n<h3>Leveransens omfattning:<\/h3>\n<ul>\n<li>1 x terrarium;<\/li>\n<\/ul>\n","protected":false},"excerpt":{"rendered":"<p>Vill du erbjuda dina husdjur ett realistiskt naturparadis? V\u00e5r reptill\u00e5da \u00e4r det b\u00e4sta valet f\u00f6r detta! Oavsett om det \u00e4r&#8230;<\/p>\n","protected":false},"featured_media":30419,"template":"","meta":[],"product_brand":[],"product_cat":[573,597,600],"product_tag":[],"class_list":{"0":"post-30418","1":"product","2":"type-product","3":"status-publish","4":"has-post-thumbnail","6":"product_cat-husdjursmaterial","7":"product_cat-sma-djurtillbehor","8":"product_cat-utomhusholje","10":"first","11":"instock","12":"sale","13":"taxable","14":"shipping-taxable","15":"purchasable","16":"product-type-simple"},"yoast_head":"<!-- This site is optimized with the Yoast SEO plugin v25.4 - https:\/\/yoast.com\/wordpress\/plugins\/seo\/ -->\n<title>TRUUSK Reptilboxterrarium - Inklusive Remstermometer - Matningsklaffar - 50x30x25 cm - Glas + Metall - Svart - TRUUSK - Hem, Tr\u00e4dg\u00e5rd &amp; Fritid<\/title>\n<meta name=\"robots\" content=\"index, follow, max-snippet:-1, max-image-preview:large, max-video-preview:-1\" \/>\n<link rel=\"canonical\" href=\"https:\/\/truusk.store\/sv\/produkt\/truusk-reptilboxterrarium-inklusive-remstermometer-matningsklaffar-50x30x25-cm-glas-metall-svart\/\" \/>\n<meta property=\"og:locale\" content=\"sv_SE\" \/>\n<meta property=\"og:type\" content=\"article\" \/>\n<meta property=\"og:title\" content=\"TRUUSK Reptilboxterrarium - Inklusive Remstermometer - Matningsklaffar - 50x30x25 cm - Glas + Metall - Svart - TRUUSK - Hem, Tr\u00e4dg\u00e5rd &amp; Fritid\" \/>\n<meta property=\"og:description\" content=\"Vill du erbjuda dina husdjur ett realistiskt naturparadis? V\u00e5r reptill\u00e5da \u00e4r det b\u00e4sta valet f\u00f6r detta! Oavsett om det \u00e4r...\" \/>\n<meta property=\"og:url\" content=\"https:\/\/truusk.store\/sv\/produkt\/truusk-reptilboxterrarium-inklusive-remstermometer-matningsklaffar-50x30x25-cm-glas-metall-svart\/\" \/>\n<meta property=\"og:site_name\" content=\"TRUUSK - Hem, Tr\u00e4dg\u00e5rd &amp; Fritid\" \/>\n<meta property=\"article:modified_time\" content=\"2026-03-12T08:09:12+00:00\" \/>\n<meta property=\"og:image\" content=\"https:\/\/i0.wp.com\/truusk.se\/wp-content\/uploads\/2024\/02\/reptilboxterrarium-inklusive-remstermometer-matningsklaffar-50-cm-x-30-cm-x-25-cm-glas-metall-svart.webp?fit=800%2C800&ssl=1\" \/>\n\t<meta property=\"og:image:width\" content=\"800\" \/>\n\t<meta property=\"og:image:height\" content=\"800\" \/>\n\t<meta property=\"og:image:type\" content=\"image\/webp\" \/>\n<meta name=\"twitter:card\" content=\"summary_large_image\" \/>\n<meta name=\"twitter:label1\" content=\"Ber\u00e4knad l\u00e4stid\" \/>\n\t<meta name=\"twitter:data1\" content=\"1 minut\" \/>\n<!-- \/ Yoast SEO plugin. -->","yoast_head_json":{"title":"TRUUSK Reptilboxterrarium - Inklusive Remstermometer - Matningsklaffar - 50x30x25 cm - Glas + Metall - Svart - TRUUSK - Hem, Tr\u00e4dg\u00e5rd &amp; Fritid","robots":{"index":"index","follow":"follow","max-snippet":"max-snippet:-1","max-image-preview":"max-image-preview:large","max-video-preview":"max-video-preview:-1"},"canonical":"https:\/\/truusk.store\/sv\/produkt\/truusk-reptilboxterrarium-inklusive-remstermometer-matningsklaffar-50x30x25-cm-glas-metall-svart\/","og_locale":"sv_SE","og_type":"article","og_title":"TRUUSK Reptilboxterrarium - Inklusive Remstermometer - Matningsklaffar - 50x30x25 cm - Glas + Metall - Svart - TRUUSK - Hem, Tr\u00e4dg\u00e5rd &amp; Fritid","og_description":"Vill du erbjuda dina husdjur ett realistiskt naturparadis? V\u00e5r reptill\u00e5da \u00e4r det b\u00e4sta valet f\u00f6r detta! Oavsett om det \u00e4r...","og_url":"https:\/\/truusk.store\/sv\/produkt\/truusk-reptilboxterrarium-inklusive-remstermometer-matningsklaffar-50x30x25-cm-glas-metall-svart\/","og_site_name":"TRUUSK - Hem, Tr\u00e4dg\u00e5rd &amp; Fritid","article_modified_time":"2026-03-12T08:09:12+00:00","og_image":[{"width":800,"height":800,"url":"https:\/\/i0.wp.com\/truusk.se\/wp-content\/uploads\/2024\/02\/reptilboxterrarium-inklusive-remstermometer-matningsklaffar-50-cm-x-30-cm-x-25-cm-glas-metall-svart.webp?fit=800%2C800&ssl=1","type":"image\/webp"}],"twitter_card":"summary_large_image","twitter_misc":{"Ber\u00e4knad l\u00e4stid":"1 minut"},"schema":{"@context":"https:\/\/schema.org","@graph":[{"@type":"WebPage","@id":"https:\/\/truusk.store\/sv\/produkt\/truusk-reptilboxterrarium-inklusive-remstermometer-matningsklaffar-50x30x25-cm-glas-metall-svart\/","url":"https:\/\/truusk.store\/sv\/produkt\/truusk-reptilboxterrarium-inklusive-remstermometer-matningsklaffar-50x30x25-cm-glas-metall-svart\/","name":"TRUUSK Reptilboxterrarium - Inklusive Remstermometer - Matningsklaffar - 50x30x25 cm - Glas + Metall - Svart - TRUUSK - Hem, Tr\u00e4dg\u00e5rd &amp; Fritid","isPartOf":{"@id":"https:\/\/truusk.store\/sv\/#website"},"primaryImageOfPage":{"@id":"https:\/\/truusk.store\/sv\/produkt\/truusk-reptilboxterrarium-inklusive-remstermometer-matningsklaffar-50x30x25-cm-glas-metall-svart\/#primaryimage"},"image":{"@id":"https:\/\/truusk.store\/sv\/produkt\/truusk-reptilboxterrarium-inklusive-remstermometer-matningsklaffar-50x30x25-cm-glas-metall-svart\/#primaryimage"},"thumbnailUrl":"https:\/\/i0.wp.com\/truusk.store\/wp-content\/uploads\/2024\/02\/reptilboxterrarium-inklusive-remstermometer-matningsklaffar-50-cm-x-30-cm-x-25-cm-glas-metall-svart.webp?fit=800%2C800&ssl=1","datePublished":"2024-02-13T19:45:32+00:00","dateModified":"2026-03-12T08:09:12+00:00","breadcrumb":{"@id":"https:\/\/truusk.store\/sv\/produkt\/truusk-reptilboxterrarium-inklusive-remstermometer-matningsklaffar-50x30x25-cm-glas-metall-svart\/#breadcrumb"},"inLanguage":"sv-SE","potentialAction":[{"@type":"ReadAction","target":["https:\/\/truusk.store\/sv\/produkt\/truusk-reptilboxterrarium-inklusive-remstermometer-matningsklaffar-50x30x25-cm-glas-metall-svart\/"]}]},{"@type":"ImageObject","inLanguage":"sv-SE","@id":"https:\/\/truusk.store\/sv\/produkt\/truusk-reptilboxterrarium-inklusive-remstermometer-matningsklaffar-50x30x25-cm-glas-metall-svart\/#primaryimage","url":"https:\/\/i0.wp.com\/truusk.store\/wp-content\/uploads\/2024\/02\/reptilboxterrarium-inklusive-remstermometer-matningsklaffar-50-cm-x-30-cm-x-25-cm-glas-metall-svart.webp?fit=800%2C800&ssl=1","contentUrl":"https:\/\/i0.wp.com\/truusk.store\/wp-content\/uploads\/2024\/02\/reptilboxterrarium-inklusive-remstermometer-matningsklaffar-50-cm-x-30-cm-x-25-cm-glas-metall-svart.webp?fit=800%2C800&ssl=1","width":800,"height":800,"caption":"Reptilboxterrarium, Inklusive Remstermometer, Matningsklaffar, 50 Cm X 30 Cm X 25 Cm, Glas + Metall, Svart 1"},{"@type":"BreadcrumbList","@id":"https:\/\/truusk.store\/sv\/produkt\/truusk-reptilboxterrarium-inklusive-remstermometer-matningsklaffar-50x30x25-cm-glas-metall-svart\/#breadcrumb","itemListElement":[{"@type":"ListItem","position":1,"name":"Home","item":"https:\/\/truusk.store\/sv\/"},{"@type":"ListItem","position":2,"name":"Shop","item":"https:\/\/truusk.store\/shop\/"},{"@type":"ListItem","position":3,"name":"TRUUSK Reptilboxterrarium &#8211; Inklusive Remstermometer &#8211; Matningsklaffar &#8211; 50x30x25 cm &#8211; Glas + Metall &#8211; Svart"}]},{"@type":"WebSite","@id":"https:\/\/truusk.store\/sv\/#website","url":"https:\/\/truusk.store\/sv\/","name":"TRUUSK - Hem, Tr\u00e4dg\u00e5rd & Fritid","description":"","publisher":{"@id":"https:\/\/truusk.store\/sv\/#organization"},"potentialAction":[{"@type":"SearchAction","target":{"@type":"EntryPoint","urlTemplate":"https:\/\/truusk.store\/sv\/?s={search_term_string}"},"query-input":{"@type":"PropertyValueSpecification","valueRequired":true,"valueName":"search_term_string"}}],"inLanguage":"sv-SE"},{"@type":"Organization","@id":"https:\/\/truusk.store\/sv\/#organization","name":"TRUUSK - Hem, Tr\u00e4dg\u00e5rd & Fritid","url":"https:\/\/truusk.store\/sv\/","logo":{"@type":"ImageObject","inLanguage":"sv-SE","@id":"https:\/\/truusk.store\/sv\/#\/schema\/logo\/image\/","url":"https:\/\/i0.wp.com\/truusk.store\/wp-content\/uploads\/2026\/03\/cropped-TRUUSK.png?fit=2032%2C917&ssl=1","contentUrl":"https:\/\/i0.wp.com\/truusk.store\/wp-content\/uploads\/2026\/03\/cropped-TRUUSK.png?fit=2032%2C917&ssl=1","width":2032,"height":917,"caption":"TRUUSK - Hem, Tr\u00e4dg\u00e5rd & Fritid"},"image":{"@id":"https:\/\/truusk.store\/sv\/#\/schema\/logo\/image\/"}}]}},"jetpack_sharing_enabled":true,"_links":{"self":[{"href":"https:\/\/truusk.store\/sv\/wp-json\/wp\/v2\/product\/30418","targetHints":{"allow":["GET"]}}],"collection":[{"href":"https:\/\/truusk.store\/sv\/wp-json\/wp\/v2\/product"}],"about":[{"href":"https:\/\/truusk.store\/sv\/wp-json\/wp\/v2\/types\/product"}],"wp:featuredmedia":[{"embeddable":true,"href":"https:\/\/truusk.store\/sv\/wp-json\/wp\/v2\/media\/30419"}],"wp:attachment":[{"href":"https:\/\/truusk.store\/sv\/wp-json\/wp\/v2\/media?parent=30418"}],"wp:term":[{"taxonomy":"product_brand","embeddable":true,"href":"https:\/\/truusk.store\/sv\/wp-json\/wp\/v2\/product_brand?post=30418"},{"taxonomy":"product_cat","embeddable":true,"href":"https:\/\/truusk.store\/sv\/wp-json\/wp\/v2\/product_cat?post=30418"},{"taxonomy":"product_tag","embeddable":true,"href":"https:\/\/truusk.store\/sv\/wp-json\/wp\/v2\/product_tag?post=30418"}],"curies":[{"name":"wp","href":"https:\/\/api.w.org\/{rel}","templated":true}]}}