{"id":30472,"date":"2024-02-13T20:47:15","date_gmt":"2024-02-13T19:47:15","guid":{"rendered":"https:\/\/truusk.store\/product\/set-med-2-sidobord-modern-design-stapelbar-glasbord-svart\/"},"modified":"2026-03-12T09:09:14","modified_gmt":"2026-03-12T08:09:14","slug":"truusk-set-med-2-sidobord-modern-design-stapelbar-glasbord-svart","status":"publish","type":"product","link":"https:\/\/truusk.store\/sv\/produkt\/truusk-set-med-2-sidobord-modern-design-stapelbar-glasbord-svart\/","title":{"rendered":"TRUUSK Set med 2 Sidobord &#8211; Modern Design &#8211; Stapelbar &#8211; Glasbord &#8211; Svart"},"content":{"rendered":"<p>Dessa soffbord ser inte bara eleganta ut, utan erbjuder ocks\u00e5 gott om plats f\u00f6r f\u00f6rvaring av drycker, snacks och dekorationer. Anv\u00e4nd denna upps\u00e4ttning i vardagsrummet, sovrummet eller hemmakontoret. Sidoborden kan anv\u00e4ndas tillsammans eller separat. N\u00e4r vardagsrumsborden inte anv\u00e4nds kan de placeras inuti varandra f\u00f6r att spara utrymme. En funktionell och snygg bordstablett som g\u00f6r ditt hem vackrare.<\/p>\n<h3>Beskrivning:<\/h3>\n<ul>\n<li>Set med 2 sidobord i modern design<\/li>\n<li>Anv\u00e4nd som individuella sidobord eller tillsammans som soffbord<\/li>\n<li>Tillverkad av glas och st\u00e5l. Setet \u00e4r stabilt och l\u00e4mpar sig f\u00f6r dagligt bruk<\/li>\n<li>Borden \u00e4r staplingsbara och kan f\u00f6rvaras f\u00f6r att spara utrymme<\/li>\n<li>Plastf\u00f6tter f\u00f6rhindrar repor och h\u00e5ller bordet balanserat<\/li>\n<li>Max belastning 30 kg<\/li>\n<li>Montering kr\u00e4vs<\/li>\n<\/ul>\n<h3>Teknisk data:<\/h3>\n<ul>\n<li>Svart f\u00e4rg<\/li>\n<li>Material: st\u00e5l, h\u00e4rdat glas<\/li>\n<li>Stort bordsm\u00e5tt: 50L x 50W x 52Hcm<\/li>\n<li>Liten bordsstorlek: 42L x 42W x 42Hcm<\/li>\n<li>Viktkapacitet: 30 kg (enkel)<\/li>\n<\/ul>\n<h3>Leveransens omfattning:<\/h3>\n<ul>\n<li>2 x Sidobord<\/li>\n<li>1 x Instruktioner<\/li>\n<\/ul>\n","protected":false},"excerpt":{"rendered":"<p>Dessa soffbord ser inte bara eleganta ut, utan erbjuder ocks\u00e5 gott om plats f\u00f6r f\u00f6rvaring av drycker, snacks och dekorationer&#8230;.<\/p>\n","protected":false},"featured_media":30473,"template":"","meta":[],"product_brand":[],"product_cat":[485,505,501],"product_tag":[],"class_list":{"0":"post-30472","1":"product","2":"type-product","3":"status-publish","4":"has-post-thumbnail","6":"product_cat-hus-bo","7":"product_cat-soffa-och-sidobord","8":"product_cat-tabeller","10":"first","11":"instock","12":"sale","13":"taxable","14":"shipping-taxable","15":"purchasable","16":"product-type-simple"},"yoast_head":"<!-- This site is optimized with the Yoast SEO plugin v25.4 - https:\/\/yoast.com\/wordpress\/plugins\/seo\/ -->\n<title>TRUUSK Set med 2 Sidobord - Modern Design - Stapelbar - Glasbord - Svart - TRUUSK - Hem, Tr\u00e4dg\u00e5rd &amp; Fritid<\/title>\n<meta name=\"robots\" content=\"index, follow, max-snippet:-1, max-image-preview:large, max-video-preview:-1\" \/>\n<link rel=\"canonical\" href=\"https:\/\/truusk.store\/sv\/produkt\/truusk-set-med-2-sidobord-modern-design-stapelbar-glasbord-svart\/\" \/>\n<meta property=\"og:locale\" content=\"sv_SE\" \/>\n<meta property=\"og:type\" content=\"article\" \/>\n<meta property=\"og:title\" content=\"TRUUSK Set med 2 Sidobord - Modern Design - Stapelbar - Glasbord - Svart - TRUUSK - Hem, Tr\u00e4dg\u00e5rd &amp; Fritid\" \/>\n<meta property=\"og:description\" content=\"Dessa soffbord ser inte bara eleganta ut, utan erbjuder ocks\u00e5 gott om plats f\u00f6r f\u00f6rvaring av drycker, snacks och dekorationer....\" \/>\n<meta property=\"og:url\" content=\"https:\/\/truusk.store\/sv\/produkt\/truusk-set-med-2-sidobord-modern-design-stapelbar-glasbord-svart\/\" \/>\n<meta property=\"og:site_name\" content=\"TRUUSK - Hem, Tr\u00e4dg\u00e5rd &amp; Fritid\" \/>\n<meta property=\"article:modified_time\" content=\"2026-03-12T08:09:14+00:00\" \/>\n<meta property=\"og:image\" content=\"https:\/\/i0.wp.com\/truusk.se\/wp-content\/uploads\/2024\/02\/set-med-2-sidobord-modern-design-stapelbar-glasbord-svart.webp?fit=800%2C800&ssl=1\" \/>\n\t<meta property=\"og:image:width\" content=\"800\" \/>\n\t<meta property=\"og:image:height\" content=\"800\" \/>\n\t<meta property=\"og:image:type\" content=\"image\/webp\" \/>\n<meta name=\"twitter:card\" content=\"summary_large_image\" \/>\n<meta name=\"twitter:label1\" content=\"Ber\u00e4knad l\u00e4stid\" \/>\n\t<meta name=\"twitter:data1\" content=\"1 minut\" \/>\n<!-- \/ Yoast SEO plugin. -->","yoast_head_json":{"title":"TRUUSK Set med 2 Sidobord - Modern Design - Stapelbar - Glasbord - Svart - TRUUSK - Hem, Tr\u00e4dg\u00e5rd &amp; Fritid","robots":{"index":"index","follow":"follow","max-snippet":"max-snippet:-1","max-image-preview":"max-image-preview:large","max-video-preview":"max-video-preview:-1"},"canonical":"https:\/\/truusk.store\/sv\/produkt\/truusk-set-med-2-sidobord-modern-design-stapelbar-glasbord-svart\/","og_locale":"sv_SE","og_type":"article","og_title":"TRUUSK Set med 2 Sidobord - Modern Design - Stapelbar - Glasbord - Svart - TRUUSK - Hem, Tr\u00e4dg\u00e5rd &amp; Fritid","og_description":"Dessa soffbord ser inte bara eleganta ut, utan erbjuder ocks\u00e5 gott om plats f\u00f6r f\u00f6rvaring av drycker, snacks och dekorationer....","og_url":"https:\/\/truusk.store\/sv\/produkt\/truusk-set-med-2-sidobord-modern-design-stapelbar-glasbord-svart\/","og_site_name":"TRUUSK - Hem, Tr\u00e4dg\u00e5rd &amp; Fritid","article_modified_time":"2026-03-12T08:09:14+00:00","og_image":[{"width":800,"height":800,"url":"https:\/\/i0.wp.com\/truusk.se\/wp-content\/uploads\/2024\/02\/set-med-2-sidobord-modern-design-stapelbar-glasbord-svart.webp?fit=800%2C800&ssl=1","type":"image\/webp"}],"twitter_card":"summary_large_image","twitter_misc":{"Ber\u00e4knad l\u00e4stid":"1 minut"},"schema":{"@context":"https:\/\/schema.org","@graph":[{"@type":"WebPage","@id":"https:\/\/truusk.store\/sv\/produkt\/truusk-set-med-2-sidobord-modern-design-stapelbar-glasbord-svart\/","url":"https:\/\/truusk.store\/sv\/produkt\/truusk-set-med-2-sidobord-modern-design-stapelbar-glasbord-svart\/","name":"TRUUSK Set med 2 Sidobord - Modern Design - Stapelbar - Glasbord - Svart - TRUUSK - Hem, Tr\u00e4dg\u00e5rd &amp; Fritid","isPartOf":{"@id":"https:\/\/truusk.store\/sv\/#website"},"primaryImageOfPage":{"@id":"https:\/\/truusk.store\/sv\/produkt\/truusk-set-med-2-sidobord-modern-design-stapelbar-glasbord-svart\/#primaryimage"},"image":{"@id":"https:\/\/truusk.store\/sv\/produkt\/truusk-set-med-2-sidobord-modern-design-stapelbar-glasbord-svart\/#primaryimage"},"thumbnailUrl":"https:\/\/i0.wp.com\/truusk.store\/wp-content\/uploads\/2024\/02\/set-med-2-sidobord-modern-design-stapelbar-glasbord-svart.webp?fit=800%2C800&ssl=1","datePublished":"2024-02-13T19:47:15+00:00","dateModified":"2026-03-12T08:09:14+00:00","breadcrumb":{"@id":"https:\/\/truusk.store\/sv\/produkt\/truusk-set-med-2-sidobord-modern-design-stapelbar-glasbord-svart\/#breadcrumb"},"inLanguage":"sv-SE","potentialAction":[{"@type":"ReadAction","target":["https:\/\/truusk.store\/sv\/produkt\/truusk-set-med-2-sidobord-modern-design-stapelbar-glasbord-svart\/"]}]},{"@type":"ImageObject","inLanguage":"sv-SE","@id":"https:\/\/truusk.store\/sv\/produkt\/truusk-set-med-2-sidobord-modern-design-stapelbar-glasbord-svart\/#primaryimage","url":"https:\/\/i0.wp.com\/truusk.store\/wp-content\/uploads\/2024\/02\/set-med-2-sidobord-modern-design-stapelbar-glasbord-svart.webp?fit=800%2C800&ssl=1","contentUrl":"https:\/\/i0.wp.com\/truusk.store\/wp-content\/uploads\/2024\/02\/set-med-2-sidobord-modern-design-stapelbar-glasbord-svart.webp?fit=800%2C800&ssl=1","width":800,"height":800,"caption":"Set Med 2 Sidobord, Modern Design, Stapelbar, Glasbord, Svart 1"},{"@type":"BreadcrumbList","@id":"https:\/\/truusk.store\/sv\/produkt\/truusk-set-med-2-sidobord-modern-design-stapelbar-glasbord-svart\/#breadcrumb","itemListElement":[{"@type":"ListItem","position":1,"name":"Home","item":"https:\/\/truusk.store\/sv\/"},{"@type":"ListItem","position":2,"name":"Shop","item":"https:\/\/truusk.store\/shop\/"},{"@type":"ListItem","position":3,"name":"TRUUSK Set med 2 Sidobord &#8211; Modern Design &#8211; Stapelbar &#8211; Glasbord &#8211; Svart"}]},{"@type":"WebSite","@id":"https:\/\/truusk.store\/sv\/#website","url":"https:\/\/truusk.store\/sv\/","name":"TRUUSK - Hem, Tr\u00e4dg\u00e5rd & Fritid","description":"","publisher":{"@id":"https:\/\/truusk.store\/sv\/#organization"},"potentialAction":[{"@type":"SearchAction","target":{"@type":"EntryPoint","urlTemplate":"https:\/\/truusk.store\/sv\/?s={search_term_string}"},"query-input":{"@type":"PropertyValueSpecification","valueRequired":true,"valueName":"search_term_string"}}],"inLanguage":"sv-SE"},{"@type":"Organization","@id":"https:\/\/truusk.store\/sv\/#organization","name":"TRUUSK - Hem, Tr\u00e4dg\u00e5rd & Fritid","url":"https:\/\/truusk.store\/sv\/","logo":{"@type":"ImageObject","inLanguage":"sv-SE","@id":"https:\/\/truusk.store\/sv\/#\/schema\/logo\/image\/","url":"https:\/\/i0.wp.com\/truusk.store\/wp-content\/uploads\/2026\/03\/cropped-TRUUSK.png?fit=2032%2C917&ssl=1","contentUrl":"https:\/\/i0.wp.com\/truusk.store\/wp-content\/uploads\/2026\/03\/cropped-TRUUSK.png?fit=2032%2C917&ssl=1","width":2032,"height":917,"caption":"TRUUSK - Hem, Tr\u00e4dg\u00e5rd & Fritid"},"image":{"@id":"https:\/\/truusk.store\/sv\/#\/schema\/logo\/image\/"}}]}},"jetpack_sharing_enabled":true,"_links":{"self":[{"href":"https:\/\/truusk.store\/sv\/wp-json\/wp\/v2\/product\/30472","targetHints":{"allow":["GET"]}}],"collection":[{"href":"https:\/\/truusk.store\/sv\/wp-json\/wp\/v2\/product"}],"about":[{"href":"https:\/\/truusk.store\/sv\/wp-json\/wp\/v2\/types\/product"}],"wp:featuredmedia":[{"embeddable":true,"href":"https:\/\/truusk.store\/sv\/wp-json\/wp\/v2\/media\/30473"}],"wp:attachment":[{"href":"https:\/\/truusk.store\/sv\/wp-json\/wp\/v2\/media?parent=30472"}],"wp:term":[{"taxonomy":"product_brand","embeddable":true,"href":"https:\/\/truusk.store\/sv\/wp-json\/wp\/v2\/product_brand?post=30472"},{"taxonomy":"product_cat","embeddable":true,"href":"https:\/\/truusk.store\/sv\/wp-json\/wp\/v2\/product_cat?post=30472"},{"taxonomy":"product_tag","embeddable":true,"href":"https:\/\/truusk.store\/sv\/wp-json\/wp\/v2\/product_tag?post=30472"}],"curies":[{"name":"wp","href":"https:\/\/api.w.org\/{rel}","templated":true}]}}