{"id":30518,"date":"2024-02-13T20:48:42","date_gmt":"2024-02-13T19:48:42","guid":{"rendered":"https:\/\/truusk.store\/product\/kattskrapstolpe-kaktus-katt-trad-tall-tra-sisalrep-skrapstolpe-med-traboll-kattleksak-for-katter-60-cm-hog-gron-naturlig\/"},"modified":"2026-03-12T09:09:15","modified_gmt":"2026-03-12T08:09:15","slug":"truusk-kattskrapstolpe-kaktusdesign-med-sisalrep-och-traboll-60-cm-gron-naturlig","status":"publish","type":"product","link":"https:\/\/truusk.store\/sv\/produkt\/truusk-kattskrapstolpe-kaktusdesign-med-sisalrep-och-traboll-60-cm-gron-naturlig\/","title":{"rendered":"TRUUSK Kattskrapstolpe &#8211; Kaktusdesign &#8211; Med Sisalrep och Tr\u00e4boll &#8211; 60 cm &#8211; Gr\u00f6n\/Naturlig"},"content":{"rendered":"<p>Tillfredsst\u00e4ll din katts instinkter p\u00e5 ett s\u00e4kert s\u00e4tt med detta skrapinl\u00e4gg! Denna nya, lilla och uts\u00f6kta miniskrapstolpe \u00e4r inlindad med ett sisalrep och erbjuder din katt obegr\u00e4nsat roligt. Kattskrapstolpar \u00e4r f\u00f6rdelaktiga f\u00f6r b\u00e5de djuren och \u00e4garna d\u00e5 de tillfredsst\u00e4ller katternas \u00f6nskan att klia och kl\u00e4ttra och skydda dina mattor och m\u00f6bler fr\u00e5n skador.<\/p>\n<h3>Beskrivning:<\/h3>\n<ul>\n<li>Sisalrepet passar dina katters natur och skyddar dina m\u00f6bler<\/li>\n<li>Tillverkad av h\u00f6gkvalitativt furu<\/li>\n<li>Fallformen g\u00f6r rummet intressant<\/li>\n<li>H\u00e5ller din katt sysselsatt n\u00e4r hon \u00e4r ensam hemma<\/li>\n<li>En h\u00e4ngboll och kattleksaker ing\u00e5r<\/li>\n<li>L\u00e4mplig f\u00f6r katter som v\u00e4ger mindre \u00e4n 5 kg<\/li>\n<li>Montering kr\u00e4vs<\/li>\n<\/ul>\n<h3>Teknisk data:<\/h3>\n<ul>\n<li>F\u00e4rg: Gr\u00f6n+Naturlig<\/li>\n<li>Material: furu, sisal<\/li>\n<li>Totala m\u00e5tt: 32L x 32W x 60H cm<\/li>\n<li>Basstorlek: 32L x 32W cm<\/li>\n<li>Storlek p\u00e5 skrapstolpen: 7 cm<\/li>\n<li>Rekommenderad husdjursvikt: mindre \u00e4n 5 kg<\/li>\n<\/ul>\n<h3>Leveransens omfattning:<\/h3>\n<ul>\n<li>1 x skrapstolpe<\/li>\n<li>1 x Instruktioner<\/li>\n<\/ul>\n","protected":false},"excerpt":{"rendered":"<p>Tillfredsst\u00e4ll din katts instinkter p\u00e5 ett s\u00e4kert s\u00e4tt med detta skrapinl\u00e4gg! Denna nya, lilla och uts\u00f6kta miniskrapstolpe \u00e4r inlindad med&#8230;<\/p>\n","protected":false},"featured_media":30519,"template":"","meta":[],"product_brand":[],"product_cat":[573,588,589],"product_tag":[],"class_list":{"0":"post-30518","1":"product","2":"type-product","3":"status-publish","4":"has-post-thumbnail","6":"product_cat-husdjursmaterial","7":"product_cat-katttillbehor","8":"product_cat-skrapande-inlagg","10":"first","11":"instock","12":"sale","13":"taxable","14":"shipping-taxable","15":"purchasable","16":"product-type-simple"},"yoast_head":"<!-- This site is optimized with the Yoast SEO plugin v25.4 - https:\/\/yoast.com\/wordpress\/plugins\/seo\/ -->\n<title>TRUUSK Kattskrapstolpe - Kaktusdesign - Med Sisalrep och Tr\u00e4boll - 60 cm - Gr\u00f6n\/Naturlig - TRUUSK - Hem, Tr\u00e4dg\u00e5rd &amp; Fritid<\/title>\n<meta name=\"robots\" content=\"index, follow, max-snippet:-1, max-image-preview:large, max-video-preview:-1\" \/>\n<link rel=\"canonical\" href=\"https:\/\/truusk.store\/sv\/produkt\/truusk-kattskrapstolpe-kaktusdesign-med-sisalrep-och-traboll-60-cm-gron-naturlig\/\" \/>\n<meta property=\"og:locale\" content=\"sv_SE\" \/>\n<meta property=\"og:type\" content=\"article\" \/>\n<meta property=\"og:title\" content=\"TRUUSK Kattskrapstolpe - Kaktusdesign - Med Sisalrep och Tr\u00e4boll - 60 cm - Gr\u00f6n\/Naturlig - TRUUSK - Hem, Tr\u00e4dg\u00e5rd &amp; Fritid\" \/>\n<meta property=\"og:description\" content=\"Tillfredsst\u00e4ll din katts instinkter p\u00e5 ett s\u00e4kert s\u00e4tt med detta skrapinl\u00e4gg! Denna nya, lilla och uts\u00f6kta miniskrapstolpe \u00e4r inlindad med...\" \/>\n<meta property=\"og:url\" content=\"https:\/\/truusk.store\/sv\/produkt\/truusk-kattskrapstolpe-kaktusdesign-med-sisalrep-och-traboll-60-cm-gron-naturlig\/\" \/>\n<meta property=\"og:site_name\" content=\"TRUUSK - Hem, Tr\u00e4dg\u00e5rd &amp; Fritid\" \/>\n<meta property=\"article:modified_time\" content=\"2026-03-12T08:09:15+00:00\" \/>\n<meta property=\"og:image\" content=\"https:\/\/i0.wp.com\/truusk.se\/wp-content\/uploads\/2024\/02\/kattskrapstolpe-kaktus-katt-trad-tall-tra-sisalrep-skrapstolpe-med-traboll-kattleksak-for-katter-60-cm-hog-gron-naturlig.webp?fit=800%2C800&ssl=1\" \/>\n\t<meta property=\"og:image:width\" content=\"800\" \/>\n\t<meta property=\"og:image:height\" content=\"800\" \/>\n\t<meta property=\"og:image:type\" content=\"image\/webp\" \/>\n<meta name=\"twitter:card\" content=\"summary_large_image\" \/>\n<meta name=\"twitter:label1\" content=\"Ber\u00e4knad l\u00e4stid\" \/>\n\t<meta name=\"twitter:data1\" content=\"1 minut\" \/>\n<!-- \/ Yoast SEO plugin. -->","yoast_head_json":{"title":"TRUUSK Kattskrapstolpe - Kaktusdesign - Med Sisalrep och Tr\u00e4boll - 60 cm - Gr\u00f6n\/Naturlig - TRUUSK - Hem, Tr\u00e4dg\u00e5rd &amp; Fritid","robots":{"index":"index","follow":"follow","max-snippet":"max-snippet:-1","max-image-preview":"max-image-preview:large","max-video-preview":"max-video-preview:-1"},"canonical":"https:\/\/truusk.store\/sv\/produkt\/truusk-kattskrapstolpe-kaktusdesign-med-sisalrep-och-traboll-60-cm-gron-naturlig\/","og_locale":"sv_SE","og_type":"article","og_title":"TRUUSK Kattskrapstolpe - Kaktusdesign - Med Sisalrep och Tr\u00e4boll - 60 cm - Gr\u00f6n\/Naturlig - TRUUSK - Hem, Tr\u00e4dg\u00e5rd &amp; Fritid","og_description":"Tillfredsst\u00e4ll din katts instinkter p\u00e5 ett s\u00e4kert s\u00e4tt med detta skrapinl\u00e4gg! Denna nya, lilla och uts\u00f6kta miniskrapstolpe \u00e4r inlindad med...","og_url":"https:\/\/truusk.store\/sv\/produkt\/truusk-kattskrapstolpe-kaktusdesign-med-sisalrep-och-traboll-60-cm-gron-naturlig\/","og_site_name":"TRUUSK - Hem, Tr\u00e4dg\u00e5rd &amp; Fritid","article_modified_time":"2026-03-12T08:09:15+00:00","og_image":[{"width":800,"height":800,"url":"https:\/\/i0.wp.com\/truusk.se\/wp-content\/uploads\/2024\/02\/kattskrapstolpe-kaktus-katt-trad-tall-tra-sisalrep-skrapstolpe-med-traboll-kattleksak-for-katter-60-cm-hog-gron-naturlig.webp?fit=800%2C800&ssl=1","type":"image\/webp"}],"twitter_card":"summary_large_image","twitter_misc":{"Ber\u00e4knad l\u00e4stid":"1 minut"},"schema":{"@context":"https:\/\/schema.org","@graph":[{"@type":"WebPage","@id":"https:\/\/truusk.store\/sv\/produkt\/truusk-kattskrapstolpe-kaktusdesign-med-sisalrep-och-traboll-60-cm-gron-naturlig\/","url":"https:\/\/truusk.store\/sv\/produkt\/truusk-kattskrapstolpe-kaktusdesign-med-sisalrep-och-traboll-60-cm-gron-naturlig\/","name":"TRUUSK Kattskrapstolpe - Kaktusdesign - Med Sisalrep och Tr\u00e4boll - 60 cm - Gr\u00f6n\/Naturlig - TRUUSK - Hem, Tr\u00e4dg\u00e5rd &amp; Fritid","isPartOf":{"@id":"https:\/\/truusk.store\/sv\/#website"},"primaryImageOfPage":{"@id":"https:\/\/truusk.store\/sv\/produkt\/truusk-kattskrapstolpe-kaktusdesign-med-sisalrep-och-traboll-60-cm-gron-naturlig\/#primaryimage"},"image":{"@id":"https:\/\/truusk.store\/sv\/produkt\/truusk-kattskrapstolpe-kaktusdesign-med-sisalrep-och-traboll-60-cm-gron-naturlig\/#primaryimage"},"thumbnailUrl":"https:\/\/i0.wp.com\/truusk.store\/wp-content\/uploads\/2024\/02\/kattskrapstolpe-kaktus-katt-trad-tall-tra-sisalrep-skrapstolpe-med-traboll-kattleksak-for-katter-60-cm-hog-gron-naturlig.webp?fit=800%2C800&ssl=1","datePublished":"2024-02-13T19:48:42+00:00","dateModified":"2026-03-12T08:09:15+00:00","breadcrumb":{"@id":"https:\/\/truusk.store\/sv\/produkt\/truusk-kattskrapstolpe-kaktusdesign-med-sisalrep-och-traboll-60-cm-gron-naturlig\/#breadcrumb"},"inLanguage":"sv-SE","potentialAction":[{"@type":"ReadAction","target":["https:\/\/truusk.store\/sv\/produkt\/truusk-kattskrapstolpe-kaktusdesign-med-sisalrep-och-traboll-60-cm-gron-naturlig\/"]}]},{"@type":"ImageObject","inLanguage":"sv-SE","@id":"https:\/\/truusk.store\/sv\/produkt\/truusk-kattskrapstolpe-kaktusdesign-med-sisalrep-och-traboll-60-cm-gron-naturlig\/#primaryimage","url":"https:\/\/i0.wp.com\/truusk.store\/wp-content\/uploads\/2024\/02\/kattskrapstolpe-kaktus-katt-trad-tall-tra-sisalrep-skrapstolpe-med-traboll-kattleksak-for-katter-60-cm-hog-gron-naturlig.webp?fit=800%2C800&ssl=1","contentUrl":"https:\/\/i0.wp.com\/truusk.store\/wp-content\/uploads\/2024\/02\/kattskrapstolpe-kaktus-katt-trad-tall-tra-sisalrep-skrapstolpe-med-traboll-kattleksak-for-katter-60-cm-hog-gron-naturlig.webp?fit=800%2C800&ssl=1","width":800,"height":800,"caption":"Kattskrapstolpe Kaktus Katt Tr\u00e4d Tall Tr\u00e4 Sisalrep Skrapstolpe Med Tr\u00e4boll Kattleksak F\u00f6r Katter 60 Cm H\u00f6g Gr\u00f6n + Naturlig 1"},{"@type":"BreadcrumbList","@id":"https:\/\/truusk.store\/sv\/produkt\/truusk-kattskrapstolpe-kaktusdesign-med-sisalrep-och-traboll-60-cm-gron-naturlig\/#breadcrumb","itemListElement":[{"@type":"ListItem","position":1,"name":"Home","item":"https:\/\/truusk.store\/sv\/"},{"@type":"ListItem","position":2,"name":"Shop","item":"https:\/\/truusk.store\/shop\/"},{"@type":"ListItem","position":3,"name":"TRUUSK Kattskrapstolpe &#8211; Kaktusdesign &#8211; Med Sisalrep och Tr\u00e4boll &#8211; 60 cm &#8211; Gr\u00f6n\/Naturlig"}]},{"@type":"WebSite","@id":"https:\/\/truusk.store\/sv\/#website","url":"https:\/\/truusk.store\/sv\/","name":"TRUUSK - Hem, Tr\u00e4dg\u00e5rd & Fritid","description":"","publisher":{"@id":"https:\/\/truusk.store\/sv\/#organization"},"potentialAction":[{"@type":"SearchAction","target":{"@type":"EntryPoint","urlTemplate":"https:\/\/truusk.store\/sv\/?s={search_term_string}"},"query-input":{"@type":"PropertyValueSpecification","valueRequired":true,"valueName":"search_term_string"}}],"inLanguage":"sv-SE"},{"@type":"Organization","@id":"https:\/\/truusk.store\/sv\/#organization","name":"TRUUSK - Hem, Tr\u00e4dg\u00e5rd & Fritid","url":"https:\/\/truusk.store\/sv\/","logo":{"@type":"ImageObject","inLanguage":"sv-SE","@id":"https:\/\/truusk.store\/sv\/#\/schema\/logo\/image\/","url":"https:\/\/i0.wp.com\/truusk.store\/wp-content\/uploads\/2026\/03\/cropped-TRUUSK.png?fit=2032%2C917&ssl=1","contentUrl":"https:\/\/i0.wp.com\/truusk.store\/wp-content\/uploads\/2026\/03\/cropped-TRUUSK.png?fit=2032%2C917&ssl=1","width":2032,"height":917,"caption":"TRUUSK - Hem, Tr\u00e4dg\u00e5rd & Fritid"},"image":{"@id":"https:\/\/truusk.store\/sv\/#\/schema\/logo\/image\/"}}]}},"jetpack_sharing_enabled":true,"_links":{"self":[{"href":"https:\/\/truusk.store\/sv\/wp-json\/wp\/v2\/product\/30518","targetHints":{"allow":["GET"]}}],"collection":[{"href":"https:\/\/truusk.store\/sv\/wp-json\/wp\/v2\/product"}],"about":[{"href":"https:\/\/truusk.store\/sv\/wp-json\/wp\/v2\/types\/product"}],"wp:featuredmedia":[{"embeddable":true,"href":"https:\/\/truusk.store\/sv\/wp-json\/wp\/v2\/media\/30519"}],"wp:attachment":[{"href":"https:\/\/truusk.store\/sv\/wp-json\/wp\/v2\/media?parent=30518"}],"wp:term":[{"taxonomy":"product_brand","embeddable":true,"href":"https:\/\/truusk.store\/sv\/wp-json\/wp\/v2\/product_brand?post=30518"},{"taxonomy":"product_cat","embeddable":true,"href":"https:\/\/truusk.store\/sv\/wp-json\/wp\/v2\/product_cat?post=30518"},{"taxonomy":"product_tag","embeddable":true,"href":"https:\/\/truusk.store\/sv\/wp-json\/wp\/v2\/product_tag?post=30518"}],"curies":[{"name":"wp","href":"https:\/\/api.w.org\/{rel}","templated":true}]}}