{"id":30677,"date":"2024-02-13T20:54:05","date_gmt":"2024-02-13T19:54:05","guid":{"rendered":"https:\/\/truusk.store\/product\/djursoffa-hundmatta-hundsang-hundsoffa-hundsoffa-kattsoffa-med-kudde-bakficka-plyschskum-furu-kramvit-70-x-47-x-30-cm\/"},"modified":"2026-03-12T09:09:16","modified_gmt":"2026-03-12T08:09:16","slug":"truusk-djursoffa-med-kudde-och-bakficka-plyschskum-furu-kramvit-70-x-47-x-30-cm","status":"publish","type":"product","link":"https:\/\/truusk.store\/sv\/produkt\/truusk-djursoffa-med-kudde-och-bakficka-plyschskum-furu-kramvit-70-x-47-x-30-cm\/","title":{"rendered":"TRUUSK Djursoffa med Kudde och Bakficka &#8211; Plyschskum &#8211; Furu &#8211; Kr\u00e4mvit &#8211; 70 x 47 x 30 cm"},"content":{"rendered":"<p>Unna ditt husdjur den b\u00e4sta komforten medan du vilar med denna sofistikerade f\u00f6rh\u00f6jda hundsoffa. Basramen av massivt tr\u00e4 \u00e4r t\u00e5lig och t\u00e5lig. Hunds\u00e4ngen erbjuder gott om plats att koppla av och vila p\u00e5. Plyschytan \u00e4r l\u00e4tt att reng\u00f6ra och slitstark. \u00d6rngott \u00e4r avtagbart och tv\u00e4ttbart.<\/p>\n<h3>Beskrivning:<\/h3>\n<ul>\n<li>En lyxig design, en kombination av plysch, mjuk stoppning och tr\u00e4<\/li>\n<li>Massiv tr\u00e4ram f\u00f6r en robust och h\u00e5llbar k\u00e4rna<\/li>\n<li>Tjock vaddering ger hunden mycket komfort<\/li>\n<li>Brett liggomr\u00e5de f\u00f6r husdjur att str\u00e4cka ut sig, med h\u00f6gt ryggst\u00f6d och armst\u00f6d f\u00f6r att f\u00f6rhindra att husdjur faller ut<\/li>\n<li>L\u00e4mplig f\u00f6r minimala hundar upp till 4,5 kg och en kroppsl\u00e4ngd p\u00e5 mindre \u00e4n 35 cm<\/li>\n<li>Montering kr\u00e4vs<\/li>\n<\/ul>\n<h3>Teknisk data:<\/h3>\n<ul>\n<li>F\u00e4rg: kr\u00e4mvit<\/li>\n<li>Material: plysch, skum, furu<\/li>\n<li>\u00d6vergripande m\u00e5tt: 70W x 47D x 30H cm<\/li>\n<li>Sitsstorlek: 52L x 33D cm<\/li>\n<li>Ryggst\u00f6dsstorlek: 20H (fr\u00e5n golv) x 6D cm<\/li>\n<li>Kuddstorlek: 52W x 33D x 3D cm<\/li>\n<li>H\u00f6jd p\u00e5 ben fr\u00e5n golv: 5 cm<\/li>\n<li>Lastkapacitet: 30 kg<\/li>\n<\/ul>\n<h3>Leveransens omfattning:<\/h3>\n<ul>\n<li>1 x Pet Soffa<\/li>\n<li>1 x Instruktioner<\/li>\n<\/ul>\n","protected":false},"excerpt":{"rendered":"<p>Unna ditt husdjur den b\u00e4sta komforten medan du vilar med denna sofistikerade f\u00f6rh\u00f6jda hundsoffa. Basramen av massivt tr\u00e4 \u00e4r t\u00e5lig&#8230;<\/p>\n","protected":false},"featured_media":30678,"template":"","meta":[],"product_brand":[],"product_cat":[576,574,573],"product_tag":[],"class_list":{"0":"post-30677","1":"product","2":"type-product","3":"status-publish","4":"has-post-thumbnail","6":"product_cat-hundsangar-hundsoffor","7":"product_cat-hundtillbehor","8":"product_cat-husdjursmaterial","10":"first","11":"instock","12":"sale","13":"taxable","14":"shipping-taxable","15":"purchasable","16":"product-type-simple"},"yoast_head":"<!-- This site is optimized with the Yoast SEO plugin v25.4 - https:\/\/yoast.com\/wordpress\/plugins\/seo\/ -->\n<title>TRUUSK Djursoffa med Kudde och Bakficka - Plyschskum - Furu - Kr\u00e4mvit - 70 x 47 x 30 cm - TRUUSK - Hem, Tr\u00e4dg\u00e5rd &amp; Fritid<\/title>\n<meta name=\"robots\" content=\"index, follow, max-snippet:-1, max-image-preview:large, max-video-preview:-1\" \/>\n<link rel=\"canonical\" href=\"https:\/\/truusk.store\/sv\/produkt\/truusk-djursoffa-med-kudde-och-bakficka-plyschskum-furu-kramvit-70-x-47-x-30-cm\/\" \/>\n<meta property=\"og:locale\" content=\"sv_SE\" \/>\n<meta property=\"og:type\" content=\"article\" \/>\n<meta property=\"og:title\" content=\"TRUUSK Djursoffa med Kudde och Bakficka - Plyschskum - Furu - Kr\u00e4mvit - 70 x 47 x 30 cm - TRUUSK - Hem, Tr\u00e4dg\u00e5rd &amp; Fritid\" \/>\n<meta property=\"og:description\" content=\"Unna ditt husdjur den b\u00e4sta komforten medan du vilar med denna sofistikerade f\u00f6rh\u00f6jda hundsoffa. Basramen av massivt tr\u00e4 \u00e4r t\u00e5lig...\" \/>\n<meta property=\"og:url\" content=\"https:\/\/truusk.store\/sv\/produkt\/truusk-djursoffa-med-kudde-och-bakficka-plyschskum-furu-kramvit-70-x-47-x-30-cm\/\" \/>\n<meta property=\"og:site_name\" content=\"TRUUSK - Hem, Tr\u00e4dg\u00e5rd &amp; Fritid\" \/>\n<meta property=\"article:modified_time\" content=\"2026-03-12T08:09:16+00:00\" \/>\n<meta property=\"og:image\" content=\"https:\/\/i0.wp.com\/truusk.se\/wp-content\/uploads\/2024\/02\/djursoffa-hundmatta-hundsang-hundsoffa-hundsoffa-kattsoffa-med-kudde-bakficka-plyschskum-furu-kramvit-70-x-47-x-30-cm.webp?fit=800%2C800&ssl=1\" \/>\n\t<meta property=\"og:image:width\" content=\"800\" \/>\n\t<meta property=\"og:image:height\" content=\"800\" \/>\n\t<meta property=\"og:image:type\" content=\"image\/webp\" \/>\n<meta name=\"twitter:card\" content=\"summary_large_image\" \/>\n<meta name=\"twitter:label1\" content=\"Ber\u00e4knad l\u00e4stid\" \/>\n\t<meta name=\"twitter:data1\" content=\"1 minut\" \/>\n<!-- \/ Yoast SEO plugin. -->","yoast_head_json":{"title":"TRUUSK Djursoffa med Kudde och Bakficka - Plyschskum - Furu - Kr\u00e4mvit - 70 x 47 x 30 cm - TRUUSK - Hem, Tr\u00e4dg\u00e5rd &amp; Fritid","robots":{"index":"index","follow":"follow","max-snippet":"max-snippet:-1","max-image-preview":"max-image-preview:large","max-video-preview":"max-video-preview:-1"},"canonical":"https:\/\/truusk.store\/sv\/produkt\/truusk-djursoffa-med-kudde-och-bakficka-plyschskum-furu-kramvit-70-x-47-x-30-cm\/","og_locale":"sv_SE","og_type":"article","og_title":"TRUUSK Djursoffa med Kudde och Bakficka - Plyschskum - Furu - Kr\u00e4mvit - 70 x 47 x 30 cm - TRUUSK - Hem, Tr\u00e4dg\u00e5rd &amp; Fritid","og_description":"Unna ditt husdjur den b\u00e4sta komforten medan du vilar med denna sofistikerade f\u00f6rh\u00f6jda hundsoffa. Basramen av massivt tr\u00e4 \u00e4r t\u00e5lig...","og_url":"https:\/\/truusk.store\/sv\/produkt\/truusk-djursoffa-med-kudde-och-bakficka-plyschskum-furu-kramvit-70-x-47-x-30-cm\/","og_site_name":"TRUUSK - Hem, Tr\u00e4dg\u00e5rd &amp; Fritid","article_modified_time":"2026-03-12T08:09:16+00:00","og_image":[{"width":800,"height":800,"url":"https:\/\/i0.wp.com\/truusk.se\/wp-content\/uploads\/2024\/02\/djursoffa-hundmatta-hundsang-hundsoffa-hundsoffa-kattsoffa-med-kudde-bakficka-plyschskum-furu-kramvit-70-x-47-x-30-cm.webp?fit=800%2C800&ssl=1","type":"image\/webp"}],"twitter_card":"summary_large_image","twitter_misc":{"Ber\u00e4knad l\u00e4stid":"1 minut"},"schema":{"@context":"https:\/\/schema.org","@graph":[{"@type":"WebPage","@id":"https:\/\/truusk.store\/sv\/produkt\/truusk-djursoffa-med-kudde-och-bakficka-plyschskum-furu-kramvit-70-x-47-x-30-cm\/","url":"https:\/\/truusk.store\/sv\/produkt\/truusk-djursoffa-med-kudde-och-bakficka-plyschskum-furu-kramvit-70-x-47-x-30-cm\/","name":"TRUUSK Djursoffa med Kudde och Bakficka - Plyschskum - Furu - Kr\u00e4mvit - 70 x 47 x 30 cm - TRUUSK - Hem, Tr\u00e4dg\u00e5rd &amp; Fritid","isPartOf":{"@id":"https:\/\/truusk.store\/sv\/#website"},"primaryImageOfPage":{"@id":"https:\/\/truusk.store\/sv\/produkt\/truusk-djursoffa-med-kudde-och-bakficka-plyschskum-furu-kramvit-70-x-47-x-30-cm\/#primaryimage"},"image":{"@id":"https:\/\/truusk.store\/sv\/produkt\/truusk-djursoffa-med-kudde-och-bakficka-plyschskum-furu-kramvit-70-x-47-x-30-cm\/#primaryimage"},"thumbnailUrl":"https:\/\/i0.wp.com\/truusk.store\/wp-content\/uploads\/2024\/02\/djursoffa-hundmatta-hundsang-hundsoffa-hundsoffa-kattsoffa-med-kudde-bakficka-plyschskum-furu-kramvit-70-x-47-x-30-cm.webp?fit=800%2C800&ssl=1","datePublished":"2024-02-13T19:54:05+00:00","dateModified":"2026-03-12T08:09:16+00:00","breadcrumb":{"@id":"https:\/\/truusk.store\/sv\/produkt\/truusk-djursoffa-med-kudde-och-bakficka-plyschskum-furu-kramvit-70-x-47-x-30-cm\/#breadcrumb"},"inLanguage":"sv-SE","potentialAction":[{"@type":"ReadAction","target":["https:\/\/truusk.store\/sv\/produkt\/truusk-djursoffa-med-kudde-och-bakficka-plyschskum-furu-kramvit-70-x-47-x-30-cm\/"]}]},{"@type":"ImageObject","inLanguage":"sv-SE","@id":"https:\/\/truusk.store\/sv\/produkt\/truusk-djursoffa-med-kudde-och-bakficka-plyschskum-furu-kramvit-70-x-47-x-30-cm\/#primaryimage","url":"https:\/\/i0.wp.com\/truusk.store\/wp-content\/uploads\/2024\/02\/djursoffa-hundmatta-hundsang-hundsoffa-hundsoffa-kattsoffa-med-kudde-bakficka-plyschskum-furu-kramvit-70-x-47-x-30-cm.webp?fit=800%2C800&ssl=1","contentUrl":"https:\/\/i0.wp.com\/truusk.store\/wp-content\/uploads\/2024\/02\/djursoffa-hundmatta-hundsang-hundsoffa-hundsoffa-kattsoffa-med-kudde-bakficka-plyschskum-furu-kramvit-70-x-47-x-30-cm.webp?fit=800%2C800&ssl=1","width":800,"height":800,"caption":"Djursoffa Hundmatta Hunds\u00e4ng Hundsoffa Hundsoffa Kattsoffa Med Kudde Bakficka Plyschskum Furu Kr\u00e4mvit 70 X 47 X 30 Cm 1"},{"@type":"BreadcrumbList","@id":"https:\/\/truusk.store\/sv\/produkt\/truusk-djursoffa-med-kudde-och-bakficka-plyschskum-furu-kramvit-70-x-47-x-30-cm\/#breadcrumb","itemListElement":[{"@type":"ListItem","position":1,"name":"Home","item":"https:\/\/truusk.store\/sv\/"},{"@type":"ListItem","position":2,"name":"Shop","item":"https:\/\/truusk.store\/shop\/"},{"@type":"ListItem","position":3,"name":"TRUUSK Djursoffa med Kudde och Bakficka &#8211; Plyschskum &#8211; Furu &#8211; Kr\u00e4mvit &#8211; 70 x 47 x 30 cm"}]},{"@type":"WebSite","@id":"https:\/\/truusk.store\/sv\/#website","url":"https:\/\/truusk.store\/sv\/","name":"TRUUSK - Hem, Tr\u00e4dg\u00e5rd & Fritid","description":"","publisher":{"@id":"https:\/\/truusk.store\/sv\/#organization"},"potentialAction":[{"@type":"SearchAction","target":{"@type":"EntryPoint","urlTemplate":"https:\/\/truusk.store\/sv\/?s={search_term_string}"},"query-input":{"@type":"PropertyValueSpecification","valueRequired":true,"valueName":"search_term_string"}}],"inLanguage":"sv-SE"},{"@type":"Organization","@id":"https:\/\/truusk.store\/sv\/#organization","name":"TRUUSK - Hem, Tr\u00e4dg\u00e5rd & Fritid","url":"https:\/\/truusk.store\/sv\/","logo":{"@type":"ImageObject","inLanguage":"sv-SE","@id":"https:\/\/truusk.store\/sv\/#\/schema\/logo\/image\/","url":"https:\/\/i0.wp.com\/truusk.store\/wp-content\/uploads\/2026\/03\/cropped-TRUUSK.png?fit=2032%2C917&ssl=1","contentUrl":"https:\/\/i0.wp.com\/truusk.store\/wp-content\/uploads\/2026\/03\/cropped-TRUUSK.png?fit=2032%2C917&ssl=1","width":2032,"height":917,"caption":"TRUUSK - Hem, Tr\u00e4dg\u00e5rd & Fritid"},"image":{"@id":"https:\/\/truusk.store\/sv\/#\/schema\/logo\/image\/"}}]}},"jetpack_sharing_enabled":true,"_links":{"self":[{"href":"https:\/\/truusk.store\/sv\/wp-json\/wp\/v2\/product\/30677","targetHints":{"allow":["GET"]}}],"collection":[{"href":"https:\/\/truusk.store\/sv\/wp-json\/wp\/v2\/product"}],"about":[{"href":"https:\/\/truusk.store\/sv\/wp-json\/wp\/v2\/types\/product"}],"wp:featuredmedia":[{"embeddable":true,"href":"https:\/\/truusk.store\/sv\/wp-json\/wp\/v2\/media\/30678"}],"wp:attachment":[{"href":"https:\/\/truusk.store\/sv\/wp-json\/wp\/v2\/media?parent=30677"}],"wp:term":[{"taxonomy":"product_brand","embeddable":true,"href":"https:\/\/truusk.store\/sv\/wp-json\/wp\/v2\/product_brand?post=30677"},{"taxonomy":"product_cat","embeddable":true,"href":"https:\/\/truusk.store\/sv\/wp-json\/wp\/v2\/product_cat?post=30677"},{"taxonomy":"product_tag","embeddable":true,"href":"https:\/\/truusk.store\/sv\/wp-json\/wp\/v2\/product_tag?post=30677"}],"curies":[{"name":"wp","href":"https:\/\/api.w.org\/{rel}","templated":true}]}}