{"id":30739,"date":"2024-02-13T20:56:16","date_gmt":"2024-02-13T19:56:16","guid":{"rendered":"https:\/\/truusk.store\/product\/hundbur-i-tra-hundlada-transportlada-med-dyna-86-cm-x-60-cm-x-70-cm-tramaterial-stal-vit-gra\/"},"modified":"2026-03-12T09:09:17","modified_gmt":"2026-03-12T08:09:17","slug":"truusk-hundbur-i-tra-transportlada-for-hundar-med-dyna-stalram-86x60x70-cm-vit-gra","status":"publish","type":"product","link":"https:\/\/truusk.store\/sv\/produkt\/truusk-hundbur-i-tra-transportlada-for-hundar-med-dyna-stalram-86x60x70-cm-vit-gra\/","title":{"rendered":"TRUUSK Hundbur i Tr\u00e4 &#8211; Transportl\u00e5da f\u00f6r Hundar &#8211; Med Dyna &#8211; St\u00e5lram &#8211; 86x60x70 cm &#8211; Vit + Gr\u00e5"},"content":{"rendered":"<p>Letar du efter ett hem f\u00f6r ditt husdjur? Denna hundbur kommer med en kudde och erbjuder din hund en mysig plats att dra sig tillbaka p\u00e5. Metallst\u00e4ngerna ger god ventilation och ger utsikt inuti. Denna hundbox \u00e4r tillverkad av robust st\u00e5l- och tr\u00e4material och \u00e4r l\u00e4mplig f\u00f6r medelstora hundar.<\/p>\n<h3>Beskrivning:<\/h3>\n<ul>\n<li>Varje st\u00e5ng \u00e4r ordentligt svetsad till ramen f\u00f6r s\u00e4kerhet<\/li>\n<li>Inkluderar avtagbar, tv\u00e4ttbar och l\u00e4ttsk\u00f6tt kudde<\/li>\n<li>En burd\u00f6rr med l\u00e5sning f\u00f6r mer s\u00e4kerhet<\/li>\n<li>Metallgallren ger bra ventilation inuti<\/li>\n<li>Idealisk f\u00f6r medelstora hundar upp till 15 kg, axelh\u00f6jden b\u00f6r inte \u00f6verstiga 50 cm<\/li>\n<li>Montering kr\u00e4vs<\/li>\n<li>Obs: Med st\u00e4ngda d\u00f6rrar \u00e4r denna hundbur endast l\u00e4mplig f\u00f6r korttidsboende eller f\u00f6r att transportera din hund. Hundar ska aldrig h\u00e5llas i en st\u00e4ngd bur under en l\u00e4ngre tid.<\/li>\n<\/ul>\n<h3>Teknisk data:<\/h3>\n<ul>\n<li>F\u00e4rg: Vit+Gr\u00e5<\/li>\n<li>Material: st\u00e5l, sp\u00e5nskiva, polyesterv\u00e4v<\/li>\n<li>Totala m\u00e5tt: 86W x 60D x 70H cm<\/li>\n<li>Inv\u00e4ndig burstorlek: 79W x 54D x 55H cm<\/li>\n<li>Kuddstorlek: 78W x 54D x 3D cm<\/li>\n<li>Ytterd\u00f6rrens storlek: 39,5W x 52H cm<\/li>\n<li>Avst\u00e5nd: 3 cm<\/li>\n<li>H\u00f6jd p\u00e5 fot fr\u00e5n marken: 12 cm<\/li>\n<li>Lastkapacitet: 80 kg<\/li>\n<\/ul>\n<h3>Leveransens omfattning:<\/h3>\n<ul>\n<li>1 x hundbur<\/li>\n<li>1 x Instruktioner<\/li>\n<\/ul>\n","protected":false},"excerpt":{"rendered":"<p>Letar du efter ett hem f\u00f6r ditt husdjur? Denna hundbur kommer med en kudde och erbjuder din hund en mysig&#8230;<\/p>\n","protected":false},"featured_media":30740,"template":"","meta":[],"product_brand":[],"product_cat":[583,574,573],"product_tag":[],"class_list":{"0":"post-30739","1":"product","2":"type-product","3":"status-publish","4":"has-post-thumbnail","6":"product_cat-hundburar","7":"product_cat-hundtillbehor","8":"product_cat-husdjursmaterial","10":"first","11":"instock","12":"sale","13":"taxable","14":"shipping-taxable","15":"purchasable","16":"product-type-simple"},"yoast_head":"<!-- This site is optimized with the Yoast SEO plugin v25.4 - https:\/\/yoast.com\/wordpress\/plugins\/seo\/ -->\n<title>TRUUSK Hundbur i Tr\u00e4 - Transportl\u00e5da f\u00f6r Hundar - Med Dyna - St\u00e5lram - 86x60x70 cm - Vit + Gr\u00e5 - TRUUSK - Hem, Tr\u00e4dg\u00e5rd &amp; Fritid<\/title>\n<meta name=\"robots\" content=\"index, follow, max-snippet:-1, max-image-preview:large, max-video-preview:-1\" \/>\n<link rel=\"canonical\" href=\"https:\/\/truusk.store\/sv\/produkt\/truusk-hundbur-i-tra-transportlada-for-hundar-med-dyna-stalram-86x60x70-cm-vit-gra\/\" \/>\n<meta property=\"og:locale\" content=\"sv_SE\" \/>\n<meta property=\"og:type\" content=\"article\" \/>\n<meta property=\"og:title\" content=\"TRUUSK Hundbur i Tr\u00e4 - Transportl\u00e5da f\u00f6r Hundar - Med Dyna - St\u00e5lram - 86x60x70 cm - Vit + Gr\u00e5 - TRUUSK - Hem, Tr\u00e4dg\u00e5rd &amp; Fritid\" \/>\n<meta property=\"og:description\" content=\"Letar du efter ett hem f\u00f6r ditt husdjur? Denna hundbur kommer med en kudde och erbjuder din hund en mysig...\" \/>\n<meta property=\"og:url\" content=\"https:\/\/truusk.store\/sv\/produkt\/truusk-hundbur-i-tra-transportlada-for-hundar-med-dyna-stalram-86x60x70-cm-vit-gra\/\" \/>\n<meta property=\"og:site_name\" content=\"TRUUSK - Hem, Tr\u00e4dg\u00e5rd &amp; Fritid\" \/>\n<meta property=\"article:modified_time\" content=\"2026-03-12T08:09:17+00:00\" \/>\n<meta property=\"og:image\" content=\"https:\/\/i0.wp.com\/truusk.se\/wp-content\/uploads\/2024\/02\/hundbur-i-tra-hundlada-transportlada-med-dyna-86-cm-x-60-cm-x-70-cm-tramaterial-stal-vit-gra.webp?fit=800%2C800&ssl=1\" \/>\n\t<meta property=\"og:image:width\" content=\"800\" \/>\n\t<meta property=\"og:image:height\" content=\"800\" \/>\n\t<meta property=\"og:image:type\" content=\"image\/webp\" \/>\n<meta name=\"twitter:card\" content=\"summary_large_image\" \/>\n<meta name=\"twitter:label1\" content=\"Ber\u00e4knad l\u00e4stid\" \/>\n\t<meta name=\"twitter:data1\" content=\"1 minut\" \/>\n<!-- \/ Yoast SEO plugin. -->","yoast_head_json":{"title":"TRUUSK Hundbur i Tr\u00e4 - Transportl\u00e5da f\u00f6r Hundar - Med Dyna - St\u00e5lram - 86x60x70 cm - Vit + Gr\u00e5 - TRUUSK - Hem, Tr\u00e4dg\u00e5rd &amp; Fritid","robots":{"index":"index","follow":"follow","max-snippet":"max-snippet:-1","max-image-preview":"max-image-preview:large","max-video-preview":"max-video-preview:-1"},"canonical":"https:\/\/truusk.store\/sv\/produkt\/truusk-hundbur-i-tra-transportlada-for-hundar-med-dyna-stalram-86x60x70-cm-vit-gra\/","og_locale":"sv_SE","og_type":"article","og_title":"TRUUSK Hundbur i Tr\u00e4 - Transportl\u00e5da f\u00f6r Hundar - Med Dyna - St\u00e5lram - 86x60x70 cm - Vit + Gr\u00e5 - TRUUSK - Hem, Tr\u00e4dg\u00e5rd &amp; Fritid","og_description":"Letar du efter ett hem f\u00f6r ditt husdjur? Denna hundbur kommer med en kudde och erbjuder din hund en mysig...","og_url":"https:\/\/truusk.store\/sv\/produkt\/truusk-hundbur-i-tra-transportlada-for-hundar-med-dyna-stalram-86x60x70-cm-vit-gra\/","og_site_name":"TRUUSK - Hem, Tr\u00e4dg\u00e5rd &amp; Fritid","article_modified_time":"2026-03-12T08:09:17+00:00","og_image":[{"width":800,"height":800,"url":"https:\/\/i0.wp.com\/truusk.se\/wp-content\/uploads\/2024\/02\/hundbur-i-tra-hundlada-transportlada-med-dyna-86-cm-x-60-cm-x-70-cm-tramaterial-stal-vit-gra.webp?fit=800%2C800&ssl=1","type":"image\/webp"}],"twitter_card":"summary_large_image","twitter_misc":{"Ber\u00e4knad l\u00e4stid":"1 minut"},"schema":{"@context":"https:\/\/schema.org","@graph":[{"@type":"WebPage","@id":"https:\/\/truusk.store\/sv\/produkt\/truusk-hundbur-i-tra-transportlada-for-hundar-med-dyna-stalram-86x60x70-cm-vit-gra\/","url":"https:\/\/truusk.store\/sv\/produkt\/truusk-hundbur-i-tra-transportlada-for-hundar-med-dyna-stalram-86x60x70-cm-vit-gra\/","name":"TRUUSK Hundbur i Tr\u00e4 - Transportl\u00e5da f\u00f6r Hundar - Med Dyna - St\u00e5lram - 86x60x70 cm - Vit + Gr\u00e5 - TRUUSK - Hem, Tr\u00e4dg\u00e5rd &amp; Fritid","isPartOf":{"@id":"https:\/\/truusk.store\/sv\/#website"},"primaryImageOfPage":{"@id":"https:\/\/truusk.store\/sv\/produkt\/truusk-hundbur-i-tra-transportlada-for-hundar-med-dyna-stalram-86x60x70-cm-vit-gra\/#primaryimage"},"image":{"@id":"https:\/\/truusk.store\/sv\/produkt\/truusk-hundbur-i-tra-transportlada-for-hundar-med-dyna-stalram-86x60x70-cm-vit-gra\/#primaryimage"},"thumbnailUrl":"https:\/\/i0.wp.com\/truusk.store\/wp-content\/uploads\/2024\/02\/hundbur-i-tra-hundlada-transportlada-med-dyna-86-cm-x-60-cm-x-70-cm-tramaterial-stal-vit-gra.webp?fit=800%2C800&ssl=1","datePublished":"2024-02-13T19:56:16+00:00","dateModified":"2026-03-12T08:09:17+00:00","breadcrumb":{"@id":"https:\/\/truusk.store\/sv\/produkt\/truusk-hundbur-i-tra-transportlada-for-hundar-med-dyna-stalram-86x60x70-cm-vit-gra\/#breadcrumb"},"inLanguage":"sv-SE","potentialAction":[{"@type":"ReadAction","target":["https:\/\/truusk.store\/sv\/produkt\/truusk-hundbur-i-tra-transportlada-for-hundar-med-dyna-stalram-86x60x70-cm-vit-gra\/"]}]},{"@type":"ImageObject","inLanguage":"sv-SE","@id":"https:\/\/truusk.store\/sv\/produkt\/truusk-hundbur-i-tra-transportlada-for-hundar-med-dyna-stalram-86x60x70-cm-vit-gra\/#primaryimage","url":"https:\/\/i0.wp.com\/truusk.store\/wp-content\/uploads\/2024\/02\/hundbur-i-tra-hundlada-transportlada-med-dyna-86-cm-x-60-cm-x-70-cm-tramaterial-stal-vit-gra.webp?fit=800%2C800&ssl=1","contentUrl":"https:\/\/i0.wp.com\/truusk.store\/wp-content\/uploads\/2024\/02\/hundbur-i-tra-hundlada-transportlada-med-dyna-86-cm-x-60-cm-x-70-cm-tramaterial-stal-vit-gra.webp?fit=800%2C800&ssl=1","width":800,"height":800,"caption":"Hundbur I Tr\u00e4, Hundl\u00e5da, Transportl\u00e5da, Med Dyna, 86 Cm X 60 Cm X 70 Cm Tr\u00e4material St\u00e5l Vit + Gr\u00e5 1"},{"@type":"BreadcrumbList","@id":"https:\/\/truusk.store\/sv\/produkt\/truusk-hundbur-i-tra-transportlada-for-hundar-med-dyna-stalram-86x60x70-cm-vit-gra\/#breadcrumb","itemListElement":[{"@type":"ListItem","position":1,"name":"Home","item":"https:\/\/truusk.store\/sv\/"},{"@type":"ListItem","position":2,"name":"Shop","item":"https:\/\/truusk.store\/shop\/"},{"@type":"ListItem","position":3,"name":"TRUUSK Hundbur i Tr\u00e4 &#8211; Transportl\u00e5da f\u00f6r Hundar &#8211; Med Dyna &#8211; St\u00e5lram &#8211; 86x60x70 cm &#8211; Vit + Gr\u00e5"}]},{"@type":"WebSite","@id":"https:\/\/truusk.store\/sv\/#website","url":"https:\/\/truusk.store\/sv\/","name":"TRUUSK - Hem, Tr\u00e4dg\u00e5rd & Fritid","description":"","publisher":{"@id":"https:\/\/truusk.store\/sv\/#organization"},"potentialAction":[{"@type":"SearchAction","target":{"@type":"EntryPoint","urlTemplate":"https:\/\/truusk.store\/sv\/?s={search_term_string}"},"query-input":{"@type":"PropertyValueSpecification","valueRequired":true,"valueName":"search_term_string"}}],"inLanguage":"sv-SE"},{"@type":"Organization","@id":"https:\/\/truusk.store\/sv\/#organization","name":"TRUUSK - Hem, Tr\u00e4dg\u00e5rd & Fritid","url":"https:\/\/truusk.store\/sv\/","logo":{"@type":"ImageObject","inLanguage":"sv-SE","@id":"https:\/\/truusk.store\/sv\/#\/schema\/logo\/image\/","url":"https:\/\/i0.wp.com\/truusk.store\/wp-content\/uploads\/2026\/03\/cropped-TRUUSK.png?fit=2032%2C917&ssl=1","contentUrl":"https:\/\/i0.wp.com\/truusk.store\/wp-content\/uploads\/2026\/03\/cropped-TRUUSK.png?fit=2032%2C917&ssl=1","width":2032,"height":917,"caption":"TRUUSK - Hem, Tr\u00e4dg\u00e5rd & Fritid"},"image":{"@id":"https:\/\/truusk.store\/sv\/#\/schema\/logo\/image\/"}}]}},"jetpack_sharing_enabled":true,"_links":{"self":[{"href":"https:\/\/truusk.store\/sv\/wp-json\/wp\/v2\/product\/30739","targetHints":{"allow":["GET"]}}],"collection":[{"href":"https:\/\/truusk.store\/sv\/wp-json\/wp\/v2\/product"}],"about":[{"href":"https:\/\/truusk.store\/sv\/wp-json\/wp\/v2\/types\/product"}],"wp:featuredmedia":[{"embeddable":true,"href":"https:\/\/truusk.store\/sv\/wp-json\/wp\/v2\/media\/30740"}],"wp:attachment":[{"href":"https:\/\/truusk.store\/sv\/wp-json\/wp\/v2\/media?parent=30739"}],"wp:term":[{"taxonomy":"product_brand","embeddable":true,"href":"https:\/\/truusk.store\/sv\/wp-json\/wp\/v2\/product_brand?post=30739"},{"taxonomy":"product_cat","embeddable":true,"href":"https:\/\/truusk.store\/sv\/wp-json\/wp\/v2\/product_cat?post=30739"},{"taxonomy":"product_tag","embeddable":true,"href":"https:\/\/truusk.store\/sv\/wp-json\/wp\/v2\/product_tag?post=30739"}],"curies":[{"name":"wp","href":"https:\/\/api.w.org\/{rel}","templated":true}]}}