{"id":30749,"date":"2024-02-13T20:56:42","date_gmt":"2024-02-13T19:56:42","guid":{"rendered":"https:\/\/truusk.store\/product\/4-stycken-klattervagg-for-katter-katt-klattervagg-med-skrapstolpe-katttrappa-kattmobler-hangmatta-ljusbrun-sisal-akrylfuru\/"},"modified":"2026-03-12T09:09:17","modified_gmt":"2026-03-12T08:09:17","slug":"truusk-4-i-1-kattklattervagg-skrapstolpe-katttrappa-hangmatta-ljusbrun-sisal-akrylfuru","status":"publish","type":"product","link":"https:\/\/truusk.store\/sv\/produkt\/truusk-4-i-1-kattklattervagg-skrapstolpe-katttrappa-hangmatta-ljusbrun-sisal-akrylfuru\/","title":{"rendered":"TRUUSK 4-i-1 Kattkl\u00e4tterv\u00e4gg &#8211; Skrapstolpe &#8211; Katttrappa &#8211; H\u00e4ngmatta &#8211; Ljusbrun Sisal Akrylfuru"},"content":{"rendered":"<p>V\u00e4ck din katts nyfikenhet och \u00e4ventyrets sp\u00e4nning med denna kl\u00e4tterv\u00e4gg. Med en h\u00e4ngmatta i akryl, en h\u00e4ngmatta i polyester, en skrapstolpe och en hoppplattform. Det \u00e4r den perfekta platsen som kombinerar underh\u00e5llning och avkoppling. Den v\u00e4ggmonterade designen sparar golvyta f\u00f6r andra m\u00f6bler. Ditt husdjur kan slipa sina klor p\u00e5 stolparna, vilket skyddar m\u00f6blerna fr\u00e5n repor. Ta hem detta katttr\u00e4d nu!<\/p>\n<h3>Beskrivning:<\/h3>\n<ul>\n<li>4PC-set inneh\u00e5ller en h\u00e4ngmatta i akryl, en h\u00e4ngmatta i polyester, en skrapstolpe och en hoppplattform<\/li>\n<li>Kan f\u00e4stas p\u00e5 v\u00e4ggen f\u00f6r att spara utrymme<\/li>\n<li>Skrapstolpar skyddar dina m\u00f6bler<\/li>\n<li>Tillverkad av kompositskiva, furu och st\u00e5l f\u00f6r dagligt bruk<\/li>\n<li>L\u00e4mplig f\u00f6r husdjur under 5 kg<\/li>\n<li>Neutrala f\u00e4rger som kombineras v\u00e4l med den befintliga inredningen i ditt hem<\/li>\n<li>Montering kr\u00e4vs<\/li>\n<\/ul>\n<h3>Teknisk data:<\/h3>\n<ul>\n<li>F\u00e4rg: ljusbrun<\/li>\n<li>Material: flerskiktsskiva, sisal, polyester, furu, akryl, st\u00e5l<\/li>\n<li>Akryl H\u00e4ngmatta Storlek: 38L x 34W x 15H cm (Totalt), 30 cm (Akryl)<\/li>\n<li>H\u00e4ngmatta i polyester: 40L x 26W x 3H cm<\/li>\n<li>Kattskrapstolpestorlek: 20L x 21,5W x 46H cm (totalt), 6,9 cm (pelare)<\/li>\n<li>Storlek p\u00e5 hopptornet: 100L x 25,5W x 17,5H cm (spridningsstorlek)<\/li>\n<li>L\u00e4mplig f\u00f6r katter under: 5 kg<\/li>\n<li>Lastkapacitet: 10 kg (varje stycke)<\/li>\n<\/ul>\n<h3>Leveransens omfattning:<\/h3>\n<ul>\n<li>1 x Katt kl\u00e4tterv\u00e4gg<\/li>\n<li>1 x Instruktioner<\/li>\n<\/ul>\n","protected":false},"excerpt":{"rendered":"<p>V\u00e4ck din katts nyfikenhet och \u00e4ventyrets sp\u00e4nning med denna kl\u00e4tterv\u00e4gg. Med en h\u00e4ngmatta i akryl, en h\u00e4ngmatta i polyester, en&#8230;<\/p>\n","protected":false},"featured_media":30750,"template":"","meta":[],"product_brand":[],"product_cat":[573,588,589],"product_tag":[],"class_list":{"0":"post-30749","1":"product","2":"type-product","3":"status-publish","4":"has-post-thumbnail","6":"product_cat-husdjursmaterial","7":"product_cat-katttillbehor","8":"product_cat-skrapande-inlagg","10":"first","11":"instock","12":"sale","13":"taxable","14":"shipping-taxable","15":"purchasable","16":"product-type-simple"},"yoast_head":"<!-- This site is optimized with the Yoast SEO plugin v25.4 - https:\/\/yoast.com\/wordpress\/plugins\/seo\/ -->\n<title>TRUUSK 4-i-1 Kattkl\u00e4tterv\u00e4gg - Skrapstolpe - Katttrappa - H\u00e4ngmatta - Ljusbrun Sisal Akrylfuru - TRUUSK - Hem, Tr\u00e4dg\u00e5rd &amp; Fritid<\/title>\n<meta name=\"robots\" content=\"index, follow, max-snippet:-1, max-image-preview:large, max-video-preview:-1\" \/>\n<link rel=\"canonical\" href=\"https:\/\/truusk.store\/sv\/produkt\/truusk-4-i-1-kattklattervagg-skrapstolpe-katttrappa-hangmatta-ljusbrun-sisal-akrylfuru\/\" \/>\n<meta property=\"og:locale\" content=\"sv_SE\" \/>\n<meta property=\"og:type\" content=\"article\" \/>\n<meta property=\"og:title\" content=\"TRUUSK 4-i-1 Kattkl\u00e4tterv\u00e4gg - Skrapstolpe - Katttrappa - H\u00e4ngmatta - Ljusbrun Sisal Akrylfuru - TRUUSK - Hem, Tr\u00e4dg\u00e5rd &amp; Fritid\" \/>\n<meta property=\"og:description\" content=\"V\u00e4ck din katts nyfikenhet och \u00e4ventyrets sp\u00e4nning med denna kl\u00e4tterv\u00e4gg. Med en h\u00e4ngmatta i akryl, en h\u00e4ngmatta i polyester, en...\" \/>\n<meta property=\"og:url\" content=\"https:\/\/truusk.store\/sv\/produkt\/truusk-4-i-1-kattklattervagg-skrapstolpe-katttrappa-hangmatta-ljusbrun-sisal-akrylfuru\/\" \/>\n<meta property=\"og:site_name\" content=\"TRUUSK - Hem, Tr\u00e4dg\u00e5rd &amp; Fritid\" \/>\n<meta property=\"article:modified_time\" content=\"2026-03-12T08:09:17+00:00\" \/>\n<meta property=\"og:image\" content=\"https:\/\/i0.wp.com\/truusk.se\/wp-content\/uploads\/2024\/02\/4-stycken-klattervagg-for-katter-katt-klattervagg-med-skrapstolpe-katttrappa-kattmobler-hangmatta-ljusbrun-sisal-akrylfuru.webp?fit=800%2C800&ssl=1\" \/>\n\t<meta property=\"og:image:width\" content=\"800\" \/>\n\t<meta property=\"og:image:height\" content=\"800\" \/>\n\t<meta property=\"og:image:type\" content=\"image\/webp\" \/>\n<meta name=\"twitter:card\" content=\"summary_large_image\" \/>\n<meta name=\"twitter:label1\" content=\"Ber\u00e4knad l\u00e4stid\" \/>\n\t<meta name=\"twitter:data1\" content=\"1 minut\" \/>\n<!-- \/ Yoast SEO plugin. -->","yoast_head_json":{"title":"TRUUSK 4-i-1 Kattkl\u00e4tterv\u00e4gg - Skrapstolpe - Katttrappa - H\u00e4ngmatta - Ljusbrun Sisal Akrylfuru - TRUUSK - Hem, Tr\u00e4dg\u00e5rd &amp; Fritid","robots":{"index":"index","follow":"follow","max-snippet":"max-snippet:-1","max-image-preview":"max-image-preview:large","max-video-preview":"max-video-preview:-1"},"canonical":"https:\/\/truusk.store\/sv\/produkt\/truusk-4-i-1-kattklattervagg-skrapstolpe-katttrappa-hangmatta-ljusbrun-sisal-akrylfuru\/","og_locale":"sv_SE","og_type":"article","og_title":"TRUUSK 4-i-1 Kattkl\u00e4tterv\u00e4gg - Skrapstolpe - Katttrappa - H\u00e4ngmatta - Ljusbrun Sisal Akrylfuru - TRUUSK - Hem, Tr\u00e4dg\u00e5rd &amp; Fritid","og_description":"V\u00e4ck din katts nyfikenhet och \u00e4ventyrets sp\u00e4nning med denna kl\u00e4tterv\u00e4gg. Med en h\u00e4ngmatta i akryl, en h\u00e4ngmatta i polyester, en...","og_url":"https:\/\/truusk.store\/sv\/produkt\/truusk-4-i-1-kattklattervagg-skrapstolpe-katttrappa-hangmatta-ljusbrun-sisal-akrylfuru\/","og_site_name":"TRUUSK - Hem, Tr\u00e4dg\u00e5rd &amp; Fritid","article_modified_time":"2026-03-12T08:09:17+00:00","og_image":[{"width":800,"height":800,"url":"https:\/\/i0.wp.com\/truusk.se\/wp-content\/uploads\/2024\/02\/4-stycken-klattervagg-for-katter-katt-klattervagg-med-skrapstolpe-katttrappa-kattmobler-hangmatta-ljusbrun-sisal-akrylfuru.webp?fit=800%2C800&ssl=1","type":"image\/webp"}],"twitter_card":"summary_large_image","twitter_misc":{"Ber\u00e4knad l\u00e4stid":"1 minut"},"schema":{"@context":"https:\/\/schema.org","@graph":[{"@type":"WebPage","@id":"https:\/\/truusk.store\/sv\/produkt\/truusk-4-i-1-kattklattervagg-skrapstolpe-katttrappa-hangmatta-ljusbrun-sisal-akrylfuru\/","url":"https:\/\/truusk.store\/sv\/produkt\/truusk-4-i-1-kattklattervagg-skrapstolpe-katttrappa-hangmatta-ljusbrun-sisal-akrylfuru\/","name":"TRUUSK 4-i-1 Kattkl\u00e4tterv\u00e4gg - Skrapstolpe - Katttrappa - H\u00e4ngmatta - Ljusbrun Sisal Akrylfuru - TRUUSK - Hem, Tr\u00e4dg\u00e5rd &amp; Fritid","isPartOf":{"@id":"https:\/\/truusk.store\/sv\/#website"},"primaryImageOfPage":{"@id":"https:\/\/truusk.store\/sv\/produkt\/truusk-4-i-1-kattklattervagg-skrapstolpe-katttrappa-hangmatta-ljusbrun-sisal-akrylfuru\/#primaryimage"},"image":{"@id":"https:\/\/truusk.store\/sv\/produkt\/truusk-4-i-1-kattklattervagg-skrapstolpe-katttrappa-hangmatta-ljusbrun-sisal-akrylfuru\/#primaryimage"},"thumbnailUrl":"https:\/\/i0.wp.com\/truusk.store\/wp-content\/uploads\/2024\/02\/4-stycken-klattervagg-for-katter-katt-klattervagg-med-skrapstolpe-katttrappa-kattmobler-hangmatta-ljusbrun-sisal-akrylfuru.webp?fit=800%2C800&ssl=1","datePublished":"2024-02-13T19:56:42+00:00","dateModified":"2026-03-12T08:09:17+00:00","breadcrumb":{"@id":"https:\/\/truusk.store\/sv\/produkt\/truusk-4-i-1-kattklattervagg-skrapstolpe-katttrappa-hangmatta-ljusbrun-sisal-akrylfuru\/#breadcrumb"},"inLanguage":"sv-SE","potentialAction":[{"@type":"ReadAction","target":["https:\/\/truusk.store\/sv\/produkt\/truusk-4-i-1-kattklattervagg-skrapstolpe-katttrappa-hangmatta-ljusbrun-sisal-akrylfuru\/"]}]},{"@type":"ImageObject","inLanguage":"sv-SE","@id":"https:\/\/truusk.store\/sv\/produkt\/truusk-4-i-1-kattklattervagg-skrapstolpe-katttrappa-hangmatta-ljusbrun-sisal-akrylfuru\/#primaryimage","url":"https:\/\/i0.wp.com\/truusk.store\/wp-content\/uploads\/2024\/02\/4-stycken-klattervagg-for-katter-katt-klattervagg-med-skrapstolpe-katttrappa-kattmobler-hangmatta-ljusbrun-sisal-akrylfuru.webp?fit=800%2C800&ssl=1","contentUrl":"https:\/\/i0.wp.com\/truusk.store\/wp-content\/uploads\/2024\/02\/4-stycken-klattervagg-for-katter-katt-klattervagg-med-skrapstolpe-katttrappa-kattmobler-hangmatta-ljusbrun-sisal-akrylfuru.webp?fit=800%2C800&ssl=1","width":800,"height":800,"caption":"4 Stycken Kl\u00e4tterv\u00e4gg F\u00f6r Katter Katt Kl\u00e4tterv\u00e4gg Med Skrapstolpe Katttrappa Kattm\u00f6bler H\u00e4ngmatta Ljusbrun Sisal Akrylfuru 1"},{"@type":"BreadcrumbList","@id":"https:\/\/truusk.store\/sv\/produkt\/truusk-4-i-1-kattklattervagg-skrapstolpe-katttrappa-hangmatta-ljusbrun-sisal-akrylfuru\/#breadcrumb","itemListElement":[{"@type":"ListItem","position":1,"name":"Home","item":"https:\/\/truusk.store\/sv\/"},{"@type":"ListItem","position":2,"name":"Shop","item":"https:\/\/truusk.store\/shop\/"},{"@type":"ListItem","position":3,"name":"TRUUSK 4-i-1 Kattkl\u00e4tterv\u00e4gg &#8211; Skrapstolpe &#8211; Katttrappa &#8211; H\u00e4ngmatta &#8211; Ljusbrun Sisal Akrylfuru"}]},{"@type":"WebSite","@id":"https:\/\/truusk.store\/sv\/#website","url":"https:\/\/truusk.store\/sv\/","name":"TRUUSK - Hem, Tr\u00e4dg\u00e5rd & Fritid","description":"","publisher":{"@id":"https:\/\/truusk.store\/sv\/#organization"},"potentialAction":[{"@type":"SearchAction","target":{"@type":"EntryPoint","urlTemplate":"https:\/\/truusk.store\/sv\/?s={search_term_string}"},"query-input":{"@type":"PropertyValueSpecification","valueRequired":true,"valueName":"search_term_string"}}],"inLanguage":"sv-SE"},{"@type":"Organization","@id":"https:\/\/truusk.store\/sv\/#organization","name":"TRUUSK - Hem, Tr\u00e4dg\u00e5rd & Fritid","url":"https:\/\/truusk.store\/sv\/","logo":{"@type":"ImageObject","inLanguage":"sv-SE","@id":"https:\/\/truusk.store\/sv\/#\/schema\/logo\/image\/","url":"https:\/\/i0.wp.com\/truusk.store\/wp-content\/uploads\/2026\/03\/cropped-TRUUSK.png?fit=2032%2C917&ssl=1","contentUrl":"https:\/\/i0.wp.com\/truusk.store\/wp-content\/uploads\/2026\/03\/cropped-TRUUSK.png?fit=2032%2C917&ssl=1","width":2032,"height":917,"caption":"TRUUSK - Hem, Tr\u00e4dg\u00e5rd & Fritid"},"image":{"@id":"https:\/\/truusk.store\/sv\/#\/schema\/logo\/image\/"}}]}},"jetpack_sharing_enabled":true,"_links":{"self":[{"href":"https:\/\/truusk.store\/sv\/wp-json\/wp\/v2\/product\/30749","targetHints":{"allow":["GET"]}}],"collection":[{"href":"https:\/\/truusk.store\/sv\/wp-json\/wp\/v2\/product"}],"about":[{"href":"https:\/\/truusk.store\/sv\/wp-json\/wp\/v2\/types\/product"}],"wp:featuredmedia":[{"embeddable":true,"href":"https:\/\/truusk.store\/sv\/wp-json\/wp\/v2\/media\/30750"}],"wp:attachment":[{"href":"https:\/\/truusk.store\/sv\/wp-json\/wp\/v2\/media?parent=30749"}],"wp:term":[{"taxonomy":"product_brand","embeddable":true,"href":"https:\/\/truusk.store\/sv\/wp-json\/wp\/v2\/product_brand?post=30749"},{"taxonomy":"product_cat","embeddable":true,"href":"https:\/\/truusk.store\/sv\/wp-json\/wp\/v2\/product_cat?post=30749"},{"taxonomy":"product_tag","embeddable":true,"href":"https:\/\/truusk.store\/sv\/wp-json\/wp\/v2\/product_tag?post=30749"}],"curies":[{"name":"wp","href":"https:\/\/api.w.org\/{rel}","templated":true}]}}