{"id":30808,"date":"2024-02-13T20:58:41","date_gmt":"2024-02-13T19:58:41","guid":{"rendered":"https:\/\/truusk.store\/product\/gertehaus-tradgardsbod-med-dorr-utomhusstal-morkgra-142-x-84-x-189-cm\/"},"modified":"2026-03-12T09:09:18","modified_gmt":"2026-03-12T08:09:18","slug":"truusk-utehus-med-dorr-stalkonstruktion-morkgra-142-x-84-x-189-cm","status":"publish","type":"product","link":"https:\/\/truusk.store\/sv\/produkt\/truusk-utehus-med-dorr-stalkonstruktion-morkgra-142-x-84-x-189-cm\/","title":{"rendered":"TRUUSK Utehus Med D\u00f6rr &#8211; St\u00e5lkonstruktion &#8211; M\u00f6rkgr\u00e5 &#8211; 142 x 84 x 189 cm"},"content":{"rendered":"<p>Denna lilla tr\u00e4dg\u00e5rdsbod \u00e4r ett m\u00e5ste f\u00f6r ditt hem! Den \u00e4r stabil och v\u00e4derbest\u00e4ndig, s\u00e5 den skyddar dina tr\u00e4dg\u00e5rdsredskap fr\u00e5n alla v\u00e4der. Tack vare ett sluttande tak samlas inte vatten, s\u00e5 insidan f\u00f6rblir alltid torr. Med 186 cm x 130 cm innerm\u00e5tt har du gott om plats f\u00f6r m\u00e5nga enheter. En stor, l\u00e5sbar d\u00f6rr ger extra s\u00e4kerhet mot djur och regn. Observera: En markfundament ing\u00e5r INTE.<\/p>\n<h3>Beskrivning:<\/h3>\n<ul>\n<li>Den korrugerade st\u00e5lramen \u00e4r tuff och stark, med ett v\u00e4derbest\u00e4ndigt toppskikt f\u00f6r utomhusbruk<\/li>\n<li>Rymligt internt f\u00f6rvaringsutrymme, fritt fr\u00e5n hyllor och golv<\/li>\n<li>Lutande tak f\u00f6r att f\u00f6rhindra att vatten samlas<\/li>\n<li>H\u00f6g d\u00f6rr f\u00f6r enkel \u00e5tkomst, med en l\u00e5skolv f\u00f6r s\u00e4kerhet<\/li>\n<li>F\u00f6rborrade paneler f\u00f6r enkel montering<\/li>\n<li>Observera att en markfundament INTE ing\u00e5r<\/li>\n<\/ul>\n<h3>Teknisk data:<\/h3>\n<ul>\n<li>F\u00e4rg: M\u00f6rkgr\u00e5<\/li>\n<li>Material: st\u00e5l, PP-plast<\/li>\n<li>Totala m\u00e5tt: 142L x 84W x 189H cm<\/li>\n<li>Innerm\u00e5tt: 128L x 69W x 186H cm<\/li>\n<li>Tr storlek: 63W x 171H cm<\/li>\n<\/ul>\n<h3>Leveransens omfattning:<\/h3>\n<ul>\n<li>1 x tr\u00e4dg\u00e5rdshus<\/li>\n<li>VIKTIGT: Vi levererar varan till trottoarkanten utan kostnad. Se till att du anger r\u00e4tt adress och telefonnummer.<\/li>\n<\/ul>\n","protected":false},"excerpt":{"rendered":"<p>Denna lilla tr\u00e4dg\u00e5rdsbod \u00e4r ett m\u00e5ste f\u00f6r ditt hem! Den \u00e4r stabil och v\u00e4derbest\u00e4ndig, s\u00e5 den skyddar dina tr\u00e4dg\u00e5rdsredskap fr\u00e5n&#8230;<\/p>\n","protected":false},"featured_media":30809,"template":"","meta":[],"product_brand":[],"product_cat":[436,438,435],"product_tag":[],"class_list":{"0":"post-30808","1":"product","2":"type-product","3":"status-publish","4":"has-post-thumbnail","6":"product_cat-bestall-i-tradgarden","7":"product_cat-redskapsbod","8":"product_cat-tradgard-och-terrass","10":"first","11":"instock","12":"sale","13":"taxable","14":"shipping-taxable","15":"purchasable","16":"product-type-simple"},"yoast_head":"<!-- This site is optimized with the Yoast SEO plugin v25.4 - https:\/\/yoast.com\/wordpress\/plugins\/seo\/ -->\n<title>TRUUSK Utehus Med D\u00f6rr - St\u00e5lkonstruktion - M\u00f6rkgr\u00e5 - 142 x 84 x 189 cm - TRUUSK - Hem, Tr\u00e4dg\u00e5rd &amp; Fritid<\/title>\n<meta name=\"robots\" content=\"index, follow, max-snippet:-1, max-image-preview:large, max-video-preview:-1\" \/>\n<link rel=\"canonical\" href=\"https:\/\/truusk.store\/sv\/produkt\/truusk-utehus-med-dorr-stalkonstruktion-morkgra-142-x-84-x-189-cm\/\" \/>\n<meta property=\"og:locale\" content=\"sv_SE\" \/>\n<meta property=\"og:type\" content=\"article\" \/>\n<meta property=\"og:title\" content=\"TRUUSK Utehus Med D\u00f6rr - St\u00e5lkonstruktion - M\u00f6rkgr\u00e5 - 142 x 84 x 189 cm - TRUUSK - Hem, Tr\u00e4dg\u00e5rd &amp; Fritid\" \/>\n<meta property=\"og:description\" content=\"Denna lilla tr\u00e4dg\u00e5rdsbod \u00e4r ett m\u00e5ste f\u00f6r ditt hem! Den \u00e4r stabil och v\u00e4derbest\u00e4ndig, s\u00e5 den skyddar dina tr\u00e4dg\u00e5rdsredskap fr\u00e5n...\" \/>\n<meta property=\"og:url\" content=\"https:\/\/truusk.store\/sv\/produkt\/truusk-utehus-med-dorr-stalkonstruktion-morkgra-142-x-84-x-189-cm\/\" \/>\n<meta property=\"og:site_name\" content=\"TRUUSK - Hem, Tr\u00e4dg\u00e5rd &amp; Fritid\" \/>\n<meta property=\"article:modified_time\" content=\"2026-03-12T08:09:18+00:00\" \/>\n<meta property=\"og:image\" content=\"https:\/\/i0.wp.com\/truusk.se\/wp-content\/uploads\/2024\/02\/gertehaus-tradgardsbod-med-dorr-utomhusstal-morkgra-142-x-84-x-189-cm.webp?fit=800%2C800&ssl=1\" \/>\n\t<meta property=\"og:image:width\" content=\"800\" \/>\n\t<meta property=\"og:image:height\" content=\"800\" \/>\n\t<meta property=\"og:image:type\" content=\"image\/webp\" \/>\n<meta name=\"twitter:card\" content=\"summary_large_image\" \/>\n<meta name=\"twitter:label1\" content=\"Ber\u00e4knad l\u00e4stid\" \/>\n\t<meta name=\"twitter:data1\" content=\"1 minut\" \/>\n<!-- \/ Yoast SEO plugin. -->","yoast_head_json":{"title":"TRUUSK Utehus Med D\u00f6rr - St\u00e5lkonstruktion - M\u00f6rkgr\u00e5 - 142 x 84 x 189 cm - TRUUSK - Hem, Tr\u00e4dg\u00e5rd &amp; Fritid","robots":{"index":"index","follow":"follow","max-snippet":"max-snippet:-1","max-image-preview":"max-image-preview:large","max-video-preview":"max-video-preview:-1"},"canonical":"https:\/\/truusk.store\/sv\/produkt\/truusk-utehus-med-dorr-stalkonstruktion-morkgra-142-x-84-x-189-cm\/","og_locale":"sv_SE","og_type":"article","og_title":"TRUUSK Utehus Med D\u00f6rr - St\u00e5lkonstruktion - M\u00f6rkgr\u00e5 - 142 x 84 x 189 cm - TRUUSK - Hem, Tr\u00e4dg\u00e5rd &amp; Fritid","og_description":"Denna lilla tr\u00e4dg\u00e5rdsbod \u00e4r ett m\u00e5ste f\u00f6r ditt hem! Den \u00e4r stabil och v\u00e4derbest\u00e4ndig, s\u00e5 den skyddar dina tr\u00e4dg\u00e5rdsredskap fr\u00e5n...","og_url":"https:\/\/truusk.store\/sv\/produkt\/truusk-utehus-med-dorr-stalkonstruktion-morkgra-142-x-84-x-189-cm\/","og_site_name":"TRUUSK - Hem, Tr\u00e4dg\u00e5rd &amp; Fritid","article_modified_time":"2026-03-12T08:09:18+00:00","og_image":[{"width":800,"height":800,"url":"https:\/\/i0.wp.com\/truusk.se\/wp-content\/uploads\/2024\/02\/gertehaus-tradgardsbod-med-dorr-utomhusstal-morkgra-142-x-84-x-189-cm.webp?fit=800%2C800&ssl=1","type":"image\/webp"}],"twitter_card":"summary_large_image","twitter_misc":{"Ber\u00e4knad l\u00e4stid":"1 minut"},"schema":{"@context":"https:\/\/schema.org","@graph":[{"@type":"WebPage","@id":"https:\/\/truusk.store\/sv\/produkt\/truusk-utehus-med-dorr-stalkonstruktion-morkgra-142-x-84-x-189-cm\/","url":"https:\/\/truusk.store\/sv\/produkt\/truusk-utehus-med-dorr-stalkonstruktion-morkgra-142-x-84-x-189-cm\/","name":"TRUUSK Utehus Med D\u00f6rr - St\u00e5lkonstruktion - M\u00f6rkgr\u00e5 - 142 x 84 x 189 cm - TRUUSK - Hem, Tr\u00e4dg\u00e5rd &amp; Fritid","isPartOf":{"@id":"https:\/\/truusk.store\/sv\/#website"},"primaryImageOfPage":{"@id":"https:\/\/truusk.store\/sv\/produkt\/truusk-utehus-med-dorr-stalkonstruktion-morkgra-142-x-84-x-189-cm\/#primaryimage"},"image":{"@id":"https:\/\/truusk.store\/sv\/produkt\/truusk-utehus-med-dorr-stalkonstruktion-morkgra-142-x-84-x-189-cm\/#primaryimage"},"thumbnailUrl":"https:\/\/i0.wp.com\/truusk.store\/wp-content\/uploads\/2024\/02\/gertehaus-tradgardsbod-med-dorr-utomhusstal-morkgra-142-x-84-x-189-cm.webp?fit=800%2C800&ssl=1","datePublished":"2024-02-13T19:58:41+00:00","dateModified":"2026-03-12T08:09:18+00:00","breadcrumb":{"@id":"https:\/\/truusk.store\/sv\/produkt\/truusk-utehus-med-dorr-stalkonstruktion-morkgra-142-x-84-x-189-cm\/#breadcrumb"},"inLanguage":"sv-SE","potentialAction":[{"@type":"ReadAction","target":["https:\/\/truusk.store\/sv\/produkt\/truusk-utehus-med-dorr-stalkonstruktion-morkgra-142-x-84-x-189-cm\/"]}]},{"@type":"ImageObject","inLanguage":"sv-SE","@id":"https:\/\/truusk.store\/sv\/produkt\/truusk-utehus-med-dorr-stalkonstruktion-morkgra-142-x-84-x-189-cm\/#primaryimage","url":"https:\/\/i0.wp.com\/truusk.store\/wp-content\/uploads\/2024\/02\/gertehaus-tradgardsbod-med-dorr-utomhusstal-morkgra-142-x-84-x-189-cm.webp?fit=800%2C800&ssl=1","contentUrl":"https:\/\/i0.wp.com\/truusk.store\/wp-content\/uploads\/2024\/02\/gertehaus-tradgardsbod-med-dorr-utomhusstal-morkgra-142-x-84-x-189-cm.webp?fit=800%2C800&ssl=1","width":800,"height":800,"caption":"Gertehaus Tr\u00e4dg\u00e5rdsbod Med D\u00f6rr Utomhusst\u00e5l M\u00f6rkgr\u00e5 142 X 84 X 189 Cm 1"},{"@type":"BreadcrumbList","@id":"https:\/\/truusk.store\/sv\/produkt\/truusk-utehus-med-dorr-stalkonstruktion-morkgra-142-x-84-x-189-cm\/#breadcrumb","itemListElement":[{"@type":"ListItem","position":1,"name":"Home","item":"https:\/\/truusk.store\/sv\/"},{"@type":"ListItem","position":2,"name":"Shop","item":"https:\/\/truusk.store\/shop\/"},{"@type":"ListItem","position":3,"name":"TRUUSK Utehus Med D\u00f6rr &#8211; St\u00e5lkonstruktion &#8211; M\u00f6rkgr\u00e5 &#8211; 142 x 84 x 189 cm"}]},{"@type":"WebSite","@id":"https:\/\/truusk.store\/sv\/#website","url":"https:\/\/truusk.store\/sv\/","name":"TRUUSK - Hem, Tr\u00e4dg\u00e5rd & Fritid","description":"","publisher":{"@id":"https:\/\/truusk.store\/sv\/#organization"},"potentialAction":[{"@type":"SearchAction","target":{"@type":"EntryPoint","urlTemplate":"https:\/\/truusk.store\/sv\/?s={search_term_string}"},"query-input":{"@type":"PropertyValueSpecification","valueRequired":true,"valueName":"search_term_string"}}],"inLanguage":"sv-SE"},{"@type":"Organization","@id":"https:\/\/truusk.store\/sv\/#organization","name":"TRUUSK - Hem, Tr\u00e4dg\u00e5rd & Fritid","url":"https:\/\/truusk.store\/sv\/","logo":{"@type":"ImageObject","inLanguage":"sv-SE","@id":"https:\/\/truusk.store\/sv\/#\/schema\/logo\/image\/","url":"https:\/\/i0.wp.com\/truusk.store\/wp-content\/uploads\/2026\/03\/cropped-TRUUSK.png?fit=2032%2C917&ssl=1","contentUrl":"https:\/\/i0.wp.com\/truusk.store\/wp-content\/uploads\/2026\/03\/cropped-TRUUSK.png?fit=2032%2C917&ssl=1","width":2032,"height":917,"caption":"TRUUSK - Hem, Tr\u00e4dg\u00e5rd & Fritid"},"image":{"@id":"https:\/\/truusk.store\/sv\/#\/schema\/logo\/image\/"}}]}},"jetpack_sharing_enabled":true,"_links":{"self":[{"href":"https:\/\/truusk.store\/sv\/wp-json\/wp\/v2\/product\/30808","targetHints":{"allow":["GET"]}}],"collection":[{"href":"https:\/\/truusk.store\/sv\/wp-json\/wp\/v2\/product"}],"about":[{"href":"https:\/\/truusk.store\/sv\/wp-json\/wp\/v2\/types\/product"}],"wp:featuredmedia":[{"embeddable":true,"href":"https:\/\/truusk.store\/sv\/wp-json\/wp\/v2\/media\/30809"}],"wp:attachment":[{"href":"https:\/\/truusk.store\/sv\/wp-json\/wp\/v2\/media?parent=30808"}],"wp:term":[{"taxonomy":"product_brand","embeddable":true,"href":"https:\/\/truusk.store\/sv\/wp-json\/wp\/v2\/product_brand?post=30808"},{"taxonomy":"product_cat","embeddable":true,"href":"https:\/\/truusk.store\/sv\/wp-json\/wp\/v2\/product_cat?post=30808"},{"taxonomy":"product_tag","embeddable":true,"href":"https:\/\/truusk.store\/sv\/wp-json\/wp\/v2\/product_tag?post=30808"}],"curies":[{"name":"wp","href":"https:\/\/api.w.org\/{rel}","templated":true}]}}