{"id":30877,"date":"2024-02-13T21:01:05","date_gmt":"2024-02-13T20:01:05","guid":{"rendered":"https:\/\/truusk.store\/product\/tradgardsbadd-vaxtlada-med-stalhus-gron-120-x-120-x-30-cm\/"},"modified":"2026-03-12T09:09:20","modified_gmt":"2026-03-12T08:09:20","slug":"truusk-tradgardsbadd-med-stalhus-gron-120-x-120-x-30-cm-for-tradgard-och-balkong-hallbar-och-praktisk","status":"publish","type":"product","link":"https:\/\/truusk.store\/sv\/produkt\/truusk-tradgardsbadd-med-stalhus-gron-120-x-120-x-30-cm-for-tradgard-och-balkong-hallbar-och-praktisk\/","title":{"rendered":"TRUUSK Tr\u00e4dg\u00e5rdsb\u00e4dd Med St\u00e5lhus &#8211; Gr\u00f6n &#8211; 120 x 120 x 30 cm &#8211; F\u00f6r Tr\u00e4dg\u00e5rd och Balkong &#8211; H\u00e5llbar och Praktisk"},"content":{"rendered":"<p>Om du bara har lite utrymme p\u00e5 terrassen eller balkongen och inte vill missa dina favoritv\u00e4xter \u00e4r denna planteringsl\u00e5da det perfekta valet! De h\u00f6ga v\u00e4ggarna och det \u00f6ppna golvet till\u00e5ter odling av v\u00e4xter med l\u00e5nga r\u00f6tter och l\u00e5ter \u00f6verfl\u00f6digt vatten rinna fritt ner i jorden. Det robusta st\u00e5lh\u00f6ljet t\u00e5l alla v\u00e4derf\u00f6rh\u00e5llanden och kommer att tj\u00e4na dig och dina sm\u00e5 p\u00e5litligt under l\u00e5ng tid.<\/p>\n<h3>Beskrivning:<\/h3>\n<ul>\n<li>Stabilt st\u00e5lhus med vattent\u00e4t f\u00e4rg f\u00f6r l\u00e5ng livsl\u00e4ngd<\/li>\n<li>Extra h\u00f6ga v\u00e4ggar (30 cm) skyddar dina v\u00e4xter fr\u00e5n ogr\u00e4s och sm\u00e5gnagare<\/li>\n<li>\u00d6ppen jord ger dr\u00e4nering och \u00e4r idealisk f\u00f6r v\u00e4xter med l\u00e5nga r\u00f6tter<\/li>\n<li>Montering kr\u00e4vs<\/li>\n<\/ul>\n<h3>Teknisk data:<\/h3>\n<ul>\n<li>F\u00e4rg: gr\u00f6n<\/li>\n<li>Material: Galvaniserat st\u00e5l<\/li>\n<li>\u00d6vergripande m\u00e5tt: 120L x 120W x 30H cm<\/li>\n<li>M\u00e5tt per v\u00e4ggelement: 113L x 30W cm<\/li>\n<li>M\u00e5tt per anslutningsstycke: 30,5L x 9W cm<\/li>\n<\/ul>\n<h3>Leveransens omfattning:<\/h3>\n<ul>\n<li>1 x tr\u00e4dg\u00e5rdss\u00e4ng;<\/li>\n<\/ul>\n","protected":false},"excerpt":{"rendered":"<p>Om du bara har lite utrymme p\u00e5 terrassen eller balkongen och inte vill missa dina favoritv\u00e4xter \u00e4r denna planteringsl\u00e5da det&#8230;<\/p>\n","protected":false},"featured_media":30878,"template":"","meta":[],"product_brand":[],"product_cat":[447,435,443],"product_tag":[],"class_list":{"0":"post-30877","1":"product","2":"type-product","3":"status-publish","4":"has-post-thumbnail","6":"product_cat-planteringsmaskiner","7":"product_cat-tradgard-och-terrass","8":"product_cat-vaxthus-tradgardsskotsel","10":"first","11":"instock","12":"sale","13":"taxable","14":"shipping-taxable","15":"purchasable","16":"product-type-simple"},"yoast_head":"<!-- This site is optimized with the Yoast SEO plugin v25.4 - https:\/\/yoast.com\/wordpress\/plugins\/seo\/ -->\n<title>TRUUSK Tr\u00e4dg\u00e5rdsb\u00e4dd Med St\u00e5lhus - Gr\u00f6n - 120 x 120 x 30 cm - F\u00f6r Tr\u00e4dg\u00e5rd och Balkong - H\u00e5llbar och Praktisk - TRUUSK - Hem, Tr\u00e4dg\u00e5rd &amp; Fritid<\/title>\n<meta name=\"robots\" content=\"index, follow, max-snippet:-1, max-image-preview:large, max-video-preview:-1\" \/>\n<link rel=\"canonical\" href=\"https:\/\/truusk.store\/sv\/produkt\/truusk-tradgardsbadd-med-stalhus-gron-120-x-120-x-30-cm-for-tradgard-och-balkong-hallbar-och-praktisk\/\" \/>\n<meta property=\"og:locale\" content=\"sv_SE\" \/>\n<meta property=\"og:type\" content=\"article\" \/>\n<meta property=\"og:title\" content=\"TRUUSK Tr\u00e4dg\u00e5rdsb\u00e4dd Med St\u00e5lhus - Gr\u00f6n - 120 x 120 x 30 cm - F\u00f6r Tr\u00e4dg\u00e5rd och Balkong - H\u00e5llbar och Praktisk - TRUUSK - Hem, Tr\u00e4dg\u00e5rd &amp; Fritid\" \/>\n<meta property=\"og:description\" content=\"Om du bara har lite utrymme p\u00e5 terrassen eller balkongen och inte vill missa dina favoritv\u00e4xter \u00e4r denna planteringsl\u00e5da det...\" \/>\n<meta property=\"og:url\" content=\"https:\/\/truusk.store\/sv\/produkt\/truusk-tradgardsbadd-med-stalhus-gron-120-x-120-x-30-cm-for-tradgard-och-balkong-hallbar-och-praktisk\/\" \/>\n<meta property=\"og:site_name\" content=\"TRUUSK - Hem, Tr\u00e4dg\u00e5rd &amp; Fritid\" \/>\n<meta property=\"article:modified_time\" content=\"2026-03-12T08:09:20+00:00\" \/>\n<meta property=\"og:image\" content=\"https:\/\/i0.wp.com\/truusk.se\/wp-content\/uploads\/2024\/02\/tradgardsbadd-vaxtlada-med-stalhus-gron-120-x-120-x-30-cm.webp?fit=800%2C800&ssl=1\" \/>\n\t<meta property=\"og:image:width\" content=\"800\" \/>\n\t<meta property=\"og:image:height\" content=\"800\" \/>\n\t<meta property=\"og:image:type\" content=\"image\/webp\" \/>\n<meta name=\"twitter:card\" content=\"summary_large_image\" \/>\n<meta name=\"twitter:label1\" content=\"Ber\u00e4knad l\u00e4stid\" \/>\n\t<meta name=\"twitter:data1\" content=\"1 minut\" \/>\n<!-- \/ Yoast SEO plugin. -->","yoast_head_json":{"title":"TRUUSK Tr\u00e4dg\u00e5rdsb\u00e4dd Med St\u00e5lhus - Gr\u00f6n - 120 x 120 x 30 cm - F\u00f6r Tr\u00e4dg\u00e5rd och Balkong - H\u00e5llbar och Praktisk - TRUUSK - Hem, Tr\u00e4dg\u00e5rd &amp; Fritid","robots":{"index":"index","follow":"follow","max-snippet":"max-snippet:-1","max-image-preview":"max-image-preview:large","max-video-preview":"max-video-preview:-1"},"canonical":"https:\/\/truusk.store\/sv\/produkt\/truusk-tradgardsbadd-med-stalhus-gron-120-x-120-x-30-cm-for-tradgard-och-balkong-hallbar-och-praktisk\/","og_locale":"sv_SE","og_type":"article","og_title":"TRUUSK Tr\u00e4dg\u00e5rdsb\u00e4dd Med St\u00e5lhus - Gr\u00f6n - 120 x 120 x 30 cm - F\u00f6r Tr\u00e4dg\u00e5rd och Balkong - H\u00e5llbar och Praktisk - TRUUSK - Hem, Tr\u00e4dg\u00e5rd &amp; Fritid","og_description":"Om du bara har lite utrymme p\u00e5 terrassen eller balkongen och inte vill missa dina favoritv\u00e4xter \u00e4r denna planteringsl\u00e5da det...","og_url":"https:\/\/truusk.store\/sv\/produkt\/truusk-tradgardsbadd-med-stalhus-gron-120-x-120-x-30-cm-for-tradgard-och-balkong-hallbar-och-praktisk\/","og_site_name":"TRUUSK - Hem, Tr\u00e4dg\u00e5rd &amp; Fritid","article_modified_time":"2026-03-12T08:09:20+00:00","og_image":[{"width":800,"height":800,"url":"https:\/\/i0.wp.com\/truusk.se\/wp-content\/uploads\/2024\/02\/tradgardsbadd-vaxtlada-med-stalhus-gron-120-x-120-x-30-cm.webp?fit=800%2C800&ssl=1","type":"image\/webp"}],"twitter_card":"summary_large_image","twitter_misc":{"Ber\u00e4knad l\u00e4stid":"1 minut"},"schema":{"@context":"https:\/\/schema.org","@graph":[{"@type":"WebPage","@id":"https:\/\/truusk.store\/sv\/produkt\/truusk-tradgardsbadd-med-stalhus-gron-120-x-120-x-30-cm-for-tradgard-och-balkong-hallbar-och-praktisk\/","url":"https:\/\/truusk.store\/sv\/produkt\/truusk-tradgardsbadd-med-stalhus-gron-120-x-120-x-30-cm-for-tradgard-och-balkong-hallbar-och-praktisk\/","name":"TRUUSK Tr\u00e4dg\u00e5rdsb\u00e4dd Med St\u00e5lhus - Gr\u00f6n - 120 x 120 x 30 cm - F\u00f6r Tr\u00e4dg\u00e5rd och Balkong - H\u00e5llbar och Praktisk - TRUUSK - Hem, Tr\u00e4dg\u00e5rd &amp; Fritid","isPartOf":{"@id":"https:\/\/truusk.store\/sv\/#website"},"primaryImageOfPage":{"@id":"https:\/\/truusk.store\/sv\/produkt\/truusk-tradgardsbadd-med-stalhus-gron-120-x-120-x-30-cm-for-tradgard-och-balkong-hallbar-och-praktisk\/#primaryimage"},"image":{"@id":"https:\/\/truusk.store\/sv\/produkt\/truusk-tradgardsbadd-med-stalhus-gron-120-x-120-x-30-cm-for-tradgard-och-balkong-hallbar-och-praktisk\/#primaryimage"},"thumbnailUrl":"https:\/\/i0.wp.com\/truusk.store\/wp-content\/uploads\/2024\/02\/tradgardsbadd-vaxtlada-med-stalhus-gron-120-x-120-x-30-cm.webp?fit=800%2C800&ssl=1","datePublished":"2024-02-13T20:01:05+00:00","dateModified":"2026-03-12T08:09:20+00:00","breadcrumb":{"@id":"https:\/\/truusk.store\/sv\/produkt\/truusk-tradgardsbadd-med-stalhus-gron-120-x-120-x-30-cm-for-tradgard-och-balkong-hallbar-och-praktisk\/#breadcrumb"},"inLanguage":"sv-SE","potentialAction":[{"@type":"ReadAction","target":["https:\/\/truusk.store\/sv\/produkt\/truusk-tradgardsbadd-med-stalhus-gron-120-x-120-x-30-cm-for-tradgard-och-balkong-hallbar-och-praktisk\/"]}]},{"@type":"ImageObject","inLanguage":"sv-SE","@id":"https:\/\/truusk.store\/sv\/produkt\/truusk-tradgardsbadd-med-stalhus-gron-120-x-120-x-30-cm-for-tradgard-och-balkong-hallbar-och-praktisk\/#primaryimage","url":"https:\/\/i0.wp.com\/truusk.store\/wp-content\/uploads\/2024\/02\/tradgardsbadd-vaxtlada-med-stalhus-gron-120-x-120-x-30-cm.webp?fit=800%2C800&ssl=1","contentUrl":"https:\/\/i0.wp.com\/truusk.store\/wp-content\/uploads\/2024\/02\/tradgardsbadd-vaxtlada-med-stalhus-gron-120-x-120-x-30-cm.webp?fit=800%2C800&ssl=1","width":800,"height":800,"caption":"Tr\u00e4dg\u00e5rdsb\u00e4dd, V\u00e4xtl\u00e5da Med St\u00e5lhus, Gr\u00f6n, 120 X 120 X 30 Cm 1"},{"@type":"BreadcrumbList","@id":"https:\/\/truusk.store\/sv\/produkt\/truusk-tradgardsbadd-med-stalhus-gron-120-x-120-x-30-cm-for-tradgard-och-balkong-hallbar-och-praktisk\/#breadcrumb","itemListElement":[{"@type":"ListItem","position":1,"name":"Home","item":"https:\/\/truusk.store\/sv\/"},{"@type":"ListItem","position":2,"name":"Shop","item":"https:\/\/truusk.store\/shop\/"},{"@type":"ListItem","position":3,"name":"TRUUSK Tr\u00e4dg\u00e5rdsb\u00e4dd Med St\u00e5lhus &#8211; Gr\u00f6n &#8211; 120 x 120 x 30 cm &#8211; F\u00f6r Tr\u00e4dg\u00e5rd och Balkong &#8211; H\u00e5llbar och Praktisk"}]},{"@type":"WebSite","@id":"https:\/\/truusk.store\/sv\/#website","url":"https:\/\/truusk.store\/sv\/","name":"TRUUSK - Hem, Tr\u00e4dg\u00e5rd & Fritid","description":"","publisher":{"@id":"https:\/\/truusk.store\/sv\/#organization"},"potentialAction":[{"@type":"SearchAction","target":{"@type":"EntryPoint","urlTemplate":"https:\/\/truusk.store\/sv\/?s={search_term_string}"},"query-input":{"@type":"PropertyValueSpecification","valueRequired":true,"valueName":"search_term_string"}}],"inLanguage":"sv-SE"},{"@type":"Organization","@id":"https:\/\/truusk.store\/sv\/#organization","name":"TRUUSK - Hem, Tr\u00e4dg\u00e5rd & Fritid","url":"https:\/\/truusk.store\/sv\/","logo":{"@type":"ImageObject","inLanguage":"sv-SE","@id":"https:\/\/truusk.store\/sv\/#\/schema\/logo\/image\/","url":"https:\/\/i0.wp.com\/truusk.store\/wp-content\/uploads\/2026\/03\/cropped-TRUUSK.png?fit=2032%2C917&ssl=1","contentUrl":"https:\/\/i0.wp.com\/truusk.store\/wp-content\/uploads\/2026\/03\/cropped-TRUUSK.png?fit=2032%2C917&ssl=1","width":2032,"height":917,"caption":"TRUUSK - Hem, Tr\u00e4dg\u00e5rd & Fritid"},"image":{"@id":"https:\/\/truusk.store\/sv\/#\/schema\/logo\/image\/"}}]}},"jetpack_sharing_enabled":true,"_links":{"self":[{"href":"https:\/\/truusk.store\/sv\/wp-json\/wp\/v2\/product\/30877","targetHints":{"allow":["GET"]}}],"collection":[{"href":"https:\/\/truusk.store\/sv\/wp-json\/wp\/v2\/product"}],"about":[{"href":"https:\/\/truusk.store\/sv\/wp-json\/wp\/v2\/types\/product"}],"wp:featuredmedia":[{"embeddable":true,"href":"https:\/\/truusk.store\/sv\/wp-json\/wp\/v2\/media\/30878"}],"wp:attachment":[{"href":"https:\/\/truusk.store\/sv\/wp-json\/wp\/v2\/media?parent=30877"}],"wp:term":[{"taxonomy":"product_brand","embeddable":true,"href":"https:\/\/truusk.store\/sv\/wp-json\/wp\/v2\/product_brand?post=30877"},{"taxonomy":"product_cat","embeddable":true,"href":"https:\/\/truusk.store\/sv\/wp-json\/wp\/v2\/product_cat?post=30877"},{"taxonomy":"product_tag","embeddable":true,"href":"https:\/\/truusk.store\/sv\/wp-json\/wp\/v2\/product_tag?post=30877"}],"curies":[{"name":"wp","href":"https:\/\/api.w.org\/{rel}","templated":true}]}}