{"id":30905,"date":"2024-02-13T21:02:11","date_gmt":"2024-02-13T20:02:11","guid":{"rendered":"https:\/\/truusk.store\/product\/elektrisk-stastol-med-stahjalp-for-seniorer-relaxstol-tv-fatolj-med-sovfunktion-och-stahjalp-tv-fatolj-liggfunktion-linnetouch-bla-83-x-89-x-102-cm\/"},"modified":"2026-03-12T09:09:21","modified_gmt":"2026-03-12T08:09:21","slug":"truusk-elektrisk-stastol-med-stahjalp-relaxstol-for-seniorer-tv-fatolj-med-sovfunktion-liggfunktion-linnetouch-bla-83","status":"publish","type":"product","link":"https:\/\/truusk.store\/sv\/produkt\/truusk-elektrisk-stastol-med-stahjalp-relaxstol-for-seniorer-tv-fatolj-med-sovfunktion-liggfunktion-linnetouch-bla-83\/","title":{"rendered":"TRUUSK Elektrisk St\u00e5stol Med St\u00e5hj\u00e4lp &#8211; Relaxstol f\u00f6r Seniorer &#8211; TV-f\u00e5t\u00f6lj med Sovfunktion &#8211; Liggfunktion &#8211; Linnetouch &#8211; Bl\u00e5 &#8211; 83"},"content":{"rendered":"<p>G\u00f6r ditt liv enklare med detta elektriska st\u00e5hj\u00e4lp. Om du eller din \u00e4lskade lider av r\u00f6relseproblem \u00e4r denna elektriska stol ett bra val. Med bara en knapptryckning kan du enkelt g\u00e5 fr\u00e5n st\u00e5ende till en helt tillbakalutad position. Den mjuka stoppningen och ovandelen i linnelook s\u00e4kerst\u00e4ller exceptionell komfort och avkoppling.<\/p>\n<h3>Beskrivning:<\/h3>\n<ul>\n<li>H\u00f6gkvalitativ motor s\u00e4kerst\u00e4ller mjuka och tysta r\u00f6relser<\/li>\n<li>2-i-1 f\u00e5t\u00f6lj med 70 takt och liggfunktion, l\u00e4mplig f\u00f6r \u00e4ldre personer och personer med fysiska begr\u00e4nsningar<\/li>\n<li>Lutar upp till 160, perfekt f\u00f6r att l\u00e4sa, titta p\u00e5 TV eller ta en tupplur<\/li>\n<li>Kraftig metallram ger en robust och solid grund<\/li>\n<li>Med kabelfj\u00e4rrkontroll och praktisk f\u00f6rvaringsv\u00e4ska<\/li>\n<li>Montering kr\u00e4vs<\/li>\n<\/ul>\n<h3>Teknisk data:<\/h3>\n<ul>\n<li>F\u00e4rg bl\u00e5<\/li>\n<li>Material: linneliknande polyester, metall, skum<\/li>\n<li>\u00d6vergripande m\u00e5tt (st\u00e5ende): 83W x 89D x 102H cm<\/li>\n<li>Totala m\u00e5tt (liggande): 83W x 163D x 75H cm<\/li>\n<li>M\u00e5tt vid lyft: 83W x 82D x 135H cm<\/li>\n<li>M\u00e5tt p\u00e5 sitsen: 46W x 53D x 46,5H cm<\/li>\n<li>M\u00e5tt p\u00e5 baksidan: 76,5W x 62,5H cm<\/li>\n<li>Insp\u00e4nning: 100-230V 50\/60Hz<\/li>\n<li>Utsp\u00e4nning: 29V 2A<\/li>\n<li>Kabel f\u00f6r fj\u00e4rrkontroll: 2 m<\/li>\n<li>Exponerad n\u00e4tsladd: 1,5 m<\/li>\n<li>Lastkapacitet: 120 kg<\/li>\n<\/ul>\n<h3>Leveransens omfattning:<\/h3>\n<ul>\n<li>1 x Riser stol<\/li>\n<li>1 x Fj\u00e4rrkontroll<\/li>\n<li>1 x Anv\u00e4ndarmanual<\/li>\n<\/ul>\n","protected":false},"excerpt":{"rendered":"<p>G\u00f6r ditt liv enklare med detta elektriska st\u00e5hj\u00e4lp. Om du eller din \u00e4lskade lider av r\u00f6relseproblem \u00e4r denna elektriska stol&#8230;<\/p>\n","protected":false},"featured_media":30906,"template":"","meta":[],"product_brand":[],"product_cat":[521,485,523],"product_tag":[],"class_list":{"0":"post-30905","1":"product","2":"type-product","3":"status-publish","4":"has-post-thumbnail","6":"product_cat-fatolj","7":"product_cat-hus-bo","8":"product_cat-riser-stol","10":"first","11":"instock","12":"sale","13":"taxable","14":"shipping-taxable","15":"purchasable","16":"product-type-simple"},"yoast_head":"<!-- This site is optimized with the Yoast SEO plugin v25.4 - https:\/\/yoast.com\/wordpress\/plugins\/seo\/ -->\n<title>TRUUSK Elektrisk St\u00e5stol Med St\u00e5hj\u00e4lp - Relaxstol f\u00f6r Seniorer - TV-f\u00e5t\u00f6lj med Sovfunktion - Liggfunktion - Linnetouch - Bl\u00e5 - 83 - TRUUSK - Hem, Tr\u00e4dg\u00e5rd &amp; Fritid<\/title>\n<meta name=\"robots\" content=\"index, follow, max-snippet:-1, max-image-preview:large, max-video-preview:-1\" \/>\n<link rel=\"canonical\" href=\"https:\/\/truusk.store\/sv\/produkt\/truusk-elektrisk-stastol-med-stahjalp-relaxstol-for-seniorer-tv-fatolj-med-sovfunktion-liggfunktion-linnetouch-bla-83\/\" \/>\n<meta property=\"og:locale\" content=\"sv_SE\" \/>\n<meta property=\"og:type\" content=\"article\" \/>\n<meta property=\"og:title\" content=\"TRUUSK Elektrisk St\u00e5stol Med St\u00e5hj\u00e4lp - Relaxstol f\u00f6r Seniorer - TV-f\u00e5t\u00f6lj med Sovfunktion - Liggfunktion - Linnetouch - Bl\u00e5 - 83 - TRUUSK - Hem, Tr\u00e4dg\u00e5rd &amp; Fritid\" \/>\n<meta property=\"og:description\" content=\"G\u00f6r ditt liv enklare med detta elektriska st\u00e5hj\u00e4lp. Om du eller din \u00e4lskade lider av r\u00f6relseproblem \u00e4r denna elektriska stol...\" \/>\n<meta property=\"og:url\" content=\"https:\/\/truusk.store\/sv\/produkt\/truusk-elektrisk-stastol-med-stahjalp-relaxstol-for-seniorer-tv-fatolj-med-sovfunktion-liggfunktion-linnetouch-bla-83\/\" \/>\n<meta property=\"og:site_name\" content=\"TRUUSK - Hem, Tr\u00e4dg\u00e5rd &amp; Fritid\" \/>\n<meta property=\"article:modified_time\" content=\"2026-03-12T08:09:21+00:00\" \/>\n<meta property=\"og:image\" content=\"https:\/\/i0.wp.com\/truusk.se\/wp-content\/uploads\/2024\/02\/elektrisk-stastol-med-stahjalp-for-seniorer-relaxstol-tv-fatolj-med-sovfunktion-och-stahjalp-tv-fatolj-liggfunktion-linnetouch-bla-83-x-89-x-102-cm.webp?fit=800%2C800&ssl=1\" \/>\n\t<meta property=\"og:image:width\" content=\"800\" \/>\n\t<meta property=\"og:image:height\" content=\"800\" \/>\n\t<meta property=\"og:image:type\" content=\"image\/webp\" \/>\n<meta name=\"twitter:card\" content=\"summary_large_image\" \/>\n<meta name=\"twitter:label1\" content=\"Ber\u00e4knad l\u00e4stid\" \/>\n\t<meta name=\"twitter:data1\" content=\"1 minut\" \/>\n<!-- \/ Yoast SEO plugin. -->","yoast_head_json":{"title":"TRUUSK Elektrisk St\u00e5stol Med St\u00e5hj\u00e4lp - Relaxstol f\u00f6r Seniorer - TV-f\u00e5t\u00f6lj med Sovfunktion - Liggfunktion - Linnetouch - Bl\u00e5 - 83 - TRUUSK - Hem, Tr\u00e4dg\u00e5rd &amp; Fritid","robots":{"index":"index","follow":"follow","max-snippet":"max-snippet:-1","max-image-preview":"max-image-preview:large","max-video-preview":"max-video-preview:-1"},"canonical":"https:\/\/truusk.store\/sv\/produkt\/truusk-elektrisk-stastol-med-stahjalp-relaxstol-for-seniorer-tv-fatolj-med-sovfunktion-liggfunktion-linnetouch-bla-83\/","og_locale":"sv_SE","og_type":"article","og_title":"TRUUSK Elektrisk St\u00e5stol Med St\u00e5hj\u00e4lp - Relaxstol f\u00f6r Seniorer - TV-f\u00e5t\u00f6lj med Sovfunktion - Liggfunktion - Linnetouch - Bl\u00e5 - 83 - TRUUSK - Hem, Tr\u00e4dg\u00e5rd &amp; Fritid","og_description":"G\u00f6r ditt liv enklare med detta elektriska st\u00e5hj\u00e4lp. Om du eller din \u00e4lskade lider av r\u00f6relseproblem \u00e4r denna elektriska stol...","og_url":"https:\/\/truusk.store\/sv\/produkt\/truusk-elektrisk-stastol-med-stahjalp-relaxstol-for-seniorer-tv-fatolj-med-sovfunktion-liggfunktion-linnetouch-bla-83\/","og_site_name":"TRUUSK - Hem, Tr\u00e4dg\u00e5rd &amp; Fritid","article_modified_time":"2026-03-12T08:09:21+00:00","og_image":[{"width":800,"height":800,"url":"https:\/\/i0.wp.com\/truusk.se\/wp-content\/uploads\/2024\/02\/elektrisk-stastol-med-stahjalp-for-seniorer-relaxstol-tv-fatolj-med-sovfunktion-och-stahjalp-tv-fatolj-liggfunktion-linnetouch-bla-83-x-89-x-102-cm.webp?fit=800%2C800&ssl=1","type":"image\/webp"}],"twitter_card":"summary_large_image","twitter_misc":{"Ber\u00e4knad l\u00e4stid":"1 minut"},"schema":{"@context":"https:\/\/schema.org","@graph":[{"@type":"WebPage","@id":"https:\/\/truusk.store\/sv\/produkt\/truusk-elektrisk-stastol-med-stahjalp-relaxstol-for-seniorer-tv-fatolj-med-sovfunktion-liggfunktion-linnetouch-bla-83\/","url":"https:\/\/truusk.store\/sv\/produkt\/truusk-elektrisk-stastol-med-stahjalp-relaxstol-for-seniorer-tv-fatolj-med-sovfunktion-liggfunktion-linnetouch-bla-83\/","name":"TRUUSK Elektrisk St\u00e5stol Med St\u00e5hj\u00e4lp - Relaxstol f\u00f6r Seniorer - TV-f\u00e5t\u00f6lj med Sovfunktion - Liggfunktion - Linnetouch - Bl\u00e5 - 83 - TRUUSK - Hem, Tr\u00e4dg\u00e5rd &amp; Fritid","isPartOf":{"@id":"https:\/\/truusk.store\/sv\/#website"},"primaryImageOfPage":{"@id":"https:\/\/truusk.store\/sv\/produkt\/truusk-elektrisk-stastol-med-stahjalp-relaxstol-for-seniorer-tv-fatolj-med-sovfunktion-liggfunktion-linnetouch-bla-83\/#primaryimage"},"image":{"@id":"https:\/\/truusk.store\/sv\/produkt\/truusk-elektrisk-stastol-med-stahjalp-relaxstol-for-seniorer-tv-fatolj-med-sovfunktion-liggfunktion-linnetouch-bla-83\/#primaryimage"},"thumbnailUrl":"https:\/\/i0.wp.com\/truusk.store\/wp-content\/uploads\/2024\/02\/elektrisk-stastol-med-stahjalp-for-seniorer-relaxstol-tv-fatolj-med-sovfunktion-och-stahjalp-tv-fatolj-liggfunktion-linnetouch-bla-83-x-89-x-102-cm.webp?fit=800%2C800&ssl=1","datePublished":"2024-02-13T20:02:11+00:00","dateModified":"2026-03-12T08:09:21+00:00","breadcrumb":{"@id":"https:\/\/truusk.store\/sv\/produkt\/truusk-elektrisk-stastol-med-stahjalp-relaxstol-for-seniorer-tv-fatolj-med-sovfunktion-liggfunktion-linnetouch-bla-83\/#breadcrumb"},"inLanguage":"sv-SE","potentialAction":[{"@type":"ReadAction","target":["https:\/\/truusk.store\/sv\/produkt\/truusk-elektrisk-stastol-med-stahjalp-relaxstol-for-seniorer-tv-fatolj-med-sovfunktion-liggfunktion-linnetouch-bla-83\/"]}]},{"@type":"ImageObject","inLanguage":"sv-SE","@id":"https:\/\/truusk.store\/sv\/produkt\/truusk-elektrisk-stastol-med-stahjalp-relaxstol-for-seniorer-tv-fatolj-med-sovfunktion-liggfunktion-linnetouch-bla-83\/#primaryimage","url":"https:\/\/i0.wp.com\/truusk.store\/wp-content\/uploads\/2024\/02\/elektrisk-stastol-med-stahjalp-for-seniorer-relaxstol-tv-fatolj-med-sovfunktion-och-stahjalp-tv-fatolj-liggfunktion-linnetouch-bla-83-x-89-x-102-cm.webp?fit=800%2C800&ssl=1","contentUrl":"https:\/\/i0.wp.com\/truusk.store\/wp-content\/uploads\/2024\/02\/elektrisk-stastol-med-stahjalp-for-seniorer-relaxstol-tv-fatolj-med-sovfunktion-och-stahjalp-tv-fatolj-liggfunktion-linnetouch-bla-83-x-89-x-102-cm.webp?fit=800%2C800&ssl=1","width":800,"height":800,"caption":"Elektrisk St\u00e5stol Med St\u00e5hj\u00e4lp F\u00f6r Seniorer, Relaxstol, TV-f\u00e5t\u00f6lj Med Sovfunktion Och St\u00e5hj\u00e4lp, TV-f\u00e5t\u00f6lj, Liggfunktion, Linnetouch, Bl\u00e5, 83 X 89 X 102 Cm 1"},{"@type":"BreadcrumbList","@id":"https:\/\/truusk.store\/sv\/produkt\/truusk-elektrisk-stastol-med-stahjalp-relaxstol-for-seniorer-tv-fatolj-med-sovfunktion-liggfunktion-linnetouch-bla-83\/#breadcrumb","itemListElement":[{"@type":"ListItem","position":1,"name":"Home","item":"https:\/\/truusk.store\/sv\/"},{"@type":"ListItem","position":2,"name":"Shop","item":"https:\/\/truusk.store\/shop\/"},{"@type":"ListItem","position":3,"name":"TRUUSK Elektrisk St\u00e5stol Med St\u00e5hj\u00e4lp &#8211; Relaxstol f\u00f6r Seniorer &#8211; TV-f\u00e5t\u00f6lj med Sovfunktion &#8211; Liggfunktion &#8211; Linnetouch &#8211; Bl\u00e5 &#8211; 83"}]},{"@type":"WebSite","@id":"https:\/\/truusk.store\/sv\/#website","url":"https:\/\/truusk.store\/sv\/","name":"TRUUSK - Hem, Tr\u00e4dg\u00e5rd & Fritid","description":"","publisher":{"@id":"https:\/\/truusk.store\/sv\/#organization"},"potentialAction":[{"@type":"SearchAction","target":{"@type":"EntryPoint","urlTemplate":"https:\/\/truusk.store\/sv\/?s={search_term_string}"},"query-input":{"@type":"PropertyValueSpecification","valueRequired":true,"valueName":"search_term_string"}}],"inLanguage":"sv-SE"},{"@type":"Organization","@id":"https:\/\/truusk.store\/sv\/#organization","name":"TRUUSK - Hem, Tr\u00e4dg\u00e5rd & Fritid","url":"https:\/\/truusk.store\/sv\/","logo":{"@type":"ImageObject","inLanguage":"sv-SE","@id":"https:\/\/truusk.store\/sv\/#\/schema\/logo\/image\/","url":"https:\/\/i0.wp.com\/truusk.store\/wp-content\/uploads\/2026\/03\/cropped-TRUUSK.png?fit=2032%2C917&ssl=1","contentUrl":"https:\/\/i0.wp.com\/truusk.store\/wp-content\/uploads\/2026\/03\/cropped-TRUUSK.png?fit=2032%2C917&ssl=1","width":2032,"height":917,"caption":"TRUUSK - Hem, Tr\u00e4dg\u00e5rd & Fritid"},"image":{"@id":"https:\/\/truusk.store\/sv\/#\/schema\/logo\/image\/"}}]}},"jetpack_sharing_enabled":true,"_links":{"self":[{"href":"https:\/\/truusk.store\/sv\/wp-json\/wp\/v2\/product\/30905","targetHints":{"allow":["GET"]}}],"collection":[{"href":"https:\/\/truusk.store\/sv\/wp-json\/wp\/v2\/product"}],"about":[{"href":"https:\/\/truusk.store\/sv\/wp-json\/wp\/v2\/types\/product"}],"wp:featuredmedia":[{"embeddable":true,"href":"https:\/\/truusk.store\/sv\/wp-json\/wp\/v2\/media\/30906"}],"wp:attachment":[{"href":"https:\/\/truusk.store\/sv\/wp-json\/wp\/v2\/media?parent=30905"}],"wp:term":[{"taxonomy":"product_brand","embeddable":true,"href":"https:\/\/truusk.store\/sv\/wp-json\/wp\/v2\/product_brand?post=30905"},{"taxonomy":"product_cat","embeddable":true,"href":"https:\/\/truusk.store\/sv\/wp-json\/wp\/v2\/product_cat?post=30905"},{"taxonomy":"product_tag","embeddable":true,"href":"https:\/\/truusk.store\/sv\/wp-json\/wp\/v2\/product_tag?post=30905"}],"curies":[{"name":"wp","href":"https:\/\/api.w.org\/{rel}","templated":true}]}}