{"id":30973,"date":"2024-02-13T21:04:21","date_gmt":"2024-02-13T20:04:21","guid":{"rendered":"https:\/\/truusk.store\/product\/massagestol-med-stahjalp-fatolj-med-stahjalp-8-vibrationsmotorer-inklusive-fjarrkontroll-gra\/"},"modified":"2026-03-12T09:09:22","modified_gmt":"2026-03-12T08:09:22","slug":"truusk-massagestol-med-stahjalp-8-vibrationsmotorer-fjarrkontroll-gra","status":"publish","type":"product","link":"https:\/\/truusk.store\/sv\/produkt\/truusk-massagestol-med-stahjalp-8-vibrationsmotorer-fjarrkontroll-gra\/","title":{"rendered":"TRUUSK Massagestol med St\u00e5hj\u00e4lp &#8211; 8 Vibrationsmotorer &#8211; Fj\u00e4rrkontroll &#8211; Gr\u00e5"},"content":{"rendered":"<p>\u00c5terh\u00e4mta dig fr\u00e5n tr\u00f6tthet med denna massagestol. F\u00f6r dig som har problem med r\u00f6relsehinder \u00e4r den liggande funktionen ett praktiskt och smart val f\u00f6r att g\u00f6ra livet enklare. Genom att helt enkelt trycka p\u00e5 en knapp kan du enkelt v\u00e4xla fr\u00e5n sittande till liggande eller n\u00e4stan st\u00e5ende position.<\/p>\n<h3>Beskrivning:<\/h3>\n<ul>\n<li>Kan lutas upp till 135\u00b0 med st\u00f6det<\/li>\n<li>8 massagemotorer f\u00f6r rygg, l\u00e4ndrygg, l\u00e5r och ben<\/li>\n<li>Du kan st\u00e4lla in en massagetid p\u00e5 15 eller 30 minuter<\/li>\n<li>Andningsbar och mjuk ovandel<\/li>\n<li>Inkluderar sidofickor f\u00f6r fj\u00e4rrkontrollen<\/li>\n<li>Montering kr\u00e4vs<\/li>\n<\/ul>\n<h3>Teknisk data:<\/h3>\n<ul>\n<li>F\u00e4rg gr\u00e5<\/li>\n<li>Material: Tyg i linnelook (polyester), skumgummi, st\u00e5l<\/li>\n<li>Totala m\u00e5tt: 89L x 99W x 103Hcm<\/li>\n<li>Liggm\u00e5tt: 42L x 163W x 80H cm<\/li>\n<li>Sitsstorlek: 42L x 53W cm<\/li>\n<li>Sitth\u00f6jd: 48 cm<\/li>\n<li>Armst\u00f6dsh\u00f6jd: 10 cm<\/li>\n<li>Ryggst\u00f6dsstorlek: 80L x 69W cm<\/li>\n<li>Sittdynans djup: 15 cm<\/li>\n<li>Ryggkuddens djup: 24 cm<\/li>\n<li>Fj\u00e4rrkontrollkabel: 1,6m<\/li>\n<li>N\u00e4tsladdl\u00e4ngd: 1,2 m<\/li>\n<li>Viktkapacitet: 180 kg<\/li>\n<li>Insp\u00e4nning: 110240V, 5060Hz<\/li>\n<li>Utsp\u00e4nning: 12V, 1A<\/li>\n<\/ul>\n<h3>Leveransens omfattning:<\/h3>\n<ul>\n<li>1 x Riser stol<\/li>\n<li>1 x Fj\u00e4rrkontroll<\/li>\n<li>1 x Instruktioner<\/li>\n<li>VIKTIGT: Vi levererar varan till trottoarkanten utan kostnad. Se till att du anger r\u00e4tt adress och telefonnummer.<\/li>\n<\/ul>\n","protected":false},"excerpt":{"rendered":"<p>\u00c5terh\u00e4mta dig fr\u00e5n tr\u00f6tthet med denna massagestol. F\u00f6r dig som har problem med r\u00f6relsehinder \u00e4r den liggande funktionen ett praktiskt&#8230;<\/p>\n","protected":false},"featured_media":30974,"template":"","meta":[],"product_brand":[],"product_cat":[521,485,523],"product_tag":[],"class_list":{"0":"post-30973","1":"product","2":"type-product","3":"status-publish","4":"has-post-thumbnail","6":"product_cat-fatolj","7":"product_cat-hus-bo","8":"product_cat-riser-stol","10":"first","11":"instock","12":"sale","13":"taxable","14":"shipping-taxable","15":"purchasable","16":"product-type-simple"},"yoast_head":"<!-- This site is optimized with the Yoast SEO plugin v25.4 - https:\/\/yoast.com\/wordpress\/plugins\/seo\/ -->\n<title>TRUUSK Massagestol med St\u00e5hj\u00e4lp - 8 Vibrationsmotorer - Fj\u00e4rrkontroll - Gr\u00e5 - TRUUSK - Hem, Tr\u00e4dg\u00e5rd &amp; Fritid<\/title>\n<meta name=\"robots\" content=\"index, follow, max-snippet:-1, max-image-preview:large, max-video-preview:-1\" \/>\n<link rel=\"canonical\" href=\"https:\/\/truusk.store\/sv\/produkt\/truusk-massagestol-med-stahjalp-8-vibrationsmotorer-fjarrkontroll-gra\/\" \/>\n<meta property=\"og:locale\" content=\"sv_SE\" \/>\n<meta property=\"og:type\" content=\"article\" \/>\n<meta property=\"og:title\" content=\"TRUUSK Massagestol med St\u00e5hj\u00e4lp - 8 Vibrationsmotorer - Fj\u00e4rrkontroll - Gr\u00e5 - TRUUSK - Hem, Tr\u00e4dg\u00e5rd &amp; Fritid\" \/>\n<meta property=\"og:description\" content=\"\u00c5terh\u00e4mta dig fr\u00e5n tr\u00f6tthet med denna massagestol. F\u00f6r dig som har problem med r\u00f6relsehinder \u00e4r den liggande funktionen ett praktiskt...\" \/>\n<meta property=\"og:url\" content=\"https:\/\/truusk.store\/sv\/produkt\/truusk-massagestol-med-stahjalp-8-vibrationsmotorer-fjarrkontroll-gra\/\" \/>\n<meta property=\"og:site_name\" content=\"TRUUSK - Hem, Tr\u00e4dg\u00e5rd &amp; Fritid\" \/>\n<meta property=\"article:modified_time\" content=\"2026-03-12T08:09:22+00:00\" \/>\n<meta property=\"og:image\" content=\"https:\/\/i0.wp.com\/truusk.se\/wp-content\/uploads\/2024\/02\/massagestol-med-stahjalp-fatolj-med-stahjalp-8-vibrationsmotorer-inklusive-fjarrkontroll-gra.webp?fit=800%2C800&ssl=1\" \/>\n\t<meta property=\"og:image:width\" content=\"800\" \/>\n\t<meta property=\"og:image:height\" content=\"800\" \/>\n\t<meta property=\"og:image:type\" content=\"image\/webp\" \/>\n<meta name=\"twitter:card\" content=\"summary_large_image\" \/>\n<meta name=\"twitter:label1\" content=\"Ber\u00e4knad l\u00e4stid\" \/>\n\t<meta name=\"twitter:data1\" content=\"1 minut\" \/>\n<!-- \/ Yoast SEO plugin. -->","yoast_head_json":{"title":"TRUUSK Massagestol med St\u00e5hj\u00e4lp - 8 Vibrationsmotorer - Fj\u00e4rrkontroll - Gr\u00e5 - TRUUSK - Hem, Tr\u00e4dg\u00e5rd &amp; Fritid","robots":{"index":"index","follow":"follow","max-snippet":"max-snippet:-1","max-image-preview":"max-image-preview:large","max-video-preview":"max-video-preview:-1"},"canonical":"https:\/\/truusk.store\/sv\/produkt\/truusk-massagestol-med-stahjalp-8-vibrationsmotorer-fjarrkontroll-gra\/","og_locale":"sv_SE","og_type":"article","og_title":"TRUUSK Massagestol med St\u00e5hj\u00e4lp - 8 Vibrationsmotorer - Fj\u00e4rrkontroll - Gr\u00e5 - TRUUSK - Hem, Tr\u00e4dg\u00e5rd &amp; Fritid","og_description":"\u00c5terh\u00e4mta dig fr\u00e5n tr\u00f6tthet med denna massagestol. F\u00f6r dig som har problem med r\u00f6relsehinder \u00e4r den liggande funktionen ett praktiskt...","og_url":"https:\/\/truusk.store\/sv\/produkt\/truusk-massagestol-med-stahjalp-8-vibrationsmotorer-fjarrkontroll-gra\/","og_site_name":"TRUUSK - Hem, Tr\u00e4dg\u00e5rd &amp; Fritid","article_modified_time":"2026-03-12T08:09:22+00:00","og_image":[{"width":800,"height":800,"url":"https:\/\/i0.wp.com\/truusk.se\/wp-content\/uploads\/2024\/02\/massagestol-med-stahjalp-fatolj-med-stahjalp-8-vibrationsmotorer-inklusive-fjarrkontroll-gra.webp?fit=800%2C800&ssl=1","type":"image\/webp"}],"twitter_card":"summary_large_image","twitter_misc":{"Ber\u00e4knad l\u00e4stid":"1 minut"},"schema":{"@context":"https:\/\/schema.org","@graph":[{"@type":"WebPage","@id":"https:\/\/truusk.store\/sv\/produkt\/truusk-massagestol-med-stahjalp-8-vibrationsmotorer-fjarrkontroll-gra\/","url":"https:\/\/truusk.store\/sv\/produkt\/truusk-massagestol-med-stahjalp-8-vibrationsmotorer-fjarrkontroll-gra\/","name":"TRUUSK Massagestol med St\u00e5hj\u00e4lp - 8 Vibrationsmotorer - Fj\u00e4rrkontroll - Gr\u00e5 - TRUUSK - Hem, Tr\u00e4dg\u00e5rd &amp; Fritid","isPartOf":{"@id":"https:\/\/truusk.store\/sv\/#website"},"primaryImageOfPage":{"@id":"https:\/\/truusk.store\/sv\/produkt\/truusk-massagestol-med-stahjalp-8-vibrationsmotorer-fjarrkontroll-gra\/#primaryimage"},"image":{"@id":"https:\/\/truusk.store\/sv\/produkt\/truusk-massagestol-med-stahjalp-8-vibrationsmotorer-fjarrkontroll-gra\/#primaryimage"},"thumbnailUrl":"https:\/\/i0.wp.com\/truusk.store\/wp-content\/uploads\/2024\/02\/massagestol-med-stahjalp-fatolj-med-stahjalp-8-vibrationsmotorer-inklusive-fjarrkontroll-gra.webp?fit=800%2C800&ssl=1","datePublished":"2024-02-13T20:04:21+00:00","dateModified":"2026-03-12T08:09:22+00:00","breadcrumb":{"@id":"https:\/\/truusk.store\/sv\/produkt\/truusk-massagestol-med-stahjalp-8-vibrationsmotorer-fjarrkontroll-gra\/#breadcrumb"},"inLanguage":"sv-SE","potentialAction":[{"@type":"ReadAction","target":["https:\/\/truusk.store\/sv\/produkt\/truusk-massagestol-med-stahjalp-8-vibrationsmotorer-fjarrkontroll-gra\/"]}]},{"@type":"ImageObject","inLanguage":"sv-SE","@id":"https:\/\/truusk.store\/sv\/produkt\/truusk-massagestol-med-stahjalp-8-vibrationsmotorer-fjarrkontroll-gra\/#primaryimage","url":"https:\/\/i0.wp.com\/truusk.store\/wp-content\/uploads\/2024\/02\/massagestol-med-stahjalp-fatolj-med-stahjalp-8-vibrationsmotorer-inklusive-fjarrkontroll-gra.webp?fit=800%2C800&ssl=1","contentUrl":"https:\/\/i0.wp.com\/truusk.store\/wp-content\/uploads\/2024\/02\/massagestol-med-stahjalp-fatolj-med-stahjalp-8-vibrationsmotorer-inklusive-fjarrkontroll-gra.webp?fit=800%2C800&ssl=1","width":800,"height":800,"caption":"Massagestol Med St\u00e5hj\u00e4lp, F\u00e5t\u00f6lj Med St\u00e5hj\u00e4lp, 8 Vibrationsmotorer Inklusive Fj\u00e4rrkontroll, Gr\u00e5 1"},{"@type":"BreadcrumbList","@id":"https:\/\/truusk.store\/sv\/produkt\/truusk-massagestol-med-stahjalp-8-vibrationsmotorer-fjarrkontroll-gra\/#breadcrumb","itemListElement":[{"@type":"ListItem","position":1,"name":"Home","item":"https:\/\/truusk.store\/sv\/"},{"@type":"ListItem","position":2,"name":"Shop","item":"https:\/\/truusk.store\/shop\/"},{"@type":"ListItem","position":3,"name":"TRUUSK Massagestol med St\u00e5hj\u00e4lp &#8211; 8 Vibrationsmotorer &#8211; Fj\u00e4rrkontroll &#8211; Gr\u00e5"}]},{"@type":"WebSite","@id":"https:\/\/truusk.store\/sv\/#website","url":"https:\/\/truusk.store\/sv\/","name":"TRUUSK - Hem, Tr\u00e4dg\u00e5rd & Fritid","description":"","publisher":{"@id":"https:\/\/truusk.store\/sv\/#organization"},"potentialAction":[{"@type":"SearchAction","target":{"@type":"EntryPoint","urlTemplate":"https:\/\/truusk.store\/sv\/?s={search_term_string}"},"query-input":{"@type":"PropertyValueSpecification","valueRequired":true,"valueName":"search_term_string"}}],"inLanguage":"sv-SE"},{"@type":"Organization","@id":"https:\/\/truusk.store\/sv\/#organization","name":"TRUUSK - Hem, Tr\u00e4dg\u00e5rd & Fritid","url":"https:\/\/truusk.store\/sv\/","logo":{"@type":"ImageObject","inLanguage":"sv-SE","@id":"https:\/\/truusk.store\/sv\/#\/schema\/logo\/image\/","url":"https:\/\/i0.wp.com\/truusk.store\/wp-content\/uploads\/2026\/03\/cropped-TRUUSK.png?fit=2032%2C917&ssl=1","contentUrl":"https:\/\/i0.wp.com\/truusk.store\/wp-content\/uploads\/2026\/03\/cropped-TRUUSK.png?fit=2032%2C917&ssl=1","width":2032,"height":917,"caption":"TRUUSK - Hem, Tr\u00e4dg\u00e5rd & Fritid"},"image":{"@id":"https:\/\/truusk.store\/sv\/#\/schema\/logo\/image\/"}}]}},"jetpack_sharing_enabled":true,"_links":{"self":[{"href":"https:\/\/truusk.store\/sv\/wp-json\/wp\/v2\/product\/30973","targetHints":{"allow":["GET"]}}],"collection":[{"href":"https:\/\/truusk.store\/sv\/wp-json\/wp\/v2\/product"}],"about":[{"href":"https:\/\/truusk.store\/sv\/wp-json\/wp\/v2\/types\/product"}],"wp:featuredmedia":[{"embeddable":true,"href":"https:\/\/truusk.store\/sv\/wp-json\/wp\/v2\/media\/30974"}],"wp:attachment":[{"href":"https:\/\/truusk.store\/sv\/wp-json\/wp\/v2\/media?parent=30973"}],"wp:term":[{"taxonomy":"product_brand","embeddable":true,"href":"https:\/\/truusk.store\/sv\/wp-json\/wp\/v2\/product_brand?post=30973"},{"taxonomy":"product_cat","embeddable":true,"href":"https:\/\/truusk.store\/sv\/wp-json\/wp\/v2\/product_cat?post=30973"},{"taxonomy":"product_tag","embeddable":true,"href":"https:\/\/truusk.store\/sv\/wp-json\/wp\/v2\/product_tag?post=30973"}],"curies":[{"name":"wp","href":"https:\/\/api.w.org\/{rel}","templated":true}]}}