{"id":30994,"date":"2024-02-13T21:05:06","date_gmt":"2024-02-13T20:05:06","guid":{"rendered":"https:\/\/truusk.store\/product\/vaxthus-vaxthus-tomat-hus-frukost-sang-med-dorr-for-upprullning-stal-plast-transparent-100x50x150cm\/"},"modified":"2026-03-12T09:09:22","modified_gmt":"2026-03-12T08:09:22","slug":"truusk-vaxthus-tomat-hus-transparent-stal-och-plast-upprullningsdorr-100x50x150cm","status":"publish","type":"product","link":"https:\/\/truusk.store\/sv\/produkt\/truusk-vaxthus-tomat-hus-transparent-stal-och-plast-upprullningsdorr-100x50x150cm\/","title":{"rendered":"TRUUSK V\u00e4xthus Tomat Hus &#8211; Transparent &#8211; St\u00e5l och Plast &#8211; Upprullningsd\u00f6rr &#8211; 100x50x150cm"},"content":{"rendered":"<p>Detta h\u00f6ga och smala v\u00e4xthus \u00e4r ett utm\u00e4rkt val f\u00f6r din tr\u00e4dg\u00e5rd, balkong eller smala utrymme f\u00f6r att odla dina v\u00e4xter p\u00e5 ett platsbesparande s\u00e4tt. En robust st\u00e5lram och ett slitstarkt plastskydd garanterar styrka och tillf\u00f6rlitlighet.Detta filmv\u00e4xthus kan hj\u00e4lpa dina v\u00e4xter att v\u00e4xa b\u00e4ttre och g\u00f6ra tr\u00e4dg\u00e5rdsarbete enklare och mer intressant.<\/p>\n<h3>Beskrivning:<\/h3>\n<ul>\n<li>Den h\u00f6ga och smala designen \u00e4r l\u00e4mplig f\u00f6r begr\u00e4nsat utrymme<\/li>\n<li>Solid st\u00e5lram s\u00e4kerst\u00e4ller styrka och tillf\u00f6rlitlighet<\/li>\n<li>Plastn\u00e4tskydd skyddar dina v\u00e4xter fr\u00e5n l\u00e4tt vind eller regn och l\u00e5ter starkt solljus passera igenom<\/li>\n<li>Blixtl\u00e5sf\u00f6rsedd rulld\u00f6rr f\u00f6r enkel in- och utstigning och f\u00f6r att f\u00f6rb\u00e4ttra ventilationen<\/li>\n<li>Montering kr\u00e4vs<\/li>\n<\/ul>\n<h3>Teknisk data:<\/h3>\n<ul>\n<li>F\u00e4rg: Transparent<\/li>\n<li>Material: st\u00e5l, plast<\/li>\n<li>Totala m\u00e5tt: 100L x 50W x 150H cm<\/li>\n<li>Tr storlek: 81W x 135H cm<\/li>\n<li>Vindt\u00e4t: niv\u00e5 3<\/li>\n<li>OBS 1: Anv\u00e4nd inte sura bek\u00e4mpningsmedel f\u00f6r att undvika kemiska reaktioner med det alkaliska h\u00f6ljet som orsakar bristning<\/li>\n<\/ul>\n<h3>Leveransens omfattning:<\/h3>\n<ul>\n<li>1 x foliev\u00e4xthus;<\/li>\n<\/ul>\n","protected":false},"excerpt":{"rendered":"<p>Detta h\u00f6ga och smala v\u00e4xthus \u00e4r ett utm\u00e4rkt val f\u00f6r din tr\u00e4dg\u00e5rd, balkong eller smala utrymme f\u00f6r att odla dina&#8230;<\/p>\n","protected":false},"featured_media":30995,"template":"","meta":[],"product_brand":[],"product_cat":[444,435,443],"product_tag":[],"class_list":{"0":"post-30994","1":"product","2":"type-product","3":"status-publish","4":"has-post-thumbnail","6":"product_cat-filma-vaxthus","7":"product_cat-tradgard-och-terrass","8":"product_cat-vaxthus-tradgardsskotsel","10":"first","11":"instock","12":"sale","13":"taxable","14":"shipping-taxable","15":"purchasable","16":"product-type-simple"},"yoast_head":"<!-- This site is optimized with the Yoast SEO plugin v25.4 - https:\/\/yoast.com\/wordpress\/plugins\/seo\/ -->\n<title>TRUUSK V\u00e4xthus Tomat Hus - Transparent - St\u00e5l och Plast - Upprullningsd\u00f6rr - 100x50x150cm - TRUUSK - Hem, Tr\u00e4dg\u00e5rd &amp; Fritid<\/title>\n<meta name=\"robots\" content=\"index, follow, max-snippet:-1, max-image-preview:large, max-video-preview:-1\" \/>\n<link rel=\"canonical\" href=\"https:\/\/truusk.store\/sv\/produkt\/truusk-vaxthus-tomat-hus-transparent-stal-och-plast-upprullningsdorr-100x50x150cm\/\" \/>\n<meta property=\"og:locale\" content=\"sv_SE\" \/>\n<meta property=\"og:type\" content=\"article\" \/>\n<meta property=\"og:title\" content=\"TRUUSK V\u00e4xthus Tomat Hus - Transparent - St\u00e5l och Plast - Upprullningsd\u00f6rr - 100x50x150cm - TRUUSK - Hem, Tr\u00e4dg\u00e5rd &amp; Fritid\" \/>\n<meta property=\"og:description\" content=\"Detta h\u00f6ga och smala v\u00e4xthus \u00e4r ett utm\u00e4rkt val f\u00f6r din tr\u00e4dg\u00e5rd, balkong eller smala utrymme f\u00f6r att odla dina...\" \/>\n<meta property=\"og:url\" content=\"https:\/\/truusk.store\/sv\/produkt\/truusk-vaxthus-tomat-hus-transparent-stal-och-plast-upprullningsdorr-100x50x150cm\/\" \/>\n<meta property=\"og:site_name\" content=\"TRUUSK - Hem, Tr\u00e4dg\u00e5rd &amp; Fritid\" \/>\n<meta property=\"article:modified_time\" content=\"2026-03-12T08:09:22+00:00\" \/>\n<meta property=\"og:image\" content=\"https:\/\/i0.wp.com\/truusk.se\/wp-content\/uploads\/2024\/02\/vaxthus-vaxthus-tomat-hus-frukost-sang-med-dorr-for-upprullning-stal-plast-transparent-100x50x150cm.webp?fit=800%2C800&ssl=1\" \/>\n\t<meta property=\"og:image:width\" content=\"800\" \/>\n\t<meta property=\"og:image:height\" content=\"800\" \/>\n\t<meta property=\"og:image:type\" content=\"image\/webp\" \/>\n<meta name=\"twitter:card\" content=\"summary_large_image\" \/>\n<meta name=\"twitter:label1\" content=\"Ber\u00e4knad l\u00e4stid\" \/>\n\t<meta name=\"twitter:data1\" content=\"1 minut\" \/>\n<!-- \/ Yoast SEO plugin. -->","yoast_head_json":{"title":"TRUUSK V\u00e4xthus Tomat Hus - Transparent - St\u00e5l och Plast - Upprullningsd\u00f6rr - 100x50x150cm - TRUUSK - Hem, Tr\u00e4dg\u00e5rd &amp; Fritid","robots":{"index":"index","follow":"follow","max-snippet":"max-snippet:-1","max-image-preview":"max-image-preview:large","max-video-preview":"max-video-preview:-1"},"canonical":"https:\/\/truusk.store\/sv\/produkt\/truusk-vaxthus-tomat-hus-transparent-stal-och-plast-upprullningsdorr-100x50x150cm\/","og_locale":"sv_SE","og_type":"article","og_title":"TRUUSK V\u00e4xthus Tomat Hus - Transparent - St\u00e5l och Plast - Upprullningsd\u00f6rr - 100x50x150cm - TRUUSK - Hem, Tr\u00e4dg\u00e5rd &amp; Fritid","og_description":"Detta h\u00f6ga och smala v\u00e4xthus \u00e4r ett utm\u00e4rkt val f\u00f6r din tr\u00e4dg\u00e5rd, balkong eller smala utrymme f\u00f6r att odla dina...","og_url":"https:\/\/truusk.store\/sv\/produkt\/truusk-vaxthus-tomat-hus-transparent-stal-och-plast-upprullningsdorr-100x50x150cm\/","og_site_name":"TRUUSK - Hem, Tr\u00e4dg\u00e5rd &amp; Fritid","article_modified_time":"2026-03-12T08:09:22+00:00","og_image":[{"width":800,"height":800,"url":"https:\/\/i0.wp.com\/truusk.se\/wp-content\/uploads\/2024\/02\/vaxthus-vaxthus-tomat-hus-frukost-sang-med-dorr-for-upprullning-stal-plast-transparent-100x50x150cm.webp?fit=800%2C800&ssl=1","type":"image\/webp"}],"twitter_card":"summary_large_image","twitter_misc":{"Ber\u00e4knad l\u00e4stid":"1 minut"},"schema":{"@context":"https:\/\/schema.org","@graph":[{"@type":"WebPage","@id":"https:\/\/truusk.store\/sv\/produkt\/truusk-vaxthus-tomat-hus-transparent-stal-och-plast-upprullningsdorr-100x50x150cm\/","url":"https:\/\/truusk.store\/sv\/produkt\/truusk-vaxthus-tomat-hus-transparent-stal-och-plast-upprullningsdorr-100x50x150cm\/","name":"TRUUSK V\u00e4xthus Tomat Hus - Transparent - St\u00e5l och Plast - Upprullningsd\u00f6rr - 100x50x150cm - TRUUSK - Hem, Tr\u00e4dg\u00e5rd &amp; Fritid","isPartOf":{"@id":"https:\/\/truusk.store\/sv\/#website"},"primaryImageOfPage":{"@id":"https:\/\/truusk.store\/sv\/produkt\/truusk-vaxthus-tomat-hus-transparent-stal-och-plast-upprullningsdorr-100x50x150cm\/#primaryimage"},"image":{"@id":"https:\/\/truusk.store\/sv\/produkt\/truusk-vaxthus-tomat-hus-transparent-stal-och-plast-upprullningsdorr-100x50x150cm\/#primaryimage"},"thumbnailUrl":"https:\/\/i0.wp.com\/truusk.store\/wp-content\/uploads\/2024\/02\/vaxthus-vaxthus-tomat-hus-frukost-sang-med-dorr-for-upprullning-stal-plast-transparent-100x50x150cm.webp?fit=800%2C800&ssl=1","datePublished":"2024-02-13T20:05:06+00:00","dateModified":"2026-03-12T08:09:22+00:00","breadcrumb":{"@id":"https:\/\/truusk.store\/sv\/produkt\/truusk-vaxthus-tomat-hus-transparent-stal-och-plast-upprullningsdorr-100x50x150cm\/#breadcrumb"},"inLanguage":"sv-SE","potentialAction":[{"@type":"ReadAction","target":["https:\/\/truusk.store\/sv\/produkt\/truusk-vaxthus-tomat-hus-transparent-stal-och-plast-upprullningsdorr-100x50x150cm\/"]}]},{"@type":"ImageObject","inLanguage":"sv-SE","@id":"https:\/\/truusk.store\/sv\/produkt\/truusk-vaxthus-tomat-hus-transparent-stal-och-plast-upprullningsdorr-100x50x150cm\/#primaryimage","url":"https:\/\/i0.wp.com\/truusk.store\/wp-content\/uploads\/2024\/02\/vaxthus-vaxthus-tomat-hus-frukost-sang-med-dorr-for-upprullning-stal-plast-transparent-100x50x150cm.webp?fit=800%2C800&ssl=1","contentUrl":"https:\/\/i0.wp.com\/truusk.store\/wp-content\/uploads\/2024\/02\/vaxthus-vaxthus-tomat-hus-frukost-sang-med-dorr-for-upprullning-stal-plast-transparent-100x50x150cm.webp?fit=800%2C800&ssl=1","width":800,"height":800,"caption":"V\u00e4xthus V\u00e4xthus Tomat Hus Frukost S\u00e4ng Med D\u00f6rr F\u00f6r Upprullning St\u00e5l Plast Transparent 100x50x150cm 1"},{"@type":"BreadcrumbList","@id":"https:\/\/truusk.store\/sv\/produkt\/truusk-vaxthus-tomat-hus-transparent-stal-och-plast-upprullningsdorr-100x50x150cm\/#breadcrumb","itemListElement":[{"@type":"ListItem","position":1,"name":"Home","item":"https:\/\/truusk.store\/sv\/"},{"@type":"ListItem","position":2,"name":"Shop","item":"https:\/\/truusk.store\/shop\/"},{"@type":"ListItem","position":3,"name":"TRUUSK V\u00e4xthus Tomat Hus &#8211; Transparent &#8211; St\u00e5l och Plast &#8211; Upprullningsd\u00f6rr &#8211; 100x50x150cm"}]},{"@type":"WebSite","@id":"https:\/\/truusk.store\/sv\/#website","url":"https:\/\/truusk.store\/sv\/","name":"TRUUSK - Hem, Tr\u00e4dg\u00e5rd & Fritid","description":"","publisher":{"@id":"https:\/\/truusk.store\/sv\/#organization"},"potentialAction":[{"@type":"SearchAction","target":{"@type":"EntryPoint","urlTemplate":"https:\/\/truusk.store\/sv\/?s={search_term_string}"},"query-input":{"@type":"PropertyValueSpecification","valueRequired":true,"valueName":"search_term_string"}}],"inLanguage":"sv-SE"},{"@type":"Organization","@id":"https:\/\/truusk.store\/sv\/#organization","name":"TRUUSK - Hem, Tr\u00e4dg\u00e5rd & Fritid","url":"https:\/\/truusk.store\/sv\/","logo":{"@type":"ImageObject","inLanguage":"sv-SE","@id":"https:\/\/truusk.store\/sv\/#\/schema\/logo\/image\/","url":"https:\/\/i0.wp.com\/truusk.store\/wp-content\/uploads\/2026\/03\/cropped-TRUUSK.png?fit=2032%2C917&ssl=1","contentUrl":"https:\/\/i0.wp.com\/truusk.store\/wp-content\/uploads\/2026\/03\/cropped-TRUUSK.png?fit=2032%2C917&ssl=1","width":2032,"height":917,"caption":"TRUUSK - Hem, Tr\u00e4dg\u00e5rd & Fritid"},"image":{"@id":"https:\/\/truusk.store\/sv\/#\/schema\/logo\/image\/"}}]}},"jetpack_sharing_enabled":true,"_links":{"self":[{"href":"https:\/\/truusk.store\/sv\/wp-json\/wp\/v2\/product\/30994","targetHints":{"allow":["GET"]}}],"collection":[{"href":"https:\/\/truusk.store\/sv\/wp-json\/wp\/v2\/product"}],"about":[{"href":"https:\/\/truusk.store\/sv\/wp-json\/wp\/v2\/types\/product"}],"wp:featuredmedia":[{"embeddable":true,"href":"https:\/\/truusk.store\/sv\/wp-json\/wp\/v2\/media\/30995"}],"wp:attachment":[{"href":"https:\/\/truusk.store\/sv\/wp-json\/wp\/v2\/media?parent=30994"}],"wp:term":[{"taxonomy":"product_brand","embeddable":true,"href":"https:\/\/truusk.store\/sv\/wp-json\/wp\/v2\/product_brand?post=30994"},{"taxonomy":"product_cat","embeddable":true,"href":"https:\/\/truusk.store\/sv\/wp-json\/wp\/v2\/product_cat?post=30994"},{"taxonomy":"product_tag","embeddable":true,"href":"https:\/\/truusk.store\/sv\/wp-json\/wp\/v2\/product_tag?post=30994"}],"curies":[{"name":"wp","href":"https:\/\/api.w.org\/{rel}","templated":true}]}}