{"id":31013,"date":"2024-02-13T21:05:44","date_gmt":"2024-02-13T20:05:44","guid":{"rendered":"https:\/\/truusk.store\/product\/stepper-hojdjusterbar-stepper-aerobic-stepper-rod-svart\/"},"modified":"2026-03-12T09:09:23","modified_gmt":"2026-03-12T08:09:23","slug":"truusk-stepper-justerbar-hojd-aerobics-rod-svart","status":"publish","type":"product","link":"https:\/\/truusk.store\/sv\/produkt\/truusk-stepper-justerbar-hojd-aerobics-rod-svart\/","title":{"rendered":"TRUUSK Stepper &#8211; Justerbar h\u00f6jd &#8211; Aerobics &#8211; R\u00f6d + Svart"},"content":{"rendered":"<p>G\u00f6r din konditions- och konditionstr\u00e4ning s\u00e4rskilt effektiv och skonsam med denna enast\u00e5ende aeroba stepper. Modulf\u00f6tterna g\u00f6r det m\u00f6jligt att justera h\u00f6jden var som helst mellan 10, 15 och 20 cm. De h\u00e5llbara och h\u00e5llbara materialen ger dig inte bara ett stadigt f\u00e4ste utan \u00e4r ocks\u00e5 skonsamma mot lederna. Tack vare den sofistikerade, modul\u00e4ra designen kan du enkelt ta med dig denna stepper var som helst och f\u00f6rvara den f\u00f6r att spara utrymme.<\/p>\n<h3>Beskrivning:<\/h3>\n<ul>\n<li>H\u00f6jden kan justeras till 10, 15 och 20 cm<\/li>\n<li>Halkfri yta och f\u00f6tter f\u00f6r s\u00e4ker anv\u00e4ndning<\/li>\n<li>H\u00e5llbar och extremt t\u00e5lig<\/li>\n<li>L\u00e4tt att f\u00f6rvara och transportera<\/li>\n<li>Effektiv och skonsam tr\u00e4ning hemma<\/li>\n<\/ul>\n<h3>Teknisk data:<\/h3>\n<ul>\n<li>F\u00e4rger: Gr\u00e5+r\u00f6d<\/li>\n<li>Material: Plast<\/li>\n<li>Totalstorlek: 78L x 28W x 10\/15\/20H cm<\/li>\n<li>Enkelsteg: 28L x 10W x 5H cm<\/li>\n<li>Rekommenderad maxlast: 150 kg<\/li>\n<\/ul>\n<h3>Leveransens omfattning:<\/h3>\n<ul>\n<li>1 x Aerobic Stepper;<\/li>\n<\/ul>\n","protected":false},"excerpt":{"rendered":"<p>G\u00f6r din konditions- och konditionstr\u00e4ning s\u00e4rskilt effektiv och skonsam med denna enast\u00e5ende aeroba stepper. Modulf\u00f6tterna g\u00f6r det m\u00f6jligt att justera&#8230;<\/p>\n","protected":false},"featured_media":31014,"template":"","meta":[],"product_brand":[],"product_cat":[661,647,666],"product_tag":[],"class_list":{"0":"post-31013","1":"product","2":"type-product","3":"status-publish","4":"has-post-thumbnail","6":"product_cat-kondition-styrketraning","7":"product_cat-sport-fritid","8":"product_cat-stegbrador-och-ministeg","10":"first","11":"instock","12":"sale","13":"taxable","14":"shipping-taxable","15":"purchasable","16":"product-type-simple"},"yoast_head":"<!-- This site is optimized with the Yoast SEO plugin v25.4 - https:\/\/yoast.com\/wordpress\/plugins\/seo\/ -->\n<title>TRUUSK Stepper - Justerbar h\u00f6jd - Aerobics - R\u00f6d + Svart - TRUUSK - Hem, Tr\u00e4dg\u00e5rd &amp; Fritid<\/title>\n<meta name=\"robots\" content=\"index, follow, max-snippet:-1, max-image-preview:large, max-video-preview:-1\" \/>\n<link rel=\"canonical\" href=\"https:\/\/truusk.store\/sv\/produkt\/truusk-stepper-justerbar-hojd-aerobics-rod-svart\/\" \/>\n<meta property=\"og:locale\" content=\"sv_SE\" \/>\n<meta property=\"og:type\" content=\"article\" \/>\n<meta property=\"og:title\" content=\"TRUUSK Stepper - Justerbar h\u00f6jd - Aerobics - R\u00f6d + Svart - TRUUSK - Hem, Tr\u00e4dg\u00e5rd &amp; Fritid\" \/>\n<meta property=\"og:description\" content=\"G\u00f6r din konditions- och konditionstr\u00e4ning s\u00e4rskilt effektiv och skonsam med denna enast\u00e5ende aeroba stepper. Modulf\u00f6tterna g\u00f6r det m\u00f6jligt att justera...\" \/>\n<meta property=\"og:url\" content=\"https:\/\/truusk.store\/sv\/produkt\/truusk-stepper-justerbar-hojd-aerobics-rod-svart\/\" \/>\n<meta property=\"og:site_name\" content=\"TRUUSK - Hem, Tr\u00e4dg\u00e5rd &amp; Fritid\" \/>\n<meta property=\"article:modified_time\" content=\"2026-03-12T08:09:23+00:00\" \/>\n<meta property=\"og:image\" content=\"https:\/\/i0.wp.com\/truusk.se\/wp-content\/uploads\/2024\/02\/stepper-hojdjusterbar-stepper-aerobic-stepper-rod-svart.webp?fit=800%2C800&ssl=1\" \/>\n\t<meta property=\"og:image:width\" content=\"800\" \/>\n\t<meta property=\"og:image:height\" content=\"800\" \/>\n\t<meta property=\"og:image:type\" content=\"image\/webp\" \/>\n<meta name=\"twitter:card\" content=\"summary_large_image\" \/>\n<meta name=\"twitter:label1\" content=\"Ber\u00e4knad l\u00e4stid\" \/>\n\t<meta name=\"twitter:data1\" content=\"1 minut\" \/>\n<!-- \/ Yoast SEO plugin. -->","yoast_head_json":{"title":"TRUUSK Stepper - Justerbar h\u00f6jd - Aerobics - R\u00f6d + Svart - TRUUSK - Hem, Tr\u00e4dg\u00e5rd &amp; Fritid","robots":{"index":"index","follow":"follow","max-snippet":"max-snippet:-1","max-image-preview":"max-image-preview:large","max-video-preview":"max-video-preview:-1"},"canonical":"https:\/\/truusk.store\/sv\/produkt\/truusk-stepper-justerbar-hojd-aerobics-rod-svart\/","og_locale":"sv_SE","og_type":"article","og_title":"TRUUSK Stepper - Justerbar h\u00f6jd - Aerobics - R\u00f6d + Svart - TRUUSK - Hem, Tr\u00e4dg\u00e5rd &amp; Fritid","og_description":"G\u00f6r din konditions- och konditionstr\u00e4ning s\u00e4rskilt effektiv och skonsam med denna enast\u00e5ende aeroba stepper. Modulf\u00f6tterna g\u00f6r det m\u00f6jligt att justera...","og_url":"https:\/\/truusk.store\/sv\/produkt\/truusk-stepper-justerbar-hojd-aerobics-rod-svart\/","og_site_name":"TRUUSK - Hem, Tr\u00e4dg\u00e5rd &amp; Fritid","article_modified_time":"2026-03-12T08:09:23+00:00","og_image":[{"width":800,"height":800,"url":"https:\/\/i0.wp.com\/truusk.se\/wp-content\/uploads\/2024\/02\/stepper-hojdjusterbar-stepper-aerobic-stepper-rod-svart.webp?fit=800%2C800&ssl=1","type":"image\/webp"}],"twitter_card":"summary_large_image","twitter_misc":{"Ber\u00e4knad l\u00e4stid":"1 minut"},"schema":{"@context":"https:\/\/schema.org","@graph":[{"@type":"WebPage","@id":"https:\/\/truusk.store\/sv\/produkt\/truusk-stepper-justerbar-hojd-aerobics-rod-svart\/","url":"https:\/\/truusk.store\/sv\/produkt\/truusk-stepper-justerbar-hojd-aerobics-rod-svart\/","name":"TRUUSK Stepper - Justerbar h\u00f6jd - Aerobics - R\u00f6d + Svart - TRUUSK - Hem, Tr\u00e4dg\u00e5rd &amp; Fritid","isPartOf":{"@id":"https:\/\/truusk.store\/sv\/#website"},"primaryImageOfPage":{"@id":"https:\/\/truusk.store\/sv\/produkt\/truusk-stepper-justerbar-hojd-aerobics-rod-svart\/#primaryimage"},"image":{"@id":"https:\/\/truusk.store\/sv\/produkt\/truusk-stepper-justerbar-hojd-aerobics-rod-svart\/#primaryimage"},"thumbnailUrl":"https:\/\/i0.wp.com\/truusk.store\/wp-content\/uploads\/2024\/02\/stepper-hojdjusterbar-stepper-aerobic-stepper-rod-svart.webp?fit=800%2C800&ssl=1","datePublished":"2024-02-13T20:05:44+00:00","dateModified":"2026-03-12T08:09:23+00:00","breadcrumb":{"@id":"https:\/\/truusk.store\/sv\/produkt\/truusk-stepper-justerbar-hojd-aerobics-rod-svart\/#breadcrumb"},"inLanguage":"sv-SE","potentialAction":[{"@type":"ReadAction","target":["https:\/\/truusk.store\/sv\/produkt\/truusk-stepper-justerbar-hojd-aerobics-rod-svart\/"]}]},{"@type":"ImageObject","inLanguage":"sv-SE","@id":"https:\/\/truusk.store\/sv\/produkt\/truusk-stepper-justerbar-hojd-aerobics-rod-svart\/#primaryimage","url":"https:\/\/i0.wp.com\/truusk.store\/wp-content\/uploads\/2024\/02\/stepper-hojdjusterbar-stepper-aerobic-stepper-rod-svart.webp?fit=800%2C800&ssl=1","contentUrl":"https:\/\/i0.wp.com\/truusk.store\/wp-content\/uploads\/2024\/02\/stepper-hojdjusterbar-stepper-aerobic-stepper-rod-svart.webp?fit=800%2C800&ssl=1","width":800,"height":800,"caption":"Stepper H\u00f6jdjusterbar Stepper Aerobic Stepper, R\u00f6d + Svart 1"},{"@type":"BreadcrumbList","@id":"https:\/\/truusk.store\/sv\/produkt\/truusk-stepper-justerbar-hojd-aerobics-rod-svart\/#breadcrumb","itemListElement":[{"@type":"ListItem","position":1,"name":"Home","item":"https:\/\/truusk.store\/sv\/"},{"@type":"ListItem","position":2,"name":"Shop","item":"https:\/\/truusk.store\/shop\/"},{"@type":"ListItem","position":3,"name":"TRUUSK Stepper &#8211; Justerbar h\u00f6jd &#8211; Aerobics &#8211; R\u00f6d + Svart"}]},{"@type":"WebSite","@id":"https:\/\/truusk.store\/sv\/#website","url":"https:\/\/truusk.store\/sv\/","name":"TRUUSK - Hem, Tr\u00e4dg\u00e5rd & Fritid","description":"","publisher":{"@id":"https:\/\/truusk.store\/sv\/#organization"},"potentialAction":[{"@type":"SearchAction","target":{"@type":"EntryPoint","urlTemplate":"https:\/\/truusk.store\/sv\/?s={search_term_string}"},"query-input":{"@type":"PropertyValueSpecification","valueRequired":true,"valueName":"search_term_string"}}],"inLanguage":"sv-SE"},{"@type":"Organization","@id":"https:\/\/truusk.store\/sv\/#organization","name":"TRUUSK - Hem, Tr\u00e4dg\u00e5rd & Fritid","url":"https:\/\/truusk.store\/sv\/","logo":{"@type":"ImageObject","inLanguage":"sv-SE","@id":"https:\/\/truusk.store\/sv\/#\/schema\/logo\/image\/","url":"https:\/\/i0.wp.com\/truusk.store\/wp-content\/uploads\/2026\/03\/cropped-TRUUSK.png?fit=2032%2C917&ssl=1","contentUrl":"https:\/\/i0.wp.com\/truusk.store\/wp-content\/uploads\/2026\/03\/cropped-TRUUSK.png?fit=2032%2C917&ssl=1","width":2032,"height":917,"caption":"TRUUSK - Hem, Tr\u00e4dg\u00e5rd & Fritid"},"image":{"@id":"https:\/\/truusk.store\/sv\/#\/schema\/logo\/image\/"}}]}},"jetpack_sharing_enabled":true,"_links":{"self":[{"href":"https:\/\/truusk.store\/sv\/wp-json\/wp\/v2\/product\/31013","targetHints":{"allow":["GET"]}}],"collection":[{"href":"https:\/\/truusk.store\/sv\/wp-json\/wp\/v2\/product"}],"about":[{"href":"https:\/\/truusk.store\/sv\/wp-json\/wp\/v2\/types\/product"}],"wp:featuredmedia":[{"embeddable":true,"href":"https:\/\/truusk.store\/sv\/wp-json\/wp\/v2\/media\/31014"}],"wp:attachment":[{"href":"https:\/\/truusk.store\/sv\/wp-json\/wp\/v2\/media?parent=31013"}],"wp:term":[{"taxonomy":"product_brand","embeddable":true,"href":"https:\/\/truusk.store\/sv\/wp-json\/wp\/v2\/product_brand?post=31013"},{"taxonomy":"product_cat","embeddable":true,"href":"https:\/\/truusk.store\/sv\/wp-json\/wp\/v2\/product_cat?post=31013"},{"taxonomy":"product_tag","embeddable":true,"href":"https:\/\/truusk.store\/sv\/wp-json\/wp\/v2\/product_tag?post=31013"}],"curies":[{"name":"wp","href":"https:\/\/api.w.org\/{rel}","templated":true}]}}