{"id":31055,"date":"2024-02-13T21:07:06","date_gmt":"2024-02-13T20:07:06","guid":{"rendered":"https:\/\/truusk.store\/product\/folie-vaxthus-vaxthus-tomat-krukvaxt-hus-frukostbadd-4-hyllor-gron-70-x-50-x-160-cm\/"},"modified":"2026-03-12T09:09:23","modified_gmt":"2026-03-12T08:09:23","slug":"truusk-vaxthus-med-4-hyllor-for-tomat-och-krukvaxter-inkluderar-frukostbadd-gron-70-x-50-x-160-cm","status":"publish","type":"product","link":"https:\/\/truusk.store\/sv\/produkt\/truusk-vaxthus-med-4-hyllor-for-tomat-och-krukvaxter-inkluderar-frukostbadd-gron-70-x-50-x-160-cm\/","title":{"rendered":"TRUUSK V\u00e4xthus med 4 hyllor &#8211; F\u00f6r tomat- och krukv\u00e4xter &#8211; Inkluderar frukostb\u00e4dd &#8211; Gr\u00f6n &#8211; 70 x 50 x 160 cm"},"content":{"rendered":"<p>Starta det nya tr\u00e4dg\u00e5rds\u00e5ret med tillf\u00f6rsikt. Frukosts\u00e4ngen \u00e4r ett litet rymdmirakel. Ditt stabila foliev\u00e4xthus erbjuder gott om utrymme inuti med kompakta m\u00e5tt. Dina v\u00e4xter kommer att hitta en s\u00e4ker plats p\u00e5 v\u00e4xthyllorna med fyra hyllor (fackets h\u00f6jd 35 cm, varje rymmer max 15 kg). Basramen och basramen \u00e4r gjorda av pulverlackerat st\u00e5lr\u00f6r och \u00e4r d\u00e4rf\u00f6r v\u00e4derbest\u00e4ndiga och stabila.<\/p>\n<h3>Beskrivning:<\/h3>\n<ul>\n<li>Extra st\u00e5lr\u00f6r som golvram f\u00f6r b\u00e4ttre stabilitet<\/li>\n<li>Idealisk f\u00f6r s\u00e5dd, odling och odling<\/li>\n<li>Skydd f\u00f6r v\u00e4xter, frukter och gr\u00f6nsaker fr\u00e5n v\u00e4derp\u00e5verkan<\/li>\n<li>Ram av pulverlackerat st\u00e5lr\u00f6r: h\u00f6g stabilitet<\/li>\n<li>Reng\u00f6r snabbt och utan anstr\u00e4ngning<\/li>\n<li>Tips: Folien \u00e4r 10 cm l\u00e4ngre p\u00e5 varje sida \u00e4n metallr\u00f6ren, den nedre kanten kan gr\u00e4vas ner i marken eller tyngs ner med stenar. Detta g\u00f6r v\u00e4xthuset mer stabilt.<\/li>\n<\/ul>\n<h3>Teknisk data:<\/h3>\n<ul>\n<li>F\u00e4rg: gr\u00f6n<\/li>\n<li>Totala m\u00e5tt: 70W x 50D x 160H cm<\/li>\n<li>M\u00e5tt per fack: 61L x 44W cm<\/li>\n<li>Mellanh\u00f6jd: 35 cm<\/li>\n<li>Diameter p\u00e5 r\u00f6rram: 16 mm<\/li>\n<li>Vindt\u00e4t: niv\u00e5 4<\/li>\n<\/ul>\n<h3>Leveransens omfattning:<\/h3>\n<ul>\n<li>1 x V\u00e4xthus<\/li>\n<\/ul>\n","protected":false},"excerpt":{"rendered":"<p>Starta det nya tr\u00e4dg\u00e5rds\u00e5ret med tillf\u00f6rsikt. Frukosts\u00e4ngen \u00e4r ett litet rymdmirakel. Ditt stabila foliev\u00e4xthus erbjuder gott om utrymme inuti med&#8230;<\/p>\n","protected":false},"featured_media":31056,"template":"","meta":[],"product_brand":[],"product_cat":[444,435,443],"product_tag":[],"class_list":{"0":"post-31055","1":"product","2":"type-product","3":"status-publish","4":"has-post-thumbnail","6":"product_cat-filma-vaxthus","7":"product_cat-tradgard-och-terrass","8":"product_cat-vaxthus-tradgardsskotsel","10":"first","11":"instock","12":"sale","13":"taxable","14":"shipping-taxable","15":"purchasable","16":"product-type-simple"},"yoast_head":"<!-- This site is optimized with the Yoast SEO plugin v25.4 - https:\/\/yoast.com\/wordpress\/plugins\/seo\/ -->\n<title>TRUUSK V\u00e4xthus med 4 hyllor - F\u00f6r tomat- och krukv\u00e4xter - Inkluderar frukostb\u00e4dd - Gr\u00f6n - 70 x 50 x 160 cm - TRUUSK - Hem, Tr\u00e4dg\u00e5rd &amp; Fritid<\/title>\n<meta name=\"robots\" content=\"index, follow, max-snippet:-1, max-image-preview:large, max-video-preview:-1\" \/>\n<link rel=\"canonical\" href=\"https:\/\/truusk.store\/sv\/produkt\/truusk-vaxthus-med-4-hyllor-for-tomat-och-krukvaxter-inkluderar-frukostbadd-gron-70-x-50-x-160-cm\/\" \/>\n<meta property=\"og:locale\" content=\"sv_SE\" \/>\n<meta property=\"og:type\" content=\"article\" \/>\n<meta property=\"og:title\" content=\"TRUUSK V\u00e4xthus med 4 hyllor - F\u00f6r tomat- och krukv\u00e4xter - Inkluderar frukostb\u00e4dd - Gr\u00f6n - 70 x 50 x 160 cm - TRUUSK - Hem, Tr\u00e4dg\u00e5rd &amp; Fritid\" \/>\n<meta property=\"og:description\" content=\"Starta det nya tr\u00e4dg\u00e5rds\u00e5ret med tillf\u00f6rsikt. Frukosts\u00e4ngen \u00e4r ett litet rymdmirakel. Ditt stabila foliev\u00e4xthus erbjuder gott om utrymme inuti med...\" \/>\n<meta property=\"og:url\" content=\"https:\/\/truusk.store\/sv\/produkt\/truusk-vaxthus-med-4-hyllor-for-tomat-och-krukvaxter-inkluderar-frukostbadd-gron-70-x-50-x-160-cm\/\" \/>\n<meta property=\"og:site_name\" content=\"TRUUSK - Hem, Tr\u00e4dg\u00e5rd &amp; Fritid\" \/>\n<meta property=\"article:modified_time\" content=\"2026-03-12T08:09:23+00:00\" \/>\n<meta property=\"og:image\" content=\"https:\/\/i0.wp.com\/truusk.se\/wp-content\/uploads\/2024\/02\/folie-vaxthus-vaxthus-tomat-krukvaxt-hus-frukostbadd-4-hyllor-gron-70-x-50-x-160-cm.webp?fit=800%2C800&ssl=1\" \/>\n\t<meta property=\"og:image:width\" content=\"800\" \/>\n\t<meta property=\"og:image:height\" content=\"800\" \/>\n\t<meta property=\"og:image:type\" content=\"image\/webp\" \/>\n<meta name=\"twitter:card\" content=\"summary_large_image\" \/>\n<meta name=\"twitter:label1\" content=\"Ber\u00e4knad l\u00e4stid\" \/>\n\t<meta name=\"twitter:data1\" content=\"1 minut\" \/>\n<!-- \/ Yoast SEO plugin. -->","yoast_head_json":{"title":"TRUUSK V\u00e4xthus med 4 hyllor - F\u00f6r tomat- och krukv\u00e4xter - Inkluderar frukostb\u00e4dd - Gr\u00f6n - 70 x 50 x 160 cm - TRUUSK - Hem, Tr\u00e4dg\u00e5rd &amp; Fritid","robots":{"index":"index","follow":"follow","max-snippet":"max-snippet:-1","max-image-preview":"max-image-preview:large","max-video-preview":"max-video-preview:-1"},"canonical":"https:\/\/truusk.store\/sv\/produkt\/truusk-vaxthus-med-4-hyllor-for-tomat-och-krukvaxter-inkluderar-frukostbadd-gron-70-x-50-x-160-cm\/","og_locale":"sv_SE","og_type":"article","og_title":"TRUUSK V\u00e4xthus med 4 hyllor - F\u00f6r tomat- och krukv\u00e4xter - Inkluderar frukostb\u00e4dd - Gr\u00f6n - 70 x 50 x 160 cm - TRUUSK - Hem, Tr\u00e4dg\u00e5rd &amp; Fritid","og_description":"Starta det nya tr\u00e4dg\u00e5rds\u00e5ret med tillf\u00f6rsikt. Frukosts\u00e4ngen \u00e4r ett litet rymdmirakel. Ditt stabila foliev\u00e4xthus erbjuder gott om utrymme inuti med...","og_url":"https:\/\/truusk.store\/sv\/produkt\/truusk-vaxthus-med-4-hyllor-for-tomat-och-krukvaxter-inkluderar-frukostbadd-gron-70-x-50-x-160-cm\/","og_site_name":"TRUUSK - Hem, Tr\u00e4dg\u00e5rd &amp; Fritid","article_modified_time":"2026-03-12T08:09:23+00:00","og_image":[{"width":800,"height":800,"url":"https:\/\/i0.wp.com\/truusk.se\/wp-content\/uploads\/2024\/02\/folie-vaxthus-vaxthus-tomat-krukvaxt-hus-frukostbadd-4-hyllor-gron-70-x-50-x-160-cm.webp?fit=800%2C800&ssl=1","type":"image\/webp"}],"twitter_card":"summary_large_image","twitter_misc":{"Ber\u00e4knad l\u00e4stid":"1 minut"},"schema":{"@context":"https:\/\/schema.org","@graph":[{"@type":"WebPage","@id":"https:\/\/truusk.store\/sv\/produkt\/truusk-vaxthus-med-4-hyllor-for-tomat-och-krukvaxter-inkluderar-frukostbadd-gron-70-x-50-x-160-cm\/","url":"https:\/\/truusk.store\/sv\/produkt\/truusk-vaxthus-med-4-hyllor-for-tomat-och-krukvaxter-inkluderar-frukostbadd-gron-70-x-50-x-160-cm\/","name":"TRUUSK V\u00e4xthus med 4 hyllor - F\u00f6r tomat- och krukv\u00e4xter - Inkluderar frukostb\u00e4dd - Gr\u00f6n - 70 x 50 x 160 cm - TRUUSK - Hem, Tr\u00e4dg\u00e5rd &amp; Fritid","isPartOf":{"@id":"https:\/\/truusk.store\/sv\/#website"},"primaryImageOfPage":{"@id":"https:\/\/truusk.store\/sv\/produkt\/truusk-vaxthus-med-4-hyllor-for-tomat-och-krukvaxter-inkluderar-frukostbadd-gron-70-x-50-x-160-cm\/#primaryimage"},"image":{"@id":"https:\/\/truusk.store\/sv\/produkt\/truusk-vaxthus-med-4-hyllor-for-tomat-och-krukvaxter-inkluderar-frukostbadd-gron-70-x-50-x-160-cm\/#primaryimage"},"thumbnailUrl":"https:\/\/i0.wp.com\/truusk.store\/wp-content\/uploads\/2024\/02\/folie-vaxthus-vaxthus-tomat-krukvaxt-hus-frukostbadd-4-hyllor-gron-70-x-50-x-160-cm.webp?fit=800%2C800&ssl=1","datePublished":"2024-02-13T20:07:06+00:00","dateModified":"2026-03-12T08:09:23+00:00","breadcrumb":{"@id":"https:\/\/truusk.store\/sv\/produkt\/truusk-vaxthus-med-4-hyllor-for-tomat-och-krukvaxter-inkluderar-frukostbadd-gron-70-x-50-x-160-cm\/#breadcrumb"},"inLanguage":"sv-SE","potentialAction":[{"@type":"ReadAction","target":["https:\/\/truusk.store\/sv\/produkt\/truusk-vaxthus-med-4-hyllor-for-tomat-och-krukvaxter-inkluderar-frukostbadd-gron-70-x-50-x-160-cm\/"]}]},{"@type":"ImageObject","inLanguage":"sv-SE","@id":"https:\/\/truusk.store\/sv\/produkt\/truusk-vaxthus-med-4-hyllor-for-tomat-och-krukvaxter-inkluderar-frukostbadd-gron-70-x-50-x-160-cm\/#primaryimage","url":"https:\/\/i0.wp.com\/truusk.store\/wp-content\/uploads\/2024\/02\/folie-vaxthus-vaxthus-tomat-krukvaxt-hus-frukostbadd-4-hyllor-gron-70-x-50-x-160-cm.webp?fit=800%2C800&ssl=1","contentUrl":"https:\/\/i0.wp.com\/truusk.store\/wp-content\/uploads\/2024\/02\/folie-vaxthus-vaxthus-tomat-krukvaxt-hus-frukostbadd-4-hyllor-gron-70-x-50-x-160-cm.webp?fit=800%2C800&ssl=1","width":800,"height":800,"caption":"Folie V\u00e4xthus V\u00e4xthus Tomat Krukv\u00e4xt Hus Frukostb\u00e4dd 4 Hyllor Gr\u00f6n 70 X 50 X 160 Cm 1"},{"@type":"BreadcrumbList","@id":"https:\/\/truusk.store\/sv\/produkt\/truusk-vaxthus-med-4-hyllor-for-tomat-och-krukvaxter-inkluderar-frukostbadd-gron-70-x-50-x-160-cm\/#breadcrumb","itemListElement":[{"@type":"ListItem","position":1,"name":"Home","item":"https:\/\/truusk.store\/sv\/"},{"@type":"ListItem","position":2,"name":"Shop","item":"https:\/\/truusk.store\/shop\/"},{"@type":"ListItem","position":3,"name":"TRUUSK V\u00e4xthus med 4 hyllor &#8211; F\u00f6r tomat- och krukv\u00e4xter &#8211; Inkluderar frukostb\u00e4dd &#8211; Gr\u00f6n &#8211; 70 x 50 x 160 cm"}]},{"@type":"WebSite","@id":"https:\/\/truusk.store\/sv\/#website","url":"https:\/\/truusk.store\/sv\/","name":"TRUUSK - Hem, Tr\u00e4dg\u00e5rd & Fritid","description":"","publisher":{"@id":"https:\/\/truusk.store\/sv\/#organization"},"potentialAction":[{"@type":"SearchAction","target":{"@type":"EntryPoint","urlTemplate":"https:\/\/truusk.store\/sv\/?s={search_term_string}"},"query-input":{"@type":"PropertyValueSpecification","valueRequired":true,"valueName":"search_term_string"}}],"inLanguage":"sv-SE"},{"@type":"Organization","@id":"https:\/\/truusk.store\/sv\/#organization","name":"TRUUSK - Hem, Tr\u00e4dg\u00e5rd & Fritid","url":"https:\/\/truusk.store\/sv\/","logo":{"@type":"ImageObject","inLanguage":"sv-SE","@id":"https:\/\/truusk.store\/sv\/#\/schema\/logo\/image\/","url":"https:\/\/i0.wp.com\/truusk.store\/wp-content\/uploads\/2026\/03\/cropped-TRUUSK.png?fit=2032%2C917&ssl=1","contentUrl":"https:\/\/i0.wp.com\/truusk.store\/wp-content\/uploads\/2026\/03\/cropped-TRUUSK.png?fit=2032%2C917&ssl=1","width":2032,"height":917,"caption":"TRUUSK - Hem, Tr\u00e4dg\u00e5rd & Fritid"},"image":{"@id":"https:\/\/truusk.store\/sv\/#\/schema\/logo\/image\/"}}]}},"jetpack_sharing_enabled":true,"_links":{"self":[{"href":"https:\/\/truusk.store\/sv\/wp-json\/wp\/v2\/product\/31055","targetHints":{"allow":["GET"]}}],"collection":[{"href":"https:\/\/truusk.store\/sv\/wp-json\/wp\/v2\/product"}],"about":[{"href":"https:\/\/truusk.store\/sv\/wp-json\/wp\/v2\/types\/product"}],"wp:featuredmedia":[{"embeddable":true,"href":"https:\/\/truusk.store\/sv\/wp-json\/wp\/v2\/media\/31056"}],"wp:attachment":[{"href":"https:\/\/truusk.store\/sv\/wp-json\/wp\/v2\/media?parent=31055"}],"wp:term":[{"taxonomy":"product_brand","embeddable":true,"href":"https:\/\/truusk.store\/sv\/wp-json\/wp\/v2\/product_brand?post=31055"},{"taxonomy":"product_cat","embeddable":true,"href":"https:\/\/truusk.store\/sv\/wp-json\/wp\/v2\/product_cat?post=31055"},{"taxonomy":"product_tag","embeddable":true,"href":"https:\/\/truusk.store\/sv\/wp-json\/wp\/v2\/product_tag?post=31055"}],"curies":[{"name":"wp","href":"https:\/\/api.w.org\/{rel}","templated":true}]}}