{"id":31064,"date":"2024-02-13T21:07:26","date_gmt":"2024-02-13T20:07:26","guid":{"rendered":"https:\/\/truusk.store\/product\/cykeltraning-med-8-niva-motstand-122-137-x-62-x-103cm-stalgrasvartsilver\/"},"modified":"2026-03-12T09:09:23","modified_gmt":"2026-03-12T08:09:23","slug":"truusk-cykeltraning-8-niva-motstand-stalgrasvartsilver-122-137-x-62-x-103cm","status":"publish","type":"product","link":"https:\/\/truusk.store\/sv\/produkt\/truusk-cykeltraning-8-niva-motstand-stalgrasvartsilver-122-137-x-62-x-103cm\/","title":{"rendered":"TRUUSK Cykeltr\u00e4ning 8-niv\u00e5 Motst\u00e5nd &#8211; St\u00e5lgr\u00e5+svart+silver &#8211; 122-137 X 62 X 103cm"},"content":{"rendered":"<p>Med denna fantastiska inomhuscykel kan du tr\u00e4na skonsamt och effektivt, oavsett v\u00e4der och v\u00e4glag. Utrustad med en LCD-sk\u00e4rm kan du sp\u00e5ra f\u00f6rfluten tid, hastighet, kalorier och tillryggalagd str\u00e4cka. Den robusta st\u00e5lramen b\u00e4r l\u00e4tt upp till 110 kg. Sitsen \u00e4r justerbar och \u00e5tta olika motst\u00e5ndsniv\u00e5er g\u00f6r att du kan skr\u00e4ddarsy tr\u00e4ningen efter dina \u00f6nskem\u00e5l.<\/p>\n<h3>Beskrivning:<\/h3>\n<ul>\n<li>Justerbart magnetiskt motst\u00e5nd i 8 niv\u00e5er<\/li>\n<li>LCD-sk\u00e4rmen visar tid, hastighet, f\u00f6rbr\u00e4nda kalorier och tillryggalagd str\u00e4cka<\/li>\n<li>Enkel justering av sits och ryggst\u00f6d<\/li>\n<li>Praktiska, justerbara p\u00e4lsband<\/li>\n<li>Tv\u00e5 hjul f\u00f6r enkel transport<\/li>\n<li>Max belastning: 110 kg<\/li>\n<li>Montering kr\u00e4vs<\/li>\n<\/ul>\n<h3>Teknisk data:<\/h3>\n<ul>\n<li>F\u00e4rg: Gr\u00e5+Svart+Silver<\/li>\n<li>Material: st\u00e5l, ABS<\/li>\n<li>\u00d6vergripande m\u00e5tt: 122-137L x 62W x 103H cm<\/li>\n<li>Armst\u00f6dsh\u00f6jd: 55 cm<\/li>\n<li>Sitsm\u00e5tt: 37L x 28W x 46H cm<\/li>\n<li>Ryggst\u00f6dsm\u00e5tt: 39L x 31W cm<\/li>\n<li>Max belastning: 110 kg<\/li>\n<\/ul>\n<h3>Leveransens omfattning:<\/h3>\n<ul>\n<li>1 x cykeltr\u00e4nare;<\/li>\n<\/ul>\n","protected":false},"excerpt":{"rendered":"<p>Med denna fantastiska inomhuscykel kan du tr\u00e4na skonsamt och effektivt, oavsett v\u00e4der och v\u00e4glag. Utrustad med en LCD-sk\u00e4rm kan du&#8230;<\/p>\n","protected":false},"featured_media":31065,"template":"","meta":[],"product_brand":[],"product_cat":[664,661,647],"product_tag":[],"class_list":{"0":"post-31064","1":"product","2":"type-product","3":"status-publish","4":"has-post-thumbnail","6":"product_cat-ergometrar-motionscyklar","7":"product_cat-kondition-styrketraning","8":"product_cat-sport-fritid","10":"first","11":"instock","12":"sale","13":"taxable","14":"shipping-taxable","15":"purchasable","16":"product-type-simple"},"yoast_head":"<!-- This site is optimized with the Yoast SEO plugin v25.4 - https:\/\/yoast.com\/wordpress\/plugins\/seo\/ -->\n<title>TRUUSK Cykeltr\u00e4ning 8-niv\u00e5 Motst\u00e5nd - St\u00e5lgr\u00e5+svart+silver - 122-137 X 62 X 103cm - TRUUSK - Hem, Tr\u00e4dg\u00e5rd &amp; Fritid<\/title>\n<meta name=\"robots\" content=\"index, follow, max-snippet:-1, max-image-preview:large, max-video-preview:-1\" \/>\n<link rel=\"canonical\" href=\"https:\/\/truusk.store\/sv\/produkt\/truusk-cykeltraning-8-niva-motstand-stalgrasvartsilver-122-137-x-62-x-103cm\/\" \/>\n<meta property=\"og:locale\" content=\"sv_SE\" \/>\n<meta property=\"og:type\" content=\"article\" \/>\n<meta property=\"og:title\" content=\"TRUUSK Cykeltr\u00e4ning 8-niv\u00e5 Motst\u00e5nd - St\u00e5lgr\u00e5+svart+silver - 122-137 X 62 X 103cm - TRUUSK - Hem, Tr\u00e4dg\u00e5rd &amp; Fritid\" \/>\n<meta property=\"og:description\" content=\"Med denna fantastiska inomhuscykel kan du tr\u00e4na skonsamt och effektivt, oavsett v\u00e4der och v\u00e4glag. Utrustad med en LCD-sk\u00e4rm kan du...\" \/>\n<meta property=\"og:url\" content=\"https:\/\/truusk.store\/sv\/produkt\/truusk-cykeltraning-8-niva-motstand-stalgrasvartsilver-122-137-x-62-x-103cm\/\" \/>\n<meta property=\"og:site_name\" content=\"TRUUSK - Hem, Tr\u00e4dg\u00e5rd &amp; Fritid\" \/>\n<meta property=\"article:modified_time\" content=\"2026-03-12T08:09:23+00:00\" \/>\n<meta property=\"og:image\" content=\"https:\/\/i0.wp.com\/truusk.se\/wp-content\/uploads\/2024\/02\/cykeltraning-med-8-niva-motstand-122-137-x-62-x-103cm-stalgrasvartsilver.webp?fit=800%2C800&ssl=1\" \/>\n\t<meta property=\"og:image:width\" content=\"800\" \/>\n\t<meta property=\"og:image:height\" content=\"800\" \/>\n\t<meta property=\"og:image:type\" content=\"image\/webp\" \/>\n<meta name=\"twitter:card\" content=\"summary_large_image\" \/>\n<meta name=\"twitter:label1\" content=\"Ber\u00e4knad l\u00e4stid\" \/>\n\t<meta name=\"twitter:data1\" content=\"1 minut\" \/>\n<!-- \/ Yoast SEO plugin. -->","yoast_head_json":{"title":"TRUUSK Cykeltr\u00e4ning 8-niv\u00e5 Motst\u00e5nd - St\u00e5lgr\u00e5+svart+silver - 122-137 X 62 X 103cm - TRUUSK - Hem, Tr\u00e4dg\u00e5rd &amp; Fritid","robots":{"index":"index","follow":"follow","max-snippet":"max-snippet:-1","max-image-preview":"max-image-preview:large","max-video-preview":"max-video-preview:-1"},"canonical":"https:\/\/truusk.store\/sv\/produkt\/truusk-cykeltraning-8-niva-motstand-stalgrasvartsilver-122-137-x-62-x-103cm\/","og_locale":"sv_SE","og_type":"article","og_title":"TRUUSK Cykeltr\u00e4ning 8-niv\u00e5 Motst\u00e5nd - St\u00e5lgr\u00e5+svart+silver - 122-137 X 62 X 103cm - TRUUSK - Hem, Tr\u00e4dg\u00e5rd &amp; Fritid","og_description":"Med denna fantastiska inomhuscykel kan du tr\u00e4na skonsamt och effektivt, oavsett v\u00e4der och v\u00e4glag. Utrustad med en LCD-sk\u00e4rm kan du...","og_url":"https:\/\/truusk.store\/sv\/produkt\/truusk-cykeltraning-8-niva-motstand-stalgrasvartsilver-122-137-x-62-x-103cm\/","og_site_name":"TRUUSK - Hem, Tr\u00e4dg\u00e5rd &amp; Fritid","article_modified_time":"2026-03-12T08:09:23+00:00","og_image":[{"width":800,"height":800,"url":"https:\/\/i0.wp.com\/truusk.se\/wp-content\/uploads\/2024\/02\/cykeltraning-med-8-niva-motstand-122-137-x-62-x-103cm-stalgrasvartsilver.webp?fit=800%2C800&ssl=1","type":"image\/webp"}],"twitter_card":"summary_large_image","twitter_misc":{"Ber\u00e4knad l\u00e4stid":"1 minut"},"schema":{"@context":"https:\/\/schema.org","@graph":[{"@type":"WebPage","@id":"https:\/\/truusk.store\/sv\/produkt\/truusk-cykeltraning-8-niva-motstand-stalgrasvartsilver-122-137-x-62-x-103cm\/","url":"https:\/\/truusk.store\/sv\/produkt\/truusk-cykeltraning-8-niva-motstand-stalgrasvartsilver-122-137-x-62-x-103cm\/","name":"TRUUSK Cykeltr\u00e4ning 8-niv\u00e5 Motst\u00e5nd - St\u00e5lgr\u00e5+svart+silver - 122-137 X 62 X 103cm - TRUUSK - Hem, Tr\u00e4dg\u00e5rd &amp; Fritid","isPartOf":{"@id":"https:\/\/truusk.store\/sv\/#website"},"primaryImageOfPage":{"@id":"https:\/\/truusk.store\/sv\/produkt\/truusk-cykeltraning-8-niva-motstand-stalgrasvartsilver-122-137-x-62-x-103cm\/#primaryimage"},"image":{"@id":"https:\/\/truusk.store\/sv\/produkt\/truusk-cykeltraning-8-niva-motstand-stalgrasvartsilver-122-137-x-62-x-103cm\/#primaryimage"},"thumbnailUrl":"https:\/\/i0.wp.com\/truusk.store\/wp-content\/uploads\/2024\/02\/cykeltraning-med-8-niva-motstand-122-137-x-62-x-103cm-stalgrasvartsilver.webp?fit=800%2C800&ssl=1","datePublished":"2024-02-13T20:07:26+00:00","dateModified":"2026-03-12T08:09:23+00:00","breadcrumb":{"@id":"https:\/\/truusk.store\/sv\/produkt\/truusk-cykeltraning-8-niva-motstand-stalgrasvartsilver-122-137-x-62-x-103cm\/#breadcrumb"},"inLanguage":"sv-SE","potentialAction":[{"@type":"ReadAction","target":["https:\/\/truusk.store\/sv\/produkt\/truusk-cykeltraning-8-niva-motstand-stalgrasvartsilver-122-137-x-62-x-103cm\/"]}]},{"@type":"ImageObject","inLanguage":"sv-SE","@id":"https:\/\/truusk.store\/sv\/produkt\/truusk-cykeltraning-8-niva-motstand-stalgrasvartsilver-122-137-x-62-x-103cm\/#primaryimage","url":"https:\/\/i0.wp.com\/truusk.store\/wp-content\/uploads\/2024\/02\/cykeltraning-med-8-niva-motstand-122-137-x-62-x-103cm-stalgrasvartsilver.webp?fit=800%2C800&ssl=1","contentUrl":"https:\/\/i0.wp.com\/truusk.store\/wp-content\/uploads\/2024\/02\/cykeltraning-med-8-niva-motstand-122-137-x-62-x-103cm-stalgrasvartsilver.webp?fit=800%2C800&ssl=1","width":800,"height":800,"caption":"Cykeltr\u00e4ning Med 8-niv\u00e5 Motst\u00e5nd 122-137 X 62 X 103cm St\u00e5lgr\u00e5+svart+silver 1"},{"@type":"BreadcrumbList","@id":"https:\/\/truusk.store\/sv\/produkt\/truusk-cykeltraning-8-niva-motstand-stalgrasvartsilver-122-137-x-62-x-103cm\/#breadcrumb","itemListElement":[{"@type":"ListItem","position":1,"name":"Home","item":"https:\/\/truusk.store\/sv\/"},{"@type":"ListItem","position":2,"name":"Shop","item":"https:\/\/truusk.store\/shop\/"},{"@type":"ListItem","position":3,"name":"TRUUSK Cykeltr\u00e4ning 8-niv\u00e5 Motst\u00e5nd &#8211; St\u00e5lgr\u00e5+svart+silver &#8211; 122-137 X 62 X 103cm"}]},{"@type":"WebSite","@id":"https:\/\/truusk.store\/sv\/#website","url":"https:\/\/truusk.store\/sv\/","name":"TRUUSK - Hem, Tr\u00e4dg\u00e5rd & Fritid","description":"","publisher":{"@id":"https:\/\/truusk.store\/sv\/#organization"},"potentialAction":[{"@type":"SearchAction","target":{"@type":"EntryPoint","urlTemplate":"https:\/\/truusk.store\/sv\/?s={search_term_string}"},"query-input":{"@type":"PropertyValueSpecification","valueRequired":true,"valueName":"search_term_string"}}],"inLanguage":"sv-SE"},{"@type":"Organization","@id":"https:\/\/truusk.store\/sv\/#organization","name":"TRUUSK - Hem, Tr\u00e4dg\u00e5rd & Fritid","url":"https:\/\/truusk.store\/sv\/","logo":{"@type":"ImageObject","inLanguage":"sv-SE","@id":"https:\/\/truusk.store\/sv\/#\/schema\/logo\/image\/","url":"https:\/\/i0.wp.com\/truusk.store\/wp-content\/uploads\/2026\/03\/cropped-TRUUSK.png?fit=2032%2C917&ssl=1","contentUrl":"https:\/\/i0.wp.com\/truusk.store\/wp-content\/uploads\/2026\/03\/cropped-TRUUSK.png?fit=2032%2C917&ssl=1","width":2032,"height":917,"caption":"TRUUSK - Hem, Tr\u00e4dg\u00e5rd & Fritid"},"image":{"@id":"https:\/\/truusk.store\/sv\/#\/schema\/logo\/image\/"}}]}},"jetpack_sharing_enabled":true,"_links":{"self":[{"href":"https:\/\/truusk.store\/sv\/wp-json\/wp\/v2\/product\/31064","targetHints":{"allow":["GET"]}}],"collection":[{"href":"https:\/\/truusk.store\/sv\/wp-json\/wp\/v2\/product"}],"about":[{"href":"https:\/\/truusk.store\/sv\/wp-json\/wp\/v2\/types\/product"}],"wp:featuredmedia":[{"embeddable":true,"href":"https:\/\/truusk.store\/sv\/wp-json\/wp\/v2\/media\/31065"}],"wp:attachment":[{"href":"https:\/\/truusk.store\/sv\/wp-json\/wp\/v2\/media?parent=31064"}],"wp:term":[{"taxonomy":"product_brand","embeddable":true,"href":"https:\/\/truusk.store\/sv\/wp-json\/wp\/v2\/product_brand?post=31064"},{"taxonomy":"product_cat","embeddable":true,"href":"https:\/\/truusk.store\/sv\/wp-json\/wp\/v2\/product_cat?post=31064"},{"taxonomy":"product_tag","embeddable":true,"href":"https:\/\/truusk.store\/sv\/wp-json\/wp\/v2\/product_tag?post=31064"}],"curies":[{"name":"wp","href":"https:\/\/api.w.org\/{rel}","templated":true}]}}