{"id":31074,"date":"2024-02-13T21:07:44","date_gmt":"2024-02-13T20:07:44","guid":{"rendered":"https:\/\/truusk.store\/product\/folievaxthus-walk-in-vaxthus-med-8-hyllplan-tomatvaxthus-vaxthus-frukostbadd-med-dorr-gron-stal-pe-plast-143-x-138-x-195-cm\/"},"modified":"2026-03-12T09:09:24","modified_gmt":"2026-03-12T08:09:24","slug":"truusk-walk-in-folievaxthus-med-8-hyllplan-tomatvaxthus-med-dorr-frukostbadd-gron-stal-pe-plast-143-x-138-x-195-cm","status":"publish","type":"product","link":"https:\/\/truusk.store\/sv\/produkt\/truusk-walk-in-folievaxthus-med-8-hyllplan-tomatvaxthus-med-dorr-frukostbadd-gron-stal-pe-plast-143-x-138-x-195-cm\/","title":{"rendered":"TRUUSK Walk-in Foliev\u00e4xthus Med 8 Hyllplan &#8211; Tomatv\u00e4xthus Med D\u00f6rr &#8211; Frukostb\u00e4dd &#8211; Gr\u00f6n &#8211; St\u00e5l &#8211; PE Plast &#8211; 143 x 138 x 195 cm"},"content":{"rendered":"<p>Detta v\u00e4xthus \u00e4r det perfekta f\u00f6rem\u00e5let f\u00f6r amat\u00f6rtr\u00e4dg\u00e5rdsm\u00e4staren med en gr\u00f6n tumme eller n\u00e5gon som bara vill odla sina egna v\u00e4xter. Tomathuset kommer s\u00e4kerligen att f\u00f6rl\u00e4nga v\u00e4xts\u00e4songen f\u00f6r dina v\u00e4xter oavsett var du befinner dig och g\u00f6r att du kan odla dina egna v\u00e4xter och gr\u00f6nsaker p\u00e5 ett milj\u00f6v\u00e4nligt s\u00e4tt. Tveka inte att ta med den hem och ta med dina egna v\u00e4xter p\u00e5 tallriken!<\/p>\n<h3>Beskrivning:<\/h3>\n<ul>\n<li>Det slitstarka PE-\u00f6verdraget skyddar interi\u00f6ren fr\u00e5n l\u00e4tt vind, l\u00e4tt regn och kyla<\/li>\n<li>Flerv\u00e5ningshylla p\u00e5 varje sida f\u00f6r visning och f\u00f6rvaring av v\u00e4xter<\/li>\n<li>Stor rulld\u00f6rr med dragkedja f\u00f6r enkel \u00e5tkomst inifr\u00e5n och ut<\/li>\n<li>10 cm \u00f6verfl\u00f6dig lock b\u00f6r gr\u00e4vas ner djupt i marken f\u00f6r mer stabilitet<\/li>\n<li>4 vindrep och 4 markspetsar f\u00f6r extra stabilitet<\/li>\n<li>Montering kr\u00e4vs<\/li>\n<\/ul>\n<h3>Teknisk data:<\/h3>\n<ul>\n<li>F\u00e4rg: m\u00f6rkgr\u00f6n<\/li>\n<li>Material: st\u00e5l, PE-plast<\/li>\n<li>St\u00e5lram: 16mm<\/li>\n<li>Varje hylla rymmer en vikt p\u00e5 upp till 10 kg<\/li>\n<li>\u00d6vergripande m\u00e5tt: 143L x 138W x 190H cm<\/li>\n<li>PE lock: 140g\/m<\/li>\n<li>Vindt\u00e4t: niv\u00e5 4<\/li>\n<li>OBS: Inte l\u00e4mplig f\u00f6r d\u00e5liga v\u00e4derf\u00f6rh\u00e5llanden<\/li>\n<\/ul>\n<h3>Leveransens omfattning:<\/h3>\n<ul>\n<li>1 x v\u00e4xthus;<\/li>\n<\/ul>\n","protected":false},"excerpt":{"rendered":"<p>Detta v\u00e4xthus \u00e4r det perfekta f\u00f6rem\u00e5let f\u00f6r amat\u00f6rtr\u00e4dg\u00e5rdsm\u00e4staren med en gr\u00f6n tumme eller n\u00e5gon som bara vill odla sina egna&#8230;<\/p>\n","protected":false},"featured_media":31075,"template":"","meta":[],"product_brand":[],"product_cat":[444,435,443],"product_tag":[],"class_list":{"0":"post-31074","1":"product","2":"type-product","3":"status-publish","4":"has-post-thumbnail","6":"product_cat-filma-vaxthus","7":"product_cat-tradgard-och-terrass","8":"product_cat-vaxthus-tradgardsskotsel","10":"first","11":"instock","12":"sale","13":"taxable","14":"shipping-taxable","15":"purchasable","16":"product-type-simple"},"yoast_head":"<!-- This site is optimized with the Yoast SEO plugin v25.4 - https:\/\/yoast.com\/wordpress\/plugins\/seo\/ -->\n<title>TRUUSK Walk-in Foliev\u00e4xthus Med 8 Hyllplan - Tomatv\u00e4xthus Med D\u00f6rr - Frukostb\u00e4dd - Gr\u00f6n - St\u00e5l - PE Plast - 143 x 138 x 195 cm - TRUUSK - Hem, Tr\u00e4dg\u00e5rd &amp; Fritid<\/title>\n<meta name=\"robots\" content=\"index, follow, max-snippet:-1, max-image-preview:large, max-video-preview:-1\" \/>\n<link rel=\"canonical\" href=\"https:\/\/truusk.store\/sv\/produkt\/truusk-walk-in-folievaxthus-med-8-hyllplan-tomatvaxthus-med-dorr-frukostbadd-gron-stal-pe-plast-143-x-138-x-195-cm\/\" \/>\n<meta property=\"og:locale\" content=\"sv_SE\" \/>\n<meta property=\"og:type\" content=\"article\" \/>\n<meta property=\"og:title\" content=\"TRUUSK Walk-in Foliev\u00e4xthus Med 8 Hyllplan - Tomatv\u00e4xthus Med D\u00f6rr - Frukostb\u00e4dd - Gr\u00f6n - St\u00e5l - PE Plast - 143 x 138 x 195 cm - TRUUSK - Hem, Tr\u00e4dg\u00e5rd &amp; Fritid\" \/>\n<meta property=\"og:description\" content=\"Detta v\u00e4xthus \u00e4r det perfekta f\u00f6rem\u00e5let f\u00f6r amat\u00f6rtr\u00e4dg\u00e5rdsm\u00e4staren med en gr\u00f6n tumme eller n\u00e5gon som bara vill odla sina egna...\" \/>\n<meta property=\"og:url\" content=\"https:\/\/truusk.store\/sv\/produkt\/truusk-walk-in-folievaxthus-med-8-hyllplan-tomatvaxthus-med-dorr-frukostbadd-gron-stal-pe-plast-143-x-138-x-195-cm\/\" \/>\n<meta property=\"og:site_name\" content=\"TRUUSK - Hem, Tr\u00e4dg\u00e5rd &amp; Fritid\" \/>\n<meta property=\"article:modified_time\" content=\"2026-03-12T08:09:24+00:00\" \/>\n<meta property=\"og:image\" content=\"https:\/\/i0.wp.com\/truusk.se\/wp-content\/uploads\/2024\/02\/folievaxthus-walk-in-vaxthus-med-8-hyllplan-tomatvaxthus-vaxthus-frukostbadd-med-dorr-gron-stal-pe-plast-143-x-138-x-195-cm.webp?fit=800%2C800&ssl=1\" \/>\n\t<meta property=\"og:image:width\" content=\"800\" \/>\n\t<meta property=\"og:image:height\" content=\"800\" \/>\n\t<meta property=\"og:image:type\" content=\"image\/webp\" \/>\n<meta name=\"twitter:card\" content=\"summary_large_image\" \/>\n<meta name=\"twitter:label1\" content=\"Ber\u00e4knad l\u00e4stid\" \/>\n\t<meta name=\"twitter:data1\" content=\"1 minut\" \/>\n<!-- \/ Yoast SEO plugin. -->","yoast_head_json":{"title":"TRUUSK Walk-in Foliev\u00e4xthus Med 8 Hyllplan - Tomatv\u00e4xthus Med D\u00f6rr - Frukostb\u00e4dd - Gr\u00f6n - St\u00e5l - PE Plast - 143 x 138 x 195 cm - TRUUSK - Hem, Tr\u00e4dg\u00e5rd &amp; Fritid","robots":{"index":"index","follow":"follow","max-snippet":"max-snippet:-1","max-image-preview":"max-image-preview:large","max-video-preview":"max-video-preview:-1"},"canonical":"https:\/\/truusk.store\/sv\/produkt\/truusk-walk-in-folievaxthus-med-8-hyllplan-tomatvaxthus-med-dorr-frukostbadd-gron-stal-pe-plast-143-x-138-x-195-cm\/","og_locale":"sv_SE","og_type":"article","og_title":"TRUUSK Walk-in Foliev\u00e4xthus Med 8 Hyllplan - Tomatv\u00e4xthus Med D\u00f6rr - Frukostb\u00e4dd - Gr\u00f6n - St\u00e5l - PE Plast - 143 x 138 x 195 cm - TRUUSK - Hem, Tr\u00e4dg\u00e5rd &amp; Fritid","og_description":"Detta v\u00e4xthus \u00e4r det perfekta f\u00f6rem\u00e5let f\u00f6r amat\u00f6rtr\u00e4dg\u00e5rdsm\u00e4staren med en gr\u00f6n tumme eller n\u00e5gon som bara vill odla sina egna...","og_url":"https:\/\/truusk.store\/sv\/produkt\/truusk-walk-in-folievaxthus-med-8-hyllplan-tomatvaxthus-med-dorr-frukostbadd-gron-stal-pe-plast-143-x-138-x-195-cm\/","og_site_name":"TRUUSK - Hem, Tr\u00e4dg\u00e5rd &amp; Fritid","article_modified_time":"2026-03-12T08:09:24+00:00","og_image":[{"width":800,"height":800,"url":"https:\/\/i0.wp.com\/truusk.se\/wp-content\/uploads\/2024\/02\/folievaxthus-walk-in-vaxthus-med-8-hyllplan-tomatvaxthus-vaxthus-frukostbadd-med-dorr-gron-stal-pe-plast-143-x-138-x-195-cm.webp?fit=800%2C800&ssl=1","type":"image\/webp"}],"twitter_card":"summary_large_image","twitter_misc":{"Ber\u00e4knad l\u00e4stid":"1 minut"},"schema":{"@context":"https:\/\/schema.org","@graph":[{"@type":"WebPage","@id":"https:\/\/truusk.store\/sv\/produkt\/truusk-walk-in-folievaxthus-med-8-hyllplan-tomatvaxthus-med-dorr-frukostbadd-gron-stal-pe-plast-143-x-138-x-195-cm\/","url":"https:\/\/truusk.store\/sv\/produkt\/truusk-walk-in-folievaxthus-med-8-hyllplan-tomatvaxthus-med-dorr-frukostbadd-gron-stal-pe-plast-143-x-138-x-195-cm\/","name":"TRUUSK Walk-in Foliev\u00e4xthus Med 8 Hyllplan - Tomatv\u00e4xthus Med D\u00f6rr - Frukostb\u00e4dd - Gr\u00f6n - St\u00e5l - PE Plast - 143 x 138 x 195 cm - TRUUSK - Hem, Tr\u00e4dg\u00e5rd &amp; Fritid","isPartOf":{"@id":"https:\/\/truusk.store\/sv\/#website"},"primaryImageOfPage":{"@id":"https:\/\/truusk.store\/sv\/produkt\/truusk-walk-in-folievaxthus-med-8-hyllplan-tomatvaxthus-med-dorr-frukostbadd-gron-stal-pe-plast-143-x-138-x-195-cm\/#primaryimage"},"image":{"@id":"https:\/\/truusk.store\/sv\/produkt\/truusk-walk-in-folievaxthus-med-8-hyllplan-tomatvaxthus-med-dorr-frukostbadd-gron-stal-pe-plast-143-x-138-x-195-cm\/#primaryimage"},"thumbnailUrl":"https:\/\/i0.wp.com\/truusk.store\/wp-content\/uploads\/2024\/02\/folievaxthus-walk-in-vaxthus-med-8-hyllplan-tomatvaxthus-vaxthus-frukostbadd-med-dorr-gron-stal-pe-plast-143-x-138-x-195-cm.webp?fit=800%2C800&ssl=1","datePublished":"2024-02-13T20:07:44+00:00","dateModified":"2026-03-12T08:09:24+00:00","breadcrumb":{"@id":"https:\/\/truusk.store\/sv\/produkt\/truusk-walk-in-folievaxthus-med-8-hyllplan-tomatvaxthus-med-dorr-frukostbadd-gron-stal-pe-plast-143-x-138-x-195-cm\/#breadcrumb"},"inLanguage":"sv-SE","potentialAction":[{"@type":"ReadAction","target":["https:\/\/truusk.store\/sv\/produkt\/truusk-walk-in-folievaxthus-med-8-hyllplan-tomatvaxthus-med-dorr-frukostbadd-gron-stal-pe-plast-143-x-138-x-195-cm\/"]}]},{"@type":"ImageObject","inLanguage":"sv-SE","@id":"https:\/\/truusk.store\/sv\/produkt\/truusk-walk-in-folievaxthus-med-8-hyllplan-tomatvaxthus-med-dorr-frukostbadd-gron-stal-pe-plast-143-x-138-x-195-cm\/#primaryimage","url":"https:\/\/i0.wp.com\/truusk.store\/wp-content\/uploads\/2024\/02\/folievaxthus-walk-in-vaxthus-med-8-hyllplan-tomatvaxthus-vaxthus-frukostbadd-med-dorr-gron-stal-pe-plast-143-x-138-x-195-cm.webp?fit=800%2C800&ssl=1","contentUrl":"https:\/\/i0.wp.com\/truusk.store\/wp-content\/uploads\/2024\/02\/folievaxthus-walk-in-vaxthus-med-8-hyllplan-tomatvaxthus-vaxthus-frukostbadd-med-dorr-gron-stal-pe-plast-143-x-138-x-195-cm.webp?fit=800%2C800&ssl=1","width":800,"height":800,"caption":"Foliev\u00e4xthus, Walk-in V\u00e4xthus Med 8 Hyllplan, Tomatv\u00e4xthus, V\u00e4xthus, Frukostb\u00e4dd Med D\u00f6rr, Gr\u00f6n, St\u00e5l, PE Plast, 143 X 138 X 195 Cm 1"},{"@type":"BreadcrumbList","@id":"https:\/\/truusk.store\/sv\/produkt\/truusk-walk-in-folievaxthus-med-8-hyllplan-tomatvaxthus-med-dorr-frukostbadd-gron-stal-pe-plast-143-x-138-x-195-cm\/#breadcrumb","itemListElement":[{"@type":"ListItem","position":1,"name":"Home","item":"https:\/\/truusk.store\/sv\/"},{"@type":"ListItem","position":2,"name":"Shop","item":"https:\/\/truusk.store\/shop\/"},{"@type":"ListItem","position":3,"name":"TRUUSK Walk-in Foliev\u00e4xthus Med 8 Hyllplan &#8211; Tomatv\u00e4xthus Med D\u00f6rr &#8211; Frukostb\u00e4dd &#8211; Gr\u00f6n &#8211; St\u00e5l &#8211; PE Plast &#8211; 143 x 138 x 195 cm"}]},{"@type":"WebSite","@id":"https:\/\/truusk.store\/sv\/#website","url":"https:\/\/truusk.store\/sv\/","name":"TRUUSK - Hem, Tr\u00e4dg\u00e5rd & Fritid","description":"","publisher":{"@id":"https:\/\/truusk.store\/sv\/#organization"},"potentialAction":[{"@type":"SearchAction","target":{"@type":"EntryPoint","urlTemplate":"https:\/\/truusk.store\/sv\/?s={search_term_string}"},"query-input":{"@type":"PropertyValueSpecification","valueRequired":true,"valueName":"search_term_string"}}],"inLanguage":"sv-SE"},{"@type":"Organization","@id":"https:\/\/truusk.store\/sv\/#organization","name":"TRUUSK - Hem, Tr\u00e4dg\u00e5rd & Fritid","url":"https:\/\/truusk.store\/sv\/","logo":{"@type":"ImageObject","inLanguage":"sv-SE","@id":"https:\/\/truusk.store\/sv\/#\/schema\/logo\/image\/","url":"https:\/\/i0.wp.com\/truusk.store\/wp-content\/uploads\/2026\/03\/cropped-TRUUSK.png?fit=2032%2C917&ssl=1","contentUrl":"https:\/\/i0.wp.com\/truusk.store\/wp-content\/uploads\/2026\/03\/cropped-TRUUSK.png?fit=2032%2C917&ssl=1","width":2032,"height":917,"caption":"TRUUSK - Hem, Tr\u00e4dg\u00e5rd & Fritid"},"image":{"@id":"https:\/\/truusk.store\/sv\/#\/schema\/logo\/image\/"}}]}},"jetpack_sharing_enabled":true,"_links":{"self":[{"href":"https:\/\/truusk.store\/sv\/wp-json\/wp\/v2\/product\/31074","targetHints":{"allow":["GET"]}}],"collection":[{"href":"https:\/\/truusk.store\/sv\/wp-json\/wp\/v2\/product"}],"about":[{"href":"https:\/\/truusk.store\/sv\/wp-json\/wp\/v2\/types\/product"}],"wp:featuredmedia":[{"embeddable":true,"href":"https:\/\/truusk.store\/sv\/wp-json\/wp\/v2\/media\/31075"}],"wp:attachment":[{"href":"https:\/\/truusk.store\/sv\/wp-json\/wp\/v2\/media?parent=31074"}],"wp:term":[{"taxonomy":"product_brand","embeddable":true,"href":"https:\/\/truusk.store\/sv\/wp-json\/wp\/v2\/product_brand?post=31074"},{"taxonomy":"product_cat","embeddable":true,"href":"https:\/\/truusk.store\/sv\/wp-json\/wp\/v2\/product_cat?post=31074"},{"taxonomy":"product_tag","embeddable":true,"href":"https:\/\/truusk.store\/sv\/wp-json\/wp\/v2\/product_tag?post=31074"}],"curies":[{"name":"wp","href":"https:\/\/api.w.org\/{rel}","templated":true}]}}