{"id":31084,"date":"2024-02-13T21:08:07","date_gmt":"2024-02-13T20:08:07","guid":{"rendered":"https:\/\/truusk.store\/product\/folievaxthusvaxthus-med-6-hyllplan-ingangstradgardsbod-vaxthus-tomat-krukvaxthus-med-roll-up-entre-frukostbadd-gron-141-x-72-x-191-cm\/"},"modified":"2026-03-12T09:09:24","modified_gmt":"2026-03-12T08:09:24","slug":"truusk-folievaxthus-med-6-hyllplan-ingangstradgardsbod-tomat-krukvaxthus-roll-up-entre-frukostbadd-gron-141x72x191-cm","status":"publish","type":"product","link":"https:\/\/truusk.store\/sv\/produkt\/truusk-folievaxthus-med-6-hyllplan-ingangstradgardsbod-tomat-krukvaxthus-roll-up-entre-frukostbadd-gron-141x72x191-cm\/","title":{"rendered":"TRUUSK Foliev\u00e4xthus Med 6 Hyllplan &#8211; Ing\u00e5ngstr\u00e4dg\u00e5rdsbod &#8211; Tomat Krukv\u00e4xthus &#8211; Roll-up Entr\u00e9 &#8211; Frukostb\u00e4dd &#8211; Gr\u00f6n 141x72x191 cm"},"content":{"rendered":"<p>Med detta portabla v\u00e4xthus kan du f\u00f6rl\u00e4nga din v\u00e4xts\u00e4song genom att skydda dina v\u00e4xter fr\u00e5n kyla och f\u00e5glar. Med en rullport f\u00f6r att komma in och ut ur, s\u00e5 att du har tillg\u00e5ng till dina v\u00e4xter hela tiden. Det \u00e4r bara att st\u00e4lla in, komma ig\u00e5ng och v\u00e4xa. Detta lilla v\u00e4xthus \u00e4r den idealiska l\u00f6sningen f\u00f6r tr\u00e4dg\u00e5rdsm\u00e4stare som vill hysa sina v\u00e4xter p\u00e5 ett s\u00e4kert s\u00e4tt under den kalla \u00e5rstiden.<\/p>\n<h3>Beskrivning:<\/h3>\n<ul>\n<li>Det slitstarka PE-\u00f6verdraget skyddar interi\u00f6ren fr\u00e5n l\u00e4tt vind, l\u00e4tt regn och kyla<\/li>\n<li>Solid st\u00e5lram f\u00f6r en robust struktur som st\u00e5r stabilt uppr\u00e4tt<\/li>\n<li>2-v\u00e5ningshylla p\u00e5 varje sida f\u00f6r visning och f\u00f6rvaring av v\u00e4xter<\/li>\n<li>Stor rulld\u00f6rr med dragkedja f\u00f6r enkel \u00e5tkomst<\/li>\n<li>10 cm redundant skydd f\u00f6r extra stabilitet<\/li>\n<li>4 vindrep och 4 markspetsar f\u00f6r extra stabilitet<\/li>\n<li>Montering kr\u00e4vs<\/li>\n<\/ul>\n<h3>Teknisk data:<\/h3>\n<ul>\n<li>F\u00e4rg: gr\u00f6n<\/li>\n<li>Material: st\u00e5l, PE-plast<\/li>\n<li>\u00d6vergripande m\u00e5tt: 141W x 72D x 191H cm<\/li>\n<li>Tr storlek: 85W x 161H cm<\/li>\n<li>Hyllstorlek: 60L x 26W x 46H cm (per hylla)<\/li>\n<li>Lastkapacitet: 10 kg (per hylla)<\/li>\n<li>Vindt\u00e4t: niv\u00e5 4<\/li>\n<li>PE lock: 140g\/m<\/li>\n<li>OBS: Anv\u00e4nd inte sura jordbrukskemikalier f\u00f6r att undvika kemiska reaktioner med det alkaliska PE-h\u00f6ljet som kan orsaka brott.<\/li>\n<\/ul>\n<h3>Leveransens omfattning:<\/h3>\n<ul>\n<li>1 x V\u00e4xthus<\/li>\n<\/ul>\n","protected":false},"excerpt":{"rendered":"<p>Med detta portabla v\u00e4xthus kan du f\u00f6rl\u00e4nga din v\u00e4xts\u00e4song genom att skydda dina v\u00e4xter fr\u00e5n kyla och f\u00e5glar. Med en&#8230;<\/p>\n","protected":false},"featured_media":31085,"template":"","meta":[],"product_brand":[],"product_cat":[444,435,443],"product_tag":[],"class_list":{"0":"post-31084","1":"product","2":"type-product","3":"status-publish","4":"has-post-thumbnail","6":"product_cat-filma-vaxthus","7":"product_cat-tradgard-och-terrass","8":"product_cat-vaxthus-tradgardsskotsel","10":"first","11":"instock","12":"sale","13":"taxable","14":"shipping-taxable","15":"purchasable","16":"product-type-simple"},"yoast_head":"<!-- This site is optimized with the Yoast SEO plugin v25.4 - https:\/\/yoast.com\/wordpress\/plugins\/seo\/ -->\n<title>TRUUSK Foliev\u00e4xthus Med 6 Hyllplan - Ing\u00e5ngstr\u00e4dg\u00e5rdsbod - Tomat Krukv\u00e4xthus - Roll-up Entr\u00e9 - Frukostb\u00e4dd - Gr\u00f6n 141x72x191 cm - TRUUSK - Hem, Tr\u00e4dg\u00e5rd &amp; Fritid<\/title>\n<meta name=\"robots\" content=\"index, follow, max-snippet:-1, max-image-preview:large, max-video-preview:-1\" \/>\n<link rel=\"canonical\" href=\"https:\/\/truusk.store\/sv\/produkt\/truusk-folievaxthus-med-6-hyllplan-ingangstradgardsbod-tomat-krukvaxthus-roll-up-entre-frukostbadd-gron-141x72x191-cm\/\" \/>\n<meta property=\"og:locale\" content=\"sv_SE\" \/>\n<meta property=\"og:type\" content=\"article\" \/>\n<meta property=\"og:title\" content=\"TRUUSK Foliev\u00e4xthus Med 6 Hyllplan - Ing\u00e5ngstr\u00e4dg\u00e5rdsbod - Tomat Krukv\u00e4xthus - Roll-up Entr\u00e9 - Frukostb\u00e4dd - Gr\u00f6n 141x72x191 cm - TRUUSK - Hem, Tr\u00e4dg\u00e5rd &amp; Fritid\" \/>\n<meta property=\"og:description\" content=\"Med detta portabla v\u00e4xthus kan du f\u00f6rl\u00e4nga din v\u00e4xts\u00e4song genom att skydda dina v\u00e4xter fr\u00e5n kyla och f\u00e5glar. Med en...\" \/>\n<meta property=\"og:url\" content=\"https:\/\/truusk.store\/sv\/produkt\/truusk-folievaxthus-med-6-hyllplan-ingangstradgardsbod-tomat-krukvaxthus-roll-up-entre-frukostbadd-gron-141x72x191-cm\/\" \/>\n<meta property=\"og:site_name\" content=\"TRUUSK - Hem, Tr\u00e4dg\u00e5rd &amp; Fritid\" \/>\n<meta property=\"article:modified_time\" content=\"2026-03-12T08:09:24+00:00\" \/>\n<meta property=\"og:image\" content=\"https:\/\/i0.wp.com\/truusk.se\/wp-content\/uploads\/2024\/02\/folievaxthusvaxthus-med-6-hyllplan-ingangstradgardsbod-vaxthus-tomat-krukvaxthus-med-roll-up-entre-frukostbadd-gron-141-x-72-x-191-cm.webp?fit=800%2C800&ssl=1\" \/>\n\t<meta property=\"og:image:width\" content=\"800\" \/>\n\t<meta property=\"og:image:height\" content=\"800\" \/>\n\t<meta property=\"og:image:type\" content=\"image\/webp\" \/>\n<meta name=\"twitter:card\" content=\"summary_large_image\" \/>\n<meta name=\"twitter:label1\" content=\"Ber\u00e4knad l\u00e4stid\" \/>\n\t<meta name=\"twitter:data1\" content=\"1 minut\" \/>\n<!-- \/ Yoast SEO plugin. -->","yoast_head_json":{"title":"TRUUSK Foliev\u00e4xthus Med 6 Hyllplan - Ing\u00e5ngstr\u00e4dg\u00e5rdsbod - Tomat Krukv\u00e4xthus - Roll-up Entr\u00e9 - Frukostb\u00e4dd - Gr\u00f6n 141x72x191 cm - TRUUSK - Hem, Tr\u00e4dg\u00e5rd &amp; Fritid","robots":{"index":"index","follow":"follow","max-snippet":"max-snippet:-1","max-image-preview":"max-image-preview:large","max-video-preview":"max-video-preview:-1"},"canonical":"https:\/\/truusk.store\/sv\/produkt\/truusk-folievaxthus-med-6-hyllplan-ingangstradgardsbod-tomat-krukvaxthus-roll-up-entre-frukostbadd-gron-141x72x191-cm\/","og_locale":"sv_SE","og_type":"article","og_title":"TRUUSK Foliev\u00e4xthus Med 6 Hyllplan - Ing\u00e5ngstr\u00e4dg\u00e5rdsbod - Tomat Krukv\u00e4xthus - Roll-up Entr\u00e9 - Frukostb\u00e4dd - Gr\u00f6n 141x72x191 cm - TRUUSK - Hem, Tr\u00e4dg\u00e5rd &amp; Fritid","og_description":"Med detta portabla v\u00e4xthus kan du f\u00f6rl\u00e4nga din v\u00e4xts\u00e4song genom att skydda dina v\u00e4xter fr\u00e5n kyla och f\u00e5glar. Med en...","og_url":"https:\/\/truusk.store\/sv\/produkt\/truusk-folievaxthus-med-6-hyllplan-ingangstradgardsbod-tomat-krukvaxthus-roll-up-entre-frukostbadd-gron-141x72x191-cm\/","og_site_name":"TRUUSK - Hem, Tr\u00e4dg\u00e5rd &amp; Fritid","article_modified_time":"2026-03-12T08:09:24+00:00","og_image":[{"width":800,"height":800,"url":"https:\/\/i0.wp.com\/truusk.se\/wp-content\/uploads\/2024\/02\/folievaxthusvaxthus-med-6-hyllplan-ingangstradgardsbod-vaxthus-tomat-krukvaxthus-med-roll-up-entre-frukostbadd-gron-141-x-72-x-191-cm.webp?fit=800%2C800&ssl=1","type":"image\/webp"}],"twitter_card":"summary_large_image","twitter_misc":{"Ber\u00e4knad l\u00e4stid":"1 minut"},"schema":{"@context":"https:\/\/schema.org","@graph":[{"@type":"WebPage","@id":"https:\/\/truusk.store\/sv\/produkt\/truusk-folievaxthus-med-6-hyllplan-ingangstradgardsbod-tomat-krukvaxthus-roll-up-entre-frukostbadd-gron-141x72x191-cm\/","url":"https:\/\/truusk.store\/sv\/produkt\/truusk-folievaxthus-med-6-hyllplan-ingangstradgardsbod-tomat-krukvaxthus-roll-up-entre-frukostbadd-gron-141x72x191-cm\/","name":"TRUUSK Foliev\u00e4xthus Med 6 Hyllplan - Ing\u00e5ngstr\u00e4dg\u00e5rdsbod - Tomat Krukv\u00e4xthus - Roll-up Entr\u00e9 - Frukostb\u00e4dd - Gr\u00f6n 141x72x191 cm - TRUUSK - Hem, Tr\u00e4dg\u00e5rd &amp; Fritid","isPartOf":{"@id":"https:\/\/truusk.store\/sv\/#website"},"primaryImageOfPage":{"@id":"https:\/\/truusk.store\/sv\/produkt\/truusk-folievaxthus-med-6-hyllplan-ingangstradgardsbod-tomat-krukvaxthus-roll-up-entre-frukostbadd-gron-141x72x191-cm\/#primaryimage"},"image":{"@id":"https:\/\/truusk.store\/sv\/produkt\/truusk-folievaxthus-med-6-hyllplan-ingangstradgardsbod-tomat-krukvaxthus-roll-up-entre-frukostbadd-gron-141x72x191-cm\/#primaryimage"},"thumbnailUrl":"https:\/\/i0.wp.com\/truusk.store\/wp-content\/uploads\/2024\/02\/folievaxthusvaxthus-med-6-hyllplan-ingangstradgardsbod-vaxthus-tomat-krukvaxthus-med-roll-up-entre-frukostbadd-gron-141-x-72-x-191-cm.webp?fit=800%2C800&ssl=1","datePublished":"2024-02-13T20:08:07+00:00","dateModified":"2026-03-12T08:09:24+00:00","breadcrumb":{"@id":"https:\/\/truusk.store\/sv\/produkt\/truusk-folievaxthus-med-6-hyllplan-ingangstradgardsbod-tomat-krukvaxthus-roll-up-entre-frukostbadd-gron-141x72x191-cm\/#breadcrumb"},"inLanguage":"sv-SE","potentialAction":[{"@type":"ReadAction","target":["https:\/\/truusk.store\/sv\/produkt\/truusk-folievaxthus-med-6-hyllplan-ingangstradgardsbod-tomat-krukvaxthus-roll-up-entre-frukostbadd-gron-141x72x191-cm\/"]}]},{"@type":"ImageObject","inLanguage":"sv-SE","@id":"https:\/\/truusk.store\/sv\/produkt\/truusk-folievaxthus-med-6-hyllplan-ingangstradgardsbod-tomat-krukvaxthus-roll-up-entre-frukostbadd-gron-141x72x191-cm\/#primaryimage","url":"https:\/\/i0.wp.com\/truusk.store\/wp-content\/uploads\/2024\/02\/folievaxthusvaxthus-med-6-hyllplan-ingangstradgardsbod-vaxthus-tomat-krukvaxthus-med-roll-up-entre-frukostbadd-gron-141-x-72-x-191-cm.webp?fit=800%2C800&ssl=1","contentUrl":"https:\/\/i0.wp.com\/truusk.store\/wp-content\/uploads\/2024\/02\/folievaxthusvaxthus-med-6-hyllplan-ingangstradgardsbod-vaxthus-tomat-krukvaxthus-med-roll-up-entre-frukostbadd-gron-141-x-72-x-191-cm.webp?fit=800%2C800&ssl=1","width":800,"height":800,"caption":"Foliev\u00e4xthusv\u00e4xthus Med 6 Hyllplan Ing\u00e5ngstr\u00e4dg\u00e5rdsbod V\u00e4xthus Tomat Krukv\u00e4xthus Med Roll-up Entr\u00e9 Frukostb\u00e4dd Gr\u00f6n 141 X 72 X 191 Cm 1"},{"@type":"BreadcrumbList","@id":"https:\/\/truusk.store\/sv\/produkt\/truusk-folievaxthus-med-6-hyllplan-ingangstradgardsbod-tomat-krukvaxthus-roll-up-entre-frukostbadd-gron-141x72x191-cm\/#breadcrumb","itemListElement":[{"@type":"ListItem","position":1,"name":"Home","item":"https:\/\/truusk.store\/sv\/"},{"@type":"ListItem","position":2,"name":"Shop","item":"https:\/\/truusk.store\/shop\/"},{"@type":"ListItem","position":3,"name":"TRUUSK Foliev\u00e4xthus Med 6 Hyllplan &#8211; Ing\u00e5ngstr\u00e4dg\u00e5rdsbod &#8211; Tomat Krukv\u00e4xthus &#8211; Roll-up Entr\u00e9 &#8211; Frukostb\u00e4dd &#8211; Gr\u00f6n 141x72x191 cm"}]},{"@type":"WebSite","@id":"https:\/\/truusk.store\/sv\/#website","url":"https:\/\/truusk.store\/sv\/","name":"TRUUSK - Hem, Tr\u00e4dg\u00e5rd & Fritid","description":"","publisher":{"@id":"https:\/\/truusk.store\/sv\/#organization"},"potentialAction":[{"@type":"SearchAction","target":{"@type":"EntryPoint","urlTemplate":"https:\/\/truusk.store\/sv\/?s={search_term_string}"},"query-input":{"@type":"PropertyValueSpecification","valueRequired":true,"valueName":"search_term_string"}}],"inLanguage":"sv-SE"},{"@type":"Organization","@id":"https:\/\/truusk.store\/sv\/#organization","name":"TRUUSK - Hem, Tr\u00e4dg\u00e5rd & Fritid","url":"https:\/\/truusk.store\/sv\/","logo":{"@type":"ImageObject","inLanguage":"sv-SE","@id":"https:\/\/truusk.store\/sv\/#\/schema\/logo\/image\/","url":"https:\/\/i0.wp.com\/truusk.store\/wp-content\/uploads\/2026\/03\/cropped-TRUUSK.png?fit=2032%2C917&ssl=1","contentUrl":"https:\/\/i0.wp.com\/truusk.store\/wp-content\/uploads\/2026\/03\/cropped-TRUUSK.png?fit=2032%2C917&ssl=1","width":2032,"height":917,"caption":"TRUUSK - Hem, Tr\u00e4dg\u00e5rd & Fritid"},"image":{"@id":"https:\/\/truusk.store\/sv\/#\/schema\/logo\/image\/"}}]}},"jetpack_sharing_enabled":true,"_links":{"self":[{"href":"https:\/\/truusk.store\/sv\/wp-json\/wp\/v2\/product\/31084","targetHints":{"allow":["GET"]}}],"collection":[{"href":"https:\/\/truusk.store\/sv\/wp-json\/wp\/v2\/product"}],"about":[{"href":"https:\/\/truusk.store\/sv\/wp-json\/wp\/v2\/types\/product"}],"wp:featuredmedia":[{"embeddable":true,"href":"https:\/\/truusk.store\/sv\/wp-json\/wp\/v2\/media\/31085"}],"wp:attachment":[{"href":"https:\/\/truusk.store\/sv\/wp-json\/wp\/v2\/media?parent=31084"}],"wp:term":[{"taxonomy":"product_brand","embeddable":true,"href":"https:\/\/truusk.store\/sv\/wp-json\/wp\/v2\/product_brand?post=31084"},{"taxonomy":"product_cat","embeddable":true,"href":"https:\/\/truusk.store\/sv\/wp-json\/wp\/v2\/product_cat?post=31084"},{"taxonomy":"product_tag","embeddable":true,"href":"https:\/\/truusk.store\/sv\/wp-json\/wp\/v2\/product_tag?post=31084"}],"curies":[{"name":"wp","href":"https:\/\/api.w.org\/{rel}","templated":true}]}}