{"id":31154,"date":"2024-02-13T21:10:42","date_gmt":"2024-02-13T20:10:42","guid":{"rendered":"https:\/\/truusk.store\/product\/folievaxthus-med-fonster-pvc-vaxthus-tomathus-tidig-sang-120-x-60-x-60-cm-transparent\/"},"modified":"2026-03-12T09:09:25","modified_gmt":"2026-03-12T08:09:25","slug":"truusk-transparent-vaxthus-med-pvc-fonster-perfekt-for-tidig-sadd-matt-120-x-60-x-60-cm","status":"publish","type":"product","link":"https:\/\/truusk.store\/sv\/produkt\/truusk-transparent-vaxthus-med-pvc-fonster-perfekt-for-tidig-sadd-matt-120-x-60-x-60-cm\/","title":{"rendered":"TRUUSK Transparent V\u00e4xthus med PVC-f\u00f6nster &#8211; Perfekt f\u00f6r tidig s\u00e5dd &#8211; M\u00e5tt 120 x 60 x 60 cm"},"content":{"rendered":"<p>L\u00e5t dina v\u00e4xter tillbringa vintern varmt och bekv\u00e4mt! Detta miniv\u00e4xthus skyddar dina v\u00e4xter fr\u00e5n kyla och f\u00f6rl\u00e4nger effektivt deras v\u00e4xts\u00e4song. Det yttre h\u00f6ljet f\u00f6rhindrar skador fr\u00e5n direkta UV-str\u00e5lar samtidigt som det l\u00e5ter starkt solljus passera igenom, s\u00e5 att en konstant temperatur kan uppr\u00e4tth\u00e5llas i tomathuset och dina v\u00e4xter kommer att trivas. Lev ut din gr\u00f6na hobby \u00e4ven p\u00e5 vintern med detta praktiska, lilla foliev\u00e4xthus!<\/p>\n<h3>Beskrivning:<\/h3>\n<ul>\n<li>Miniv\u00e4xthus f\u00f6rl\u00e4nger v\u00e4xts\u00e4songen f\u00f6r v\u00e4xter<\/li>\n<li>Blixtl\u00e5sf\u00f6nster kan rullas upp f\u00f6r god ventilation<\/li>\n<li>\u00d6verdraget \u00e4r UV-best\u00e4ndigt och v\u00e4derbest\u00e4ndigt<\/li>\n<li>Filmkanter f\u00f6rl\u00e4ngda med 10 cm b\u00f6r gr\u00e4vas djupt ner i marken<\/li>\n<li>Montering kr\u00e4vs<\/li>\n<\/ul>\n<h3>Teknisk data:<\/h3>\n<ul>\n<li>F\u00e4rg: Transparent<\/li>\n<li>Material: PVC-plast, st\u00e5l<\/li>\n<li>Totala m\u00e5tt: 120L x 60W x 60H cm<\/li>\n<li>F\u00f6nsterstorlek: 48W x 28H cm<\/li>\n<li>Vindt\u00e4t: niv\u00e5 4<\/li>\n<\/ul>\n<h3>Leveransens omfattning:<\/h3>\n<ul>\n<li>1 x V\u00e4xthus<\/li>\n<li>1 x Installationsguide<\/li>\n<\/ul>\n","protected":false},"excerpt":{"rendered":"<p>L\u00e5t dina v\u00e4xter tillbringa vintern varmt och bekv\u00e4mt! Detta miniv\u00e4xthus skyddar dina v\u00e4xter fr\u00e5n kyla och f\u00f6rl\u00e4nger effektivt deras v\u00e4xts\u00e4song&#8230;.<\/p>\n","protected":false},"featured_media":31155,"template":"","meta":[],"product_brand":[],"product_cat":[444,435,443],"product_tag":[],"class_list":{"0":"post-31154","1":"product","2":"type-product","3":"status-publish","4":"has-post-thumbnail","6":"product_cat-filma-vaxthus","7":"product_cat-tradgard-och-terrass","8":"product_cat-vaxthus-tradgardsskotsel","10":"first","11":"instock","12":"sale","13":"taxable","14":"shipping-taxable","15":"purchasable","16":"product-type-simple"},"yoast_head":"<!-- This site is optimized with the Yoast SEO plugin v25.4 - https:\/\/yoast.com\/wordpress\/plugins\/seo\/ -->\n<title>TRUUSK Transparent V\u00e4xthus med PVC-f\u00f6nster - Perfekt f\u00f6r tidig s\u00e5dd - M\u00e5tt 120 x 60 x 60 cm - TRUUSK - Hem, Tr\u00e4dg\u00e5rd &amp; Fritid<\/title>\n<meta name=\"robots\" content=\"index, follow, max-snippet:-1, max-image-preview:large, max-video-preview:-1\" \/>\n<link rel=\"canonical\" href=\"https:\/\/truusk.store\/sv\/produkt\/truusk-transparent-vaxthus-med-pvc-fonster-perfekt-for-tidig-sadd-matt-120-x-60-x-60-cm\/\" \/>\n<meta property=\"og:locale\" content=\"sv_SE\" \/>\n<meta property=\"og:type\" content=\"article\" \/>\n<meta property=\"og:title\" content=\"TRUUSK Transparent V\u00e4xthus med PVC-f\u00f6nster - Perfekt f\u00f6r tidig s\u00e5dd - M\u00e5tt 120 x 60 x 60 cm - TRUUSK - Hem, Tr\u00e4dg\u00e5rd &amp; Fritid\" \/>\n<meta property=\"og:description\" content=\"L\u00e5t dina v\u00e4xter tillbringa vintern varmt och bekv\u00e4mt! Detta miniv\u00e4xthus skyddar dina v\u00e4xter fr\u00e5n kyla och f\u00f6rl\u00e4nger effektivt deras v\u00e4xts\u00e4song....\" \/>\n<meta property=\"og:url\" content=\"https:\/\/truusk.store\/sv\/produkt\/truusk-transparent-vaxthus-med-pvc-fonster-perfekt-for-tidig-sadd-matt-120-x-60-x-60-cm\/\" \/>\n<meta property=\"og:site_name\" content=\"TRUUSK - Hem, Tr\u00e4dg\u00e5rd &amp; Fritid\" \/>\n<meta property=\"article:modified_time\" content=\"2026-03-12T08:09:25+00:00\" \/>\n<meta property=\"og:image\" content=\"https:\/\/i0.wp.com\/truusk.se\/wp-content\/uploads\/2024\/02\/folievaxthus-med-fonster-pvc-vaxthus-tomathus-tidig-sang-120-x-60-x-60-cm-transparent.webp?fit=800%2C800&ssl=1\" \/>\n\t<meta property=\"og:image:width\" content=\"800\" \/>\n\t<meta property=\"og:image:height\" content=\"800\" \/>\n\t<meta property=\"og:image:type\" content=\"image\/webp\" \/>\n<meta name=\"twitter:card\" content=\"summary_large_image\" \/>\n<meta name=\"twitter:label1\" content=\"Ber\u00e4knad l\u00e4stid\" \/>\n\t<meta name=\"twitter:data1\" content=\"1 minut\" \/>\n<!-- \/ Yoast SEO plugin. -->","yoast_head_json":{"title":"TRUUSK Transparent V\u00e4xthus med PVC-f\u00f6nster - Perfekt f\u00f6r tidig s\u00e5dd - M\u00e5tt 120 x 60 x 60 cm - TRUUSK - Hem, Tr\u00e4dg\u00e5rd &amp; Fritid","robots":{"index":"index","follow":"follow","max-snippet":"max-snippet:-1","max-image-preview":"max-image-preview:large","max-video-preview":"max-video-preview:-1"},"canonical":"https:\/\/truusk.store\/sv\/produkt\/truusk-transparent-vaxthus-med-pvc-fonster-perfekt-for-tidig-sadd-matt-120-x-60-x-60-cm\/","og_locale":"sv_SE","og_type":"article","og_title":"TRUUSK Transparent V\u00e4xthus med PVC-f\u00f6nster - Perfekt f\u00f6r tidig s\u00e5dd - M\u00e5tt 120 x 60 x 60 cm - TRUUSK - Hem, Tr\u00e4dg\u00e5rd &amp; Fritid","og_description":"L\u00e5t dina v\u00e4xter tillbringa vintern varmt och bekv\u00e4mt! Detta miniv\u00e4xthus skyddar dina v\u00e4xter fr\u00e5n kyla och f\u00f6rl\u00e4nger effektivt deras v\u00e4xts\u00e4song....","og_url":"https:\/\/truusk.store\/sv\/produkt\/truusk-transparent-vaxthus-med-pvc-fonster-perfekt-for-tidig-sadd-matt-120-x-60-x-60-cm\/","og_site_name":"TRUUSK - Hem, Tr\u00e4dg\u00e5rd &amp; Fritid","article_modified_time":"2026-03-12T08:09:25+00:00","og_image":[{"width":800,"height":800,"url":"https:\/\/i0.wp.com\/truusk.se\/wp-content\/uploads\/2024\/02\/folievaxthus-med-fonster-pvc-vaxthus-tomathus-tidig-sang-120-x-60-x-60-cm-transparent.webp?fit=800%2C800&ssl=1","type":"image\/webp"}],"twitter_card":"summary_large_image","twitter_misc":{"Ber\u00e4knad l\u00e4stid":"1 minut"},"schema":{"@context":"https:\/\/schema.org","@graph":[{"@type":"WebPage","@id":"https:\/\/truusk.store\/sv\/produkt\/truusk-transparent-vaxthus-med-pvc-fonster-perfekt-for-tidig-sadd-matt-120-x-60-x-60-cm\/","url":"https:\/\/truusk.store\/sv\/produkt\/truusk-transparent-vaxthus-med-pvc-fonster-perfekt-for-tidig-sadd-matt-120-x-60-x-60-cm\/","name":"TRUUSK Transparent V\u00e4xthus med PVC-f\u00f6nster - Perfekt f\u00f6r tidig s\u00e5dd - M\u00e5tt 120 x 60 x 60 cm - TRUUSK - Hem, Tr\u00e4dg\u00e5rd &amp; Fritid","isPartOf":{"@id":"https:\/\/truusk.store\/sv\/#website"},"primaryImageOfPage":{"@id":"https:\/\/truusk.store\/sv\/produkt\/truusk-transparent-vaxthus-med-pvc-fonster-perfekt-for-tidig-sadd-matt-120-x-60-x-60-cm\/#primaryimage"},"image":{"@id":"https:\/\/truusk.store\/sv\/produkt\/truusk-transparent-vaxthus-med-pvc-fonster-perfekt-for-tidig-sadd-matt-120-x-60-x-60-cm\/#primaryimage"},"thumbnailUrl":"https:\/\/i0.wp.com\/truusk.store\/wp-content\/uploads\/2024\/02\/folievaxthus-med-fonster-pvc-vaxthus-tomathus-tidig-sang-120-x-60-x-60-cm-transparent.webp?fit=800%2C800&ssl=1","datePublished":"2024-02-13T20:10:42+00:00","dateModified":"2026-03-12T08:09:25+00:00","breadcrumb":{"@id":"https:\/\/truusk.store\/sv\/produkt\/truusk-transparent-vaxthus-med-pvc-fonster-perfekt-for-tidig-sadd-matt-120-x-60-x-60-cm\/#breadcrumb"},"inLanguage":"sv-SE","potentialAction":[{"@type":"ReadAction","target":["https:\/\/truusk.store\/sv\/produkt\/truusk-transparent-vaxthus-med-pvc-fonster-perfekt-for-tidig-sadd-matt-120-x-60-x-60-cm\/"]}]},{"@type":"ImageObject","inLanguage":"sv-SE","@id":"https:\/\/truusk.store\/sv\/produkt\/truusk-transparent-vaxthus-med-pvc-fonster-perfekt-for-tidig-sadd-matt-120-x-60-x-60-cm\/#primaryimage","url":"https:\/\/i0.wp.com\/truusk.store\/wp-content\/uploads\/2024\/02\/folievaxthus-med-fonster-pvc-vaxthus-tomathus-tidig-sang-120-x-60-x-60-cm-transparent.webp?fit=800%2C800&ssl=1","contentUrl":"https:\/\/i0.wp.com\/truusk.store\/wp-content\/uploads\/2024\/02\/folievaxthus-med-fonster-pvc-vaxthus-tomathus-tidig-sang-120-x-60-x-60-cm-transparent.webp?fit=800%2C800&ssl=1","width":800,"height":800,"caption":"Foliev\u00e4xthus Med F\u00f6nster PVC V\u00e4xthus Tomathus Tidig S\u00e4ng 120 X 60 X 60 Cm Transparent 1"},{"@type":"BreadcrumbList","@id":"https:\/\/truusk.store\/sv\/produkt\/truusk-transparent-vaxthus-med-pvc-fonster-perfekt-for-tidig-sadd-matt-120-x-60-x-60-cm\/#breadcrumb","itemListElement":[{"@type":"ListItem","position":1,"name":"Home","item":"https:\/\/truusk.store\/sv\/"},{"@type":"ListItem","position":2,"name":"Shop","item":"https:\/\/truusk.store\/shop\/"},{"@type":"ListItem","position":3,"name":"TRUUSK Transparent V\u00e4xthus med PVC-f\u00f6nster &#8211; Perfekt f\u00f6r tidig s\u00e5dd &#8211; M\u00e5tt 120 x 60 x 60 cm"}]},{"@type":"WebSite","@id":"https:\/\/truusk.store\/sv\/#website","url":"https:\/\/truusk.store\/sv\/","name":"TRUUSK - Hem, Tr\u00e4dg\u00e5rd & Fritid","description":"","publisher":{"@id":"https:\/\/truusk.store\/sv\/#organization"},"potentialAction":[{"@type":"SearchAction","target":{"@type":"EntryPoint","urlTemplate":"https:\/\/truusk.store\/sv\/?s={search_term_string}"},"query-input":{"@type":"PropertyValueSpecification","valueRequired":true,"valueName":"search_term_string"}}],"inLanguage":"sv-SE"},{"@type":"Organization","@id":"https:\/\/truusk.store\/sv\/#organization","name":"TRUUSK - Hem, Tr\u00e4dg\u00e5rd & Fritid","url":"https:\/\/truusk.store\/sv\/","logo":{"@type":"ImageObject","inLanguage":"sv-SE","@id":"https:\/\/truusk.store\/sv\/#\/schema\/logo\/image\/","url":"https:\/\/i0.wp.com\/truusk.store\/wp-content\/uploads\/2026\/03\/cropped-TRUUSK.png?fit=2032%2C917&ssl=1","contentUrl":"https:\/\/i0.wp.com\/truusk.store\/wp-content\/uploads\/2026\/03\/cropped-TRUUSK.png?fit=2032%2C917&ssl=1","width":2032,"height":917,"caption":"TRUUSK - Hem, Tr\u00e4dg\u00e5rd & Fritid"},"image":{"@id":"https:\/\/truusk.store\/sv\/#\/schema\/logo\/image\/"}}]}},"jetpack_sharing_enabled":true,"_links":{"self":[{"href":"https:\/\/truusk.store\/sv\/wp-json\/wp\/v2\/product\/31154","targetHints":{"allow":["GET"]}}],"collection":[{"href":"https:\/\/truusk.store\/sv\/wp-json\/wp\/v2\/product"}],"about":[{"href":"https:\/\/truusk.store\/sv\/wp-json\/wp\/v2\/types\/product"}],"wp:featuredmedia":[{"embeddable":true,"href":"https:\/\/truusk.store\/sv\/wp-json\/wp\/v2\/media\/31155"}],"wp:attachment":[{"href":"https:\/\/truusk.store\/sv\/wp-json\/wp\/v2\/media?parent=31154"}],"wp:term":[{"taxonomy":"product_brand","embeddable":true,"href":"https:\/\/truusk.store\/sv\/wp-json\/wp\/v2\/product_brand?post=31154"},{"taxonomy":"product_cat","embeddable":true,"href":"https:\/\/truusk.store\/sv\/wp-json\/wp\/v2\/product_cat?post=31154"},{"taxonomy":"product_tag","embeddable":true,"href":"https:\/\/truusk.store\/sv\/wp-json\/wp\/v2\/product_tag?post=31154"}],"curies":[{"name":"wp","href":"https:\/\/api.w.org\/{rel}","templated":true}]}}