{"id":31207,"date":"2024-02-13T21:12:28","date_gmt":"2024-02-13T20:12:28","guid":{"rendered":"https:\/\/truusk.store\/product\/set-med-2-arbetspallar-med-ryggstod-rullpall-av-konstlader-vridbar-pall-med-ryggstod-kosmetisk-pall-rullpall-kontorspall-justerbar-i-hojdled-72-87-cm-kontor-morkgra-45-x-47-x-72-87-cm\/"},"modified":"2026-03-12T09:09:29","modified_gmt":"2026-03-12T08:09:29","slug":"truusk-set-med-2-arbetspallar-med-ryggstod-rullpall-av-konstlader-vridbar-pall-med-ryggstod-kosmetisk-pall-justerbar-i","status":"publish","type":"product","link":"https:\/\/truusk.store\/sv\/produkt\/truusk-set-med-2-arbetspallar-med-ryggstod-rullpall-av-konstlader-vridbar-pall-med-ryggstod-kosmetisk-pall-justerbar-i\/","title":{"rendered":"TRUUSK Set Med 2 Arbetspallar Med Ryggst\u00f6d &#8211; Rullpall Av Konstl\u00e4der &#8211; Vridbar Pall Med Ryggst\u00f6d &#8211; Kosmetisk Pall &#8211; Justerbar I"},"content":{"rendered":"<p>Denna moderna upps\u00e4ttning barstolar ger elegans och r\u00f6relsefrihet till ditt arbete! Det b\u00f6jda ryggst\u00f6det och den vadderade sitsen ger dig en genomg\u00e5ende h\u00f6g sittkomfort, \u00e4ven under l\u00e5nga tidsperioder. 5 universalhjul och det 360-vridbara s\u00e4tet till\u00e5ter fri och skonsam r\u00f6relse \u00e4ven n\u00e4r du sitter. Dessa sl\u00e5ende salongsstolar \u00e4r det perfekta till\u00e4gget till ditt hem, bar, sk\u00f6nhetssalong och mer!<\/p>\n<h3>Beskrivning:<\/h3>\n<ul>\n<li>Idealisk f\u00f6r hemmakontor, barer, fris\u00f6rsalonger, sk\u00f6nhetssalonger, tatueringsstudior, kliniker, etc.<\/li>\n<li>Justerbar h\u00f6jd f\u00f6r att passa dina sittvanor<\/li>\n<li>B\u00f6jt ryggst\u00f6d och tjockt vadderat s\u00e4te ger h\u00f6g komfort<\/li>\n<li>Fodral i konstl\u00e4der \u00e4r mjukt och l\u00e4tt att reng\u00f6ra<\/li>\n<li>360 vridbart s\u00e4te och 5 hjul ger stor r\u00f6relsefrihet<\/li>\n<li>St\u00e5lram och galvaniserad gaslyft g\u00f6r den stabil och h\u00e5llbar<\/li>\n<li>Elegant svart yta i modern design s\u00e4kerst\u00e4ller ett elegant utseende<\/li>\n<li>Montering kr\u00e4vs<\/li>\n<\/ul>\n<h3>Teknisk data:<\/h3>\n<ul>\n<li>Svart f\u00e4rg<\/li>\n<li>Material: konstl\u00e4der, skum, st\u00e5l<\/li>\n<li>\u00d6vergripande m\u00e5tt: 45W x 47D x 72-87H cm<\/li>\n<li>Sitsstorlek: 39W x 34D x 48-63H cm<\/li>\n<li>Sittdjup: 5 cm<\/li>\n<li>Ryggst\u00f6dsm\u00e5tt: 41W x 27,5H cm<\/li>\n<li>Ryggst\u00f6dsdjup: 5 cm<\/li>\n<li>Lastkapacitet: 120 kg<\/li>\n<\/ul>\n<h3>Leveransens omfattning:<\/h3>\n<ul>\n<li>2 x salongspallar<\/li>\n<li>1 x Instruktioner<\/li>\n<\/ul>\n","protected":false},"excerpt":{"rendered":"<p>Denna moderna upps\u00e4ttning barstolar ger elegans och r\u00f6relsefrihet till ditt arbete! Det b\u00f6jda ryggst\u00f6det och den vadderade sitsen ger dig&#8230;<\/p>\n","protected":false},"featured_media":31208,"template":"","meta":[],"product_brand":[],"product_cat":[485,542,546],"product_tag":[],"class_list":{"0":"post-31207","1":"product","2":"type-product","3":"status-publish","4":"has-post-thumbnail","6":"product_cat-hus-bo","7":"product_cat-pall","8":"product_cat-rullande-pall","10":"first","11":"instock","12":"sale","13":"taxable","14":"shipping-taxable","15":"purchasable","16":"product-type-simple"},"yoast_head":"<!-- This site is optimized with the Yoast SEO plugin v25.4 - https:\/\/yoast.com\/wordpress\/plugins\/seo\/ -->\n<title>TRUUSK Set Med 2 Arbetspallar Med Ryggst\u00f6d - Rullpall Av Konstl\u00e4der - Vridbar Pall Med Ryggst\u00f6d - Kosmetisk Pall - Justerbar I - TRUUSK - Hem, Tr\u00e4dg\u00e5rd &amp; Fritid<\/title>\n<meta name=\"robots\" content=\"index, follow, max-snippet:-1, max-image-preview:large, max-video-preview:-1\" \/>\n<link rel=\"canonical\" href=\"https:\/\/truusk.store\/sv\/produkt\/truusk-set-med-2-arbetspallar-med-ryggstod-rullpall-av-konstlader-vridbar-pall-med-ryggstod-kosmetisk-pall-justerbar-i\/\" \/>\n<meta property=\"og:locale\" content=\"sv_SE\" \/>\n<meta property=\"og:type\" content=\"article\" \/>\n<meta property=\"og:title\" content=\"TRUUSK Set Med 2 Arbetspallar Med Ryggst\u00f6d - Rullpall Av Konstl\u00e4der - Vridbar Pall Med Ryggst\u00f6d - Kosmetisk Pall - Justerbar I - TRUUSK - Hem, Tr\u00e4dg\u00e5rd &amp; Fritid\" \/>\n<meta property=\"og:description\" content=\"Denna moderna upps\u00e4ttning barstolar ger elegans och r\u00f6relsefrihet till ditt arbete! Det b\u00f6jda ryggst\u00f6det och den vadderade sitsen ger dig...\" \/>\n<meta property=\"og:url\" content=\"https:\/\/truusk.store\/sv\/produkt\/truusk-set-med-2-arbetspallar-med-ryggstod-rullpall-av-konstlader-vridbar-pall-med-ryggstod-kosmetisk-pall-justerbar-i\/\" \/>\n<meta property=\"og:site_name\" content=\"TRUUSK - Hem, Tr\u00e4dg\u00e5rd &amp; Fritid\" \/>\n<meta property=\"article:modified_time\" content=\"2026-03-12T08:09:29+00:00\" \/>\n<meta property=\"og:image\" content=\"https:\/\/i0.wp.com\/truusk.se\/wp-content\/uploads\/2024\/02\/set-med-2-arbetspallar-med-ryggstod-rullpall-av-konstlader-vridbar-pall-med-ryggstod-kosmetisk-pall-rullpall-kontorspall-justerbar-i-hojdled-72-87-cm-kontor-morkgra-45-x-47-x-72-87-cm.webp?fit=800%2C800&ssl=1\" \/>\n\t<meta property=\"og:image:width\" content=\"800\" \/>\n\t<meta property=\"og:image:height\" content=\"800\" \/>\n\t<meta property=\"og:image:type\" content=\"image\/webp\" \/>\n<meta name=\"twitter:card\" content=\"summary_large_image\" \/>\n<meta name=\"twitter:label1\" content=\"Ber\u00e4knad l\u00e4stid\" \/>\n\t<meta name=\"twitter:data1\" content=\"1 minut\" \/>\n<!-- \/ Yoast SEO plugin. -->","yoast_head_json":{"title":"TRUUSK Set Med 2 Arbetspallar Med Ryggst\u00f6d - Rullpall Av Konstl\u00e4der - Vridbar Pall Med Ryggst\u00f6d - Kosmetisk Pall - Justerbar I - TRUUSK - Hem, Tr\u00e4dg\u00e5rd &amp; Fritid","robots":{"index":"index","follow":"follow","max-snippet":"max-snippet:-1","max-image-preview":"max-image-preview:large","max-video-preview":"max-video-preview:-1"},"canonical":"https:\/\/truusk.store\/sv\/produkt\/truusk-set-med-2-arbetspallar-med-ryggstod-rullpall-av-konstlader-vridbar-pall-med-ryggstod-kosmetisk-pall-justerbar-i\/","og_locale":"sv_SE","og_type":"article","og_title":"TRUUSK Set Med 2 Arbetspallar Med Ryggst\u00f6d - Rullpall Av Konstl\u00e4der - Vridbar Pall Med Ryggst\u00f6d - Kosmetisk Pall - Justerbar I - TRUUSK - Hem, Tr\u00e4dg\u00e5rd &amp; Fritid","og_description":"Denna moderna upps\u00e4ttning barstolar ger elegans och r\u00f6relsefrihet till ditt arbete! Det b\u00f6jda ryggst\u00f6det och den vadderade sitsen ger dig...","og_url":"https:\/\/truusk.store\/sv\/produkt\/truusk-set-med-2-arbetspallar-med-ryggstod-rullpall-av-konstlader-vridbar-pall-med-ryggstod-kosmetisk-pall-justerbar-i\/","og_site_name":"TRUUSK - Hem, Tr\u00e4dg\u00e5rd &amp; Fritid","article_modified_time":"2026-03-12T08:09:29+00:00","og_image":[{"width":800,"height":800,"url":"https:\/\/i0.wp.com\/truusk.se\/wp-content\/uploads\/2024\/02\/set-med-2-arbetspallar-med-ryggstod-rullpall-av-konstlader-vridbar-pall-med-ryggstod-kosmetisk-pall-rullpall-kontorspall-justerbar-i-hojdled-72-87-cm-kontor-morkgra-45-x-47-x-72-87-cm.webp?fit=800%2C800&ssl=1","type":"image\/webp"}],"twitter_card":"summary_large_image","twitter_misc":{"Ber\u00e4knad l\u00e4stid":"1 minut"},"schema":{"@context":"https:\/\/schema.org","@graph":[{"@type":"WebPage","@id":"https:\/\/truusk.store\/sv\/produkt\/truusk-set-med-2-arbetspallar-med-ryggstod-rullpall-av-konstlader-vridbar-pall-med-ryggstod-kosmetisk-pall-justerbar-i\/","url":"https:\/\/truusk.store\/sv\/produkt\/truusk-set-med-2-arbetspallar-med-ryggstod-rullpall-av-konstlader-vridbar-pall-med-ryggstod-kosmetisk-pall-justerbar-i\/","name":"TRUUSK Set Med 2 Arbetspallar Med Ryggst\u00f6d - Rullpall Av Konstl\u00e4der - Vridbar Pall Med Ryggst\u00f6d - Kosmetisk Pall - Justerbar I - TRUUSK - Hem, Tr\u00e4dg\u00e5rd &amp; Fritid","isPartOf":{"@id":"https:\/\/truusk.store\/sv\/#website"},"primaryImageOfPage":{"@id":"https:\/\/truusk.store\/sv\/produkt\/truusk-set-med-2-arbetspallar-med-ryggstod-rullpall-av-konstlader-vridbar-pall-med-ryggstod-kosmetisk-pall-justerbar-i\/#primaryimage"},"image":{"@id":"https:\/\/truusk.store\/sv\/produkt\/truusk-set-med-2-arbetspallar-med-ryggstod-rullpall-av-konstlader-vridbar-pall-med-ryggstod-kosmetisk-pall-justerbar-i\/#primaryimage"},"thumbnailUrl":"https:\/\/i0.wp.com\/truusk.store\/wp-content\/uploads\/2024\/02\/set-med-2-arbetspallar-med-ryggstod-rullpall-av-konstlader-vridbar-pall-med-ryggstod-kosmetisk-pall-rullpall-kontorspall-justerbar-i-hojdled-72-87-cm-kontor-morkgra-45-x-47-x-72-87-cm.webp?fit=800%2C800&ssl=1","datePublished":"2024-02-13T20:12:28+00:00","dateModified":"2026-03-12T08:09:29+00:00","breadcrumb":{"@id":"https:\/\/truusk.store\/sv\/produkt\/truusk-set-med-2-arbetspallar-med-ryggstod-rullpall-av-konstlader-vridbar-pall-med-ryggstod-kosmetisk-pall-justerbar-i\/#breadcrumb"},"inLanguage":"sv-SE","potentialAction":[{"@type":"ReadAction","target":["https:\/\/truusk.store\/sv\/produkt\/truusk-set-med-2-arbetspallar-med-ryggstod-rullpall-av-konstlader-vridbar-pall-med-ryggstod-kosmetisk-pall-justerbar-i\/"]}]},{"@type":"ImageObject","inLanguage":"sv-SE","@id":"https:\/\/truusk.store\/sv\/produkt\/truusk-set-med-2-arbetspallar-med-ryggstod-rullpall-av-konstlader-vridbar-pall-med-ryggstod-kosmetisk-pall-justerbar-i\/#primaryimage","url":"https:\/\/i0.wp.com\/truusk.store\/wp-content\/uploads\/2024\/02\/set-med-2-arbetspallar-med-ryggstod-rullpall-av-konstlader-vridbar-pall-med-ryggstod-kosmetisk-pall-rullpall-kontorspall-justerbar-i-hojdled-72-87-cm-kontor-morkgra-45-x-47-x-72-87-cm.webp?fit=800%2C800&ssl=1","contentUrl":"https:\/\/i0.wp.com\/truusk.store\/wp-content\/uploads\/2024\/02\/set-med-2-arbetspallar-med-ryggstod-rullpall-av-konstlader-vridbar-pall-med-ryggstod-kosmetisk-pall-rullpall-kontorspall-justerbar-i-hojdled-72-87-cm-kontor-morkgra-45-x-47-x-72-87-cm.webp?fit=800%2C800&ssl=1","width":800,"height":800,"caption":"Set Med 2 Arbetspallar Med Ryggst\u00f6d, Rullpall Av Konstl\u00e4der, Vridbar Pall Med Ryggst\u00f6d, Kosmetisk Pall, Rullpall, Kontorspall, Justerbar I H\u00f6jdled, 72-87 Cm, Kontor, M\u00f6rkgr\u00e5, 45 X 47 X 72-87 Cm 1"},{"@type":"BreadcrumbList","@id":"https:\/\/truusk.store\/sv\/produkt\/truusk-set-med-2-arbetspallar-med-ryggstod-rullpall-av-konstlader-vridbar-pall-med-ryggstod-kosmetisk-pall-justerbar-i\/#breadcrumb","itemListElement":[{"@type":"ListItem","position":1,"name":"Home","item":"https:\/\/truusk.store\/sv\/"},{"@type":"ListItem","position":2,"name":"Shop","item":"https:\/\/truusk.store\/shop\/"},{"@type":"ListItem","position":3,"name":"TRUUSK Set Med 2 Arbetspallar Med Ryggst\u00f6d &#8211; Rullpall Av Konstl\u00e4der &#8211; Vridbar Pall Med Ryggst\u00f6d &#8211; Kosmetisk Pall &#8211; Justerbar I"}]},{"@type":"WebSite","@id":"https:\/\/truusk.store\/sv\/#website","url":"https:\/\/truusk.store\/sv\/","name":"TRUUSK - Hem, Tr\u00e4dg\u00e5rd & Fritid","description":"","publisher":{"@id":"https:\/\/truusk.store\/sv\/#organization"},"potentialAction":[{"@type":"SearchAction","target":{"@type":"EntryPoint","urlTemplate":"https:\/\/truusk.store\/sv\/?s={search_term_string}"},"query-input":{"@type":"PropertyValueSpecification","valueRequired":true,"valueName":"search_term_string"}}],"inLanguage":"sv-SE"},{"@type":"Organization","@id":"https:\/\/truusk.store\/sv\/#organization","name":"TRUUSK - Hem, Tr\u00e4dg\u00e5rd & Fritid","url":"https:\/\/truusk.store\/sv\/","logo":{"@type":"ImageObject","inLanguage":"sv-SE","@id":"https:\/\/truusk.store\/sv\/#\/schema\/logo\/image\/","url":"https:\/\/i0.wp.com\/truusk.store\/wp-content\/uploads\/2026\/03\/cropped-TRUUSK.png?fit=2032%2C917&ssl=1","contentUrl":"https:\/\/i0.wp.com\/truusk.store\/wp-content\/uploads\/2026\/03\/cropped-TRUUSK.png?fit=2032%2C917&ssl=1","width":2032,"height":917,"caption":"TRUUSK - Hem, Tr\u00e4dg\u00e5rd & Fritid"},"image":{"@id":"https:\/\/truusk.store\/sv\/#\/schema\/logo\/image\/"}}]}},"jetpack_sharing_enabled":true,"_links":{"self":[{"href":"https:\/\/truusk.store\/sv\/wp-json\/wp\/v2\/product\/31207","targetHints":{"allow":["GET"]}}],"collection":[{"href":"https:\/\/truusk.store\/sv\/wp-json\/wp\/v2\/product"}],"about":[{"href":"https:\/\/truusk.store\/sv\/wp-json\/wp\/v2\/types\/product"}],"wp:featuredmedia":[{"embeddable":true,"href":"https:\/\/truusk.store\/sv\/wp-json\/wp\/v2\/media\/31208"}],"wp:attachment":[{"href":"https:\/\/truusk.store\/sv\/wp-json\/wp\/v2\/media?parent=31207"}],"wp:term":[{"taxonomy":"product_brand","embeddable":true,"href":"https:\/\/truusk.store\/sv\/wp-json\/wp\/v2\/product_brand?post=31207"},{"taxonomy":"product_cat","embeddable":true,"href":"https:\/\/truusk.store\/sv\/wp-json\/wp\/v2\/product_cat?post=31207"},{"taxonomy":"product_tag","embeddable":true,"href":"https:\/\/truusk.store\/sv\/wp-json\/wp\/v2\/product_tag?post=31207"}],"curies":[{"name":"wp","href":"https:\/\/api.w.org\/{rel}","templated":true}]}}