{"id":31217,"date":"2024-02-13T21:12:47","date_gmt":"2024-02-13T20:12:47","guid":{"rendered":"https:\/\/truusk.store\/product\/set-med-2-barstolar-retrodesign-47-cm-x-56-cm-x-89-109-cm-svart\/"},"modified":"2026-03-12T09:09:29","modified_gmt":"2026-03-12T08:09:29","slug":"truusk-set-med-2-barstolar-retrodesign-svart-47-cm-x-56-cm-x-89-109-cm-stilfull-och-bekvam","status":"publish","type":"product","link":"https:\/\/truusk.store\/sv\/produkt\/truusk-set-med-2-barstolar-retrodesign-svart-47-cm-x-56-cm-x-89-109-cm-stilfull-och-bekvam\/","title":{"rendered":"TRUUSK Set med 2 barstolar retrodesign &#8211; Svart &#8211; 47 cm x 56 cm x 89-109 cm &#8211; Stilfull och bekv\u00e4m"},"content":{"rendered":"<p>L\u00e4gg till elegant stil till din k\u00f6ksb\u00e4nk med dessa tv\u00e5 pallar. Pallarna \u00e4r kl\u00e4dda med hudv\u00e4nligt konstl\u00e4der, vilket ger mycket komfort. Mjuk skumstoppning s\u00e4kerst\u00e4ller bekv\u00e4ma sittplatser. Mittryggst\u00f6det g\u00f6r att du kan slappna av i ryggen. Den stora runda metallbasen ser till att denna pall st\u00e5r uppr\u00e4tt och stabilt.<\/p>\n<h3>Beskrivning:<\/h3>\n<ul>\n<li>F\u00f6rpackad i ett set om 2 f\u00f6r en matchande look<\/li>\n<li>Ett m\u00e5ste f\u00f6r hembarer, k\u00f6k och h\u00f6ga matplatser<\/li>\n<li>Sitth\u00f6jden \u00e4r individuellt justerbar<\/li>\n<li>Det roterande s\u00e4tet till\u00e5ter fri rotation<\/li>\n<li>Det nedre fotst\u00f6det hindrar benen fr\u00e5n att h\u00e4nga runt<\/li>\n<li>Hudv\u00e4nligt konstl\u00e4der s\u00e4kerst\u00e4ller h\u00f6g stil<\/li>\n<li>Den tunga metallramen h\u00e5ller balansen, halkfria gummibuffertar \u00e4r f\u00e4sta<\/li>\n<li>Montering kr\u00e4vs<\/li>\n<\/ul>\n<h3>Teknisk data:<\/h3>\n<ul>\n<li>Svart f\u00e4rg<\/li>\n<li>Material: konstl\u00e4der, metall<\/li>\n<li>\u00d6vergripande m\u00e5tt: 47W x 56D x 89-109H cm<\/li>\n<li>Sitsm\u00e5tt: 47W x 43D x 61-81H cm<\/li>\n<li>M\u00e5tt p\u00e5 basen: 38cm<\/li>\n<li>Lastkapacitet: 120 kg<\/li>\n<\/ul>\n<h3>Leveransens omfattning:<\/h3>\n<ul>\n<li>2 x pallar<\/li>\n<li>1 x Instruktioner<\/li>\n<\/ul>\n","protected":false},"excerpt":{"rendered":"<p>L\u00e4gg till elegant stil till din k\u00f6ksb\u00e4nk med dessa tv\u00e5 pallar. Pallarna \u00e4r kl\u00e4dda med hudv\u00e4nligt konstl\u00e4der, vilket ger mycket&#8230;<\/p>\n","protected":false},"featured_media":31218,"template":"","meta":[],"product_brand":[],"product_cat":[544,485,542],"product_tag":[],"class_list":{"0":"post-31217","1":"product","2":"type-product","3":"status-publish","4":"has-post-thumbnail","6":"product_cat-barstol","7":"product_cat-hus-bo","8":"product_cat-pall","10":"first","11":"instock","12":"sale","13":"taxable","14":"shipping-taxable","15":"purchasable","16":"product-type-simple"},"yoast_head":"<!-- This site is optimized with the Yoast SEO plugin v25.4 - https:\/\/yoast.com\/wordpress\/plugins\/seo\/ -->\n<title>TRUUSK Set med 2 barstolar retrodesign - Svart - 47 cm x 56 cm x 89-109 cm - Stilfull och bekv\u00e4m - TRUUSK - Hem, Tr\u00e4dg\u00e5rd &amp; Fritid<\/title>\n<meta name=\"robots\" content=\"index, follow, max-snippet:-1, max-image-preview:large, max-video-preview:-1\" \/>\n<link rel=\"canonical\" href=\"https:\/\/truusk.store\/sv\/produkt\/truusk-set-med-2-barstolar-retrodesign-svart-47-cm-x-56-cm-x-89-109-cm-stilfull-och-bekvam\/\" \/>\n<meta property=\"og:locale\" content=\"sv_SE\" \/>\n<meta property=\"og:type\" content=\"article\" \/>\n<meta property=\"og:title\" content=\"TRUUSK Set med 2 barstolar retrodesign - Svart - 47 cm x 56 cm x 89-109 cm - Stilfull och bekv\u00e4m - TRUUSK - Hem, Tr\u00e4dg\u00e5rd &amp; Fritid\" \/>\n<meta property=\"og:description\" content=\"L\u00e4gg till elegant stil till din k\u00f6ksb\u00e4nk med dessa tv\u00e5 pallar. Pallarna \u00e4r kl\u00e4dda med hudv\u00e4nligt konstl\u00e4der, vilket ger mycket...\" \/>\n<meta property=\"og:url\" content=\"https:\/\/truusk.store\/sv\/produkt\/truusk-set-med-2-barstolar-retrodesign-svart-47-cm-x-56-cm-x-89-109-cm-stilfull-och-bekvam\/\" \/>\n<meta property=\"og:site_name\" content=\"TRUUSK - Hem, Tr\u00e4dg\u00e5rd &amp; Fritid\" \/>\n<meta property=\"article:modified_time\" content=\"2026-03-12T08:09:29+00:00\" \/>\n<meta property=\"og:image\" content=\"https:\/\/i0.wp.com\/truusk.se\/wp-content\/uploads\/2024\/02\/set-med-2-barstolar-retrodesign-47-cm-x-56-cm-x-89-109-cm-svart.webp?fit=800%2C800&ssl=1\" \/>\n\t<meta property=\"og:image:width\" content=\"800\" \/>\n\t<meta property=\"og:image:height\" content=\"800\" \/>\n\t<meta property=\"og:image:type\" content=\"image\/webp\" \/>\n<meta name=\"twitter:card\" content=\"summary_large_image\" \/>\n<meta name=\"twitter:label1\" content=\"Ber\u00e4knad l\u00e4stid\" \/>\n\t<meta name=\"twitter:data1\" content=\"1 minut\" \/>\n<!-- \/ Yoast SEO plugin. -->","yoast_head_json":{"title":"TRUUSK Set med 2 barstolar retrodesign - Svart - 47 cm x 56 cm x 89-109 cm - Stilfull och bekv\u00e4m - TRUUSK - Hem, Tr\u00e4dg\u00e5rd &amp; Fritid","robots":{"index":"index","follow":"follow","max-snippet":"max-snippet:-1","max-image-preview":"max-image-preview:large","max-video-preview":"max-video-preview:-1"},"canonical":"https:\/\/truusk.store\/sv\/produkt\/truusk-set-med-2-barstolar-retrodesign-svart-47-cm-x-56-cm-x-89-109-cm-stilfull-och-bekvam\/","og_locale":"sv_SE","og_type":"article","og_title":"TRUUSK Set med 2 barstolar retrodesign - Svart - 47 cm x 56 cm x 89-109 cm - Stilfull och bekv\u00e4m - TRUUSK - Hem, Tr\u00e4dg\u00e5rd &amp; Fritid","og_description":"L\u00e4gg till elegant stil till din k\u00f6ksb\u00e4nk med dessa tv\u00e5 pallar. Pallarna \u00e4r kl\u00e4dda med hudv\u00e4nligt konstl\u00e4der, vilket ger mycket...","og_url":"https:\/\/truusk.store\/sv\/produkt\/truusk-set-med-2-barstolar-retrodesign-svart-47-cm-x-56-cm-x-89-109-cm-stilfull-och-bekvam\/","og_site_name":"TRUUSK - Hem, Tr\u00e4dg\u00e5rd &amp; Fritid","article_modified_time":"2026-03-12T08:09:29+00:00","og_image":[{"width":800,"height":800,"url":"https:\/\/i0.wp.com\/truusk.se\/wp-content\/uploads\/2024\/02\/set-med-2-barstolar-retrodesign-47-cm-x-56-cm-x-89-109-cm-svart.webp?fit=800%2C800&ssl=1","type":"image\/webp"}],"twitter_card":"summary_large_image","twitter_misc":{"Ber\u00e4knad l\u00e4stid":"1 minut"},"schema":{"@context":"https:\/\/schema.org","@graph":[{"@type":"WebPage","@id":"https:\/\/truusk.store\/sv\/produkt\/truusk-set-med-2-barstolar-retrodesign-svart-47-cm-x-56-cm-x-89-109-cm-stilfull-och-bekvam\/","url":"https:\/\/truusk.store\/sv\/produkt\/truusk-set-med-2-barstolar-retrodesign-svart-47-cm-x-56-cm-x-89-109-cm-stilfull-och-bekvam\/","name":"TRUUSK Set med 2 barstolar retrodesign - Svart - 47 cm x 56 cm x 89-109 cm - Stilfull och bekv\u00e4m - TRUUSK - Hem, Tr\u00e4dg\u00e5rd &amp; Fritid","isPartOf":{"@id":"https:\/\/truusk.store\/sv\/#website"},"primaryImageOfPage":{"@id":"https:\/\/truusk.store\/sv\/produkt\/truusk-set-med-2-barstolar-retrodesign-svart-47-cm-x-56-cm-x-89-109-cm-stilfull-och-bekvam\/#primaryimage"},"image":{"@id":"https:\/\/truusk.store\/sv\/produkt\/truusk-set-med-2-barstolar-retrodesign-svart-47-cm-x-56-cm-x-89-109-cm-stilfull-och-bekvam\/#primaryimage"},"thumbnailUrl":"https:\/\/i0.wp.com\/truusk.store\/wp-content\/uploads\/2024\/02\/set-med-2-barstolar-retrodesign-47-cm-x-56-cm-x-89-109-cm-svart.webp?fit=800%2C800&ssl=1","datePublished":"2024-02-13T20:12:47+00:00","dateModified":"2026-03-12T08:09:29+00:00","breadcrumb":{"@id":"https:\/\/truusk.store\/sv\/produkt\/truusk-set-med-2-barstolar-retrodesign-svart-47-cm-x-56-cm-x-89-109-cm-stilfull-och-bekvam\/#breadcrumb"},"inLanguage":"sv-SE","potentialAction":[{"@type":"ReadAction","target":["https:\/\/truusk.store\/sv\/produkt\/truusk-set-med-2-barstolar-retrodesign-svart-47-cm-x-56-cm-x-89-109-cm-stilfull-och-bekvam\/"]}]},{"@type":"ImageObject","inLanguage":"sv-SE","@id":"https:\/\/truusk.store\/sv\/produkt\/truusk-set-med-2-barstolar-retrodesign-svart-47-cm-x-56-cm-x-89-109-cm-stilfull-och-bekvam\/#primaryimage","url":"https:\/\/i0.wp.com\/truusk.store\/wp-content\/uploads\/2024\/02\/set-med-2-barstolar-retrodesign-47-cm-x-56-cm-x-89-109-cm-svart.webp?fit=800%2C800&ssl=1","contentUrl":"https:\/\/i0.wp.com\/truusk.store\/wp-content\/uploads\/2024\/02\/set-med-2-barstolar-retrodesign-47-cm-x-56-cm-x-89-109-cm-svart.webp?fit=800%2C800&ssl=1","width":800,"height":800,"caption":"Set Med 2 Barstolar Retrodesign 47 Cm X 56 Cm X 89-109 Cm Svart 1"},{"@type":"BreadcrumbList","@id":"https:\/\/truusk.store\/sv\/produkt\/truusk-set-med-2-barstolar-retrodesign-svart-47-cm-x-56-cm-x-89-109-cm-stilfull-och-bekvam\/#breadcrumb","itemListElement":[{"@type":"ListItem","position":1,"name":"Home","item":"https:\/\/truusk.store\/sv\/"},{"@type":"ListItem","position":2,"name":"Shop","item":"https:\/\/truusk.store\/shop\/"},{"@type":"ListItem","position":3,"name":"TRUUSK Set med 2 barstolar retrodesign &#8211; Svart &#8211; 47 cm x 56 cm x 89-109 cm &#8211; Stilfull och bekv\u00e4m"}]},{"@type":"WebSite","@id":"https:\/\/truusk.store\/sv\/#website","url":"https:\/\/truusk.store\/sv\/","name":"TRUUSK - Hem, Tr\u00e4dg\u00e5rd & Fritid","description":"","publisher":{"@id":"https:\/\/truusk.store\/sv\/#organization"},"potentialAction":[{"@type":"SearchAction","target":{"@type":"EntryPoint","urlTemplate":"https:\/\/truusk.store\/sv\/?s={search_term_string}"},"query-input":{"@type":"PropertyValueSpecification","valueRequired":true,"valueName":"search_term_string"}}],"inLanguage":"sv-SE"},{"@type":"Organization","@id":"https:\/\/truusk.store\/sv\/#organization","name":"TRUUSK - Hem, Tr\u00e4dg\u00e5rd & Fritid","url":"https:\/\/truusk.store\/sv\/","logo":{"@type":"ImageObject","inLanguage":"sv-SE","@id":"https:\/\/truusk.store\/sv\/#\/schema\/logo\/image\/","url":"https:\/\/i0.wp.com\/truusk.store\/wp-content\/uploads\/2026\/03\/cropped-TRUUSK.png?fit=2032%2C917&ssl=1","contentUrl":"https:\/\/i0.wp.com\/truusk.store\/wp-content\/uploads\/2026\/03\/cropped-TRUUSK.png?fit=2032%2C917&ssl=1","width":2032,"height":917,"caption":"TRUUSK - Hem, Tr\u00e4dg\u00e5rd & Fritid"},"image":{"@id":"https:\/\/truusk.store\/sv\/#\/schema\/logo\/image\/"}}]}},"jetpack_sharing_enabled":true,"_links":{"self":[{"href":"https:\/\/truusk.store\/sv\/wp-json\/wp\/v2\/product\/31217","targetHints":{"allow":["GET"]}}],"collection":[{"href":"https:\/\/truusk.store\/sv\/wp-json\/wp\/v2\/product"}],"about":[{"href":"https:\/\/truusk.store\/sv\/wp-json\/wp\/v2\/types\/product"}],"wp:featuredmedia":[{"embeddable":true,"href":"https:\/\/truusk.store\/sv\/wp-json\/wp\/v2\/media\/31218"}],"wp:attachment":[{"href":"https:\/\/truusk.store\/sv\/wp-json\/wp\/v2\/media?parent=31217"}],"wp:term":[{"taxonomy":"product_brand","embeddable":true,"href":"https:\/\/truusk.store\/sv\/wp-json\/wp\/v2\/product_brand?post=31217"},{"taxonomy":"product_cat","embeddable":true,"href":"https:\/\/truusk.store\/sv\/wp-json\/wp\/v2\/product_cat?post=31217"},{"taxonomy":"product_tag","embeddable":true,"href":"https:\/\/truusk.store\/sv\/wp-json\/wp\/v2\/product_tag?post=31217"}],"curies":[{"name":"wp","href":"https:\/\/api.w.org\/{rel}","templated":true}]}}