{"id":31281,"date":"2024-02-13T21:14:58","date_gmt":"2024-02-13T20:14:58","guid":{"rendered":"https:\/\/truusk.store\/product\/skrapstolpe-katttrad-med-massagehorna-katt-grotta-lekboll-katt-klosstolpe-sisalrep-klapstanger-ljusgra-48-x-48-x-85-cm\/"},"modified":"2026-03-12T09:09:31","modified_gmt":"2026-03-12T08:09:31","slug":"truusk-katttrad-med-massagehorna-katt-grotta-lekboll-klosstolpe-sisalrep-ljusgra-48-x-48-x-85-cm","status":"publish","type":"product","link":"https:\/\/truusk.store\/sv\/produkt\/truusk-katttrad-med-massagehorna-katt-grotta-lekboll-klosstolpe-sisalrep-ljusgra-48-x-48-x-85-cm\/","title":{"rendered":"TRUUSK Katttr\u00e4d Med Massageh\u00f6rna &#8211; Katt Grotta &#8211; Lekboll &#8211; Kl\u00f6sstolpe &#8211; Sisalrep &#8211; Ljusgr\u00e5 &#8211; 48 x 48 x 85 cm"},"content":{"rendered":"<p>Tillfredsst\u00e4ll din katts instinkter med detta skrapinl\u00e4gg! Detta katttr\u00e4d med flera h\u00f6rn har sisalstolpar, en kattgrotta, katts\u00e4ng, plattformar och inbyggda leksaker f\u00f6r mycket skoj. Aktivitetskrapstolpar \u00e4r f\u00f6rdelaktiga f\u00f6r b\u00e5de husdjur och deras \u00e4gare eftersom de erbjuder katter m\u00f6jligheten att tillfredsst\u00e4lla sin \u00f6nskan att klia och kl\u00e4ttra och skydda dina mattor och m\u00f6bler fr\u00e5n skador.<\/p>\n<h3>Beskrivning:<\/h3>\n<ul>\n<li>Sisaltyget rymmer dina katters natur och skyddar dina m\u00f6bler<\/li>\n<li>Rymlig l\u00e4genhet och mjukt vadderad katts\u00e4ng skapar ett s\u00e4kert utrymme f\u00f6r din lurviga v\u00e4n<\/li>\n<li>H\u00e4ngboll f\u00f6r skojs skull och skrapmattor f\u00f6r massage<\/li>\n<li>Flerniv\u00e5designen tillfredsst\u00e4ller ditt husdjurs lust att kl\u00e4ttra<\/li>\n<li>Den \u00f6vre kattb\u00e4dden kan tv\u00e4ttas i sin helhet<\/li>\n<li>L\u00e4mplig f\u00f6r katter som v\u00e4ger mindre \u00e4n 10 kg<\/li>\n<li>Montering kr\u00e4vs<\/li>\n<\/ul>\n<h3>Teknisk data:<\/h3>\n<ul>\n<li>F\u00e4rg: ljusgr\u00e5<\/li>\n<li>Material: sp\u00e5nskiva, sisal, plysch<\/li>\n<li>Totala m\u00e5tt: 48L x 48W x 85H cm<\/li>\n<li>M\u00e5tt p\u00e5 kattl\u00e5dan: 39L x 29W x 27H cm<\/li>\n<li>D\u00f6rr\u00f6ppningsm\u00e5tt: 19L x 23H cm<\/li>\n<li>M\u00e5tt p\u00e5 andra v\u00e5ningens plattform: 38L x 28W cm<\/li>\n<li>M\u00e5tt p\u00e5 den \u00f6vre s\u00e4ngen: 42L x 34W x 7H cm<\/li>\n<li>Skrapstolpe: 7cm<\/li>\n<li>Rekommenderad djurvikt: mindre \u00e4n 10 kg<\/li>\n<\/ul>\n<h3>Leveransens omfattning:<\/h3>\n<ul>\n<li>1 x skrapstolpe<\/li>\n<li>1 x Instruktioner<\/li>\n<\/ul>\n","protected":false},"excerpt":{"rendered":"<p>Tillfredsst\u00e4ll din katts instinkter med detta skrapinl\u00e4gg! Detta katttr\u00e4d med flera h\u00f6rn har sisalstolpar, en kattgrotta, katts\u00e4ng, plattformar och inbyggda&#8230;<\/p>\n","protected":false},"featured_media":31282,"template":"","meta":[],"product_brand":[],"product_cat":[573,588,589],"product_tag":[],"class_list":{"0":"post-31281","1":"product","2":"type-product","3":"status-publish","4":"has-post-thumbnail","6":"product_cat-husdjursmaterial","7":"product_cat-katttillbehor","8":"product_cat-skrapande-inlagg","10":"first","11":"instock","12":"sale","13":"taxable","14":"shipping-taxable","15":"purchasable","16":"product-type-simple"},"yoast_head":"<!-- This site is optimized with the Yoast SEO plugin v25.4 - https:\/\/yoast.com\/wordpress\/plugins\/seo\/ -->\n<title>TRUUSK Katttr\u00e4d Med Massageh\u00f6rna - Katt Grotta - Lekboll - Kl\u00f6sstolpe - Sisalrep - Ljusgr\u00e5 - 48 x 48 x 85 cm - TRUUSK - Hem, Tr\u00e4dg\u00e5rd &amp; Fritid<\/title>\n<meta name=\"robots\" content=\"index, follow, max-snippet:-1, max-image-preview:large, max-video-preview:-1\" \/>\n<link rel=\"canonical\" href=\"https:\/\/truusk.store\/sv\/produkt\/truusk-katttrad-med-massagehorna-katt-grotta-lekboll-klosstolpe-sisalrep-ljusgra-48-x-48-x-85-cm\/\" \/>\n<meta property=\"og:locale\" content=\"sv_SE\" \/>\n<meta property=\"og:type\" content=\"article\" \/>\n<meta property=\"og:title\" content=\"TRUUSK Katttr\u00e4d Med Massageh\u00f6rna - Katt Grotta - Lekboll - Kl\u00f6sstolpe - Sisalrep - Ljusgr\u00e5 - 48 x 48 x 85 cm - TRUUSK - Hem, Tr\u00e4dg\u00e5rd &amp; Fritid\" \/>\n<meta property=\"og:description\" content=\"Tillfredsst\u00e4ll din katts instinkter med detta skrapinl\u00e4gg! Detta katttr\u00e4d med flera h\u00f6rn har sisalstolpar, en kattgrotta, katts\u00e4ng, plattformar och inbyggda...\" \/>\n<meta property=\"og:url\" content=\"https:\/\/truusk.store\/sv\/produkt\/truusk-katttrad-med-massagehorna-katt-grotta-lekboll-klosstolpe-sisalrep-ljusgra-48-x-48-x-85-cm\/\" \/>\n<meta property=\"og:site_name\" content=\"TRUUSK - Hem, Tr\u00e4dg\u00e5rd &amp; Fritid\" \/>\n<meta property=\"article:modified_time\" content=\"2026-03-12T08:09:31+00:00\" \/>\n<meta property=\"og:image\" content=\"https:\/\/i0.wp.com\/truusk.se\/wp-content\/uploads\/2024\/02\/skrapstolpe-katttrad-med-massagehorna-katt-grotta-lekboll-katt-klosstolpe-sisalrep-klapstanger-ljusgra-48-x-48-x-85-cm.webp?fit=800%2C800&ssl=1\" \/>\n\t<meta property=\"og:image:width\" content=\"800\" \/>\n\t<meta property=\"og:image:height\" content=\"800\" \/>\n\t<meta property=\"og:image:type\" content=\"image\/webp\" \/>\n<meta name=\"twitter:card\" content=\"summary_large_image\" \/>\n<meta name=\"twitter:label1\" content=\"Ber\u00e4knad l\u00e4stid\" \/>\n\t<meta name=\"twitter:data1\" content=\"1 minut\" \/>\n<!-- \/ Yoast SEO plugin. -->","yoast_head_json":{"title":"TRUUSK Katttr\u00e4d Med Massageh\u00f6rna - Katt Grotta - Lekboll - Kl\u00f6sstolpe - Sisalrep - Ljusgr\u00e5 - 48 x 48 x 85 cm - TRUUSK - Hem, Tr\u00e4dg\u00e5rd &amp; Fritid","robots":{"index":"index","follow":"follow","max-snippet":"max-snippet:-1","max-image-preview":"max-image-preview:large","max-video-preview":"max-video-preview:-1"},"canonical":"https:\/\/truusk.store\/sv\/produkt\/truusk-katttrad-med-massagehorna-katt-grotta-lekboll-klosstolpe-sisalrep-ljusgra-48-x-48-x-85-cm\/","og_locale":"sv_SE","og_type":"article","og_title":"TRUUSK Katttr\u00e4d Med Massageh\u00f6rna - Katt Grotta - Lekboll - Kl\u00f6sstolpe - Sisalrep - Ljusgr\u00e5 - 48 x 48 x 85 cm - TRUUSK - Hem, Tr\u00e4dg\u00e5rd &amp; Fritid","og_description":"Tillfredsst\u00e4ll din katts instinkter med detta skrapinl\u00e4gg! Detta katttr\u00e4d med flera h\u00f6rn har sisalstolpar, en kattgrotta, katts\u00e4ng, plattformar och inbyggda...","og_url":"https:\/\/truusk.store\/sv\/produkt\/truusk-katttrad-med-massagehorna-katt-grotta-lekboll-klosstolpe-sisalrep-ljusgra-48-x-48-x-85-cm\/","og_site_name":"TRUUSK - Hem, Tr\u00e4dg\u00e5rd &amp; Fritid","article_modified_time":"2026-03-12T08:09:31+00:00","og_image":[{"width":800,"height":800,"url":"https:\/\/i0.wp.com\/truusk.se\/wp-content\/uploads\/2024\/02\/skrapstolpe-katttrad-med-massagehorna-katt-grotta-lekboll-katt-klosstolpe-sisalrep-klapstanger-ljusgra-48-x-48-x-85-cm.webp?fit=800%2C800&ssl=1","type":"image\/webp"}],"twitter_card":"summary_large_image","twitter_misc":{"Ber\u00e4knad l\u00e4stid":"1 minut"},"schema":{"@context":"https:\/\/schema.org","@graph":[{"@type":"WebPage","@id":"https:\/\/truusk.store\/sv\/produkt\/truusk-katttrad-med-massagehorna-katt-grotta-lekboll-klosstolpe-sisalrep-ljusgra-48-x-48-x-85-cm\/","url":"https:\/\/truusk.store\/sv\/produkt\/truusk-katttrad-med-massagehorna-katt-grotta-lekboll-klosstolpe-sisalrep-ljusgra-48-x-48-x-85-cm\/","name":"TRUUSK Katttr\u00e4d Med Massageh\u00f6rna - Katt Grotta - Lekboll - Kl\u00f6sstolpe - Sisalrep - Ljusgr\u00e5 - 48 x 48 x 85 cm - TRUUSK - Hem, Tr\u00e4dg\u00e5rd &amp; Fritid","isPartOf":{"@id":"https:\/\/truusk.store\/sv\/#website"},"primaryImageOfPage":{"@id":"https:\/\/truusk.store\/sv\/produkt\/truusk-katttrad-med-massagehorna-katt-grotta-lekboll-klosstolpe-sisalrep-ljusgra-48-x-48-x-85-cm\/#primaryimage"},"image":{"@id":"https:\/\/truusk.store\/sv\/produkt\/truusk-katttrad-med-massagehorna-katt-grotta-lekboll-klosstolpe-sisalrep-ljusgra-48-x-48-x-85-cm\/#primaryimage"},"thumbnailUrl":"https:\/\/i0.wp.com\/truusk.store\/wp-content\/uploads\/2024\/02\/skrapstolpe-katttrad-med-massagehorna-katt-grotta-lekboll-katt-klosstolpe-sisalrep-klapstanger-ljusgra-48-x-48-x-85-cm.webp?fit=800%2C800&ssl=1","datePublished":"2024-02-13T20:14:58+00:00","dateModified":"2026-03-12T08:09:31+00:00","breadcrumb":{"@id":"https:\/\/truusk.store\/sv\/produkt\/truusk-katttrad-med-massagehorna-katt-grotta-lekboll-klosstolpe-sisalrep-ljusgra-48-x-48-x-85-cm\/#breadcrumb"},"inLanguage":"sv-SE","potentialAction":[{"@type":"ReadAction","target":["https:\/\/truusk.store\/sv\/produkt\/truusk-katttrad-med-massagehorna-katt-grotta-lekboll-klosstolpe-sisalrep-ljusgra-48-x-48-x-85-cm\/"]}]},{"@type":"ImageObject","inLanguage":"sv-SE","@id":"https:\/\/truusk.store\/sv\/produkt\/truusk-katttrad-med-massagehorna-katt-grotta-lekboll-klosstolpe-sisalrep-ljusgra-48-x-48-x-85-cm\/#primaryimage","url":"https:\/\/i0.wp.com\/truusk.store\/wp-content\/uploads\/2024\/02\/skrapstolpe-katttrad-med-massagehorna-katt-grotta-lekboll-katt-klosstolpe-sisalrep-klapstanger-ljusgra-48-x-48-x-85-cm.webp?fit=800%2C800&ssl=1","contentUrl":"https:\/\/i0.wp.com\/truusk.store\/wp-content\/uploads\/2024\/02\/skrapstolpe-katttrad-med-massagehorna-katt-grotta-lekboll-katt-klosstolpe-sisalrep-klapstanger-ljusgra-48-x-48-x-85-cm.webp?fit=800%2C800&ssl=1","width":800,"height":800,"caption":"Skrapstolpe Katttr\u00e4d Med Massageh\u00f6rna Katt Grotta Lekboll Katt Kl\u00f6sstolpe Sisalrep Klapst\u00e4nger Ljusgr\u00e5 48 X 48 X 85 Cm 1"},{"@type":"BreadcrumbList","@id":"https:\/\/truusk.store\/sv\/produkt\/truusk-katttrad-med-massagehorna-katt-grotta-lekboll-klosstolpe-sisalrep-ljusgra-48-x-48-x-85-cm\/#breadcrumb","itemListElement":[{"@type":"ListItem","position":1,"name":"Home","item":"https:\/\/truusk.store\/sv\/"},{"@type":"ListItem","position":2,"name":"Shop","item":"https:\/\/truusk.store\/shop\/"},{"@type":"ListItem","position":3,"name":"TRUUSK Katttr\u00e4d Med Massageh\u00f6rna &#8211; Katt Grotta &#8211; Lekboll &#8211; Kl\u00f6sstolpe &#8211; Sisalrep &#8211; Ljusgr\u00e5 &#8211; 48 x 48 x 85 cm"}]},{"@type":"WebSite","@id":"https:\/\/truusk.store\/sv\/#website","url":"https:\/\/truusk.store\/sv\/","name":"TRUUSK - Hem, Tr\u00e4dg\u00e5rd & Fritid","description":"","publisher":{"@id":"https:\/\/truusk.store\/sv\/#organization"},"potentialAction":[{"@type":"SearchAction","target":{"@type":"EntryPoint","urlTemplate":"https:\/\/truusk.store\/sv\/?s={search_term_string}"},"query-input":{"@type":"PropertyValueSpecification","valueRequired":true,"valueName":"search_term_string"}}],"inLanguage":"sv-SE"},{"@type":"Organization","@id":"https:\/\/truusk.store\/sv\/#organization","name":"TRUUSK - Hem, Tr\u00e4dg\u00e5rd & Fritid","url":"https:\/\/truusk.store\/sv\/","logo":{"@type":"ImageObject","inLanguage":"sv-SE","@id":"https:\/\/truusk.store\/sv\/#\/schema\/logo\/image\/","url":"https:\/\/i0.wp.com\/truusk.store\/wp-content\/uploads\/2026\/03\/cropped-TRUUSK.png?fit=2032%2C917&ssl=1","contentUrl":"https:\/\/i0.wp.com\/truusk.store\/wp-content\/uploads\/2026\/03\/cropped-TRUUSK.png?fit=2032%2C917&ssl=1","width":2032,"height":917,"caption":"TRUUSK - Hem, Tr\u00e4dg\u00e5rd & Fritid"},"image":{"@id":"https:\/\/truusk.store\/sv\/#\/schema\/logo\/image\/"}}]}},"jetpack_sharing_enabled":true,"_links":{"self":[{"href":"https:\/\/truusk.store\/sv\/wp-json\/wp\/v2\/product\/31281","targetHints":{"allow":["GET"]}}],"collection":[{"href":"https:\/\/truusk.store\/sv\/wp-json\/wp\/v2\/product"}],"about":[{"href":"https:\/\/truusk.store\/sv\/wp-json\/wp\/v2\/types\/product"}],"wp:featuredmedia":[{"embeddable":true,"href":"https:\/\/truusk.store\/sv\/wp-json\/wp\/v2\/media\/31282"}],"wp:attachment":[{"href":"https:\/\/truusk.store\/sv\/wp-json\/wp\/v2\/media?parent=31281"}],"wp:term":[{"taxonomy":"product_brand","embeddable":true,"href":"https:\/\/truusk.store\/sv\/wp-json\/wp\/v2\/product_brand?post=31281"},{"taxonomy":"product_cat","embeddable":true,"href":"https:\/\/truusk.store\/sv\/wp-json\/wp\/v2\/product_cat?post=31281"},{"taxonomy":"product_tag","embeddable":true,"href":"https:\/\/truusk.store\/sv\/wp-json\/wp\/v2\/product_tag?post=31281"}],"curies":[{"name":"wp","href":"https:\/\/api.w.org\/{rel}","templated":true}]}}