{"id":31312,"date":"2024-02-13T21:16:11","date_gmt":"2024-02-13T20:16:11","guid":{"rendered":"https:\/\/truusk.store\/product\/kattsang-kattvaggsstol-kattsang-katthylla-vaggfaste-plyschdyna-mdf-vit-gra-41-x-28-x-21-cm\/"},"modified":"2026-03-12T09:09:32","modified_gmt":"2026-03-12T08:09:32","slug":"truusk-kattvaggsstol-och-kattsang-plyschdyna-mdf-vit-vaggfaste-41-x-28-x-21-cm","status":"publish","type":"product","link":"https:\/\/truusk.store\/sv\/produkt\/truusk-kattvaggsstol-och-kattsang-plyschdyna-mdf-vit-vaggfaste-41-x-28-x-21-cm\/","title":{"rendered":"TRUUSK Kattv\u00e4ggsstol och Katts\u00e4ng &#8211; Plyschdyna &#8211; MDF Vit &#8211; V\u00e4ggf\u00e4ste &#8211; 41 x 28 x 21 cm"},"content":{"rendered":"<p>Sova, spinna, busa runt: I den v\u00e4ggmonterade katts\u00e4ngen hittar din katt allt som kattens hj\u00e4rta \u00f6nskar. Den l\u00e4tt b\u00f6jda designen och den mjuka plyschytan g\u00f6r kattens kl\u00e4tterv\u00e4gg till en perfekt h\u00f6g viloplats. Du kan \u00e4ven f\u00e4sta flera kattf\u00f6nsterstolar p\u00e5 olika h\u00f6jder, vilket uppmuntrar din katt att hoppa och leka \u00e4nnu mer.<\/p>\n<h3>Beskrivning:<\/h3>\n<ul>\n<li>Kan f\u00e4stas p\u00e5 v\u00e4ggen i valfri h\u00f6jd<\/li>\n<li>Kudde gjord av mjukt skum och fluffig plysch<\/li>\n<li>N\u00e5got b\u00f6jd botten<\/li>\n<li>Fungerar som en plats att sova och vila p\u00e5, en skrapstolpe och en lekplats i ett<\/li>\n<li>Tillverkad av h\u00f6gkvalitativ och robust MDF klass E1<\/li>\n<li>Enkel konstruktion<\/li>\n<\/ul>\n<h3>Teknisk data:<\/h3>\n<ul>\n<li>Material: E1 klass MDF, skum, plysch<\/li>\n<li>F\u00e4rg: Vit+Gr\u00e5<\/li>\n<li>\u00d6vergripande m\u00e5tt: 41L x 28W x 21H cm<\/li>\n<li>Vikt: 2kg<\/li>\n<li>Max belastning: 4,5 kg<\/li>\n<\/ul>\n<h3>Leveransens omfattning:<\/h3>\n<ul>\n<li>1 x katts\u00e4ng<\/li>\n<li>Tillbeh\u00f6r<\/li>\n<li>1 x Monteringsanvisning<\/li>\n<\/ul>\n","protected":false},"excerpt":{"rendered":"<p>Sova, spinna, busa runt: I den v\u00e4ggmonterade katts\u00e4ngen hittar din katt allt som kattens hj\u00e4rta \u00f6nskar. Den l\u00e4tt b\u00f6jda designen&#8230;<\/p>\n","protected":false},"featured_media":31313,"template":"","meta":[],"product_brand":[],"product_cat":[573,590,588],"product_tag":[],"class_list":{"0":"post-31312","1":"product","2":"type-product","3":"status-publish","4":"has-post-thumbnail","6":"product_cat-husdjursmaterial","7":"product_cat-kattgrottor-kattsangar","8":"product_cat-katttillbehor","10":"first","11":"instock","12":"sale","13":"taxable","14":"shipping-taxable","15":"purchasable","16":"product-type-simple"},"yoast_head":"<!-- This site is optimized with the Yoast SEO plugin v25.4 - https:\/\/yoast.com\/wordpress\/plugins\/seo\/ -->\n<title>TRUUSK Kattv\u00e4ggsstol och Katts\u00e4ng - Plyschdyna - MDF Vit - V\u00e4ggf\u00e4ste - 41 x 28 x 21 cm - TRUUSK - Hem, Tr\u00e4dg\u00e5rd &amp; Fritid<\/title>\n<meta name=\"robots\" content=\"index, follow, max-snippet:-1, max-image-preview:large, max-video-preview:-1\" \/>\n<link rel=\"canonical\" href=\"https:\/\/truusk.store\/sv\/produkt\/truusk-kattvaggsstol-och-kattsang-plyschdyna-mdf-vit-vaggfaste-41-x-28-x-21-cm\/\" \/>\n<meta property=\"og:locale\" content=\"sv_SE\" \/>\n<meta property=\"og:type\" content=\"article\" \/>\n<meta property=\"og:title\" content=\"TRUUSK Kattv\u00e4ggsstol och Katts\u00e4ng - Plyschdyna - MDF Vit - V\u00e4ggf\u00e4ste - 41 x 28 x 21 cm - TRUUSK - Hem, Tr\u00e4dg\u00e5rd &amp; Fritid\" \/>\n<meta property=\"og:description\" content=\"Sova, spinna, busa runt: I den v\u00e4ggmonterade katts\u00e4ngen hittar din katt allt som kattens hj\u00e4rta \u00f6nskar. Den l\u00e4tt b\u00f6jda designen...\" \/>\n<meta property=\"og:url\" content=\"https:\/\/truusk.store\/sv\/produkt\/truusk-kattvaggsstol-och-kattsang-plyschdyna-mdf-vit-vaggfaste-41-x-28-x-21-cm\/\" \/>\n<meta property=\"og:site_name\" content=\"TRUUSK - Hem, Tr\u00e4dg\u00e5rd &amp; Fritid\" \/>\n<meta property=\"article:modified_time\" content=\"2026-03-12T08:09:32+00:00\" \/>\n<meta property=\"og:image\" content=\"https:\/\/i0.wp.com\/truusk.se\/wp-content\/uploads\/2024\/02\/kattsang-kattvaggsstol-kattsang-katthylla-vaggfaste-plyschdyna-mdf-vit-gra-41-x-28-x-21-cm.webp?fit=800%2C800&ssl=1\" \/>\n\t<meta property=\"og:image:width\" content=\"800\" \/>\n\t<meta property=\"og:image:height\" content=\"800\" \/>\n\t<meta property=\"og:image:type\" content=\"image\/webp\" \/>\n<meta name=\"twitter:card\" content=\"summary_large_image\" \/>\n<meta name=\"twitter:label1\" content=\"Ber\u00e4knad l\u00e4stid\" \/>\n\t<meta name=\"twitter:data1\" content=\"1 minut\" \/>\n<!-- \/ Yoast SEO plugin. -->","yoast_head_json":{"title":"TRUUSK Kattv\u00e4ggsstol och Katts\u00e4ng - Plyschdyna - MDF Vit - V\u00e4ggf\u00e4ste - 41 x 28 x 21 cm - TRUUSK - Hem, Tr\u00e4dg\u00e5rd &amp; Fritid","robots":{"index":"index","follow":"follow","max-snippet":"max-snippet:-1","max-image-preview":"max-image-preview:large","max-video-preview":"max-video-preview:-1"},"canonical":"https:\/\/truusk.store\/sv\/produkt\/truusk-kattvaggsstol-och-kattsang-plyschdyna-mdf-vit-vaggfaste-41-x-28-x-21-cm\/","og_locale":"sv_SE","og_type":"article","og_title":"TRUUSK Kattv\u00e4ggsstol och Katts\u00e4ng - Plyschdyna - MDF Vit - V\u00e4ggf\u00e4ste - 41 x 28 x 21 cm - TRUUSK - Hem, Tr\u00e4dg\u00e5rd &amp; Fritid","og_description":"Sova, spinna, busa runt: I den v\u00e4ggmonterade katts\u00e4ngen hittar din katt allt som kattens hj\u00e4rta \u00f6nskar. Den l\u00e4tt b\u00f6jda designen...","og_url":"https:\/\/truusk.store\/sv\/produkt\/truusk-kattvaggsstol-och-kattsang-plyschdyna-mdf-vit-vaggfaste-41-x-28-x-21-cm\/","og_site_name":"TRUUSK - Hem, Tr\u00e4dg\u00e5rd &amp; Fritid","article_modified_time":"2026-03-12T08:09:32+00:00","og_image":[{"width":800,"height":800,"url":"https:\/\/i0.wp.com\/truusk.se\/wp-content\/uploads\/2024\/02\/kattsang-kattvaggsstol-kattsang-katthylla-vaggfaste-plyschdyna-mdf-vit-gra-41-x-28-x-21-cm.webp?fit=800%2C800&ssl=1","type":"image\/webp"}],"twitter_card":"summary_large_image","twitter_misc":{"Ber\u00e4knad l\u00e4stid":"1 minut"},"schema":{"@context":"https:\/\/schema.org","@graph":[{"@type":"WebPage","@id":"https:\/\/truusk.store\/sv\/produkt\/truusk-kattvaggsstol-och-kattsang-plyschdyna-mdf-vit-vaggfaste-41-x-28-x-21-cm\/","url":"https:\/\/truusk.store\/sv\/produkt\/truusk-kattvaggsstol-och-kattsang-plyschdyna-mdf-vit-vaggfaste-41-x-28-x-21-cm\/","name":"TRUUSK Kattv\u00e4ggsstol och Katts\u00e4ng - Plyschdyna - MDF Vit - V\u00e4ggf\u00e4ste - 41 x 28 x 21 cm - TRUUSK - Hem, Tr\u00e4dg\u00e5rd &amp; Fritid","isPartOf":{"@id":"https:\/\/truusk.store\/sv\/#website"},"primaryImageOfPage":{"@id":"https:\/\/truusk.store\/sv\/produkt\/truusk-kattvaggsstol-och-kattsang-plyschdyna-mdf-vit-vaggfaste-41-x-28-x-21-cm\/#primaryimage"},"image":{"@id":"https:\/\/truusk.store\/sv\/produkt\/truusk-kattvaggsstol-och-kattsang-plyschdyna-mdf-vit-vaggfaste-41-x-28-x-21-cm\/#primaryimage"},"thumbnailUrl":"https:\/\/i0.wp.com\/truusk.store\/wp-content\/uploads\/2024\/02\/kattsang-kattvaggsstol-kattsang-katthylla-vaggfaste-plyschdyna-mdf-vit-gra-41-x-28-x-21-cm.webp?fit=800%2C800&ssl=1","datePublished":"2024-02-13T20:16:11+00:00","dateModified":"2026-03-12T08:09:32+00:00","breadcrumb":{"@id":"https:\/\/truusk.store\/sv\/produkt\/truusk-kattvaggsstol-och-kattsang-plyschdyna-mdf-vit-vaggfaste-41-x-28-x-21-cm\/#breadcrumb"},"inLanguage":"sv-SE","potentialAction":[{"@type":"ReadAction","target":["https:\/\/truusk.store\/sv\/produkt\/truusk-kattvaggsstol-och-kattsang-plyschdyna-mdf-vit-vaggfaste-41-x-28-x-21-cm\/"]}]},{"@type":"ImageObject","inLanguage":"sv-SE","@id":"https:\/\/truusk.store\/sv\/produkt\/truusk-kattvaggsstol-och-kattsang-plyschdyna-mdf-vit-vaggfaste-41-x-28-x-21-cm\/#primaryimage","url":"https:\/\/i0.wp.com\/truusk.store\/wp-content\/uploads\/2024\/02\/kattsang-kattvaggsstol-kattsang-katthylla-vaggfaste-plyschdyna-mdf-vit-gra-41-x-28-x-21-cm.webp?fit=800%2C800&ssl=1","contentUrl":"https:\/\/i0.wp.com\/truusk.store\/wp-content\/uploads\/2024\/02\/kattsang-kattvaggsstol-kattsang-katthylla-vaggfaste-plyschdyna-mdf-vit-gra-41-x-28-x-21-cm.webp?fit=800%2C800&ssl=1","width":800,"height":800,"caption":"Katts\u00e4ng, Kattv\u00e4ggsstol, Katts\u00e4ng, Katthylla, V\u00e4ggf\u00e4ste, Plyschdyna MDF Vit + Gr\u00e5 41 X 28 X 21 Cm 1"},{"@type":"BreadcrumbList","@id":"https:\/\/truusk.store\/sv\/produkt\/truusk-kattvaggsstol-och-kattsang-plyschdyna-mdf-vit-vaggfaste-41-x-28-x-21-cm\/#breadcrumb","itemListElement":[{"@type":"ListItem","position":1,"name":"Home","item":"https:\/\/truusk.store\/sv\/"},{"@type":"ListItem","position":2,"name":"Shop","item":"https:\/\/truusk.store\/shop\/"},{"@type":"ListItem","position":3,"name":"TRUUSK Kattv\u00e4ggsstol och Katts\u00e4ng &#8211; Plyschdyna &#8211; MDF Vit &#8211; V\u00e4ggf\u00e4ste &#8211; 41 x 28 x 21 cm"}]},{"@type":"WebSite","@id":"https:\/\/truusk.store\/sv\/#website","url":"https:\/\/truusk.store\/sv\/","name":"TRUUSK - Hem, Tr\u00e4dg\u00e5rd & Fritid","description":"","publisher":{"@id":"https:\/\/truusk.store\/sv\/#organization"},"potentialAction":[{"@type":"SearchAction","target":{"@type":"EntryPoint","urlTemplate":"https:\/\/truusk.store\/sv\/?s={search_term_string}"},"query-input":{"@type":"PropertyValueSpecification","valueRequired":true,"valueName":"search_term_string"}}],"inLanguage":"sv-SE"},{"@type":"Organization","@id":"https:\/\/truusk.store\/sv\/#organization","name":"TRUUSK - Hem, Tr\u00e4dg\u00e5rd & Fritid","url":"https:\/\/truusk.store\/sv\/","logo":{"@type":"ImageObject","inLanguage":"sv-SE","@id":"https:\/\/truusk.store\/sv\/#\/schema\/logo\/image\/","url":"https:\/\/i0.wp.com\/truusk.store\/wp-content\/uploads\/2026\/03\/cropped-TRUUSK.png?fit=2032%2C917&ssl=1","contentUrl":"https:\/\/i0.wp.com\/truusk.store\/wp-content\/uploads\/2026\/03\/cropped-TRUUSK.png?fit=2032%2C917&ssl=1","width":2032,"height":917,"caption":"TRUUSK - Hem, Tr\u00e4dg\u00e5rd & Fritid"},"image":{"@id":"https:\/\/truusk.store\/sv\/#\/schema\/logo\/image\/"}}]}},"jetpack_sharing_enabled":true,"_links":{"self":[{"href":"https:\/\/truusk.store\/sv\/wp-json\/wp\/v2\/product\/31312","targetHints":{"allow":["GET"]}}],"collection":[{"href":"https:\/\/truusk.store\/sv\/wp-json\/wp\/v2\/product"}],"about":[{"href":"https:\/\/truusk.store\/sv\/wp-json\/wp\/v2\/types\/product"}],"wp:featuredmedia":[{"embeddable":true,"href":"https:\/\/truusk.store\/sv\/wp-json\/wp\/v2\/media\/31313"}],"wp:attachment":[{"href":"https:\/\/truusk.store\/sv\/wp-json\/wp\/v2\/media?parent=31312"}],"wp:term":[{"taxonomy":"product_brand","embeddable":true,"href":"https:\/\/truusk.store\/sv\/wp-json\/wp\/v2\/product_brand?post=31312"},{"taxonomy":"product_cat","embeddable":true,"href":"https:\/\/truusk.store\/sv\/wp-json\/wp\/v2\/product_cat?post=31312"},{"taxonomy":"product_tag","embeddable":true,"href":"https:\/\/truusk.store\/sv\/wp-json\/wp\/v2\/product_tag?post=31312"}],"curies":[{"name":"wp","href":"https:\/\/api.w.org\/{rel}","templated":true}]}}