{"id":31332,"date":"2024-02-13T21:16:58","date_gmt":"2024-02-13T20:16:58","guid":{"rendered":"https:\/\/truusk.store\/product\/vaxtlada-set-om-2-blomlada-oppen-botten-stalram-gron-2-x-100-x-100-x-30-cm\/"},"modified":"2026-03-12T09:09:33","modified_gmt":"2026-03-12T08:09:33","slug":"truusk-vaxtlada-set-om-2-blomlada-med-oppen-botten-stalram-gron-2-x-100-x-100-x-30-cm","status":"publish","type":"product","link":"https:\/\/truusk.store\/sv\/produkt\/truusk-vaxtlada-set-om-2-blomlada-med-oppen-botten-stalram-gron-2-x-100-x-100-x-30-cm\/","title":{"rendered":"TRUUSK V\u00e4xtl\u00e5da Set om 2 &#8211; Bloml\u00e5da med \u00f6ppen botten &#8211; St\u00e5lram &#8211; Gr\u00f6n &#8211; (2 x) 100 x 100 x 30 cm"},"content":{"rendered":"<p>Om du har begr\u00e4nsat med utrymme p\u00e5 terrassen eller balkongen och vill odla blommor eller \u00f6rter \u00e4r denna galvaniserade upph\u00f6jda tr\u00e4dg\u00e5rd det perfekta valet f\u00f6r dig! De h\u00f6ga v\u00e4ggarna och den \u00f6ppna marken g\u00f6r att du kan odla gr\u00f6dor med l\u00e5nga r\u00f6tter utan att beh\u00f6va oroa dig f\u00f6r bevattning. Med detta underbara set kan du alltid h\u00e5lla din tr\u00e4dg\u00e5rd organiserad och naturligt vacker.<\/p>\n<h3>Beskrivning:<\/h3>\n<ul>\n<li>Set med tv\u00e5 100 x 100 cm bloml\u00e5dor<\/li>\n<li>H\u00e5ller ute ogr\u00e4s och ger bra dr\u00e4nering<\/li>\n<li>F\u00f6r en m\u00e4ngd olika v\u00e4xter: gr\u00f6nsaker, \u00f6rter, blommor, etc.<\/li>\n<li>V\u00e4derbest\u00e4ndig st\u00e5lram med pulverlackering<\/li>\n<li>Enkel och snabb montering<\/li>\n<\/ul>\n<h3>Teknisk data:<\/h3>\n<ul>\n<li>F\u00e4rg gr\u00e5<\/li>\n<li>Material: Galvaniserat st\u00e5l<\/li>\n<li>Totala m\u00e5tt: 100L x 100W x 30H cm (enkel)<\/li>\n<li>Innerm\u00e5tt: 98,5L x 98,5W x 30H cm (enkel)<\/li>\n<\/ul>\n<h3>Leveransens omfattning:<\/h3>\n<ul>\n<li>2 x v\u00e4xtl\u00e5da<\/li>\n<li>1 x Instruktioner<\/li>\n<\/ul>\n","protected":false},"excerpt":{"rendered":"<p>Om du har begr\u00e4nsat med utrymme p\u00e5 terrassen eller balkongen och vill odla blommor eller \u00f6rter \u00e4r denna galvaniserade upph\u00f6jda&#8230;<\/p>\n","protected":false},"featured_media":31333,"template":"","meta":[],"product_brand":[],"product_cat":[447,435,443],"product_tag":[],"class_list":{"0":"post-31332","1":"product","2":"type-product","3":"status-publish","4":"has-post-thumbnail","6":"product_cat-planteringsmaskiner","7":"product_cat-tradgard-och-terrass","8":"product_cat-vaxthus-tradgardsskotsel","10":"first","11":"instock","12":"sale","13":"taxable","14":"shipping-taxable","15":"purchasable","16":"product-type-simple"},"yoast_head":"<!-- This site is optimized with the Yoast SEO plugin v25.4 - https:\/\/yoast.com\/wordpress\/plugins\/seo\/ -->\n<title>TRUUSK V\u00e4xtl\u00e5da Set om 2 - Bloml\u00e5da med \u00f6ppen botten - St\u00e5lram - Gr\u00f6n - (2 x) 100 x 100 x 30 cm - TRUUSK - Hem, Tr\u00e4dg\u00e5rd &amp; Fritid<\/title>\n<meta name=\"robots\" content=\"index, follow, max-snippet:-1, max-image-preview:large, max-video-preview:-1\" \/>\n<link rel=\"canonical\" href=\"https:\/\/truusk.store\/sv\/produkt\/truusk-vaxtlada-set-om-2-blomlada-med-oppen-botten-stalram-gron-2-x-100-x-100-x-30-cm\/\" \/>\n<meta property=\"og:locale\" content=\"sv_SE\" \/>\n<meta property=\"og:type\" content=\"article\" \/>\n<meta property=\"og:title\" content=\"TRUUSK V\u00e4xtl\u00e5da Set om 2 - Bloml\u00e5da med \u00f6ppen botten - St\u00e5lram - Gr\u00f6n - (2 x) 100 x 100 x 30 cm - TRUUSK - Hem, Tr\u00e4dg\u00e5rd &amp; Fritid\" \/>\n<meta property=\"og:description\" content=\"Om du har begr\u00e4nsat med utrymme p\u00e5 terrassen eller balkongen och vill odla blommor eller \u00f6rter \u00e4r denna galvaniserade upph\u00f6jda...\" \/>\n<meta property=\"og:url\" content=\"https:\/\/truusk.store\/sv\/produkt\/truusk-vaxtlada-set-om-2-blomlada-med-oppen-botten-stalram-gron-2-x-100-x-100-x-30-cm\/\" \/>\n<meta property=\"og:site_name\" content=\"TRUUSK - Hem, Tr\u00e4dg\u00e5rd &amp; Fritid\" \/>\n<meta property=\"article:modified_time\" content=\"2026-03-12T08:09:33+00:00\" \/>\n<meta property=\"og:image\" content=\"https:\/\/i0.wp.com\/truusk.se\/wp-content\/uploads\/2024\/02\/vaxtlada-set-om-2-blomlada-oppen-botten-stalram-gron-2-x-100-x-100-x-30-cm.webp?fit=800%2C800&ssl=1\" \/>\n\t<meta property=\"og:image:width\" content=\"800\" \/>\n\t<meta property=\"og:image:height\" content=\"800\" \/>\n\t<meta property=\"og:image:type\" content=\"image\/webp\" \/>\n<meta name=\"twitter:card\" content=\"summary_large_image\" \/>\n<meta name=\"twitter:label1\" content=\"Ber\u00e4knad l\u00e4stid\" \/>\n\t<meta name=\"twitter:data1\" content=\"1 minut\" \/>\n<!-- \/ Yoast SEO plugin. -->","yoast_head_json":{"title":"TRUUSK V\u00e4xtl\u00e5da Set om 2 - Bloml\u00e5da med \u00f6ppen botten - St\u00e5lram - Gr\u00f6n - (2 x) 100 x 100 x 30 cm - TRUUSK - Hem, Tr\u00e4dg\u00e5rd &amp; Fritid","robots":{"index":"index","follow":"follow","max-snippet":"max-snippet:-1","max-image-preview":"max-image-preview:large","max-video-preview":"max-video-preview:-1"},"canonical":"https:\/\/truusk.store\/sv\/produkt\/truusk-vaxtlada-set-om-2-blomlada-med-oppen-botten-stalram-gron-2-x-100-x-100-x-30-cm\/","og_locale":"sv_SE","og_type":"article","og_title":"TRUUSK V\u00e4xtl\u00e5da Set om 2 - Bloml\u00e5da med \u00f6ppen botten - St\u00e5lram - Gr\u00f6n - (2 x) 100 x 100 x 30 cm - TRUUSK - Hem, Tr\u00e4dg\u00e5rd &amp; Fritid","og_description":"Om du har begr\u00e4nsat med utrymme p\u00e5 terrassen eller balkongen och vill odla blommor eller \u00f6rter \u00e4r denna galvaniserade upph\u00f6jda...","og_url":"https:\/\/truusk.store\/sv\/produkt\/truusk-vaxtlada-set-om-2-blomlada-med-oppen-botten-stalram-gron-2-x-100-x-100-x-30-cm\/","og_site_name":"TRUUSK - Hem, Tr\u00e4dg\u00e5rd &amp; Fritid","article_modified_time":"2026-03-12T08:09:33+00:00","og_image":[{"width":800,"height":800,"url":"https:\/\/i0.wp.com\/truusk.se\/wp-content\/uploads\/2024\/02\/vaxtlada-set-om-2-blomlada-oppen-botten-stalram-gron-2-x-100-x-100-x-30-cm.webp?fit=800%2C800&ssl=1","type":"image\/webp"}],"twitter_card":"summary_large_image","twitter_misc":{"Ber\u00e4knad l\u00e4stid":"1 minut"},"schema":{"@context":"https:\/\/schema.org","@graph":[{"@type":"WebPage","@id":"https:\/\/truusk.store\/sv\/produkt\/truusk-vaxtlada-set-om-2-blomlada-med-oppen-botten-stalram-gron-2-x-100-x-100-x-30-cm\/","url":"https:\/\/truusk.store\/sv\/produkt\/truusk-vaxtlada-set-om-2-blomlada-med-oppen-botten-stalram-gron-2-x-100-x-100-x-30-cm\/","name":"TRUUSK V\u00e4xtl\u00e5da Set om 2 - Bloml\u00e5da med \u00f6ppen botten - St\u00e5lram - Gr\u00f6n - (2 x) 100 x 100 x 30 cm - TRUUSK - Hem, Tr\u00e4dg\u00e5rd &amp; Fritid","isPartOf":{"@id":"https:\/\/truusk.store\/sv\/#website"},"primaryImageOfPage":{"@id":"https:\/\/truusk.store\/sv\/produkt\/truusk-vaxtlada-set-om-2-blomlada-med-oppen-botten-stalram-gron-2-x-100-x-100-x-30-cm\/#primaryimage"},"image":{"@id":"https:\/\/truusk.store\/sv\/produkt\/truusk-vaxtlada-set-om-2-blomlada-med-oppen-botten-stalram-gron-2-x-100-x-100-x-30-cm\/#primaryimage"},"thumbnailUrl":"https:\/\/i0.wp.com\/truusk.store\/wp-content\/uploads\/2024\/02\/vaxtlada-set-om-2-blomlada-oppen-botten-stalram-gron-2-x-100-x-100-x-30-cm.webp?fit=800%2C800&ssl=1","datePublished":"2024-02-13T20:16:58+00:00","dateModified":"2026-03-12T08:09:33+00:00","breadcrumb":{"@id":"https:\/\/truusk.store\/sv\/produkt\/truusk-vaxtlada-set-om-2-blomlada-med-oppen-botten-stalram-gron-2-x-100-x-100-x-30-cm\/#breadcrumb"},"inLanguage":"sv-SE","potentialAction":[{"@type":"ReadAction","target":["https:\/\/truusk.store\/sv\/produkt\/truusk-vaxtlada-set-om-2-blomlada-med-oppen-botten-stalram-gron-2-x-100-x-100-x-30-cm\/"]}]},{"@type":"ImageObject","inLanguage":"sv-SE","@id":"https:\/\/truusk.store\/sv\/produkt\/truusk-vaxtlada-set-om-2-blomlada-med-oppen-botten-stalram-gron-2-x-100-x-100-x-30-cm\/#primaryimage","url":"https:\/\/i0.wp.com\/truusk.store\/wp-content\/uploads\/2024\/02\/vaxtlada-set-om-2-blomlada-oppen-botten-stalram-gron-2-x-100-x-100-x-30-cm.webp?fit=800%2C800&ssl=1","contentUrl":"https:\/\/i0.wp.com\/truusk.store\/wp-content\/uploads\/2024\/02\/vaxtlada-set-om-2-blomlada-oppen-botten-stalram-gron-2-x-100-x-100-x-30-cm.webp?fit=800%2C800&ssl=1","width":800,"height":800,"caption":"V\u00e4xtl\u00e5da, Set Om 2, Bloml\u00e5da, \u00f6ppen Botten, St\u00e5lram, Gr\u00f6n, (2 X) 100 X 100 X 30 Cm 1"},{"@type":"BreadcrumbList","@id":"https:\/\/truusk.store\/sv\/produkt\/truusk-vaxtlada-set-om-2-blomlada-med-oppen-botten-stalram-gron-2-x-100-x-100-x-30-cm\/#breadcrumb","itemListElement":[{"@type":"ListItem","position":1,"name":"Home","item":"https:\/\/truusk.store\/sv\/"},{"@type":"ListItem","position":2,"name":"Shop","item":"https:\/\/truusk.store\/shop\/"},{"@type":"ListItem","position":3,"name":"TRUUSK V\u00e4xtl\u00e5da Set om 2 &#8211; Bloml\u00e5da med \u00f6ppen botten &#8211; St\u00e5lram &#8211; Gr\u00f6n &#8211; (2 x) 100 x 100 x 30 cm"}]},{"@type":"WebSite","@id":"https:\/\/truusk.store\/sv\/#website","url":"https:\/\/truusk.store\/sv\/","name":"TRUUSK - Hem, Tr\u00e4dg\u00e5rd & Fritid","description":"","publisher":{"@id":"https:\/\/truusk.store\/sv\/#organization"},"potentialAction":[{"@type":"SearchAction","target":{"@type":"EntryPoint","urlTemplate":"https:\/\/truusk.store\/sv\/?s={search_term_string}"},"query-input":{"@type":"PropertyValueSpecification","valueRequired":true,"valueName":"search_term_string"}}],"inLanguage":"sv-SE"},{"@type":"Organization","@id":"https:\/\/truusk.store\/sv\/#organization","name":"TRUUSK - Hem, Tr\u00e4dg\u00e5rd & Fritid","url":"https:\/\/truusk.store\/sv\/","logo":{"@type":"ImageObject","inLanguage":"sv-SE","@id":"https:\/\/truusk.store\/sv\/#\/schema\/logo\/image\/","url":"https:\/\/i0.wp.com\/truusk.store\/wp-content\/uploads\/2026\/03\/cropped-TRUUSK.png?fit=2032%2C917&ssl=1","contentUrl":"https:\/\/i0.wp.com\/truusk.store\/wp-content\/uploads\/2026\/03\/cropped-TRUUSK.png?fit=2032%2C917&ssl=1","width":2032,"height":917,"caption":"TRUUSK - Hem, Tr\u00e4dg\u00e5rd & Fritid"},"image":{"@id":"https:\/\/truusk.store\/sv\/#\/schema\/logo\/image\/"}}]}},"jetpack_sharing_enabled":true,"_links":{"self":[{"href":"https:\/\/truusk.store\/sv\/wp-json\/wp\/v2\/product\/31332","targetHints":{"allow":["GET"]}}],"collection":[{"href":"https:\/\/truusk.store\/sv\/wp-json\/wp\/v2\/product"}],"about":[{"href":"https:\/\/truusk.store\/sv\/wp-json\/wp\/v2\/types\/product"}],"wp:featuredmedia":[{"embeddable":true,"href":"https:\/\/truusk.store\/sv\/wp-json\/wp\/v2\/media\/31333"}],"wp:attachment":[{"href":"https:\/\/truusk.store\/sv\/wp-json\/wp\/v2\/media?parent=31332"}],"wp:term":[{"taxonomy":"product_brand","embeddable":true,"href":"https:\/\/truusk.store\/sv\/wp-json\/wp\/v2\/product_brand?post=31332"},{"taxonomy":"product_cat","embeddable":true,"href":"https:\/\/truusk.store\/sv\/wp-json\/wp\/v2\/product_cat?post=31332"},{"taxonomy":"product_tag","embeddable":true,"href":"https:\/\/truusk.store\/sv\/wp-json\/wp\/v2\/product_tag?post=31332"}],"curies":[{"name":"wp","href":"https:\/\/api.w.org\/{rel}","templated":true}]}}