{"id":31391,"date":"2024-02-13T21:19:05","date_gmt":"2024-02-13T20:19:05","guid":{"rendered":"https:\/\/truusk.store\/product\/upphojd-badd-i-stal-oppen-botten-enkel-montering-95l-x-905w-x-298h-cm-gra\/"},"modified":"2026-03-12T09:09:33","modified_gmt":"2026-03-12T08:09:33","slug":"truusk-upphojd-badd-i-stal-oppen-botten-enkel-montering-gra-95l-x-905w-x-298h-cm","status":"publish","type":"product","link":"https:\/\/truusk.store\/sv\/produkt\/truusk-upphojd-badd-i-stal-oppen-botten-enkel-montering-gra-95l-x-905w-x-298h-cm\/","title":{"rendered":"TRUUSK Upph\u00f6jd B\u00e4dd i St\u00e5l &#8211; \u00d6ppen Botten &#8211; Enkel Montering &#8211; Gr\u00e5 &#8211; 95L x 90,5W x 29,8H cm"},"content":{"rendered":"<p>Skapa din dr\u00f6mtr\u00e4dg\u00e5rd utan anstr\u00e4ngning v\u00e5r h\u00f6gb\u00e4dd i st\u00e5l \u00e4r det perfekta valet f\u00f6r att h\u00e5lla v\u00e4xter organiserade och skyddade. Inget mer irriterande ogr\u00e4s och ingen mer oro f\u00f6r nyfikna djur. Bloml\u00e5dans robusta st\u00e5lkonstruktion t\u00e5l alla v\u00e4derf\u00f6rh\u00e5llanden och garanterar l\u00e5ngvarig njutning av din tr\u00e4dg\u00e5rd. Med extra h\u00f6ga v\u00e4ggar f\u00f6r fri rottillv\u00e4xt har du m\u00f6jlighet att odla en m\u00e4ngd olika v\u00e4xter fr\u00e5n saftiga gr\u00f6nsaker till doftande blommor.<\/p>\n<h3>Beskrivning:<\/h3>\n<ul>\n<li>Tillverkad av galvaniserat st\u00e5l som \u00e4r rostbest\u00e4ndigt<\/li>\n<li>Gr\u00f6nsakspl\u00e5stret h\u00e5ller ogr\u00e4s ute och ger bra dr\u00e4nering med \u00f6ppet golv<\/li>\n<li>Den stora rabatten kan \u00e4ven g\u00f6ras om till en liten planteringskruka vid behov<\/li>\n<li>Odla en m\u00e4ngd olika gr\u00f6nsaker, \u00f6rter och blommor<\/li>\n<li>L\u00e4tt att montera s\u00e5 att du snabbt kan b\u00f6rja din gr\u00e5a hobby<\/li>\n<\/ul>\n<h3>Teknisk data:<\/h3>\n<ul>\n<li>F\u00e4rg gr\u00e5<\/li>\n<li>Material: Galvaniserat st\u00e5l<\/li>\n<li>\u00d6vergripande m\u00e5tt: 241 x 90,5W x 30H cm<\/li>\n<li>Innerm\u00e5tt: 238L x 88W x 230H cm<\/li>\n<\/ul>\n<h3>Leveransens omfattning:<\/h3>\n<ul>\n<li>1 x upph\u00f6jd s\u00e4ng<\/li>\n<li>1 x Instruktioner<\/li>\n<\/ul>\n","protected":false},"excerpt":{"rendered":"<p>Skapa din dr\u00f6mtr\u00e4dg\u00e5rd utan anstr\u00e4ngning v\u00e5r h\u00f6gb\u00e4dd i st\u00e5l \u00e4r det perfekta valet f\u00f6r att h\u00e5lla v\u00e4xter organiserade och skyddade&#8230;.<\/p>\n","protected":false},"featured_media":31392,"template":"","meta":[],"product_brand":[],"product_cat":[447,435,443],"product_tag":[],"class_list":{"0":"post-31391","1":"product","2":"type-product","3":"status-publish","4":"has-post-thumbnail","6":"product_cat-planteringsmaskiner","7":"product_cat-tradgard-och-terrass","8":"product_cat-vaxthus-tradgardsskotsel","10":"first","11":"instock","12":"sale","13":"taxable","14":"shipping-taxable","15":"purchasable","16":"product-type-simple"},"yoast_head":"<!-- This site is optimized with the Yoast SEO plugin v25.4 - https:\/\/yoast.com\/wordpress\/plugins\/seo\/ -->\n<title>TRUUSK Upph\u00f6jd B\u00e4dd i St\u00e5l - \u00d6ppen Botten - Enkel Montering - Gr\u00e5 - 95L x 90,5W x 29,8H cm - TRUUSK - Hem, Tr\u00e4dg\u00e5rd &amp; Fritid<\/title>\n<meta name=\"robots\" content=\"index, follow, max-snippet:-1, max-image-preview:large, max-video-preview:-1\" \/>\n<link rel=\"canonical\" href=\"https:\/\/truusk.store\/sv\/produkt\/truusk-upphojd-badd-i-stal-oppen-botten-enkel-montering-gra-95l-x-905w-x-298h-cm\/\" \/>\n<meta property=\"og:locale\" content=\"sv_SE\" \/>\n<meta property=\"og:type\" content=\"article\" \/>\n<meta property=\"og:title\" content=\"TRUUSK Upph\u00f6jd B\u00e4dd i St\u00e5l - \u00d6ppen Botten - Enkel Montering - Gr\u00e5 - 95L x 90,5W x 29,8H cm - TRUUSK - Hem, Tr\u00e4dg\u00e5rd &amp; Fritid\" \/>\n<meta property=\"og:description\" content=\"Skapa din dr\u00f6mtr\u00e4dg\u00e5rd utan anstr\u00e4ngning v\u00e5r h\u00f6gb\u00e4dd i st\u00e5l \u00e4r det perfekta valet f\u00f6r att h\u00e5lla v\u00e4xter organiserade och skyddade....\" \/>\n<meta property=\"og:url\" content=\"https:\/\/truusk.store\/sv\/produkt\/truusk-upphojd-badd-i-stal-oppen-botten-enkel-montering-gra-95l-x-905w-x-298h-cm\/\" \/>\n<meta property=\"og:site_name\" content=\"TRUUSK - Hem, Tr\u00e4dg\u00e5rd &amp; Fritid\" \/>\n<meta property=\"article:modified_time\" content=\"2026-03-12T08:09:33+00:00\" \/>\n<meta property=\"og:image\" content=\"https:\/\/i0.wp.com\/truusk.se\/wp-content\/uploads\/2024\/02\/upphojd-badd-i-stal-oppen-botten-enkel-montering-95l-x-905w-x-298h-cm-gra.webp?fit=800%2C800&ssl=1\" \/>\n\t<meta property=\"og:image:width\" content=\"800\" \/>\n\t<meta property=\"og:image:height\" content=\"800\" \/>\n\t<meta property=\"og:image:type\" content=\"image\/webp\" \/>\n<meta name=\"twitter:card\" content=\"summary_large_image\" \/>\n<meta name=\"twitter:label1\" content=\"Ber\u00e4knad l\u00e4stid\" \/>\n\t<meta name=\"twitter:data1\" content=\"1 minut\" \/>\n<!-- \/ Yoast SEO plugin. -->","yoast_head_json":{"title":"TRUUSK Upph\u00f6jd B\u00e4dd i St\u00e5l - \u00d6ppen Botten - Enkel Montering - Gr\u00e5 - 95L x 90,5W x 29,8H cm - TRUUSK - Hem, Tr\u00e4dg\u00e5rd &amp; Fritid","robots":{"index":"index","follow":"follow","max-snippet":"max-snippet:-1","max-image-preview":"max-image-preview:large","max-video-preview":"max-video-preview:-1"},"canonical":"https:\/\/truusk.store\/sv\/produkt\/truusk-upphojd-badd-i-stal-oppen-botten-enkel-montering-gra-95l-x-905w-x-298h-cm\/","og_locale":"sv_SE","og_type":"article","og_title":"TRUUSK Upph\u00f6jd B\u00e4dd i St\u00e5l - \u00d6ppen Botten - Enkel Montering - Gr\u00e5 - 95L x 90,5W x 29,8H cm - TRUUSK - Hem, Tr\u00e4dg\u00e5rd &amp; Fritid","og_description":"Skapa din dr\u00f6mtr\u00e4dg\u00e5rd utan anstr\u00e4ngning v\u00e5r h\u00f6gb\u00e4dd i st\u00e5l \u00e4r det perfekta valet f\u00f6r att h\u00e5lla v\u00e4xter organiserade och skyddade....","og_url":"https:\/\/truusk.store\/sv\/produkt\/truusk-upphojd-badd-i-stal-oppen-botten-enkel-montering-gra-95l-x-905w-x-298h-cm\/","og_site_name":"TRUUSK - Hem, Tr\u00e4dg\u00e5rd &amp; Fritid","article_modified_time":"2026-03-12T08:09:33+00:00","og_image":[{"width":800,"height":800,"url":"https:\/\/i0.wp.com\/truusk.se\/wp-content\/uploads\/2024\/02\/upphojd-badd-i-stal-oppen-botten-enkel-montering-95l-x-905w-x-298h-cm-gra.webp?fit=800%2C800&ssl=1","type":"image\/webp"}],"twitter_card":"summary_large_image","twitter_misc":{"Ber\u00e4knad l\u00e4stid":"1 minut"},"schema":{"@context":"https:\/\/schema.org","@graph":[{"@type":"WebPage","@id":"https:\/\/truusk.store\/sv\/produkt\/truusk-upphojd-badd-i-stal-oppen-botten-enkel-montering-gra-95l-x-905w-x-298h-cm\/","url":"https:\/\/truusk.store\/sv\/produkt\/truusk-upphojd-badd-i-stal-oppen-botten-enkel-montering-gra-95l-x-905w-x-298h-cm\/","name":"TRUUSK Upph\u00f6jd B\u00e4dd i St\u00e5l - \u00d6ppen Botten - Enkel Montering - Gr\u00e5 - 95L x 90,5W x 29,8H cm - TRUUSK - Hem, Tr\u00e4dg\u00e5rd &amp; Fritid","isPartOf":{"@id":"https:\/\/truusk.store\/sv\/#website"},"primaryImageOfPage":{"@id":"https:\/\/truusk.store\/sv\/produkt\/truusk-upphojd-badd-i-stal-oppen-botten-enkel-montering-gra-95l-x-905w-x-298h-cm\/#primaryimage"},"image":{"@id":"https:\/\/truusk.store\/sv\/produkt\/truusk-upphojd-badd-i-stal-oppen-botten-enkel-montering-gra-95l-x-905w-x-298h-cm\/#primaryimage"},"thumbnailUrl":"https:\/\/i0.wp.com\/truusk.store\/wp-content\/uploads\/2024\/02\/upphojd-badd-i-stal-oppen-botten-enkel-montering-95l-x-905w-x-298h-cm-gra.webp?fit=800%2C800&ssl=1","datePublished":"2024-02-13T20:19:05+00:00","dateModified":"2026-03-12T08:09:33+00:00","breadcrumb":{"@id":"https:\/\/truusk.store\/sv\/produkt\/truusk-upphojd-badd-i-stal-oppen-botten-enkel-montering-gra-95l-x-905w-x-298h-cm\/#breadcrumb"},"inLanguage":"sv-SE","potentialAction":[{"@type":"ReadAction","target":["https:\/\/truusk.store\/sv\/produkt\/truusk-upphojd-badd-i-stal-oppen-botten-enkel-montering-gra-95l-x-905w-x-298h-cm\/"]}]},{"@type":"ImageObject","inLanguage":"sv-SE","@id":"https:\/\/truusk.store\/sv\/produkt\/truusk-upphojd-badd-i-stal-oppen-botten-enkel-montering-gra-95l-x-905w-x-298h-cm\/#primaryimage","url":"https:\/\/i0.wp.com\/truusk.store\/wp-content\/uploads\/2024\/02\/upphojd-badd-i-stal-oppen-botten-enkel-montering-95l-x-905w-x-298h-cm-gra.webp?fit=800%2C800&ssl=1","contentUrl":"https:\/\/i0.wp.com\/truusk.store\/wp-content\/uploads\/2024\/02\/upphojd-badd-i-stal-oppen-botten-enkel-montering-95l-x-905w-x-298h-cm-gra.webp?fit=800%2C800&ssl=1","width":800,"height":800,"caption":"Upph\u00f6jd B\u00e4dd I St\u00e5l \u00d6ppen Botten Enkel Montering 95L X 90,5W X 29,8H Cm Gr\u00e5 1"},{"@type":"BreadcrumbList","@id":"https:\/\/truusk.store\/sv\/produkt\/truusk-upphojd-badd-i-stal-oppen-botten-enkel-montering-gra-95l-x-905w-x-298h-cm\/#breadcrumb","itemListElement":[{"@type":"ListItem","position":1,"name":"Home","item":"https:\/\/truusk.store\/sv\/"},{"@type":"ListItem","position":2,"name":"Shop","item":"https:\/\/truusk.store\/shop\/"},{"@type":"ListItem","position":3,"name":"TRUUSK Upph\u00f6jd B\u00e4dd i St\u00e5l &#8211; \u00d6ppen Botten &#8211; Enkel Montering &#8211; Gr\u00e5 &#8211; 95L x 90,5W x 29,8H cm"}]},{"@type":"WebSite","@id":"https:\/\/truusk.store\/sv\/#website","url":"https:\/\/truusk.store\/sv\/","name":"TRUUSK - Hem, Tr\u00e4dg\u00e5rd & Fritid","description":"","publisher":{"@id":"https:\/\/truusk.store\/sv\/#organization"},"potentialAction":[{"@type":"SearchAction","target":{"@type":"EntryPoint","urlTemplate":"https:\/\/truusk.store\/sv\/?s={search_term_string}"},"query-input":{"@type":"PropertyValueSpecification","valueRequired":true,"valueName":"search_term_string"}}],"inLanguage":"sv-SE"},{"@type":"Organization","@id":"https:\/\/truusk.store\/sv\/#organization","name":"TRUUSK - Hem, Tr\u00e4dg\u00e5rd & Fritid","url":"https:\/\/truusk.store\/sv\/","logo":{"@type":"ImageObject","inLanguage":"sv-SE","@id":"https:\/\/truusk.store\/sv\/#\/schema\/logo\/image\/","url":"https:\/\/i0.wp.com\/truusk.store\/wp-content\/uploads\/2026\/03\/cropped-TRUUSK.png?fit=2032%2C917&ssl=1","contentUrl":"https:\/\/i0.wp.com\/truusk.store\/wp-content\/uploads\/2026\/03\/cropped-TRUUSK.png?fit=2032%2C917&ssl=1","width":2032,"height":917,"caption":"TRUUSK - Hem, Tr\u00e4dg\u00e5rd & Fritid"},"image":{"@id":"https:\/\/truusk.store\/sv\/#\/schema\/logo\/image\/"}}]}},"jetpack_sharing_enabled":true,"_links":{"self":[{"href":"https:\/\/truusk.store\/sv\/wp-json\/wp\/v2\/product\/31391","targetHints":{"allow":["GET"]}}],"collection":[{"href":"https:\/\/truusk.store\/sv\/wp-json\/wp\/v2\/product"}],"about":[{"href":"https:\/\/truusk.store\/sv\/wp-json\/wp\/v2\/types\/product"}],"wp:featuredmedia":[{"embeddable":true,"href":"https:\/\/truusk.store\/sv\/wp-json\/wp\/v2\/media\/31392"}],"wp:attachment":[{"href":"https:\/\/truusk.store\/sv\/wp-json\/wp\/v2\/media?parent=31391"}],"wp:term":[{"taxonomy":"product_brand","embeddable":true,"href":"https:\/\/truusk.store\/sv\/wp-json\/wp\/v2\/product_brand?post=31391"},{"taxonomy":"product_cat","embeddable":true,"href":"https:\/\/truusk.store\/sv\/wp-json\/wp\/v2\/product_cat?post=31391"},{"taxonomy":"product_tag","embeddable":true,"href":"https:\/\/truusk.store\/sv\/wp-json\/wp\/v2\/product_tag?post=31391"}],"curies":[{"name":"wp","href":"https:\/\/api.w.org\/{rel}","templated":true}]}}