{"id":31431,"date":"2024-02-13T21:20:21","date_gmt":"2024-02-13T20:20:21","guid":{"rendered":"https:\/\/truusk.store\/product\/blomstativ-vaxthylla-6-vaningar-fyrvanings-blomsterhylla-blomstertrappa-blomsterstege-massivt-tra-forkolnat-98-x-28-x-965-cm\/"},"modified":"2026-03-12T09:09:34","modified_gmt":"2026-03-12T08:09:34","slug":"truusk-blomstativ-vaxthylla-massivt-tra-6-vaningar-forkolnat-98-x-28-x-965-cm","status":"publish","type":"product","link":"https:\/\/truusk.store\/sv\/produkt\/truusk-blomstativ-vaxthylla-massivt-tra-6-vaningar-forkolnat-98-x-28-x-965-cm\/","title":{"rendered":"TRUUSK Blomstativ V\u00e4xthylla &#8211; Massivt Tr\u00e4 &#8211; 6 V\u00e5ningar &#8211; F\u00f6rkolnat &#8211; 98 x 28 x 96,5 cm"},"content":{"rendered":"<p>Detta v\u00e4xtst\u00e4ll i tr\u00e4 i flera niv\u00e5er \u00e4r ett bra val f\u00f6r att dekorera din tr\u00e4dg\u00e5rd. Tillverkad av massivt tr\u00e4, med karboniserad behandling f\u00f6r stabilitet och h\u00e5llbarhet. Detta unika v\u00e4xtst\u00e4ll i tr\u00e4 ger gott om utrymme f\u00f6r att visa dina krukv\u00e4xter eller blommor. Du kan anv\u00e4nda v\u00e5r blomsterhylla som en inomhushylla f\u00f6r att f\u00e5 in lite gr\u00f6nska i huset, eller anv\u00e4nda den utomhus f\u00f6r att l\u00e5ta dina vackra v\u00e4xter f\u00e5 lite frisk luft.<\/p>\n<h3>Beskrivning:<\/h3>\n<ul>\n<li>Sexniv\u00e5design ger gott om utrymme f\u00f6r att placera dina v\u00e4xter<\/li>\n<li>Olika kontrollh\u00f6jder kan anv\u00e4ndas f\u00f6r olika storlekar av krukv\u00e4xter<\/li>\n<li>Tillverkad av massivt tr\u00e4 f\u00f6r stabilitet och h\u00e5llbarhet<\/li>\n<li>Den f\u00f6rkolnade ytan \u00e4r m\u00e5lad f\u00f6r att f\u00f6rhindra insektsangrepp och m\u00f6gel<\/li>\n<li>Vertikal design, platsbesparande och praktisk<\/li>\n<li>L\u00e4mplig f\u00f6r inomhus- och utomhusbruk<\/li>\n<li>Montering kr\u00e4vs<\/li>\n<\/ul>\n<h3>Teknisk data:<\/h3>\n<ul>\n<li>Material: gran<\/li>\n<li>F\u00e4rg: F\u00f6rkolad<\/li>\n<li>\u00d6vergripande m\u00e5tt: 95L x 28W x 96,5H cm<\/li>\n<li>M\u00e5tt p\u00e5 hyllan: 38L x 25W cm (f\u00f6rsta lagret), 33L x 25W (andra lagret), 25L x 25W cm (tredje lagret), 38L x 25W cm (fj\u00e4rde lagret), 32L x 25W cm (femte lagret), 23L x 25W cm (sj\u00e4tte lagret)<\/li>\n<li>H\u00f6jd mellan hylla och golv: 4 cm (f\u00f6rsta lagret), 17 cm (andra lagret), 41 cm (tredje lagret), 45 cm (fj\u00e4rde lagret), 77 cm (femte lagret), 96 cm (sj\u00e4tte lagret)<\/li>\n<li>Lastkapacitet: 20 kg (f\u00f6rsta lagret), 20 kg (andra lagret), 20 kg (tredje lagret), 5 kg (fj\u00e4rde lagret), 5 kg (femte lagret), 10 kg (sj\u00e4tte lagret)<\/li>\n<\/ul>\n<h3>Leveransens omfattning:<\/h3>\n<ul>\n<li>1 x Blomsterst\u00e4ll<\/li>\n<li>1 x Instruktioner<\/li>\n<\/ul>\n","protected":false},"excerpt":{"rendered":"<p>Detta v\u00e4xtst\u00e4ll i tr\u00e4 i flera niv\u00e5er \u00e4r ett bra val f\u00f6r att dekorera din tr\u00e4dg\u00e5rd. Tillverkad av massivt tr\u00e4,&#8230;<\/p>\n","protected":false},"featured_media":31432,"template":"","meta":[],"product_brand":[],"product_cat":[448,435,443,734],"product_tag":[],"class_list":{"0":"post-31431","1":"product","2":"type-product","3":"status-publish","4":"has-post-thumbnail","6":"product_cat-plantera-trappor-hyllor","7":"product_cat-tradgard-och-terrass","8":"product_cat-vaxthus-tradgardsskotsel","9":"product_cat-vaxthyllor","11":"first","12":"instock","13":"sale","14":"taxable","15":"shipping-taxable","16":"purchasable","17":"product-type-simple"},"yoast_head":"<!-- This site is optimized with the Yoast SEO plugin v25.4 - https:\/\/yoast.com\/wordpress\/plugins\/seo\/ -->\n<title>TRUUSK Blomstativ V\u00e4xthylla - Massivt Tr\u00e4 - 6 V\u00e5ningar - F\u00f6rkolnat - 98 x 28 x 96,5 cm - TRUUSK - Hem, Tr\u00e4dg\u00e5rd &amp; Fritid<\/title>\n<meta name=\"robots\" content=\"index, follow, max-snippet:-1, max-image-preview:large, max-video-preview:-1\" \/>\n<link rel=\"canonical\" href=\"https:\/\/truusk.store\/sv\/produkt\/truusk-blomstativ-vaxthylla-massivt-tra-6-vaningar-forkolnat-98-x-28-x-965-cm\/\" \/>\n<meta property=\"og:locale\" content=\"sv_SE\" \/>\n<meta property=\"og:type\" content=\"article\" \/>\n<meta property=\"og:title\" content=\"TRUUSK Blomstativ V\u00e4xthylla - Massivt Tr\u00e4 - 6 V\u00e5ningar - F\u00f6rkolnat - 98 x 28 x 96,5 cm - TRUUSK - Hem, Tr\u00e4dg\u00e5rd &amp; Fritid\" \/>\n<meta property=\"og:description\" content=\"Detta v\u00e4xtst\u00e4ll i tr\u00e4 i flera niv\u00e5er \u00e4r ett bra val f\u00f6r att dekorera din tr\u00e4dg\u00e5rd. Tillverkad av massivt tr\u00e4,...\" \/>\n<meta property=\"og:url\" content=\"https:\/\/truusk.store\/sv\/produkt\/truusk-blomstativ-vaxthylla-massivt-tra-6-vaningar-forkolnat-98-x-28-x-965-cm\/\" \/>\n<meta property=\"og:site_name\" content=\"TRUUSK - Hem, Tr\u00e4dg\u00e5rd &amp; Fritid\" \/>\n<meta property=\"article:modified_time\" content=\"2026-03-12T08:09:34+00:00\" \/>\n<meta property=\"og:image\" content=\"https:\/\/i0.wp.com\/truusk.se\/wp-content\/uploads\/2024\/02\/blomstativ-vaxthylla-6-vaningar-fyrvanings-blomsterhylla-blomstertrappa-blomsterstege-massivt-tra-forkolnat-98-x-28-x-965-cm.webp?fit=800%2C800&ssl=1\" \/>\n\t<meta property=\"og:image:width\" content=\"800\" \/>\n\t<meta property=\"og:image:height\" content=\"800\" \/>\n\t<meta property=\"og:image:type\" content=\"image\/webp\" \/>\n<meta name=\"twitter:card\" content=\"summary_large_image\" \/>\n<meta name=\"twitter:label1\" content=\"Ber\u00e4knad l\u00e4stid\" \/>\n\t<meta name=\"twitter:data1\" content=\"1 minut\" \/>\n<!-- \/ Yoast SEO plugin. -->","yoast_head_json":{"title":"TRUUSK Blomstativ V\u00e4xthylla - Massivt Tr\u00e4 - 6 V\u00e5ningar - F\u00f6rkolnat - 98 x 28 x 96,5 cm - TRUUSK - Hem, Tr\u00e4dg\u00e5rd &amp; Fritid","robots":{"index":"index","follow":"follow","max-snippet":"max-snippet:-1","max-image-preview":"max-image-preview:large","max-video-preview":"max-video-preview:-1"},"canonical":"https:\/\/truusk.store\/sv\/produkt\/truusk-blomstativ-vaxthylla-massivt-tra-6-vaningar-forkolnat-98-x-28-x-965-cm\/","og_locale":"sv_SE","og_type":"article","og_title":"TRUUSK Blomstativ V\u00e4xthylla - Massivt Tr\u00e4 - 6 V\u00e5ningar - F\u00f6rkolnat - 98 x 28 x 96,5 cm - TRUUSK - Hem, Tr\u00e4dg\u00e5rd &amp; Fritid","og_description":"Detta v\u00e4xtst\u00e4ll i tr\u00e4 i flera niv\u00e5er \u00e4r ett bra val f\u00f6r att dekorera din tr\u00e4dg\u00e5rd. Tillverkad av massivt tr\u00e4,...","og_url":"https:\/\/truusk.store\/sv\/produkt\/truusk-blomstativ-vaxthylla-massivt-tra-6-vaningar-forkolnat-98-x-28-x-965-cm\/","og_site_name":"TRUUSK - Hem, Tr\u00e4dg\u00e5rd &amp; Fritid","article_modified_time":"2026-03-12T08:09:34+00:00","og_image":[{"width":800,"height":800,"url":"https:\/\/i0.wp.com\/truusk.se\/wp-content\/uploads\/2024\/02\/blomstativ-vaxthylla-6-vaningar-fyrvanings-blomsterhylla-blomstertrappa-blomsterstege-massivt-tra-forkolnat-98-x-28-x-965-cm.webp?fit=800%2C800&ssl=1","type":"image\/webp"}],"twitter_card":"summary_large_image","twitter_misc":{"Ber\u00e4knad l\u00e4stid":"1 minut"},"schema":{"@context":"https:\/\/schema.org","@graph":[{"@type":"WebPage","@id":"https:\/\/truusk.store\/sv\/produkt\/truusk-blomstativ-vaxthylla-massivt-tra-6-vaningar-forkolnat-98-x-28-x-965-cm\/","url":"https:\/\/truusk.store\/sv\/produkt\/truusk-blomstativ-vaxthylla-massivt-tra-6-vaningar-forkolnat-98-x-28-x-965-cm\/","name":"TRUUSK Blomstativ V\u00e4xthylla - Massivt Tr\u00e4 - 6 V\u00e5ningar - F\u00f6rkolnat - 98 x 28 x 96,5 cm - TRUUSK - Hem, Tr\u00e4dg\u00e5rd &amp; Fritid","isPartOf":{"@id":"https:\/\/truusk.store\/sv\/#website"},"primaryImageOfPage":{"@id":"https:\/\/truusk.store\/sv\/produkt\/truusk-blomstativ-vaxthylla-massivt-tra-6-vaningar-forkolnat-98-x-28-x-965-cm\/#primaryimage"},"image":{"@id":"https:\/\/truusk.store\/sv\/produkt\/truusk-blomstativ-vaxthylla-massivt-tra-6-vaningar-forkolnat-98-x-28-x-965-cm\/#primaryimage"},"thumbnailUrl":"https:\/\/i0.wp.com\/truusk.store\/wp-content\/uploads\/2024\/02\/blomstativ-vaxthylla-6-vaningar-fyrvanings-blomsterhylla-blomstertrappa-blomsterstege-massivt-tra-forkolnat-98-x-28-x-965-cm.webp?fit=800%2C800&ssl=1","datePublished":"2024-02-13T20:20:21+00:00","dateModified":"2026-03-12T08:09:34+00:00","breadcrumb":{"@id":"https:\/\/truusk.store\/sv\/produkt\/truusk-blomstativ-vaxthylla-massivt-tra-6-vaningar-forkolnat-98-x-28-x-965-cm\/#breadcrumb"},"inLanguage":"sv-SE","potentialAction":[{"@type":"ReadAction","target":["https:\/\/truusk.store\/sv\/produkt\/truusk-blomstativ-vaxthylla-massivt-tra-6-vaningar-forkolnat-98-x-28-x-965-cm\/"]}]},{"@type":"ImageObject","inLanguage":"sv-SE","@id":"https:\/\/truusk.store\/sv\/produkt\/truusk-blomstativ-vaxthylla-massivt-tra-6-vaningar-forkolnat-98-x-28-x-965-cm\/#primaryimage","url":"https:\/\/i0.wp.com\/truusk.store\/wp-content\/uploads\/2024\/02\/blomstativ-vaxthylla-6-vaningar-fyrvanings-blomsterhylla-blomstertrappa-blomsterstege-massivt-tra-forkolnat-98-x-28-x-965-cm.webp?fit=800%2C800&ssl=1","contentUrl":"https:\/\/i0.wp.com\/truusk.store\/wp-content\/uploads\/2024\/02\/blomstativ-vaxthylla-6-vaningar-fyrvanings-blomsterhylla-blomstertrappa-blomsterstege-massivt-tra-forkolnat-98-x-28-x-965-cm.webp?fit=800%2C800&ssl=1","width":800,"height":800,"caption":"Blomstativ V\u00e4xthylla 6 V\u00e5ningar Fyrv\u00e5nings Blomsterhylla Blomstertrappa Blomsterstege Massivt Tr\u00e4 F\u00f6rkolnat 98 X 28 X 96,5 Cm 1"},{"@type":"BreadcrumbList","@id":"https:\/\/truusk.store\/sv\/produkt\/truusk-blomstativ-vaxthylla-massivt-tra-6-vaningar-forkolnat-98-x-28-x-965-cm\/#breadcrumb","itemListElement":[{"@type":"ListItem","position":1,"name":"Home","item":"https:\/\/truusk.store\/sv\/"},{"@type":"ListItem","position":2,"name":"Shop","item":"https:\/\/truusk.store\/shop\/"},{"@type":"ListItem","position":3,"name":"TRUUSK Blomstativ V\u00e4xthylla &#8211; Massivt Tr\u00e4 &#8211; 6 V\u00e5ningar &#8211; F\u00f6rkolnat &#8211; 98 x 28 x 96,5 cm"}]},{"@type":"WebSite","@id":"https:\/\/truusk.store\/sv\/#website","url":"https:\/\/truusk.store\/sv\/","name":"TRUUSK - Hem, Tr\u00e4dg\u00e5rd & Fritid","description":"","publisher":{"@id":"https:\/\/truusk.store\/sv\/#organization"},"potentialAction":[{"@type":"SearchAction","target":{"@type":"EntryPoint","urlTemplate":"https:\/\/truusk.store\/sv\/?s={search_term_string}"},"query-input":{"@type":"PropertyValueSpecification","valueRequired":true,"valueName":"search_term_string"}}],"inLanguage":"sv-SE"},{"@type":"Organization","@id":"https:\/\/truusk.store\/sv\/#organization","name":"TRUUSK - Hem, Tr\u00e4dg\u00e5rd & Fritid","url":"https:\/\/truusk.store\/sv\/","logo":{"@type":"ImageObject","inLanguage":"sv-SE","@id":"https:\/\/truusk.store\/sv\/#\/schema\/logo\/image\/","url":"https:\/\/i0.wp.com\/truusk.store\/wp-content\/uploads\/2026\/03\/cropped-TRUUSK.png?fit=2032%2C917&ssl=1","contentUrl":"https:\/\/i0.wp.com\/truusk.store\/wp-content\/uploads\/2026\/03\/cropped-TRUUSK.png?fit=2032%2C917&ssl=1","width":2032,"height":917,"caption":"TRUUSK - Hem, Tr\u00e4dg\u00e5rd & Fritid"},"image":{"@id":"https:\/\/truusk.store\/sv\/#\/schema\/logo\/image\/"}}]}},"jetpack_sharing_enabled":true,"_links":{"self":[{"href":"https:\/\/truusk.store\/sv\/wp-json\/wp\/v2\/product\/31431","targetHints":{"allow":["GET"]}}],"collection":[{"href":"https:\/\/truusk.store\/sv\/wp-json\/wp\/v2\/product"}],"about":[{"href":"https:\/\/truusk.store\/sv\/wp-json\/wp\/v2\/types\/product"}],"wp:featuredmedia":[{"embeddable":true,"href":"https:\/\/truusk.store\/sv\/wp-json\/wp\/v2\/media\/31432"}],"wp:attachment":[{"href":"https:\/\/truusk.store\/sv\/wp-json\/wp\/v2\/media?parent=31431"}],"wp:term":[{"taxonomy":"product_brand","embeddable":true,"href":"https:\/\/truusk.store\/sv\/wp-json\/wp\/v2\/product_brand?post=31431"},{"taxonomy":"product_cat","embeddable":true,"href":"https:\/\/truusk.store\/sv\/wp-json\/wp\/v2\/product_cat?post=31431"},{"taxonomy":"product_tag","embeddable":true,"href":"https:\/\/truusk.store\/sv\/wp-json\/wp\/v2\/product_tag?post=31431"}],"curies":[{"name":"wp","href":"https:\/\/api.w.org\/{rel}","templated":true}]}}